{"id":23919,"date":"2024-07-23T10:50:15","date_gmt":"2024-07-23T07:50:15","guid":{"rendered":"https:\/\/www.athenaroyal-cbh.com\/elixir-spa\/"},"modified":"2025-03-10T15:58:49","modified_gmt":"2025-03-10T12:58:49","slug":"elixir-spa","status":"publish","type":"page","link":"https:\/\/www.athenaroyal-cbh.com\/pl\/elixir-spa\/","title":{"rendered":"Elixir Spa"},"content":{"rendered":"<p style=\"text-align: center;\"><img loading=\"lazy\" decoding=\"async\" class=\"wp-image-1115 aligncenter\" src=\"http:\/\/cbh-athenabeach.cms4.nelios.com\/wp-content\/uploads\/sites\/20\/2019\/08\/elixir-spa-300x300.jpg\" alt=\"\" width=\"250\" height=\"125\" srcset=\"https:\/\/www.athenaroyal-cbh.com\/app\/uploads\/sites\/32\/2019\/08\/elixir-spa-600x300.jpg 600w, https:\/\/www.athenaroyal-cbh.com\/app\/uploads\/sites\/32\/2019\/08\/elixir-spa-768x384.jpg 768w, https:\/\/www.athenaroyal-cbh.com\/app\/uploads\/sites\/32\/2019\/08\/elixir-spa.jpg 1181w\" sizes=\"auto, (max-width: 250px) 100vw, 250px\" \/><\/p>\n<p>&nbsp;<\/p>\n<p style=\"text-align: left;\">Mog\u0105 Pa\u0144stwo cieszy\u0107 si\u0119 chwilami wypoczynku i relaksu nad morzem lub uda\u0107 si\u0119 do w pe\u0142ni wyposa\u017conego spa Elixir.<\/p>\n<p style=\"text-align: left;\">Poczucie r\u00f3wnowagi i spokoju, relaks i inspiracja, wszystko to \u0142\u0105czy si\u0119 w Elixir Spa.<\/p>\n<p style=\"text-align: left;\">W wyj\u0105tkowym otoczeniu naszych hoteli nasi go\u015bcie maj\u0105 mo\u017cliwo\u015b\u0107 wyboru spo\u015br\u00f3d szerokiej gamy zabieg\u00f3w spa.<\/p>\n<p style=\"text-align: left;\">Poczuj czyst\u0105 b\u0142ogo\u015b\u0107 i spok\u00f3j w sanktuarium, w kt\u00f3rym mo\u017cesz si\u0119 zrelaksowa\u0107, odpr\u0119\u017cy\u0107, na\u0142adowa\u0107 i odm\u0142odzi\u0107.<\/p>\n<h4 style=\"text-align: left;\">Wyposa\u017cenie i udogodnienia<\/h4>\n<ul style=\"text-align: left;\">\n<li>Masa\u017ce relaksacyjne i terapeutyczne<\/li>\n<li>Zabiegi dla par<\/li>\n<li>Zabiegi na cia\u0142o<\/li>\n<li>Aromaterapia<\/li>\n<li>Talasoterapia<\/li>\n<li>Masa\u017ce sportowe<\/li>\n<li>Zabiegi sygnowane przez Elixir Spa<\/li>\n<li>Apartamenty dla par Elixir<\/li>\n<li>\u0141a\u017ania parowa (bezp\u0142atna w zale\u017cno\u015bci od dost\u0119pno\u015bci)<\/li>\n<li>2 sauny (bezp\u0142atne w zale\u017cno\u015bci od dost\u0119pno\u015bci) (w tym jedna dla nudyst\u00f3w)<\/li>\n<li>Strefa relaksu<\/li>\n<li>Pakiety dla par<\/li>\n<li>Pakiety \u015blubne<\/li>\n<li>Pakiety dla nowo\u017ce\u0144c\u00f3w<\/li>\n<li>Pakiety Spa<\/li>\n<li>Dzia\u0142ania Wellness<\/li>\n<li>Zabiegi spa<\/li>\n<li>Salon fryzjerski unisex<\/li>\n<li>Si\u0142ownia ze sprz\u0119tem do treningu cardio i si\u0142owego<\/li>\n<\/ul>\n<p style=\"text-align: left;\">\n","protected":false},"excerpt":{"rendered":"<p>&nbsp; Mog\u0105 Pa\u0144stwo cieszy\u0107 si\u0119 chwilami wypoczynku i relaksu nad morzem lub uda\u0107 si\u0119 do w pe\u0142ni wyposa\u017conego spa Elixir. Poczucie r\u00f3wnowagi i spokoju, relaks i inspiracja, wszystko to \u0142\u0105czy si\u0119 w Elixir Spa. W wyj\u0105tkowym otoczeniu naszych hoteli nasi go\u015bcie maj\u0105 mo\u017cliwo\u015b\u0107 wyboru spo\u015br\u00f3d szerokiej gamy zabieg\u00f3w spa. Poczuj czyst\u0105 b\u0142ogo\u015b\u0107 i spok\u00f3j w<\/p>\n","protected":false},"author":1,"featured_media":26131,"parent":0,"menu_order":0,"comment_status":"closed","ping_status":"closed","template":"","meta":{"_acf_changed":false,"footnotes":""},"class_list":["post-23919","page","type-page","status-publish","has-post-thumbnail","hentry"],"acf":[],"yoast_head":"<!-- This site is optimized with the Yoast SEO plugin v27.5 - https:\/\/yoast.com\/product\/yoast-seo-wordpress\/ -->\n<title>Luksusowe wellness w naszym hotelu spa w Pafos || Athena Royal Hotel<\/title>\n<meta name=\"description\" content=\"Poddaj si\u0119 uzdrawiaj\u0105cym d\u0142oniom naszych terapeut\u00f3w i ciesz si\u0119 dobrym samopoczuciem dzi\u0119ki serii relaksuj\u0105cych i rewitalizuj\u0105cych sesji w naszym luksusowym hotelu spa w Pafos.\" \/>\n<meta name=\"robots\" content=\"index, follow, max-snippet:-1, max-image-preview:large, max-video-preview:-1\" \/>\n<link rel=\"canonical\" href=\"https:\/\/www.athenaroyal-cbh.com\/pl\/elixir-spa\/\" \/>\n<meta property=\"og:locale\" content=\"pl_PL\" \/>\n<meta property=\"og:type\" content=\"article\" \/>\n<meta property=\"og:title\" content=\"Luksusowe wellness w naszym hotelu spa w Pafos || Athena Royal Hotel\" \/>\n<meta property=\"og:description\" content=\"Poddaj si\u0119 uzdrawiaj\u0105cym d\u0142oniom naszych terapeut\u00f3w i ciesz si\u0119 dobrym samopoczuciem dzi\u0119ki serii relaksuj\u0105cych i rewitalizuj\u0105cych sesji w naszym luksusowym hotelu spa w Pafos.\" \/>\n<meta property=\"og:url\" content=\"https:\/\/www.athenaroyal-cbh.com\/pl\/elixir-spa\/\" \/>\n<meta property=\"og:site_name\" content=\"\u0391thena Royal Beach Hotel\" \/>\n<meta property=\"article:modified_time\" content=\"2025-03-10T12:58:49+00:00\" \/>\n<meta property=\"og:image\" content=\"https:\/\/www.athenaroyal-cbh.com\/app\/uploads\/sites\/32\/2020\/09\/43-ATHENA-ROYAL-BEACH-HOTEL-ELIXIR-SPA-1.jpg\" \/>\n\t<meta property=\"og:image:width\" content=\"1200\" \/>\n\t<meta property=\"og:image:height\" content=\"800\" \/>\n\t<meta property=\"og:image:type\" content=\"image\/jpeg\" \/>\n<meta name=\"twitter:card\" content=\"summary_large_image\" \/>\n<meta name=\"twitter:label1\" content=\"Est. reading time\" \/>\n\t<meta name=\"twitter:data1\" content=\"1 minute\" \/>\n<script type=\"application\/ld+json\" class=\"yoast-schema-graph\">{\"@context\":\"https:\\\/\\\/schema.org\",\"@graph\":[{\"@type\":\"WebPage\",\"@id\":\"https:\\\/\\\/www.athenaroyal-cbh.com\\\/pl\\\/elixir-spa\\\/\",\"url\":\"https:\\\/\\\/www.athenaroyal-cbh.com\\\/pl\\\/elixir-spa\\\/\",\"name\":\"Luksusowe wellness w naszym hotelu spa w Pafos || Athena Royal Hotel\",\"isPartOf\":{\"@id\":\"https:\\\/\\\/www.athenaroyal-cbh.com\\\/pl\\\/#website\"},\"primaryImageOfPage\":{\"@id\":\"https:\\\/\\\/www.athenaroyal-cbh.com\\\/pl\\\/elixir-spa\\\/#primaryimage\"},\"image\":{\"@id\":\"https:\\\/\\\/www.athenaroyal-cbh.com\\\/pl\\\/elixir-spa\\\/#primaryimage\"},\"thumbnailUrl\":\"https:\\\/\\\/www.athenaroyal-cbh.com\\\/app\\\/uploads\\\/sites\\\/32\\\/2020\\\/09\\\/47-ATHENA-ROYAL-BEACH-HOTEL-INDOOR-HEATED-POOL-1.jpg\",\"datePublished\":\"2024-07-23T07:50:15+00:00\",\"dateModified\":\"2025-03-10T12:58:49+00:00\",\"description\":\"Poddaj si\u0119 uzdrawiaj\u0105cym d\u0142oniom naszych terapeut\u00f3w i ciesz si\u0119 dobrym samopoczuciem dzi\u0119ki serii relaksuj\u0105cych i rewitalizuj\u0105cych sesji w naszym luksusowym hotelu spa w Pafos.\",\"breadcrumb\":{\"@id\":\"https:\\\/\\\/www.athenaroyal-cbh.com\\\/pl\\\/elixir-spa\\\/#breadcrumb\"},\"inLanguage\":\"pl-PL\",\"potentialAction\":[{\"@type\":\"ReadAction\",\"target\":[\"https:\\\/\\\/www.athenaroyal-cbh.com\\\/pl\\\/elixir-spa\\\/\"]}]},{\"@type\":\"ImageObject\",\"inLanguage\":\"pl-PL\",\"@id\":\"https:\\\/\\\/www.athenaroyal-cbh.com\\\/pl\\\/elixir-spa\\\/#primaryimage\",\"url\":\"https:\\\/\\\/www.athenaroyal-cbh.com\\\/app\\\/uploads\\\/sites\\\/32\\\/2020\\\/09\\\/47-ATHENA-ROYAL-BEACH-HOTEL-INDOOR-HEATED-POOL-1.jpg\",\"contentUrl\":\"https:\\\/\\\/www.athenaroyal-cbh.com\\\/app\\\/uploads\\\/sites\\\/32\\\/2020\\\/09\\\/47-ATHENA-ROYAL-BEACH-HOTEL-INDOOR-HEATED-POOL-1.jpg\",\"width\":1200,\"height\":807,\"caption\":\"R 51\"},{\"@type\":\"BreadcrumbList\",\"@id\":\"https:\\\/\\\/www.athenaroyal-cbh.com\\\/pl\\\/elixir-spa\\\/#breadcrumb\",\"itemListElement\":[{\"@type\":\"ListItem\",\"position\":1,\"name\":\"Home\",\"item\":\"https:\\\/\\\/www.athenaroyal-cbh.com\\\/pl\\\/\"},{\"@type\":\"ListItem\",\"position\":2,\"name\":\"Elixir Spa\"}]},{\"@type\":\"WebSite\",\"@id\":\"https:\\\/\\\/www.athenaroyal-cbh.com\\\/pl\\\/#website\",\"url\":\"https:\\\/\\\/www.athenaroyal-cbh.com\\\/pl\\\/\",\"name\":\"\u0391thena Royal Beach Hotel\",\"description\":\"Constantinou Bros Athena Royal Hotel, 4 star hotel in Paphos Cyprus\",\"potentialAction\":[{\"@type\":\"SearchAction\",\"target\":{\"@type\":\"EntryPoint\",\"urlTemplate\":\"https:\\\/\\\/www.athenaroyal-cbh.com\\\/pl\\\/?s={search_term_string}\"},\"query-input\":{\"@type\":\"PropertyValueSpecification\",\"valueRequired\":true,\"valueName\":\"search_term_string\"}}],\"inLanguage\":\"pl-PL\"}]}<\/script>\n<!-- \/ Yoast SEO plugin. -->","yoast_head_json":{"title":"Luksusowe wellness w naszym hotelu spa w Pafos || Athena Royal Hotel","description":"Poddaj si\u0119 uzdrawiaj\u0105cym d\u0142oniom naszych terapeut\u00f3w i ciesz si\u0119 dobrym samopoczuciem dzi\u0119ki serii relaksuj\u0105cych i rewitalizuj\u0105cych sesji w naszym luksusowym hotelu spa w Pafos.","robots":{"index":"index","follow":"follow","max-snippet":"max-snippet:-1","max-image-preview":"max-image-preview:large","max-video-preview":"max-video-preview:-1"},"canonical":"https:\/\/www.athenaroyal-cbh.com\/pl\/elixir-spa\/","og_locale":"pl_PL","og_type":"article","og_title":"Luksusowe wellness w naszym hotelu spa w Pafos || Athena Royal Hotel","og_description":"Poddaj si\u0119 uzdrawiaj\u0105cym d\u0142oniom naszych terapeut\u00f3w i ciesz si\u0119 dobrym samopoczuciem dzi\u0119ki serii relaksuj\u0105cych i rewitalizuj\u0105cych sesji w naszym luksusowym hotelu spa w Pafos.","og_url":"https:\/\/www.athenaroyal-cbh.com\/pl\/elixir-spa\/","og_site_name":"\u0391thena Royal Beach Hotel","article_modified_time":"2025-03-10T12:58:49+00:00","og_image":[{"width":1200,"height":800,"url":"https:\/\/www.athenaroyal-cbh.com\/app\/uploads\/sites\/32\/2020\/09\/43-ATHENA-ROYAL-BEACH-HOTEL-ELIXIR-SPA-1.jpg","type":"image\/jpeg"}],"twitter_card":"summary_large_image","twitter_misc":{"Est. reading time":"1 minute"},"schema":{"@context":"https:\/\/schema.org","@graph":[{"@type":"WebPage","@id":"https:\/\/www.athenaroyal-cbh.com\/pl\/elixir-spa\/","url":"https:\/\/www.athenaroyal-cbh.com\/pl\/elixir-spa\/","name":"Luksusowe wellness w naszym hotelu spa w Pafos || Athena Royal Hotel","isPartOf":{"@id":"https:\/\/www.athenaroyal-cbh.com\/pl\/#website"},"primaryImageOfPage":{"@id":"https:\/\/www.athenaroyal-cbh.com\/pl\/elixir-spa\/#primaryimage"},"image":{"@id":"https:\/\/www.athenaroyal-cbh.com\/pl\/elixir-spa\/#primaryimage"},"thumbnailUrl":"https:\/\/www.athenaroyal-cbh.com\/app\/uploads\/sites\/32\/2020\/09\/47-ATHENA-ROYAL-BEACH-HOTEL-INDOOR-HEATED-POOL-1.jpg","datePublished":"2024-07-23T07:50:15+00:00","dateModified":"2025-03-10T12:58:49+00:00","description":"Poddaj si\u0119 uzdrawiaj\u0105cym d\u0142oniom naszych terapeut\u00f3w i ciesz si\u0119 dobrym samopoczuciem dzi\u0119ki serii relaksuj\u0105cych i rewitalizuj\u0105cych sesji w naszym luksusowym hotelu spa w Pafos.","breadcrumb":{"@id":"https:\/\/www.athenaroyal-cbh.com\/pl\/elixir-spa\/#breadcrumb"},"inLanguage":"pl-PL","potentialAction":[{"@type":"ReadAction","target":["https:\/\/www.athenaroyal-cbh.com\/pl\/elixir-spa\/"]}]},{"@type":"ImageObject","inLanguage":"pl-PL","@id":"https:\/\/www.athenaroyal-cbh.com\/pl\/elixir-spa\/#primaryimage","url":"https:\/\/www.athenaroyal-cbh.com\/app\/uploads\/sites\/32\/2020\/09\/47-ATHENA-ROYAL-BEACH-HOTEL-INDOOR-HEATED-POOL-1.jpg","contentUrl":"https:\/\/www.athenaroyal-cbh.com\/app\/uploads\/sites\/32\/2020\/09\/47-ATHENA-ROYAL-BEACH-HOTEL-INDOOR-HEATED-POOL-1.jpg","width":1200,"height":807,"caption":"R 51"},{"@type":"BreadcrumbList","@id":"https:\/\/www.athenaroyal-cbh.com\/pl\/elixir-spa\/#breadcrumb","itemListElement":[{"@type":"ListItem","position":1,"name":"Home","item":"https:\/\/www.athenaroyal-cbh.com\/pl\/"},{"@type":"ListItem","position":2,"name":"Elixir Spa"}]},{"@type":"WebSite","@id":"https:\/\/www.athenaroyal-cbh.com\/pl\/#website","url":"https:\/\/www.athenaroyal-cbh.com\/pl\/","name":"\u0391thena Royal Beach Hotel","description":"Constantinou Bros Athena Royal Hotel, 4 star hotel in Paphos Cyprus","potentialAction":[{"@type":"SearchAction","target":{"@type":"EntryPoint","urlTemplate":"https:\/\/www.athenaroyal-cbh.com\/pl\/?s={search_term_string}"},"query-input":{"@type":"PropertyValueSpecification","valueRequired":true,"valueName":"search_term_string"}}],"inLanguage":"pl-PL"}]}},"_links":{"self":[{"href":"https:\/\/www.athenaroyal-cbh.com\/pl\/wp-json\/wp\/v2\/pages\/23919","targetHints":{"allow":["GET"]}}],"collection":[{"href":"https:\/\/www.athenaroyal-cbh.com\/pl\/wp-json\/wp\/v2\/pages"}],"about":[{"href":"https:\/\/www.athenaroyal-cbh.com\/pl\/wp-json\/wp\/v2\/types\/page"}],"author":[{"embeddable":true,"href":"https:\/\/www.athenaroyal-cbh.com\/pl\/wp-json\/wp\/v2\/users\/1"}],"replies":[{"embeddable":true,"href":"https:\/\/www.athenaroyal-cbh.com\/pl\/wp-json\/wp\/v2\/comments?post=23919"}],"version-history":[{"count":2,"href":"https:\/\/www.athenaroyal-cbh.com\/pl\/wp-json\/wp\/v2\/pages\/23919\/revisions"}],"predecessor-version":[{"id":26510,"href":"https:\/\/www.athenaroyal-cbh.com\/pl\/wp-json\/wp\/v2\/pages\/23919\/revisions\/26510"}],"wp:featuredmedia":[{"embeddable":true,"href":"https:\/\/www.athenaroyal-cbh.com\/pl\/wp-json\/wp\/v2\/media\/26131"}],"wp:attachment":[{"href":"https:\/\/www.athenaroyal-cbh.com\/pl\/wp-json\/wp\/v2\/media?parent=23919"}],"curies":[{"name":"wp","href":"https:\/\/api.w.org\/{rel}","templated":true}]}}