{"id":23914,"date":"2024-07-23T10:49:46","date_gmt":"2024-07-23T07:49:46","guid":{"rendered":"https:\/\/www.athenaroyal-cbh.com\/welcome-to-athena-royal-beach-hotel\/"},"modified":"2025-05-16T12:55:43","modified_gmt":"2025-05-16T09:55:43","slug":"welcome-to-athena-royal-beach-hotel","status":"publish","type":"page","link":"https:\/\/www.athenaroyal-cbh.com\/pl\/","title":{"rendered":"Luksusowe miejsce nad wod\u0105"},"content":{"rendered":"<p>Prosz\u0119 cieszy\u0107 si\u0119 bezkonkurencyjn\u0105 klas\u0105 us\u0142ug.<br \/>\nHotel Constantinou Bros Athena Royal Beach sk\u0142ada si\u0119 z 208 pi\u0119knie urz\u0105dzonych pokoi go\u015bcinnych zaprojektowanych z my\u015bl\u0105 o Pa\u0144stwa indywidualnych potrzebach i oferuj\u0105cych majestatyczny widok na morze lub nasze kolorowe prywatne ogrody.<\/p>\n<p style=\"text-align: center;\"><a href=\"https:\/\/www.athenaroyal-cbh.com\/pl\/hotel\/\">Czytaj wi\u0119cej<\/a><\/p>\n","protected":false},"excerpt":{"rendered":"<p>Prosz\u0119 cieszy\u0107 si\u0119 bezkonkurencyjn\u0105 klas\u0105 us\u0142ug. Hotel Constantinou Bros Athena Royal Beach sk\u0142ada si\u0119 z 208 pi\u0119knie urz\u0105dzonych pokoi go\u015bcinnych zaprojektowanych z my\u015bl\u0105 o Pa\u0144stwa indywidualnych potrzebach i oferuj\u0105cych majestatyczny widok na morze lub nasze kolorowe prywatne ogrody. Czytaj wi\u0119cej<\/p>\n","protected":false},"author":2,"featured_media":25368,"parent":0,"menu_order":0,"comment_status":"closed","ping_status":"closed","template":"","meta":{"_acf_changed":false,"footnotes":""},"class_list":["post-23914","page","type-page","status-publish","has-post-thumbnail","hentry"],"acf":[],"yoast_head":"<!-- This site is optimized with the Yoast SEO plugin v27.4 - https:\/\/yoast.com\/product\/yoast-seo-wordpress\/ -->\n<title>Luksusowy hotel przy pla\u017cy w Pafos | Athena Royal Beach Hotel<\/title>\n<meta name=\"description\" content=\"Hotel Athena Royal Beach nale\u017c\u0105cy do Constantinou Bros Hotels, po\u0142o\u017cony przy pla\u017cy i przeznaczony wy\u0142\u0105cznie dla doros\u0142ych, to luksusowy hotel w Pafos na Cyprze, w kt\u00f3rym sp\u0119dz\u0105 Pa\u0144stwo niezapomniane wakacje.\" \/>\n<meta name=\"robots\" content=\"index, follow, max-snippet:-1, max-image-preview:large, max-video-preview:-1\" \/>\n<link rel=\"canonical\" href=\"https:\/\/www.athenaroyal-cbh.com\/pl\/\" \/>\n<meta property=\"og:locale\" content=\"pl_PL\" \/>\n<meta property=\"og:type\" content=\"article\" \/>\n<meta property=\"og:title\" content=\"Luksusowy hotel przy pla\u017cy w Pafos | Athena Royal Beach Hotel\" \/>\n<meta property=\"og:description\" content=\"Hotel Athena Royal Beach nale\u017c\u0105cy do Constantinou Bros Hotels, po\u0142o\u017cony przy pla\u017cy i przeznaczony wy\u0142\u0105cznie dla doros\u0142ych, to luksusowy hotel w Pafos na Cyprze, w kt\u00f3rym sp\u0119dz\u0105 Pa\u0144stwo niezapomniane wakacje.\" \/>\n<meta property=\"og:url\" content=\"https:\/\/www.athenaroyal-cbh.com\/pl\/\" \/>\n<meta property=\"og:site_name\" content=\"\u0391thena Royal Beach Hotel\" \/>\n<meta property=\"article:modified_time\" content=\"2025-05-16T09:55:43+00:00\" \/>\n<meta property=\"og:image\" content=\"https:\/\/www.athenaroyal-cbh.com\/app\/uploads\/sites\/32\/2019\/05\/athena-royal-beach-hotel-cabanas0_resized.jpg\" \/>\n\t<meta property=\"og:image:width\" content=\"1920\" \/>\n\t<meta property=\"og:image:height\" content=\"1277\" \/>\n\t<meta property=\"og:image:type\" content=\"image\/jpeg\" \/>\n<meta name=\"twitter:card\" content=\"summary_large_image\" \/>\n<meta name=\"twitter:label1\" content=\"Est. reading time\" \/>\n\t<meta name=\"twitter:data1\" content=\"1 minute\" \/>\n<script type=\"application\/ld+json\" class=\"yoast-schema-graph\">{\"@context\":\"https:\\\/\\\/schema.org\",\"@graph\":[{\"@type\":\"WebPage\",\"@id\":\"https:\\\/\\\/www.athenaroyal-cbh.com\\\/pl\\\/\",\"url\":\"https:\\\/\\\/www.athenaroyal-cbh.com\\\/pl\\\/\",\"name\":\"Luksusowy hotel przy pla\u017cy w Pafos | Athena Royal Beach Hotel\",\"isPartOf\":{\"@id\":\"https:\\\/\\\/www.athenaroyal-cbh.com\\\/pl\\\/#website\"},\"primaryImageOfPage\":{\"@id\":\"https:\\\/\\\/www.athenaroyal-cbh.com\\\/pl\\\/#primaryimage\"},\"image\":{\"@id\":\"https:\\\/\\\/www.athenaroyal-cbh.com\\\/pl\\\/#primaryimage\"},\"thumbnailUrl\":\"https:\\\/\\\/www.athenaroyal-cbh.com\\\/app\\\/uploads\\\/sites\\\/32\\\/2019\\\/05\\\/athena-royal-beach-hotel-cabanas0_resized.jpg\",\"datePublished\":\"2024-07-23T07:49:46+00:00\",\"dateModified\":\"2025-05-16T09:55:43+00:00\",\"description\":\"Hotel Athena Royal Beach nale\u017c\u0105cy do Constantinou Bros Hotels, po\u0142o\u017cony przy pla\u017cy i przeznaczony wy\u0142\u0105cznie dla doros\u0142ych, to luksusowy hotel w Pafos na Cyprze, w kt\u00f3rym sp\u0119dz\u0105 Pa\u0144stwo niezapomniane wakacje.\",\"breadcrumb\":{\"@id\":\"https:\\\/\\\/www.athenaroyal-cbh.com\\\/pl\\\/#breadcrumb\"},\"inLanguage\":\"pl-PL\",\"potentialAction\":[{\"@type\":\"ReadAction\",\"target\":[\"https:\\\/\\\/www.athenaroyal-cbh.com\\\/pl\\\/\"]}]},{\"@type\":\"ImageObject\",\"inLanguage\":\"pl-PL\",\"@id\":\"https:\\\/\\\/www.athenaroyal-cbh.com\\\/pl\\\/#primaryimage\",\"url\":\"https:\\\/\\\/www.athenaroyal-cbh.com\\\/app\\\/uploads\\\/sites\\\/32\\\/2019\\\/05\\\/athena-royal-beach-hotel-cabanas0_resized.jpg\",\"contentUrl\":\"https:\\\/\\\/www.athenaroyal-cbh.com\\\/app\\\/uploads\\\/sites\\\/32\\\/2019\\\/05\\\/athena-royal-beach-hotel-cabanas0_resized.jpg\",\"width\":1920,\"height\":1277},{\"@type\":\"BreadcrumbList\",\"@id\":\"https:\\\/\\\/www.athenaroyal-cbh.com\\\/pl\\\/#breadcrumb\",\"itemListElement\":[{\"@type\":\"ListItem\",\"position\":1,\"name\":\"Home\",\"item\":\"https:\\\/\\\/www.athenaroyal-cbh.com\\\/pl\\\/\"},{\"@type\":\"ListItem\",\"position\":2,\"name\":\"Luksusowe miejsce nad wod\u0105\"}]},{\"@type\":\"WebSite\",\"@id\":\"https:\\\/\\\/www.athenaroyal-cbh.com\\\/pl\\\/#website\",\"url\":\"https:\\\/\\\/www.athenaroyal-cbh.com\\\/pl\\\/\",\"name\":\"\u0391thena Royal Beach Hotel\",\"description\":\"Constantinou Bros Athena Royal Hotel, 4 star hotel in Paphos Cyprus\",\"potentialAction\":[{\"@type\":\"SearchAction\",\"target\":{\"@type\":\"EntryPoint\",\"urlTemplate\":\"https:\\\/\\\/www.athenaroyal-cbh.com\\\/pl\\\/?s={search_term_string}\"},\"query-input\":{\"@type\":\"PropertyValueSpecification\",\"valueRequired\":true,\"valueName\":\"search_term_string\"}}],\"inLanguage\":\"pl-PL\"}]}<\/script>\n<!-- \/ Yoast SEO plugin. -->","yoast_head_json":{"title":"Luksusowy hotel przy pla\u017cy w Pafos | Athena Royal Beach Hotel","description":"Hotel Athena Royal Beach nale\u017c\u0105cy do Constantinou Bros Hotels, po\u0142o\u017cony przy pla\u017cy i przeznaczony wy\u0142\u0105cznie dla doros\u0142ych, to luksusowy hotel w Pafos na Cyprze, w kt\u00f3rym sp\u0119dz\u0105 Pa\u0144stwo niezapomniane wakacje.","robots":{"index":"index","follow":"follow","max-snippet":"max-snippet:-1","max-image-preview":"max-image-preview:large","max-video-preview":"max-video-preview:-1"},"canonical":"https:\/\/www.athenaroyal-cbh.com\/pl\/","og_locale":"pl_PL","og_type":"article","og_title":"Luksusowy hotel przy pla\u017cy w Pafos | Athena Royal Beach Hotel","og_description":"Hotel Athena Royal Beach nale\u017c\u0105cy do Constantinou Bros Hotels, po\u0142o\u017cony przy pla\u017cy i przeznaczony wy\u0142\u0105cznie dla doros\u0142ych, to luksusowy hotel w Pafos na Cyprze, w kt\u00f3rym sp\u0119dz\u0105 Pa\u0144stwo niezapomniane wakacje.","og_url":"https:\/\/www.athenaroyal-cbh.com\/pl\/","og_site_name":"\u0391thena Royal Beach Hotel","article_modified_time":"2025-05-16T09:55:43+00:00","og_image":[{"width":1920,"height":1277,"url":"https:\/\/www.athenaroyal-cbh.com\/app\/uploads\/sites\/32\/2019\/05\/athena-royal-beach-hotel-cabanas0_resized.jpg","type":"image\/jpeg"}],"twitter_card":"summary_large_image","twitter_misc":{"Est. reading time":"1 minute"},"schema":{"@context":"https:\/\/schema.org","@graph":[{"@type":"WebPage","@id":"https:\/\/www.athenaroyal-cbh.com\/pl\/","url":"https:\/\/www.athenaroyal-cbh.com\/pl\/","name":"Luksusowy hotel przy pla\u017cy w Pafos | Athena Royal Beach Hotel","isPartOf":{"@id":"https:\/\/www.athenaroyal-cbh.com\/pl\/#website"},"primaryImageOfPage":{"@id":"https:\/\/www.athenaroyal-cbh.com\/pl\/#primaryimage"},"image":{"@id":"https:\/\/www.athenaroyal-cbh.com\/pl\/#primaryimage"},"thumbnailUrl":"https:\/\/www.athenaroyal-cbh.com\/app\/uploads\/sites\/32\/2019\/05\/athena-royal-beach-hotel-cabanas0_resized.jpg","datePublished":"2024-07-23T07:49:46+00:00","dateModified":"2025-05-16T09:55:43+00:00","description":"Hotel Athena Royal Beach nale\u017c\u0105cy do Constantinou Bros Hotels, po\u0142o\u017cony przy pla\u017cy i przeznaczony wy\u0142\u0105cznie dla doros\u0142ych, to luksusowy hotel w Pafos na Cyprze, w kt\u00f3rym sp\u0119dz\u0105 Pa\u0144stwo niezapomniane wakacje.","breadcrumb":{"@id":"https:\/\/www.athenaroyal-cbh.com\/pl\/#breadcrumb"},"inLanguage":"pl-PL","potentialAction":[{"@type":"ReadAction","target":["https:\/\/www.athenaroyal-cbh.com\/pl\/"]}]},{"@type":"ImageObject","inLanguage":"pl-PL","@id":"https:\/\/www.athenaroyal-cbh.com\/pl\/#primaryimage","url":"https:\/\/www.athenaroyal-cbh.com\/app\/uploads\/sites\/32\/2019\/05\/athena-royal-beach-hotel-cabanas0_resized.jpg","contentUrl":"https:\/\/www.athenaroyal-cbh.com\/app\/uploads\/sites\/32\/2019\/05\/athena-royal-beach-hotel-cabanas0_resized.jpg","width":1920,"height":1277},{"@type":"BreadcrumbList","@id":"https:\/\/www.athenaroyal-cbh.com\/pl\/#breadcrumb","itemListElement":[{"@type":"ListItem","position":1,"name":"Home","item":"https:\/\/www.athenaroyal-cbh.com\/pl\/"},{"@type":"ListItem","position":2,"name":"Luksusowe miejsce nad wod\u0105"}]},{"@type":"WebSite","@id":"https:\/\/www.athenaroyal-cbh.com\/pl\/#website","url":"https:\/\/www.athenaroyal-cbh.com\/pl\/","name":"\u0391thena Royal Beach Hotel","description":"Constantinou Bros Athena Royal Hotel, 4 star hotel in Paphos Cyprus","potentialAction":[{"@type":"SearchAction","target":{"@type":"EntryPoint","urlTemplate":"https:\/\/www.athenaroyal-cbh.com\/pl\/?s={search_term_string}"},"query-input":{"@type":"PropertyValueSpecification","valueRequired":true,"valueName":"search_term_string"}}],"inLanguage":"pl-PL"}]}},"_links":{"self":[{"href":"https:\/\/www.athenaroyal-cbh.com\/pl\/wp-json\/wp\/v2\/pages\/23914","targetHints":{"allow":["GET"]}}],"collection":[{"href":"https:\/\/www.athenaroyal-cbh.com\/pl\/wp-json\/wp\/v2\/pages"}],"about":[{"href":"https:\/\/www.athenaroyal-cbh.com\/pl\/wp-json\/wp\/v2\/types\/page"}],"author":[{"embeddable":true,"href":"https:\/\/www.athenaroyal-cbh.com\/pl\/wp-json\/wp\/v2\/users\/2"}],"replies":[{"embeddable":true,"href":"https:\/\/www.athenaroyal-cbh.com\/pl\/wp-json\/wp\/v2\/comments?post=23914"}],"version-history":[{"count":10,"href":"https:\/\/www.athenaroyal-cbh.com\/pl\/wp-json\/wp\/v2\/pages\/23914\/revisions"}],"predecessor-version":[{"id":26594,"href":"https:\/\/www.athenaroyal-cbh.com\/pl\/wp-json\/wp\/v2\/pages\/23914\/revisions\/26594"}],"wp:featuredmedia":[{"embeddable":true,"href":"https:\/\/www.athenaroyal-cbh.com\/pl\/wp-json\/wp\/v2\/media\/25368"}],"wp:attachment":[{"href":"https:\/\/www.athenaroyal-cbh.com\/pl\/wp-json\/wp\/v2\/media?parent=23914"}],"curies":[{"name":"wp","href":"https:\/\/api.w.org\/{rel}","templated":true}]}}