{"id":23909,"date":"2024-07-23T10:49:29","date_gmt":"2024-07-23T07:49:29","guid":{"rendered":"https:\/\/www.athenaroyal-cbh.com\/oferty-specjalne\/"},"modified":"2026-03-17T16:55:28","modified_gmt":"2026-03-17T13:55:28","slug":"oferty-specjalne","status":"publish","type":"page","link":"https:\/\/www.athenaroyal-cbh.com\/pl\/oferty-specjalne\/","title":{"rendered":"Oferty specjalne"},"content":{"rendered":"<h4>Prosz\u0119 skorzysta\u0107 z naszych ofert specjalnych<\/h4>\n","protected":false},"excerpt":{"rendered":"<p>Prosz\u0119 skorzysta\u0107 z naszych ofert specjalnych<\/p>\n","protected":false},"author":2,"featured_media":25366,"parent":0,"menu_order":0,"comment_status":"closed","ping_status":"closed","template":"page-templates\/simple-list.php","meta":{"_acf_changed":false,"footnotes":""},"class_list":["post-23909","page","type-page","status-publish","has-post-thumbnail","hentry"],"acf":[],"yoast_head":"<!-- This site is optimized with the Yoast SEO plugin v27.4 - https:\/\/yoast.com\/product\/yoast-seo-wordpress\/ -->\n<title>Luksusowe hotele Pafos Cypr oferty specjalne || Athena Royal Hotel<\/title>\n<meta name=\"description\" content=\"Prosimy zapozna\u0107 si\u0119 z aktualn\u0105 list\u0105 luksusowych hoteli Constantinou Bros w Pafos na Cyprze i ofertami specjalnymi, aby znale\u017a\u0107 odpowiedni\u0105 dla siebie na nast\u0119pny pobyt w Athena Royal.\" \/>\n<meta name=\"robots\" content=\"index, follow, max-snippet:-1, max-image-preview:large, max-video-preview:-1\" \/>\n<link rel=\"canonical\" href=\"https:\/\/www.athenaroyal-cbh.com\/pl\/oferty-specjalne\/\" \/>\n<meta property=\"og:locale\" content=\"pl_PL\" \/>\n<meta property=\"og:type\" content=\"article\" \/>\n<meta property=\"og:title\" content=\"Luksusowe hotele Pafos Cypr oferty specjalne || Athena Royal Hotel\" \/>\n<meta property=\"og:description\" content=\"Prosimy zapozna\u0107 si\u0119 z aktualn\u0105 list\u0105 luksusowych hoteli Constantinou Bros w Pafos na Cyprze i ofertami specjalnymi, aby znale\u017a\u0107 odpowiedni\u0105 dla siebie na nast\u0119pny pobyt w Athena Royal.\" \/>\n<meta property=\"og:url\" content=\"https:\/\/www.athenaroyal-cbh.com\/pl\/oferty-specjalne\/\" \/>\n<meta property=\"og:site_name\" content=\"\u0391thena Royal Beach Hotel\" \/>\n<meta property=\"article:modified_time\" content=\"2026-03-17T13:55:28+00:00\" \/>\n<meta property=\"og:image\" content=\"https:\/\/www.athenaroyal-cbh.com\/app\/uploads\/sites\/32\/2019\/05\/35-ATHENA-ROYAL-BEACH-HOTEL-JUNIOR-SUITE-SV.jpg\" \/>\n\t<meta property=\"og:image:width\" content=\"1200\" \/>\n\t<meta property=\"og:image:height\" content=\"800\" \/>\n\t<meta property=\"og:image:type\" content=\"image\/jpeg\" \/>\n<meta name=\"twitter:card\" content=\"summary_large_image\" \/>\n<meta name=\"twitter:label1\" content=\"Est. reading time\" \/>\n\t<meta name=\"twitter:data1\" content=\"1 minute\" \/>\n<script type=\"application\/ld+json\" class=\"yoast-schema-graph\">{\"@context\":\"https:\\\/\\\/schema.org\",\"@graph\":[{\"@type\":\"WebPage\",\"@id\":\"https:\\\/\\\/www.athenaroyal-cbh.com\\\/pl\\\/oferty-specjalne\\\/\",\"url\":\"https:\\\/\\\/www.athenaroyal-cbh.com\\\/pl\\\/oferty-specjalne\\\/\",\"name\":\"Luksusowe hotele Pafos Cypr oferty specjalne || Athena Royal Hotel\",\"isPartOf\":{\"@id\":\"https:\\\/\\\/www.athenaroyal-cbh.com\\\/pl\\\/#website\"},\"primaryImageOfPage\":{\"@id\":\"https:\\\/\\\/www.athenaroyal-cbh.com\\\/pl\\\/oferty-specjalne\\\/#primaryimage\"},\"image\":{\"@id\":\"https:\\\/\\\/www.athenaroyal-cbh.com\\\/pl\\\/oferty-specjalne\\\/#primaryimage\"},\"thumbnailUrl\":\"https:\\\/\\\/www.athenaroyal-cbh.com\\\/app\\\/uploads\\\/sites\\\/32\\\/2019\\\/05\\\/35-ATHENA-ROYAL-BEACH-HOTEL-JUNIOR-SUITE-SV.jpg\",\"datePublished\":\"2024-07-23T07:49:29+00:00\",\"dateModified\":\"2026-03-17T13:55:28+00:00\",\"description\":\"Prosimy zapozna\u0107 si\u0119 z aktualn\u0105 list\u0105 luksusowych hoteli Constantinou Bros w Pafos na Cyprze i ofertami specjalnymi, aby znale\u017a\u0107 odpowiedni\u0105 dla siebie na nast\u0119pny pobyt w Athena Royal.\",\"breadcrumb\":{\"@id\":\"https:\\\/\\\/www.athenaroyal-cbh.com\\\/pl\\\/oferty-specjalne\\\/#breadcrumb\"},\"inLanguage\":\"pl-PL\",\"potentialAction\":[{\"@type\":\"ReadAction\",\"target\":[\"https:\\\/\\\/www.athenaroyal-cbh.com\\\/pl\\\/oferty-specjalne\\\/\"]}]},{\"@type\":\"ImageObject\",\"inLanguage\":\"pl-PL\",\"@id\":\"https:\\\/\\\/www.athenaroyal-cbh.com\\\/pl\\\/oferty-specjalne\\\/#primaryimage\",\"url\":\"https:\\\/\\\/www.athenaroyal-cbh.com\\\/app\\\/uploads\\\/sites\\\/32\\\/2019\\\/05\\\/35-ATHENA-ROYAL-BEACH-HOTEL-JUNIOR-SUITE-SV.jpg\",\"contentUrl\":\"https:\\\/\\\/www.athenaroyal-cbh.com\\\/app\\\/uploads\\\/sites\\\/32\\\/2019\\\/05\\\/35-ATHENA-ROYAL-BEACH-HOTEL-JUNIOR-SUITE-SV.jpg\",\"width\":1200,\"height\":800},{\"@type\":\"BreadcrumbList\",\"@id\":\"https:\\\/\\\/www.athenaroyal-cbh.com\\\/pl\\\/oferty-specjalne\\\/#breadcrumb\",\"itemListElement\":[{\"@type\":\"ListItem\",\"position\":1,\"name\":\"Home\",\"item\":\"https:\\\/\\\/www.athenaroyal-cbh.com\\\/pl\\\/\"},{\"@type\":\"ListItem\",\"position\":2,\"name\":\"Oferty specjalne\"}]},{\"@type\":\"WebSite\",\"@id\":\"https:\\\/\\\/www.athenaroyal-cbh.com\\\/pl\\\/#website\",\"url\":\"https:\\\/\\\/www.athenaroyal-cbh.com\\\/pl\\\/\",\"name\":\"\u0391thena Royal Beach Hotel\",\"description\":\"Constantinou Bros Athena Royal Hotel, 4 star hotel in Paphos Cyprus\",\"potentialAction\":[{\"@type\":\"SearchAction\",\"target\":{\"@type\":\"EntryPoint\",\"urlTemplate\":\"https:\\\/\\\/www.athenaroyal-cbh.com\\\/pl\\\/?s={search_term_string}\"},\"query-input\":{\"@type\":\"PropertyValueSpecification\",\"valueRequired\":true,\"valueName\":\"search_term_string\"}}],\"inLanguage\":\"pl-PL\"}]}<\/script>\n<!-- \/ Yoast SEO plugin. -->","yoast_head_json":{"title":"Luksusowe hotele Pafos Cypr oferty specjalne || Athena Royal Hotel","description":"Prosimy zapozna\u0107 si\u0119 z aktualn\u0105 list\u0105 luksusowych hoteli Constantinou Bros w Pafos na Cyprze i ofertami specjalnymi, aby znale\u017a\u0107 odpowiedni\u0105 dla siebie na nast\u0119pny pobyt w Athena Royal.","robots":{"index":"index","follow":"follow","max-snippet":"max-snippet:-1","max-image-preview":"max-image-preview:large","max-video-preview":"max-video-preview:-1"},"canonical":"https:\/\/www.athenaroyal-cbh.com\/pl\/oferty-specjalne\/","og_locale":"pl_PL","og_type":"article","og_title":"Luksusowe hotele Pafos Cypr oferty specjalne || Athena Royal Hotel","og_description":"Prosimy zapozna\u0107 si\u0119 z aktualn\u0105 list\u0105 luksusowych hoteli Constantinou Bros w Pafos na Cyprze i ofertami specjalnymi, aby znale\u017a\u0107 odpowiedni\u0105 dla siebie na nast\u0119pny pobyt w Athena Royal.","og_url":"https:\/\/www.athenaroyal-cbh.com\/pl\/oferty-specjalne\/","og_site_name":"\u0391thena Royal Beach Hotel","article_modified_time":"2026-03-17T13:55:28+00:00","og_image":[{"width":1200,"height":800,"url":"https:\/\/www.athenaroyal-cbh.com\/app\/uploads\/sites\/32\/2019\/05\/35-ATHENA-ROYAL-BEACH-HOTEL-JUNIOR-SUITE-SV.jpg","type":"image\/jpeg"}],"twitter_card":"summary_large_image","twitter_misc":{"Est. reading time":"1 minute"},"schema":{"@context":"https:\/\/schema.org","@graph":[{"@type":"WebPage","@id":"https:\/\/www.athenaroyal-cbh.com\/pl\/oferty-specjalne\/","url":"https:\/\/www.athenaroyal-cbh.com\/pl\/oferty-specjalne\/","name":"Luksusowe hotele Pafos Cypr oferty specjalne || Athena Royal Hotel","isPartOf":{"@id":"https:\/\/www.athenaroyal-cbh.com\/pl\/#website"},"primaryImageOfPage":{"@id":"https:\/\/www.athenaroyal-cbh.com\/pl\/oferty-specjalne\/#primaryimage"},"image":{"@id":"https:\/\/www.athenaroyal-cbh.com\/pl\/oferty-specjalne\/#primaryimage"},"thumbnailUrl":"https:\/\/www.athenaroyal-cbh.com\/app\/uploads\/sites\/32\/2019\/05\/35-ATHENA-ROYAL-BEACH-HOTEL-JUNIOR-SUITE-SV.jpg","datePublished":"2024-07-23T07:49:29+00:00","dateModified":"2026-03-17T13:55:28+00:00","description":"Prosimy zapozna\u0107 si\u0119 z aktualn\u0105 list\u0105 luksusowych hoteli Constantinou Bros w Pafos na Cyprze i ofertami specjalnymi, aby znale\u017a\u0107 odpowiedni\u0105 dla siebie na nast\u0119pny pobyt w Athena Royal.","breadcrumb":{"@id":"https:\/\/www.athenaroyal-cbh.com\/pl\/oferty-specjalne\/#breadcrumb"},"inLanguage":"pl-PL","potentialAction":[{"@type":"ReadAction","target":["https:\/\/www.athenaroyal-cbh.com\/pl\/oferty-specjalne\/"]}]},{"@type":"ImageObject","inLanguage":"pl-PL","@id":"https:\/\/www.athenaroyal-cbh.com\/pl\/oferty-specjalne\/#primaryimage","url":"https:\/\/www.athenaroyal-cbh.com\/app\/uploads\/sites\/32\/2019\/05\/35-ATHENA-ROYAL-BEACH-HOTEL-JUNIOR-SUITE-SV.jpg","contentUrl":"https:\/\/www.athenaroyal-cbh.com\/app\/uploads\/sites\/32\/2019\/05\/35-ATHENA-ROYAL-BEACH-HOTEL-JUNIOR-SUITE-SV.jpg","width":1200,"height":800},{"@type":"BreadcrumbList","@id":"https:\/\/www.athenaroyal-cbh.com\/pl\/oferty-specjalne\/#breadcrumb","itemListElement":[{"@type":"ListItem","position":1,"name":"Home","item":"https:\/\/www.athenaroyal-cbh.com\/pl\/"},{"@type":"ListItem","position":2,"name":"Oferty specjalne"}]},{"@type":"WebSite","@id":"https:\/\/www.athenaroyal-cbh.com\/pl\/#website","url":"https:\/\/www.athenaroyal-cbh.com\/pl\/","name":"\u0391thena Royal Beach Hotel","description":"Constantinou Bros Athena Royal Hotel, 4 star hotel in Paphos Cyprus","potentialAction":[{"@type":"SearchAction","target":{"@type":"EntryPoint","urlTemplate":"https:\/\/www.athenaroyal-cbh.com\/pl\/?s={search_term_string}"},"query-input":{"@type":"PropertyValueSpecification","valueRequired":true,"valueName":"search_term_string"}}],"inLanguage":"pl-PL"}]}},"_links":{"self":[{"href":"https:\/\/www.athenaroyal-cbh.com\/pl\/wp-json\/wp\/v2\/pages\/23909","targetHints":{"allow":["GET"]}}],"collection":[{"href":"https:\/\/www.athenaroyal-cbh.com\/pl\/wp-json\/wp\/v2\/pages"}],"about":[{"href":"https:\/\/www.athenaroyal-cbh.com\/pl\/wp-json\/wp\/v2\/types\/page"}],"author":[{"embeddable":true,"href":"https:\/\/www.athenaroyal-cbh.com\/pl\/wp-json\/wp\/v2\/users\/2"}],"replies":[{"embeddable":true,"href":"https:\/\/www.athenaroyal-cbh.com\/pl\/wp-json\/wp\/v2\/comments?post=23909"}],"version-history":[{"count":10,"href":"https:\/\/www.athenaroyal-cbh.com\/pl\/wp-json\/wp\/v2\/pages\/23909\/revisions"}],"predecessor-version":[{"id":26802,"href":"https:\/\/www.athenaroyal-cbh.com\/pl\/wp-json\/wp\/v2\/pages\/23909\/revisions\/26802"}],"wp:featuredmedia":[{"embeddable":true,"href":"https:\/\/www.athenaroyal-cbh.com\/pl\/wp-json\/wp\/v2\/media\/25366"}],"wp:attachment":[{"href":"https:\/\/www.athenaroyal-cbh.com\/pl\/wp-json\/wp\/v2\/media?parent=23909"}],"curies":[{"name":"wp","href":"https:\/\/api.w.org\/{rel}","templated":true}]}}