{"id":23907,"date":"2024-07-23T10:49:26","date_gmt":"2024-07-23T07:49:26","guid":{"rendered":"https:\/\/www.athenaroyal-cbh.com\/pokoje-apartamenty\/"},"modified":"2024-09-16T18:01:46","modified_gmt":"2024-09-16T15:01:46","slug":"pokoje-apartamenty","status":"publish","type":"page","link":"https:\/\/www.athenaroyal-cbh.com\/pl\/pokoje-apartamenty\/","title":{"rendered":"Pokoje i apartamenty"},"content":{"rendered":"<p>Hotel Constantinou Bros Athena Royal Beach sk\u0142ada si\u0119 z 208 pi\u0119knie urz\u0105dzonych pokoi go\u015bcinnych zaprojektowanych z my\u015bl\u0105 o Pa\u0144stwa indywidualnych potrzebach i oferuj\u0105cych majestatyczny widok na morze lub nasze kolorowe prywatne ogrody.<\/p>\n","protected":false},"excerpt":{"rendered":"<p>Hotel Constantinou Bros Athena Royal Beach sk\u0142ada si\u0119 z 208 pi\u0119knie urz\u0105dzonych pokoi go\u015bcinnych zaprojektowanych z my\u015bl\u0105 o Pa\u0144stwa indywidualnych potrzebach i oferuj\u0105cych majestatyczny widok na morze lub nasze kolorowe prywatne ogrody.<\/p>\n","protected":false},"author":2,"featured_media":25348,"parent":0,"menu_order":0,"comment_status":"closed","ping_status":"closed","template":"page-templates\/rooms.php","meta":{"_acf_changed":false,"footnotes":""},"class_list":["post-23907","page","type-page","status-publish","has-post-thumbnail","hentry"],"acf":[],"yoast_head":"<!-- This site is optimized with the Yoast SEO plugin v27.4 - https:\/\/yoast.com\/product\/yoast-seo-wordpress\/ -->\n<title>4* Pafos zakwaterowanie na pla\u017cy || Athena Royal Hotel<\/title>\n<meta name=\"description\" content=\"W Athena Royal by Constantinou Bros znajd\u0105 Pa\u0144stwo luksusowy wyb\u00f3r najlepszych opcji zakwaterowania w Pafos, po\u0142o\u017conych wzd\u0142u\u017c wspania\u0142ej pla\u017cy.\" \/>\n<meta name=\"robots\" content=\"index, follow, max-snippet:-1, max-image-preview:large, max-video-preview:-1\" \/>\n<link rel=\"canonical\" href=\"https:\/\/www.athenaroyal-cbh.com\/pl\/pokoje-apartamenty\/\" \/>\n<meta property=\"og:locale\" content=\"pl_PL\" \/>\n<meta property=\"og:type\" content=\"article\" \/>\n<meta property=\"og:title\" content=\"4* Pafos zakwaterowanie na pla\u017cy || Athena Royal Hotel\" \/>\n<meta property=\"og:description\" content=\"W Athena Royal by Constantinou Bros znajd\u0105 Pa\u0144stwo luksusowy wyb\u00f3r najlepszych opcji zakwaterowania w Pafos, po\u0142o\u017conych wzd\u0142u\u017c wspania\u0142ej pla\u017cy.\" \/>\n<meta property=\"og:url\" content=\"https:\/\/www.athenaroyal-cbh.com\/pl\/pokoje-apartamenty\/\" \/>\n<meta property=\"og:site_name\" content=\"\u0391thena Royal Beach Hotel\" \/>\n<meta property=\"article:modified_time\" content=\"2024-09-16T15:01:46+00:00\" \/>\n<meta property=\"og:image\" content=\"https:\/\/www.athenaroyal-cbh.com\/app\/uploads\/sites\/32\/2021\/08\/30-ATHENA-ROYAL-BEACH-HOTEL-SUPERIOR-DELUXE-ROOM.jpg\" \/>\n\t<meta property=\"og:image:width\" content=\"1920\" \/>\n\t<meta property=\"og:image:height\" content=\"1280\" \/>\n\t<meta property=\"og:image:type\" content=\"image\/jpeg\" \/>\n<meta name=\"twitter:card\" content=\"summary_large_image\" \/>\n<meta name=\"twitter:label1\" content=\"Est. reading time\" \/>\n\t<meta name=\"twitter:data1\" content=\"1 minute\" \/>\n<script type=\"application\/ld+json\" class=\"yoast-schema-graph\">{\"@context\":\"https:\\\/\\\/schema.org\",\"@graph\":[{\"@type\":\"WebPage\",\"@id\":\"https:\\\/\\\/www.athenaroyal-cbh.com\\\/pl\\\/pokoje-apartamenty\\\/\",\"url\":\"https:\\\/\\\/www.athenaroyal-cbh.com\\\/pl\\\/pokoje-apartamenty\\\/\",\"name\":\"4* Pafos zakwaterowanie na pla\u017cy || Athena Royal Hotel\",\"isPartOf\":{\"@id\":\"https:\\\/\\\/www.athenaroyal-cbh.com\\\/pl\\\/#website\"},\"primaryImageOfPage\":{\"@id\":\"https:\\\/\\\/www.athenaroyal-cbh.com\\\/pl\\\/pokoje-apartamenty\\\/#primaryimage\"},\"image\":{\"@id\":\"https:\\\/\\\/www.athenaroyal-cbh.com\\\/pl\\\/pokoje-apartamenty\\\/#primaryimage\"},\"thumbnailUrl\":\"https:\\\/\\\/www.athenaroyal-cbh.com\\\/app\\\/uploads\\\/sites\\\/32\\\/2021\\\/08\\\/30-ATHENA-ROYAL-BEACH-HOTEL-SUPERIOR-DELUXE-ROOM.jpg\",\"datePublished\":\"2024-07-23T07:49:26+00:00\",\"dateModified\":\"2024-09-16T15:01:46+00:00\",\"description\":\"W Athena Royal by Constantinou Bros znajd\u0105 Pa\u0144stwo luksusowy wyb\u00f3r najlepszych opcji zakwaterowania w Pafos, po\u0142o\u017conych wzd\u0142u\u017c wspania\u0142ej pla\u017cy.\",\"breadcrumb\":{\"@id\":\"https:\\\/\\\/www.athenaroyal-cbh.com\\\/pl\\\/pokoje-apartamenty\\\/#breadcrumb\"},\"inLanguage\":\"pl-PL\",\"potentialAction\":[{\"@type\":\"ReadAction\",\"target\":[\"https:\\\/\\\/www.athenaroyal-cbh.com\\\/pl\\\/pokoje-apartamenty\\\/\"]}]},{\"@type\":\"ImageObject\",\"inLanguage\":\"pl-PL\",\"@id\":\"https:\\\/\\\/www.athenaroyal-cbh.com\\\/pl\\\/pokoje-apartamenty\\\/#primaryimage\",\"url\":\"https:\\\/\\\/www.athenaroyal-cbh.com\\\/app\\\/uploads\\\/sites\\\/32\\\/2021\\\/08\\\/30-ATHENA-ROYAL-BEACH-HOTEL-SUPERIOR-DELUXE-ROOM.jpg\",\"contentUrl\":\"https:\\\/\\\/www.athenaroyal-cbh.com\\\/app\\\/uploads\\\/sites\\\/32\\\/2021\\\/08\\\/30-ATHENA-ROYAL-BEACH-HOTEL-SUPERIOR-DELUXE-ROOM.jpg\",\"width\":1920,\"height\":1280},{\"@type\":\"BreadcrumbList\",\"@id\":\"https:\\\/\\\/www.athenaroyal-cbh.com\\\/pl\\\/pokoje-apartamenty\\\/#breadcrumb\",\"itemListElement\":[{\"@type\":\"ListItem\",\"position\":1,\"name\":\"Home\",\"item\":\"https:\\\/\\\/www.athenaroyal-cbh.com\\\/pl\\\/\"},{\"@type\":\"ListItem\",\"position\":2,\"name\":\"Pokoje i apartamenty\"}]},{\"@type\":\"WebSite\",\"@id\":\"https:\\\/\\\/www.athenaroyal-cbh.com\\\/pl\\\/#website\",\"url\":\"https:\\\/\\\/www.athenaroyal-cbh.com\\\/pl\\\/\",\"name\":\"\u0391thena Royal Beach Hotel\",\"description\":\"Constantinou Bros Athena Royal Hotel, 4 star hotel in Paphos Cyprus\",\"potentialAction\":[{\"@type\":\"SearchAction\",\"target\":{\"@type\":\"EntryPoint\",\"urlTemplate\":\"https:\\\/\\\/www.athenaroyal-cbh.com\\\/pl\\\/?s={search_term_string}\"},\"query-input\":{\"@type\":\"PropertyValueSpecification\",\"valueRequired\":true,\"valueName\":\"search_term_string\"}}],\"inLanguage\":\"pl-PL\"}]}<\/script>\n<!-- \/ Yoast SEO plugin. -->","yoast_head_json":{"title":"4* Pafos zakwaterowanie na pla\u017cy || Athena Royal Hotel","description":"W Athena Royal by Constantinou Bros znajd\u0105 Pa\u0144stwo luksusowy wyb\u00f3r najlepszych opcji zakwaterowania w Pafos, po\u0142o\u017conych wzd\u0142u\u017c wspania\u0142ej pla\u017cy.","robots":{"index":"index","follow":"follow","max-snippet":"max-snippet:-1","max-image-preview":"max-image-preview:large","max-video-preview":"max-video-preview:-1"},"canonical":"https:\/\/www.athenaroyal-cbh.com\/pl\/pokoje-apartamenty\/","og_locale":"pl_PL","og_type":"article","og_title":"4* Pafos zakwaterowanie na pla\u017cy || Athena Royal Hotel","og_description":"W Athena Royal by Constantinou Bros znajd\u0105 Pa\u0144stwo luksusowy wyb\u00f3r najlepszych opcji zakwaterowania w Pafos, po\u0142o\u017conych wzd\u0142u\u017c wspania\u0142ej pla\u017cy.","og_url":"https:\/\/www.athenaroyal-cbh.com\/pl\/pokoje-apartamenty\/","og_site_name":"\u0391thena Royal Beach Hotel","article_modified_time":"2024-09-16T15:01:46+00:00","og_image":[{"width":1920,"height":1280,"url":"https:\/\/www.athenaroyal-cbh.com\/app\/uploads\/sites\/32\/2021\/08\/30-ATHENA-ROYAL-BEACH-HOTEL-SUPERIOR-DELUXE-ROOM.jpg","type":"image\/jpeg"}],"twitter_card":"summary_large_image","twitter_misc":{"Est. reading time":"1 minute"},"schema":{"@context":"https:\/\/schema.org","@graph":[{"@type":"WebPage","@id":"https:\/\/www.athenaroyal-cbh.com\/pl\/pokoje-apartamenty\/","url":"https:\/\/www.athenaroyal-cbh.com\/pl\/pokoje-apartamenty\/","name":"4* Pafos zakwaterowanie na pla\u017cy || Athena Royal Hotel","isPartOf":{"@id":"https:\/\/www.athenaroyal-cbh.com\/pl\/#website"},"primaryImageOfPage":{"@id":"https:\/\/www.athenaroyal-cbh.com\/pl\/pokoje-apartamenty\/#primaryimage"},"image":{"@id":"https:\/\/www.athenaroyal-cbh.com\/pl\/pokoje-apartamenty\/#primaryimage"},"thumbnailUrl":"https:\/\/www.athenaroyal-cbh.com\/app\/uploads\/sites\/32\/2021\/08\/30-ATHENA-ROYAL-BEACH-HOTEL-SUPERIOR-DELUXE-ROOM.jpg","datePublished":"2024-07-23T07:49:26+00:00","dateModified":"2024-09-16T15:01:46+00:00","description":"W Athena Royal by Constantinou Bros znajd\u0105 Pa\u0144stwo luksusowy wyb\u00f3r najlepszych opcji zakwaterowania w Pafos, po\u0142o\u017conych wzd\u0142u\u017c wspania\u0142ej pla\u017cy.","breadcrumb":{"@id":"https:\/\/www.athenaroyal-cbh.com\/pl\/pokoje-apartamenty\/#breadcrumb"},"inLanguage":"pl-PL","potentialAction":[{"@type":"ReadAction","target":["https:\/\/www.athenaroyal-cbh.com\/pl\/pokoje-apartamenty\/"]}]},{"@type":"ImageObject","inLanguage":"pl-PL","@id":"https:\/\/www.athenaroyal-cbh.com\/pl\/pokoje-apartamenty\/#primaryimage","url":"https:\/\/www.athenaroyal-cbh.com\/app\/uploads\/sites\/32\/2021\/08\/30-ATHENA-ROYAL-BEACH-HOTEL-SUPERIOR-DELUXE-ROOM.jpg","contentUrl":"https:\/\/www.athenaroyal-cbh.com\/app\/uploads\/sites\/32\/2021\/08\/30-ATHENA-ROYAL-BEACH-HOTEL-SUPERIOR-DELUXE-ROOM.jpg","width":1920,"height":1280},{"@type":"BreadcrumbList","@id":"https:\/\/www.athenaroyal-cbh.com\/pl\/pokoje-apartamenty\/#breadcrumb","itemListElement":[{"@type":"ListItem","position":1,"name":"Home","item":"https:\/\/www.athenaroyal-cbh.com\/pl\/"},{"@type":"ListItem","position":2,"name":"Pokoje i apartamenty"}]},{"@type":"WebSite","@id":"https:\/\/www.athenaroyal-cbh.com\/pl\/#website","url":"https:\/\/www.athenaroyal-cbh.com\/pl\/","name":"\u0391thena Royal Beach Hotel","description":"Constantinou Bros Athena Royal Hotel, 4 star hotel in Paphos Cyprus","potentialAction":[{"@type":"SearchAction","target":{"@type":"EntryPoint","urlTemplate":"https:\/\/www.athenaroyal-cbh.com\/pl\/?s={search_term_string}"},"query-input":{"@type":"PropertyValueSpecification","valueRequired":true,"valueName":"search_term_string"}}],"inLanguage":"pl-PL"}]}},"_links":{"self":[{"href":"https:\/\/www.athenaroyal-cbh.com\/pl\/wp-json\/wp\/v2\/pages\/23907","targetHints":{"allow":["GET"]}}],"collection":[{"href":"https:\/\/www.athenaroyal-cbh.com\/pl\/wp-json\/wp\/v2\/pages"}],"about":[{"href":"https:\/\/www.athenaroyal-cbh.com\/pl\/wp-json\/wp\/v2\/types\/page"}],"author":[{"embeddable":true,"href":"https:\/\/www.athenaroyal-cbh.com\/pl\/wp-json\/wp\/v2\/users\/2"}],"replies":[{"embeddable":true,"href":"https:\/\/www.athenaroyal-cbh.com\/pl\/wp-json\/wp\/v2\/comments?post=23907"}],"version-history":[{"count":1,"href":"https:\/\/www.athenaroyal-cbh.com\/pl\/wp-json\/wp\/v2\/pages\/23907\/revisions"}],"predecessor-version":[{"id":26019,"href":"https:\/\/www.athenaroyal-cbh.com\/pl\/wp-json\/wp\/v2\/pages\/23907\/revisions\/26019"}],"wp:featuredmedia":[{"embeddable":true,"href":"https:\/\/www.athenaroyal-cbh.com\/pl\/wp-json\/wp\/v2\/media\/25348"}],"wp:attachment":[{"href":"https:\/\/www.athenaroyal-cbh.com\/pl\/wp-json\/wp\/v2\/media?parent=23907"}],"curies":[{"name":"wp","href":"https:\/\/api.w.org\/{rel}","templated":true}]}}