{"id":23899,"date":"2024-07-23T10:49:20","date_gmt":"2024-07-23T07:49:20","guid":{"rendered":"https:\/\/www.athenaroyal-cbh.com\/jadalnia\/jadalnia-opcje\/"},"modified":"2024-09-16T18:01:23","modified_gmt":"2024-09-16T15:01:23","slug":"jadalnia-opcje","status":"publish","type":"page","link":"https:\/\/www.athenaroyal-cbh.com\/pl\/jadalnia\/jadalnia-opcje\/","title":{"rendered":"Opcje posi\u0142k\u00f3w"},"content":{"rendered":"<h4><\/h4>\n<h4>Opcje niepe\u0142nego wy\u017cywienia \/ pe\u0142nego wy\u017cywienia<\/h4>\n<ul>\n<li>Elastyczny pakiet wy\u017cywienia jest dost\u0119pny przez minimum 4 dni w tygodniu dla go\u015bci Bed &amp; Breakfast.<\/li>\n<li>Lunch: Do wyboru mi\u0119dzy restauracj\u0105 Olive Tree i restauracj\u0105 Oasis<\/li>\n<li>Kolacja: Do wyboru restauracja Pygmalion (mi\u0119dzynarodowy bufet), restauracja Aphrodite (Table d&#8217;h\u00f4te &amp; a la Carte) lub restauracja Olive Tree (\u015br\u00f3dziemnomorska a la Carte).<\/li>\n<\/ul>\n<h4><\/h4>\n<p>&nbsp;<\/p>\n<h4 class=\"title\">Obs\u0142uga pokoju<\/h4>\n<div class=\"content\">\n<ul>\n<li>W menu obs\u0142ugi pokoju dost\u0119pnym przez ca\u0142\u0105 dob\u0119 znajd\u0105 Pa\u0144stwo wy\u015bmienite potrawy i napoje.<\/li>\n<\/ul>\n<\/div>\n<h4><\/h4>\n<p>&nbsp;<\/p>\n<h4>Pakiet Premium (opcja Ultra All-Inclusive)<\/h4>\n<ul>\n<li>Prosz\u0119 skorzysta\u0107 z naszego pakietu Premium (opcja Ultra All-Inclusive) dla pokoi typu classic, superior i apartament\u00f3w.<\/li>\n<li>Opcja Ultra All Inclusive obejmuje pe\u0142ne wy\u017cywienie (\u015bniadanie, obiad i kolacj\u0119) oraz przek\u0105ski, lody, wod\u0119, napoje alkoholowe i bezalkoholowe, gor\u0105ce i zimne napoje przez ca\u0142y dzie\u0144.<\/li>\n<\/ul>\n<p>Aby dowiedzie\u0107 si\u0119 wi\u0119cej o pakiecie Premium, prosz\u0119 <a href=\"http:\/\/www.athenaroyal-cbh.com\/app\/uploads\/sites\/32\/2023\/12\/ATHENA-ROYAL-BEACH-HOTEL-PREMIUM-PACKAGE-EN.pdf\" target=\"_blank\" rel=\"noopener\">klikn\u0105\u0107 tutaj<\/a>.<\/p>\n<div class=\"content\">\n<p>&nbsp;<\/p>\n<\/div>\n","protected":false},"excerpt":{"rendered":"<p>Opcje niepe\u0142nego wy\u017cywienia \/ pe\u0142nego wy\u017cywienia Elastyczny pakiet wy\u017cywienia jest dost\u0119pny przez minimum 4 dni w tygodniu dla go\u015bci Bed &amp; Breakfast. Lunch: Do wyboru mi\u0119dzy restauracj\u0105 Olive Tree i restauracj\u0105 Oasis Kolacja: Do wyboru restauracja Pygmalion (mi\u0119dzynarodowy bufet), restauracja Aphrodite (Table d&#8217;h\u00f4te &amp; a la Carte) lub restauracja Olive Tree (\u015br\u00f3dziemnomorska a la Carte).<\/p>\n","protected":false},"author":1,"featured_media":25263,"parent":23585,"menu_order":0,"comment_status":"closed","ping_status":"closed","template":"","meta":{"_acf_changed":false,"footnotes":""},"class_list":["post-23899","page","type-page","status-publish","has-post-thumbnail","hentry"],"acf":[],"yoast_head":"<!-- This site is optimized with the Yoast SEO plugin v27.4 - https:\/\/yoast.com\/product\/yoast-seo-wordpress\/ -->\n<title>Opcje gastronomiczne hotelu Athena Royal Beach || Athena Royal Hotel<\/title>\n<meta name=\"description\" content=\"Prosz\u0119 dowiedzie\u0107 si\u0119 wi\u0119cej o wszystkich trzech opcjach wy\u017cywienia w hotelu Athena Royal Beach, w tym o niepe\u0142nym i pe\u0142nym wy\u017cywieniu, obs\u0142udze pokoju i pakiecie Premium.\" \/>\n<meta name=\"robots\" content=\"index, follow, max-snippet:-1, max-image-preview:large, max-video-preview:-1\" \/>\n<link rel=\"canonical\" href=\"https:\/\/www.athenaroyal-cbh.com\/pl\/jadalnia\/jadalnia-opcje\/\" \/>\n<meta property=\"og:locale\" content=\"pl_PL\" \/>\n<meta property=\"og:type\" content=\"article\" \/>\n<meta property=\"og:title\" content=\"Opcje gastronomiczne hotelu Athena Royal Beach || Athena Royal Hotel\" \/>\n<meta property=\"og:description\" content=\"Prosz\u0119 dowiedzie\u0107 si\u0119 wi\u0119cej o wszystkich trzech opcjach wy\u017cywienia w hotelu Athena Royal Beach, w tym o niepe\u0142nym i pe\u0142nym wy\u017cywieniu, obs\u0142udze pokoju i pakiecie Premium.\" \/>\n<meta property=\"og:url\" content=\"https:\/\/www.athenaroyal-cbh.com\/pl\/jadalnia\/jadalnia-opcje\/\" \/>\n<meta property=\"og:site_name\" content=\"\u0391thena Royal Beach Hotel\" \/>\n<meta property=\"article:modified_time\" content=\"2024-09-16T15:01:23+00:00\" \/>\n<meta property=\"og:image\" content=\"https:\/\/www.athenaroyal-cbh.com\/app\/uploads\/sites\/32\/2019\/05\/athena-royal-beach-hotel-pygmalion-restaurnat-flambe_resized.jpg\" \/>\n\t<meta property=\"og:image:width\" content=\"1920\" \/>\n\t<meta property=\"og:image:height\" content=\"1517\" \/>\n\t<meta property=\"og:image:type\" content=\"image\/jpeg\" \/>\n<meta name=\"twitter:card\" content=\"summary_large_image\" \/>\n<meta name=\"twitter:label1\" content=\"Est. reading time\" \/>\n\t<meta name=\"twitter:data1\" content=\"1 minute\" \/>\n<script type=\"application\/ld+json\" class=\"yoast-schema-graph\">{\"@context\":\"https:\\\/\\\/schema.org\",\"@graph\":[{\"@type\":\"WebPage\",\"@id\":\"https:\\\/\\\/www.athenaroyal-cbh.com\\\/pl\\\/jadalnia\\\/jadalnia-opcje\\\/\",\"url\":\"https:\\\/\\\/www.athenaroyal-cbh.com\\\/pl\\\/jadalnia\\\/jadalnia-opcje\\\/\",\"name\":\"Opcje gastronomiczne hotelu Athena Royal Beach || Athena Royal Hotel\",\"isPartOf\":{\"@id\":\"https:\\\/\\\/www.athenaroyal-cbh.com\\\/pl\\\/#website\"},\"primaryImageOfPage\":{\"@id\":\"https:\\\/\\\/www.athenaroyal-cbh.com\\\/pl\\\/jadalnia\\\/jadalnia-opcje\\\/#primaryimage\"},\"image\":{\"@id\":\"https:\\\/\\\/www.athenaroyal-cbh.com\\\/pl\\\/jadalnia\\\/jadalnia-opcje\\\/#primaryimage\"},\"thumbnailUrl\":\"https:\\\/\\\/www.athenaroyal-cbh.com\\\/app\\\/uploads\\\/sites\\\/32\\\/2022\\\/07\\\/17-ATHENA-ROYAL-BEACH-HOTEL-PYGMALION-RESTAURANT-e1658142915286.jpg\",\"datePublished\":\"2024-07-23T07:49:20+00:00\",\"dateModified\":\"2024-09-16T15:01:23+00:00\",\"description\":\"Prosz\u0119 dowiedzie\u0107 si\u0119 wi\u0119cej o wszystkich trzech opcjach wy\u017cywienia w hotelu Athena Royal Beach, w tym o niepe\u0142nym i pe\u0142nym wy\u017cywieniu, obs\u0142udze pokoju i pakiecie Premium.\",\"breadcrumb\":{\"@id\":\"https:\\\/\\\/www.athenaroyal-cbh.com\\\/pl\\\/jadalnia\\\/jadalnia-opcje\\\/#breadcrumb\"},\"inLanguage\":\"pl-PL\",\"potentialAction\":[{\"@type\":\"ReadAction\",\"target\":[\"https:\\\/\\\/www.athenaroyal-cbh.com\\\/pl\\\/jadalnia\\\/jadalnia-opcje\\\/\"]}]},{\"@type\":\"ImageObject\",\"inLanguage\":\"pl-PL\",\"@id\":\"https:\\\/\\\/www.athenaroyal-cbh.com\\\/pl\\\/jadalnia\\\/jadalnia-opcje\\\/#primaryimage\",\"url\":\"https:\\\/\\\/www.athenaroyal-cbh.com\\\/app\\\/uploads\\\/sites\\\/32\\\/2022\\\/07\\\/17-ATHENA-ROYAL-BEACH-HOTEL-PYGMALION-RESTAURANT-e1658142915286.jpg\",\"contentUrl\":\"https:\\\/\\\/www.athenaroyal-cbh.com\\\/app\\\/uploads\\\/sites\\\/32\\\/2022\\\/07\\\/17-ATHENA-ROYAL-BEACH-HOTEL-PYGMALION-RESTAURANT-e1658142915286.jpg\",\"width\":1200,\"height\":800,\"caption\":\"Pygmalion Restaurant\"},{\"@type\":\"BreadcrumbList\",\"@id\":\"https:\\\/\\\/www.athenaroyal-cbh.com\\\/pl\\\/jadalnia\\\/jadalnia-opcje\\\/#breadcrumb\",\"itemListElement\":[{\"@type\":\"ListItem\",\"position\":1,\"name\":\"Home\",\"item\":\"https:\\\/\\\/www.athenaroyal-cbh.com\\\/pl\\\/\"},{\"@type\":\"ListItem\",\"position\":2,\"name\":\"Jadalnia\",\"item\":\"https:\\\/\\\/www.athenaroyal-cbh.com\\\/pl\\\/jadalnia\\\/\"},{\"@type\":\"ListItem\",\"position\":3,\"name\":\"Opcje posi\u0142k\u00f3w\"}]},{\"@type\":\"WebSite\",\"@id\":\"https:\\\/\\\/www.athenaroyal-cbh.com\\\/pl\\\/#website\",\"url\":\"https:\\\/\\\/www.athenaroyal-cbh.com\\\/pl\\\/\",\"name\":\"\u0391thena Royal Beach Hotel\",\"description\":\"Constantinou Bros Athena Royal Hotel, 4 star hotel in Paphos Cyprus\",\"potentialAction\":[{\"@type\":\"SearchAction\",\"target\":{\"@type\":\"EntryPoint\",\"urlTemplate\":\"https:\\\/\\\/www.athenaroyal-cbh.com\\\/pl\\\/?s={search_term_string}\"},\"query-input\":{\"@type\":\"PropertyValueSpecification\",\"valueRequired\":true,\"valueName\":\"search_term_string\"}}],\"inLanguage\":\"pl-PL\"}]}<\/script>\n<!-- \/ Yoast SEO plugin. -->","yoast_head_json":{"title":"Opcje gastronomiczne hotelu Athena Royal Beach || Athena Royal Hotel","description":"Prosz\u0119 dowiedzie\u0107 si\u0119 wi\u0119cej o wszystkich trzech opcjach wy\u017cywienia w hotelu Athena Royal Beach, w tym o niepe\u0142nym i pe\u0142nym wy\u017cywieniu, obs\u0142udze pokoju i pakiecie Premium.","robots":{"index":"index","follow":"follow","max-snippet":"max-snippet:-1","max-image-preview":"max-image-preview:large","max-video-preview":"max-video-preview:-1"},"canonical":"https:\/\/www.athenaroyal-cbh.com\/pl\/jadalnia\/jadalnia-opcje\/","og_locale":"pl_PL","og_type":"article","og_title":"Opcje gastronomiczne hotelu Athena Royal Beach || Athena Royal Hotel","og_description":"Prosz\u0119 dowiedzie\u0107 si\u0119 wi\u0119cej o wszystkich trzech opcjach wy\u017cywienia w hotelu Athena Royal Beach, w tym o niepe\u0142nym i pe\u0142nym wy\u017cywieniu, obs\u0142udze pokoju i pakiecie Premium.","og_url":"https:\/\/www.athenaroyal-cbh.com\/pl\/jadalnia\/jadalnia-opcje\/","og_site_name":"\u0391thena Royal Beach Hotel","article_modified_time":"2024-09-16T15:01:23+00:00","og_image":[{"width":1920,"height":1517,"url":"https:\/\/www.athenaroyal-cbh.com\/app\/uploads\/sites\/32\/2019\/05\/athena-royal-beach-hotel-pygmalion-restaurnat-flambe_resized.jpg","type":"image\/jpeg"}],"twitter_card":"summary_large_image","twitter_misc":{"Est. reading time":"1 minute"},"schema":{"@context":"https:\/\/schema.org","@graph":[{"@type":"WebPage","@id":"https:\/\/www.athenaroyal-cbh.com\/pl\/jadalnia\/jadalnia-opcje\/","url":"https:\/\/www.athenaroyal-cbh.com\/pl\/jadalnia\/jadalnia-opcje\/","name":"Opcje gastronomiczne hotelu Athena Royal Beach || Athena Royal Hotel","isPartOf":{"@id":"https:\/\/www.athenaroyal-cbh.com\/pl\/#website"},"primaryImageOfPage":{"@id":"https:\/\/www.athenaroyal-cbh.com\/pl\/jadalnia\/jadalnia-opcje\/#primaryimage"},"image":{"@id":"https:\/\/www.athenaroyal-cbh.com\/pl\/jadalnia\/jadalnia-opcje\/#primaryimage"},"thumbnailUrl":"https:\/\/www.athenaroyal-cbh.com\/app\/uploads\/sites\/32\/2022\/07\/17-ATHENA-ROYAL-BEACH-HOTEL-PYGMALION-RESTAURANT-e1658142915286.jpg","datePublished":"2024-07-23T07:49:20+00:00","dateModified":"2024-09-16T15:01:23+00:00","description":"Prosz\u0119 dowiedzie\u0107 si\u0119 wi\u0119cej o wszystkich trzech opcjach wy\u017cywienia w hotelu Athena Royal Beach, w tym o niepe\u0142nym i pe\u0142nym wy\u017cywieniu, obs\u0142udze pokoju i pakiecie Premium.","breadcrumb":{"@id":"https:\/\/www.athenaroyal-cbh.com\/pl\/jadalnia\/jadalnia-opcje\/#breadcrumb"},"inLanguage":"pl-PL","potentialAction":[{"@type":"ReadAction","target":["https:\/\/www.athenaroyal-cbh.com\/pl\/jadalnia\/jadalnia-opcje\/"]}]},{"@type":"ImageObject","inLanguage":"pl-PL","@id":"https:\/\/www.athenaroyal-cbh.com\/pl\/jadalnia\/jadalnia-opcje\/#primaryimage","url":"https:\/\/www.athenaroyal-cbh.com\/app\/uploads\/sites\/32\/2022\/07\/17-ATHENA-ROYAL-BEACH-HOTEL-PYGMALION-RESTAURANT-e1658142915286.jpg","contentUrl":"https:\/\/www.athenaroyal-cbh.com\/app\/uploads\/sites\/32\/2022\/07\/17-ATHENA-ROYAL-BEACH-HOTEL-PYGMALION-RESTAURANT-e1658142915286.jpg","width":1200,"height":800,"caption":"Pygmalion Restaurant"},{"@type":"BreadcrumbList","@id":"https:\/\/www.athenaroyal-cbh.com\/pl\/jadalnia\/jadalnia-opcje\/#breadcrumb","itemListElement":[{"@type":"ListItem","position":1,"name":"Home","item":"https:\/\/www.athenaroyal-cbh.com\/pl\/"},{"@type":"ListItem","position":2,"name":"Jadalnia","item":"https:\/\/www.athenaroyal-cbh.com\/pl\/jadalnia\/"},{"@type":"ListItem","position":3,"name":"Opcje posi\u0142k\u00f3w"}]},{"@type":"WebSite","@id":"https:\/\/www.athenaroyal-cbh.com\/pl\/#website","url":"https:\/\/www.athenaroyal-cbh.com\/pl\/","name":"\u0391thena Royal Beach Hotel","description":"Constantinou Bros Athena Royal Hotel, 4 star hotel in Paphos Cyprus","potentialAction":[{"@type":"SearchAction","target":{"@type":"EntryPoint","urlTemplate":"https:\/\/www.athenaroyal-cbh.com\/pl\/?s={search_term_string}"},"query-input":{"@type":"PropertyValueSpecification","valueRequired":true,"valueName":"search_term_string"}}],"inLanguage":"pl-PL"}]}},"_links":{"self":[{"href":"https:\/\/www.athenaroyal-cbh.com\/pl\/wp-json\/wp\/v2\/pages\/23899","targetHints":{"allow":["GET"]}}],"collection":[{"href":"https:\/\/www.athenaroyal-cbh.com\/pl\/wp-json\/wp\/v2\/pages"}],"about":[{"href":"https:\/\/www.athenaroyal-cbh.com\/pl\/wp-json\/wp\/v2\/types\/page"}],"author":[{"embeddable":true,"href":"https:\/\/www.athenaroyal-cbh.com\/pl\/wp-json\/wp\/v2\/users\/1"}],"replies":[{"embeddable":true,"href":"https:\/\/www.athenaroyal-cbh.com\/pl\/wp-json\/wp\/v2\/comments?post=23899"}],"version-history":[{"count":1,"href":"https:\/\/www.athenaroyal-cbh.com\/pl\/wp-json\/wp\/v2\/pages\/23899\/revisions"}],"predecessor-version":[{"id":25995,"href":"https:\/\/www.athenaroyal-cbh.com\/pl\/wp-json\/wp\/v2\/pages\/23899\/revisions\/25995"}],"up":[{"embeddable":true,"href":"https:\/\/www.athenaroyal-cbh.com\/pl\/wp-json\/wp\/v2\/pages\/23585"}],"wp:featuredmedia":[{"embeddable":true,"href":"https:\/\/www.athenaroyal-cbh.com\/pl\/wp-json\/wp\/v2\/media\/25263"}],"wp:attachment":[{"href":"https:\/\/www.athenaroyal-cbh.com\/pl\/wp-json\/wp\/v2\/media?parent=23899"}],"curies":[{"name":"wp","href":"https:\/\/api.w.org\/{rel}","templated":true}]}}