{"id":23760,"date":"2024-07-23T10:47:35","date_gmt":"2024-07-23T07:47:35","guid":{"rendered":"https:\/\/www.athenaroyal-cbh.com\/program-uroczystosci-bozonarodzeniowych\/"},"modified":"2024-09-16T18:02:06","modified_gmt":"2024-09-16T15:02:06","slug":"program-uroczystosci-bozonarodzeniowych","status":"publish","type":"page","link":"https:\/\/www.athenaroyal-cbh.com\/pl\/program-uroczystosci-bozonarodzeniowych\/","title":{"rendered":"Uroczysto\u015bci \u015bwi\u0105teczne i noworoczne"},"content":{"rendered":"<section id=\"christmasContent\">\n<div class=\"container\">\n<div class=\"row my-2\">\n<div class=\"col-12\">To najwspanialszy czas w roku w hotelu Athena Royal Beach! Jeste\u015bmy dumni z naszego tradycyjnego podej\u015bcia do tej prawdziwie magicznej pory roku i staramy si\u0119 oferowa\u0107 wyj\u0105tkowe i niezapomniane wra\u017cenia wszystkim naszym drogim go\u015bciom. Niezale\u017cnie od tego, czy chc\u0105 Pa\u0144stwo odpocz\u0105\u0107 i zrelaksowa\u0107 si\u0119 podczas \u015bwi\u0105t, czy sp\u0119dzi\u0107 czas z przyjaci\u00f3\u0142mi, jeste\u015bmy przekonani, \u017ce spodoba si\u0119 Pa\u0144stwu nasze kreatywne \u015bwi\u0105teczne menu i bajeczny \u015bwi\u0105teczny nastr\u00f3j! Powitajmy razem Nowy Rok i wejd\u017amy w 2021 rok z radosnym nowym pocz\u0105tkiem.<\/div>\n<\/div>\n<div class=\"row my-2\">\n<div class=\"col-12 col-md-2 my-auto p-3\"><img decoding=\"async\" class=\"img-fluid w-75 mx-auto d-block\" src=\"https:\/\/www.athenaroyal-cbh.com\/wp-content\/uploads\/sites\/32\/2020\/12\/Red-and-Cream-Vintage-Christmas-Rounded-Sticker-600x600.jpg\" alt=\"\" \/><\/div>\n<div class=\"col-12 col-md-9 my-auto p-3\">\n<ul class=\"text-left\">\n<li><strong><span style=\"color: #9c8951;\">Popo\u0142udniowe smako\u0142yki<\/span><\/strong> Grzane wino i wyb\u00f3r \u015bwie\u017co upieczonych \u015bwi\u0105tecznych ciast i ciasteczek serwowanych w salonie w holu.<\/li>\n<li><strong><span style=\"color: #9c8951;\">Kol\u0119dy<\/span><\/strong> w holu przed kolacj\u0105<\/li>\n<li><strong><span style=\"color: #9c8951;\">Uroczysta kolacja wigilijna w formie bufetu z muzyk\u0105 na \u017cywo<\/span><\/strong><\/li>\n<\/ul>\n<p>Prosz\u0119 zarezerwowa\u0107 stolik za po\u015brednictwem naszego Ma\u00eetre D&#8217;H\u00f4tel<\/p>\n<\/div>\n<\/div>\n<div class=\"row my-2\">\n<div class=\"col-12 col-md-2 my-auto p-3\"><img decoding=\"async\" class=\"img-fluid w-75 mx-auto d-block\" src=\"https:\/\/www.athenaroyal-cbh.com\/wp-content\/uploads\/sites\/32\/2020\/12\/Red-and-Cream-Vintage-Christmas-600x600.jpg\" alt=\"\" \/><\/div>\n<div class=\"col-12 col-md-9 my-auto p-3\">\n<ul class=\"text-left\">\n<li><strong><span style=\"color: #9c8951;\">Miko\u0142aj odwiedzi Pa\u0144stwa i przyniesie prezenty dla ka\u017cdego<\/span><\/strong> Gor\u0105ca czekolada, bu\u0142eczki cynamonowe, kandyzowane orzechy w\u0142oskie b\u0119d\u0105 serwowane podczas \u015bpiewania kol\u0119d z naszymi muzykami.<\/li>\n<li><strong><span style=\"color: #9c8951;\">\u015awi\u0105teczny lunch<\/span><\/strong><\/li>\n<\/ul>\n<\/div>\n<\/div>\n<div class=\"row my-2\">\n<div class=\"col-12 col-md-2 my-auto p-3\"><img decoding=\"async\" class=\"img-fluid w-75 mx-auto d-block\" src=\"https:\/\/www.athenaroyal-cbh.com\/wp-content\/uploads\/sites\/32\/2020\/12\/Red-and-Cream-Vintage-Christmas-Rounded-Sticker-1-600x600.jpg\" alt=\"\" \/><\/div>\n<div class=\"col-12 col-md-9 my-auto p-3\">\n<ul class=\"text-left\">\n<li><strong><span style=\"color: #9c8951;\">Popo\u0142udniowe smako\u0142yki<\/span><\/strong><\/li>\n<\/ul>\n<p>Grzane wino i \u015bwie\u017co upieczone \u015bwi\u0105teczne ciasta<\/p>\n<ul class=\"text-left\">\n<li><strong><span style=\"color: #9c8951;\">Uroczysta kolacja sylwestrowa w formie bufetu z muzyk\u0105 na \u017cywo<\/span><\/strong><\/li>\n<\/ul>\n<p>Prosz\u0119 zarezerwowa\u0107 stolik za po\u015brednictwem naszego Ma\u00eetre D&#8217;H\u00f4tel<\/p>\n<\/div>\n<\/div>\n<div class=\"row my-2\">\n<div class=\"col-12\">\n<p style=\"text-align: center;\">Aby zapozna\u0107 si\u0119 z programem \u015bwi\u0105teczno-noworocznym, prosz\u0119 klikn\u0105\u0107 poni\u017cszy link<\/p>\n<\/div>\n<\/div>\n<\/div>\n<\/section>\n","protected":false},"excerpt":{"rendered":"<p>To najwspanialszy czas w roku w hotelu Athena Royal Beach! Jeste\u015bmy dumni z naszego tradycyjnego podej\u015bcia do tej prawdziwie magicznej pory roku i staramy si\u0119 oferowa\u0107 wyj\u0105tkowe i niezapomniane wra\u017cenia wszystkim naszym drogim go\u015bciom. Niezale\u017cnie od tego, czy chc\u0105 Pa\u0144stwo odpocz\u0105\u0107 i zrelaksowa\u0107 si\u0119 podczas \u015bwi\u0105t, czy sp\u0119dzi\u0107 czas z przyjaci\u00f3\u0142mi, jeste\u015bmy przekonani, \u017ce spodoba<\/p>\n","protected":false},"author":1,"featured_media":24022,"parent":0,"menu_order":0,"comment_status":"closed","ping_status":"closed","template":"","meta":{"_acf_changed":false,"footnotes":""},"class_list":["post-23760","page","type-page","status-publish","has-post-thumbnail","hentry"],"acf":[],"yoast_head":"<!-- This site is optimized with the Yoast SEO plugin v27.5 - https:\/\/yoast.com\/product\/yoast-seo-wordpress\/ -->\n<title>Uroczysto\u015bci \u015bwi\u0105teczne i noworoczne - \u0391thena Royal Beach Hotel<\/title>\n<meta name=\"robots\" content=\"index, follow, max-snippet:-1, max-image-preview:large, max-video-preview:-1\" \/>\n<link rel=\"canonical\" href=\"https:\/\/www.athenaroyal-cbh.com\/pl\/program-uroczystosci-bozonarodzeniowych\/\" \/>\n<meta property=\"og:locale\" content=\"pl_PL\" \/>\n<meta property=\"og:type\" content=\"article\" \/>\n<meta property=\"og:title\" content=\"Uroczysto\u015bci \u015bwi\u0105teczne i noworoczne - \u0391thena Royal Beach Hotel\" \/>\n<meta property=\"og:description\" content=\"To najwspanialszy czas w roku w hotelu Athena Royal Beach! Jeste\u015bmy dumni z naszego tradycyjnego podej\u015bcia do tej prawdziwie magicznej pory roku i staramy si\u0119 oferowa\u0107 wyj\u0105tkowe i niezapomniane wra\u017cenia wszystkim naszym drogim go\u015bciom. Niezale\u017cnie od tego, czy chc\u0105 Pa\u0144stwo odpocz\u0105\u0107 i zrelaksowa\u0107 si\u0119 podczas \u015bwi\u0105t, czy sp\u0119dzi\u0107 czas z przyjaci\u00f3\u0142mi, jeste\u015bmy przekonani, \u017ce spodoba\" \/>\n<meta property=\"og:url\" content=\"https:\/\/www.athenaroyal-cbh.com\/pl\/program-uroczystosci-bozonarodzeniowych\/\" \/>\n<meta property=\"og:site_name\" content=\"\u0391thena Royal Beach Hotel\" \/>\n<meta property=\"article:modified_time\" content=\"2024-09-16T15:02:06+00:00\" \/>\n<meta property=\"og:image\" content=\"https:\/\/www.athenaroyal-cbh.com\/app\/uploads\/sites\/32\/2020\/12\/Untitled-design-11.jpg\" \/>\n\t<meta property=\"og:image:width\" content=\"2000\" \/>\n\t<meta property=\"og:image:height\" content=\"1600\" \/>\n\t<meta property=\"og:image:type\" content=\"image\/jpeg\" \/>\n<meta name=\"twitter:card\" content=\"summary_large_image\" \/>\n<meta name=\"twitter:label1\" content=\"Est. reading time\" \/>\n\t<meta name=\"twitter:data1\" content=\"2 minutes\" \/>\n<script type=\"application\/ld+json\" class=\"yoast-schema-graph\">{\"@context\":\"https:\\\/\\\/schema.org\",\"@graph\":[{\"@type\":\"WebPage\",\"@id\":\"https:\\\/\\\/www.athenaroyal-cbh.com\\\/pl\\\/program-uroczystosci-bozonarodzeniowych\\\/\",\"url\":\"https:\\\/\\\/www.athenaroyal-cbh.com\\\/pl\\\/program-uroczystosci-bozonarodzeniowych\\\/\",\"name\":\"Uroczysto\u015bci \u015bwi\u0105teczne i noworoczne - \u0391thena Royal Beach Hotel\",\"isPartOf\":{\"@id\":\"https:\\\/\\\/www.athenaroyal-cbh.com\\\/pl\\\/#website\"},\"primaryImageOfPage\":{\"@id\":\"https:\\\/\\\/www.athenaroyal-cbh.com\\\/pl\\\/program-uroczystosci-bozonarodzeniowych\\\/#primaryimage\"},\"image\":{\"@id\":\"https:\\\/\\\/www.athenaroyal-cbh.com\\\/pl\\\/program-uroczystosci-bozonarodzeniowych\\\/#primaryimage\"},\"thumbnailUrl\":\"https:\\\/\\\/www.athenaroyal-cbh.com\\\/app\\\/uploads\\\/sites\\\/32\\\/2020\\\/12\\\/Untitled-design-11.jpg\",\"datePublished\":\"2024-07-23T07:47:35+00:00\",\"dateModified\":\"2024-09-16T15:02:06+00:00\",\"breadcrumb\":{\"@id\":\"https:\\\/\\\/www.athenaroyal-cbh.com\\\/pl\\\/program-uroczystosci-bozonarodzeniowych\\\/#breadcrumb\"},\"inLanguage\":\"pl-PL\",\"potentialAction\":[{\"@type\":\"ReadAction\",\"target\":[\"https:\\\/\\\/www.athenaroyal-cbh.com\\\/pl\\\/program-uroczystosci-bozonarodzeniowych\\\/\"]}]},{\"@type\":\"ImageObject\",\"inLanguage\":\"pl-PL\",\"@id\":\"https:\\\/\\\/www.athenaroyal-cbh.com\\\/pl\\\/program-uroczystosci-bozonarodzeniowych\\\/#primaryimage\",\"url\":\"https:\\\/\\\/www.athenaroyal-cbh.com\\\/app\\\/uploads\\\/sites\\\/32\\\/2020\\\/12\\\/Untitled-design-11.jpg\",\"contentUrl\":\"https:\\\/\\\/www.athenaroyal-cbh.com\\\/app\\\/uploads\\\/sites\\\/32\\\/2020\\\/12\\\/Untitled-design-11.jpg\",\"width\":2000,\"height\":1600},{\"@type\":\"BreadcrumbList\",\"@id\":\"https:\\\/\\\/www.athenaroyal-cbh.com\\\/pl\\\/program-uroczystosci-bozonarodzeniowych\\\/#breadcrumb\",\"itemListElement\":[{\"@type\":\"ListItem\",\"position\":1,\"name\":\"Home\",\"item\":\"https:\\\/\\\/www.athenaroyal-cbh.com\\\/pl\\\/\"},{\"@type\":\"ListItem\",\"position\":2,\"name\":\"Uroczysto\u015bci \u015bwi\u0105teczne i noworoczne\"}]},{\"@type\":\"WebSite\",\"@id\":\"https:\\\/\\\/www.athenaroyal-cbh.com\\\/pl\\\/#website\",\"url\":\"https:\\\/\\\/www.athenaroyal-cbh.com\\\/pl\\\/\",\"name\":\"\u0391thena Royal Beach Hotel\",\"description\":\"Constantinou Bros Athena Royal Hotel, 4 star hotel in Paphos Cyprus\",\"potentialAction\":[{\"@type\":\"SearchAction\",\"target\":{\"@type\":\"EntryPoint\",\"urlTemplate\":\"https:\\\/\\\/www.athenaroyal-cbh.com\\\/pl\\\/?s={search_term_string}\"},\"query-input\":{\"@type\":\"PropertyValueSpecification\",\"valueRequired\":true,\"valueName\":\"search_term_string\"}}],\"inLanguage\":\"pl-PL\"}]}<\/script>\n<!-- \/ Yoast SEO plugin. -->","yoast_head_json":{"title":"Uroczysto\u015bci \u015bwi\u0105teczne i noworoczne - \u0391thena Royal Beach Hotel","robots":{"index":"index","follow":"follow","max-snippet":"max-snippet:-1","max-image-preview":"max-image-preview:large","max-video-preview":"max-video-preview:-1"},"canonical":"https:\/\/www.athenaroyal-cbh.com\/pl\/program-uroczystosci-bozonarodzeniowych\/","og_locale":"pl_PL","og_type":"article","og_title":"Uroczysto\u015bci \u015bwi\u0105teczne i noworoczne - \u0391thena Royal Beach Hotel","og_description":"To najwspanialszy czas w roku w hotelu Athena Royal Beach! Jeste\u015bmy dumni z naszego tradycyjnego podej\u015bcia do tej prawdziwie magicznej pory roku i staramy si\u0119 oferowa\u0107 wyj\u0105tkowe i niezapomniane wra\u017cenia wszystkim naszym drogim go\u015bciom. Niezale\u017cnie od tego, czy chc\u0105 Pa\u0144stwo odpocz\u0105\u0107 i zrelaksowa\u0107 si\u0119 podczas \u015bwi\u0105t, czy sp\u0119dzi\u0107 czas z przyjaci\u00f3\u0142mi, jeste\u015bmy przekonani, \u017ce spodoba","og_url":"https:\/\/www.athenaroyal-cbh.com\/pl\/program-uroczystosci-bozonarodzeniowych\/","og_site_name":"\u0391thena Royal Beach Hotel","article_modified_time":"2024-09-16T15:02:06+00:00","og_image":[{"width":2000,"height":1600,"url":"https:\/\/www.athenaroyal-cbh.com\/app\/uploads\/sites\/32\/2020\/12\/Untitled-design-11.jpg","type":"image\/jpeg"}],"twitter_card":"summary_large_image","twitter_misc":{"Est. reading time":"2 minutes"},"schema":{"@context":"https:\/\/schema.org","@graph":[{"@type":"WebPage","@id":"https:\/\/www.athenaroyal-cbh.com\/pl\/program-uroczystosci-bozonarodzeniowych\/","url":"https:\/\/www.athenaroyal-cbh.com\/pl\/program-uroczystosci-bozonarodzeniowych\/","name":"Uroczysto\u015bci \u015bwi\u0105teczne i noworoczne - \u0391thena Royal Beach Hotel","isPartOf":{"@id":"https:\/\/www.athenaroyal-cbh.com\/pl\/#website"},"primaryImageOfPage":{"@id":"https:\/\/www.athenaroyal-cbh.com\/pl\/program-uroczystosci-bozonarodzeniowych\/#primaryimage"},"image":{"@id":"https:\/\/www.athenaroyal-cbh.com\/pl\/program-uroczystosci-bozonarodzeniowych\/#primaryimage"},"thumbnailUrl":"https:\/\/www.athenaroyal-cbh.com\/app\/uploads\/sites\/32\/2020\/12\/Untitled-design-11.jpg","datePublished":"2024-07-23T07:47:35+00:00","dateModified":"2024-09-16T15:02:06+00:00","breadcrumb":{"@id":"https:\/\/www.athenaroyal-cbh.com\/pl\/program-uroczystosci-bozonarodzeniowych\/#breadcrumb"},"inLanguage":"pl-PL","potentialAction":[{"@type":"ReadAction","target":["https:\/\/www.athenaroyal-cbh.com\/pl\/program-uroczystosci-bozonarodzeniowych\/"]}]},{"@type":"ImageObject","inLanguage":"pl-PL","@id":"https:\/\/www.athenaroyal-cbh.com\/pl\/program-uroczystosci-bozonarodzeniowych\/#primaryimage","url":"https:\/\/www.athenaroyal-cbh.com\/app\/uploads\/sites\/32\/2020\/12\/Untitled-design-11.jpg","contentUrl":"https:\/\/www.athenaroyal-cbh.com\/app\/uploads\/sites\/32\/2020\/12\/Untitled-design-11.jpg","width":2000,"height":1600},{"@type":"BreadcrumbList","@id":"https:\/\/www.athenaroyal-cbh.com\/pl\/program-uroczystosci-bozonarodzeniowych\/#breadcrumb","itemListElement":[{"@type":"ListItem","position":1,"name":"Home","item":"https:\/\/www.athenaroyal-cbh.com\/pl\/"},{"@type":"ListItem","position":2,"name":"Uroczysto\u015bci \u015bwi\u0105teczne i noworoczne"}]},{"@type":"WebSite","@id":"https:\/\/www.athenaroyal-cbh.com\/pl\/#website","url":"https:\/\/www.athenaroyal-cbh.com\/pl\/","name":"\u0391thena Royal Beach Hotel","description":"Constantinou Bros Athena Royal Hotel, 4 star hotel in Paphos Cyprus","potentialAction":[{"@type":"SearchAction","target":{"@type":"EntryPoint","urlTemplate":"https:\/\/www.athenaroyal-cbh.com\/pl\/?s={search_term_string}"},"query-input":{"@type":"PropertyValueSpecification","valueRequired":true,"valueName":"search_term_string"}}],"inLanguage":"pl-PL"}]}},"_links":{"self":[{"href":"https:\/\/www.athenaroyal-cbh.com\/pl\/wp-json\/wp\/v2\/pages\/23760","targetHints":{"allow":["GET"]}}],"collection":[{"href":"https:\/\/www.athenaroyal-cbh.com\/pl\/wp-json\/wp\/v2\/pages"}],"about":[{"href":"https:\/\/www.athenaroyal-cbh.com\/pl\/wp-json\/wp\/v2\/types\/page"}],"author":[{"embeddable":true,"href":"https:\/\/www.athenaroyal-cbh.com\/pl\/wp-json\/wp\/v2\/users\/1"}],"replies":[{"embeddable":true,"href":"https:\/\/www.athenaroyal-cbh.com\/pl\/wp-json\/wp\/v2\/comments?post=23760"}],"version-history":[{"count":1,"href":"https:\/\/www.athenaroyal-cbh.com\/pl\/wp-json\/wp\/v2\/pages\/23760\/revisions"}],"predecessor-version":[{"id":26155,"href":"https:\/\/www.athenaroyal-cbh.com\/pl\/wp-json\/wp\/v2\/pages\/23760\/revisions\/26155"}],"wp:featuredmedia":[{"embeddable":true,"href":"https:\/\/www.athenaroyal-cbh.com\/pl\/wp-json\/wp\/v2\/media\/24022"}],"wp:attachment":[{"href":"https:\/\/www.athenaroyal-cbh.com\/pl\/wp-json\/wp\/v2\/media?parent=23760"}],"curies":[{"name":"wp","href":"https:\/\/api.w.org\/{rel}","templated":true}]}}