{"id":23690,"date":"2024-07-23T10:46:58","date_gmt":"2024-07-23T07:46:58","guid":{"rendered":"https:\/\/www.athenaroyal-cbh.com\/hotel\/lokalizacja\/"},"modified":"2024-09-16T18:01:02","modified_gmt":"2024-09-16T15:01:02","slug":"lokalizacja","status":"publish","type":"page","link":"https:\/\/www.athenaroyal-cbh.com\/pl\/hotel\/lokalizacja\/","title":{"rendered":"Lokalizacja"},"content":{"rendered":"<p>Hotel Athena Royal Beach po\u0142o\u017cony jest przy pi\u0119knej pla\u017cy w mie\u015bcie Kato Pafos.<br \/>\nW niewielkiej odleg\u0142o\u015bci od hotelu znajd\u0105 Pa\u0144stwo interesuj\u0105ce zabytki archeologiczne, restauracje, bary i sklepy.<br \/>\nKilka metr\u00f3w od wej\u015bcia do hotelu znajduje si\u0119 przystanek autobusowy, a taks\u00f3wki s\u0105 zawsze dost\u0119pne.<\/p>\n<h4><strong>Odleg\u0142o\u015b\u0107:<\/strong><\/h4>\n<ul>\n<li>50 m od bar\u00f3w i restauracji<\/li>\n<li>1,5 km od centrum kurortu<\/li>\n<li>2,5 km od Starego Portu w Pafos<\/li>\n<li>15 km od mi\u0119dzynarodowego lotniska w Pafos<\/li>\n<li>140 km od mi\u0119dzynarodowego lotniska w Larnace<\/li>\n<\/ul>\n<h4><\/h4>\n<h4>Wskaz\u00f3wki dojazdu<\/h4>\n<h5>Dojazd z lotniska w Pafos do hotelu Athena Royal Beach (oko\u0142o 20 minut):<\/h5>\n<ul>\n<li>Prosz\u0119 jecha\u0107 drog\u0105 p\u0119tli lotniskowej przez 400 m, a\u017c dotr\u0105 Pa\u0144stwo do skrzy\u017cowania (ronda).<\/li>\n<li>Prosz\u0119 zjecha\u0107 z pierwszego ronda (w lewo) i jecha\u0107 prosto przez 3,9 km, a\u017c do ko\u0144ca drogi, na skrzy\u017cowaniu w kszta\u0142cie litery &#8220;T&#8221;.<\/li>\n<li>Prosz\u0119 skr\u0119ci\u0107 w lewo i jecha\u0107 przez 2,0 km<\/li>\n<li>Prosz\u0119 skr\u0119ci\u0107 w prawo na drog\u0119 prowadz\u0105c\u0105 do miejscowo\u015bci Ayia Barbara i jecha\u0107 przez 1,5 km.<\/li>\n<li>Tu\u017c przed mostem wjazdowym na autostrad\u0119 A6 Limassol-Paphos prosz\u0119 skr\u0119ci\u0107 w lewo w drog\u0119 wjazdow\u0105 na autostrad\u0119.<\/li>\n<li>Prosz\u0119 wjecha\u0107 na autostrad\u0119 A6 i jecha\u0107 prosto przez 6,9 km, a\u017c do ko\u0144ca autostrady na w\u0119\u017ale Paphos A6 (rondo).<\/li>\n<li>Prosz\u0119 zjecha\u0107 z pierwszego ronda w lewo na Dimokratias Avenue.<\/li>\n<li>Prosz\u0119 jecha\u0107 prosto przez 1,8 km, a\u017c dotr\u0105 Pa\u0144stwo do skrzy\u017cowania Paphiakos (rondo).<\/li>\n<li>Prosz\u0119 zjecha\u0107 drugim zjazdem z ronda (w przeciwnym kierunku) na Evropis Avenue.<\/li>\n<li>Prosz\u0119 jecha\u0107 prosto przez 2,2 km, a\u017c dotr\u0105 Pa\u0144stwo do skrzy\u017cowania Kato Paphos (rondo).<\/li>\n<li>Prosz\u0119 zjecha\u0107 drugim zjazdem z ronda (w przeciwnym kierunku) na Danaes Avenue.<\/li>\n<li>Prosz\u0119 jecha\u0107 prosto przez 600 m, a\u017c do ko\u0144ca alei na skrzy\u017cowaniu w kszta\u0142cie litery T z alej\u0105 Poseidonos.<\/li>\n<li>Prosz\u0119 skr\u0119ci\u0107 w lewo w Poseidonos Avenue i jecha\u0107 350 m.<br \/>\nPo prawej stronie zobacz\u0105 Pa\u0144stwo Athena Royal Beach Hotel.<\/li>\n<\/ul>\n<h5>Dojazd z lotniska w Larnace do hotelu Athena Royal Beach (oko\u0142o 1,5 godziny):<\/h5>\n<ul>\n<li>Prosz\u0119 jecha\u0107 drog\u0105 p\u0119tli lotniskowej przez 650 m, a\u017c dotr\u0105 Pa\u0144stwo do skrzy\u017cowania (ronda).<\/li>\n<li>Prosz\u0119 zjecha\u0107 z pierwszego ronda (skr\u0119ci\u0107 w lewo), wje\u017cd\u017caj\u0105c na autostrad\u0119 A3.<\/li>\n<li>Prosz\u0119 jecha\u0107 prosto przez 5 km i zjecha\u0107 tu\u017c przed skrzy\u017cowaniem Kalo Chorio (rondo nad mostem).<\/li>\n<li>Trzymaj\u0105c si\u0119 lewego pasa drogi wyjazdowej, prosz\u0119 wjecha\u0107 na autostrad\u0119 A5.<\/li>\n<li>Prosz\u0119 jecha\u0107 prosto przez 18,4 km, a\u017c autostrada A5 po\u0142\u0105czy si\u0119 z autostrad\u0105 A1.<\/li>\n<li>Prosz\u0119 wjecha\u0107 na autostrad\u0119 A1 i jecha\u0107 przez 29 km, a\u017c dotr\u0105 Pa\u0144stwo do Limassol<\/li>\n<li>Prosz\u0119 jecha\u0107 prosto, podczas gdy autostrada A1 przecina Limassol i zmienia nazw\u0119 na A6.<\/li>\n<li>Prosz\u0119 jecha\u0107 przez 65 km, a\u017c autostrada si\u0119 sko\u0144czy i dotr\u0105 Pa\u0144stwo do skrzy\u017cowania Paphos A6 (rondo).<\/li>\n<li>Prosz\u0119 zjecha\u0107 z pierwszego ronda w lewo na Dimokratias Avenue.<\/li>\n<li>Prosz\u0119 jecha\u0107 prosto przez 1,8 km, a\u017c dotr\u0105 Pa\u0144stwo do skrzy\u017cowania Paphiakos (rondo).<\/li>\n<li>Prosz\u0119 zjecha\u0107 drugim zjazdem z ronda (w przeciwnym kierunku) na Evropis Avenue.<\/li>\n<li>Prosz\u0119 jecha\u0107 prosto przez 2,2 km, a\u017c dotr\u0105 Pa\u0144stwo do skrzy\u017cowania Kato Paphos (rondo).<\/li>\n<li>Prosz\u0119 zjecha\u0107 drugim zjazdem z ronda (w przeciwnym kierunku) na Danaes Avenue.<\/li>\n<li>Prosz\u0119 jecha\u0107 prosto przez 600 m, a\u017c do ko\u0144ca alei na skrzy\u017cowaniu w kszta\u0142cie litery T z alej\u0105 Poseidonos.<\/li>\n<li>Prosz\u0119 skr\u0119ci\u0107 w lewo w Poseidonos Avenue i jecha\u0107 350 m.<br \/>\nPo prawej stronie zobacz\u0105 Pa\u0144stwo Athena Royal Beach Hotel.<\/li>\n<\/ul>\n","protected":false},"excerpt":{"rendered":"<p>Hotel Athena Royal Beach po\u0142o\u017cony jest przy pi\u0119knej pla\u017cy w mie\u015bcie Kato Pafos. W niewielkiej odleg\u0142o\u015bci od hotelu znajd\u0105 Pa\u0144stwo interesuj\u0105ce zabytki archeologiczne, restauracje, bary i sklepy. Kilka metr\u00f3w od wej\u015bcia do hotelu znajduje si\u0119 przystanek autobusowy, a taks\u00f3wki s\u0105 zawsze dost\u0119pne. Odleg\u0142o\u015b\u0107: 50 m od bar\u00f3w i restauracji 1,5 km od centrum kurortu 2,5<\/p>\n","protected":false},"author":1,"featured_media":25368,"parent":23586,"menu_order":0,"comment_status":"closed","ping_status":"closed","template":"page-templates\/location.php","meta":{"_acf_changed":false,"footnotes":""},"class_list":["post-23690","page","type-page","status-publish","has-post-thumbnail","hentry"],"acf":[],"yoast_head":"<!-- This site is optimized with the Yoast SEO plugin v27.4 - https:\/\/yoast.com\/product\/yoast-seo-wordpress\/ -->\n<title>Luksusowy hotel przy pla\u017cy w Pafos na Cyprze || Athena Royal Hotel<\/title>\n<meta name=\"description\" content=\"Ciesz si\u0119 niesamowitym po\u0142o\u017ceniem naszego luksusowego hotelu przy pla\u017cy w Pafos, Athena Royal Hotel by Constantinou Bros, po\u0142o\u017conego w Kato Pafos, wzd\u0142u\u017c linii brzegowej.\" \/>\n<meta name=\"robots\" content=\"index, follow, max-snippet:-1, max-image-preview:large, max-video-preview:-1\" \/>\n<link rel=\"canonical\" href=\"https:\/\/www.athenaroyal-cbh.com\/pl\/hotel\/lokalizacja\/\" \/>\n<meta property=\"og:locale\" content=\"pl_PL\" \/>\n<meta property=\"og:type\" content=\"article\" \/>\n<meta property=\"og:title\" content=\"Luksusowy hotel przy pla\u017cy w Pafos na Cyprze || Athena Royal Hotel\" \/>\n<meta property=\"og:description\" content=\"Ciesz si\u0119 niesamowitym po\u0142o\u017ceniem naszego luksusowego hotelu przy pla\u017cy w Pafos, Athena Royal Hotel by Constantinou Bros, po\u0142o\u017conego w Kato Pafos, wzd\u0142u\u017c linii brzegowej.\" \/>\n<meta property=\"og:url\" content=\"https:\/\/www.athenaroyal-cbh.com\/pl\/hotel\/lokalizacja\/\" \/>\n<meta property=\"og:site_name\" content=\"\u0391thena Royal Beach Hotel\" \/>\n<meta property=\"article:modified_time\" content=\"2024-09-16T15:01:02+00:00\" \/>\n<meta property=\"og:image\" content=\"https:\/\/www.athenaroyal-cbh.com\/app\/uploads\/sites\/32\/2019\/05\/athena-royal-beach-hotel-cabanas0_resized.jpg\" \/>\n\t<meta property=\"og:image:width\" content=\"1920\" \/>\n\t<meta property=\"og:image:height\" content=\"1277\" \/>\n\t<meta property=\"og:image:type\" content=\"image\/jpeg\" \/>\n<meta name=\"twitter:card\" content=\"summary_large_image\" \/>\n<meta name=\"twitter:label1\" content=\"Est. reading time\" \/>\n\t<meta name=\"twitter:data1\" content=\"4 minutes\" \/>\n<script type=\"application\/ld+json\" class=\"yoast-schema-graph\">{\"@context\":\"https:\\\/\\\/schema.org\",\"@graph\":[{\"@type\":\"WebPage\",\"@id\":\"https:\\\/\\\/www.athenaroyal-cbh.com\\\/pl\\\/hotel\\\/lokalizacja\\\/\",\"url\":\"https:\\\/\\\/www.athenaroyal-cbh.com\\\/pl\\\/hotel\\\/lokalizacja\\\/\",\"name\":\"Luksusowy hotel przy pla\u017cy w Pafos na Cyprze || Athena Royal Hotel\",\"isPartOf\":{\"@id\":\"https:\\\/\\\/www.athenaroyal-cbh.com\\\/pl\\\/#website\"},\"primaryImageOfPage\":{\"@id\":\"https:\\\/\\\/www.athenaroyal-cbh.com\\\/pl\\\/hotel\\\/lokalizacja\\\/#primaryimage\"},\"image\":{\"@id\":\"https:\\\/\\\/www.athenaroyal-cbh.com\\\/pl\\\/hotel\\\/lokalizacja\\\/#primaryimage\"},\"thumbnailUrl\":\"https:\\\/\\\/www.athenaroyal-cbh.com\\\/app\\\/uploads\\\/sites\\\/32\\\/2019\\\/05\\\/athena-royal-beach-hotel-cabanas0_resized.jpg\",\"datePublished\":\"2024-07-23T07:46:58+00:00\",\"dateModified\":\"2024-09-16T15:01:02+00:00\",\"description\":\"Ciesz si\u0119 niesamowitym po\u0142o\u017ceniem naszego luksusowego hotelu przy pla\u017cy w Pafos, Athena Royal Hotel by Constantinou Bros, po\u0142o\u017conego w Kato Pafos, wzd\u0142u\u017c linii brzegowej.\",\"breadcrumb\":{\"@id\":\"https:\\\/\\\/www.athenaroyal-cbh.com\\\/pl\\\/hotel\\\/lokalizacja\\\/#breadcrumb\"},\"inLanguage\":\"pl-PL\",\"potentialAction\":[{\"@type\":\"ReadAction\",\"target\":[\"https:\\\/\\\/www.athenaroyal-cbh.com\\\/pl\\\/hotel\\\/lokalizacja\\\/\"]}]},{\"@type\":\"ImageObject\",\"inLanguage\":\"pl-PL\",\"@id\":\"https:\\\/\\\/www.athenaroyal-cbh.com\\\/pl\\\/hotel\\\/lokalizacja\\\/#primaryimage\",\"url\":\"https:\\\/\\\/www.athenaroyal-cbh.com\\\/app\\\/uploads\\\/sites\\\/32\\\/2019\\\/05\\\/athena-royal-beach-hotel-cabanas0_resized.jpg\",\"contentUrl\":\"https:\\\/\\\/www.athenaroyal-cbh.com\\\/app\\\/uploads\\\/sites\\\/32\\\/2019\\\/05\\\/athena-royal-beach-hotel-cabanas0_resized.jpg\",\"width\":1920,\"height\":1277},{\"@type\":\"BreadcrumbList\",\"@id\":\"https:\\\/\\\/www.athenaroyal-cbh.com\\\/pl\\\/hotel\\\/lokalizacja\\\/#breadcrumb\",\"itemListElement\":[{\"@type\":\"ListItem\",\"position\":1,\"name\":\"Home\",\"item\":\"https:\\\/\\\/www.athenaroyal-cbh.com\\\/pl\\\/\"},{\"@type\":\"ListItem\",\"position\":2,\"name\":\"Hotel\",\"item\":\"https:\\\/\\\/www.athenaroyal-cbh.com\\\/pl\\\/hotel\\\/\"},{\"@type\":\"ListItem\",\"position\":3,\"name\":\"Lokalizacja\"}]},{\"@type\":\"WebSite\",\"@id\":\"https:\\\/\\\/www.athenaroyal-cbh.com\\\/pl\\\/#website\",\"url\":\"https:\\\/\\\/www.athenaroyal-cbh.com\\\/pl\\\/\",\"name\":\"\u0391thena Royal Beach Hotel\",\"description\":\"Constantinou Bros Athena Royal Hotel, 4 star hotel in Paphos Cyprus\",\"potentialAction\":[{\"@type\":\"SearchAction\",\"target\":{\"@type\":\"EntryPoint\",\"urlTemplate\":\"https:\\\/\\\/www.athenaroyal-cbh.com\\\/pl\\\/?s={search_term_string}\"},\"query-input\":{\"@type\":\"PropertyValueSpecification\",\"valueRequired\":true,\"valueName\":\"search_term_string\"}}],\"inLanguage\":\"pl-PL\"}]}<\/script>\n<!-- \/ Yoast SEO plugin. -->","yoast_head_json":{"title":"Luksusowy hotel przy pla\u017cy w Pafos na Cyprze || Athena Royal Hotel","description":"Ciesz si\u0119 niesamowitym po\u0142o\u017ceniem naszego luksusowego hotelu przy pla\u017cy w Pafos, Athena Royal Hotel by Constantinou Bros, po\u0142o\u017conego w Kato Pafos, wzd\u0142u\u017c linii brzegowej.","robots":{"index":"index","follow":"follow","max-snippet":"max-snippet:-1","max-image-preview":"max-image-preview:large","max-video-preview":"max-video-preview:-1"},"canonical":"https:\/\/www.athenaroyal-cbh.com\/pl\/hotel\/lokalizacja\/","og_locale":"pl_PL","og_type":"article","og_title":"Luksusowy hotel przy pla\u017cy w Pafos na Cyprze || Athena Royal Hotel","og_description":"Ciesz si\u0119 niesamowitym po\u0142o\u017ceniem naszego luksusowego hotelu przy pla\u017cy w Pafos, Athena Royal Hotel by Constantinou Bros, po\u0142o\u017conego w Kato Pafos, wzd\u0142u\u017c linii brzegowej.","og_url":"https:\/\/www.athenaroyal-cbh.com\/pl\/hotel\/lokalizacja\/","og_site_name":"\u0391thena Royal Beach Hotel","article_modified_time":"2024-09-16T15:01:02+00:00","og_image":[{"width":1920,"height":1277,"url":"https:\/\/www.athenaroyal-cbh.com\/app\/uploads\/sites\/32\/2019\/05\/athena-royal-beach-hotel-cabanas0_resized.jpg","type":"image\/jpeg"}],"twitter_card":"summary_large_image","twitter_misc":{"Est. reading time":"4 minutes"},"schema":{"@context":"https:\/\/schema.org","@graph":[{"@type":"WebPage","@id":"https:\/\/www.athenaroyal-cbh.com\/pl\/hotel\/lokalizacja\/","url":"https:\/\/www.athenaroyal-cbh.com\/pl\/hotel\/lokalizacja\/","name":"Luksusowy hotel przy pla\u017cy w Pafos na Cyprze || Athena Royal Hotel","isPartOf":{"@id":"https:\/\/www.athenaroyal-cbh.com\/pl\/#website"},"primaryImageOfPage":{"@id":"https:\/\/www.athenaroyal-cbh.com\/pl\/hotel\/lokalizacja\/#primaryimage"},"image":{"@id":"https:\/\/www.athenaroyal-cbh.com\/pl\/hotel\/lokalizacja\/#primaryimage"},"thumbnailUrl":"https:\/\/www.athenaroyal-cbh.com\/app\/uploads\/sites\/32\/2019\/05\/athena-royal-beach-hotel-cabanas0_resized.jpg","datePublished":"2024-07-23T07:46:58+00:00","dateModified":"2024-09-16T15:01:02+00:00","description":"Ciesz si\u0119 niesamowitym po\u0142o\u017ceniem naszego luksusowego hotelu przy pla\u017cy w Pafos, Athena Royal Hotel by Constantinou Bros, po\u0142o\u017conego w Kato Pafos, wzd\u0142u\u017c linii brzegowej.","breadcrumb":{"@id":"https:\/\/www.athenaroyal-cbh.com\/pl\/hotel\/lokalizacja\/#breadcrumb"},"inLanguage":"pl-PL","potentialAction":[{"@type":"ReadAction","target":["https:\/\/www.athenaroyal-cbh.com\/pl\/hotel\/lokalizacja\/"]}]},{"@type":"ImageObject","inLanguage":"pl-PL","@id":"https:\/\/www.athenaroyal-cbh.com\/pl\/hotel\/lokalizacja\/#primaryimage","url":"https:\/\/www.athenaroyal-cbh.com\/app\/uploads\/sites\/32\/2019\/05\/athena-royal-beach-hotel-cabanas0_resized.jpg","contentUrl":"https:\/\/www.athenaroyal-cbh.com\/app\/uploads\/sites\/32\/2019\/05\/athena-royal-beach-hotel-cabanas0_resized.jpg","width":1920,"height":1277},{"@type":"BreadcrumbList","@id":"https:\/\/www.athenaroyal-cbh.com\/pl\/hotel\/lokalizacja\/#breadcrumb","itemListElement":[{"@type":"ListItem","position":1,"name":"Home","item":"https:\/\/www.athenaroyal-cbh.com\/pl\/"},{"@type":"ListItem","position":2,"name":"Hotel","item":"https:\/\/www.athenaroyal-cbh.com\/pl\/hotel\/"},{"@type":"ListItem","position":3,"name":"Lokalizacja"}]},{"@type":"WebSite","@id":"https:\/\/www.athenaroyal-cbh.com\/pl\/#website","url":"https:\/\/www.athenaroyal-cbh.com\/pl\/","name":"\u0391thena Royal Beach Hotel","description":"Constantinou Bros Athena Royal Hotel, 4 star hotel in Paphos Cyprus","potentialAction":[{"@type":"SearchAction","target":{"@type":"EntryPoint","urlTemplate":"https:\/\/www.athenaroyal-cbh.com\/pl\/?s={search_term_string}"},"query-input":{"@type":"PropertyValueSpecification","valueRequired":true,"valueName":"search_term_string"}}],"inLanguage":"pl-PL"}]}},"_links":{"self":[{"href":"https:\/\/www.athenaroyal-cbh.com\/pl\/wp-json\/wp\/v2\/pages\/23690","targetHints":{"allow":["GET"]}}],"collection":[{"href":"https:\/\/www.athenaroyal-cbh.com\/pl\/wp-json\/wp\/v2\/pages"}],"about":[{"href":"https:\/\/www.athenaroyal-cbh.com\/pl\/wp-json\/wp\/v2\/types\/page"}],"author":[{"embeddable":true,"href":"https:\/\/www.athenaroyal-cbh.com\/pl\/wp-json\/wp\/v2\/users\/1"}],"replies":[{"embeddable":true,"href":"https:\/\/www.athenaroyal-cbh.com\/pl\/wp-json\/wp\/v2\/comments?post=23690"}],"version-history":[{"count":1,"href":"https:\/\/www.athenaroyal-cbh.com\/pl\/wp-json\/wp\/v2\/pages\/23690\/revisions"}],"predecessor-version":[{"id":26030,"href":"https:\/\/www.athenaroyal-cbh.com\/pl\/wp-json\/wp\/v2\/pages\/23690\/revisions\/26030"}],"up":[{"embeddable":true,"href":"https:\/\/www.athenaroyal-cbh.com\/pl\/wp-json\/wp\/v2\/pages\/23586"}],"wp:featuredmedia":[{"embeddable":true,"href":"https:\/\/www.athenaroyal-cbh.com\/pl\/wp-json\/wp\/v2\/media\/25368"}],"wp:attachment":[{"href":"https:\/\/www.athenaroyal-cbh.com\/pl\/wp-json\/wp\/v2\/media?parent=23690"}],"curies":[{"name":"wp","href":"https:\/\/api.w.org\/{rel}","templated":true}]}}