{"id":23665,"date":"2024-07-23T10:46:40","date_gmt":"2024-07-23T07:46:40","guid":{"rendered":"https:\/\/www.athenaroyal-cbh.com\/nagrody\/"},"modified":"2026-04-23T11:49:41","modified_gmt":"2026-04-23T08:49:41","slug":"nagrody","status":"publish","type":"page","link":"https:\/\/www.athenaroyal-cbh.com\/pl\/nagrody\/","title":{"rendered":"Nagrody"},"content":{"rendered":"<p>Ka\u017cda bran\u017ca ma swoje kryteria, mierniki sukcesu. Bran\u017ca hotelarska stosuje system nagr\u00f3d oparty na punktach zgromadzonych przez hotele zgodnie z kwestionariuszami, kt\u00f3re touroperatorzy prosz\u0105 swoich klient\u00f3w o wype\u0142nienie pod koniec wakacji. <\/p>\n<p>Athena Royal Beach Hotel mo\u017ce pochwali\u0107 si\u0119 imponuj\u0105c\u0105 liczb\u0105 nagr\u00f3d od momentu otwarcia.<\/p>\n","protected":false},"excerpt":{"rendered":"<p>Ka\u017cda bran\u017ca ma swoje kryteria, mierniki sukcesu. Bran\u017ca hotelarska stosuje system nagr\u00f3d oparty na punktach zgromadzonych przez hotele zgodnie z kwestionariuszami, kt\u00f3re touroperatorzy prosz\u0105 swoich klient\u00f3w o wype\u0142nienie pod koniec wakacji. Athena Royal Beach Hotel mo\u017ce pochwali\u0107 si\u0119 imponuj\u0105c\u0105 liczb\u0105 nagr\u00f3d od momentu otwarcia.<\/p>\n","protected":false},"author":1,"featured_media":25363,"parent":0,"menu_order":0,"comment_status":"closed","ping_status":"closed","template":"page-templates\/accordion.php","meta":{"_acf_changed":false,"footnotes":""},"class_list":["post-23665","page","type-page","status-publish","has-post-thumbnail","hentry"],"acf":[],"yoast_head":"<!-- This site is optimized with the Yoast SEO plugin v27.4 - https:\/\/yoast.com\/product\/yoast-seo-wordpress\/ -->\n<title>Lista nagr\u00f3d hotelu Athena Royal Beach || Athena Royal Hotel<\/title>\n<meta name=\"description\" content=\"Tutaj znajd\u0105 Pa\u0144stwo list\u0119 wszystkich nagr\u00f3d, wyr\u00f3\u017cnie\u0144, odznacze\u0144 i certyfikat\u00f3w przyznanych hotelowi Athena Royal Beach od 2005 roku do dzi\u015b.\" \/>\n<meta name=\"robots\" content=\"index, follow, max-snippet:-1, max-image-preview:large, max-video-preview:-1\" \/>\n<link rel=\"canonical\" href=\"https:\/\/www.athenaroyal-cbh.com\/pl\/nagrody\/\" \/>\n<meta property=\"og:locale\" content=\"pl_PL\" \/>\n<meta property=\"og:type\" content=\"article\" \/>\n<meta property=\"og:title\" content=\"Lista nagr\u00f3d hotelu Athena Royal Beach || Athena Royal Hotel\" \/>\n<meta property=\"og:description\" content=\"Tutaj znajd\u0105 Pa\u0144stwo list\u0119 wszystkich nagr\u00f3d, wyr\u00f3\u017cnie\u0144, odznacze\u0144 i certyfikat\u00f3w przyznanych hotelowi Athena Royal Beach od 2005 roku do dzi\u015b.\" \/>\n<meta property=\"og:url\" content=\"https:\/\/www.athenaroyal-cbh.com\/pl\/nagrody\/\" \/>\n<meta property=\"og:site_name\" content=\"\u0391thena Royal Beach Hotel\" \/>\n<meta property=\"article:modified_time\" content=\"2026-04-23T08:49:41+00:00\" \/>\n<meta property=\"og:image\" content=\"https:\/\/www.athenaroyal-cbh.com\/app\/uploads\/sites\/32\/2019\/05\/athena-royal-beach-hotel-exterior-view_resized-1.jpg\" \/>\n\t<meta property=\"og:image:width\" content=\"1920\" \/>\n\t<meta property=\"og:image:height\" content=\"1277\" \/>\n\t<meta property=\"og:image:type\" content=\"image\/jpeg\" \/>\n<meta name=\"twitter:card\" content=\"summary_large_image\" \/>\n<meta name=\"twitter:label1\" content=\"Est. reading time\" \/>\n\t<meta name=\"twitter:data1\" content=\"1 minute\" \/>\n<script type=\"application\/ld+json\" class=\"yoast-schema-graph\">{\"@context\":\"https:\\\/\\\/schema.org\",\"@graph\":[{\"@type\":\"WebPage\",\"@id\":\"https:\\\/\\\/www.athenaroyal-cbh.com\\\/pl\\\/nagrody\\\/\",\"url\":\"https:\\\/\\\/www.athenaroyal-cbh.com\\\/pl\\\/nagrody\\\/\",\"name\":\"Lista nagr\u00f3d hotelu Athena Royal Beach || Athena Royal Hotel\",\"isPartOf\":{\"@id\":\"https:\\\/\\\/www.athenaroyal-cbh.com\\\/pl\\\/#website\"},\"primaryImageOfPage\":{\"@id\":\"https:\\\/\\\/www.athenaroyal-cbh.com\\\/pl\\\/nagrody\\\/#primaryimage\"},\"image\":{\"@id\":\"https:\\\/\\\/www.athenaroyal-cbh.com\\\/pl\\\/nagrody\\\/#primaryimage\"},\"thumbnailUrl\":\"https:\\\/\\\/www.athenaroyal-cbh.com\\\/app\\\/uploads\\\/sites\\\/32\\\/2019\\\/05\\\/athena-royal-beach-hotel-exterior-view_resized-1.jpg\",\"datePublished\":\"2024-07-23T07:46:40+00:00\",\"dateModified\":\"2026-04-23T08:49:41+00:00\",\"description\":\"Tutaj znajd\u0105 Pa\u0144stwo list\u0119 wszystkich nagr\u00f3d, wyr\u00f3\u017cnie\u0144, odznacze\u0144 i certyfikat\u00f3w przyznanych hotelowi Athena Royal Beach od 2005 roku do dzi\u015b.\",\"breadcrumb\":{\"@id\":\"https:\\\/\\\/www.athenaroyal-cbh.com\\\/pl\\\/nagrody\\\/#breadcrumb\"},\"inLanguage\":\"pl-PL\",\"potentialAction\":[{\"@type\":\"ReadAction\",\"target\":[\"https:\\\/\\\/www.athenaroyal-cbh.com\\\/pl\\\/nagrody\\\/\"]}]},{\"@type\":\"ImageObject\",\"inLanguage\":\"pl-PL\",\"@id\":\"https:\\\/\\\/www.athenaroyal-cbh.com\\\/pl\\\/nagrody\\\/#primaryimage\",\"url\":\"https:\\\/\\\/www.athenaroyal-cbh.com\\\/app\\\/uploads\\\/sites\\\/32\\\/2019\\\/05\\\/athena-royal-beach-hotel-exterior-view_resized-1.jpg\",\"contentUrl\":\"https:\\\/\\\/www.athenaroyal-cbh.com\\\/app\\\/uploads\\\/sites\\\/32\\\/2019\\\/05\\\/athena-royal-beach-hotel-exterior-view_resized-1.jpg\",\"width\":1920,\"height\":1277,\"caption\":\"Witamy w hotelu Athena Royal Beach\"},{\"@type\":\"BreadcrumbList\",\"@id\":\"https:\\\/\\\/www.athenaroyal-cbh.com\\\/pl\\\/nagrody\\\/#breadcrumb\",\"itemListElement\":[{\"@type\":\"ListItem\",\"position\":1,\"name\":\"Home\",\"item\":\"https:\\\/\\\/www.athenaroyal-cbh.com\\\/pl\\\/\"},{\"@type\":\"ListItem\",\"position\":2,\"name\":\"Nagrody\"}]},{\"@type\":\"WebSite\",\"@id\":\"https:\\\/\\\/www.athenaroyal-cbh.com\\\/pl\\\/#website\",\"url\":\"https:\\\/\\\/www.athenaroyal-cbh.com\\\/pl\\\/\",\"name\":\"\u0391thena Royal Beach Hotel\",\"description\":\"Constantinou Bros Athena Royal Hotel, 4 star hotel in Paphos Cyprus\",\"potentialAction\":[{\"@type\":\"SearchAction\",\"target\":{\"@type\":\"EntryPoint\",\"urlTemplate\":\"https:\\\/\\\/www.athenaroyal-cbh.com\\\/pl\\\/?s={search_term_string}\"},\"query-input\":{\"@type\":\"PropertyValueSpecification\",\"valueRequired\":true,\"valueName\":\"search_term_string\"}}],\"inLanguage\":\"pl-PL\"}]}<\/script>\n<!-- \/ Yoast SEO plugin. -->","yoast_head_json":{"title":"Lista nagr\u00f3d hotelu Athena Royal Beach || Athena Royal Hotel","description":"Tutaj znajd\u0105 Pa\u0144stwo list\u0119 wszystkich nagr\u00f3d, wyr\u00f3\u017cnie\u0144, odznacze\u0144 i certyfikat\u00f3w przyznanych hotelowi Athena Royal Beach od 2005 roku do dzi\u015b.","robots":{"index":"index","follow":"follow","max-snippet":"max-snippet:-1","max-image-preview":"max-image-preview:large","max-video-preview":"max-video-preview:-1"},"canonical":"https:\/\/www.athenaroyal-cbh.com\/pl\/nagrody\/","og_locale":"pl_PL","og_type":"article","og_title":"Lista nagr\u00f3d hotelu Athena Royal Beach || Athena Royal Hotel","og_description":"Tutaj znajd\u0105 Pa\u0144stwo list\u0119 wszystkich nagr\u00f3d, wyr\u00f3\u017cnie\u0144, odznacze\u0144 i certyfikat\u00f3w przyznanych hotelowi Athena Royal Beach od 2005 roku do dzi\u015b.","og_url":"https:\/\/www.athenaroyal-cbh.com\/pl\/nagrody\/","og_site_name":"\u0391thena Royal Beach Hotel","article_modified_time":"2026-04-23T08:49:41+00:00","og_image":[{"width":1920,"height":1277,"url":"https:\/\/www.athenaroyal-cbh.com\/app\/uploads\/sites\/32\/2019\/05\/athena-royal-beach-hotel-exterior-view_resized-1.jpg","type":"image\/jpeg"}],"twitter_card":"summary_large_image","twitter_misc":{"Est. reading time":"1 minute"},"schema":{"@context":"https:\/\/schema.org","@graph":[{"@type":"WebPage","@id":"https:\/\/www.athenaroyal-cbh.com\/pl\/nagrody\/","url":"https:\/\/www.athenaroyal-cbh.com\/pl\/nagrody\/","name":"Lista nagr\u00f3d hotelu Athena Royal Beach || Athena Royal Hotel","isPartOf":{"@id":"https:\/\/www.athenaroyal-cbh.com\/pl\/#website"},"primaryImageOfPage":{"@id":"https:\/\/www.athenaroyal-cbh.com\/pl\/nagrody\/#primaryimage"},"image":{"@id":"https:\/\/www.athenaroyal-cbh.com\/pl\/nagrody\/#primaryimage"},"thumbnailUrl":"https:\/\/www.athenaroyal-cbh.com\/app\/uploads\/sites\/32\/2019\/05\/athena-royal-beach-hotel-exterior-view_resized-1.jpg","datePublished":"2024-07-23T07:46:40+00:00","dateModified":"2026-04-23T08:49:41+00:00","description":"Tutaj znajd\u0105 Pa\u0144stwo list\u0119 wszystkich nagr\u00f3d, wyr\u00f3\u017cnie\u0144, odznacze\u0144 i certyfikat\u00f3w przyznanych hotelowi Athena Royal Beach od 2005 roku do dzi\u015b.","breadcrumb":{"@id":"https:\/\/www.athenaroyal-cbh.com\/pl\/nagrody\/#breadcrumb"},"inLanguage":"pl-PL","potentialAction":[{"@type":"ReadAction","target":["https:\/\/www.athenaroyal-cbh.com\/pl\/nagrody\/"]}]},{"@type":"ImageObject","inLanguage":"pl-PL","@id":"https:\/\/www.athenaroyal-cbh.com\/pl\/nagrody\/#primaryimage","url":"https:\/\/www.athenaroyal-cbh.com\/app\/uploads\/sites\/32\/2019\/05\/athena-royal-beach-hotel-exterior-view_resized-1.jpg","contentUrl":"https:\/\/www.athenaroyal-cbh.com\/app\/uploads\/sites\/32\/2019\/05\/athena-royal-beach-hotel-exterior-view_resized-1.jpg","width":1920,"height":1277,"caption":"Witamy w hotelu Athena Royal Beach"},{"@type":"BreadcrumbList","@id":"https:\/\/www.athenaroyal-cbh.com\/pl\/nagrody\/#breadcrumb","itemListElement":[{"@type":"ListItem","position":1,"name":"Home","item":"https:\/\/www.athenaroyal-cbh.com\/pl\/"},{"@type":"ListItem","position":2,"name":"Nagrody"}]},{"@type":"WebSite","@id":"https:\/\/www.athenaroyal-cbh.com\/pl\/#website","url":"https:\/\/www.athenaroyal-cbh.com\/pl\/","name":"\u0391thena Royal Beach Hotel","description":"Constantinou Bros Athena Royal Hotel, 4 star hotel in Paphos Cyprus","potentialAction":[{"@type":"SearchAction","target":{"@type":"EntryPoint","urlTemplate":"https:\/\/www.athenaroyal-cbh.com\/pl\/?s={search_term_string}"},"query-input":{"@type":"PropertyValueSpecification","valueRequired":true,"valueName":"search_term_string"}}],"inLanguage":"pl-PL"}]}},"_links":{"self":[{"href":"https:\/\/www.athenaroyal-cbh.com\/pl\/wp-json\/wp\/v2\/pages\/23665","targetHints":{"allow":["GET"]}}],"collection":[{"href":"https:\/\/www.athenaroyal-cbh.com\/pl\/wp-json\/wp\/v2\/pages"}],"about":[{"href":"https:\/\/www.athenaroyal-cbh.com\/pl\/wp-json\/wp\/v2\/types\/page"}],"author":[{"embeddable":true,"href":"https:\/\/www.athenaroyal-cbh.com\/pl\/wp-json\/wp\/v2\/users\/1"}],"replies":[{"embeddable":true,"href":"https:\/\/www.athenaroyal-cbh.com\/pl\/wp-json\/wp\/v2\/comments?post=23665"}],"version-history":[{"count":10,"href":"https:\/\/www.athenaroyal-cbh.com\/pl\/wp-json\/wp\/v2\/pages\/23665\/revisions"}],"predecessor-version":[{"id":27496,"href":"https:\/\/www.athenaroyal-cbh.com\/pl\/wp-json\/wp\/v2\/pages\/23665\/revisions\/27496"}],"wp:featuredmedia":[{"embeddable":true,"href":"https:\/\/www.athenaroyal-cbh.com\/pl\/wp-json\/wp\/v2\/media\/25363"}],"wp:attachment":[{"href":"https:\/\/www.athenaroyal-cbh.com\/pl\/wp-json\/wp\/v2\/media?parent=23665"}],"curies":[{"name":"wp","href":"https:\/\/api.w.org\/{rel}","templated":true}]}}