{"id":23644,"date":"2024-07-23T10:46:30","date_gmt":"2024-07-23T07:46:30","guid":{"rendered":"https:\/\/www.athenaroyal-cbh.com\/logicom-cypr-polmaraton-polmaraton\/"},"modified":"2024-09-16T17:59:45","modified_gmt":"2024-09-16T14:59:45","slug":"logicom-cypr-polmaraton-polmaraton","status":"publish","type":"page","link":"https:\/\/www.athenaroyal-cbh.com\/pl\/wiadomosci\/logicom-cypr-polmaraton-polmaraton\/","title":{"rendered":"Logicom Cyprus Marathon \/ Half Marathon"},"content":{"rendered":"<p>Po\u0142\u0105czenie zapieraj\u0105cej dech w piersiach historycznej scenerii z tradycyjn\u0105 \u015br\u00f3dziemnomorsk\u0105 go\u015bcinno\u015bci\u0105!<br \/>\nLogicom Cyprus Marathon rozpoczyna si\u0119 w miejscu narodzin Afrodyty (bogini mi\u0142o\u015bci i pi\u0119kna) i biegnie wzd\u0142u\u017c wybrze\u017ca Morza \u015ar\u00f3dziemnego.<br \/>\nMalownicza linia mety (i linia startu innych wy\u015bcig\u00f3w) znajduje si\u0119 na placu \u015bredniowiecznego fortu w Pafos, tu\u017c obok pi\u0119knego portu w Pafos.<br \/>\nProsz\u0119 wzi\u0105\u0107 udzia\u0142 w Logicom Cyprus Marathon i zakocha\u0107 si\u0119 w bieganiu! <a href=\"https:\/\/registration.mylaps.com\/cyprus-marathon\">Prosz\u0119 zarejestrowa\u0107 si\u0119 tutaj!<\/a><\/p>\n","protected":false},"excerpt":{"rendered":"<p>Po\u0142\u0105czenie zapieraj\u0105cej dech w piersiach historycznej scenerii z tradycyjn\u0105 \u015br\u00f3dziemnomorsk\u0105 go\u015bcinno\u015bci\u0105! Logicom Cyprus Marathon rozpoczyna si\u0119 w miejscu narodzin Afrodyty (bogini mi\u0142o\u015bci i pi\u0119kna) i biegnie wzd\u0142u\u017c wybrze\u017ca Morza \u015ar\u00f3dziemnego. Malownicza linia mety (i linia startu innych wy\u015bcig\u00f3w) znajduje si\u0119 na placu \u015bredniowiecznego fortu w Pafos, tu\u017c obok pi\u0119knego portu w Pafos. Prosz\u0119 wzi\u0105\u0107 udzia\u0142<\/p>\n","protected":false},"author":1,"featured_media":25341,"parent":23894,"menu_order":0,"comment_status":"closed","ping_status":"closed","template":"","meta":{"_acf_changed":false,"footnotes":""},"class_list":["post-23644","page","type-page","status-publish","has-post-thumbnail","hentry"],"acf":[],"yoast_head":"<!-- This site is optimized with the Yoast SEO plugin v27.4 - https:\/\/yoast.com\/product\/yoast-seo-wordpress\/ -->\n<title>Logicom Cyprus Marathon \/ Half Marathon - \u0391thena Royal Beach Hotel<\/title>\n<meta name=\"robots\" content=\"index, follow, max-snippet:-1, max-image-preview:large, max-video-preview:-1\" \/>\n<link rel=\"canonical\" href=\"https:\/\/www.athenaroyal-cbh.com\/pl\/wiadomosci\/logicom-cypr-polmaraton-polmaraton\/\" \/>\n<meta property=\"og:locale\" content=\"pl_PL\" \/>\n<meta property=\"og:type\" content=\"article\" \/>\n<meta property=\"og:title\" content=\"Logicom Cyprus Marathon \/ Half Marathon - \u0391thena Royal Beach Hotel\" \/>\n<meta property=\"og:description\" content=\"Po\u0142\u0105czenie zapieraj\u0105cej dech w piersiach historycznej scenerii z tradycyjn\u0105 \u015br\u00f3dziemnomorsk\u0105 go\u015bcinno\u015bci\u0105! Logicom Cyprus Marathon rozpoczyna si\u0119 w miejscu narodzin Afrodyty (bogini mi\u0142o\u015bci i pi\u0119kna) i biegnie wzd\u0142u\u017c wybrze\u017ca Morza \u015ar\u00f3dziemnego. Malownicza linia mety (i linia startu innych wy\u015bcig\u00f3w) znajduje si\u0119 na placu \u015bredniowiecznego fortu w Pafos, tu\u017c obok pi\u0119knego portu w Pafos. Prosz\u0119 wzi\u0105\u0107 udzia\u0142\" \/>\n<meta property=\"og:url\" content=\"https:\/\/www.athenaroyal-cbh.com\/pl\/wiadomosci\/logicom-cypr-polmaraton-polmaraton\/\" \/>\n<meta property=\"og:site_name\" content=\"\u0391thena Royal Beach Hotel\" \/>\n<meta property=\"article:modified_time\" content=\"2024-09-16T14:59:45+00:00\" \/>\n<meta property=\"og:image\" content=\"https:\/\/www.athenaroyal-cbh.com\/app\/uploads\/sites\/32\/2019\/07\/logicom_resized.jpg\" \/>\n\t<meta property=\"og:image:width\" content=\"1920\" \/>\n\t<meta property=\"og:image:height\" content=\"1280\" \/>\n\t<meta property=\"og:image:type\" content=\"image\/jpeg\" \/>\n<meta name=\"twitter:card\" content=\"summary_large_image\" \/>\n<meta name=\"twitter:label1\" content=\"Est. reading time\" \/>\n\t<meta name=\"twitter:data1\" content=\"1 minute\" \/>\n<script type=\"application\/ld+json\" class=\"yoast-schema-graph\">{\"@context\":\"https:\\\/\\\/schema.org\",\"@graph\":[{\"@type\":\"WebPage\",\"@id\":\"https:\\\/\\\/www.athenaroyal-cbh.com\\\/pl\\\/wiadomosci\\\/logicom-cypr-polmaraton-polmaraton\\\/\",\"url\":\"https:\\\/\\\/www.athenaroyal-cbh.com\\\/pl\\\/wiadomosci\\\/logicom-cypr-polmaraton-polmaraton\\\/\",\"name\":\"Logicom Cyprus Marathon \\\/ Half Marathon - \u0391thena Royal Beach Hotel\",\"isPartOf\":{\"@id\":\"https:\\\/\\\/www.athenaroyal-cbh.com\\\/pl\\\/#website\"},\"primaryImageOfPage\":{\"@id\":\"https:\\\/\\\/www.athenaroyal-cbh.com\\\/pl\\\/wiadomosci\\\/logicom-cypr-polmaraton-polmaraton\\\/#primaryimage\"},\"image\":{\"@id\":\"https:\\\/\\\/www.athenaroyal-cbh.com\\\/pl\\\/wiadomosci\\\/logicom-cypr-polmaraton-polmaraton\\\/#primaryimage\"},\"thumbnailUrl\":\"https:\\\/\\\/www.athenaroyal-cbh.com\\\/app\\\/uploads\\\/sites\\\/32\\\/2019\\\/07\\\/logicom_resized.jpg\",\"datePublished\":\"2024-07-23T07:46:30+00:00\",\"dateModified\":\"2024-09-16T14:59:45+00:00\",\"breadcrumb\":{\"@id\":\"https:\\\/\\\/www.athenaroyal-cbh.com\\\/pl\\\/wiadomosci\\\/logicom-cypr-polmaraton-polmaraton\\\/#breadcrumb\"},\"inLanguage\":\"pl-PL\",\"potentialAction\":[{\"@type\":\"ReadAction\",\"target\":[\"https:\\\/\\\/www.athenaroyal-cbh.com\\\/pl\\\/wiadomosci\\\/logicom-cypr-polmaraton-polmaraton\\\/\"]}]},{\"@type\":\"ImageObject\",\"inLanguage\":\"pl-PL\",\"@id\":\"https:\\\/\\\/www.athenaroyal-cbh.com\\\/pl\\\/wiadomosci\\\/logicom-cypr-polmaraton-polmaraton\\\/#primaryimage\",\"url\":\"https:\\\/\\\/www.athenaroyal-cbh.com\\\/app\\\/uploads\\\/sites\\\/32\\\/2019\\\/07\\\/logicom_resized.jpg\",\"contentUrl\":\"https:\\\/\\\/www.athenaroyal-cbh.com\\\/app\\\/uploads\\\/sites\\\/32\\\/2019\\\/07\\\/logicom_resized.jpg\",\"width\":1920,\"height\":1280},{\"@type\":\"BreadcrumbList\",\"@id\":\"https:\\\/\\\/www.athenaroyal-cbh.com\\\/pl\\\/wiadomosci\\\/logicom-cypr-polmaraton-polmaraton\\\/#breadcrumb\",\"itemListElement\":[{\"@type\":\"ListItem\",\"position\":1,\"name\":\"Home\",\"item\":\"https:\\\/\\\/www.athenaroyal-cbh.com\\\/pl\\\/\"},{\"@type\":\"ListItem\",\"position\":2,\"name\":\"Aktualno\u015bci\",\"item\":\"https:\\\/\\\/www.athenaroyal-cbh.com\\\/pl\\\/wiadomosci\\\/\"},{\"@type\":\"ListItem\",\"position\":3,\"name\":\"Logicom Cyprus Marathon \\\/ Half Marathon\"}]},{\"@type\":\"WebSite\",\"@id\":\"https:\\\/\\\/www.athenaroyal-cbh.com\\\/pl\\\/#website\",\"url\":\"https:\\\/\\\/www.athenaroyal-cbh.com\\\/pl\\\/\",\"name\":\"\u0391thena Royal Beach Hotel\",\"description\":\"Constantinou Bros Athena Royal Hotel, 4 star hotel in Paphos Cyprus\",\"potentialAction\":[{\"@type\":\"SearchAction\",\"target\":{\"@type\":\"EntryPoint\",\"urlTemplate\":\"https:\\\/\\\/www.athenaroyal-cbh.com\\\/pl\\\/?s={search_term_string}\"},\"query-input\":{\"@type\":\"PropertyValueSpecification\",\"valueRequired\":true,\"valueName\":\"search_term_string\"}}],\"inLanguage\":\"pl-PL\"}]}<\/script>\n<!-- \/ Yoast SEO plugin. -->","yoast_head_json":{"title":"Logicom Cyprus Marathon \/ Half Marathon - \u0391thena Royal Beach Hotel","robots":{"index":"index","follow":"follow","max-snippet":"max-snippet:-1","max-image-preview":"max-image-preview:large","max-video-preview":"max-video-preview:-1"},"canonical":"https:\/\/www.athenaroyal-cbh.com\/pl\/wiadomosci\/logicom-cypr-polmaraton-polmaraton\/","og_locale":"pl_PL","og_type":"article","og_title":"Logicom Cyprus Marathon \/ Half Marathon - \u0391thena Royal Beach Hotel","og_description":"Po\u0142\u0105czenie zapieraj\u0105cej dech w piersiach historycznej scenerii z tradycyjn\u0105 \u015br\u00f3dziemnomorsk\u0105 go\u015bcinno\u015bci\u0105! Logicom Cyprus Marathon rozpoczyna si\u0119 w miejscu narodzin Afrodyty (bogini mi\u0142o\u015bci i pi\u0119kna) i biegnie wzd\u0142u\u017c wybrze\u017ca Morza \u015ar\u00f3dziemnego. Malownicza linia mety (i linia startu innych wy\u015bcig\u00f3w) znajduje si\u0119 na placu \u015bredniowiecznego fortu w Pafos, tu\u017c obok pi\u0119knego portu w Pafos. Prosz\u0119 wzi\u0105\u0107 udzia\u0142","og_url":"https:\/\/www.athenaroyal-cbh.com\/pl\/wiadomosci\/logicom-cypr-polmaraton-polmaraton\/","og_site_name":"\u0391thena Royal Beach Hotel","article_modified_time":"2024-09-16T14:59:45+00:00","og_image":[{"width":1920,"height":1280,"url":"https:\/\/www.athenaroyal-cbh.com\/app\/uploads\/sites\/32\/2019\/07\/logicom_resized.jpg","type":"image\/jpeg"}],"twitter_card":"summary_large_image","twitter_misc":{"Est. reading time":"1 minute"},"schema":{"@context":"https:\/\/schema.org","@graph":[{"@type":"WebPage","@id":"https:\/\/www.athenaroyal-cbh.com\/pl\/wiadomosci\/logicom-cypr-polmaraton-polmaraton\/","url":"https:\/\/www.athenaroyal-cbh.com\/pl\/wiadomosci\/logicom-cypr-polmaraton-polmaraton\/","name":"Logicom Cyprus Marathon \/ Half Marathon - \u0391thena Royal Beach Hotel","isPartOf":{"@id":"https:\/\/www.athenaroyal-cbh.com\/pl\/#website"},"primaryImageOfPage":{"@id":"https:\/\/www.athenaroyal-cbh.com\/pl\/wiadomosci\/logicom-cypr-polmaraton-polmaraton\/#primaryimage"},"image":{"@id":"https:\/\/www.athenaroyal-cbh.com\/pl\/wiadomosci\/logicom-cypr-polmaraton-polmaraton\/#primaryimage"},"thumbnailUrl":"https:\/\/www.athenaroyal-cbh.com\/app\/uploads\/sites\/32\/2019\/07\/logicom_resized.jpg","datePublished":"2024-07-23T07:46:30+00:00","dateModified":"2024-09-16T14:59:45+00:00","breadcrumb":{"@id":"https:\/\/www.athenaroyal-cbh.com\/pl\/wiadomosci\/logicom-cypr-polmaraton-polmaraton\/#breadcrumb"},"inLanguage":"pl-PL","potentialAction":[{"@type":"ReadAction","target":["https:\/\/www.athenaroyal-cbh.com\/pl\/wiadomosci\/logicom-cypr-polmaraton-polmaraton\/"]}]},{"@type":"ImageObject","inLanguage":"pl-PL","@id":"https:\/\/www.athenaroyal-cbh.com\/pl\/wiadomosci\/logicom-cypr-polmaraton-polmaraton\/#primaryimage","url":"https:\/\/www.athenaroyal-cbh.com\/app\/uploads\/sites\/32\/2019\/07\/logicom_resized.jpg","contentUrl":"https:\/\/www.athenaroyal-cbh.com\/app\/uploads\/sites\/32\/2019\/07\/logicom_resized.jpg","width":1920,"height":1280},{"@type":"BreadcrumbList","@id":"https:\/\/www.athenaroyal-cbh.com\/pl\/wiadomosci\/logicom-cypr-polmaraton-polmaraton\/#breadcrumb","itemListElement":[{"@type":"ListItem","position":1,"name":"Home","item":"https:\/\/www.athenaroyal-cbh.com\/pl\/"},{"@type":"ListItem","position":2,"name":"Aktualno\u015bci","item":"https:\/\/www.athenaroyal-cbh.com\/pl\/wiadomosci\/"},{"@type":"ListItem","position":3,"name":"Logicom Cyprus Marathon \/ Half Marathon"}]},{"@type":"WebSite","@id":"https:\/\/www.athenaroyal-cbh.com\/pl\/#website","url":"https:\/\/www.athenaroyal-cbh.com\/pl\/","name":"\u0391thena Royal Beach Hotel","description":"Constantinou Bros Athena Royal Hotel, 4 star hotel in Paphos Cyprus","potentialAction":[{"@type":"SearchAction","target":{"@type":"EntryPoint","urlTemplate":"https:\/\/www.athenaroyal-cbh.com\/pl\/?s={search_term_string}"},"query-input":{"@type":"PropertyValueSpecification","valueRequired":true,"valueName":"search_term_string"}}],"inLanguage":"pl-PL"}]}},"_links":{"self":[{"href":"https:\/\/www.athenaroyal-cbh.com\/pl\/wp-json\/wp\/v2\/pages\/23644","targetHints":{"allow":["GET"]}}],"collection":[{"href":"https:\/\/www.athenaroyal-cbh.com\/pl\/wp-json\/wp\/v2\/pages"}],"about":[{"href":"https:\/\/www.athenaroyal-cbh.com\/pl\/wp-json\/wp\/v2\/types\/page"}],"author":[{"embeddable":true,"href":"https:\/\/www.athenaroyal-cbh.com\/pl\/wp-json\/wp\/v2\/users\/1"}],"replies":[{"embeddable":true,"href":"https:\/\/www.athenaroyal-cbh.com\/pl\/wp-json\/wp\/v2\/comments?post=23644"}],"version-history":[{"count":2,"href":"https:\/\/www.athenaroyal-cbh.com\/pl\/wp-json\/wp\/v2\/pages\/23644\/revisions"}],"predecessor-version":[{"id":26017,"href":"https:\/\/www.athenaroyal-cbh.com\/pl\/wp-json\/wp\/v2\/pages\/23644\/revisions\/26017"}],"up":[{"embeddable":true,"href":"https:\/\/www.athenaroyal-cbh.com\/pl\/wp-json\/wp\/v2\/pages\/23894"}],"wp:featuredmedia":[{"embeddable":true,"href":"https:\/\/www.athenaroyal-cbh.com\/pl\/wp-json\/wp\/v2\/media\/25341"}],"wp:attachment":[{"href":"https:\/\/www.athenaroyal-cbh.com\/pl\/wp-json\/wp\/v2\/media?parent=23644"}],"curies":[{"name":"wp","href":"https:\/\/api.w.org\/{rel}","templated":true}]}}