{"id":23635,"date":"2024-07-23T10:46:25","date_gmt":"2024-07-23T07:46:25","guid":{"rendered":"https:\/\/www.athenaroyal-cbh.com\/sniadanie-na-cyprze-w-constantinou-bros-hotels\/"},"modified":"2024-09-16T18:00:30","modified_gmt":"2024-09-16T15:00:30","slug":"sniadanie-na-cyprze-w-constantinou-bros-hotels","status":"publish","type":"page","link":"https:\/\/www.athenaroyal-cbh.com\/pl\/wiadomosci\/sniadanie-na-cyprze-w-constantinou-bros-hotels\/","title":{"rendered":"\u015aniadanie na Cyprze w Constantinou Bros Hotels"},"content":{"rendered":"<p>Constantinou Bros Hotels zosta\u0142 niedawno cz\u0142onkiem programu Cyprus Breakfast.<br \/>\nProgram ten zosta\u0142 stworzony przez Cypryjsk\u0105 Organizacj\u0119 Turystyczn\u0105 (CTO), Travel Foundation z Wielkiej Brytanii i Cyprus Sustainable Tourism Initiative (CSTI) w ramach programu &#8220;Cyprus Destination Partnership&#8221; w celu promowania historii i kultury tradycyjnej lokalnej gastronomii oraz zwi\u0119kszenia autentyczno\u015bci hoteli na Cyprze.<br \/>\nConstantinou Bros Hotels wspiera &#8220;Cyprus Breakfast&#8221; i prezentuje cypryjsk\u0105 to\u017csamo\u015b\u0107, oferuj\u0105c swoim go\u015bciom szereg lokalnych produkt\u00f3w.<br \/>\nBufet zawiera szeroki wyb\u00f3r cypryjskich specja\u0142\u00f3w, w tym tradycyjny ser halloumi i anari, domowy placek halloumi i placek oliwkowy oraz \u015bwie\u017ce lokalne owoce, kt\u00f3re s\u0105 zwi\u0105zane z autentyczno\u015bci\u0105 Cypru.<br \/>\nNasi go\u015bcie mog\u0105 skosztowa\u0107 wyj\u0105tkowych i tradycyjnych przysmak\u00f3w wyspy oraz aromat\u00f3w produkt\u00f3w pochodz\u0105cych z \u017cycia wiejskiej rodziny, takich jak \u015bwie\u017ce kozie mleko, zielone oliwki, souzouko (tradycyjne s\u0142odycze wytwarzane z moszczu winogronowego, orzech\u00f3w i m\u0105ki), pierogi z syropem z chleba \u015bwi\u0119toja\u0144skiego, \u015bwie\u017ce zio\u0142a, w\u0119dzone cypryjskie mi\u0119so i s\u0142odycze \u0142y\u017ceczkowe (owoce konserwowane w syropie), takie jak &#8220;glyko karidaki&#8221; (orzechowe s\u0142odycze \u0142y\u017ceczkowe), kt\u00f3re s\u0105 naturalnie wytwarzane przez nasze lokalne spo\u0142eczno\u015bci. Hotele Constantinou Bros przyj\u0119\u0142y &#8220;cypryjskie \u015bniadanie&#8221; i stale dodaj\u0105 tradycyjne smaki, aby wzbogaci\u0107 cypryjski k\u0105cik \u015bniadaniowy hotelu.<br \/>\nNiedawno w\u0142\u0105czyli\u015bmy r\u00f3wnie\u017c &#8220;kserotigana&#8221; (placki z miodem i orzechami) i &#8220;bourekia z anari&#8221; (rodzaj ciasta wype\u0142nionego mi\u0119kkim bia\u0142ym serem), wraz z szeregiem lokalnych surowych orzech\u00f3w i suszonych owoc\u00f3w, takich jak migda\u0142y, orzechy w\u0142oskie, orzechy laskowe, nasiona s\u0142onecznika, a tak\u017ce suszone morele, daktyle, figi i wiele innych.<br \/>\nProsz\u0119 zostawi\u0107 \u015bniadanie angielskie i kontynentalne i podczas wakacji w Constantinou Bros Hotels delektowa\u0107 si\u0119 zdrowym \u015bniadaniem.<br \/>\nProsz\u0119 rozkoszowa\u0107 si\u0119 naszym cypryjskim \u015bniadaniem.<\/p>\n","protected":false},"excerpt":{"rendered":"<p>Constantinou Bros Hotels zosta\u0142 niedawno cz\u0142onkiem programu Cyprus Breakfast. Program ten zosta\u0142 stworzony przez Cypryjsk\u0105 Organizacj\u0119 Turystyczn\u0105 (CTO), Travel Foundation z Wielkiej Brytanii i Cyprus Sustainable Tourism Initiative (CSTI) w ramach programu &#8220;Cyprus Destination Partnership&#8221; w celu promowania historii i kultury tradycyjnej lokalnej gastronomii oraz zwi\u0119kszenia autentyczno\u015bci hoteli na Cyprze. Constantinou Bros Hotels wspiera &#8220;Cyprus<\/p>\n","protected":false},"author":1,"featured_media":25343,"parent":23894,"menu_order":0,"comment_status":"closed","ping_status":"closed","template":"","meta":{"_acf_changed":false,"footnotes":""},"class_list":["post-23635","page","type-page","status-publish","has-post-thumbnail","hentry"],"acf":[],"yoast_head":"<!-- This site is optimized with the Yoast SEO plugin v27.4 - https:\/\/yoast.com\/product\/yoast-seo-wordpress\/ -->\n<title>\u015aniadanie na Cyprze w Constantinou Bros Hotels - \u0391thena Royal Beach Hotel<\/title>\n<meta name=\"robots\" content=\"index, follow, max-snippet:-1, max-image-preview:large, max-video-preview:-1\" \/>\n<link rel=\"canonical\" href=\"https:\/\/www.athenaroyal-cbh.com\/pl\/wiadomosci\/sniadanie-na-cyprze-w-constantinou-bros-hotels\/\" \/>\n<meta property=\"og:locale\" content=\"pl_PL\" \/>\n<meta property=\"og:type\" content=\"article\" \/>\n<meta property=\"og:title\" content=\"\u015aniadanie na Cyprze w Constantinou Bros Hotels - \u0391thena Royal Beach Hotel\" \/>\n<meta property=\"og:description\" content=\"Constantinou Bros Hotels zosta\u0142 niedawno cz\u0142onkiem programu Cyprus Breakfast. Program ten zosta\u0142 stworzony przez Cypryjsk\u0105 Organizacj\u0119 Turystyczn\u0105 (CTO), Travel Foundation z Wielkiej Brytanii i Cyprus Sustainable Tourism Initiative (CSTI) w ramach programu &#8220;Cyprus Destination Partnership&#8221; w celu promowania historii i kultury tradycyjnej lokalnej gastronomii oraz zwi\u0119kszenia autentyczno\u015bci hoteli na Cyprze. Constantinou Bros Hotels wspiera &#8220;Cyprus\" \/>\n<meta property=\"og:url\" content=\"https:\/\/www.athenaroyal-cbh.com\/pl\/wiadomosci\/sniadanie-na-cyprze-w-constantinou-bros-hotels\/\" \/>\n<meta property=\"og:site_name\" content=\"\u0391thena Royal Beach Hotel\" \/>\n<meta property=\"article:modified_time\" content=\"2024-09-16T15:00:30+00:00\" \/>\n<meta property=\"og:image\" content=\"https:\/\/www.athenaroyal-cbh.com\/app\/uploads\/sites\/32\/2019\/07\/cyprusbreakfast2_resized.jpg\" \/>\n\t<meta property=\"og:image:width\" content=\"1920\" \/>\n\t<meta property=\"og:image:height\" content=\"1440\" \/>\n\t<meta property=\"og:image:type\" content=\"image\/jpeg\" \/>\n<meta name=\"twitter:card\" content=\"summary_large_image\" \/>\n<meta name=\"twitter:label1\" content=\"Est. reading time\" \/>\n\t<meta name=\"twitter:data1\" content=\"2 minutes\" \/>\n<script type=\"application\/ld+json\" class=\"yoast-schema-graph\">{\"@context\":\"https:\\\/\\\/schema.org\",\"@graph\":[{\"@type\":\"WebPage\",\"@id\":\"https:\\\/\\\/www.athenaroyal-cbh.com\\\/pl\\\/wiadomosci\\\/sniadanie-na-cyprze-w-constantinou-bros-hotels\\\/\",\"url\":\"https:\\\/\\\/www.athenaroyal-cbh.com\\\/pl\\\/wiadomosci\\\/sniadanie-na-cyprze-w-constantinou-bros-hotels\\\/\",\"name\":\"\u015aniadanie na Cyprze w Constantinou Bros Hotels - \u0391thena Royal Beach Hotel\",\"isPartOf\":{\"@id\":\"https:\\\/\\\/www.athenaroyal-cbh.com\\\/pl\\\/#website\"},\"primaryImageOfPage\":{\"@id\":\"https:\\\/\\\/www.athenaroyal-cbh.com\\\/pl\\\/wiadomosci\\\/sniadanie-na-cyprze-w-constantinou-bros-hotels\\\/#primaryimage\"},\"image\":{\"@id\":\"https:\\\/\\\/www.athenaroyal-cbh.com\\\/pl\\\/wiadomosci\\\/sniadanie-na-cyprze-w-constantinou-bros-hotels\\\/#primaryimage\"},\"thumbnailUrl\":\"https:\\\/\\\/www.athenaroyal-cbh.com\\\/app\\\/uploads\\\/sites\\\/32\\\/2019\\\/07\\\/cyprusbreakfast2_resized.jpg\",\"datePublished\":\"2024-07-23T07:46:25+00:00\",\"dateModified\":\"2024-09-16T15:00:30+00:00\",\"breadcrumb\":{\"@id\":\"https:\\\/\\\/www.athenaroyal-cbh.com\\\/pl\\\/wiadomosci\\\/sniadanie-na-cyprze-w-constantinou-bros-hotels\\\/#breadcrumb\"},\"inLanguage\":\"pl-PL\",\"potentialAction\":[{\"@type\":\"ReadAction\",\"target\":[\"https:\\\/\\\/www.athenaroyal-cbh.com\\\/pl\\\/wiadomosci\\\/sniadanie-na-cyprze-w-constantinou-bros-hotels\\\/\"]}]},{\"@type\":\"ImageObject\",\"inLanguage\":\"pl-PL\",\"@id\":\"https:\\\/\\\/www.athenaroyal-cbh.com\\\/pl\\\/wiadomosci\\\/sniadanie-na-cyprze-w-constantinou-bros-hotels\\\/#primaryimage\",\"url\":\"https:\\\/\\\/www.athenaroyal-cbh.com\\\/app\\\/uploads\\\/sites\\\/32\\\/2019\\\/07\\\/cyprusbreakfast2_resized.jpg\",\"contentUrl\":\"https:\\\/\\\/www.athenaroyal-cbh.com\\\/app\\\/uploads\\\/sites\\\/32\\\/2019\\\/07\\\/cyprusbreakfast2_resized.jpg\",\"width\":1920,\"height\":1440},{\"@type\":\"BreadcrumbList\",\"@id\":\"https:\\\/\\\/www.athenaroyal-cbh.com\\\/pl\\\/wiadomosci\\\/sniadanie-na-cyprze-w-constantinou-bros-hotels\\\/#breadcrumb\",\"itemListElement\":[{\"@type\":\"ListItem\",\"position\":1,\"name\":\"Home\",\"item\":\"https:\\\/\\\/www.athenaroyal-cbh.com\\\/pl\\\/\"},{\"@type\":\"ListItem\",\"position\":2,\"name\":\"Aktualno\u015bci\",\"item\":\"https:\\\/\\\/www.athenaroyal-cbh.com\\\/pl\\\/wiadomosci\\\/\"},{\"@type\":\"ListItem\",\"position\":3,\"name\":\"\u015aniadanie na Cyprze w Constantinou Bros Hotels\"}]},{\"@type\":\"WebSite\",\"@id\":\"https:\\\/\\\/www.athenaroyal-cbh.com\\\/pl\\\/#website\",\"url\":\"https:\\\/\\\/www.athenaroyal-cbh.com\\\/pl\\\/\",\"name\":\"\u0391thena Royal Beach Hotel\",\"description\":\"Constantinou Bros Athena Royal Hotel, 4 star hotel in Paphos Cyprus\",\"potentialAction\":[{\"@type\":\"SearchAction\",\"target\":{\"@type\":\"EntryPoint\",\"urlTemplate\":\"https:\\\/\\\/www.athenaroyal-cbh.com\\\/pl\\\/?s={search_term_string}\"},\"query-input\":{\"@type\":\"PropertyValueSpecification\",\"valueRequired\":true,\"valueName\":\"search_term_string\"}}],\"inLanguage\":\"pl-PL\"}]}<\/script>\n<!-- \/ Yoast SEO plugin. -->","yoast_head_json":{"title":"\u015aniadanie na Cyprze w Constantinou Bros Hotels - \u0391thena Royal Beach Hotel","robots":{"index":"index","follow":"follow","max-snippet":"max-snippet:-1","max-image-preview":"max-image-preview:large","max-video-preview":"max-video-preview:-1"},"canonical":"https:\/\/www.athenaroyal-cbh.com\/pl\/wiadomosci\/sniadanie-na-cyprze-w-constantinou-bros-hotels\/","og_locale":"pl_PL","og_type":"article","og_title":"\u015aniadanie na Cyprze w Constantinou Bros Hotels - \u0391thena Royal Beach Hotel","og_description":"Constantinou Bros Hotels zosta\u0142 niedawno cz\u0142onkiem programu Cyprus Breakfast. Program ten zosta\u0142 stworzony przez Cypryjsk\u0105 Organizacj\u0119 Turystyczn\u0105 (CTO), Travel Foundation z Wielkiej Brytanii i Cyprus Sustainable Tourism Initiative (CSTI) w ramach programu &#8220;Cyprus Destination Partnership&#8221; w celu promowania historii i kultury tradycyjnej lokalnej gastronomii oraz zwi\u0119kszenia autentyczno\u015bci hoteli na Cyprze. Constantinou Bros Hotels wspiera &#8220;Cyprus","og_url":"https:\/\/www.athenaroyal-cbh.com\/pl\/wiadomosci\/sniadanie-na-cyprze-w-constantinou-bros-hotels\/","og_site_name":"\u0391thena Royal Beach Hotel","article_modified_time":"2024-09-16T15:00:30+00:00","og_image":[{"width":1920,"height":1440,"url":"https:\/\/www.athenaroyal-cbh.com\/app\/uploads\/sites\/32\/2019\/07\/cyprusbreakfast2_resized.jpg","type":"image\/jpeg"}],"twitter_card":"summary_large_image","twitter_misc":{"Est. reading time":"2 minutes"},"schema":{"@context":"https:\/\/schema.org","@graph":[{"@type":"WebPage","@id":"https:\/\/www.athenaroyal-cbh.com\/pl\/wiadomosci\/sniadanie-na-cyprze-w-constantinou-bros-hotels\/","url":"https:\/\/www.athenaroyal-cbh.com\/pl\/wiadomosci\/sniadanie-na-cyprze-w-constantinou-bros-hotels\/","name":"\u015aniadanie na Cyprze w Constantinou Bros Hotels - \u0391thena Royal Beach Hotel","isPartOf":{"@id":"https:\/\/www.athenaroyal-cbh.com\/pl\/#website"},"primaryImageOfPage":{"@id":"https:\/\/www.athenaroyal-cbh.com\/pl\/wiadomosci\/sniadanie-na-cyprze-w-constantinou-bros-hotels\/#primaryimage"},"image":{"@id":"https:\/\/www.athenaroyal-cbh.com\/pl\/wiadomosci\/sniadanie-na-cyprze-w-constantinou-bros-hotels\/#primaryimage"},"thumbnailUrl":"https:\/\/www.athenaroyal-cbh.com\/app\/uploads\/sites\/32\/2019\/07\/cyprusbreakfast2_resized.jpg","datePublished":"2024-07-23T07:46:25+00:00","dateModified":"2024-09-16T15:00:30+00:00","breadcrumb":{"@id":"https:\/\/www.athenaroyal-cbh.com\/pl\/wiadomosci\/sniadanie-na-cyprze-w-constantinou-bros-hotels\/#breadcrumb"},"inLanguage":"pl-PL","potentialAction":[{"@type":"ReadAction","target":["https:\/\/www.athenaroyal-cbh.com\/pl\/wiadomosci\/sniadanie-na-cyprze-w-constantinou-bros-hotels\/"]}]},{"@type":"ImageObject","inLanguage":"pl-PL","@id":"https:\/\/www.athenaroyal-cbh.com\/pl\/wiadomosci\/sniadanie-na-cyprze-w-constantinou-bros-hotels\/#primaryimage","url":"https:\/\/www.athenaroyal-cbh.com\/app\/uploads\/sites\/32\/2019\/07\/cyprusbreakfast2_resized.jpg","contentUrl":"https:\/\/www.athenaroyal-cbh.com\/app\/uploads\/sites\/32\/2019\/07\/cyprusbreakfast2_resized.jpg","width":1920,"height":1440},{"@type":"BreadcrumbList","@id":"https:\/\/www.athenaroyal-cbh.com\/pl\/wiadomosci\/sniadanie-na-cyprze-w-constantinou-bros-hotels\/#breadcrumb","itemListElement":[{"@type":"ListItem","position":1,"name":"Home","item":"https:\/\/www.athenaroyal-cbh.com\/pl\/"},{"@type":"ListItem","position":2,"name":"Aktualno\u015bci","item":"https:\/\/www.athenaroyal-cbh.com\/pl\/wiadomosci\/"},{"@type":"ListItem","position":3,"name":"\u015aniadanie na Cyprze w Constantinou Bros Hotels"}]},{"@type":"WebSite","@id":"https:\/\/www.athenaroyal-cbh.com\/pl\/#website","url":"https:\/\/www.athenaroyal-cbh.com\/pl\/","name":"\u0391thena Royal Beach Hotel","description":"Constantinou Bros Athena Royal Hotel, 4 star hotel in Paphos Cyprus","potentialAction":[{"@type":"SearchAction","target":{"@type":"EntryPoint","urlTemplate":"https:\/\/www.athenaroyal-cbh.com\/pl\/?s={search_term_string}"},"query-input":{"@type":"PropertyValueSpecification","valueRequired":true,"valueName":"search_term_string"}}],"inLanguage":"pl-PL"}]}},"_links":{"self":[{"href":"https:\/\/www.athenaroyal-cbh.com\/pl\/wp-json\/wp\/v2\/pages\/23635","targetHints":{"allow":["GET"]}}],"collection":[{"href":"https:\/\/www.athenaroyal-cbh.com\/pl\/wp-json\/wp\/v2\/pages"}],"about":[{"href":"https:\/\/www.athenaroyal-cbh.com\/pl\/wp-json\/wp\/v2\/types\/page"}],"author":[{"embeddable":true,"href":"https:\/\/www.athenaroyal-cbh.com\/pl\/wp-json\/wp\/v2\/users\/1"}],"replies":[{"embeddable":true,"href":"https:\/\/www.athenaroyal-cbh.com\/pl\/wp-json\/wp\/v2\/comments?post=23635"}],"version-history":[{"count":1,"href":"https:\/\/www.athenaroyal-cbh.com\/pl\/wp-json\/wp\/v2\/pages\/23635\/revisions"}],"predecessor-version":[{"id":23896,"href":"https:\/\/www.athenaroyal-cbh.com\/pl\/wp-json\/wp\/v2\/pages\/23635\/revisions\/23896"}],"up":[{"embeddable":true,"href":"https:\/\/www.athenaroyal-cbh.com\/pl\/wp-json\/wp\/v2\/pages\/23894"}],"wp:featuredmedia":[{"embeddable":true,"href":"https:\/\/www.athenaroyal-cbh.com\/pl\/wp-json\/wp\/v2\/media\/25343"}],"wp:attachment":[{"href":"https:\/\/www.athenaroyal-cbh.com\/pl\/wp-json\/wp\/v2\/media?parent=23635"}],"curies":[{"name":"wp","href":"https:\/\/api.w.org\/{rel}","templated":true}]}}