{"id":23634,"date":"2024-07-23T10:46:25","date_gmt":"2024-07-23T07:46:25","guid":{"rendered":"https:\/\/www.athenaroyal-cbh.com\/jadalnia\/restauracje\/"},"modified":"2024-09-16T18:01:27","modified_gmt":"2024-09-16T15:01:27","slug":"restauracje","status":"publish","type":"page","link":"https:\/\/www.athenaroyal-cbh.com\/pl\/jadalnia\/restauracje\/","title":{"rendered":"Restauracje"},"content":{"rendered":"<h1 class=\"entry-title title-size font-regular text-center mt-5\">Przejrzyj wszystkie restauracje Athena Royal Beach hotel Paphos<\/h1>\n<p>&nbsp;<\/p>\n<h4>Prosz\u0119 wybra\u0107 jedn\u0105 z pi\u0119ciu restauracji i rozkoszowa\u0107 si\u0119 mieszank\u0105 smak\u00f3w, kt\u00f3ra zachwyci Pa\u0144stwa zmys\u0142y.<\/h4>\n<h4>Restauracja Oasis<\/h4>\n<p>Mog\u0105 Pa\u0144stwo delektowa\u0107 si\u0119 urozmaiconym \u015bniadaniem w formie bufetu serwowanym wewn\u0105trz i na \u015bwie\u017cym powietrzu.<br \/>\nW restauracji Oasis mog\u0105 Pa\u0144stwo zje\u015b\u0107 lekki lunch, wybieraj\u0105c spo\u015br\u00f3d wy\u015bmienitych sa\u0142atek, przek\u0105sek i deser\u00f3w lub lekkich posi\u0142k\u00f3w.<\/p>\n<h4>Restauracja Pygmalion<\/h4>\n<p>Otwarte dla: \u015aniadanie dla klasy Elite (pokoje i apartamenty typu Superior).<br \/>\nJe\u015bli zatrzymali si\u0119 Pa\u0144stwo w jednym z naszych pokoi i apartament\u00f3w typu Superior, mog\u0105 Pa\u0144stwo delektowa\u0107 si\u0119 p\u00f3\u017anym \u015bniadaniem do godziny 11:00. Ka\u017cdego wieczoru oferujemy pyszn\u0105 kolacj\u0119 w formie bufetu serwowan\u0105 wewn\u0105trz lub na \u015bwie\u017cym powietrzu.<br \/>\nPopularn\u0105 atrakcj\u0105 s\u0105 pokazy gotowania.<br \/>\nProsimy \u015bledzi\u0107 nasz program wydarze\u0144, aby nie przegapi\u0107 specjalnych wieczor\u00f3w tematycznych przy basenie Oasis (maj-pa\u017adziernik).<\/p>\n<h4>Restauracja Afrodyta<\/h4>\n<p>Dla odmiany warto zarezerwowa\u0107 stolik w restauracji Aphrodite A la carte na wyj\u0105tkow\u0105 kolacj\u0119.<br \/>\nB\u0119dzie to elegancki wiecz\u00f3r, kt\u00f3ry b\u0119d\u0105 Pa\u0144stwo wspomina\u0107 jeszcze d\u0142ugo po zako\u0144czeniu opalania.<br \/>\nGo\u015bcie korzystaj\u0105cy z niepe\u0142nego wy\u017cywienia mog\u0105 bez dop\u0142aty zje\u015b\u0107 tu czterodaniow\u0105 kolacj\u0119 z menu Table d&#8217;h\u00f4te.<\/p>\n<h4>Restauracja Olive Tree<\/h4>\n<p>Restauracja Olive Tree, po\u0142o\u017cona obok g\u0142\u00f3wnego basenu i z widokiem na morze, jest idealnym miejscem na spokojny lunch z wyborem pysznych lekkich da\u0144, \u015bwie\u017cych sa\u0142atek, przek\u0105sek i deser\u00f3w, popijaj\u0105c ulubionego drinka.<br \/>\nPodczas kolacji mog\u0105 Pa\u0144stwo skosztowa\u0107 naszych pysznych w\u0142oskich przysmak\u00f3w.<\/p>\n<h4>Restauracja Evelina<\/h4>\n<p>Na miejscu serwowane jest urozmaicone \u015bniadanie \u015br\u00f3dziemnomorskie w formie bufetu oraz \u015bniadanie cypryjskie.<\/p>\n<div class=\"title\">\n<p><strong>*Kod ubioru<\/strong><\/p>\n<ul>\n<li>Go\u015bcie proszeni s\u0105 o odpowiedni str\u00f3j w restauracjach i barach wieczorami (szorty, koszulki bez r\u0119kaw\u00f3w, stroje k\u0105pielowe i klapki nie s\u0105 dozwolone).<\/li>\n<li>Panowie proszeni s\u0105 o noszenie d\u0142ugich spodni w restauracji Aphrodite a la carte wieczorami.<\/li>\n<li>We wszystkich pomieszczeniach og\u00f3lnodost\u0119pnych obowi\u0105zuje str\u00f3j codzienny.<br \/>\nNiemniej jednak, topless, mokre ubrania lub stroje k\u0105pielowe nie s\u0105 dozwolone w \u017cadnym z wewn\u0119trznych obszar\u00f3w publicznych, zw\u0142aszcza w lobby, barach i restauracjach.<\/li>\n<\/ul>\n<\/div>\n","protected":false},"excerpt":{"rendered":"<p>Przejrzyj wszystkie restauracje Athena Royal Beach hotel Paphos &nbsp; Prosz\u0119 wybra\u0107 jedn\u0105 z pi\u0119ciu restauracji i rozkoszowa\u0107 si\u0119 mieszank\u0105 smak\u00f3w, kt\u00f3ra zachwyci Pa\u0144stwa zmys\u0142y. Restauracja Oasis Mog\u0105 Pa\u0144stwo delektowa\u0107 si\u0119 urozmaiconym \u015bniadaniem w formie bufetu serwowanym wewn\u0105trz i na \u015bwie\u017cym powietrzu. W restauracji Oasis mog\u0105 Pa\u0144stwo zje\u015b\u0107 lekki lunch, wybieraj\u0105c spo\u015br\u00f3d wy\u015bmienitych sa\u0142atek, przek\u0105sek i<\/p>\n","protected":false},"author":1,"featured_media":25371,"parent":23585,"menu_order":0,"comment_status":"closed","ping_status":"closed","template":"","meta":{"_acf_changed":false,"footnotes":""},"class_list":["post-23634","page","type-page","status-publish","has-post-thumbnail","hentry"],"acf":[],"yoast_head":"<!-- This site is optimized with the Yoast SEO plugin v27.5 - https:\/\/yoast.com\/product\/yoast-seo-wordpress\/ -->\n<title>Athena Royal Beach hotel Paphos restauracje || Athena Royal<\/title>\n<meta name=\"description\" content=\"Zachwy\u0107 swoje zmys\u0142y w naszych restauracjach hotelu Athena Royal Beach w Pafos, kt\u00f3re \u0142\u0105cz\u0105 w sobie uprzejm\u0105 obs\u0142ug\u0119 z najbardziej kusz\u0105cymi smakami dla wszystkich podniebie\u0144.\" \/>\n<meta name=\"robots\" content=\"index, follow, max-snippet:-1, max-image-preview:large, max-video-preview:-1\" \/>\n<link rel=\"canonical\" href=\"https:\/\/www.athenaroyal-cbh.com\/pl\/jadalnia\/restauracje\/\" \/>\n<meta property=\"og:locale\" content=\"pl_PL\" \/>\n<meta property=\"og:type\" content=\"article\" \/>\n<meta property=\"og:title\" content=\"Athena Royal Beach hotel Paphos restauracje || Athena Royal\" \/>\n<meta property=\"og:description\" content=\"Zachwy\u0107 swoje zmys\u0142y w naszych restauracjach hotelu Athena Royal Beach w Pafos, kt\u00f3re \u0142\u0105cz\u0105 w sobie uprzejm\u0105 obs\u0142ug\u0119 z najbardziej kusz\u0105cymi smakami dla wszystkich podniebie\u0144.\" \/>\n<meta property=\"og:url\" content=\"https:\/\/www.athenaroyal-cbh.com\/pl\/jadalnia\/restauracje\/\" \/>\n<meta property=\"og:site_name\" content=\"\u0391thena Royal Beach Hotel\" \/>\n<meta property=\"article:modified_time\" content=\"2024-09-16T15:01:27+00:00\" \/>\n<meta property=\"og:image\" content=\"https:\/\/www.athenaroyal-cbh.com\/app\/uploads\/sites\/32\/2022\/07\/19.1-ATHENA-ROYAL-BEACH-HOTEL-OLIVE-TREE-MEDITERRANEAN-A-LA-CARTE-RESTAURANT.jpg\" \/>\n\t<meta property=\"og:image:width\" content=\"8256\" \/>\n\t<meta property=\"og:image:height\" content=\"5504\" \/>\n\t<meta property=\"og:image:type\" content=\"image\/jpeg\" \/>\n<meta name=\"twitter:card\" content=\"summary_large_image\" \/>\n<meta name=\"twitter:label1\" content=\"Est. reading time\" \/>\n\t<meta name=\"twitter:data1\" content=\"2 minutes\" \/>\n<script type=\"application\/ld+json\" class=\"yoast-schema-graph\">{\"@context\":\"https:\\\/\\\/schema.org\",\"@graph\":[{\"@type\":\"WebPage\",\"@id\":\"https:\\\/\\\/www.athenaroyal-cbh.com\\\/pl\\\/jadalnia\\\/restauracje\\\/\",\"url\":\"https:\\\/\\\/www.athenaroyal-cbh.com\\\/pl\\\/jadalnia\\\/restauracje\\\/\",\"name\":\"Athena Royal Beach hotel Paphos restauracje || Athena Royal\",\"isPartOf\":{\"@id\":\"https:\\\/\\\/www.athenaroyal-cbh.com\\\/pl\\\/#website\"},\"primaryImageOfPage\":{\"@id\":\"https:\\\/\\\/www.athenaroyal-cbh.com\\\/pl\\\/jadalnia\\\/restauracje\\\/#primaryimage\"},\"image\":{\"@id\":\"https:\\\/\\\/www.athenaroyal-cbh.com\\\/pl\\\/jadalnia\\\/restauracje\\\/#primaryimage\"},\"thumbnailUrl\":\"https:\\\/\\\/www.athenaroyal-cbh.com\\\/app\\\/uploads\\\/sites\\\/32\\\/2022\\\/07\\\/19.1-ATHENA-ROYAL-BEACH-HOTEL-OLIVE-TREE-MEDITERRANEAN-A-LA-CARTE-RESTAURANT.jpg\",\"datePublished\":\"2024-07-23T07:46:25+00:00\",\"dateModified\":\"2024-09-16T15:01:27+00:00\",\"description\":\"Zachwy\u0107 swoje zmys\u0142y w naszych restauracjach hotelu Athena Royal Beach w Pafos, kt\u00f3re \u0142\u0105cz\u0105 w sobie uprzejm\u0105 obs\u0142ug\u0119 z najbardziej kusz\u0105cymi smakami dla wszystkich podniebie\u0144.\",\"breadcrumb\":{\"@id\":\"https:\\\/\\\/www.athenaroyal-cbh.com\\\/pl\\\/jadalnia\\\/restauracje\\\/#breadcrumb\"},\"inLanguage\":\"pl-PL\",\"potentialAction\":[{\"@type\":\"ReadAction\",\"target\":[\"https:\\\/\\\/www.athenaroyal-cbh.com\\\/pl\\\/jadalnia\\\/restauracje\\\/\"]}]},{\"@type\":\"ImageObject\",\"inLanguage\":\"pl-PL\",\"@id\":\"https:\\\/\\\/www.athenaroyal-cbh.com\\\/pl\\\/jadalnia\\\/restauracje\\\/#primaryimage\",\"url\":\"https:\\\/\\\/www.athenaroyal-cbh.com\\\/app\\\/uploads\\\/sites\\\/32\\\/2022\\\/07\\\/19.1-ATHENA-ROYAL-BEACH-HOTEL-OLIVE-TREE-MEDITERRANEAN-A-LA-CARTE-RESTAURANT.jpg\",\"contentUrl\":\"https:\\\/\\\/www.athenaroyal-cbh.com\\\/app\\\/uploads\\\/sites\\\/32\\\/2022\\\/07\\\/19.1-ATHENA-ROYAL-BEACH-HOTEL-OLIVE-TREE-MEDITERRANEAN-A-LA-CARTE-RESTAURANT.jpg\",\"width\":8256,\"height\":5504,\"caption\":\"Olive Tree Mediterranean a la Carte Restaurant\"},{\"@type\":\"BreadcrumbList\",\"@id\":\"https:\\\/\\\/www.athenaroyal-cbh.com\\\/pl\\\/jadalnia\\\/restauracje\\\/#breadcrumb\",\"itemListElement\":[{\"@type\":\"ListItem\",\"position\":1,\"name\":\"Home\",\"item\":\"https:\\\/\\\/www.athenaroyal-cbh.com\\\/pl\\\/\"},{\"@type\":\"ListItem\",\"position\":2,\"name\":\"Jadalnia\",\"item\":\"https:\\\/\\\/www.athenaroyal-cbh.com\\\/pl\\\/jadalnia\\\/\"},{\"@type\":\"ListItem\",\"position\":3,\"name\":\"Restauracje\"}]},{\"@type\":\"WebSite\",\"@id\":\"https:\\\/\\\/www.athenaroyal-cbh.com\\\/pl\\\/#website\",\"url\":\"https:\\\/\\\/www.athenaroyal-cbh.com\\\/pl\\\/\",\"name\":\"\u0391thena Royal Beach Hotel\",\"description\":\"Constantinou Bros Athena Royal Hotel, 4 star hotel in Paphos Cyprus\",\"potentialAction\":[{\"@type\":\"SearchAction\",\"target\":{\"@type\":\"EntryPoint\",\"urlTemplate\":\"https:\\\/\\\/www.athenaroyal-cbh.com\\\/pl\\\/?s={search_term_string}\"},\"query-input\":{\"@type\":\"PropertyValueSpecification\",\"valueRequired\":true,\"valueName\":\"search_term_string\"}}],\"inLanguage\":\"pl-PL\"}]}<\/script>\n<!-- \/ Yoast SEO plugin. -->","yoast_head_json":{"title":"Athena Royal Beach hotel Paphos restauracje || Athena Royal","description":"Zachwy\u0107 swoje zmys\u0142y w naszych restauracjach hotelu Athena Royal Beach w Pafos, kt\u00f3re \u0142\u0105cz\u0105 w sobie uprzejm\u0105 obs\u0142ug\u0119 z najbardziej kusz\u0105cymi smakami dla wszystkich podniebie\u0144.","robots":{"index":"index","follow":"follow","max-snippet":"max-snippet:-1","max-image-preview":"max-image-preview:large","max-video-preview":"max-video-preview:-1"},"canonical":"https:\/\/www.athenaroyal-cbh.com\/pl\/jadalnia\/restauracje\/","og_locale":"pl_PL","og_type":"article","og_title":"Athena Royal Beach hotel Paphos restauracje || Athena Royal","og_description":"Zachwy\u0107 swoje zmys\u0142y w naszych restauracjach hotelu Athena Royal Beach w Pafos, kt\u00f3re \u0142\u0105cz\u0105 w sobie uprzejm\u0105 obs\u0142ug\u0119 z najbardziej kusz\u0105cymi smakami dla wszystkich podniebie\u0144.","og_url":"https:\/\/www.athenaroyal-cbh.com\/pl\/jadalnia\/restauracje\/","og_site_name":"\u0391thena Royal Beach Hotel","article_modified_time":"2024-09-16T15:01:27+00:00","og_image":[{"width":8256,"height":5504,"url":"https:\/\/www.athenaroyal-cbh.com\/app\/uploads\/sites\/32\/2022\/07\/19.1-ATHENA-ROYAL-BEACH-HOTEL-OLIVE-TREE-MEDITERRANEAN-A-LA-CARTE-RESTAURANT.jpg","type":"image\/jpeg"}],"twitter_card":"summary_large_image","twitter_misc":{"Est. reading time":"2 minutes"},"schema":{"@context":"https:\/\/schema.org","@graph":[{"@type":"WebPage","@id":"https:\/\/www.athenaroyal-cbh.com\/pl\/jadalnia\/restauracje\/","url":"https:\/\/www.athenaroyal-cbh.com\/pl\/jadalnia\/restauracje\/","name":"Athena Royal Beach hotel Paphos restauracje || Athena Royal","isPartOf":{"@id":"https:\/\/www.athenaroyal-cbh.com\/pl\/#website"},"primaryImageOfPage":{"@id":"https:\/\/www.athenaroyal-cbh.com\/pl\/jadalnia\/restauracje\/#primaryimage"},"image":{"@id":"https:\/\/www.athenaroyal-cbh.com\/pl\/jadalnia\/restauracje\/#primaryimage"},"thumbnailUrl":"https:\/\/www.athenaroyal-cbh.com\/app\/uploads\/sites\/32\/2022\/07\/19.1-ATHENA-ROYAL-BEACH-HOTEL-OLIVE-TREE-MEDITERRANEAN-A-LA-CARTE-RESTAURANT.jpg","datePublished":"2024-07-23T07:46:25+00:00","dateModified":"2024-09-16T15:01:27+00:00","description":"Zachwy\u0107 swoje zmys\u0142y w naszych restauracjach hotelu Athena Royal Beach w Pafos, kt\u00f3re \u0142\u0105cz\u0105 w sobie uprzejm\u0105 obs\u0142ug\u0119 z najbardziej kusz\u0105cymi smakami dla wszystkich podniebie\u0144.","breadcrumb":{"@id":"https:\/\/www.athenaroyal-cbh.com\/pl\/jadalnia\/restauracje\/#breadcrumb"},"inLanguage":"pl-PL","potentialAction":[{"@type":"ReadAction","target":["https:\/\/www.athenaroyal-cbh.com\/pl\/jadalnia\/restauracje\/"]}]},{"@type":"ImageObject","inLanguage":"pl-PL","@id":"https:\/\/www.athenaroyal-cbh.com\/pl\/jadalnia\/restauracje\/#primaryimage","url":"https:\/\/www.athenaroyal-cbh.com\/app\/uploads\/sites\/32\/2022\/07\/19.1-ATHENA-ROYAL-BEACH-HOTEL-OLIVE-TREE-MEDITERRANEAN-A-LA-CARTE-RESTAURANT.jpg","contentUrl":"https:\/\/www.athenaroyal-cbh.com\/app\/uploads\/sites\/32\/2022\/07\/19.1-ATHENA-ROYAL-BEACH-HOTEL-OLIVE-TREE-MEDITERRANEAN-A-LA-CARTE-RESTAURANT.jpg","width":8256,"height":5504,"caption":"Olive Tree Mediterranean a la Carte Restaurant"},{"@type":"BreadcrumbList","@id":"https:\/\/www.athenaroyal-cbh.com\/pl\/jadalnia\/restauracje\/#breadcrumb","itemListElement":[{"@type":"ListItem","position":1,"name":"Home","item":"https:\/\/www.athenaroyal-cbh.com\/pl\/"},{"@type":"ListItem","position":2,"name":"Jadalnia","item":"https:\/\/www.athenaroyal-cbh.com\/pl\/jadalnia\/"},{"@type":"ListItem","position":3,"name":"Restauracje"}]},{"@type":"WebSite","@id":"https:\/\/www.athenaroyal-cbh.com\/pl\/#website","url":"https:\/\/www.athenaroyal-cbh.com\/pl\/","name":"\u0391thena Royal Beach Hotel","description":"Constantinou Bros Athena Royal Hotel, 4 star hotel in Paphos Cyprus","potentialAction":[{"@type":"SearchAction","target":{"@type":"EntryPoint","urlTemplate":"https:\/\/www.athenaroyal-cbh.com\/pl\/?s={search_term_string}"},"query-input":{"@type":"PropertyValueSpecification","valueRequired":true,"valueName":"search_term_string"}}],"inLanguage":"pl-PL"}]}},"_links":{"self":[{"href":"https:\/\/www.athenaroyal-cbh.com\/pl\/wp-json\/wp\/v2\/pages\/23634","targetHints":{"allow":["GET"]}}],"collection":[{"href":"https:\/\/www.athenaroyal-cbh.com\/pl\/wp-json\/wp\/v2\/pages"}],"about":[{"href":"https:\/\/www.athenaroyal-cbh.com\/pl\/wp-json\/wp\/v2\/types\/page"}],"author":[{"embeddable":true,"href":"https:\/\/www.athenaroyal-cbh.com\/pl\/wp-json\/wp\/v2\/users\/1"}],"replies":[{"embeddable":true,"href":"https:\/\/www.athenaroyal-cbh.com\/pl\/wp-json\/wp\/v2\/comments?post=23634"}],"version-history":[{"count":1,"href":"https:\/\/www.athenaroyal-cbh.com\/pl\/wp-json\/wp\/v2\/pages\/23634\/revisions"}],"predecessor-version":[{"id":26002,"href":"https:\/\/www.athenaroyal-cbh.com\/pl\/wp-json\/wp\/v2\/pages\/23634\/revisions\/26002"}],"up":[{"embeddable":true,"href":"https:\/\/www.athenaroyal-cbh.com\/pl\/wp-json\/wp\/v2\/pages\/23585"}],"wp:featuredmedia":[{"embeddable":true,"href":"https:\/\/www.athenaroyal-cbh.com\/pl\/wp-json\/wp\/v2\/media\/25371"}],"wp:attachment":[{"href":"https:\/\/www.athenaroyal-cbh.com\/pl\/wp-json\/wp\/v2\/media?parent=23634"}],"curies":[{"name":"wp","href":"https:\/\/api.w.org\/{rel}","templated":true}]}}