{"id":23624,"date":"2024-07-23T10:46:19","date_gmt":"2024-07-23T07:46:19","guid":{"rendered":"https:\/\/www.athenaroyal-cbh.com\/jadalnia\/bary\/"},"modified":"2025-07-31T09:33:10","modified_gmt":"2025-07-31T06:33:10","slug":"bary","status":"publish","type":"page","link":"https:\/\/www.athenaroyal-cbh.com\/pl\/jadalnia\/bary\/","title":{"rendered":"Bary"},"content":{"rendered":"<h1 class=\"entry-title title-size font-regular text-center mt-5\">Prosz\u0119 zapozna\u0107 si\u0119 ze wszystkimi barami w Athena Royal Beach Hotel Paphos<\/h1>\n<p>&nbsp;<\/p>\n<p>Mog\u0105 Pa\u0144stwo wypi\u0107 orze\u017awiaj\u0105cego drinka w ci\u0105gu dnia lub wieczorny koktajl w relaksuj\u0105cej atmosferze hotelowych bar\u00f3w.<\/p>\n<p>&nbsp;<\/p>\n<h4>Dionysos Cocktail Bar<\/h4>\n<p>Dobre miejsce na spotkanie w holu na drinka przed kolacj\u0105 lub na wieczorn\u0105 rozrywk\u0119 na \u017cywo.<\/p>\n<p>&nbsp;<\/p>\n<h4>Bar na dachu St. Andrew&#8217;s (lato &#8211; otwarty wed\u0142ug uznania kierownictwa)<\/h4>\n<p>Z widokiem na Morze \u015ar\u00f3dziemne, St. Andrew&#8217;s Rooftop Bar oferuje niesamowite panoramiczne widoki i zachody s\u0142o\u0144ca, dzi\u0119ki czemu jest to idealne miejsce na relaks przy naszych charakterystycznych koktajlach i obserwowanie zachodz\u0105cego s\u0142o\u0144ca.<\/p>\n<p>&nbsp;<\/p>\n<h4>Bar przy basenie Akakia (lato)<\/h4>\n<p>Ca\u0142e to pluskanie sprawi, \u017ce b\u0119d\u0105 Pa\u0144stwo spragnieni, wi\u0119c warto wypi\u0107 orze\u017awiaj\u0105cego drinka przy basenie.<\/p>\n<p>&nbsp;<\/p>\n<h4>Bar ogrodowy<\/h4>\n<p>Idealne miejsce, aby usi\u0105\u015b\u0107 i zrelaksowa\u0107 si\u0119 przy \u015bwie\u017co przygotowanym napoju do wyboru.<\/p>\n","protected":false},"excerpt":{"rendered":"<p>Prosz\u0119 zapozna\u0107 si\u0119 ze wszystkimi barami w Athena Royal Beach Hotel Paphos &nbsp; Mog\u0105 Pa\u0144stwo wypi\u0107 orze\u017awiaj\u0105cego drinka w ci\u0105gu dnia lub wieczorny koktajl w relaksuj\u0105cej atmosferze hotelowych bar\u00f3w. &nbsp; Dionysos Cocktail Bar Dobre miejsce na spotkanie w holu na drinka przed kolacj\u0105 lub na wieczorn\u0105 rozrywk\u0119 na \u017cywo. &nbsp; Bar na dachu St. Andrew&#8217;s<\/p>\n","protected":false},"author":1,"featured_media":25369,"parent":23585,"menu_order":0,"comment_status":"closed","ping_status":"closed","template":"","meta":{"_acf_changed":false,"footnotes":""},"class_list":["post-23624","page","type-page","status-publish","has-post-thumbnail","hentry"],"acf":[],"yoast_head":"<!-- This site is optimized with the Yoast SEO plugin v27.4 - https:\/\/yoast.com\/product\/yoast-seo-wordpress\/ -->\n<title>Athena Royal Beach hotel Paphos bary || Athena Royal Hotel<\/title>\n<meta name=\"description\" content=\"Pragnienie mo\u017cna ugasi\u0107 pysznymi przek\u0105skami, koktajlami i winami w barach hotelu Athena Royal Beach w Pafos, kt\u00f3re obejmuj\u0105 lobby, bar przy basenie i bar na dachu.\" \/>\n<meta name=\"robots\" content=\"index, follow, max-snippet:-1, max-image-preview:large, max-video-preview:-1\" \/>\n<link rel=\"canonical\" href=\"https:\/\/www.athenaroyal-cbh.com\/pl\/jadalnia\/bary\/\" \/>\n<meta property=\"og:locale\" content=\"pl_PL\" \/>\n<meta property=\"og:type\" content=\"article\" \/>\n<meta property=\"og:title\" content=\"Athena Royal Beach hotel Paphos bary || Athena Royal Hotel\" \/>\n<meta property=\"og:description\" content=\"Pragnienie mo\u017cna ugasi\u0107 pysznymi przek\u0105skami, koktajlami i winami w barach hotelu Athena Royal Beach w Pafos, kt\u00f3re obejmuj\u0105 lobby, bar przy basenie i bar na dachu.\" \/>\n<meta property=\"og:url\" content=\"https:\/\/www.athenaroyal-cbh.com\/pl\/jadalnia\/bary\/\" \/>\n<meta property=\"og:site_name\" content=\"\u0391thena Royal Beach Hotel\" \/>\n<meta property=\"article:modified_time\" content=\"2025-07-31T06:33:10+00:00\" \/>\n<meta property=\"og:image\" content=\"https:\/\/www.athenaroyal-cbh.com\/app\/uploads\/sites\/32\/2019\/09\/piano_bar.jpg\" \/>\n\t<meta property=\"og:image:width\" content=\"1053\" \/>\n\t<meta property=\"og:image:height\" content=\"700\" \/>\n\t<meta property=\"og:image:type\" content=\"image\/jpeg\" \/>\n<meta name=\"twitter:card\" content=\"summary_large_image\" \/>\n<meta name=\"twitter:label1\" content=\"Est. reading time\" \/>\n\t<meta name=\"twitter:data1\" content=\"1 minute\" \/>\n<script type=\"application\/ld+json\" class=\"yoast-schema-graph\">{\"@context\":\"https:\\\/\\\/schema.org\",\"@graph\":[{\"@type\":\"WebPage\",\"@id\":\"https:\\\/\\\/www.athenaroyal-cbh.com\\\/pl\\\/jadalnia\\\/bary\\\/\",\"url\":\"https:\\\/\\\/www.athenaroyal-cbh.com\\\/pl\\\/jadalnia\\\/bary\\\/\",\"name\":\"Athena Royal Beach hotel Paphos bary || Athena Royal Hotel\",\"isPartOf\":{\"@id\":\"https:\\\/\\\/www.athenaroyal-cbh.com\\\/pl\\\/#website\"},\"primaryImageOfPage\":{\"@id\":\"https:\\\/\\\/www.athenaroyal-cbh.com\\\/pl\\\/jadalnia\\\/bary\\\/#primaryimage\"},\"image\":{\"@id\":\"https:\\\/\\\/www.athenaroyal-cbh.com\\\/pl\\\/jadalnia\\\/bary\\\/#primaryimage\"},\"thumbnailUrl\":\"https:\\\/\\\/www.athenaroyal-cbh.com\\\/app\\\/uploads\\\/sites\\\/32\\\/2019\\\/09\\\/piano_bar.jpg\",\"datePublished\":\"2024-07-23T07:46:19+00:00\",\"dateModified\":\"2025-07-31T06:33:10+00:00\",\"description\":\"Pragnienie mo\u017cna ugasi\u0107 pysznymi przek\u0105skami, koktajlami i winami w barach hotelu Athena Royal Beach w Pafos, kt\u00f3re obejmuj\u0105 lobby, bar przy basenie i bar na dachu.\",\"breadcrumb\":{\"@id\":\"https:\\\/\\\/www.athenaroyal-cbh.com\\\/pl\\\/jadalnia\\\/bary\\\/#breadcrumb\"},\"inLanguage\":\"pl-PL\",\"potentialAction\":[{\"@type\":\"ReadAction\",\"target\":[\"https:\\\/\\\/www.athenaroyal-cbh.com\\\/pl\\\/jadalnia\\\/bary\\\/\"]}]},{\"@type\":\"ImageObject\",\"inLanguage\":\"pl-PL\",\"@id\":\"https:\\\/\\\/www.athenaroyal-cbh.com\\\/pl\\\/jadalnia\\\/bary\\\/#primaryimage\",\"url\":\"https:\\\/\\\/www.athenaroyal-cbh.com\\\/app\\\/uploads\\\/sites\\\/32\\\/2019\\\/09\\\/piano_bar.jpg\",\"contentUrl\":\"https:\\\/\\\/www.athenaroyal-cbh.com\\\/app\\\/uploads\\\/sites\\\/32\\\/2019\\\/09\\\/piano_bar.jpg\",\"width\":1053,\"height\":700},{\"@type\":\"BreadcrumbList\",\"@id\":\"https:\\\/\\\/www.athenaroyal-cbh.com\\\/pl\\\/jadalnia\\\/bary\\\/#breadcrumb\",\"itemListElement\":[{\"@type\":\"ListItem\",\"position\":1,\"name\":\"Home\",\"item\":\"https:\\\/\\\/www.athenaroyal-cbh.com\\\/pl\\\/\"},{\"@type\":\"ListItem\",\"position\":2,\"name\":\"Jadalnia\",\"item\":\"https:\\\/\\\/www.athenaroyal-cbh.com\\\/pl\\\/jadalnia\\\/\"},{\"@type\":\"ListItem\",\"position\":3,\"name\":\"Bary\"}]},{\"@type\":\"WebSite\",\"@id\":\"https:\\\/\\\/www.athenaroyal-cbh.com\\\/pl\\\/#website\",\"url\":\"https:\\\/\\\/www.athenaroyal-cbh.com\\\/pl\\\/\",\"name\":\"\u0391thena Royal Beach Hotel\",\"description\":\"Constantinou Bros Athena Royal Hotel, 4 star hotel in Paphos Cyprus\",\"potentialAction\":[{\"@type\":\"SearchAction\",\"target\":{\"@type\":\"EntryPoint\",\"urlTemplate\":\"https:\\\/\\\/www.athenaroyal-cbh.com\\\/pl\\\/?s={search_term_string}\"},\"query-input\":{\"@type\":\"PropertyValueSpecification\",\"valueRequired\":true,\"valueName\":\"search_term_string\"}}],\"inLanguage\":\"pl-PL\"}]}<\/script>\n<!-- \/ Yoast SEO plugin. -->","yoast_head_json":{"title":"Athena Royal Beach hotel Paphos bary || Athena Royal Hotel","description":"Pragnienie mo\u017cna ugasi\u0107 pysznymi przek\u0105skami, koktajlami i winami w barach hotelu Athena Royal Beach w Pafos, kt\u00f3re obejmuj\u0105 lobby, bar przy basenie i bar na dachu.","robots":{"index":"index","follow":"follow","max-snippet":"max-snippet:-1","max-image-preview":"max-image-preview:large","max-video-preview":"max-video-preview:-1"},"canonical":"https:\/\/www.athenaroyal-cbh.com\/pl\/jadalnia\/bary\/","og_locale":"pl_PL","og_type":"article","og_title":"Athena Royal Beach hotel Paphos bary || Athena Royal Hotel","og_description":"Pragnienie mo\u017cna ugasi\u0107 pysznymi przek\u0105skami, koktajlami i winami w barach hotelu Athena Royal Beach w Pafos, kt\u00f3re obejmuj\u0105 lobby, bar przy basenie i bar na dachu.","og_url":"https:\/\/www.athenaroyal-cbh.com\/pl\/jadalnia\/bary\/","og_site_name":"\u0391thena Royal Beach Hotel","article_modified_time":"2025-07-31T06:33:10+00:00","og_image":[{"width":1053,"height":700,"url":"https:\/\/www.athenaroyal-cbh.com\/app\/uploads\/sites\/32\/2019\/09\/piano_bar.jpg","type":"image\/jpeg"}],"twitter_card":"summary_large_image","twitter_misc":{"Est. reading time":"1 minute"},"schema":{"@context":"https:\/\/schema.org","@graph":[{"@type":"WebPage","@id":"https:\/\/www.athenaroyal-cbh.com\/pl\/jadalnia\/bary\/","url":"https:\/\/www.athenaroyal-cbh.com\/pl\/jadalnia\/bary\/","name":"Athena Royal Beach hotel Paphos bary || Athena Royal Hotel","isPartOf":{"@id":"https:\/\/www.athenaroyal-cbh.com\/pl\/#website"},"primaryImageOfPage":{"@id":"https:\/\/www.athenaroyal-cbh.com\/pl\/jadalnia\/bary\/#primaryimage"},"image":{"@id":"https:\/\/www.athenaroyal-cbh.com\/pl\/jadalnia\/bary\/#primaryimage"},"thumbnailUrl":"https:\/\/www.athenaroyal-cbh.com\/app\/uploads\/sites\/32\/2019\/09\/piano_bar.jpg","datePublished":"2024-07-23T07:46:19+00:00","dateModified":"2025-07-31T06:33:10+00:00","description":"Pragnienie mo\u017cna ugasi\u0107 pysznymi przek\u0105skami, koktajlami i winami w barach hotelu Athena Royal Beach w Pafos, kt\u00f3re obejmuj\u0105 lobby, bar przy basenie i bar na dachu.","breadcrumb":{"@id":"https:\/\/www.athenaroyal-cbh.com\/pl\/jadalnia\/bary\/#breadcrumb"},"inLanguage":"pl-PL","potentialAction":[{"@type":"ReadAction","target":["https:\/\/www.athenaroyal-cbh.com\/pl\/jadalnia\/bary\/"]}]},{"@type":"ImageObject","inLanguage":"pl-PL","@id":"https:\/\/www.athenaroyal-cbh.com\/pl\/jadalnia\/bary\/#primaryimage","url":"https:\/\/www.athenaroyal-cbh.com\/app\/uploads\/sites\/32\/2019\/09\/piano_bar.jpg","contentUrl":"https:\/\/www.athenaroyal-cbh.com\/app\/uploads\/sites\/32\/2019\/09\/piano_bar.jpg","width":1053,"height":700},{"@type":"BreadcrumbList","@id":"https:\/\/www.athenaroyal-cbh.com\/pl\/jadalnia\/bary\/#breadcrumb","itemListElement":[{"@type":"ListItem","position":1,"name":"Home","item":"https:\/\/www.athenaroyal-cbh.com\/pl\/"},{"@type":"ListItem","position":2,"name":"Jadalnia","item":"https:\/\/www.athenaroyal-cbh.com\/pl\/jadalnia\/"},{"@type":"ListItem","position":3,"name":"Bary"}]},{"@type":"WebSite","@id":"https:\/\/www.athenaroyal-cbh.com\/pl\/#website","url":"https:\/\/www.athenaroyal-cbh.com\/pl\/","name":"\u0391thena Royal Beach Hotel","description":"Constantinou Bros Athena Royal Hotel, 4 star hotel in Paphos Cyprus","potentialAction":[{"@type":"SearchAction","target":{"@type":"EntryPoint","urlTemplate":"https:\/\/www.athenaroyal-cbh.com\/pl\/?s={search_term_string}"},"query-input":{"@type":"PropertyValueSpecification","valueRequired":true,"valueName":"search_term_string"}}],"inLanguage":"pl-PL"}]}},"_links":{"self":[{"href":"https:\/\/www.athenaroyal-cbh.com\/pl\/wp-json\/wp\/v2\/pages\/23624","targetHints":{"allow":["GET"]}}],"collection":[{"href":"https:\/\/www.athenaroyal-cbh.com\/pl\/wp-json\/wp\/v2\/pages"}],"about":[{"href":"https:\/\/www.athenaroyal-cbh.com\/pl\/wp-json\/wp\/v2\/types\/page"}],"author":[{"embeddable":true,"href":"https:\/\/www.athenaroyal-cbh.com\/pl\/wp-json\/wp\/v2\/users\/1"}],"replies":[{"embeddable":true,"href":"https:\/\/www.athenaroyal-cbh.com\/pl\/wp-json\/wp\/v2\/comments?post=23624"}],"version-history":[{"count":2,"href":"https:\/\/www.athenaroyal-cbh.com\/pl\/wp-json\/wp\/v2\/pages\/23624\/revisions"}],"predecessor-version":[{"id":26622,"href":"https:\/\/www.athenaroyal-cbh.com\/pl\/wp-json\/wp\/v2\/pages\/23624\/revisions\/26622"}],"up":[{"embeddable":true,"href":"https:\/\/www.athenaroyal-cbh.com\/pl\/wp-json\/wp\/v2\/pages\/23585"}],"wp:featuredmedia":[{"embeddable":true,"href":"https:\/\/www.athenaroyal-cbh.com\/pl\/wp-json\/wp\/v2\/media\/25369"}],"wp:attachment":[{"href":"https:\/\/www.athenaroyal-cbh.com\/pl\/wp-json\/wp\/v2\/media?parent=23624"}],"curies":[{"name":"wp","href":"https:\/\/api.w.org\/{rel}","templated":true}]}}