{"id":23586,"date":"2024-07-23T10:45:42","date_gmt":"2024-07-23T07:45:42","guid":{"rendered":"https:\/\/www.athenaroyal-cbh.com\/hotel\/"},"modified":"2025-05-09T10:24:46","modified_gmt":"2025-05-09T07:24:46","slug":"hotel","status":"publish","type":"page","link":"https:\/\/www.athenaroyal-cbh.com\/pl\/hotel\/","title":{"rendered":"Hotel"},"content":{"rendered":"<p>Constantinou Bros Athena Royal Beach Hotel to czterogwiazdkowy hotel nad wod\u0105 w Kato Pafos, przeznaczony dla os\u00f3b doros\u0142ych.<br \/>\nW niewielkiej odleg\u0142o\u015bci od hotelu znajd\u0105 Pa\u0144stwo interesuj\u0105ce zabytki archeologiczne, restauracje, bary i sklepy.<br \/>\nKilka metr\u00f3w od wej\u015bcia do hotelu znajduje si\u0119 przystanek autobusowy, a taks\u00f3wki s\u0105 zawsze dost\u0119pne.<br \/>\nGo\u015bcie mog\u0105 bezp\u0142atnie parkowa\u0107 na hotelowym parkingu.<br \/>\nO\u015brodek po\u0142o\u017cony jest 15 km od lotniska w Pafos i 140 km od lotniska w Larnace.<br \/>\nW niewielkiej odleg\u0142o\u015bci od hotelu znajduj\u0105 si\u0119 cztery znakomite pola golfowe.<br \/>\nWszystkie pokoje oferuj\u0105 du\u017ce balkony z majestatycznym widokiem na morze lub rozleg\u0142e hotelowe ogrody.<br \/>\nWyposa\u017cenie pokoi obejmuje klimatyzacj\u0119 i ogrzewanie, telewizor LCD z p\u0142askim ekranem i dost\u0119pem do kana\u0142\u00f3w telewizji satelitarnej, radio, szlafroki i kapcie, sejf, lod\u00f3wk\u0119, suszark\u0119 do w\u0142os\u00f3w, zestaw do prasowania, ekspres do kawy oraz zestaw do parzenia kawy i herbaty.<br \/>\nZaplecze rekreacyjne hotelu obejmuje 3 s\u0142odkowodne baseny, kryte i odkryte jacuzzi, o\u015bwietlony kort tenisowy oraz 24-torowy zielony kr\u0119giel.<\/p>\n<p>W hotelu organizowane s\u0105 r\u00f3\u017cnorodne wieczory tematyczne, a nawet romantyczne kolacje przy \u015bwiecach!<br \/>\nW hotelowym spa znajd\u0105 Pa\u0144stwo podgrzewany basen, sauny, \u0142a\u017ani\u0119 parow\u0105, dobrze wyposa\u017con\u0105 sal\u0119 fitness oraz salon fryzjerski.<br \/>\nDo Pa\u0144stwa dyspozycji jest szeroki wyb\u00f3r profesjonalnych masa\u017cy i zabieg\u00f3w na cia\u0142o.<\/p>\n<p>Po\u0142o\u017cony na 5. pi\u0119trze bar na dachu St. Andrew&#8217;s oferuje go\u015bciom spokojn\u0105 przestrze\u0144, w kt\u00f3rej mo\u017cna zrelaksowa\u0107 si\u0119 przy orze\u017awiaj\u0105cych koktajlach. Go\u015bcie mog\u0105 podziwia\u0107 zapieraj\u0105ce dech w piersiach panoramiczne widoki na Morze \u015ar\u00f3dziemne, relaksuj\u0105c si\u0119 przy koj\u0105cych d\u017awi\u0119kach muzyki lounge. Niezale\u017cnie od tego, czy ogl\u0105dasz zach\u00f3d s\u0142o\u0144ca, czy po prostu cieszysz si\u0119 wieczorn\u0105 bryz\u0105, jest to idealne miejsce na zako\u0144czenie dnia.<\/p>\n","protected":false},"excerpt":{"rendered":"<p>Constantinou Bros Athena Royal Beach Hotel to czterogwiazdkowy hotel nad wod\u0105 w Kato Pafos, przeznaczony dla os\u00f3b doros\u0142ych. W niewielkiej odleg\u0142o\u015bci od hotelu znajd\u0105 Pa\u0144stwo interesuj\u0105ce zabytki archeologiczne, restauracje, bary i sklepy. Kilka metr\u00f3w od wej\u015bcia do hotelu znajduje si\u0119 przystanek autobusowy, a taks\u00f3wki s\u0105 zawsze dost\u0119pne. Go\u015bcie mog\u0105 bezp\u0142atnie parkowa\u0107 na hotelowym parkingu. O\u015brodek<\/p>\n","protected":false},"author":1,"featured_media":25362,"parent":0,"menu_order":0,"comment_status":"closed","ping_status":"closed","template":"page-templates\/simple-list.php","meta":{"_acf_changed":false,"footnotes":""},"class_list":["post-23586","page","type-page","status-publish","has-post-thumbnail","hentry"],"acf":[],"yoast_head":"<!-- This site is optimized with the Yoast SEO plugin v27.4 - https:\/\/yoast.com\/product\/yoast-seo-wordpress\/ -->\n<title>Luksusowy hotel tylko dla doros\u0142ych w Pafos, Cypr | Athena Royal Beach<\/title>\n<meta name=\"description\" content=\"Athena Royal by Constantinou Bros Hotels to nadmorska przysta\u0144 i luksusowy hotel tylko dla doros\u0142ych w Pafos na Cyprze na najbardziej romantyczne i spokojne wakacje.\" \/>\n<meta name=\"robots\" content=\"index, follow, max-snippet:-1, max-image-preview:large, max-video-preview:-1\" \/>\n<link rel=\"canonical\" href=\"https:\/\/www.athenaroyal-cbh.com\/pl\/hotel\/\" \/>\n<meta property=\"og:locale\" content=\"pl_PL\" \/>\n<meta property=\"og:type\" content=\"article\" \/>\n<meta property=\"og:title\" content=\"Luksusowy hotel tylko dla doros\u0142ych w Pafos, Cypr | Athena Royal Beach\" \/>\n<meta property=\"og:description\" content=\"Athena Royal by Constantinou Bros Hotels to nadmorska przysta\u0144 i luksusowy hotel tylko dla doros\u0142ych w Pafos na Cyprze na najbardziej romantyczne i spokojne wakacje.\" \/>\n<meta property=\"og:url\" content=\"https:\/\/www.athenaroyal-cbh.com\/pl\/hotel\/\" \/>\n<meta property=\"og:site_name\" content=\"\u0391thena Royal Beach Hotel\" \/>\n<meta property=\"article:modified_time\" content=\"2025-05-09T07:24:46+00:00\" \/>\n<meta property=\"og:image\" content=\"https:\/\/www.athenaroyal-cbh.com\/app\/uploads\/sites\/32\/2019\/05\/2-athena-royal-beach-hotel_resized.jpg\" \/>\n\t<meta property=\"og:image:width\" content=\"1920\" \/>\n\t<meta property=\"og:image:height\" content=\"1280\" \/>\n\t<meta property=\"og:image:type\" content=\"image\/jpeg\" \/>\n<meta name=\"twitter:card\" content=\"summary_large_image\" \/>\n<meta name=\"twitter:label1\" content=\"Est. reading time\" \/>\n\t<meta name=\"twitter:data1\" content=\"2 minutes\" \/>\n<script type=\"application\/ld+json\" class=\"yoast-schema-graph\">{\"@context\":\"https:\\\/\\\/schema.org\",\"@graph\":[{\"@type\":\"WebPage\",\"@id\":\"https:\\\/\\\/www.athenaroyal-cbh.com\\\/pl\\\/hotel\\\/\",\"url\":\"https:\\\/\\\/www.athenaroyal-cbh.com\\\/pl\\\/hotel\\\/\",\"name\":\"Luksusowy hotel tylko dla doros\u0142ych w Pafos, Cypr | Athena Royal Beach\",\"isPartOf\":{\"@id\":\"https:\\\/\\\/www.athenaroyal-cbh.com\\\/pl\\\/#website\"},\"primaryImageOfPage\":{\"@id\":\"https:\\\/\\\/www.athenaroyal-cbh.com\\\/pl\\\/hotel\\\/#primaryimage\"},\"image\":{\"@id\":\"https:\\\/\\\/www.athenaroyal-cbh.com\\\/pl\\\/hotel\\\/#primaryimage\"},\"thumbnailUrl\":\"https:\\\/\\\/www.athenaroyal-cbh.com\\\/app\\\/uploads\\\/sites\\\/32\\\/2019\\\/05\\\/2-athena-royal-beach-hotel_resized.jpg\",\"datePublished\":\"2024-07-23T07:45:42+00:00\",\"dateModified\":\"2025-05-09T07:24:46+00:00\",\"description\":\"Athena Royal by Constantinou Bros Hotels to nadmorska przysta\u0144 i luksusowy hotel tylko dla doros\u0142ych w Pafos na Cyprze na najbardziej romantyczne i spokojne wakacje.\",\"breadcrumb\":{\"@id\":\"https:\\\/\\\/www.athenaroyal-cbh.com\\\/pl\\\/hotel\\\/#breadcrumb\"},\"inLanguage\":\"pl-PL\",\"potentialAction\":[{\"@type\":\"ReadAction\",\"target\":[\"https:\\\/\\\/www.athenaroyal-cbh.com\\\/pl\\\/hotel\\\/\"]}]},{\"@type\":\"ImageObject\",\"inLanguage\":\"pl-PL\",\"@id\":\"https:\\\/\\\/www.athenaroyal-cbh.com\\\/pl\\\/hotel\\\/#primaryimage\",\"url\":\"https:\\\/\\\/www.athenaroyal-cbh.com\\\/app\\\/uploads\\\/sites\\\/32\\\/2019\\\/05\\\/2-athena-royal-beach-hotel_resized.jpg\",\"contentUrl\":\"https:\\\/\\\/www.athenaroyal-cbh.com\\\/app\\\/uploads\\\/sites\\\/32\\\/2019\\\/05\\\/2-athena-royal-beach-hotel_resized.jpg\",\"width\":1920,\"height\":1280,\"caption\":\"Welcome to Athena Royal Beach Hotel\"},{\"@type\":\"BreadcrumbList\",\"@id\":\"https:\\\/\\\/www.athenaroyal-cbh.com\\\/pl\\\/hotel\\\/#breadcrumb\",\"itemListElement\":[{\"@type\":\"ListItem\",\"position\":1,\"name\":\"Home\",\"item\":\"https:\\\/\\\/www.athenaroyal-cbh.com\\\/pl\\\/\"},{\"@type\":\"ListItem\",\"position\":2,\"name\":\"Hotel\"}]},{\"@type\":\"WebSite\",\"@id\":\"https:\\\/\\\/www.athenaroyal-cbh.com\\\/pl\\\/#website\",\"url\":\"https:\\\/\\\/www.athenaroyal-cbh.com\\\/pl\\\/\",\"name\":\"\u0391thena Royal Beach Hotel\",\"description\":\"Constantinou Bros Athena Royal Hotel, 4 star hotel in Paphos Cyprus\",\"potentialAction\":[{\"@type\":\"SearchAction\",\"target\":{\"@type\":\"EntryPoint\",\"urlTemplate\":\"https:\\\/\\\/www.athenaroyal-cbh.com\\\/pl\\\/?s={search_term_string}\"},\"query-input\":{\"@type\":\"PropertyValueSpecification\",\"valueRequired\":true,\"valueName\":\"search_term_string\"}}],\"inLanguage\":\"pl-PL\"}]}<\/script>\n<!-- \/ Yoast SEO plugin. -->","yoast_head_json":{"title":"Luksusowy hotel tylko dla doros\u0142ych w Pafos, Cypr | Athena Royal Beach","description":"Athena Royal by Constantinou Bros Hotels to nadmorska przysta\u0144 i luksusowy hotel tylko dla doros\u0142ych w Pafos na Cyprze na najbardziej romantyczne i spokojne wakacje.","robots":{"index":"index","follow":"follow","max-snippet":"max-snippet:-1","max-image-preview":"max-image-preview:large","max-video-preview":"max-video-preview:-1"},"canonical":"https:\/\/www.athenaroyal-cbh.com\/pl\/hotel\/","og_locale":"pl_PL","og_type":"article","og_title":"Luksusowy hotel tylko dla doros\u0142ych w Pafos, Cypr | Athena Royal Beach","og_description":"Athena Royal by Constantinou Bros Hotels to nadmorska przysta\u0144 i luksusowy hotel tylko dla doros\u0142ych w Pafos na Cyprze na najbardziej romantyczne i spokojne wakacje.","og_url":"https:\/\/www.athenaroyal-cbh.com\/pl\/hotel\/","og_site_name":"\u0391thena Royal Beach Hotel","article_modified_time":"2025-05-09T07:24:46+00:00","og_image":[{"width":1920,"height":1280,"url":"https:\/\/www.athenaroyal-cbh.com\/app\/uploads\/sites\/32\/2019\/05\/2-athena-royal-beach-hotel_resized.jpg","type":"image\/jpeg"}],"twitter_card":"summary_large_image","twitter_misc":{"Est. reading time":"2 minutes"},"schema":{"@context":"https:\/\/schema.org","@graph":[{"@type":"WebPage","@id":"https:\/\/www.athenaroyal-cbh.com\/pl\/hotel\/","url":"https:\/\/www.athenaroyal-cbh.com\/pl\/hotel\/","name":"Luksusowy hotel tylko dla doros\u0142ych w Pafos, Cypr | Athena Royal Beach","isPartOf":{"@id":"https:\/\/www.athenaroyal-cbh.com\/pl\/#website"},"primaryImageOfPage":{"@id":"https:\/\/www.athenaroyal-cbh.com\/pl\/hotel\/#primaryimage"},"image":{"@id":"https:\/\/www.athenaroyal-cbh.com\/pl\/hotel\/#primaryimage"},"thumbnailUrl":"https:\/\/www.athenaroyal-cbh.com\/app\/uploads\/sites\/32\/2019\/05\/2-athena-royal-beach-hotel_resized.jpg","datePublished":"2024-07-23T07:45:42+00:00","dateModified":"2025-05-09T07:24:46+00:00","description":"Athena Royal by Constantinou Bros Hotels to nadmorska przysta\u0144 i luksusowy hotel tylko dla doros\u0142ych w Pafos na Cyprze na najbardziej romantyczne i spokojne wakacje.","breadcrumb":{"@id":"https:\/\/www.athenaroyal-cbh.com\/pl\/hotel\/#breadcrumb"},"inLanguage":"pl-PL","potentialAction":[{"@type":"ReadAction","target":["https:\/\/www.athenaroyal-cbh.com\/pl\/hotel\/"]}]},{"@type":"ImageObject","inLanguage":"pl-PL","@id":"https:\/\/www.athenaroyal-cbh.com\/pl\/hotel\/#primaryimage","url":"https:\/\/www.athenaroyal-cbh.com\/app\/uploads\/sites\/32\/2019\/05\/2-athena-royal-beach-hotel_resized.jpg","contentUrl":"https:\/\/www.athenaroyal-cbh.com\/app\/uploads\/sites\/32\/2019\/05\/2-athena-royal-beach-hotel_resized.jpg","width":1920,"height":1280,"caption":"Welcome to Athena Royal Beach Hotel"},{"@type":"BreadcrumbList","@id":"https:\/\/www.athenaroyal-cbh.com\/pl\/hotel\/#breadcrumb","itemListElement":[{"@type":"ListItem","position":1,"name":"Home","item":"https:\/\/www.athenaroyal-cbh.com\/pl\/"},{"@type":"ListItem","position":2,"name":"Hotel"}]},{"@type":"WebSite","@id":"https:\/\/www.athenaroyal-cbh.com\/pl\/#website","url":"https:\/\/www.athenaroyal-cbh.com\/pl\/","name":"\u0391thena Royal Beach Hotel","description":"Constantinou Bros Athena Royal Hotel, 4 star hotel in Paphos Cyprus","potentialAction":[{"@type":"SearchAction","target":{"@type":"EntryPoint","urlTemplate":"https:\/\/www.athenaroyal-cbh.com\/pl\/?s={search_term_string}"},"query-input":{"@type":"PropertyValueSpecification","valueRequired":true,"valueName":"search_term_string"}}],"inLanguage":"pl-PL"}]}},"_links":{"self":[{"href":"https:\/\/www.athenaroyal-cbh.com\/pl\/wp-json\/wp\/v2\/pages\/23586","targetHints":{"allow":["GET"]}}],"collection":[{"href":"https:\/\/www.athenaroyal-cbh.com\/pl\/wp-json\/wp\/v2\/pages"}],"about":[{"href":"https:\/\/www.athenaroyal-cbh.com\/pl\/wp-json\/wp\/v2\/types\/page"}],"author":[{"embeddable":true,"href":"https:\/\/www.athenaroyal-cbh.com\/pl\/wp-json\/wp\/v2\/users\/1"}],"replies":[{"embeddable":true,"href":"https:\/\/www.athenaroyal-cbh.com\/pl\/wp-json\/wp\/v2\/comments?post=23586"}],"version-history":[{"count":2,"href":"https:\/\/www.athenaroyal-cbh.com\/pl\/wp-json\/wp\/v2\/pages\/23586\/revisions"}],"predecessor-version":[{"id":26581,"href":"https:\/\/www.athenaroyal-cbh.com\/pl\/wp-json\/wp\/v2\/pages\/23586\/revisions\/26581"}],"wp:featuredmedia":[{"embeddable":true,"href":"https:\/\/www.athenaroyal-cbh.com\/pl\/wp-json\/wp\/v2\/media\/25362"}],"wp:attachment":[{"href":"https:\/\/www.athenaroyal-cbh.com\/pl\/wp-json\/wp\/v2\/media?parent=23586"}],"curies":[{"name":"wp","href":"https:\/\/api.w.org\/{rel}","templated":true}]}}