{"id":23585,"date":"2024-07-23T10:45:42","date_gmt":"2024-07-23T07:45:42","guid":{"rendered":"https:\/\/www.athenaroyal-cbh.com\/jadalnia\/"},"modified":"2024-09-16T18:01:15","modified_gmt":"2024-09-16T15:01:15","slug":"jadalnia","status":"publish","type":"page","link":"https:\/\/www.athenaroyal-cbh.com\/pl\/jadalnia\/","title":{"rendered":"Jadalnia"},"content":{"rendered":"<p>W hotelu Athena Royal Beach obiecujemy Pa\u0144stwu uprzejm\u0105 i troskliw\u0105 obs\u0142ug\u0119 oraz wy\u015bmienit\u0105, innowacyjn\u0105 i tradycyjn\u0105 kuchni\u0119.<\/p>\n","protected":false},"excerpt":{"rendered":"<p>W hotelu Athena Royal Beach obiecujemy Pa\u0144stwu uprzejm\u0105 i troskliw\u0105 obs\u0142ug\u0119 oraz wy\u015bmienit\u0105, innowacyjn\u0105 i tradycyjn\u0105 kuchni\u0119.<\/p>\n","protected":false},"author":1,"featured_media":25371,"parent":0,"menu_order":0,"comment_status":"closed","ping_status":"closed","template":"page-templates\/simple-list.php","meta":{"_acf_changed":false,"footnotes":""},"class_list":["post-23585","page","type-page","status-publish","has-post-thumbnail","hentry"],"acf":[],"yoast_head":"<!-- This site is optimized with the Yoast SEO plugin v27.3 - https:\/\/yoast.com\/product\/yoast-seo-wordpress\/ -->\n<title>Athena Royal Beach hotel gastronomia || Athena Royal Hotel<\/title>\n<meta name=\"description\" content=\"Prosz\u0119 skosztowa\u0107 \u015bwiata smak\u00f3w dzi\u0119ki innowacyjnej i tradycyjnej kuchni w lokalach gastronomicznych i restauracjach nale\u017c\u0105cych do gastronomii hotelu Athena Royal Beach.\" \/>\n<meta name=\"robots\" content=\"index, follow, max-snippet:-1, max-image-preview:large, max-video-preview:-1\" \/>\n<link rel=\"canonical\" href=\"https:\/\/www.athenaroyal-cbh.com\/pl\/jadalnia\/\" \/>\n<meta property=\"og:locale\" content=\"pl_PL\" \/>\n<meta property=\"og:type\" content=\"article\" \/>\n<meta property=\"og:title\" content=\"Athena Royal Beach hotel gastronomia || Athena Royal Hotel\" \/>\n<meta property=\"og:description\" content=\"Prosz\u0119 skosztowa\u0107 \u015bwiata smak\u00f3w dzi\u0119ki innowacyjnej i tradycyjnej kuchni w lokalach gastronomicznych i restauracjach nale\u017c\u0105cych do gastronomii hotelu Athena Royal Beach.\" \/>\n<meta property=\"og:url\" content=\"https:\/\/www.athenaroyal-cbh.com\/pl\/jadalnia\/\" \/>\n<meta property=\"og:site_name\" content=\"\u0391thena Royal Beach Hotel\" \/>\n<meta property=\"article:modified_time\" content=\"2024-09-16T15:01:15+00:00\" \/>\n<meta property=\"og:image\" content=\"https:\/\/www.athenaroyal-cbh.com\/app\/uploads\/sites\/32\/2022\/07\/19.1-ATHENA-ROYAL-BEACH-HOTEL-OLIVE-TREE-MEDITERRANEAN-A-LA-CARTE-RESTAURANT.jpg\" \/>\n\t<meta property=\"og:image:width\" content=\"8256\" \/>\n\t<meta property=\"og:image:height\" content=\"5504\" \/>\n\t<meta property=\"og:image:type\" content=\"image\/jpeg\" \/>\n<meta name=\"twitter:card\" content=\"summary_large_image\" \/>\n<meta name=\"twitter:label1\" content=\"Est. reading time\" \/>\n\t<meta name=\"twitter:data1\" content=\"1 minute\" \/>\n<script type=\"application\/ld+json\" class=\"yoast-schema-graph\">{\"@context\":\"https:\\\/\\\/schema.org\",\"@graph\":[{\"@type\":\"WebPage\",\"@id\":\"https:\\\/\\\/www.athenaroyal-cbh.com\\\/pl\\\/jadalnia\\\/\",\"url\":\"https:\\\/\\\/www.athenaroyal-cbh.com\\\/pl\\\/jadalnia\\\/\",\"name\":\"Athena Royal Beach hotel gastronomia || Athena Royal Hotel\",\"isPartOf\":{\"@id\":\"https:\\\/\\\/www.athenaroyal-cbh.com\\\/pl\\\/#website\"},\"primaryImageOfPage\":{\"@id\":\"https:\\\/\\\/www.athenaroyal-cbh.com\\\/pl\\\/jadalnia\\\/#primaryimage\"},\"image\":{\"@id\":\"https:\\\/\\\/www.athenaroyal-cbh.com\\\/pl\\\/jadalnia\\\/#primaryimage\"},\"thumbnailUrl\":\"https:\\\/\\\/www.athenaroyal-cbh.com\\\/app\\\/uploads\\\/sites\\\/32\\\/2022\\\/07\\\/19.1-ATHENA-ROYAL-BEACH-HOTEL-OLIVE-TREE-MEDITERRANEAN-A-LA-CARTE-RESTAURANT.jpg\",\"datePublished\":\"2024-07-23T07:45:42+00:00\",\"dateModified\":\"2024-09-16T15:01:15+00:00\",\"description\":\"Prosz\u0119 skosztowa\u0107 \u015bwiata smak\u00f3w dzi\u0119ki innowacyjnej i tradycyjnej kuchni w lokalach gastronomicznych i restauracjach nale\u017c\u0105cych do gastronomii hotelu Athena Royal Beach.\",\"breadcrumb\":{\"@id\":\"https:\\\/\\\/www.athenaroyal-cbh.com\\\/pl\\\/jadalnia\\\/#breadcrumb\"},\"inLanguage\":\"pl-PL\",\"potentialAction\":[{\"@type\":\"ReadAction\",\"target\":[\"https:\\\/\\\/www.athenaroyal-cbh.com\\\/pl\\\/jadalnia\\\/\"]}]},{\"@type\":\"ImageObject\",\"inLanguage\":\"pl-PL\",\"@id\":\"https:\\\/\\\/www.athenaroyal-cbh.com\\\/pl\\\/jadalnia\\\/#primaryimage\",\"url\":\"https:\\\/\\\/www.athenaroyal-cbh.com\\\/app\\\/uploads\\\/sites\\\/32\\\/2022\\\/07\\\/19.1-ATHENA-ROYAL-BEACH-HOTEL-OLIVE-TREE-MEDITERRANEAN-A-LA-CARTE-RESTAURANT.jpg\",\"contentUrl\":\"https:\\\/\\\/www.athenaroyal-cbh.com\\\/app\\\/uploads\\\/sites\\\/32\\\/2022\\\/07\\\/19.1-ATHENA-ROYAL-BEACH-HOTEL-OLIVE-TREE-MEDITERRANEAN-A-LA-CARTE-RESTAURANT.jpg\",\"width\":8256,\"height\":5504,\"caption\":\"Olive Tree Mediterranean a la Carte Restaurant\"},{\"@type\":\"BreadcrumbList\",\"@id\":\"https:\\\/\\\/www.athenaroyal-cbh.com\\\/pl\\\/jadalnia\\\/#breadcrumb\",\"itemListElement\":[{\"@type\":\"ListItem\",\"position\":1,\"name\":\"Home\",\"item\":\"https:\\\/\\\/www.athenaroyal-cbh.com\\\/pl\\\/\"},{\"@type\":\"ListItem\",\"position\":2,\"name\":\"Jadalnia\"}]},{\"@type\":\"WebSite\",\"@id\":\"https:\\\/\\\/www.athenaroyal-cbh.com\\\/pl\\\/#website\",\"url\":\"https:\\\/\\\/www.athenaroyal-cbh.com\\\/pl\\\/\",\"name\":\"\u0391thena Royal Beach Hotel\",\"description\":\"Constantinou Bros Athena Royal Hotel, 4 star hotel in Paphos Cyprus\",\"potentialAction\":[{\"@type\":\"SearchAction\",\"target\":{\"@type\":\"EntryPoint\",\"urlTemplate\":\"https:\\\/\\\/www.athenaroyal-cbh.com\\\/pl\\\/?s={search_term_string}\"},\"query-input\":{\"@type\":\"PropertyValueSpecification\",\"valueRequired\":true,\"valueName\":\"search_term_string\"}}],\"inLanguage\":\"pl-PL\"}]}<\/script>\n<!-- \/ Yoast SEO plugin. -->","yoast_head_json":{"title":"Athena Royal Beach hotel gastronomia || Athena Royal Hotel","description":"Prosz\u0119 skosztowa\u0107 \u015bwiata smak\u00f3w dzi\u0119ki innowacyjnej i tradycyjnej kuchni w lokalach gastronomicznych i restauracjach nale\u017c\u0105cych do gastronomii hotelu Athena Royal Beach.","robots":{"index":"index","follow":"follow","max-snippet":"max-snippet:-1","max-image-preview":"max-image-preview:large","max-video-preview":"max-video-preview:-1"},"canonical":"https:\/\/www.athenaroyal-cbh.com\/pl\/jadalnia\/","og_locale":"pl_PL","og_type":"article","og_title":"Athena Royal Beach hotel gastronomia || Athena Royal Hotel","og_description":"Prosz\u0119 skosztowa\u0107 \u015bwiata smak\u00f3w dzi\u0119ki innowacyjnej i tradycyjnej kuchni w lokalach gastronomicznych i restauracjach nale\u017c\u0105cych do gastronomii hotelu Athena Royal Beach.","og_url":"https:\/\/www.athenaroyal-cbh.com\/pl\/jadalnia\/","og_site_name":"\u0391thena Royal Beach Hotel","article_modified_time":"2024-09-16T15:01:15+00:00","og_image":[{"width":8256,"height":5504,"url":"https:\/\/www.athenaroyal-cbh.com\/app\/uploads\/sites\/32\/2022\/07\/19.1-ATHENA-ROYAL-BEACH-HOTEL-OLIVE-TREE-MEDITERRANEAN-A-LA-CARTE-RESTAURANT.jpg","type":"image\/jpeg"}],"twitter_card":"summary_large_image","twitter_misc":{"Est. reading time":"1 minute"},"schema":{"@context":"https:\/\/schema.org","@graph":[{"@type":"WebPage","@id":"https:\/\/www.athenaroyal-cbh.com\/pl\/jadalnia\/","url":"https:\/\/www.athenaroyal-cbh.com\/pl\/jadalnia\/","name":"Athena Royal Beach hotel gastronomia || Athena Royal Hotel","isPartOf":{"@id":"https:\/\/www.athenaroyal-cbh.com\/pl\/#website"},"primaryImageOfPage":{"@id":"https:\/\/www.athenaroyal-cbh.com\/pl\/jadalnia\/#primaryimage"},"image":{"@id":"https:\/\/www.athenaroyal-cbh.com\/pl\/jadalnia\/#primaryimage"},"thumbnailUrl":"https:\/\/www.athenaroyal-cbh.com\/app\/uploads\/sites\/32\/2022\/07\/19.1-ATHENA-ROYAL-BEACH-HOTEL-OLIVE-TREE-MEDITERRANEAN-A-LA-CARTE-RESTAURANT.jpg","datePublished":"2024-07-23T07:45:42+00:00","dateModified":"2024-09-16T15:01:15+00:00","description":"Prosz\u0119 skosztowa\u0107 \u015bwiata smak\u00f3w dzi\u0119ki innowacyjnej i tradycyjnej kuchni w lokalach gastronomicznych i restauracjach nale\u017c\u0105cych do gastronomii hotelu Athena Royal Beach.","breadcrumb":{"@id":"https:\/\/www.athenaroyal-cbh.com\/pl\/jadalnia\/#breadcrumb"},"inLanguage":"pl-PL","potentialAction":[{"@type":"ReadAction","target":["https:\/\/www.athenaroyal-cbh.com\/pl\/jadalnia\/"]}]},{"@type":"ImageObject","inLanguage":"pl-PL","@id":"https:\/\/www.athenaroyal-cbh.com\/pl\/jadalnia\/#primaryimage","url":"https:\/\/www.athenaroyal-cbh.com\/app\/uploads\/sites\/32\/2022\/07\/19.1-ATHENA-ROYAL-BEACH-HOTEL-OLIVE-TREE-MEDITERRANEAN-A-LA-CARTE-RESTAURANT.jpg","contentUrl":"https:\/\/www.athenaroyal-cbh.com\/app\/uploads\/sites\/32\/2022\/07\/19.1-ATHENA-ROYAL-BEACH-HOTEL-OLIVE-TREE-MEDITERRANEAN-A-LA-CARTE-RESTAURANT.jpg","width":8256,"height":5504,"caption":"Olive Tree Mediterranean a la Carte Restaurant"},{"@type":"BreadcrumbList","@id":"https:\/\/www.athenaroyal-cbh.com\/pl\/jadalnia\/#breadcrumb","itemListElement":[{"@type":"ListItem","position":1,"name":"Home","item":"https:\/\/www.athenaroyal-cbh.com\/pl\/"},{"@type":"ListItem","position":2,"name":"Jadalnia"}]},{"@type":"WebSite","@id":"https:\/\/www.athenaroyal-cbh.com\/pl\/#website","url":"https:\/\/www.athenaroyal-cbh.com\/pl\/","name":"\u0391thena Royal Beach Hotel","description":"Constantinou Bros Athena Royal Hotel, 4 star hotel in Paphos Cyprus","potentialAction":[{"@type":"SearchAction","target":{"@type":"EntryPoint","urlTemplate":"https:\/\/www.athenaroyal-cbh.com\/pl\/?s={search_term_string}"},"query-input":{"@type":"PropertyValueSpecification","valueRequired":true,"valueName":"search_term_string"}}],"inLanguage":"pl-PL"}]}},"_links":{"self":[{"href":"https:\/\/www.athenaroyal-cbh.com\/pl\/wp-json\/wp\/v2\/pages\/23585","targetHints":{"allow":["GET"]}}],"collection":[{"href":"https:\/\/www.athenaroyal-cbh.com\/pl\/wp-json\/wp\/v2\/pages"}],"about":[{"href":"https:\/\/www.athenaroyal-cbh.com\/pl\/wp-json\/wp\/v2\/types\/page"}],"author":[{"embeddable":true,"href":"https:\/\/www.athenaroyal-cbh.com\/pl\/wp-json\/wp\/v2\/users\/1"}],"replies":[{"embeddable":true,"href":"https:\/\/www.athenaroyal-cbh.com\/pl\/wp-json\/wp\/v2\/comments?post=23585"}],"version-history":[{"count":1,"href":"https:\/\/www.athenaroyal-cbh.com\/pl\/wp-json\/wp\/v2\/pages\/23585\/revisions"}],"predecessor-version":[{"id":26149,"href":"https:\/\/www.athenaroyal-cbh.com\/pl\/wp-json\/wp\/v2\/pages\/23585\/revisions\/26149"}],"wp:featuredmedia":[{"embeddable":true,"href":"https:\/\/www.athenaroyal-cbh.com\/pl\/wp-json\/wp\/v2\/media\/25371"}],"wp:attachment":[{"href":"https:\/\/www.athenaroyal-cbh.com\/pl\/wp-json\/wp\/v2\/media?parent=23585"}],"curies":[{"name":"wp","href":"https:\/\/api.w.org\/{rel}","templated":true}]}}