{"id":12615,"date":"2022-07-08T16:52:45","date_gmt":"2022-07-08T13:52:45","guid":{"rendered":"https:\/\/www.athenaroyal-cbh.com\/the-hotel\/"},"modified":"2025-05-09T10:23:29","modified_gmt":"2025-05-09T07:23:29","slug":"the-hotel","status":"publish","type":"page","link":"https:\/\/www.athenaroyal-cbh.com\/it\/the-hotel\/","title":{"rendered":"L&#8217;albergo"},"content":{"rendered":"<p>Il Constantinou Bros Athena Royal Beach Hotel \u00e8 un albergo a quattro stelle per adulti situato sul lungomare di Kato Paphos. Luoghi di interesse archeologico, ristoranti, bar e negozi si trovano a breve distanza. A pochi metri dall&#8217;ingresso dell&#8217;hotel si trova una fermata dell&#8217;autobus e i taxi sono sempre disponibili. Il parcheggio dell&#8217;hotel \u00e8 gratuito per gli ospiti. Il resort si trova a 15 km dall&#8217;aeroporto di Paphos e a 140 km da quello di Larnaca.<\/p>\n<p>Quattro eccellenti campi da golf si trovano a breve distanza in auto. Tutte le camere offrono ampi balconi con vista maestosa sul mare o sugli ampi giardini dell&#8217;hotel. Le camere dispongono di aria condizionata e riscaldamento, TV satellitare LCD a schermo piatto e radio, accappatoi e pantofole, cassette di sicurezza, frigorifero, asciugacapelli, ferro da stiro, macchina per caff\u00e8 espresso e set per la preparazione di t\u00e8 e caff\u00e8.<\/p>\n<p>Le strutture per il tempo libero di questo hotel comprendono 3 piscine d&#8217;acqua dolce, vasche idromassaggio interne ed esterne, un campo da tennis illuminato e un campo da bocce verde a 24 piste. Godetevi una cena raffinata nelle varie serate a tema dell&#8217;hotel e persino una cena romantica a lume di candela! Il centro benessere dell&#8217;hotel dispone di piscina riscaldata, saune, bagno turco, sala fitness ben attrezzata e salone di parrucchiere. \u00c8 disponibile una buona scelta di massaggi professionali e di trattamenti per il corpo.<\/p>\n<p>Po\u0142o\u017cony na 5. pi\u0119trze bar na dachu St. Andrew&#8217;s oferuje go\u015bciom spokojn\u0105 przestrze\u0144, w kt\u00f3rej mo\u017cna zrelaksowa\u0107 si\u0119 przy orze\u017awiaj\u0105cych koktajlach. Go\u015bcie mog\u0105 podziwia\u0107 zapieraj\u0105ce dech w piersiach panoramiczne widoki na Morze \u015ar\u00f3dziemne, relaksuj\u0105c si\u0119 przy koj\u0105cych d\u017awi\u0119kach muzyki lounge. Niezale\u017cnie od tego, czy ogl\u0105dasz zach\u00f3d s\u0142o\u0144ca, czy po prostu cieszysz si\u0119 wieczorn\u0105 bryz\u0105, jest to idealne miejsce na zako\u0144czenie dnia.<\/p>\n","protected":false},"excerpt":{"rendered":"<p>Il Constantinou Bros Athena Royal Beach Hotel \u00e8 un albergo a quattro stelle per adulti situato sul lungomare di Kato Paphos. Luoghi di interesse archeologico, ristoranti, bar e negozi si trovano a breve distanza. A pochi metri dall&#8217;ingresso dell&#8217;hotel si trova una fermata dell&#8217;autobus e i taxi sono sempre disponibili. Il parcheggio dell&#8217;hotel \u00e8 gratuito<\/p>\n","protected":false},"author":1,"featured_media":12581,"parent":0,"menu_order":0,"comment_status":"closed","ping_status":"closed","template":"page-templates\/simple-list.php","meta":{"_acf_changed":false,"footnotes":""},"class_list":["post-12615","page","type-page","status-publish","has-post-thumbnail","hentry"],"acf":[],"yoast_head":"<!-- This site is optimized with the Yoast SEO plugin v27.4 - https:\/\/yoast.com\/product\/yoast-seo-wordpress\/ -->\n<title>Hotel di lusso per soli adulti a Paphos, Cipro | Athena Royal Beach<\/title>\n<meta name=\"description\" content=\"Athena Royal by Constantinou Bros Hotels \u00e8 un paradiso sulla spiaggia e un hotel di lusso per soli adulti a Paphos, Cipro, per le vacanze pi\u00f9 romantiche e tranquille.\" \/>\n<meta name=\"robots\" content=\"index, follow, max-snippet:-1, max-image-preview:large, max-video-preview:-1\" \/>\n<link rel=\"canonical\" href=\"https:\/\/www.athenaroyal-cbh.com\/it\/the-hotel\/\" \/>\n<meta property=\"og:locale\" content=\"it_IT\" \/>\n<meta property=\"og:type\" content=\"article\" \/>\n<meta property=\"og:title\" content=\"Hotel di lusso per soli adulti a Paphos, Cipro | Athena Royal Beach\" \/>\n<meta property=\"og:description\" content=\"Athena Royal by Constantinou Bros Hotels \u00e8 un paradiso sulla spiaggia e un hotel di lusso per soli adulti a Paphos, Cipro, per le vacanze pi\u00f9 romantiche e tranquille.\" \/>\n<meta property=\"og:url\" content=\"https:\/\/www.athenaroyal-cbh.com\/it\/the-hotel\/\" \/>\n<meta property=\"og:site_name\" content=\"\u0391thena Royal Beach Hotel\" \/>\n<meta property=\"article:modified_time\" content=\"2025-05-09T07:23:29+00:00\" \/>\n<meta property=\"og:image\" content=\"https:\/\/www.athenaroyal-cbh.com\/app\/uploads\/sites\/32\/2019\/05\/2-athena-royal-beach-hotel_resized.jpg\" \/>\n\t<meta property=\"og:image:width\" content=\"1920\" \/>\n\t<meta property=\"og:image:height\" content=\"1280\" \/>\n\t<meta property=\"og:image:type\" content=\"image\/jpeg\" \/>\n<meta name=\"twitter:card\" content=\"summary_large_image\" \/>\n<meta name=\"twitter:label1\" content=\"Tempo di lettura stimato\" \/>\n\t<meta name=\"twitter:data1\" content=\"2 minuti\" \/>\n<script type=\"application\/ld+json\" class=\"yoast-schema-graph\">{\"@context\":\"https:\\\/\\\/schema.org\",\"@graph\":[{\"@type\":\"WebPage\",\"@id\":\"https:\\\/\\\/www.athenaroyal-cbh.com\\\/it\\\/the-hotel\\\/\",\"url\":\"https:\\\/\\\/www.athenaroyal-cbh.com\\\/it\\\/the-hotel\\\/\",\"name\":\"Hotel di lusso per soli adulti a Paphos, Cipro | Athena Royal Beach\",\"isPartOf\":{\"@id\":\"https:\\\/\\\/www.athenaroyal-cbh.com\\\/it\\\/#website\"},\"primaryImageOfPage\":{\"@id\":\"https:\\\/\\\/www.athenaroyal-cbh.com\\\/it\\\/the-hotel\\\/#primaryimage\"},\"image\":{\"@id\":\"https:\\\/\\\/www.athenaroyal-cbh.com\\\/it\\\/the-hotel\\\/#primaryimage\"},\"thumbnailUrl\":\"https:\\\/\\\/www.athenaroyal-cbh.com\\\/app\\\/uploads\\\/sites\\\/32\\\/2019\\\/05\\\/2-athena-royal-beach-hotel_resized.jpg\",\"datePublished\":\"2022-07-08T13:52:45+00:00\",\"dateModified\":\"2025-05-09T07:23:29+00:00\",\"description\":\"Athena Royal by Constantinou Bros Hotels \u00e8 un paradiso sulla spiaggia e un hotel di lusso per soli adulti a Paphos, Cipro, per le vacanze pi\u00f9 romantiche e tranquille.\",\"breadcrumb\":{\"@id\":\"https:\\\/\\\/www.athenaroyal-cbh.com\\\/it\\\/the-hotel\\\/#breadcrumb\"},\"inLanguage\":\"it-IT\",\"potentialAction\":[{\"@type\":\"ReadAction\",\"target\":[\"https:\\\/\\\/www.athenaroyal-cbh.com\\\/it\\\/the-hotel\\\/\"]}]},{\"@type\":\"ImageObject\",\"inLanguage\":\"it-IT\",\"@id\":\"https:\\\/\\\/www.athenaroyal-cbh.com\\\/it\\\/the-hotel\\\/#primaryimage\",\"url\":\"https:\\\/\\\/www.athenaroyal-cbh.com\\\/app\\\/uploads\\\/sites\\\/32\\\/2019\\\/05\\\/2-athena-royal-beach-hotel_resized.jpg\",\"contentUrl\":\"https:\\\/\\\/www.athenaroyal-cbh.com\\\/app\\\/uploads\\\/sites\\\/32\\\/2019\\\/05\\\/2-athena-royal-beach-hotel_resized.jpg\",\"width\":1920,\"height\":1280,\"caption\":\"Welcome to Athena Royal Beach Hotel\"},{\"@type\":\"BreadcrumbList\",\"@id\":\"https:\\\/\\\/www.athenaroyal-cbh.com\\\/it\\\/the-hotel\\\/#breadcrumb\",\"itemListElement\":[{\"@type\":\"ListItem\",\"position\":1,\"name\":\"Home\",\"item\":\"https:\\\/\\\/www.athenaroyal-cbh.com\\\/it\\\/\"},{\"@type\":\"ListItem\",\"position\":2,\"name\":\"L&#8217;albergo\"}]},{\"@type\":\"WebSite\",\"@id\":\"https:\\\/\\\/www.athenaroyal-cbh.com\\\/it\\\/#website\",\"url\":\"https:\\\/\\\/www.athenaroyal-cbh.com\\\/it\\\/\",\"name\":\"\u0391thena Royal Beach Hotel\",\"description\":\"Constantinou Bros Athena Royal Hotel, 4 star hotel in Paphos Cyprus\",\"potentialAction\":[{\"@type\":\"SearchAction\",\"target\":{\"@type\":\"EntryPoint\",\"urlTemplate\":\"https:\\\/\\\/www.athenaroyal-cbh.com\\\/it\\\/?s={search_term_string}\"},\"query-input\":{\"@type\":\"PropertyValueSpecification\",\"valueRequired\":true,\"valueName\":\"search_term_string\"}}],\"inLanguage\":\"it-IT\"}]}<\/script>\n<!-- \/ Yoast SEO plugin. -->","yoast_head_json":{"title":"Hotel di lusso per soli adulti a Paphos, Cipro | Athena Royal Beach","description":"Athena Royal by Constantinou Bros Hotels \u00e8 un paradiso sulla spiaggia e un hotel di lusso per soli adulti a Paphos, Cipro, per le vacanze pi\u00f9 romantiche e tranquille.","robots":{"index":"index","follow":"follow","max-snippet":"max-snippet:-1","max-image-preview":"max-image-preview:large","max-video-preview":"max-video-preview:-1"},"canonical":"https:\/\/www.athenaroyal-cbh.com\/it\/the-hotel\/","og_locale":"it_IT","og_type":"article","og_title":"Hotel di lusso per soli adulti a Paphos, Cipro | Athena Royal Beach","og_description":"Athena Royal by Constantinou Bros Hotels \u00e8 un paradiso sulla spiaggia e un hotel di lusso per soli adulti a Paphos, Cipro, per le vacanze pi\u00f9 romantiche e tranquille.","og_url":"https:\/\/www.athenaroyal-cbh.com\/it\/the-hotel\/","og_site_name":"\u0391thena Royal Beach Hotel","article_modified_time":"2025-05-09T07:23:29+00:00","og_image":[{"width":1920,"height":1280,"url":"https:\/\/www.athenaroyal-cbh.com\/app\/uploads\/sites\/32\/2019\/05\/2-athena-royal-beach-hotel_resized.jpg","type":"image\/jpeg"}],"twitter_card":"summary_large_image","twitter_misc":{"Tempo di lettura stimato":"2 minuti"},"schema":{"@context":"https:\/\/schema.org","@graph":[{"@type":"WebPage","@id":"https:\/\/www.athenaroyal-cbh.com\/it\/the-hotel\/","url":"https:\/\/www.athenaroyal-cbh.com\/it\/the-hotel\/","name":"Hotel di lusso per soli adulti a Paphos, Cipro | Athena Royal Beach","isPartOf":{"@id":"https:\/\/www.athenaroyal-cbh.com\/it\/#website"},"primaryImageOfPage":{"@id":"https:\/\/www.athenaroyal-cbh.com\/it\/the-hotel\/#primaryimage"},"image":{"@id":"https:\/\/www.athenaroyal-cbh.com\/it\/the-hotel\/#primaryimage"},"thumbnailUrl":"https:\/\/www.athenaroyal-cbh.com\/app\/uploads\/sites\/32\/2019\/05\/2-athena-royal-beach-hotel_resized.jpg","datePublished":"2022-07-08T13:52:45+00:00","dateModified":"2025-05-09T07:23:29+00:00","description":"Athena Royal by Constantinou Bros Hotels \u00e8 un paradiso sulla spiaggia e un hotel di lusso per soli adulti a Paphos, Cipro, per le vacanze pi\u00f9 romantiche e tranquille.","breadcrumb":{"@id":"https:\/\/www.athenaroyal-cbh.com\/it\/the-hotel\/#breadcrumb"},"inLanguage":"it-IT","potentialAction":[{"@type":"ReadAction","target":["https:\/\/www.athenaroyal-cbh.com\/it\/the-hotel\/"]}]},{"@type":"ImageObject","inLanguage":"it-IT","@id":"https:\/\/www.athenaroyal-cbh.com\/it\/the-hotel\/#primaryimage","url":"https:\/\/www.athenaroyal-cbh.com\/app\/uploads\/sites\/32\/2019\/05\/2-athena-royal-beach-hotel_resized.jpg","contentUrl":"https:\/\/www.athenaroyal-cbh.com\/app\/uploads\/sites\/32\/2019\/05\/2-athena-royal-beach-hotel_resized.jpg","width":1920,"height":1280,"caption":"Welcome to Athena Royal Beach Hotel"},{"@type":"BreadcrumbList","@id":"https:\/\/www.athenaroyal-cbh.com\/it\/the-hotel\/#breadcrumb","itemListElement":[{"@type":"ListItem","position":1,"name":"Home","item":"https:\/\/www.athenaroyal-cbh.com\/it\/"},{"@type":"ListItem","position":2,"name":"L&#8217;albergo"}]},{"@type":"WebSite","@id":"https:\/\/www.athenaroyal-cbh.com\/it\/#website","url":"https:\/\/www.athenaroyal-cbh.com\/it\/","name":"\u0391thena Royal Beach Hotel","description":"Constantinou Bros Athena Royal Hotel, 4 star hotel in Paphos Cyprus","potentialAction":[{"@type":"SearchAction","target":{"@type":"EntryPoint","urlTemplate":"https:\/\/www.athenaroyal-cbh.com\/it\/?s={search_term_string}"},"query-input":{"@type":"PropertyValueSpecification","valueRequired":true,"valueName":"search_term_string"}}],"inLanguage":"it-IT"}]}},"_links":{"self":[{"href":"https:\/\/www.athenaroyal-cbh.com\/it\/wp-json\/wp\/v2\/pages\/12615","targetHints":{"allow":["GET"]}}],"collection":[{"href":"https:\/\/www.athenaroyal-cbh.com\/it\/wp-json\/wp\/v2\/pages"}],"about":[{"href":"https:\/\/www.athenaroyal-cbh.com\/it\/wp-json\/wp\/v2\/types\/page"}],"author":[{"embeddable":true,"href":"https:\/\/www.athenaroyal-cbh.com\/it\/wp-json\/wp\/v2\/users\/1"}],"replies":[{"embeddable":true,"href":"https:\/\/www.athenaroyal-cbh.com\/it\/wp-json\/wp\/v2\/comments?post=12615"}],"version-history":[{"count":5,"href":"https:\/\/www.athenaroyal-cbh.com\/it\/wp-json\/wp\/v2\/pages\/12615\/revisions"}],"predecessor-version":[{"id":26580,"href":"https:\/\/www.athenaroyal-cbh.com\/it\/wp-json\/wp\/v2\/pages\/12615\/revisions\/26580"}],"wp:featuredmedia":[{"embeddable":true,"href":"https:\/\/www.athenaroyal-cbh.com\/it\/wp-json\/wp\/v2\/media\/12581"}],"wp:attachment":[{"href":"https:\/\/www.athenaroyal-cbh.com\/it\/wp-json\/wp\/v2\/media?parent=12615"}],"curies":[{"name":"wp","href":"https:\/\/api.w.org\/{rel}","templated":true}]}}