{"id":12600,"date":"2022-07-08T16:45:41","date_gmt":"2022-07-08T13:45:41","guid":{"rendered":"https:\/\/www.athenaroyal-cbh.com\/dining-options\/"},"modified":"2024-09-16T17:35:22","modified_gmt":"2024-09-16T14:35:22","slug":"dining-options","status":"publish","type":"page","link":"https:\/\/www.athenaroyal-cbh.com\/it\/dining\/dining-options\/","title":{"rendered":"Opzioni di ristorazione"},"content":{"rendered":"<h4><\/h4>\n<h4>Opzioni di mezza pensione\/pensione completa<\/h4>\n<ul>\n<li>Il pacchetto ristorazione flessibile \u00e8 disponibile per un minimo di 4 giorni a settimana per gli ospiti del Bed &amp; Breakfast.<\/li>\n<li>Pranzo: A scelta tra il ristorante Olive Tree e il ristorante Oasis.<\/li>\n<li>Cena: A scelta tra il ristorante Pygmalion (buffet internazionale), il ristorante Aphrodite (table d&#8217;h\u00f4te e \u00e0 la carte) o il ristorante Olive Tree (mediterraneo \u00e0 la carte).<\/li>\n<\/ul>\n<h4><\/h4>\n<p>&nbsp;<\/p>\n<h4 class=\"title\">Servizio in camera<\/h4>\n<div class=\"content\">\n<ul>\n<li>Una deliziosa selezione di cibi e bevande \u00e8 proposta nel menu del servizio in camera disponibile 24 ore su 24.<\/li>\n<\/ul>\n<\/div>\n<h4><\/h4>\n<p>&nbsp;<\/p>\n<h4>Pacchetto Premium (opzione Ultra All-Inclusive)<\/h4>\n<ul>\n<li>Approfittate del nostro pacchetto Premium (opzione Ultra All-Inclusive) per le camere classic, le camere superior e le suite.<\/li>\n<li>L&#8217;opzione Ultra All Inclusive comprende la pensione completa (colazione, pranzo e cena) pi\u00f9 snack, gelati, acqua, bevande alcoliche e analcoliche, bevande calde e fredde per tutto il giorno.<\/li>\n<\/ul>\n<p>Per saperne di pi\u00f9 sul Pacchetto Premium, fare clic qui.<\/p>\n<div class=\"content\">\n<p>&nbsp;<\/p>\n<\/div>\n","protected":false},"excerpt":{"rendered":"<p>Opzioni di mezza pensione\/pensione completa Il pacchetto ristorazione flessibile \u00e8 disponibile per un minimo di 4 giorni a settimana per gli ospiti del Bed &amp; Breakfast. Pranzo: A scelta tra il ristorante Olive Tree e il ristorante Oasis. Cena: A scelta tra il ristorante Pygmalion (buffet internazionale), il ristorante Aphrodite (table d&#8217;h\u00f4te e \u00e0 la<\/p>\n","protected":false},"author":1,"featured_media":13281,"parent":12617,"menu_order":0,"comment_status":"closed","ping_status":"closed","template":"","meta":{"_acf_changed":false,"footnotes":""},"class_list":["post-12600","page","type-page","status-publish","has-post-thumbnail","hentry"],"acf":[],"yoast_head":"<!-- This site is optimized with the Yoast SEO plugin v27.4 - https:\/\/yoast.com\/product\/yoast-seo-wordpress\/ -->\n<title>Punti di ristoro dell&#039;hotel Athena Royal Beach || Athena Royal Hotel<\/title>\n<meta name=\"description\" content=\"Scoprite tutte e tre le opzioni di ristorazione dell&#039;hotel Athena Royal Beach, tra cui la mezza pensione e la pensione completa, il servizio in camera e il pacchetto Premium ultra all-inclusive.\" \/>\n<meta name=\"robots\" content=\"index, follow, max-snippet:-1, max-image-preview:large, max-video-preview:-1\" \/>\n<link rel=\"canonical\" href=\"https:\/\/www.athenaroyal-cbh.com\/it\/dining\/dining-options\/\" \/>\n<meta property=\"og:locale\" content=\"it_IT\" \/>\n<meta property=\"og:type\" content=\"article\" \/>\n<meta property=\"og:title\" content=\"Punti di ristoro dell&#039;hotel Athena Royal Beach || Athena Royal Hotel\" \/>\n<meta property=\"og:description\" content=\"Scoprite tutte e tre le opzioni di ristorazione dell&#039;hotel Athena Royal Beach, tra cui la mezza pensione e la pensione completa, il servizio in camera e il pacchetto Premium ultra all-inclusive.\" \/>\n<meta property=\"og:url\" content=\"https:\/\/www.athenaroyal-cbh.com\/it\/dining\/dining-options\/\" \/>\n<meta property=\"og:site_name\" content=\"\u0391thena Royal Beach Hotel\" \/>\n<meta property=\"article:modified_time\" content=\"2024-09-16T14:35:22+00:00\" \/>\n<meta property=\"og:image\" content=\"https:\/\/www.athenaroyal-cbh.com\/app\/uploads\/sites\/32\/2019\/05\/athena-royal-beach-hotel-pygmalion-restaurnat-flambe_resized.jpg\" \/>\n\t<meta property=\"og:image:width\" content=\"1920\" \/>\n\t<meta property=\"og:image:height\" content=\"1517\" \/>\n\t<meta property=\"og:image:type\" content=\"image\/jpeg\" \/>\n<meta name=\"twitter:card\" content=\"summary_large_image\" \/>\n<meta name=\"twitter:label1\" content=\"Tempo di lettura stimato\" \/>\n\t<meta name=\"twitter:data1\" content=\"1 minuto\" \/>\n<script type=\"application\/ld+json\" class=\"yoast-schema-graph\">{\"@context\":\"https:\\\/\\\/schema.org\",\"@graph\":[{\"@type\":\"WebPage\",\"@id\":\"https:\\\/\\\/www.athenaroyal-cbh.com\\\/it\\\/dining\\\/dining-options\\\/\",\"url\":\"https:\\\/\\\/www.athenaroyal-cbh.com\\\/it\\\/dining\\\/dining-options\\\/\",\"name\":\"Punti di ristoro dell'hotel Athena Royal Beach || Athena Royal Hotel\",\"isPartOf\":{\"@id\":\"https:\\\/\\\/www.athenaroyal-cbh.com\\\/it\\\/#website\"},\"primaryImageOfPage\":{\"@id\":\"https:\\\/\\\/www.athenaroyal-cbh.com\\\/it\\\/dining\\\/dining-options\\\/#primaryimage\"},\"image\":{\"@id\":\"https:\\\/\\\/www.athenaroyal-cbh.com\\\/it\\\/dining\\\/dining-options\\\/#primaryimage\"},\"thumbnailUrl\":\"https:\\\/\\\/www.athenaroyal-cbh.com\\\/app\\\/uploads\\\/sites\\\/32\\\/2022\\\/07\\\/17-ATHENA-ROYAL-BEACH-HOTEL-PYGMALION-RESTAURANT-e1658142915286.jpg\",\"datePublished\":\"2022-07-08T13:45:41+00:00\",\"dateModified\":\"2024-09-16T14:35:22+00:00\",\"description\":\"Scoprite tutte e tre le opzioni di ristorazione dell'hotel Athena Royal Beach, tra cui la mezza pensione e la pensione completa, il servizio in camera e il pacchetto Premium ultra all-inclusive.\",\"breadcrumb\":{\"@id\":\"https:\\\/\\\/www.athenaroyal-cbh.com\\\/it\\\/dining\\\/dining-options\\\/#breadcrumb\"},\"inLanguage\":\"it-IT\",\"potentialAction\":[{\"@type\":\"ReadAction\",\"target\":[\"https:\\\/\\\/www.athenaroyal-cbh.com\\\/it\\\/dining\\\/dining-options\\\/\"]}]},{\"@type\":\"ImageObject\",\"inLanguage\":\"it-IT\",\"@id\":\"https:\\\/\\\/www.athenaroyal-cbh.com\\\/it\\\/dining\\\/dining-options\\\/#primaryimage\",\"url\":\"https:\\\/\\\/www.athenaroyal-cbh.com\\\/app\\\/uploads\\\/sites\\\/32\\\/2022\\\/07\\\/17-ATHENA-ROYAL-BEACH-HOTEL-PYGMALION-RESTAURANT-e1658142915286.jpg\",\"contentUrl\":\"https:\\\/\\\/www.athenaroyal-cbh.com\\\/app\\\/uploads\\\/sites\\\/32\\\/2022\\\/07\\\/17-ATHENA-ROYAL-BEACH-HOTEL-PYGMALION-RESTAURANT-e1658142915286.jpg\",\"width\":7961,\"height\":5307},{\"@type\":\"BreadcrumbList\",\"@id\":\"https:\\\/\\\/www.athenaroyal-cbh.com\\\/it\\\/dining\\\/dining-options\\\/#breadcrumb\",\"itemListElement\":[{\"@type\":\"ListItem\",\"position\":1,\"name\":\"Home\",\"item\":\"https:\\\/\\\/www.athenaroyal-cbh.com\\\/it\\\/\"},{\"@type\":\"ListItem\",\"position\":2,\"name\":\"Pranzo\",\"item\":\"https:\\\/\\\/www.athenaroyal-cbh.com\\\/it\\\/dining\\\/\"},{\"@type\":\"ListItem\",\"position\":3,\"name\":\"Opzioni di ristorazione\"}]},{\"@type\":\"WebSite\",\"@id\":\"https:\\\/\\\/www.athenaroyal-cbh.com\\\/it\\\/#website\",\"url\":\"https:\\\/\\\/www.athenaroyal-cbh.com\\\/it\\\/\",\"name\":\"\u0391thena Royal Beach Hotel\",\"description\":\"Constantinou Bros Athena Royal Hotel, 4 star hotel in Paphos Cyprus\",\"potentialAction\":[{\"@type\":\"SearchAction\",\"target\":{\"@type\":\"EntryPoint\",\"urlTemplate\":\"https:\\\/\\\/www.athenaroyal-cbh.com\\\/it\\\/?s={search_term_string}\"},\"query-input\":{\"@type\":\"PropertyValueSpecification\",\"valueRequired\":true,\"valueName\":\"search_term_string\"}}],\"inLanguage\":\"it-IT\"}]}<\/script>\n<!-- \/ Yoast SEO plugin. -->","yoast_head_json":{"title":"Punti di ristoro dell'hotel Athena Royal Beach || Athena Royal Hotel","description":"Scoprite tutte e tre le opzioni di ristorazione dell'hotel Athena Royal Beach, tra cui la mezza pensione e la pensione completa, il servizio in camera e il pacchetto Premium ultra all-inclusive.","robots":{"index":"index","follow":"follow","max-snippet":"max-snippet:-1","max-image-preview":"max-image-preview:large","max-video-preview":"max-video-preview:-1"},"canonical":"https:\/\/www.athenaroyal-cbh.com\/it\/dining\/dining-options\/","og_locale":"it_IT","og_type":"article","og_title":"Punti di ristoro dell'hotel Athena Royal Beach || Athena Royal Hotel","og_description":"Scoprite tutte e tre le opzioni di ristorazione dell'hotel Athena Royal Beach, tra cui la mezza pensione e la pensione completa, il servizio in camera e il pacchetto Premium ultra all-inclusive.","og_url":"https:\/\/www.athenaroyal-cbh.com\/it\/dining\/dining-options\/","og_site_name":"\u0391thena Royal Beach Hotel","article_modified_time":"2024-09-16T14:35:22+00:00","og_image":[{"width":1920,"height":1517,"url":"https:\/\/www.athenaroyal-cbh.com\/app\/uploads\/sites\/32\/2019\/05\/athena-royal-beach-hotel-pygmalion-restaurnat-flambe_resized.jpg","type":"image\/jpeg"}],"twitter_card":"summary_large_image","twitter_misc":{"Tempo di lettura stimato":"1 minuto"},"schema":{"@context":"https:\/\/schema.org","@graph":[{"@type":"WebPage","@id":"https:\/\/www.athenaroyal-cbh.com\/it\/dining\/dining-options\/","url":"https:\/\/www.athenaroyal-cbh.com\/it\/dining\/dining-options\/","name":"Punti di ristoro dell'hotel Athena Royal Beach || Athena Royal Hotel","isPartOf":{"@id":"https:\/\/www.athenaroyal-cbh.com\/it\/#website"},"primaryImageOfPage":{"@id":"https:\/\/www.athenaroyal-cbh.com\/it\/dining\/dining-options\/#primaryimage"},"image":{"@id":"https:\/\/www.athenaroyal-cbh.com\/it\/dining\/dining-options\/#primaryimage"},"thumbnailUrl":"https:\/\/www.athenaroyal-cbh.com\/app\/uploads\/sites\/32\/2022\/07\/17-ATHENA-ROYAL-BEACH-HOTEL-PYGMALION-RESTAURANT-e1658142915286.jpg","datePublished":"2022-07-08T13:45:41+00:00","dateModified":"2024-09-16T14:35:22+00:00","description":"Scoprite tutte e tre le opzioni di ristorazione dell'hotel Athena Royal Beach, tra cui la mezza pensione e la pensione completa, il servizio in camera e il pacchetto Premium ultra all-inclusive.","breadcrumb":{"@id":"https:\/\/www.athenaroyal-cbh.com\/it\/dining\/dining-options\/#breadcrumb"},"inLanguage":"it-IT","potentialAction":[{"@type":"ReadAction","target":["https:\/\/www.athenaroyal-cbh.com\/it\/dining\/dining-options\/"]}]},{"@type":"ImageObject","inLanguage":"it-IT","@id":"https:\/\/www.athenaroyal-cbh.com\/it\/dining\/dining-options\/#primaryimage","url":"https:\/\/www.athenaroyal-cbh.com\/app\/uploads\/sites\/32\/2022\/07\/17-ATHENA-ROYAL-BEACH-HOTEL-PYGMALION-RESTAURANT-e1658142915286.jpg","contentUrl":"https:\/\/www.athenaroyal-cbh.com\/app\/uploads\/sites\/32\/2022\/07\/17-ATHENA-ROYAL-BEACH-HOTEL-PYGMALION-RESTAURANT-e1658142915286.jpg","width":7961,"height":5307},{"@type":"BreadcrumbList","@id":"https:\/\/www.athenaroyal-cbh.com\/it\/dining\/dining-options\/#breadcrumb","itemListElement":[{"@type":"ListItem","position":1,"name":"Home","item":"https:\/\/www.athenaroyal-cbh.com\/it\/"},{"@type":"ListItem","position":2,"name":"Pranzo","item":"https:\/\/www.athenaroyal-cbh.com\/it\/dining\/"},{"@type":"ListItem","position":3,"name":"Opzioni di ristorazione"}]},{"@type":"WebSite","@id":"https:\/\/www.athenaroyal-cbh.com\/it\/#website","url":"https:\/\/www.athenaroyal-cbh.com\/it\/","name":"\u0391thena Royal Beach Hotel","description":"Constantinou Bros Athena Royal Hotel, 4 star hotel in Paphos Cyprus","potentialAction":[{"@type":"SearchAction","target":{"@type":"EntryPoint","urlTemplate":"https:\/\/www.athenaroyal-cbh.com\/it\/?s={search_term_string}"},"query-input":{"@type":"PropertyValueSpecification","valueRequired":true,"valueName":"search_term_string"}}],"inLanguage":"it-IT"}]}},"_links":{"self":[{"href":"https:\/\/www.athenaroyal-cbh.com\/it\/wp-json\/wp\/v2\/pages\/12600","targetHints":{"allow":["GET"]}}],"collection":[{"href":"https:\/\/www.athenaroyal-cbh.com\/it\/wp-json\/wp\/v2\/pages"}],"about":[{"href":"https:\/\/www.athenaroyal-cbh.com\/it\/wp-json\/wp\/v2\/types\/page"}],"author":[{"embeddable":true,"href":"https:\/\/www.athenaroyal-cbh.com\/it\/wp-json\/wp\/v2\/users\/1"}],"replies":[{"embeddable":true,"href":"https:\/\/www.athenaroyal-cbh.com\/it\/wp-json\/wp\/v2\/comments?post=12600"}],"version-history":[{"count":4,"href":"https:\/\/www.athenaroyal-cbh.com\/it\/wp-json\/wp\/v2\/pages\/12600\/revisions"}],"predecessor-version":[{"id":25994,"href":"https:\/\/www.athenaroyal-cbh.com\/it\/wp-json\/wp\/v2\/pages\/12600\/revisions\/25994"}],"up":[{"embeddable":true,"href":"https:\/\/www.athenaroyal-cbh.com\/it\/wp-json\/wp\/v2\/pages\/12617"}],"wp:featuredmedia":[{"embeddable":true,"href":"https:\/\/www.athenaroyal-cbh.com\/it\/wp-json\/wp\/v2\/media\/13281"}],"wp:attachment":[{"href":"https:\/\/www.athenaroyal-cbh.com\/it\/wp-json\/wp\/v2\/media?parent=12600"}],"curies":[{"name":"wp","href":"https:\/\/api.w.org\/{rel}","templated":true}]}}