{"id":12595,"date":"2022-07-08T16:43:58","date_gmt":"2022-07-08T13:43:58","guid":{"rendered":"https:\/\/www.athenaroyal-cbh.com\/restaurants\/"},"modified":"2024-09-16T17:35:25","modified_gmt":"2024-09-16T14:35:25","slug":"restaurants","status":"publish","type":"page","link":"https:\/\/www.athenaroyal-cbh.com\/it\/dining\/restaurants\/","title":{"rendered":"Ristoranti"},"content":{"rendered":"<h1 class=\"entry-title title-size font-regular text-center mt-5\">Esplora tutti i ristoranti dell&#8217;hotel Athena Royal Beach di Paphos<\/h1>\n<p>&nbsp;<\/p>\n<h4>Scegliete tra i cinque ristoranti e lasciatevi deliziare da una miscela di sapori che delizier\u00e0 i vostri sensi.<\/h4>\n<h4>Ristorante Oasis<\/h4>\n<p>Godetevi una ricca colazione a buffet servita all&#8217;interno e all&#8217;esterno. Presso il ristorante Oasis \u00e8 possibile consumare un pranzo leggero scegliendo tra una deliziosa selezione di insalate, snack e dessert o pasti leggeri.<\/p>\n<h4>Ristorante Pygmalion<\/h4>\n<p>Aperto per: Colazione per la classe Elite (camere e suite superior). Se soggiornate in una delle nostre camere Superior e Suite, potrete gustare una colazione tardiva fino alle 11. Ogni sera offriamo una deliziosa cena a buffet servita all&#8217;interno o all&#8217;aperto. Lo show cooking \u00e8 uno dei momenti pi\u00f9 popolari. Tenete d&#8217;occhio il nostro programma di eventi per non perdere le nostre serate speciali a tema nell&#8217;area della piscina dell&#8217;Oasi (da maggio a ottobre).<\/p>\n<h4>Ristorante Afrodite<\/h4>\n<p>Per un cambiamento meraviglioso, perch\u00e9 non prenotare un tavolo al ristorante Aphrodite A la carte per una cena speciale. Sar\u00e0 una serata elegante della vostra vacanza che ricorderete a lungo dopo che l&#8217;abbronzatura sar\u00e0 svanita. Anche gli ospiti in mezza pensione possono gustare una cena con menu Table d&#8217;h\u00f4te di quattro portate senza supplemento.<\/p>\n<h4>Ristorante Olive Tree<\/h4>\n<p>Situato accanto alla piscina principale e affacciato sul mare, l&#8217;Olive Tree Restaurant \u00e8 il luogo ideale per gustare un pranzo piacevole scegliendo tra un assortimento di deliziosi piatti leggeri, insalate fresche, snack e dessert, sorseggiando il vostro drink preferito. Per la cena potrete anche assaggiare le nostre deliziose specialit\u00e0 italiane.<\/p>\n<h4>Ristorante Evelina<\/h4>\n<p>Godetevi una ricca colazione mediterranea a buffet e la colazione cipriota.<\/p>\n<div class=\"title\">\n<p><strong>*Codice di abbigliamento<\/strong><\/p>\n<ul>\n<li>Gli ospiti sono pregati di vestire in modo appropriato in tutti i ristoranti e bar la sera (non sono ammessi pantaloncini, magliette senza maniche, costumi da bagno e infradito).<\/li>\n<li>I signori sono pregati di indossare pantaloni lunghi nel ristorante Afrodite \u00e0 la carte la sera.<\/li>\n<li>L&#8217;abbigliamento casual \u00e8 accettabile in tutte le aree pubbliche. Tuttavia, non sono ammessi topless, vestiti bagnati o costumi da bagno in nessuna delle aree pubbliche interne, in particolare nella hall, nei bar e nei ristoranti.<\/li>\n<\/ul>\n<\/div>\n","protected":false},"excerpt":{"rendered":"<p>Esplora tutti i ristoranti dell&#8217;hotel Athena Royal Beach di Paphos &nbsp; Scegliete tra i cinque ristoranti e lasciatevi deliziare da una miscela di sapori che delizier\u00e0 i vostri sensi. Ristorante Oasis Godetevi una ricca colazione a buffet servita all&#8217;interno e all&#8217;esterno. Presso il ristorante Oasis \u00e8 possibile consumare un pranzo leggero scegliendo tra una deliziosa<\/p>\n","protected":false},"author":1,"featured_media":13286,"parent":12617,"menu_order":0,"comment_status":"closed","ping_status":"closed","template":"","meta":{"_acf_changed":false,"footnotes":""},"class_list":["post-12595","page","type-page","status-publish","has-post-thumbnail","hentry"],"acf":[],"yoast_head":"<!-- This site is optimized with the Yoast SEO plugin v27.5 - https:\/\/yoast.com\/product\/yoast-seo-wordpress\/ -->\n<title>Athena Royal Beach hotel Paphos ristoranti || Athena Royal<\/title>\n<meta name=\"description\" content=\"Deliziate i vostri sensi nei ristoranti del nostro Athena Royal Beach hotel Paphos, che combinano un servizio cortese con i sapori pi\u00f9 invitanti per tutti i palati.\" \/>\n<meta name=\"robots\" content=\"index, follow, max-snippet:-1, max-image-preview:large, max-video-preview:-1\" \/>\n<link rel=\"canonical\" href=\"https:\/\/www.athenaroyal-cbh.com\/it\/dining\/restaurants\/\" \/>\n<meta property=\"og:locale\" content=\"it_IT\" \/>\n<meta property=\"og:type\" content=\"article\" \/>\n<meta property=\"og:title\" content=\"Athena Royal Beach hotel Paphos ristoranti || Athena Royal\" \/>\n<meta property=\"og:description\" content=\"Deliziate i vostri sensi nei ristoranti del nostro Athena Royal Beach hotel Paphos, che combinano un servizio cortese con i sapori pi\u00f9 invitanti per tutti i palati.\" \/>\n<meta property=\"og:url\" content=\"https:\/\/www.athenaroyal-cbh.com\/it\/dining\/restaurants\/\" \/>\n<meta property=\"og:site_name\" content=\"\u0391thena Royal Beach Hotel\" \/>\n<meta property=\"article:modified_time\" content=\"2024-09-16T14:35:25+00:00\" \/>\n<meta property=\"og:image\" content=\"https:\/\/www.athenaroyal-cbh.com\/app\/uploads\/sites\/32\/2022\/07\/19.1-ATHENA-ROYAL-BEACH-HOTEL-OLIVE-TREE-MEDITERRANEAN-A-LA-CARTE-RESTAURANT.jpg\" \/>\n\t<meta property=\"og:image:width\" content=\"8256\" \/>\n\t<meta property=\"og:image:height\" content=\"5504\" \/>\n\t<meta property=\"og:image:type\" content=\"image\/jpeg\" \/>\n<meta name=\"twitter:card\" content=\"summary_large_image\" \/>\n<meta name=\"twitter:label1\" content=\"Tempo di lettura stimato\" \/>\n\t<meta name=\"twitter:data1\" content=\"2 minuti\" \/>\n<script type=\"application\/ld+json\" class=\"yoast-schema-graph\">{\"@context\":\"https:\\\/\\\/schema.org\",\"@graph\":[{\"@type\":\"WebPage\",\"@id\":\"https:\\\/\\\/www.athenaroyal-cbh.com\\\/it\\\/dining\\\/restaurants\\\/\",\"url\":\"https:\\\/\\\/www.athenaroyal-cbh.com\\\/it\\\/dining\\\/restaurants\\\/\",\"name\":\"Athena Royal Beach hotel Paphos ristoranti || Athena Royal\",\"isPartOf\":{\"@id\":\"https:\\\/\\\/www.athenaroyal-cbh.com\\\/it\\\/#website\"},\"primaryImageOfPage\":{\"@id\":\"https:\\\/\\\/www.athenaroyal-cbh.com\\\/it\\\/dining\\\/restaurants\\\/#primaryimage\"},\"image\":{\"@id\":\"https:\\\/\\\/www.athenaroyal-cbh.com\\\/it\\\/dining\\\/restaurants\\\/#primaryimage\"},\"thumbnailUrl\":\"https:\\\/\\\/www.athenaroyal-cbh.com\\\/app\\\/uploads\\\/sites\\\/32\\\/2022\\\/07\\\/19.1-ATHENA-ROYAL-BEACH-HOTEL-OLIVE-TREE-MEDITERRANEAN-A-LA-CARTE-RESTAURANT.jpg\",\"datePublished\":\"2022-07-08T13:43:58+00:00\",\"dateModified\":\"2024-09-16T14:35:25+00:00\",\"description\":\"Deliziate i vostri sensi nei ristoranti del nostro Athena Royal Beach hotel Paphos, che combinano un servizio cortese con i sapori pi\u00f9 invitanti per tutti i palati.\",\"breadcrumb\":{\"@id\":\"https:\\\/\\\/www.athenaroyal-cbh.com\\\/it\\\/dining\\\/restaurants\\\/#breadcrumb\"},\"inLanguage\":\"it-IT\",\"potentialAction\":[{\"@type\":\"ReadAction\",\"target\":[\"https:\\\/\\\/www.athenaroyal-cbh.com\\\/it\\\/dining\\\/restaurants\\\/\"]}]},{\"@type\":\"ImageObject\",\"inLanguage\":\"it-IT\",\"@id\":\"https:\\\/\\\/www.athenaroyal-cbh.com\\\/it\\\/dining\\\/restaurants\\\/#primaryimage\",\"url\":\"https:\\\/\\\/www.athenaroyal-cbh.com\\\/app\\\/uploads\\\/sites\\\/32\\\/2022\\\/07\\\/19.1-ATHENA-ROYAL-BEACH-HOTEL-OLIVE-TREE-MEDITERRANEAN-A-LA-CARTE-RESTAURANT.jpg\",\"contentUrl\":\"https:\\\/\\\/www.athenaroyal-cbh.com\\\/app\\\/uploads\\\/sites\\\/32\\\/2022\\\/07\\\/19.1-ATHENA-ROYAL-BEACH-HOTEL-OLIVE-TREE-MEDITERRANEAN-A-LA-CARTE-RESTAURANT.jpg\",\"width\":8256,\"height\":5504},{\"@type\":\"BreadcrumbList\",\"@id\":\"https:\\\/\\\/www.athenaroyal-cbh.com\\\/it\\\/dining\\\/restaurants\\\/#breadcrumb\",\"itemListElement\":[{\"@type\":\"ListItem\",\"position\":1,\"name\":\"Home\",\"item\":\"https:\\\/\\\/www.athenaroyal-cbh.com\\\/it\\\/\"},{\"@type\":\"ListItem\",\"position\":2,\"name\":\"Pranzo\",\"item\":\"https:\\\/\\\/www.athenaroyal-cbh.com\\\/it\\\/dining\\\/\"},{\"@type\":\"ListItem\",\"position\":3,\"name\":\"Ristoranti\"}]},{\"@type\":\"WebSite\",\"@id\":\"https:\\\/\\\/www.athenaroyal-cbh.com\\\/it\\\/#website\",\"url\":\"https:\\\/\\\/www.athenaroyal-cbh.com\\\/it\\\/\",\"name\":\"\u0391thena Royal Beach Hotel\",\"description\":\"Constantinou Bros Athena Royal Hotel, 4 star hotel in Paphos Cyprus\",\"potentialAction\":[{\"@type\":\"SearchAction\",\"target\":{\"@type\":\"EntryPoint\",\"urlTemplate\":\"https:\\\/\\\/www.athenaroyal-cbh.com\\\/it\\\/?s={search_term_string}\"},\"query-input\":{\"@type\":\"PropertyValueSpecification\",\"valueRequired\":true,\"valueName\":\"search_term_string\"}}],\"inLanguage\":\"it-IT\"}]}<\/script>\n<!-- \/ Yoast SEO plugin. -->","yoast_head_json":{"title":"Athena Royal Beach hotel Paphos ristoranti || Athena Royal","description":"Deliziate i vostri sensi nei ristoranti del nostro Athena Royal Beach hotel Paphos, che combinano un servizio cortese con i sapori pi\u00f9 invitanti per tutti i palati.","robots":{"index":"index","follow":"follow","max-snippet":"max-snippet:-1","max-image-preview":"max-image-preview:large","max-video-preview":"max-video-preview:-1"},"canonical":"https:\/\/www.athenaroyal-cbh.com\/it\/dining\/restaurants\/","og_locale":"it_IT","og_type":"article","og_title":"Athena Royal Beach hotel Paphos ristoranti || Athena Royal","og_description":"Deliziate i vostri sensi nei ristoranti del nostro Athena Royal Beach hotel Paphos, che combinano un servizio cortese con i sapori pi\u00f9 invitanti per tutti i palati.","og_url":"https:\/\/www.athenaroyal-cbh.com\/it\/dining\/restaurants\/","og_site_name":"\u0391thena Royal Beach Hotel","article_modified_time":"2024-09-16T14:35:25+00:00","og_image":[{"width":8256,"height":5504,"url":"https:\/\/www.athenaroyal-cbh.com\/app\/uploads\/sites\/32\/2022\/07\/19.1-ATHENA-ROYAL-BEACH-HOTEL-OLIVE-TREE-MEDITERRANEAN-A-LA-CARTE-RESTAURANT.jpg","type":"image\/jpeg"}],"twitter_card":"summary_large_image","twitter_misc":{"Tempo di lettura stimato":"2 minuti"},"schema":{"@context":"https:\/\/schema.org","@graph":[{"@type":"WebPage","@id":"https:\/\/www.athenaroyal-cbh.com\/it\/dining\/restaurants\/","url":"https:\/\/www.athenaroyal-cbh.com\/it\/dining\/restaurants\/","name":"Athena Royal Beach hotel Paphos ristoranti || Athena Royal","isPartOf":{"@id":"https:\/\/www.athenaroyal-cbh.com\/it\/#website"},"primaryImageOfPage":{"@id":"https:\/\/www.athenaroyal-cbh.com\/it\/dining\/restaurants\/#primaryimage"},"image":{"@id":"https:\/\/www.athenaroyal-cbh.com\/it\/dining\/restaurants\/#primaryimage"},"thumbnailUrl":"https:\/\/www.athenaroyal-cbh.com\/app\/uploads\/sites\/32\/2022\/07\/19.1-ATHENA-ROYAL-BEACH-HOTEL-OLIVE-TREE-MEDITERRANEAN-A-LA-CARTE-RESTAURANT.jpg","datePublished":"2022-07-08T13:43:58+00:00","dateModified":"2024-09-16T14:35:25+00:00","description":"Deliziate i vostri sensi nei ristoranti del nostro Athena Royal Beach hotel Paphos, che combinano un servizio cortese con i sapori pi\u00f9 invitanti per tutti i palati.","breadcrumb":{"@id":"https:\/\/www.athenaroyal-cbh.com\/it\/dining\/restaurants\/#breadcrumb"},"inLanguage":"it-IT","potentialAction":[{"@type":"ReadAction","target":["https:\/\/www.athenaroyal-cbh.com\/it\/dining\/restaurants\/"]}]},{"@type":"ImageObject","inLanguage":"it-IT","@id":"https:\/\/www.athenaroyal-cbh.com\/it\/dining\/restaurants\/#primaryimage","url":"https:\/\/www.athenaroyal-cbh.com\/app\/uploads\/sites\/32\/2022\/07\/19.1-ATHENA-ROYAL-BEACH-HOTEL-OLIVE-TREE-MEDITERRANEAN-A-LA-CARTE-RESTAURANT.jpg","contentUrl":"https:\/\/www.athenaroyal-cbh.com\/app\/uploads\/sites\/32\/2022\/07\/19.1-ATHENA-ROYAL-BEACH-HOTEL-OLIVE-TREE-MEDITERRANEAN-A-LA-CARTE-RESTAURANT.jpg","width":8256,"height":5504},{"@type":"BreadcrumbList","@id":"https:\/\/www.athenaroyal-cbh.com\/it\/dining\/restaurants\/#breadcrumb","itemListElement":[{"@type":"ListItem","position":1,"name":"Home","item":"https:\/\/www.athenaroyal-cbh.com\/it\/"},{"@type":"ListItem","position":2,"name":"Pranzo","item":"https:\/\/www.athenaroyal-cbh.com\/it\/dining\/"},{"@type":"ListItem","position":3,"name":"Ristoranti"}]},{"@type":"WebSite","@id":"https:\/\/www.athenaroyal-cbh.com\/it\/#website","url":"https:\/\/www.athenaroyal-cbh.com\/it\/","name":"\u0391thena Royal Beach Hotel","description":"Constantinou Bros Athena Royal Hotel, 4 star hotel in Paphos Cyprus","potentialAction":[{"@type":"SearchAction","target":{"@type":"EntryPoint","urlTemplate":"https:\/\/www.athenaroyal-cbh.com\/it\/?s={search_term_string}"},"query-input":{"@type":"PropertyValueSpecification","valueRequired":true,"valueName":"search_term_string"}}],"inLanguage":"it-IT"}]}},"_links":{"self":[{"href":"https:\/\/www.athenaroyal-cbh.com\/it\/wp-json\/wp\/v2\/pages\/12595","targetHints":{"allow":["GET"]}}],"collection":[{"href":"https:\/\/www.athenaroyal-cbh.com\/it\/wp-json\/wp\/v2\/pages"}],"about":[{"href":"https:\/\/www.athenaroyal-cbh.com\/it\/wp-json\/wp\/v2\/types\/page"}],"author":[{"embeddable":true,"href":"https:\/\/www.athenaroyal-cbh.com\/it\/wp-json\/wp\/v2\/users\/1"}],"replies":[{"embeddable":true,"href":"https:\/\/www.athenaroyal-cbh.com\/it\/wp-json\/wp\/v2\/comments?post=12595"}],"version-history":[{"count":4,"href":"https:\/\/www.athenaroyal-cbh.com\/it\/wp-json\/wp\/v2\/pages\/12595\/revisions"}],"predecessor-version":[{"id":25999,"href":"https:\/\/www.athenaroyal-cbh.com\/it\/wp-json\/wp\/v2\/pages\/12595\/revisions\/25999"}],"up":[{"embeddable":true,"href":"https:\/\/www.athenaroyal-cbh.com\/it\/wp-json\/wp\/v2\/pages\/12617"}],"wp:featuredmedia":[{"embeddable":true,"href":"https:\/\/www.athenaroyal-cbh.com\/it\/wp-json\/wp\/v2\/media\/13286"}],"wp:attachment":[{"href":"https:\/\/www.athenaroyal-cbh.com\/it\/wp-json\/wp\/v2\/media?parent=12595"}],"curies":[{"name":"wp","href":"https:\/\/api.w.org\/{rel}","templated":true}]}}