{"id":12587,"date":"2022-07-08T16:40:32","date_gmt":"2022-07-08T13:40:32","guid":{"rendered":"https:\/\/www.athenaroyal-cbh.com\/leisure-facilities\/"},"modified":"2024-09-16T17:34:49","modified_gmt":"2024-09-16T14:34:49","slug":"strutture-alberghiere","status":"publish","type":"page","link":"https:\/\/www.athenaroyal-cbh.com\/it\/the-hotel\/strutture-alberghiere\/","title":{"rendered":"Strutture alberghiere"},"content":{"rendered":"<p>L&#8217;hotel offre una serie di attivit\u00e0 per il divertimento di tutti. Vivete un&#8217;ampia variet\u00e0 di attivit\u00e0 diurne e serali in periodi selezionati dell&#8217;anno: ginnastica mattutina, acquagym, lezioni di ballo, spettacoli serali e serate musicali della ricca tradizione dell&#8217;isola.<\/p>\n<h3>Strutture sportive e per il tempo libero<\/h3>\n<ul>\n<li>3 piscine esterne di acqua dolce a forma libera<\/li>\n<li>1 piscina interna riscaldata (novembre-aprile)<\/li>\n<li>3 vasche idromassaggio esterne e 1 interna<\/li>\n<li>1 campo da tennis illuminato<\/li>\n<li>Shuffleboard<\/li>\n<li>Tennis da tavolo<\/li>\n<li>Biliardo<\/li>\n<li>Ampio deposito biciclette\/camera per biciclette (in comune tra hotel gemelli\/capacit\u00e0 140 biciclette)<\/li>\n<li>18 piste di bowling su green all&#8217;aperto (3 green possono essere utilizzati per il Crown Bowls)<\/li>\n<li>6 piste di bowling al coperto<\/li>\n<li>8 piste di pattinaggio all&#8217;aperto o al coperto<\/li>\n<li>Boccia<\/li>\n<li>Sala carte<\/li>\n<li>Sala di lettura<\/li>\n<li>Deposito per le mazze da golf<\/li>\n<li>Wi-Fi ad alta velocit\u00e0 (gratuito)<\/li>\n<li>Connessione Internet Corner (gratuita)<\/li>\n<li>Coordinatore di bocce residente (ottobre-aprile)<\/li>\n<li>Conduttori di danza residenti (novembre-aprile)<\/li>\n<\/ul>\n","protected":false},"excerpt":{"rendered":"<p>L&#8217;hotel offre una serie di attivit\u00e0 per il divertimento di tutti. Vivete un&#8217;ampia variet\u00e0 di attivit\u00e0 diurne e serali in periodi selezionati dell&#8217;anno: ginnastica mattutina, acquagym, lezioni di ballo, spettacoli serali e serate musicali della ricca tradizione dell&#8217;isola. Strutture sportive e per il tempo libero 3 piscine esterne di acqua dolce a forma libera 1<\/p>\n","protected":false},"author":2,"featured_media":12356,"parent":12615,"menu_order":0,"comment_status":"closed","ping_status":"closed","template":"","meta":{"_acf_changed":false,"footnotes":""},"class_list":["post-12587","page","type-page","status-publish","has-post-thumbnail","hentry"],"acf":[],"yoast_head":"<!-- This site is optimized with the Yoast SEO plugin v27.4 - https:\/\/yoast.com\/product\/yoast-seo-wordpress\/ -->\n<title>Strutture alberghiere - \u0391thena Royal Beach Hotel<\/title>\n<meta name=\"description\" content=\"Qui trova tutte le informazioni relative alle strutture alberghiere dell&#039;Athena Royal Beach di Paphos by Constantinou Bros.\" \/>\n<meta name=\"robots\" content=\"index, follow, max-snippet:-1, max-image-preview:large, max-video-preview:-1\" \/>\n<link rel=\"canonical\" href=\"https:\/\/www.athenaroyal-cbh.com\/it\/the-hotel\/strutture-alberghiere\/\" \/>\n<meta property=\"og:locale\" content=\"it_IT\" \/>\n<meta property=\"og:type\" content=\"article\" \/>\n<meta property=\"og:title\" content=\"Strutture alberghiere - \u0391thena Royal Beach Hotel\" \/>\n<meta property=\"og:description\" content=\"Qui trova tutte le informazioni relative alle strutture alberghiere dell&#039;Athena Royal Beach di Paphos by Constantinou Bros.\" \/>\n<meta property=\"og:url\" content=\"https:\/\/www.athenaroyal-cbh.com\/it\/the-hotel\/strutture-alberghiere\/\" \/>\n<meta property=\"og:site_name\" content=\"\u0391thena Royal Beach Hotel\" \/>\n<meta property=\"article:modified_time\" content=\"2024-09-16T14:34:49+00:00\" \/>\n<meta property=\"og:image\" content=\"https:\/\/www.athenaroyal-cbh.com\/app\/uploads\/sites\/32\/2020\/01\/9-ATHENA-ROYAL-BEACH-HOTEL-CABANAS-scaled.jpg\" \/>\n\t<meta property=\"og:image:width\" content=\"2560\" \/>\n\t<meta property=\"og:image:height\" content=\"1547\" \/>\n\t<meta property=\"og:image:type\" content=\"image\/jpeg\" \/>\n<meta name=\"twitter:card\" content=\"summary_large_image\" \/>\n<meta name=\"twitter:label1\" content=\"Tempo di lettura stimato\" \/>\n\t<meta name=\"twitter:data1\" content=\"1 minuto\" \/>\n<script type=\"application\/ld+json\" class=\"yoast-schema-graph\">{\"@context\":\"https:\\\/\\\/schema.org\",\"@graph\":[{\"@type\":\"WebPage\",\"@id\":\"https:\\\/\\\/www.athenaroyal-cbh.com\\\/it\\\/the-hotel\\\/strutture-alberghiere\\\/\",\"url\":\"https:\\\/\\\/www.athenaroyal-cbh.com\\\/it\\\/the-hotel\\\/strutture-alberghiere\\\/\",\"name\":\"Strutture alberghiere - \u0391thena Royal Beach Hotel\",\"isPartOf\":{\"@id\":\"https:\\\/\\\/www.athenaroyal-cbh.com\\\/it\\\/#website\"},\"primaryImageOfPage\":{\"@id\":\"https:\\\/\\\/www.athenaroyal-cbh.com\\\/it\\\/the-hotel\\\/strutture-alberghiere\\\/#primaryimage\"},\"image\":{\"@id\":\"https:\\\/\\\/www.athenaroyal-cbh.com\\\/it\\\/the-hotel\\\/strutture-alberghiere\\\/#primaryimage\"},\"thumbnailUrl\":\"https:\\\/\\\/www.athenaroyal-cbh.com\\\/app\\\/uploads\\\/sites\\\/32\\\/2020\\\/01\\\/9-ATHENA-ROYAL-BEACH-HOTEL-CABANAS-scaled.jpg\",\"datePublished\":\"2022-07-08T13:40:32+00:00\",\"dateModified\":\"2024-09-16T14:34:49+00:00\",\"description\":\"Qui trova tutte le informazioni relative alle strutture alberghiere dell'Athena Royal Beach di Paphos by Constantinou Bros.\",\"breadcrumb\":{\"@id\":\"https:\\\/\\\/www.athenaroyal-cbh.com\\\/it\\\/the-hotel\\\/strutture-alberghiere\\\/#breadcrumb\"},\"inLanguage\":\"it-IT\",\"potentialAction\":[{\"@type\":\"ReadAction\",\"target\":[\"https:\\\/\\\/www.athenaroyal-cbh.com\\\/it\\\/the-hotel\\\/strutture-alberghiere\\\/\"]}]},{\"@type\":\"ImageObject\",\"inLanguage\":\"it-IT\",\"@id\":\"https:\\\/\\\/www.athenaroyal-cbh.com\\\/it\\\/the-hotel\\\/strutture-alberghiere\\\/#primaryimage\",\"url\":\"https:\\\/\\\/www.athenaroyal-cbh.com\\\/app\\\/uploads\\\/sites\\\/32\\\/2020\\\/01\\\/9-ATHENA-ROYAL-BEACH-HOTEL-CABANAS-scaled.jpg\",\"contentUrl\":\"https:\\\/\\\/www.athenaroyal-cbh.com\\\/app\\\/uploads\\\/sites\\\/32\\\/2020\\\/01\\\/9-ATHENA-ROYAL-BEACH-HOTEL-CABANAS-scaled.jpg\",\"width\":2560,\"height\":1547},{\"@type\":\"BreadcrumbList\",\"@id\":\"https:\\\/\\\/www.athenaroyal-cbh.com\\\/it\\\/the-hotel\\\/strutture-alberghiere\\\/#breadcrumb\",\"itemListElement\":[{\"@type\":\"ListItem\",\"position\":1,\"name\":\"Home\",\"item\":\"https:\\\/\\\/www.athenaroyal-cbh.com\\\/it\\\/\"},{\"@type\":\"ListItem\",\"position\":2,\"name\":\"L&#8217;albergo\",\"item\":\"https:\\\/\\\/www.athenaroyal-cbh.com\\\/it\\\/the-hotel\\\/\"},{\"@type\":\"ListItem\",\"position\":3,\"name\":\"Strutture alberghiere\"}]},{\"@type\":\"WebSite\",\"@id\":\"https:\\\/\\\/www.athenaroyal-cbh.com\\\/it\\\/#website\",\"url\":\"https:\\\/\\\/www.athenaroyal-cbh.com\\\/it\\\/\",\"name\":\"\u0391thena Royal Beach Hotel\",\"description\":\"Constantinou Bros Athena Royal Hotel, 4 star hotel in Paphos Cyprus\",\"potentialAction\":[{\"@type\":\"SearchAction\",\"target\":{\"@type\":\"EntryPoint\",\"urlTemplate\":\"https:\\\/\\\/www.athenaroyal-cbh.com\\\/it\\\/?s={search_term_string}\"},\"query-input\":{\"@type\":\"PropertyValueSpecification\",\"valueRequired\":true,\"valueName\":\"search_term_string\"}}],\"inLanguage\":\"it-IT\"}]}<\/script>\n<!-- \/ Yoast SEO plugin. -->","yoast_head_json":{"title":"Strutture alberghiere - \u0391thena Royal Beach Hotel","description":"Qui trova tutte le informazioni relative alle strutture alberghiere dell'Athena Royal Beach di Paphos by Constantinou Bros.","robots":{"index":"index","follow":"follow","max-snippet":"max-snippet:-1","max-image-preview":"max-image-preview:large","max-video-preview":"max-video-preview:-1"},"canonical":"https:\/\/www.athenaroyal-cbh.com\/it\/the-hotel\/strutture-alberghiere\/","og_locale":"it_IT","og_type":"article","og_title":"Strutture alberghiere - \u0391thena Royal Beach Hotel","og_description":"Qui trova tutte le informazioni relative alle strutture alberghiere dell'Athena Royal Beach di Paphos by Constantinou Bros.","og_url":"https:\/\/www.athenaroyal-cbh.com\/it\/the-hotel\/strutture-alberghiere\/","og_site_name":"\u0391thena Royal Beach Hotel","article_modified_time":"2024-09-16T14:34:49+00:00","og_image":[{"width":2560,"height":1547,"url":"https:\/\/www.athenaroyal-cbh.com\/app\/uploads\/sites\/32\/2020\/01\/9-ATHENA-ROYAL-BEACH-HOTEL-CABANAS-scaled.jpg","type":"image\/jpeg"}],"twitter_card":"summary_large_image","twitter_misc":{"Tempo di lettura stimato":"1 minuto"},"schema":{"@context":"https:\/\/schema.org","@graph":[{"@type":"WebPage","@id":"https:\/\/www.athenaroyal-cbh.com\/it\/the-hotel\/strutture-alberghiere\/","url":"https:\/\/www.athenaroyal-cbh.com\/it\/the-hotel\/strutture-alberghiere\/","name":"Strutture alberghiere - \u0391thena Royal Beach Hotel","isPartOf":{"@id":"https:\/\/www.athenaroyal-cbh.com\/it\/#website"},"primaryImageOfPage":{"@id":"https:\/\/www.athenaroyal-cbh.com\/it\/the-hotel\/strutture-alberghiere\/#primaryimage"},"image":{"@id":"https:\/\/www.athenaroyal-cbh.com\/it\/the-hotel\/strutture-alberghiere\/#primaryimage"},"thumbnailUrl":"https:\/\/www.athenaroyal-cbh.com\/app\/uploads\/sites\/32\/2020\/01\/9-ATHENA-ROYAL-BEACH-HOTEL-CABANAS-scaled.jpg","datePublished":"2022-07-08T13:40:32+00:00","dateModified":"2024-09-16T14:34:49+00:00","description":"Qui trova tutte le informazioni relative alle strutture alberghiere dell'Athena Royal Beach di Paphos by Constantinou Bros.","breadcrumb":{"@id":"https:\/\/www.athenaroyal-cbh.com\/it\/the-hotel\/strutture-alberghiere\/#breadcrumb"},"inLanguage":"it-IT","potentialAction":[{"@type":"ReadAction","target":["https:\/\/www.athenaroyal-cbh.com\/it\/the-hotel\/strutture-alberghiere\/"]}]},{"@type":"ImageObject","inLanguage":"it-IT","@id":"https:\/\/www.athenaroyal-cbh.com\/it\/the-hotel\/strutture-alberghiere\/#primaryimage","url":"https:\/\/www.athenaroyal-cbh.com\/app\/uploads\/sites\/32\/2020\/01\/9-ATHENA-ROYAL-BEACH-HOTEL-CABANAS-scaled.jpg","contentUrl":"https:\/\/www.athenaroyal-cbh.com\/app\/uploads\/sites\/32\/2020\/01\/9-ATHENA-ROYAL-BEACH-HOTEL-CABANAS-scaled.jpg","width":2560,"height":1547},{"@type":"BreadcrumbList","@id":"https:\/\/www.athenaroyal-cbh.com\/it\/the-hotel\/strutture-alberghiere\/#breadcrumb","itemListElement":[{"@type":"ListItem","position":1,"name":"Home","item":"https:\/\/www.athenaroyal-cbh.com\/it\/"},{"@type":"ListItem","position":2,"name":"L&#8217;albergo","item":"https:\/\/www.athenaroyal-cbh.com\/it\/the-hotel\/"},{"@type":"ListItem","position":3,"name":"Strutture alberghiere"}]},{"@type":"WebSite","@id":"https:\/\/www.athenaroyal-cbh.com\/it\/#website","url":"https:\/\/www.athenaroyal-cbh.com\/it\/","name":"\u0391thena Royal Beach Hotel","description":"Constantinou Bros Athena Royal Hotel, 4 star hotel in Paphos Cyprus","potentialAction":[{"@type":"SearchAction","target":{"@type":"EntryPoint","urlTemplate":"https:\/\/www.athenaroyal-cbh.com\/it\/?s={search_term_string}"},"query-input":{"@type":"PropertyValueSpecification","valueRequired":true,"valueName":"search_term_string"}}],"inLanguage":"it-IT"}]}},"_links":{"self":[{"href":"https:\/\/www.athenaroyal-cbh.com\/it\/wp-json\/wp\/v2\/pages\/12587","targetHints":{"allow":["GET"]}}],"collection":[{"href":"https:\/\/www.athenaroyal-cbh.com\/it\/wp-json\/wp\/v2\/pages"}],"about":[{"href":"https:\/\/www.athenaroyal-cbh.com\/it\/wp-json\/wp\/v2\/types\/page"}],"author":[{"embeddable":true,"href":"https:\/\/www.athenaroyal-cbh.com\/it\/wp-json\/wp\/v2\/users\/2"}],"replies":[{"embeddable":true,"href":"https:\/\/www.athenaroyal-cbh.com\/it\/wp-json\/wp\/v2\/comments?post=12587"}],"version-history":[{"count":4,"href":"https:\/\/www.athenaroyal-cbh.com\/it\/wp-json\/wp\/v2\/pages\/12587\/revisions"}],"predecessor-version":[{"id":26024,"href":"https:\/\/www.athenaroyal-cbh.com\/it\/wp-json\/wp\/v2\/pages\/12587\/revisions\/26024"}],"up":[{"embeddable":true,"href":"https:\/\/www.athenaroyal-cbh.com\/it\/wp-json\/wp\/v2\/pages\/12615"}],"wp:featuredmedia":[{"embeddable":true,"href":"https:\/\/www.athenaroyal-cbh.com\/it\/wp-json\/wp\/v2\/media\/12356"}],"wp:attachment":[{"href":"https:\/\/www.athenaroyal-cbh.com\/it\/wp-json\/wp\/v2\/media?parent=12587"}],"curies":[{"name":"wp","href":"https:\/\/api.w.org\/{rel}","templated":true}]}}