{"id":12574,"date":"2022-07-08T16:35:22","date_gmt":"2022-07-08T13:35:22","guid":{"rendered":"https:\/\/www.athenaroyal-cbh.com\/elite-class\/"},"modified":"2026-04-03T15:52:07","modified_gmt":"2026-04-03T12:52:07","slug":"elite-class","status":"publish","type":"page","link":"https:\/\/www.athenaroyal-cbh.com\/it\/elite-class\/","title":{"rendered":"Privilegi della classe Elite"},"content":{"rendered":"<p style=\"text-align: center;\"><img loading=\"lazy\" decoding=\"async\" class=\"alignnone wp-image-2644 size-full\" src=\"https:\/\/www.athenaroyal-cbh.com\/app\/uploads\/sites\/32\/2019\/11\/elite-class-logo.png\" alt=\"\" width=\"304\" height=\"137\" \/><\/p>\n<p>&nbsp;<\/p>\n<h2>Un mondo di privilegi<\/h2>\n<p>Scoprite un servizio di classe ineguagliabile, un&#8217;esperienza a 5 stelle a vostra disposizione quando prenotate una sistemazione nelle categorie Superior, Superior Deluxe e Suite. Con un check-in esclusivo, opzioni di ristorazione dedicate e molti altri servizi, la Classe Elite offre un soggiorno incomparabile che supera le vostre aspettative.<\/p>\n<h3>Vantaggi extra<\/h3>\n<p>Gli ospiti che prenotano una camera superior, una camera superior deluxe o una suite ricevono i seguenti vantaggi esclusivi:<\/p>\n<ul>\n<li>Le camere in posizione migliore<\/li>\n<li>Esclusivo check-in VIP con drink di benvenuto e asciugamani freddi<\/li>\n<li>Check-out tardivo gratuito fino alle 18:00 (soggetto a disponibilit\u00e0)<\/li>\n<li>Sala colazione esclusiva dedicata fino alle ore 11:00<\/li>\n<li>Servizio Turn Down<\/li>\n<li>Cabana privata con lettini (per alcune tipologie di camera)<\/li>\n<li>Men\u00f9 fisso nel ristorante A la Carte per la cena &#8211; se la vostra base di alloggio include la cena (soggetto a disponibilit\u00e0)<\/li>\n<li>I vantaggi del Pacchetto Premium Upgraded (Ultra All Inclusive) includono la scelta illimitata del ristorante \u00e0 la carte (la prenotazione \u00e8 obbligatoria e soggetta a disponibilit\u00e0) e un mini bar rifornito all&#8217;arrivo con rifornimento giornaliero di caff\u00e8\/t\u00e8\/espresso e bevande analcoliche. Una bottiglia d&#8217;acqua viene fornita ogni pomeriggio in camera e una bottiglia di Champagne viene offerta un giorno prima della partenza.<\/li>\n<li>10% di sconto su campi da golf selezionati (a condizione che la prenotazione sia stata effettuata tramite noi)<\/li>\n<li>L&#8217;uso gratuito delle strutture del Green Bowls (soggetto a disponibilit\u00e0 e prenotazione) \u00e8 disponibile per i singoli ospiti che non fanno parte di un gruppo organizzato con un programma prestabilito.<\/li>\n<\/ul>\n","protected":false},"excerpt":{"rendered":"<p>&nbsp; Un mondo di privilegi Scoprite un servizio di classe ineguagliabile, un&#8217;esperienza a 5 stelle a vostra disposizione quando prenotate una sistemazione nelle categorie Superior, Superior Deluxe e Suite. Con un check-in esclusivo, opzioni di ristorazione dedicate e molti altri servizi, la Classe Elite offre un soggiorno incomparabile che supera le vostre aspettative. Vantaggi extra<\/p>\n","protected":false},"author":1,"featured_media":12575,"parent":0,"menu_order":0,"comment_status":"closed","ping_status":"closed","template":"","meta":{"_acf_changed":false,"footnotes":""},"class_list":["post-12574","page","type-page","status-publish","has-post-thumbnail","hentry"],"acf":[],"yoast_head":"<!-- This site is optimized with the Yoast SEO plugin v27.3 - https:\/\/yoast.com\/product\/yoast-seo-wordpress\/ -->\n<title>Vai al premio: hotel all inclusive a Paphos || Athena Royal Hotel<\/title>\n<meta name=\"description\" content=\"Ottenete il pacchetto Premium Upgraded all&#039;Athena Royal by Constantinou Bros Hotels e godete di tutti i vantaggi illimitati del nostro hotel all inclusive a Paphos.\" \/>\n<meta name=\"robots\" content=\"index, follow, max-snippet:-1, max-image-preview:large, max-video-preview:-1\" \/>\n<link rel=\"canonical\" href=\"https:\/\/www.athenaroyal-cbh.com\/it\/elite-class\/\" \/>\n<meta property=\"og:locale\" content=\"it_IT\" \/>\n<meta property=\"og:type\" content=\"article\" \/>\n<meta property=\"og:title\" content=\"Vai al premio: hotel all inclusive a Paphos || Athena Royal Hotel\" \/>\n<meta property=\"og:description\" content=\"Ottenete il pacchetto Premium Upgraded all&#039;Athena Royal by Constantinou Bros Hotels e godete di tutti i vantaggi illimitati del nostro hotel all inclusive a Paphos.\" \/>\n<meta property=\"og:url\" content=\"https:\/\/www.athenaroyal-cbh.com\/it\/elite-class\/\" \/>\n<meta property=\"og:site_name\" content=\"\u0391thena Royal Beach Hotel\" \/>\n<meta property=\"article:modified_time\" content=\"2026-04-03T12:52:07+00:00\" \/>\n<meta property=\"og:image\" content=\"https:\/\/www.athenaroyal-cbh.com\/app\/uploads\/sites\/32\/2019\/05\/4-athena-royal-beach-hotel-pool-and-sea-view_resized.jpg\" \/>\n\t<meta property=\"og:image:width\" content=\"1920\" \/>\n\t<meta property=\"og:image:height\" content=\"1181\" \/>\n\t<meta property=\"og:image:type\" content=\"image\/jpeg\" \/>\n<meta name=\"twitter:card\" content=\"summary_large_image\" \/>\n<meta name=\"twitter:label1\" content=\"Tempo di lettura stimato\" \/>\n\t<meta name=\"twitter:data1\" content=\"2 minuti\" \/>\n<script type=\"application\/ld+json\" class=\"yoast-schema-graph\">{\"@context\":\"https:\\\/\\\/schema.org\",\"@graph\":[{\"@type\":\"WebPage\",\"@id\":\"https:\\\/\\\/www.athenaroyal-cbh.com\\\/it\\\/elite-class\\\/\",\"url\":\"https:\\\/\\\/www.athenaroyal-cbh.com\\\/it\\\/elite-class\\\/\",\"name\":\"Vai al premio: hotel all inclusive a Paphos || Athena Royal Hotel\",\"isPartOf\":{\"@id\":\"https:\\\/\\\/www.athenaroyal-cbh.com\\\/it\\\/#website\"},\"primaryImageOfPage\":{\"@id\":\"https:\\\/\\\/www.athenaroyal-cbh.com\\\/it\\\/elite-class\\\/#primaryimage\"},\"image\":{\"@id\":\"https:\\\/\\\/www.athenaroyal-cbh.com\\\/it\\\/elite-class\\\/#primaryimage\"},\"thumbnailUrl\":\"https:\\\/\\\/www.athenaroyal-cbh.com\\\/app\\\/uploads\\\/sites\\\/32\\\/2019\\\/05\\\/4-athena-royal-beach-hotel-pool-and-sea-view_resized.jpg\",\"datePublished\":\"2022-07-08T13:35:22+00:00\",\"dateModified\":\"2026-04-03T12:52:07+00:00\",\"description\":\"Ottenete il pacchetto Premium Upgraded all'Athena Royal by Constantinou Bros Hotels e godete di tutti i vantaggi illimitati del nostro hotel all inclusive a Paphos.\",\"breadcrumb\":{\"@id\":\"https:\\\/\\\/www.athenaroyal-cbh.com\\\/it\\\/elite-class\\\/#breadcrumb\"},\"inLanguage\":\"it-IT\",\"potentialAction\":[{\"@type\":\"ReadAction\",\"target\":[\"https:\\\/\\\/www.athenaroyal-cbh.com\\\/it\\\/elite-class\\\/\"]}]},{\"@type\":\"ImageObject\",\"inLanguage\":\"it-IT\",\"@id\":\"https:\\\/\\\/www.athenaroyal-cbh.com\\\/it\\\/elite-class\\\/#primaryimage\",\"url\":\"https:\\\/\\\/www.athenaroyal-cbh.com\\\/app\\\/uploads\\\/sites\\\/32\\\/2019\\\/05\\\/4-athena-royal-beach-hotel-pool-and-sea-view_resized.jpg\",\"contentUrl\":\"https:\\\/\\\/www.athenaroyal-cbh.com\\\/app\\\/uploads\\\/sites\\\/32\\\/2019\\\/05\\\/4-athena-royal-beach-hotel-pool-and-sea-view_resized.jpg\",\"width\":1920,\"height\":1181,\"caption\":\"Un luogo unico\"},{\"@type\":\"BreadcrumbList\",\"@id\":\"https:\\\/\\\/www.athenaroyal-cbh.com\\\/it\\\/elite-class\\\/#breadcrumb\",\"itemListElement\":[{\"@type\":\"ListItem\",\"position\":1,\"name\":\"Home\",\"item\":\"https:\\\/\\\/www.athenaroyal-cbh.com\\\/it\\\/\"},{\"@type\":\"ListItem\",\"position\":2,\"name\":\"Privilegi della classe Elite\"}]},{\"@type\":\"WebSite\",\"@id\":\"https:\\\/\\\/www.athenaroyal-cbh.com\\\/it\\\/#website\",\"url\":\"https:\\\/\\\/www.athenaroyal-cbh.com\\\/it\\\/\",\"name\":\"\u0391thena Royal Beach Hotel\",\"description\":\"Constantinou Bros Athena Royal Hotel, 4 star hotel in Paphos Cyprus\",\"potentialAction\":[{\"@type\":\"SearchAction\",\"target\":{\"@type\":\"EntryPoint\",\"urlTemplate\":\"https:\\\/\\\/www.athenaroyal-cbh.com\\\/it\\\/?s={search_term_string}\"},\"query-input\":{\"@type\":\"PropertyValueSpecification\",\"valueRequired\":true,\"valueName\":\"search_term_string\"}}],\"inLanguage\":\"it-IT\"}]}<\/script>\n<!-- \/ Yoast SEO plugin. -->","yoast_head_json":{"title":"Vai al premio: hotel all inclusive a Paphos || Athena Royal Hotel","description":"Ottenete il pacchetto Premium Upgraded all'Athena Royal by Constantinou Bros Hotels e godete di tutti i vantaggi illimitati del nostro hotel all inclusive a Paphos.","robots":{"index":"index","follow":"follow","max-snippet":"max-snippet:-1","max-image-preview":"max-image-preview:large","max-video-preview":"max-video-preview:-1"},"canonical":"https:\/\/www.athenaroyal-cbh.com\/it\/elite-class\/","og_locale":"it_IT","og_type":"article","og_title":"Vai al premio: hotel all inclusive a Paphos || Athena Royal Hotel","og_description":"Ottenete il pacchetto Premium Upgraded all'Athena Royal by Constantinou Bros Hotels e godete di tutti i vantaggi illimitati del nostro hotel all inclusive a Paphos.","og_url":"https:\/\/www.athenaroyal-cbh.com\/it\/elite-class\/","og_site_name":"\u0391thena Royal Beach Hotel","article_modified_time":"2026-04-03T12:52:07+00:00","og_image":[{"width":1920,"height":1181,"url":"https:\/\/www.athenaroyal-cbh.com\/app\/uploads\/sites\/32\/2019\/05\/4-athena-royal-beach-hotel-pool-and-sea-view_resized.jpg","type":"image\/jpeg"}],"twitter_card":"summary_large_image","twitter_misc":{"Tempo di lettura stimato":"2 minuti"},"schema":{"@context":"https:\/\/schema.org","@graph":[{"@type":"WebPage","@id":"https:\/\/www.athenaroyal-cbh.com\/it\/elite-class\/","url":"https:\/\/www.athenaroyal-cbh.com\/it\/elite-class\/","name":"Vai al premio: hotel all inclusive a Paphos || Athena Royal Hotel","isPartOf":{"@id":"https:\/\/www.athenaroyal-cbh.com\/it\/#website"},"primaryImageOfPage":{"@id":"https:\/\/www.athenaroyal-cbh.com\/it\/elite-class\/#primaryimage"},"image":{"@id":"https:\/\/www.athenaroyal-cbh.com\/it\/elite-class\/#primaryimage"},"thumbnailUrl":"https:\/\/www.athenaroyal-cbh.com\/app\/uploads\/sites\/32\/2019\/05\/4-athena-royal-beach-hotel-pool-and-sea-view_resized.jpg","datePublished":"2022-07-08T13:35:22+00:00","dateModified":"2026-04-03T12:52:07+00:00","description":"Ottenete il pacchetto Premium Upgraded all'Athena Royal by Constantinou Bros Hotels e godete di tutti i vantaggi illimitati del nostro hotel all inclusive a Paphos.","breadcrumb":{"@id":"https:\/\/www.athenaroyal-cbh.com\/it\/elite-class\/#breadcrumb"},"inLanguage":"it-IT","potentialAction":[{"@type":"ReadAction","target":["https:\/\/www.athenaroyal-cbh.com\/it\/elite-class\/"]}]},{"@type":"ImageObject","inLanguage":"it-IT","@id":"https:\/\/www.athenaroyal-cbh.com\/it\/elite-class\/#primaryimage","url":"https:\/\/www.athenaroyal-cbh.com\/app\/uploads\/sites\/32\/2019\/05\/4-athena-royal-beach-hotel-pool-and-sea-view_resized.jpg","contentUrl":"https:\/\/www.athenaroyal-cbh.com\/app\/uploads\/sites\/32\/2019\/05\/4-athena-royal-beach-hotel-pool-and-sea-view_resized.jpg","width":1920,"height":1181,"caption":"Un luogo unico"},{"@type":"BreadcrumbList","@id":"https:\/\/www.athenaroyal-cbh.com\/it\/elite-class\/#breadcrumb","itemListElement":[{"@type":"ListItem","position":1,"name":"Home","item":"https:\/\/www.athenaroyal-cbh.com\/it\/"},{"@type":"ListItem","position":2,"name":"Privilegi della classe Elite"}]},{"@type":"WebSite","@id":"https:\/\/www.athenaroyal-cbh.com\/it\/#website","url":"https:\/\/www.athenaroyal-cbh.com\/it\/","name":"\u0391thena Royal Beach Hotel","description":"Constantinou Bros Athena Royal Hotel, 4 star hotel in Paphos Cyprus","potentialAction":[{"@type":"SearchAction","target":{"@type":"EntryPoint","urlTemplate":"https:\/\/www.athenaroyal-cbh.com\/it\/?s={search_term_string}"},"query-input":{"@type":"PropertyValueSpecification","valueRequired":true,"valueName":"search_term_string"}}],"inLanguage":"it-IT"}]}},"_links":{"self":[{"href":"https:\/\/www.athenaroyal-cbh.com\/it\/wp-json\/wp\/v2\/pages\/12574","targetHints":{"allow":["GET"]}}],"collection":[{"href":"https:\/\/www.athenaroyal-cbh.com\/it\/wp-json\/wp\/v2\/pages"}],"about":[{"href":"https:\/\/www.athenaroyal-cbh.com\/it\/wp-json\/wp\/v2\/types\/page"}],"author":[{"embeddable":true,"href":"https:\/\/www.athenaroyal-cbh.com\/it\/wp-json\/wp\/v2\/users\/1"}],"replies":[{"embeddable":true,"href":"https:\/\/www.athenaroyal-cbh.com\/it\/wp-json\/wp\/v2\/comments?post=12574"}],"version-history":[{"count":11,"href":"https:\/\/www.athenaroyal-cbh.com\/it\/wp-json\/wp\/v2\/pages\/12574\/revisions"}],"predecessor-version":[{"id":27460,"href":"https:\/\/www.athenaroyal-cbh.com\/it\/wp-json\/wp\/v2\/pages\/12574\/revisions\/27460"}],"wp:featuredmedia":[{"embeddable":true,"href":"https:\/\/www.athenaroyal-cbh.com\/it\/wp-json\/wp\/v2\/media\/12575"}],"wp:attachment":[{"href":"https:\/\/www.athenaroyal-cbh.com\/it\/wp-json\/wp\/v2\/media?parent=12574"}],"curies":[{"name":"wp","href":"https:\/\/api.w.org\/{rel}","templated":true}]}}