{"id":12568,"date":"2022-07-08T16:33:05","date_gmt":"2022-07-08T13:33:05","guid":{"rendered":"https:\/\/www.athenaroyal-cbh.com\/constantinou-bros-announces-the-reopening-of-all-hotels\/"},"modified":"2024-09-16T17:35:01","modified_gmt":"2024-09-16T14:35:01","slug":"constantinou-bros-announces-the-reopening-of-all-hotels","status":"publish","type":"page","link":"https:\/\/www.athenaroyal-cbh.com\/it\/news\/constantinou-bros-announces-the-reopening-of-all-hotels\/","title":{"rendered":"Constantinou Bros annuncia la riapertura di tutti gli hotel"},"content":{"rendered":"<p>La Constantinou Bros Hotels ha il piacere di annunciare la riapertura di tutti i suoi hotel. Indubbiamente \u00e8 stata una situazione difficile per l&#8217;intero pianeta, ma le misure rigorose adottate immediatamente dal governo cipriota e il contributo di tutti nel rispettarle hanno dato rapidamente i loro frutti. L&#8217;Organizzazione Mondiale della Sanit\u00e0 ha annunciato ufficialmente che Cipro \u00e8 &#8220;il Paese mediterraneo pi\u00f9 sicuro e il quinto Paese pi\u00f9 sicuro al mondo&#8221;. Avendo gi\u00e0 attraversato tre fasi di graduale allentamento delle misure restrittive, Cipro si trova ora nella posizione privilegiata di poter vantare l&#8217;apertura e il funzionamento di aeroporti, hotel, trasporti pubblici, taxi, siti archeologici, musei, ristoranti, bar e centri commerciali. Nei nostri hotel la priorit\u00e0 assoluta \u00e8 sempre stata la sicurezza, la salute e il benessere dei nostri stimati ospiti. Con la comparsa della pandemia di Covid-19, ci\u00f2 che \u00e8 cambiato nei processi che abbiamo sempre seguito \u00e8 che abbiamo potenziato e massimizzato le misure igieniche e di sicurezza, sulla base dei protocolli che ci sono stati presentati dagli organismi ufficiali sottostanti e anche da consulenti, ai quali abbiamo affidato lo sviluppo dei nuovi processi operativi e la formazione del nostro personale:<\/p>\n<ul>\n<li>Ministero della Salute di Cipro<\/li>\n<li>Centro europeo per la prevenzione e il controllo delle malattie (ECDC)<\/li>\n<li>Organizzazione Mondiale della Sanit\u00e0<\/li>\n<\/ul>\n<p>Comprendiamo che le misure igieniche e di allontanamento sociale interessano tutti i viaggiatori, ma vogliamo assicurarvi che abbiamo adottato, e continueremo ad adottare, tutte le misure necessarie per la protezione dei nostri ospiti e del nostro personale, di cui riportiamo indicativamente i punti salienti:<\/p>\n<ul>\n<li>Mantenere l&#8217;occupazione dell&#8217;hotel a un livello sicuro.<\/li>\n<li>Adattare il funzionamento dell&#8217;hotel per garantire il rispetto delle distanze sufficienti.<\/li>\n<li>Postazioni per la sanificazione delle mani in tutte le aree per gli ospiti e il personale<\/li>\n<li>Pannelli di divisione trasparenti tra dipendenti e ospiti alla reception e nei minimarket<\/li>\n<li>Indossare costantemente i Dispositivi di Protezione Individuale da parte di tutto il personale (mascherina, guanti) e in tutti i punti del servizio.<\/li>\n<li>Il check-in online \u00e8 incoraggiato<\/li>\n<li>Tutti i punti vendita funzionano senza contanti (solo pagamento in camera o con carta di credito).<\/li>\n<li>Disinfezione e trasferimento dei bagagli degli ospiti da parte del nostro personale all&#8217;esterno della camera, salvo diversa richiesta dell&#8217;ospite<\/li>\n<li>Dopo la partenza, tutte le camere vengono pulite, arieggiate e disinfettate a fondo e offerte al nuovo arrivato dopo un minimo di due ore.<\/li>\n<li>Copriletto, cuscini aggiuntivi, coperte, men\u00f9, riviste e fogli informativi rimossi dalle camere (disponibili su richiesta)<\/li>\n<li>Tutte le aree, i tavoli, le sedie, i lettini e le superfici ad alto contatto (maniglie, pulsanti dell&#8217;ascensore, maniglie, rubinetti) sono costantemente disinfettati e igienizzati.<\/li>\n<li>Distanza di sicurezza di 3m <sup>2<\/sup> per ospite nei ristoranti e nei bar e pasti offerti sia nei ristoranti che &#8211; tempo permettendo &#8211; all&#8217;aperto.<\/li>\n<li>Gli ospiti continueranno ad avere a disposizione una variet\u00e0 di opzioni per la ristorazione, tra cui buffet, menu fisso e \u00e0 la carte, mentre i ristoranti saranno aperti gradualmente in base all&#8217;occupazione dell&#8217;hotel.<\/li>\n<li>In spiaggia e nelle piscine rispettare rigorosamente la distanza di sicurezza di 4 metri tra gli ombrelloni; ogni ombrellone e set di due lettini \u00e8 posto a una distanza di 2 metri.<\/li>\n<li>Consumo di 1 persona per 5m <sup>2<\/sup> di acqua nelle piscine<\/li>\n<li>Sport, palestre, saloni di parrucchieri, centri benessere &#8211; operano solo sulla base dei protocolli<\/li>\n<li>Controlli continui e rigorosi da parte dei nostri team dedicati per quanto riguarda la conformit\u00e0 e l&#8217;attuazione di tutte le misure e i protocolli per la vostra igiene e sicurezza.<\/li>\n<\/ul>\n<p>&nbsp;<\/p>\n<p><strong>I nostri hotel riapriranno nelle seguenti date:<\/strong> TUI BLUE PIONEER BEACH HOTEL 28\/06\/2020 CONSTANTINOU BROS ATHENA BEACH HOTEL 01\/08\/2020 CONSTANTINOU BROS ATHENA ROYAL BEACH HOTEL 01\/08\/2020 CONSTANTINOU BROS ASIMINA SUITES HOTEL 02\/07\/2020 \u00a0 La preghiamo di contattare il suo consulente di viaggio per conoscere le nostre offerte speciali o di visitare la nostra pagina web <a href=\"http:\/\/www.cbh-cyprus.com\">www<\/a>. <a href=\"http:\/\/www.cbh-cyprus.com\">cbh-cyprus.com<\/a>\u00a0 Saremo lieti di darle il benvenuto al pi\u00f9 presto e di offrirle vacanze indimenticabili ai livelli di ospitalit\u00e0 a cui \u00e8 abituato e che ha imparato ad apprezzare in tutti questi anni, arricchiti da una cura ancora maggiore per lei e i suoi cari.<\/p>\n","protected":false},"excerpt":{"rendered":"<p>La Constantinou Bros Hotels ha il piacere di annunciare la riapertura di tutti i suoi hotel. Indubbiamente \u00e8 stata una situazione difficile per l&#8217;intero pianeta, ma le misure rigorose adottate immediatamente dal governo cipriota e il contributo di tutti nel rispettarle hanno dato rapidamente i loro frutti. L&#8217;Organizzazione Mondiale della Sanit\u00e0 ha annunciato ufficialmente che<\/p>\n","protected":false},"author":1,"featured_media":12375,"parent":12620,"menu_order":0,"comment_status":"closed","ping_status":"closed","template":"","meta":{"_acf_changed":false,"footnotes":""},"class_list":["post-12568","page","type-page","status-publish","has-post-thumbnail","hentry"],"acf":[],"yoast_head":"<!-- This site is optimized with the Yoast SEO plugin v27.4 - https:\/\/yoast.com\/product\/yoast-seo-wordpress\/ -->\n<title>Constantinou Bros annuncia la riapertura di tutti gli hotel - \u0391thena Royal Beach Hotel<\/title>\n<meta name=\"robots\" content=\"index, follow, max-snippet:-1, max-image-preview:large, max-video-preview:-1\" \/>\n<link rel=\"canonical\" href=\"https:\/\/www.athenaroyal-cbh.com\/it\/news\/constantinou-bros-announces-the-reopening-of-all-hotels\/\" \/>\n<meta property=\"og:locale\" content=\"it_IT\" \/>\n<meta property=\"og:type\" content=\"article\" \/>\n<meta property=\"og:title\" content=\"Constantinou Bros annuncia la riapertura di tutti gli hotel - \u0391thena Royal Beach Hotel\" \/>\n<meta property=\"og:description\" content=\"La Constantinou Bros Hotels ha il piacere di annunciare la riapertura di tutti i suoi hotel. Indubbiamente \u00e8 stata una situazione difficile per l&#8217;intero pianeta, ma le misure rigorose adottate immediatamente dal governo cipriota e il contributo di tutti nel rispettarle hanno dato rapidamente i loro frutti. L&#8217;Organizzazione Mondiale della Sanit\u00e0 ha annunciato ufficialmente che\" \/>\n<meta property=\"og:url\" content=\"https:\/\/www.athenaroyal-cbh.com\/it\/news\/constantinou-bros-announces-the-reopening-of-all-hotels\/\" \/>\n<meta property=\"og:site_name\" content=\"\u0391thena Royal Beach Hotel\" \/>\n<meta property=\"article:modified_time\" content=\"2024-09-16T14:35:01+00:00\" \/>\n<meta property=\"og:image\" content=\"https:\/\/www.athenaroyal-cbh.com\/app\/uploads\/sites\/32\/2020\/06\/4-athena-beach-hotel-pool-sea-view_resized.jpg\" \/>\n\t<meta property=\"og:image:width\" content=\"1920\" \/>\n\t<meta property=\"og:image:height\" content=\"1280\" \/>\n\t<meta property=\"og:image:type\" content=\"image\/jpeg\" \/>\n<meta name=\"twitter:card\" content=\"summary_large_image\" \/>\n<meta name=\"twitter:label1\" content=\"Tempo di lettura stimato\" \/>\n\t<meta name=\"twitter:data1\" content=\"4 minuti\" \/>\n<script type=\"application\/ld+json\" class=\"yoast-schema-graph\">{\"@context\":\"https:\\\/\\\/schema.org\",\"@graph\":[{\"@type\":\"WebPage\",\"@id\":\"https:\\\/\\\/www.athenaroyal-cbh.com\\\/it\\\/news\\\/constantinou-bros-announces-the-reopening-of-all-hotels\\\/\",\"url\":\"https:\\\/\\\/www.athenaroyal-cbh.com\\\/it\\\/news\\\/constantinou-bros-announces-the-reopening-of-all-hotels\\\/\",\"name\":\"Constantinou Bros annuncia la riapertura di tutti gli hotel - \u0391thena Royal Beach Hotel\",\"isPartOf\":{\"@id\":\"https:\\\/\\\/www.athenaroyal-cbh.com\\\/it\\\/#website\"},\"primaryImageOfPage\":{\"@id\":\"https:\\\/\\\/www.athenaroyal-cbh.com\\\/it\\\/news\\\/constantinou-bros-announces-the-reopening-of-all-hotels\\\/#primaryimage\"},\"image\":{\"@id\":\"https:\\\/\\\/www.athenaroyal-cbh.com\\\/it\\\/news\\\/constantinou-bros-announces-the-reopening-of-all-hotels\\\/#primaryimage\"},\"thumbnailUrl\":\"https:\\\/\\\/www.athenaroyal-cbh.com\\\/app\\\/uploads\\\/sites\\\/32\\\/2020\\\/06\\\/4-athena-beach-hotel-pool-sea-view_resized.jpg\",\"datePublished\":\"2022-07-08T13:33:05+00:00\",\"dateModified\":\"2024-09-16T14:35:01+00:00\",\"breadcrumb\":{\"@id\":\"https:\\\/\\\/www.athenaroyal-cbh.com\\\/it\\\/news\\\/constantinou-bros-announces-the-reopening-of-all-hotels\\\/#breadcrumb\"},\"inLanguage\":\"it-IT\",\"potentialAction\":[{\"@type\":\"ReadAction\",\"target\":[\"https:\\\/\\\/www.athenaroyal-cbh.com\\\/it\\\/news\\\/constantinou-bros-announces-the-reopening-of-all-hotels\\\/\"]}]},{\"@type\":\"ImageObject\",\"inLanguage\":\"it-IT\",\"@id\":\"https:\\\/\\\/www.athenaroyal-cbh.com\\\/it\\\/news\\\/constantinou-bros-announces-the-reopening-of-all-hotels\\\/#primaryimage\",\"url\":\"https:\\\/\\\/www.athenaroyal-cbh.com\\\/app\\\/uploads\\\/sites\\\/32\\\/2020\\\/06\\\/4-athena-beach-hotel-pool-sea-view_resized.jpg\",\"contentUrl\":\"https:\\\/\\\/www.athenaroyal-cbh.com\\\/app\\\/uploads\\\/sites\\\/32\\\/2020\\\/06\\\/4-athena-beach-hotel-pool-sea-view_resized.jpg\",\"width\":1920,\"height\":1280},{\"@type\":\"BreadcrumbList\",\"@id\":\"https:\\\/\\\/www.athenaroyal-cbh.com\\\/it\\\/news\\\/constantinou-bros-announces-the-reopening-of-all-hotels\\\/#breadcrumb\",\"itemListElement\":[{\"@type\":\"ListItem\",\"position\":1,\"name\":\"Home\",\"item\":\"https:\\\/\\\/www.athenaroyal-cbh.com\\\/it\\\/\"},{\"@type\":\"ListItem\",\"position\":2,\"name\":\"Notizie\",\"item\":\"https:\\\/\\\/www.athenaroyal-cbh.com\\\/it\\\/news\\\/\"},{\"@type\":\"ListItem\",\"position\":3,\"name\":\"Constantinou Bros annuncia la riapertura di tutti gli hotel\"}]},{\"@type\":\"WebSite\",\"@id\":\"https:\\\/\\\/www.athenaroyal-cbh.com\\\/it\\\/#website\",\"url\":\"https:\\\/\\\/www.athenaroyal-cbh.com\\\/it\\\/\",\"name\":\"\u0391thena Royal Beach Hotel\",\"description\":\"Constantinou Bros Athena Royal Hotel, 4 star hotel in Paphos Cyprus\",\"potentialAction\":[{\"@type\":\"SearchAction\",\"target\":{\"@type\":\"EntryPoint\",\"urlTemplate\":\"https:\\\/\\\/www.athenaroyal-cbh.com\\\/it\\\/?s={search_term_string}\"},\"query-input\":{\"@type\":\"PropertyValueSpecification\",\"valueRequired\":true,\"valueName\":\"search_term_string\"}}],\"inLanguage\":\"it-IT\"}]}<\/script>\n<!-- \/ Yoast SEO plugin. -->","yoast_head_json":{"title":"Constantinou Bros annuncia la riapertura di tutti gli hotel - \u0391thena Royal Beach Hotel","robots":{"index":"index","follow":"follow","max-snippet":"max-snippet:-1","max-image-preview":"max-image-preview:large","max-video-preview":"max-video-preview:-1"},"canonical":"https:\/\/www.athenaroyal-cbh.com\/it\/news\/constantinou-bros-announces-the-reopening-of-all-hotels\/","og_locale":"it_IT","og_type":"article","og_title":"Constantinou Bros annuncia la riapertura di tutti gli hotel - \u0391thena Royal Beach Hotel","og_description":"La Constantinou Bros Hotels ha il piacere di annunciare la riapertura di tutti i suoi hotel. Indubbiamente \u00e8 stata una situazione difficile per l&#8217;intero pianeta, ma le misure rigorose adottate immediatamente dal governo cipriota e il contributo di tutti nel rispettarle hanno dato rapidamente i loro frutti. L&#8217;Organizzazione Mondiale della Sanit\u00e0 ha annunciato ufficialmente che","og_url":"https:\/\/www.athenaroyal-cbh.com\/it\/news\/constantinou-bros-announces-the-reopening-of-all-hotels\/","og_site_name":"\u0391thena Royal Beach Hotel","article_modified_time":"2024-09-16T14:35:01+00:00","og_image":[{"width":1920,"height":1280,"url":"https:\/\/www.athenaroyal-cbh.com\/app\/uploads\/sites\/32\/2020\/06\/4-athena-beach-hotel-pool-sea-view_resized.jpg","type":"image\/jpeg"}],"twitter_card":"summary_large_image","twitter_misc":{"Tempo di lettura stimato":"4 minuti"},"schema":{"@context":"https:\/\/schema.org","@graph":[{"@type":"WebPage","@id":"https:\/\/www.athenaroyal-cbh.com\/it\/news\/constantinou-bros-announces-the-reopening-of-all-hotels\/","url":"https:\/\/www.athenaroyal-cbh.com\/it\/news\/constantinou-bros-announces-the-reopening-of-all-hotels\/","name":"Constantinou Bros annuncia la riapertura di tutti gli hotel - \u0391thena Royal Beach Hotel","isPartOf":{"@id":"https:\/\/www.athenaroyal-cbh.com\/it\/#website"},"primaryImageOfPage":{"@id":"https:\/\/www.athenaroyal-cbh.com\/it\/news\/constantinou-bros-announces-the-reopening-of-all-hotels\/#primaryimage"},"image":{"@id":"https:\/\/www.athenaroyal-cbh.com\/it\/news\/constantinou-bros-announces-the-reopening-of-all-hotels\/#primaryimage"},"thumbnailUrl":"https:\/\/www.athenaroyal-cbh.com\/app\/uploads\/sites\/32\/2020\/06\/4-athena-beach-hotel-pool-sea-view_resized.jpg","datePublished":"2022-07-08T13:33:05+00:00","dateModified":"2024-09-16T14:35:01+00:00","breadcrumb":{"@id":"https:\/\/www.athenaroyal-cbh.com\/it\/news\/constantinou-bros-announces-the-reopening-of-all-hotels\/#breadcrumb"},"inLanguage":"it-IT","potentialAction":[{"@type":"ReadAction","target":["https:\/\/www.athenaroyal-cbh.com\/it\/news\/constantinou-bros-announces-the-reopening-of-all-hotels\/"]}]},{"@type":"ImageObject","inLanguage":"it-IT","@id":"https:\/\/www.athenaroyal-cbh.com\/it\/news\/constantinou-bros-announces-the-reopening-of-all-hotels\/#primaryimage","url":"https:\/\/www.athenaroyal-cbh.com\/app\/uploads\/sites\/32\/2020\/06\/4-athena-beach-hotel-pool-sea-view_resized.jpg","contentUrl":"https:\/\/www.athenaroyal-cbh.com\/app\/uploads\/sites\/32\/2020\/06\/4-athena-beach-hotel-pool-sea-view_resized.jpg","width":1920,"height":1280},{"@type":"BreadcrumbList","@id":"https:\/\/www.athenaroyal-cbh.com\/it\/news\/constantinou-bros-announces-the-reopening-of-all-hotels\/#breadcrumb","itemListElement":[{"@type":"ListItem","position":1,"name":"Home","item":"https:\/\/www.athenaroyal-cbh.com\/it\/"},{"@type":"ListItem","position":2,"name":"Notizie","item":"https:\/\/www.athenaroyal-cbh.com\/it\/news\/"},{"@type":"ListItem","position":3,"name":"Constantinou Bros annuncia la riapertura di tutti gli hotel"}]},{"@type":"WebSite","@id":"https:\/\/www.athenaroyal-cbh.com\/it\/#website","url":"https:\/\/www.athenaroyal-cbh.com\/it\/","name":"\u0391thena Royal Beach Hotel","description":"Constantinou Bros Athena Royal Hotel, 4 star hotel in Paphos Cyprus","potentialAction":[{"@type":"SearchAction","target":{"@type":"EntryPoint","urlTemplate":"https:\/\/www.athenaroyal-cbh.com\/it\/?s={search_term_string}"},"query-input":{"@type":"PropertyValueSpecification","valueRequired":true,"valueName":"search_term_string"}}],"inLanguage":"it-IT"}]}},"_links":{"self":[{"href":"https:\/\/www.athenaroyal-cbh.com\/it\/wp-json\/wp\/v2\/pages\/12568","targetHints":{"allow":["GET"]}}],"collection":[{"href":"https:\/\/www.athenaroyal-cbh.com\/it\/wp-json\/wp\/v2\/pages"}],"about":[{"href":"https:\/\/www.athenaroyal-cbh.com\/it\/wp-json\/wp\/v2\/types\/page"}],"author":[{"embeddable":true,"href":"https:\/\/www.athenaroyal-cbh.com\/it\/wp-json\/wp\/v2\/users\/1"}],"replies":[{"embeddable":true,"href":"https:\/\/www.athenaroyal-cbh.com\/it\/wp-json\/wp\/v2\/comments?post=12568"}],"version-history":[{"count":3,"href":"https:\/\/www.athenaroyal-cbh.com\/it\/wp-json\/wp\/v2\/pages\/12568\/revisions"}],"predecessor-version":[{"id":26090,"href":"https:\/\/www.athenaroyal-cbh.com\/it\/wp-json\/wp\/v2\/pages\/12568\/revisions\/26090"}],"up":[{"embeddable":true,"href":"https:\/\/www.athenaroyal-cbh.com\/it\/wp-json\/wp\/v2\/pages\/12620"}],"wp:featuredmedia":[{"embeddable":true,"href":"https:\/\/www.athenaroyal-cbh.com\/it\/wp-json\/wp\/v2\/media\/12375"}],"wp:attachment":[{"href":"https:\/\/www.athenaroyal-cbh.com\/it\/wp-json\/wp\/v2\/media?parent=12568"}],"curies":[{"name":"wp","href":"https:\/\/api.w.org\/{rel}","templated":true}]}}