{"id":9088,"date":"2022-03-30T17:47:27","date_gmt":"2022-03-30T14:47:27","guid":{"rendered":"https:\/\/www.athenaroyal-cbh.com\/news\/covid-19-update\/"},"modified":"2024-09-16T17:22:59","modified_gmt":"2024-09-16T14:22:59","slug":"covid-19-update","status":"publish","type":"page","link":"https:\/\/www.athenaroyal-cbh.com\/fr\/news\/covid-19-update\/","title":{"rendered":"MISE \u00c0 JOUR DE LA COVID-19"},"content":{"rendered":"<p style=\"text-align: left;\"><strong><em>Un rayon de lumi\u00e8re dor\u00e9e appara\u00eet r\u00e9guli\u00e8rement au bout du tunnel&#8230;<\/em><\/strong><\/p>\n<p style=\"text-align: left;\">Chypre, ainsi que le reste du monde, a \u00e9galement \u00e9t\u00e9 contraint \u00e0 un \u00ab\u00a0Lock Down\u00a0\u00bb complet pour emp\u00eacher la propagation du COVID-19. Les mesures prises ont \u00e9t\u00e9 absolument strictes d\u00e8s le premier cas signal\u00e9 sur l&rsquo;\u00eele, afin de limiter la propagation du virus et de garantir une \u00e9limination rapide de cette situation sans pr\u00e9c\u00e9dent.<\/p>\n<p style=\"text-align: left;\">Tous les ports d&rsquo;entr\u00e9e ont \u00e9t\u00e9 compl\u00e8tement ferm\u00e9s et les entreprises (\u00e0 l&rsquo;exception des supermarch\u00e9s, des pharmacies et des services essentiels), tant dans le secteur priv\u00e9 que dans le secteur public, ont \u00e9t\u00e9 compl\u00e8tement arr\u00eat\u00e9es. La permission de sortir une fois par jour \u00e9tait accord\u00e9e par le gouvernement par le biais d&rsquo;un SMS d&rsquo;approbation et un couvre-feu complet \u00e9tait appliqu\u00e9 le soir de 21 heures \u00e0 6 heures.<\/p>\n<p style=\"text-align: left;\">Le voyage a \u00e9t\u00e9 tr\u00e8s difficile, mais les restrictions strictes ont valu la peine de faire des efforts. D\u00e8s le lundi<sup>4<\/sup> mai, nous avons re\u00e7u le feu vert pour entamer la <strong>phase 1<\/strong> de l&rsquo;assouplissement vers la sortie du lock-out !<\/p>\n<p style=\"text-align: left;\">Entre autres, les petits commerces et certaines entreprises, y compris les agences de voyage, ont progressivement ouvert leurs portes en mettant en place des mesures strictes d&rsquo;hygi\u00e8ne et de distance sociale. Toutefois, il est toujours n\u00e9cessaire d&rsquo;envoyer un SMS pour obtenir la permission de sortir et le couvre-feu du soir a \u00e9t\u00e9 d\u00e9plac\u00e9 une heure plus tard (de 22h \u00e0 6h).<\/p>\n<p style=\"text-align: left;\">Si nous r\u00e9ussissons \u00e0 maintenir le nombre de nouveaux cas \u00e0 un seul chiffre, alors la <strong>phase 2<\/strong> de la \u00ab\u00a0route pour sortir du verrouillage\u00a0\u00bb sera mise en \u0153uvre entre le<sup>21<\/sup> mai et le<sup>8<\/sup> juin. Il s&rsquo;agit notamment de la remise en service de salons de coiffure et de beaut\u00e9, de services de restauration en plein air, de mus\u00e9es et de sites arch\u00e9ologiques, pour n&rsquo;en citer que quelques-uns. L&rsquo;autorisation de d\u00e9placement par SMS sera compl\u00e8tement supprim\u00e9e, y compris le d\u00e9placement individuel entre 22 heures et 6 heures du matin&#8230; Toutefois, seuls les rassemblements de 10 personnes au maximum seront autoris\u00e9s.<\/p>\n<p style=\"text-align: left;\">La<strong>phase 3<\/strong> (du<sup>9<\/sup> juin au<sup>13<\/sup> juillet) verra tr\u00e8s probablement l&rsquo;ouverture d&rsquo;autres \u00e9tablissements, notamment des a\u00e9roports (progressivement et sous conditions), des h\u00f4tels et des plages ainsi que des services de restauration int\u00e9rieurs et ext\u00e9rieurs, ainsi que la suppression de toutes les restrictions \u00e0 la circulation individuelle. Naturellement, cette \u00e9tape tr\u00e8s importante impliquera des mesures d&rsquo;hygi\u00e8ne et de protection compl\u00e8tes, tant pour les visiteurs de Chypre que pour le personnel travaillant dans tous les \u00e9tablissements concern\u00e9s. D&rsquo;ores et d\u00e9j\u00e0, le ministre adjoint du tourisme, en collaboration avec le conseil d&rsquo;administration de l&rsquo;association chypriote des h\u00f4teliers, et les h\u00f4teliers de l&rsquo;\u00eele travaillent d&rsquo;arrache-pied pour produire une campagne efficace \u00e0 appliquer.<\/p>\n<p style=\"text-align: left;\">La<strong>phase 4<\/strong> (\u00e0 partir du<sup>14<\/sup> juillet) verra tous les th\u00e9\u00e2tres, cin\u00e9mas, festivals, casinos etc&#8230; rouvrir au public.<\/p>\n<p style=\"text-align: left;\">Le retour \u00e0 la \u00ab\u00a0normalit\u00e9\u00a0\u00bb sera certainement progressif, mais nous tenons \u00e0 vous assurer que les h\u00f4tels Constantinou Bros ont pris des mesures r\u00e9vis\u00e9es et mis en place des protocoles encore plus stricts, afin de garantir qu&rsquo;une fois le feu vert donn\u00e9, la sant\u00e9 et le bien-\u00eatre de nos clients seront assur\u00e9s, d\u00e8s la remise en service de nos h\u00f4tels.<\/p>\n<p style=\"text-align: left;\">Restez en s\u00e9curit\u00e9&#8230; nous sommes impatients de vous revoir tous sous le soleil de Paphos&#8230; tr\u00e8s bient\u00f4t !<\/p>\n","protected":false},"excerpt":{"rendered":"<p>Un rayon de lumi\u00e8re dor\u00e9e appara\u00eet r\u00e9guli\u00e8rement au bout du tunnel&#8230; Chypre, ainsi que le reste du monde, a \u00e9galement \u00e9t\u00e9 contraint \u00e0 un \u00ab\u00a0Lock Down\u00a0\u00bb complet pour emp\u00eacher la propagation du COVID-19. Les mesures prises ont \u00e9t\u00e9 absolument strictes d\u00e8s le premier cas signal\u00e9 sur l&rsquo;\u00eele, afin de limiter la propagation du virus et<\/p>\n","protected":false},"author":1,"featured_media":8203,"parent":9062,"menu_order":0,"comment_status":"closed","ping_status":"closed","template":"","meta":{"_acf_changed":false,"footnotes":""},"class_list":["post-9088","page","type-page","status-publish","has-post-thumbnail","hentry"],"acf":[],"yoast_head":"<!-- This site is optimized with the Yoast SEO plugin v27.5 - https:\/\/yoast.com\/product\/yoast-seo-wordpress\/ -->\n<title>MISE \u00c0 JOUR DE LA COVID-19 - \u0391thena Royal Beach Hotel<\/title>\n<meta name=\"robots\" content=\"index, follow, max-snippet:-1, max-image-preview:large, max-video-preview:-1\" \/>\n<link rel=\"canonical\" href=\"https:\/\/www.athenaroyal-cbh.com\/fr\/news\/covid-19-update\/\" \/>\n<meta property=\"og:locale\" content=\"fr_FR\" \/>\n<meta property=\"og:type\" content=\"article\" \/>\n<meta property=\"og:title\" content=\"MISE \u00c0 JOUR DE LA COVID-19 - \u0391thena Royal Beach Hotel\" \/>\n<meta property=\"og:description\" content=\"Un rayon de lumi\u00e8re dor\u00e9e appara\u00eet r\u00e9guli\u00e8rement au bout du tunnel&#8230; Chypre, ainsi que le reste du monde, a \u00e9galement \u00e9t\u00e9 contraint \u00e0 un \u00ab\u00a0Lock Down\u00a0\u00bb complet pour emp\u00eacher la propagation du COVID-19. Les mesures prises ont \u00e9t\u00e9 absolument strictes d\u00e8s le premier cas signal\u00e9 sur l&rsquo;\u00eele, afin de limiter la propagation du virus et\" \/>\n<meta property=\"og:url\" content=\"https:\/\/www.athenaroyal-cbh.com\/fr\/news\/covid-19-update\/\" \/>\n<meta property=\"og:site_name\" content=\"\u0391thena Royal Beach Hotel\" \/>\n<meta property=\"article:modified_time\" content=\"2024-09-16T14:22:59+00:00\" \/>\n<meta property=\"og:image\" content=\"https:\/\/www.athenaroyal-cbh.com\/app\/uploads\/sites\/32\/2020\/05\/Polish_20200507_214138271-1.jpg\" \/>\n\t<meta property=\"og:image:width\" content=\"1920\" \/>\n\t<meta property=\"og:image:height\" content=\"1920\" \/>\n\t<meta property=\"og:image:type\" content=\"image\/jpeg\" \/>\n<meta name=\"twitter:card\" content=\"summary_large_image\" \/>\n<meta name=\"twitter:label1\" content=\"Dur\u00e9e de lecture estim\u00e9e\" \/>\n\t<meta name=\"twitter:data1\" content=\"3 minutes\" \/>\n<script type=\"application\/ld+json\" class=\"yoast-schema-graph\">{\"@context\":\"https:\\\/\\\/schema.org\",\"@graph\":[{\"@type\":\"WebPage\",\"@id\":\"https:\\\/\\\/www.athenaroyal-cbh.com\\\/fr\\\/news\\\/covid-19-update\\\/\",\"url\":\"https:\\\/\\\/www.athenaroyal-cbh.com\\\/fr\\\/news\\\/covid-19-update\\\/\",\"name\":\"MISE \u00c0 JOUR DE LA COVID-19 - \u0391thena Royal Beach Hotel\",\"isPartOf\":{\"@id\":\"https:\\\/\\\/www.athenaroyal-cbh.com\\\/fr\\\/#website\"},\"primaryImageOfPage\":{\"@id\":\"https:\\\/\\\/www.athenaroyal-cbh.com\\\/fr\\\/news\\\/covid-19-update\\\/#primaryimage\"},\"image\":{\"@id\":\"https:\\\/\\\/www.athenaroyal-cbh.com\\\/fr\\\/news\\\/covid-19-update\\\/#primaryimage\"},\"thumbnailUrl\":\"https:\\\/\\\/www.athenaroyal-cbh.com\\\/app\\\/uploads\\\/sites\\\/32\\\/2020\\\/05\\\/Polish_20200507_214138271-1.jpg\",\"datePublished\":\"2022-03-30T14:47:27+00:00\",\"dateModified\":\"2024-09-16T14:22:59+00:00\",\"breadcrumb\":{\"@id\":\"https:\\\/\\\/www.athenaroyal-cbh.com\\\/fr\\\/news\\\/covid-19-update\\\/#breadcrumb\"},\"inLanguage\":\"fr-FR\",\"potentialAction\":[{\"@type\":\"ReadAction\",\"target\":[\"https:\\\/\\\/www.athenaroyal-cbh.com\\\/fr\\\/news\\\/covid-19-update\\\/\"]}]},{\"@type\":\"ImageObject\",\"inLanguage\":\"fr-FR\",\"@id\":\"https:\\\/\\\/www.athenaroyal-cbh.com\\\/fr\\\/news\\\/covid-19-update\\\/#primaryimage\",\"url\":\"https:\\\/\\\/www.athenaroyal-cbh.com\\\/app\\\/uploads\\\/sites\\\/32\\\/2020\\\/05\\\/Polish_20200507_214138271-1.jpg\",\"contentUrl\":\"https:\\\/\\\/www.athenaroyal-cbh.com\\\/app\\\/uploads\\\/sites\\\/32\\\/2020\\\/05\\\/Polish_20200507_214138271-1.jpg\",\"width\":1920,\"height\":1920},{\"@type\":\"BreadcrumbList\",\"@id\":\"https:\\\/\\\/www.athenaroyal-cbh.com\\\/fr\\\/news\\\/covid-19-update\\\/#breadcrumb\",\"itemListElement\":[{\"@type\":\"ListItem\",\"position\":1,\"name\":\"Home\",\"item\":\"https:\\\/\\\/www.athenaroyal-cbh.com\\\/fr\\\/\"},{\"@type\":\"ListItem\",\"position\":2,\"name\":\"Des nouvelles\",\"item\":\"https:\\\/\\\/www.athenaroyal-cbh.com\\\/fr\\\/news\\\/\"},{\"@type\":\"ListItem\",\"position\":3,\"name\":\"MISE \u00c0 JOUR DE LA COVID-19\"}]},{\"@type\":\"WebSite\",\"@id\":\"https:\\\/\\\/www.athenaroyal-cbh.com\\\/fr\\\/#website\",\"url\":\"https:\\\/\\\/www.athenaroyal-cbh.com\\\/fr\\\/\",\"name\":\"\u0391thena Royal Beach Hotel\",\"description\":\"Constantinou Bros Athena Royal Hotel, 4 star hotel in Paphos Cyprus\",\"potentialAction\":[{\"@type\":\"SearchAction\",\"target\":{\"@type\":\"EntryPoint\",\"urlTemplate\":\"https:\\\/\\\/www.athenaroyal-cbh.com\\\/fr\\\/?s={search_term_string}\"},\"query-input\":{\"@type\":\"PropertyValueSpecification\",\"valueRequired\":true,\"valueName\":\"search_term_string\"}}],\"inLanguage\":\"fr-FR\"}]}<\/script>\n<!-- \/ Yoast SEO plugin. -->","yoast_head_json":{"title":"MISE \u00c0 JOUR DE LA COVID-19 - \u0391thena Royal Beach Hotel","robots":{"index":"index","follow":"follow","max-snippet":"max-snippet:-1","max-image-preview":"max-image-preview:large","max-video-preview":"max-video-preview:-1"},"canonical":"https:\/\/www.athenaroyal-cbh.com\/fr\/news\/covid-19-update\/","og_locale":"fr_FR","og_type":"article","og_title":"MISE \u00c0 JOUR DE LA COVID-19 - \u0391thena Royal Beach Hotel","og_description":"Un rayon de lumi\u00e8re dor\u00e9e appara\u00eet r\u00e9guli\u00e8rement au bout du tunnel&#8230; Chypre, ainsi que le reste du monde, a \u00e9galement \u00e9t\u00e9 contraint \u00e0 un \u00ab\u00a0Lock Down\u00a0\u00bb complet pour emp\u00eacher la propagation du COVID-19. Les mesures prises ont \u00e9t\u00e9 absolument strictes d\u00e8s le premier cas signal\u00e9 sur l&rsquo;\u00eele, afin de limiter la propagation du virus et","og_url":"https:\/\/www.athenaroyal-cbh.com\/fr\/news\/covid-19-update\/","og_site_name":"\u0391thena Royal Beach Hotel","article_modified_time":"2024-09-16T14:22:59+00:00","og_image":[{"width":1920,"height":1920,"url":"https:\/\/www.athenaroyal-cbh.com\/app\/uploads\/sites\/32\/2020\/05\/Polish_20200507_214138271-1.jpg","type":"image\/jpeg"}],"twitter_card":"summary_large_image","twitter_misc":{"Dur\u00e9e de lecture estim\u00e9e":"3 minutes"},"schema":{"@context":"https:\/\/schema.org","@graph":[{"@type":"WebPage","@id":"https:\/\/www.athenaroyal-cbh.com\/fr\/news\/covid-19-update\/","url":"https:\/\/www.athenaroyal-cbh.com\/fr\/news\/covid-19-update\/","name":"MISE \u00c0 JOUR DE LA COVID-19 - \u0391thena Royal Beach Hotel","isPartOf":{"@id":"https:\/\/www.athenaroyal-cbh.com\/fr\/#website"},"primaryImageOfPage":{"@id":"https:\/\/www.athenaroyal-cbh.com\/fr\/news\/covid-19-update\/#primaryimage"},"image":{"@id":"https:\/\/www.athenaroyal-cbh.com\/fr\/news\/covid-19-update\/#primaryimage"},"thumbnailUrl":"https:\/\/www.athenaroyal-cbh.com\/app\/uploads\/sites\/32\/2020\/05\/Polish_20200507_214138271-1.jpg","datePublished":"2022-03-30T14:47:27+00:00","dateModified":"2024-09-16T14:22:59+00:00","breadcrumb":{"@id":"https:\/\/www.athenaroyal-cbh.com\/fr\/news\/covid-19-update\/#breadcrumb"},"inLanguage":"fr-FR","potentialAction":[{"@type":"ReadAction","target":["https:\/\/www.athenaroyal-cbh.com\/fr\/news\/covid-19-update\/"]}]},{"@type":"ImageObject","inLanguage":"fr-FR","@id":"https:\/\/www.athenaroyal-cbh.com\/fr\/news\/covid-19-update\/#primaryimage","url":"https:\/\/www.athenaroyal-cbh.com\/app\/uploads\/sites\/32\/2020\/05\/Polish_20200507_214138271-1.jpg","contentUrl":"https:\/\/www.athenaroyal-cbh.com\/app\/uploads\/sites\/32\/2020\/05\/Polish_20200507_214138271-1.jpg","width":1920,"height":1920},{"@type":"BreadcrumbList","@id":"https:\/\/www.athenaroyal-cbh.com\/fr\/news\/covid-19-update\/#breadcrumb","itemListElement":[{"@type":"ListItem","position":1,"name":"Home","item":"https:\/\/www.athenaroyal-cbh.com\/fr\/"},{"@type":"ListItem","position":2,"name":"Des nouvelles","item":"https:\/\/www.athenaroyal-cbh.com\/fr\/news\/"},{"@type":"ListItem","position":3,"name":"MISE \u00c0 JOUR DE LA COVID-19"}]},{"@type":"WebSite","@id":"https:\/\/www.athenaroyal-cbh.com\/fr\/#website","url":"https:\/\/www.athenaroyal-cbh.com\/fr\/","name":"\u0391thena Royal Beach Hotel","description":"Constantinou Bros Athena Royal Hotel, 4 star hotel in Paphos Cyprus","potentialAction":[{"@type":"SearchAction","target":{"@type":"EntryPoint","urlTemplate":"https:\/\/www.athenaroyal-cbh.com\/fr\/?s={search_term_string}"},"query-input":{"@type":"PropertyValueSpecification","valueRequired":true,"valueName":"search_term_string"}}],"inLanguage":"fr-FR"}]}},"_links":{"self":[{"href":"https:\/\/www.athenaroyal-cbh.com\/fr\/wp-json\/wp\/v2\/pages\/9088","targetHints":{"allow":["GET"]}}],"collection":[{"href":"https:\/\/www.athenaroyal-cbh.com\/fr\/wp-json\/wp\/v2\/pages"}],"about":[{"href":"https:\/\/www.athenaroyal-cbh.com\/fr\/wp-json\/wp\/v2\/types\/page"}],"author":[{"embeddable":true,"href":"https:\/\/www.athenaroyal-cbh.com\/fr\/wp-json\/wp\/v2\/users\/1"}],"replies":[{"embeddable":true,"href":"https:\/\/www.athenaroyal-cbh.com\/fr\/wp-json\/wp\/v2\/comments?post=9088"}],"version-history":[{"count":2,"href":"https:\/\/www.athenaroyal-cbh.com\/fr\/wp-json\/wp\/v2\/pages\/9088\/revisions"}],"predecessor-version":[{"id":26063,"href":"https:\/\/www.athenaroyal-cbh.com\/fr\/wp-json\/wp\/v2\/pages\/9088\/revisions\/26063"}],"up":[{"embeddable":true,"href":"https:\/\/www.athenaroyal-cbh.com\/fr\/wp-json\/wp\/v2\/pages\/9062"}],"wp:featuredmedia":[{"embeddable":true,"href":"https:\/\/www.athenaroyal-cbh.com\/fr\/wp-json\/wp\/v2\/media\/8203"}],"wp:attachment":[{"href":"https:\/\/www.athenaroyal-cbh.com\/fr\/wp-json\/wp\/v2\/media?parent=9088"}],"curies":[{"name":"wp","href":"https:\/\/api.w.org\/{rel}","templated":true}]}}