{"id":9084,"date":"2022-03-30T17:47:24","date_gmt":"2022-03-30T14:47:24","guid":{"rendered":"https:\/\/www.athenaroyal-cbh.com\/news\/constantinou-bros-announces-the-reopening-of-all-hotels\/"},"modified":"2024-09-16T17:22:50","modified_gmt":"2024-09-16T14:22:50","slug":"constantinou-bros-announces-the-reopening-of-all-hotels","status":"publish","type":"page","link":"https:\/\/www.athenaroyal-cbh.com\/fr\/news\/constantinou-bros-announces-the-reopening-of-all-hotels\/","title":{"rendered":"Constantinou Bros annonce la r\u00e9ouverture de tous ses h\u00f4tels"},"content":{"rendered":"<p>Chez Constantinou Bros Hotels nous avons le plaisir de vous annoncer la r\u00e9ouverture de tous nos h\u00f4tels. Il ne fait aucun doute que la situation a \u00e9t\u00e9 difficile pour la plan\u00e8te enti\u00e8re, cependant, les mesures strictes qui ont \u00e9t\u00e9 imm\u00e9diatement prises par le gouvernement chypriote et la contribution de chacun pour s&rsquo;y conformer se sont rapidement concr\u00e9tis\u00e9es. L&rsquo;Organisation mondiale de la sant\u00e9 a officiellement d\u00e9sign\u00e9 Chypre comme \u00ab\u00a0le pays m\u00e9diterran\u00e9en le plus s\u00fbr et le cinqui\u00e8me pays le plus s\u00fbr au monde\u00a0\u00bb. Ayant d\u00e9j\u00e0 travers\u00e9 trois phases d&rsquo;assouplissement progressif des mesures restrictives, Chypre est d\u00e9sormais dans une position privil\u00e9gi\u00e9e pour se vanter de l&rsquo;ouverture et de l&rsquo;exploitation de ses a\u00e9roports, h\u00f4tels, transports en commun, taxis, sites arch\u00e9ologiques, mus\u00e9es, restaurants, bars et centres commerciaux. Dans nos h\u00f4tels, notre priorit\u00e9 absolue a toujours \u00e9t\u00e9 la s\u00e9curit\u00e9, la sant\u00e9 et le bien-\u00eatre de nos pr\u00e9cieux clients. Avec l&rsquo;apparition de la pand\u00e9mie de Covid-19, ce qui a chang\u00e9 dans les processus que nous avons toujours suivis, c&rsquo;est que nous avons renforc\u00e9 et maximis\u00e9 les mesures d&rsquo;hygi\u00e8ne et de s\u00e9curit\u00e9, sur la base des protocoles qui nous ont \u00e9t\u00e9 pr\u00e9sent\u00e9s par les organismes officiels ci-dessous, ainsi que par des consultants , \u00e0 qui nous avons confi\u00e9 le d\u00e9veloppement des nouveaux processus de fonctionnement et la formation de notre personnel :<\/p>\n<ul>\n<li>Minist\u00e8re de la Sant\u00e9 de Chypre<\/li>\n<li>Centre europ\u00e9en de pr\u00e9vention et de contr\u00f4le des maladies (ECDC)<\/li>\n<li>Organisation mondiale de la sant\u00e9<\/li>\n<\/ul>\n<p>Nous comprenons que les mesures d&rsquo;hygi\u00e8ne et de distanciation sociale concernent chaque voyageur, mais nous voulons vous assurer que nous avons pris, et continuerons de prendre, toutes les mesures n\u00e9cessaires pour la protection de nos clients et de notre personnel, et nous sommes \u00e0 titre indicatif mentionnant les faits saillants ici:<\/p>\n<ul>\n<li>Maintenir l&rsquo;occupation des h\u00f4tels \u00e0 un niveau s\u00e9curitaire<\/li>\n<li>Adapter le fonctionnement de l&rsquo;h\u00f4tel pour garantir le respect de distances suffisantes.<\/li>\n<li>Stations de d\u00e9sinfection des mains dans toutes les zones pour les clients et le personnel<\/li>\n<li>Panneaux de r\u00e9partition transparents entre les employ\u00e9s et les clients \u00e0 la r\u00e9ception et dans les sup\u00e9rettes<\/li>\n<li>Port constant des \u00c9quipements de Protection Individuelle par tout le personnel (masque, gants) et dans tous les points de service<\/li>\n<li>Enregistrement en ligne encourag\u00e9<\/li>\n<li>Tous les points de vente fonctionnent sans esp\u00e8ces (frais de chambre ou paiement par carte de cr\u00e9dit uniquement)<\/li>\n<li>D\u00e9sinfection et transfert des bagages des clients par notre personnel \u00e0 l&rsquo;ext\u00e9rieur de la chambre, sauf demande contraire du client<\/li>\n<li>Apr\u00e8s le d\u00e9part, toutes les chambres soigneusement nettoy\u00e9es, a\u00e9r\u00e9es et d\u00e9sinfect\u00e9es et offertes \u00e0 un nouvel arrivant apr\u00e8s un minimum de deux heures<\/li>\n<li>Couvre-lits, oreillers suppl\u00e9mentaires, couvertures, menus, magazines et fiches d&rsquo;information retir\u00e9s des chambres (disponibles sur demande)<\/li>\n<li>Toutes les zones, tables, chaises, chaises longues et surfaces \u00e0 contact \u00e9lev\u00e9 (poign\u00e9es de porte, boutons d&rsquo;ascenseur, poign\u00e9es, robinets) sont constamment d\u00e9sinfect\u00e9es et d\u00e9sinfect\u00e9es<\/li>\n<li>Distance de s\u00e9curit\u00e9 de 3m <sup>2<\/sup> par personne dans les restaurants et les bars, et repas offerts \u00e0 la fois dans les restaurants et \u2013 si le temps le permet \u2013 en plein air<\/li>\n<li>Les clients continueront de disposer d&rsquo;une vari\u00e9t\u00e9 d&rsquo;options de restauration, notamment un buffet, un menu fixe et \u00e0 la carte, o\u00f9 les restaurants ouvriront progressivement en fonction de l&rsquo;occupation de l&rsquo;h\u00f4tel.<\/li>\n<li>\u00c0 la plage et aux piscines, respect strict d&rsquo;une distance de s\u00e9curit\u00e9 de 4 m entre les parasols\u00a0; chaque parasol et deux chaises longues sont plac\u00e9s \u00e0 une distance de 2 m<\/li>\n<li>Allocation de 1 personne par 5m <sup>2<\/sup> d&rsquo;eau dans les bassins<\/li>\n<li>Sports, gymnases, salons de coiffure, spas \u2013 fonctionnant uniquement sur la base des protocoles<\/li>\n<li>Contr\u00f4les stricts continus par nos \u00e9quipes d\u00e9di\u00e9es concernant le respect et la mise en \u0153uvre de toutes les mesures et protocoles pour votre hygi\u00e8ne et votre s\u00e9curit\u00e9.<\/li>\n<\/ul>\n<p>&nbsp;<\/p>\n<p><strong>Nos h\u00f4tels rouvriront aux dates suivantes :<\/strong> TUI BLUE PIONEER BEACH HOTEL 28\/06\/2020 CONSTANTINOU BROS ATHENA BEACH HOTEL 01\/08\/2020 CONSTANTINOU BROS ATHENA ROYAL BEACH HOTEL 01\/08\/2020 CONSTANTINOU BROS ASIMINA SUITES HOTEL 02\/07\/2020 \u00a0 Veuillez contacter votre conseiller en voyages pour conna\u00eetre nos offres sp\u00e9ciales ou visitez notre page web <a href=\"http:\/\/www.cbh-cyprus.com\">www.cbh-cyprus.com<\/a>\u00a0 Nous sommes impatients de vous accueillir \u00e0 nouveau le plus t\u00f4t possible et de vous offrir des vacances inoubliables aux niveaux d&rsquo;hospitalit\u00e9 auxquels vous \u00eates habitu\u00e9s et que vous avez appris \u00e0 appr\u00e9cier toutes ces ann\u00e9es, avec encore plus d&rsquo;attention pour vous et vos proches.<\/p>\n","protected":false},"excerpt":{"rendered":"<p>Chez Constantinou Bros Hotels nous avons le plaisir de vous annoncer la r\u00e9ouverture de tous nos h\u00f4tels. Il ne fait aucun doute que la situation a \u00e9t\u00e9 difficile pour la plan\u00e8te enti\u00e8re, cependant, les mesures strictes qui ont \u00e9t\u00e9 imm\u00e9diatement prises par le gouvernement chypriote et la contribution de chacun pour s&rsquo;y conformer se sont<\/p>\n","protected":false},"author":1,"featured_media":8204,"parent":9062,"menu_order":0,"comment_status":"closed","ping_status":"closed","template":"","meta":{"_acf_changed":false,"footnotes":""},"class_list":["post-9084","page","type-page","status-publish","has-post-thumbnail","hentry"],"acf":[],"yoast_head":"<!-- This site is optimized with the Yoast SEO plugin v27.5 - https:\/\/yoast.com\/product\/yoast-seo-wordpress\/ -->\n<title>Constantinou Bros annonce la r\u00e9ouverture de tous ses h\u00f4tels - \u0391thena Royal Beach Hotel<\/title>\n<meta name=\"robots\" content=\"index, follow, max-snippet:-1, max-image-preview:large, max-video-preview:-1\" \/>\n<link rel=\"canonical\" href=\"https:\/\/www.athenaroyal-cbh.com\/fr\/news\/constantinou-bros-announces-the-reopening-of-all-hotels\/\" \/>\n<meta property=\"og:locale\" content=\"fr_FR\" \/>\n<meta property=\"og:type\" content=\"article\" \/>\n<meta property=\"og:title\" content=\"Constantinou Bros annonce la r\u00e9ouverture de tous ses h\u00f4tels - \u0391thena Royal Beach Hotel\" \/>\n<meta property=\"og:description\" content=\"Chez Constantinou Bros Hotels nous avons le plaisir de vous annoncer la r\u00e9ouverture de tous nos h\u00f4tels. Il ne fait aucun doute que la situation a \u00e9t\u00e9 difficile pour la plan\u00e8te enti\u00e8re, cependant, les mesures strictes qui ont \u00e9t\u00e9 imm\u00e9diatement prises par le gouvernement chypriote et la contribution de chacun pour s&rsquo;y conformer se sont\" \/>\n<meta property=\"og:url\" content=\"https:\/\/www.athenaroyal-cbh.com\/fr\/news\/constantinou-bros-announces-the-reopening-of-all-hotels\/\" \/>\n<meta property=\"og:site_name\" content=\"\u0391thena Royal Beach Hotel\" \/>\n<meta property=\"article:modified_time\" content=\"2024-09-16T14:22:50+00:00\" \/>\n<meta property=\"og:image\" content=\"https:\/\/www.athenaroyal-cbh.com\/app\/uploads\/sites\/32\/2020\/06\/4-athena-beach-hotel-pool-sea-view_resized.jpg\" \/>\n\t<meta property=\"og:image:width\" content=\"1920\" \/>\n\t<meta property=\"og:image:height\" content=\"1280\" \/>\n\t<meta property=\"og:image:type\" content=\"image\/jpeg\" \/>\n<meta name=\"twitter:card\" content=\"summary_large_image\" \/>\n<meta name=\"twitter:label1\" content=\"Dur\u00e9e de lecture estim\u00e9e\" \/>\n\t<meta name=\"twitter:data1\" content=\"4 minutes\" \/>\n<script type=\"application\/ld+json\" class=\"yoast-schema-graph\">{\"@context\":\"https:\\\/\\\/schema.org\",\"@graph\":[{\"@type\":\"WebPage\",\"@id\":\"https:\\\/\\\/www.athenaroyal-cbh.com\\\/fr\\\/news\\\/constantinou-bros-announces-the-reopening-of-all-hotels\\\/\",\"url\":\"https:\\\/\\\/www.athenaroyal-cbh.com\\\/fr\\\/news\\\/constantinou-bros-announces-the-reopening-of-all-hotels\\\/\",\"name\":\"Constantinou Bros annonce la r\u00e9ouverture de tous ses h\u00f4tels - \u0391thena Royal Beach Hotel\",\"isPartOf\":{\"@id\":\"https:\\\/\\\/www.athenaroyal-cbh.com\\\/fr\\\/#website\"},\"primaryImageOfPage\":{\"@id\":\"https:\\\/\\\/www.athenaroyal-cbh.com\\\/fr\\\/news\\\/constantinou-bros-announces-the-reopening-of-all-hotels\\\/#primaryimage\"},\"image\":{\"@id\":\"https:\\\/\\\/www.athenaroyal-cbh.com\\\/fr\\\/news\\\/constantinou-bros-announces-the-reopening-of-all-hotels\\\/#primaryimage\"},\"thumbnailUrl\":\"https:\\\/\\\/www.athenaroyal-cbh.com\\\/app\\\/uploads\\\/sites\\\/32\\\/2020\\\/06\\\/4-athena-beach-hotel-pool-sea-view_resized.jpg\",\"datePublished\":\"2022-03-30T14:47:24+00:00\",\"dateModified\":\"2024-09-16T14:22:50+00:00\",\"breadcrumb\":{\"@id\":\"https:\\\/\\\/www.athenaroyal-cbh.com\\\/fr\\\/news\\\/constantinou-bros-announces-the-reopening-of-all-hotels\\\/#breadcrumb\"},\"inLanguage\":\"fr-FR\",\"potentialAction\":[{\"@type\":\"ReadAction\",\"target\":[\"https:\\\/\\\/www.athenaroyal-cbh.com\\\/fr\\\/news\\\/constantinou-bros-announces-the-reopening-of-all-hotels\\\/\"]}]},{\"@type\":\"ImageObject\",\"inLanguage\":\"fr-FR\",\"@id\":\"https:\\\/\\\/www.athenaroyal-cbh.com\\\/fr\\\/news\\\/constantinou-bros-announces-the-reopening-of-all-hotels\\\/#primaryimage\",\"url\":\"https:\\\/\\\/www.athenaroyal-cbh.com\\\/app\\\/uploads\\\/sites\\\/32\\\/2020\\\/06\\\/4-athena-beach-hotel-pool-sea-view_resized.jpg\",\"contentUrl\":\"https:\\\/\\\/www.athenaroyal-cbh.com\\\/app\\\/uploads\\\/sites\\\/32\\\/2020\\\/06\\\/4-athena-beach-hotel-pool-sea-view_resized.jpg\",\"width\":1920,\"height\":1280},{\"@type\":\"BreadcrumbList\",\"@id\":\"https:\\\/\\\/www.athenaroyal-cbh.com\\\/fr\\\/news\\\/constantinou-bros-announces-the-reopening-of-all-hotels\\\/#breadcrumb\",\"itemListElement\":[{\"@type\":\"ListItem\",\"position\":1,\"name\":\"Home\",\"item\":\"https:\\\/\\\/www.athenaroyal-cbh.com\\\/fr\\\/\"},{\"@type\":\"ListItem\",\"position\":2,\"name\":\"Des nouvelles\",\"item\":\"https:\\\/\\\/www.athenaroyal-cbh.com\\\/fr\\\/news\\\/\"},{\"@type\":\"ListItem\",\"position\":3,\"name\":\"Constantinou Bros annonce la r\u00e9ouverture de tous ses h\u00f4tels\"}]},{\"@type\":\"WebSite\",\"@id\":\"https:\\\/\\\/www.athenaroyal-cbh.com\\\/fr\\\/#website\",\"url\":\"https:\\\/\\\/www.athenaroyal-cbh.com\\\/fr\\\/\",\"name\":\"\u0391thena Royal Beach Hotel\",\"description\":\"Constantinou Bros Athena Royal Hotel, 4 star hotel in Paphos Cyprus\",\"potentialAction\":[{\"@type\":\"SearchAction\",\"target\":{\"@type\":\"EntryPoint\",\"urlTemplate\":\"https:\\\/\\\/www.athenaroyal-cbh.com\\\/fr\\\/?s={search_term_string}\"},\"query-input\":{\"@type\":\"PropertyValueSpecification\",\"valueRequired\":true,\"valueName\":\"search_term_string\"}}],\"inLanguage\":\"fr-FR\"}]}<\/script>\n<!-- \/ Yoast SEO plugin. -->","yoast_head_json":{"title":"Constantinou Bros annonce la r\u00e9ouverture de tous ses h\u00f4tels - \u0391thena Royal Beach Hotel","robots":{"index":"index","follow":"follow","max-snippet":"max-snippet:-1","max-image-preview":"max-image-preview:large","max-video-preview":"max-video-preview:-1"},"canonical":"https:\/\/www.athenaroyal-cbh.com\/fr\/news\/constantinou-bros-announces-the-reopening-of-all-hotels\/","og_locale":"fr_FR","og_type":"article","og_title":"Constantinou Bros annonce la r\u00e9ouverture de tous ses h\u00f4tels - \u0391thena Royal Beach Hotel","og_description":"Chez Constantinou Bros Hotels nous avons le plaisir de vous annoncer la r\u00e9ouverture de tous nos h\u00f4tels. Il ne fait aucun doute que la situation a \u00e9t\u00e9 difficile pour la plan\u00e8te enti\u00e8re, cependant, les mesures strictes qui ont \u00e9t\u00e9 imm\u00e9diatement prises par le gouvernement chypriote et la contribution de chacun pour s&rsquo;y conformer se sont","og_url":"https:\/\/www.athenaroyal-cbh.com\/fr\/news\/constantinou-bros-announces-the-reopening-of-all-hotels\/","og_site_name":"\u0391thena Royal Beach Hotel","article_modified_time":"2024-09-16T14:22:50+00:00","og_image":[{"width":1920,"height":1280,"url":"https:\/\/www.athenaroyal-cbh.com\/app\/uploads\/sites\/32\/2020\/06\/4-athena-beach-hotel-pool-sea-view_resized.jpg","type":"image\/jpeg"}],"twitter_card":"summary_large_image","twitter_misc":{"Dur\u00e9e de lecture estim\u00e9e":"4 minutes"},"schema":{"@context":"https:\/\/schema.org","@graph":[{"@type":"WebPage","@id":"https:\/\/www.athenaroyal-cbh.com\/fr\/news\/constantinou-bros-announces-the-reopening-of-all-hotels\/","url":"https:\/\/www.athenaroyal-cbh.com\/fr\/news\/constantinou-bros-announces-the-reopening-of-all-hotels\/","name":"Constantinou Bros annonce la r\u00e9ouverture de tous ses h\u00f4tels - \u0391thena Royal Beach Hotel","isPartOf":{"@id":"https:\/\/www.athenaroyal-cbh.com\/fr\/#website"},"primaryImageOfPage":{"@id":"https:\/\/www.athenaroyal-cbh.com\/fr\/news\/constantinou-bros-announces-the-reopening-of-all-hotels\/#primaryimage"},"image":{"@id":"https:\/\/www.athenaroyal-cbh.com\/fr\/news\/constantinou-bros-announces-the-reopening-of-all-hotels\/#primaryimage"},"thumbnailUrl":"https:\/\/www.athenaroyal-cbh.com\/app\/uploads\/sites\/32\/2020\/06\/4-athena-beach-hotel-pool-sea-view_resized.jpg","datePublished":"2022-03-30T14:47:24+00:00","dateModified":"2024-09-16T14:22:50+00:00","breadcrumb":{"@id":"https:\/\/www.athenaroyal-cbh.com\/fr\/news\/constantinou-bros-announces-the-reopening-of-all-hotels\/#breadcrumb"},"inLanguage":"fr-FR","potentialAction":[{"@type":"ReadAction","target":["https:\/\/www.athenaroyal-cbh.com\/fr\/news\/constantinou-bros-announces-the-reopening-of-all-hotels\/"]}]},{"@type":"ImageObject","inLanguage":"fr-FR","@id":"https:\/\/www.athenaroyal-cbh.com\/fr\/news\/constantinou-bros-announces-the-reopening-of-all-hotels\/#primaryimage","url":"https:\/\/www.athenaroyal-cbh.com\/app\/uploads\/sites\/32\/2020\/06\/4-athena-beach-hotel-pool-sea-view_resized.jpg","contentUrl":"https:\/\/www.athenaroyal-cbh.com\/app\/uploads\/sites\/32\/2020\/06\/4-athena-beach-hotel-pool-sea-view_resized.jpg","width":1920,"height":1280},{"@type":"BreadcrumbList","@id":"https:\/\/www.athenaroyal-cbh.com\/fr\/news\/constantinou-bros-announces-the-reopening-of-all-hotels\/#breadcrumb","itemListElement":[{"@type":"ListItem","position":1,"name":"Home","item":"https:\/\/www.athenaroyal-cbh.com\/fr\/"},{"@type":"ListItem","position":2,"name":"Des nouvelles","item":"https:\/\/www.athenaroyal-cbh.com\/fr\/news\/"},{"@type":"ListItem","position":3,"name":"Constantinou Bros annonce la r\u00e9ouverture de tous ses h\u00f4tels"}]},{"@type":"WebSite","@id":"https:\/\/www.athenaroyal-cbh.com\/fr\/#website","url":"https:\/\/www.athenaroyal-cbh.com\/fr\/","name":"\u0391thena Royal Beach Hotel","description":"Constantinou Bros Athena Royal Hotel, 4 star hotel in Paphos Cyprus","potentialAction":[{"@type":"SearchAction","target":{"@type":"EntryPoint","urlTemplate":"https:\/\/www.athenaroyal-cbh.com\/fr\/?s={search_term_string}"},"query-input":{"@type":"PropertyValueSpecification","valueRequired":true,"valueName":"search_term_string"}}],"inLanguage":"fr-FR"}]}},"_links":{"self":[{"href":"https:\/\/www.athenaroyal-cbh.com\/fr\/wp-json\/wp\/v2\/pages\/9084","targetHints":{"allow":["GET"]}}],"collection":[{"href":"https:\/\/www.athenaroyal-cbh.com\/fr\/wp-json\/wp\/v2\/pages"}],"about":[{"href":"https:\/\/www.athenaroyal-cbh.com\/fr\/wp-json\/wp\/v2\/types\/page"}],"author":[{"embeddable":true,"href":"https:\/\/www.athenaroyal-cbh.com\/fr\/wp-json\/wp\/v2\/users\/1"}],"replies":[{"embeddable":true,"href":"https:\/\/www.athenaroyal-cbh.com\/fr\/wp-json\/wp\/v2\/comments?post=9084"}],"version-history":[{"count":2,"href":"https:\/\/www.athenaroyal-cbh.com\/fr\/wp-json\/wp\/v2\/pages\/9084\/revisions"}],"predecessor-version":[{"id":26062,"href":"https:\/\/www.athenaroyal-cbh.com\/fr\/wp-json\/wp\/v2\/pages\/9084\/revisions\/26062"}],"up":[{"embeddable":true,"href":"https:\/\/www.athenaroyal-cbh.com\/fr\/wp-json\/wp\/v2\/pages\/9062"}],"wp:featuredmedia":[{"embeddable":true,"href":"https:\/\/www.athenaroyal-cbh.com\/fr\/wp-json\/wp\/v2\/media\/8204"}],"wp:attachment":[{"href":"https:\/\/www.athenaroyal-cbh.com\/fr\/wp-json\/wp\/v2\/media?parent=9084"}],"curies":[{"name":"wp","href":"https:\/\/api.w.org\/{rel}","templated":true}]}}