{"id":9082,"date":"2022-03-30T17:47:05","date_gmt":"2022-03-30T14:47:05","guid":{"rendered":"https:\/\/www.athenaroyal-cbh.com\/awards\/"},"modified":"2026-04-23T11:49:38","modified_gmt":"2026-04-23T08:49:38","slug":"awards","status":"publish","type":"page","link":"https:\/\/www.athenaroyal-cbh.com\/fr\/awards\/","title":{"rendered":"Prix"},"content":{"rendered":"<p>Chaque secteur d&rsquo;activit\u00e9 a ses crit\u00e8res, les crit\u00e8res qui permettent de mesurer le succ\u00e8s. L&rsquo;industrie h\u00f4teli\u00e8re utilise un syst\u00e8me de r\u00e9compense bas\u00e9 sur les points accumul\u00e9s par les h\u00f4tels en fonction des questionnaires que les voyagistes demandent \u00e0 leurs clients de remplir \u00e0 la fin de leurs vacances.<\/p>\n<p>L&rsquo;Athena Royal Beach Hotel est fier de son impressionnant palmar\u00e8s depuis son ouverture.<\/p>\n","protected":false},"excerpt":{"rendered":"<p>Chaque secteur d&rsquo;activit\u00e9 a ses crit\u00e8res, les crit\u00e8res qui permettent de mesurer le succ\u00e8s. L&rsquo;industrie h\u00f4teli\u00e8re utilise un syst\u00e8me de r\u00e9compense bas\u00e9 sur les points accumul\u00e9s par les h\u00f4tels en fonction des questionnaires que les voyagistes demandent \u00e0 leurs clients de remplir \u00e0 la fin de leurs vacances. L&rsquo;Athena Royal Beach Hotel est fier de<\/p>\n","protected":false},"author":1,"featured_media":8420,"parent":0,"menu_order":0,"comment_status":"closed","ping_status":"closed","template":"page-templates\/accordion.php","meta":{"_acf_changed":false,"footnotes":""},"class_list":["post-9082","page","type-page","status-publish","has-post-thumbnail","hentry"],"acf":[],"yoast_head":"<!-- This site is optimized with the Yoast SEO plugin v27.5 - https:\/\/yoast.com\/product\/yoast-seo-wordpress\/ -->\n<title>Liste des prix d\u00e9cern\u00e9s \u00e0 l&#039;h\u00f4tel Athena Royal Beach || Athena Royal Hotel<\/title>\n<meta name=\"description\" content=\"Vous trouverez ici une liste de tous les prix, accolades, distinctions et certifications de l&#039;h\u00f4tel Athena Royal Beach de 2005 \u00e0 aujourd&#039;hui.\" \/>\n<meta name=\"robots\" content=\"index, follow, max-snippet:-1, max-image-preview:large, max-video-preview:-1\" \/>\n<link rel=\"canonical\" href=\"https:\/\/www.athenaroyal-cbh.com\/fr\/awards\/\" \/>\n<meta property=\"og:locale\" content=\"fr_FR\" \/>\n<meta property=\"og:type\" content=\"article\" \/>\n<meta property=\"og:title\" content=\"Liste des prix d\u00e9cern\u00e9s \u00e0 l&#039;h\u00f4tel Athena Royal Beach || Athena Royal Hotel\" \/>\n<meta property=\"og:description\" content=\"Vous trouverez ici une liste de tous les prix, accolades, distinctions et certifications de l&#039;h\u00f4tel Athena Royal Beach de 2005 \u00e0 aujourd&#039;hui.\" \/>\n<meta property=\"og:url\" content=\"https:\/\/www.athenaroyal-cbh.com\/fr\/awards\/\" \/>\n<meta property=\"og:site_name\" content=\"\u0391thena Royal Beach Hotel\" \/>\n<meta property=\"article:modified_time\" content=\"2026-04-23T08:49:38+00:00\" \/>\n<meta property=\"og:image\" content=\"https:\/\/www.athenaroyal-cbh.com\/app\/uploads\/sites\/32\/2019\/05\/athena-royal-beach-hotel-exterior-view_resized-1.jpg\" \/>\n\t<meta property=\"og:image:width\" content=\"1920\" \/>\n\t<meta property=\"og:image:height\" content=\"1277\" \/>\n\t<meta property=\"og:image:type\" content=\"image\/jpeg\" \/>\n<meta name=\"twitter:card\" content=\"summary_large_image\" \/>\n<meta name=\"twitter:label1\" content=\"Dur\u00e9e de lecture estim\u00e9e\" \/>\n\t<meta name=\"twitter:data1\" content=\"1 minute\" \/>\n<script type=\"application\/ld+json\" class=\"yoast-schema-graph\">{\"@context\":\"https:\\\/\\\/schema.org\",\"@graph\":[{\"@type\":\"WebPage\",\"@id\":\"https:\\\/\\\/www.athenaroyal-cbh.com\\\/fr\\\/awards\\\/\",\"url\":\"https:\\\/\\\/www.athenaroyal-cbh.com\\\/fr\\\/awards\\\/\",\"name\":\"Liste des prix d\u00e9cern\u00e9s \u00e0 l'h\u00f4tel Athena Royal Beach || Athena Royal Hotel\",\"isPartOf\":{\"@id\":\"https:\\\/\\\/www.athenaroyal-cbh.com\\\/fr\\\/#website\"},\"primaryImageOfPage\":{\"@id\":\"https:\\\/\\\/www.athenaroyal-cbh.com\\\/fr\\\/awards\\\/#primaryimage\"},\"image\":{\"@id\":\"https:\\\/\\\/www.athenaroyal-cbh.com\\\/fr\\\/awards\\\/#primaryimage\"},\"thumbnailUrl\":\"https:\\\/\\\/www.athenaroyal-cbh.com\\\/app\\\/uploads\\\/sites\\\/32\\\/2019\\\/05\\\/athena-royal-beach-hotel-exterior-view_resized-1.jpg\",\"datePublished\":\"2022-03-30T14:47:05+00:00\",\"dateModified\":\"2026-04-23T08:49:38+00:00\",\"description\":\"Vous trouverez ici une liste de tous les prix, accolades, distinctions et certifications de l'h\u00f4tel Athena Royal Beach de 2005 \u00e0 aujourd'hui.\",\"breadcrumb\":{\"@id\":\"https:\\\/\\\/www.athenaroyal-cbh.com\\\/fr\\\/awards\\\/#breadcrumb\"},\"inLanguage\":\"fr-FR\",\"potentialAction\":[{\"@type\":\"ReadAction\",\"target\":[\"https:\\\/\\\/www.athenaroyal-cbh.com\\\/fr\\\/awards\\\/\"]}]},{\"@type\":\"ImageObject\",\"inLanguage\":\"fr-FR\",\"@id\":\"https:\\\/\\\/www.athenaroyal-cbh.com\\\/fr\\\/awards\\\/#primaryimage\",\"url\":\"https:\\\/\\\/www.athenaroyal-cbh.com\\\/app\\\/uploads\\\/sites\\\/32\\\/2019\\\/05\\\/athena-royal-beach-hotel-exterior-view_resized-1.jpg\",\"contentUrl\":\"https:\\\/\\\/www.athenaroyal-cbh.com\\\/app\\\/uploads\\\/sites\\\/32\\\/2019\\\/05\\\/athena-royal-beach-hotel-exterior-view_resized-1.jpg\",\"width\":1920,\"height\":1277,\"caption\":\"Bienvenue \u00e0 l'Athena Royal Beach Hotel\"},{\"@type\":\"BreadcrumbList\",\"@id\":\"https:\\\/\\\/www.athenaroyal-cbh.com\\\/fr\\\/awards\\\/#breadcrumb\",\"itemListElement\":[{\"@type\":\"ListItem\",\"position\":1,\"name\":\"Home\",\"item\":\"https:\\\/\\\/www.athenaroyal-cbh.com\\\/fr\\\/\"},{\"@type\":\"ListItem\",\"position\":2,\"name\":\"Prix\"}]},{\"@type\":\"WebSite\",\"@id\":\"https:\\\/\\\/www.athenaroyal-cbh.com\\\/fr\\\/#website\",\"url\":\"https:\\\/\\\/www.athenaroyal-cbh.com\\\/fr\\\/\",\"name\":\"\u0391thena Royal Beach Hotel\",\"description\":\"Constantinou Bros Athena Royal Hotel, 4 star hotel in Paphos Cyprus\",\"potentialAction\":[{\"@type\":\"SearchAction\",\"target\":{\"@type\":\"EntryPoint\",\"urlTemplate\":\"https:\\\/\\\/www.athenaroyal-cbh.com\\\/fr\\\/?s={search_term_string}\"},\"query-input\":{\"@type\":\"PropertyValueSpecification\",\"valueRequired\":true,\"valueName\":\"search_term_string\"}}],\"inLanguage\":\"fr-FR\"}]}<\/script>\n<!-- \/ Yoast SEO plugin. -->","yoast_head_json":{"title":"Liste des prix d\u00e9cern\u00e9s \u00e0 l'h\u00f4tel Athena Royal Beach || Athena Royal Hotel","description":"Vous trouverez ici une liste de tous les prix, accolades, distinctions et certifications de l'h\u00f4tel Athena Royal Beach de 2005 \u00e0 aujourd'hui.","robots":{"index":"index","follow":"follow","max-snippet":"max-snippet:-1","max-image-preview":"max-image-preview:large","max-video-preview":"max-video-preview:-1"},"canonical":"https:\/\/www.athenaroyal-cbh.com\/fr\/awards\/","og_locale":"fr_FR","og_type":"article","og_title":"Liste des prix d\u00e9cern\u00e9s \u00e0 l'h\u00f4tel Athena Royal Beach || Athena Royal Hotel","og_description":"Vous trouverez ici une liste de tous les prix, accolades, distinctions et certifications de l'h\u00f4tel Athena Royal Beach de 2005 \u00e0 aujourd'hui.","og_url":"https:\/\/www.athenaroyal-cbh.com\/fr\/awards\/","og_site_name":"\u0391thena Royal Beach Hotel","article_modified_time":"2026-04-23T08:49:38+00:00","og_image":[{"width":1920,"height":1277,"url":"https:\/\/www.athenaroyal-cbh.com\/app\/uploads\/sites\/32\/2019\/05\/athena-royal-beach-hotel-exterior-view_resized-1.jpg","type":"image\/jpeg"}],"twitter_card":"summary_large_image","twitter_misc":{"Dur\u00e9e de lecture estim\u00e9e":"1 minute"},"schema":{"@context":"https:\/\/schema.org","@graph":[{"@type":"WebPage","@id":"https:\/\/www.athenaroyal-cbh.com\/fr\/awards\/","url":"https:\/\/www.athenaroyal-cbh.com\/fr\/awards\/","name":"Liste des prix d\u00e9cern\u00e9s \u00e0 l'h\u00f4tel Athena Royal Beach || Athena Royal Hotel","isPartOf":{"@id":"https:\/\/www.athenaroyal-cbh.com\/fr\/#website"},"primaryImageOfPage":{"@id":"https:\/\/www.athenaroyal-cbh.com\/fr\/awards\/#primaryimage"},"image":{"@id":"https:\/\/www.athenaroyal-cbh.com\/fr\/awards\/#primaryimage"},"thumbnailUrl":"https:\/\/www.athenaroyal-cbh.com\/app\/uploads\/sites\/32\/2019\/05\/athena-royal-beach-hotel-exterior-view_resized-1.jpg","datePublished":"2022-03-30T14:47:05+00:00","dateModified":"2026-04-23T08:49:38+00:00","description":"Vous trouverez ici une liste de tous les prix, accolades, distinctions et certifications de l'h\u00f4tel Athena Royal Beach de 2005 \u00e0 aujourd'hui.","breadcrumb":{"@id":"https:\/\/www.athenaroyal-cbh.com\/fr\/awards\/#breadcrumb"},"inLanguage":"fr-FR","potentialAction":[{"@type":"ReadAction","target":["https:\/\/www.athenaroyal-cbh.com\/fr\/awards\/"]}]},{"@type":"ImageObject","inLanguage":"fr-FR","@id":"https:\/\/www.athenaroyal-cbh.com\/fr\/awards\/#primaryimage","url":"https:\/\/www.athenaroyal-cbh.com\/app\/uploads\/sites\/32\/2019\/05\/athena-royal-beach-hotel-exterior-view_resized-1.jpg","contentUrl":"https:\/\/www.athenaroyal-cbh.com\/app\/uploads\/sites\/32\/2019\/05\/athena-royal-beach-hotel-exterior-view_resized-1.jpg","width":1920,"height":1277,"caption":"Bienvenue \u00e0 l'Athena Royal Beach Hotel"},{"@type":"BreadcrumbList","@id":"https:\/\/www.athenaroyal-cbh.com\/fr\/awards\/#breadcrumb","itemListElement":[{"@type":"ListItem","position":1,"name":"Home","item":"https:\/\/www.athenaroyal-cbh.com\/fr\/"},{"@type":"ListItem","position":2,"name":"Prix"}]},{"@type":"WebSite","@id":"https:\/\/www.athenaroyal-cbh.com\/fr\/#website","url":"https:\/\/www.athenaroyal-cbh.com\/fr\/","name":"\u0391thena Royal Beach Hotel","description":"Constantinou Bros Athena Royal Hotel, 4 star hotel in Paphos Cyprus","potentialAction":[{"@type":"SearchAction","target":{"@type":"EntryPoint","urlTemplate":"https:\/\/www.athenaroyal-cbh.com\/fr\/?s={search_term_string}"},"query-input":{"@type":"PropertyValueSpecification","valueRequired":true,"valueName":"search_term_string"}}],"inLanguage":"fr-FR"}]}},"_links":{"self":[{"href":"https:\/\/www.athenaroyal-cbh.com\/fr\/wp-json\/wp\/v2\/pages\/9082","targetHints":{"allow":["GET"]}}],"collection":[{"href":"https:\/\/www.athenaroyal-cbh.com\/fr\/wp-json\/wp\/v2\/pages"}],"about":[{"href":"https:\/\/www.athenaroyal-cbh.com\/fr\/wp-json\/wp\/v2\/types\/page"}],"author":[{"embeddable":true,"href":"https:\/\/www.athenaroyal-cbh.com\/fr\/wp-json\/wp\/v2\/users\/1"}],"replies":[{"embeddable":true,"href":"https:\/\/www.athenaroyal-cbh.com\/fr\/wp-json\/wp\/v2\/comments?post=9082"}],"version-history":[{"count":17,"href":"https:\/\/www.athenaroyal-cbh.com\/fr\/wp-json\/wp\/v2\/pages\/9082\/revisions"}],"predecessor-version":[{"id":27490,"href":"https:\/\/www.athenaroyal-cbh.com\/fr\/wp-json\/wp\/v2\/pages\/9082\/revisions\/27490"}],"wp:featuredmedia":[{"embeddable":true,"href":"https:\/\/www.athenaroyal-cbh.com\/fr\/wp-json\/wp\/v2\/media\/8420"}],"wp:attachment":[{"href":"https:\/\/www.athenaroyal-cbh.com\/fr\/wp-json\/wp\/v2\/media?parent=9082"}],"curies":[{"name":"wp","href":"https:\/\/api.w.org\/{rel}","templated":true}]}}