{"id":9081,"date":"2022-03-30T17:47:04","date_gmt":"2022-03-30T14:47:04","guid":{"rendered":"https:\/\/www.athenaroyal-cbh.com\/elite-class\/"},"modified":"2026-04-03T15:51:26","modified_gmt":"2026-04-03T12:51:26","slug":"elite-class","status":"publish","type":"page","link":"https:\/\/www.athenaroyal-cbh.com\/fr\/elite-class\/","title":{"rendered":"Privil\u00e8ges de la classe Elite"},"content":{"rendered":"<p style=\"text-align: center;\"><img loading=\"lazy\" decoding=\"async\" class=\"alignnone wp-image-2644 size-full\" src=\"https:\/\/www.athenaroyal-cbh.com\/app\/uploads\/sites\/32\/2019\/11\/elite-class-logo.png\" alt=\"\" width=\"304\" height=\"137\" \/><\/p>\n<p>&nbsp;<\/p>\n<h2>Un monde de privil\u00e8ges<\/h2>\n<p>D\u00e9couvrez une classe de service in\u00e9gal\u00e9e, une exp\u00e9rience 5 \u00e9toiles qui s&rsquo;offre \u00e0 vous lorsque vous r\u00e9servez un h\u00e9bergement dans les cat\u00e9gories Sup\u00e9rieure, Sup\u00e9rieure Deluxe et Suite. Avec un enregistrement exclusif, des options de restauration d\u00e9di\u00e9es et de nombreux \u00e9quipements suppl\u00e9mentaires, la classe Elite offre un s\u00e9jour incomparable pour d\u00e9passer vos attentes.<\/p>\n<h3>Avantages suppl\u00e9mentaires<\/h3>\n<p>Les clients qui r\u00e9servent une chambre sup\u00e9rieure, une chambre de luxe sup\u00e9rieure ou une suite b\u00e9n\u00e9ficient des avantages exclusifs suivants\u00a0:<\/p>\n<ul>\n<li>Chambres les mieux situ\u00e9es<\/li>\n<li>Enregistrement VIP exclusif avec boisson de bienvenue et serviettes froides<\/li>\n<li>D\u00e9part tardif gratuit jusqu&rsquo;\u00e0 18h00 (sous r\u00e9serve de disponibilit\u00e9)<\/li>\n<li>Salle de petit-d\u00e9jeuner exclusive d\u00e9di\u00e9e jusqu&rsquo;\u00e0 11h00<\/li>\n<li>Turn Down Service<\/li>\n<li>Cabane priv\u00e9e avec chaises longues (sur certains types de chambres)<\/li>\n<li>Menu fixe au restaurant A la Carte pour votre repas du soir &#8211; si votre base d&rsquo;h\u00e9bergement inclut le d\u00eener (sous r\u00e9serve de disponibilit\u00e9)<\/li>\n<li>Forfait Premium surclass\u00e9 (Ultra all inclusive) comprenant un choix illimit\u00e9 de repas au restaurant \u00e0 la carte (r\u00e9servations requises et soumises \u00e0 disponibilit\u00e9) et un mini-bar approvisionn\u00e9 \u00e0 l&rsquo;arriv\u00e9e avec r\u00e9approvisionnement quotidien en caf\u00e9\/th\u00e9\/espresso et en boissons non alcoolis\u00e9es. Une bouteille d&rsquo;eau est fournie chaque apr\u00e8s-midi dans la chambre et une bouteille de champagne est offerte la veille du d\u00e9part.<\/li>\n<li>10\u00a0% de r\u00e9duction sur certains parcours de golf (\u00e0 condition que la r\u00e9servation ait \u00e9t\u00e9 effectu\u00e9e par notre interm\u00e9diaire)<\/li>\n<li>L&rsquo;utilisation gratuite des installations de Green Bowls (sous r\u00e9serve de disponibilit\u00e9 et de r\u00e9servations pr\u00e9alables) est disponible pour les clients individuels qui ne font pas partie d&rsquo;un groupe organis\u00e9 avec un programme pr\u00e9\u00e9tabli.<\/li>\n<\/ul>\n","protected":false},"excerpt":{"rendered":"<p>&nbsp; Un monde de privil\u00e8ges D\u00e9couvrez une classe de service in\u00e9gal\u00e9e, une exp\u00e9rience 5 \u00e9toiles qui s&rsquo;offre \u00e0 vous lorsque vous r\u00e9servez un h\u00e9bergement dans les cat\u00e9gories Sup\u00e9rieure, Sup\u00e9rieure Deluxe et Suite. Avec un enregistrement exclusif, des options de restauration d\u00e9di\u00e9es et de nombreux \u00e9quipements suppl\u00e9mentaires, la classe Elite offre un s\u00e9jour incomparable pour d\u00e9passer<\/p>\n","protected":false},"author":1,"featured_media":8428,"parent":0,"menu_order":0,"comment_status":"closed","ping_status":"closed","template":"","meta":{"_acf_changed":false,"footnotes":""},"class_list":["post-9081","page","type-page","status-publish","has-post-thumbnail","hentry"],"acf":[],"yoast_head":"<!-- This site is optimized with the Yoast SEO plugin v27.4 - https:\/\/yoast.com\/product\/yoast-seo-wordpress\/ -->\n<title>Go premium : h\u00f4tel tout compris \u00e0 Paphos || Athena Royal Hotel<\/title>\n<meta name=\"description\" content=\"Profitez de l&#039;offre Premium \u00e0 l&#039;Athena Royal by Constantinou Bros Hotels et b\u00e9n\u00e9ficiez de tous les avantages illimit\u00e9s de notre h\u00f4tel tout compris \u00e0 Paphos.\" \/>\n<meta name=\"robots\" content=\"index, follow, max-snippet:-1, max-image-preview:large, max-video-preview:-1\" \/>\n<link rel=\"canonical\" href=\"https:\/\/www.athenaroyal-cbh.com\/fr\/elite-class\/\" \/>\n<meta property=\"og:locale\" content=\"fr_FR\" \/>\n<meta property=\"og:type\" content=\"article\" \/>\n<meta property=\"og:title\" content=\"Go premium : h\u00f4tel tout compris \u00e0 Paphos || Athena Royal Hotel\" \/>\n<meta property=\"og:description\" content=\"Profitez de l&#039;offre Premium \u00e0 l&#039;Athena Royal by Constantinou Bros Hotels et b\u00e9n\u00e9ficiez de tous les avantages illimit\u00e9s de notre h\u00f4tel tout compris \u00e0 Paphos.\" \/>\n<meta property=\"og:url\" content=\"https:\/\/www.athenaroyal-cbh.com\/fr\/elite-class\/\" \/>\n<meta property=\"og:site_name\" content=\"\u0391thena Royal Beach Hotel\" \/>\n<meta property=\"article:modified_time\" content=\"2026-04-03T12:51:26+00:00\" \/>\n<meta property=\"og:image\" content=\"https:\/\/www.athenaroyal-cbh.com\/app\/uploads\/sites\/32\/2019\/05\/4-athena-royal-beach-hotel-pool-and-sea-view_resized.jpg\" \/>\n\t<meta property=\"og:image:width\" content=\"1920\" \/>\n\t<meta property=\"og:image:height\" content=\"1181\" \/>\n\t<meta property=\"og:image:type\" content=\"image\/jpeg\" \/>\n<meta name=\"twitter:card\" content=\"summary_large_image\" \/>\n<meta name=\"twitter:label1\" content=\"Dur\u00e9e de lecture estim\u00e9e\" \/>\n\t<meta name=\"twitter:data1\" content=\"2 minutes\" \/>\n<script type=\"application\/ld+json\" class=\"yoast-schema-graph\">{\"@context\":\"https:\\\/\\\/schema.org\",\"@graph\":[{\"@type\":\"WebPage\",\"@id\":\"https:\\\/\\\/www.athenaroyal-cbh.com\\\/fr\\\/elite-class\\\/\",\"url\":\"https:\\\/\\\/www.athenaroyal-cbh.com\\\/fr\\\/elite-class\\\/\",\"name\":\"Go premium : h\u00f4tel tout compris \u00e0 Paphos || Athena Royal Hotel\",\"isPartOf\":{\"@id\":\"https:\\\/\\\/www.athenaroyal-cbh.com\\\/fr\\\/#website\"},\"primaryImageOfPage\":{\"@id\":\"https:\\\/\\\/www.athenaroyal-cbh.com\\\/fr\\\/elite-class\\\/#primaryimage\"},\"image\":{\"@id\":\"https:\\\/\\\/www.athenaroyal-cbh.com\\\/fr\\\/elite-class\\\/#primaryimage\"},\"thumbnailUrl\":\"https:\\\/\\\/www.athenaroyal-cbh.com\\\/app\\\/uploads\\\/sites\\\/32\\\/2019\\\/05\\\/4-athena-royal-beach-hotel-pool-and-sea-view_resized.jpg\",\"datePublished\":\"2022-03-30T14:47:04+00:00\",\"dateModified\":\"2026-04-03T12:51:26+00:00\",\"description\":\"Profitez de l'offre Premium \u00e0 l'Athena Royal by Constantinou Bros Hotels et b\u00e9n\u00e9ficiez de tous les avantages illimit\u00e9s de notre h\u00f4tel tout compris \u00e0 Paphos.\",\"breadcrumb\":{\"@id\":\"https:\\\/\\\/www.athenaroyal-cbh.com\\\/fr\\\/elite-class\\\/#breadcrumb\"},\"inLanguage\":\"fr-FR\",\"potentialAction\":[{\"@type\":\"ReadAction\",\"target\":[\"https:\\\/\\\/www.athenaroyal-cbh.com\\\/fr\\\/elite-class\\\/\"]}]},{\"@type\":\"ImageObject\",\"inLanguage\":\"fr-FR\",\"@id\":\"https:\\\/\\\/www.athenaroyal-cbh.com\\\/fr\\\/elite-class\\\/#primaryimage\",\"url\":\"https:\\\/\\\/www.athenaroyal-cbh.com\\\/app\\\/uploads\\\/sites\\\/32\\\/2019\\\/05\\\/4-athena-royal-beach-hotel-pool-and-sea-view_resized.jpg\",\"contentUrl\":\"https:\\\/\\\/www.athenaroyal-cbh.com\\\/app\\\/uploads\\\/sites\\\/32\\\/2019\\\/05\\\/4-athena-royal-beach-hotel-pool-and-sea-view_resized.jpg\",\"width\":1920,\"height\":1181,\"caption\":\"Un lieu unique\"},{\"@type\":\"BreadcrumbList\",\"@id\":\"https:\\\/\\\/www.athenaroyal-cbh.com\\\/fr\\\/elite-class\\\/#breadcrumb\",\"itemListElement\":[{\"@type\":\"ListItem\",\"position\":1,\"name\":\"Home\",\"item\":\"https:\\\/\\\/www.athenaroyal-cbh.com\\\/fr\\\/\"},{\"@type\":\"ListItem\",\"position\":2,\"name\":\"Privil\u00e8ges de la classe Elite\"}]},{\"@type\":\"WebSite\",\"@id\":\"https:\\\/\\\/www.athenaroyal-cbh.com\\\/fr\\\/#website\",\"url\":\"https:\\\/\\\/www.athenaroyal-cbh.com\\\/fr\\\/\",\"name\":\"\u0391thena Royal Beach Hotel\",\"description\":\"Constantinou Bros Athena Royal Hotel, 4 star hotel in Paphos Cyprus\",\"potentialAction\":[{\"@type\":\"SearchAction\",\"target\":{\"@type\":\"EntryPoint\",\"urlTemplate\":\"https:\\\/\\\/www.athenaroyal-cbh.com\\\/fr\\\/?s={search_term_string}\"},\"query-input\":{\"@type\":\"PropertyValueSpecification\",\"valueRequired\":true,\"valueName\":\"search_term_string\"}}],\"inLanguage\":\"fr-FR\"}]}<\/script>\n<!-- \/ Yoast SEO plugin. -->","yoast_head_json":{"title":"Go premium : h\u00f4tel tout compris \u00e0 Paphos || Athena Royal Hotel","description":"Profitez de l'offre Premium \u00e0 l'Athena Royal by Constantinou Bros Hotels et b\u00e9n\u00e9ficiez de tous les avantages illimit\u00e9s de notre h\u00f4tel tout compris \u00e0 Paphos.","robots":{"index":"index","follow":"follow","max-snippet":"max-snippet:-1","max-image-preview":"max-image-preview:large","max-video-preview":"max-video-preview:-1"},"canonical":"https:\/\/www.athenaroyal-cbh.com\/fr\/elite-class\/","og_locale":"fr_FR","og_type":"article","og_title":"Go premium : h\u00f4tel tout compris \u00e0 Paphos || Athena Royal Hotel","og_description":"Profitez de l'offre Premium \u00e0 l'Athena Royal by Constantinou Bros Hotels et b\u00e9n\u00e9ficiez de tous les avantages illimit\u00e9s de notre h\u00f4tel tout compris \u00e0 Paphos.","og_url":"https:\/\/www.athenaroyal-cbh.com\/fr\/elite-class\/","og_site_name":"\u0391thena Royal Beach Hotel","article_modified_time":"2026-04-03T12:51:26+00:00","og_image":[{"width":1920,"height":1181,"url":"https:\/\/www.athenaroyal-cbh.com\/app\/uploads\/sites\/32\/2019\/05\/4-athena-royal-beach-hotel-pool-and-sea-view_resized.jpg","type":"image\/jpeg"}],"twitter_card":"summary_large_image","twitter_misc":{"Dur\u00e9e de lecture estim\u00e9e":"2 minutes"},"schema":{"@context":"https:\/\/schema.org","@graph":[{"@type":"WebPage","@id":"https:\/\/www.athenaroyal-cbh.com\/fr\/elite-class\/","url":"https:\/\/www.athenaroyal-cbh.com\/fr\/elite-class\/","name":"Go premium : h\u00f4tel tout compris \u00e0 Paphos || Athena Royal Hotel","isPartOf":{"@id":"https:\/\/www.athenaroyal-cbh.com\/fr\/#website"},"primaryImageOfPage":{"@id":"https:\/\/www.athenaroyal-cbh.com\/fr\/elite-class\/#primaryimage"},"image":{"@id":"https:\/\/www.athenaroyal-cbh.com\/fr\/elite-class\/#primaryimage"},"thumbnailUrl":"https:\/\/www.athenaroyal-cbh.com\/app\/uploads\/sites\/32\/2019\/05\/4-athena-royal-beach-hotel-pool-and-sea-view_resized.jpg","datePublished":"2022-03-30T14:47:04+00:00","dateModified":"2026-04-03T12:51:26+00:00","description":"Profitez de l'offre Premium \u00e0 l'Athena Royal by Constantinou Bros Hotels et b\u00e9n\u00e9ficiez de tous les avantages illimit\u00e9s de notre h\u00f4tel tout compris \u00e0 Paphos.","breadcrumb":{"@id":"https:\/\/www.athenaroyal-cbh.com\/fr\/elite-class\/#breadcrumb"},"inLanguage":"fr-FR","potentialAction":[{"@type":"ReadAction","target":["https:\/\/www.athenaroyal-cbh.com\/fr\/elite-class\/"]}]},{"@type":"ImageObject","inLanguage":"fr-FR","@id":"https:\/\/www.athenaroyal-cbh.com\/fr\/elite-class\/#primaryimage","url":"https:\/\/www.athenaroyal-cbh.com\/app\/uploads\/sites\/32\/2019\/05\/4-athena-royal-beach-hotel-pool-and-sea-view_resized.jpg","contentUrl":"https:\/\/www.athenaroyal-cbh.com\/app\/uploads\/sites\/32\/2019\/05\/4-athena-royal-beach-hotel-pool-and-sea-view_resized.jpg","width":1920,"height":1181,"caption":"Un lieu unique"},{"@type":"BreadcrumbList","@id":"https:\/\/www.athenaroyal-cbh.com\/fr\/elite-class\/#breadcrumb","itemListElement":[{"@type":"ListItem","position":1,"name":"Home","item":"https:\/\/www.athenaroyal-cbh.com\/fr\/"},{"@type":"ListItem","position":2,"name":"Privil\u00e8ges de la classe Elite"}]},{"@type":"WebSite","@id":"https:\/\/www.athenaroyal-cbh.com\/fr\/#website","url":"https:\/\/www.athenaroyal-cbh.com\/fr\/","name":"\u0391thena Royal Beach Hotel","description":"Constantinou Bros Athena Royal Hotel, 4 star hotel in Paphos Cyprus","potentialAction":[{"@type":"SearchAction","target":{"@type":"EntryPoint","urlTemplate":"https:\/\/www.athenaroyal-cbh.com\/fr\/?s={search_term_string}"},"query-input":{"@type":"PropertyValueSpecification","valueRequired":true,"valueName":"search_term_string"}}],"inLanguage":"fr-FR"}]}},"_links":{"self":[{"href":"https:\/\/www.athenaroyal-cbh.com\/fr\/wp-json\/wp\/v2\/pages\/9081","targetHints":{"allow":["GET"]}}],"collection":[{"href":"https:\/\/www.athenaroyal-cbh.com\/fr\/wp-json\/wp\/v2\/pages"}],"about":[{"href":"https:\/\/www.athenaroyal-cbh.com\/fr\/wp-json\/wp\/v2\/types\/page"}],"author":[{"embeddable":true,"href":"https:\/\/www.athenaroyal-cbh.com\/fr\/wp-json\/wp\/v2\/users\/1"}],"replies":[{"embeddable":true,"href":"https:\/\/www.athenaroyal-cbh.com\/fr\/wp-json\/wp\/v2\/comments?post=9081"}],"version-history":[{"count":8,"href":"https:\/\/www.athenaroyal-cbh.com\/fr\/wp-json\/wp\/v2\/pages\/9081\/revisions"}],"predecessor-version":[{"id":27458,"href":"https:\/\/www.athenaroyal-cbh.com\/fr\/wp-json\/wp\/v2\/pages\/9081\/revisions\/27458"}],"wp:featuredmedia":[{"embeddable":true,"href":"https:\/\/www.athenaroyal-cbh.com\/fr\/wp-json\/wp\/v2\/media\/8428"}],"wp:attachment":[{"href":"https:\/\/www.athenaroyal-cbh.com\/fr\/wp-json\/wp\/v2\/media?parent=9081"}],"curies":[{"name":"wp","href":"https:\/\/api.w.org\/{rel}","templated":true}]}}