{"id":9079,"date":"2022-03-30T17:47:00","date_gmt":"2022-03-30T14:47:00","guid":{"rendered":"https:\/\/www.athenaroyal-cbh.com\/user-agreement\/"},"modified":"2024-09-16T17:22:21","modified_gmt":"2024-09-16T14:22:21","slug":"user-agreement","status":"publish","type":"page","link":"https:\/\/www.athenaroyal-cbh.com\/fr\/user-agreement\/","title":{"rendered":"Accord de l&rsquo;utilisateur"},"content":{"rendered":"<p>Copyright \u00a9Constantinou Bros Hotels Ltd 2019. Tous les droits sont r\u00e9serv\u00e9s<\/p>\n<h4>Termes et conditions d&rsquo;utilisation des sites Web des h\u00f4tels Constantinou Bros\u00a0:<\/h4>\n<p><a href=\"https:\/\/www.cbh-cyprus.com\" target=\"_blank\" rel=\"noopener noreferrer\">https:\/\/www.cbh-cyprus.com &#8211; CONSTANTINOU BROS HOTELS PUBLIC CO. LTD &#8211; HE 38303 \u2013 THEAS APHRODITES AVENUE 8101, PAPHOS<\/a><br \/>\n<a href=\"https:\/\/www.athena-cbh.com\" target=\"_blank\" rel=\"noopener noreferrer\">https:\/\/www.athena-cbh.com &#8211; ATHENA BEACH HOTEL = CONSTANTINOU BROS HOTELS PUBLIC CO. LTD &#8211; HE 38303 \u2013 THEAS APHRODITES AVENUE 8101, PAPHOS<\/a><br \/>\n<a href=\"https:\/\/www.athenaroyal-cbh.com\" target=\"_blank\" rel=\"noopener noreferrer\">https:\/\/www.athenaroyal-cbh.com &#8211; ATHENA ROYA BEACH HOTEL = LAYSTER INVESTMENTS PLC &#8211; HE 106396 &#8211; THEAS APHRODITES AVENUE 8101, PAPHOS<\/a><a href=\"https:\/\/www.pioneer-cbh.com\" target=\"_blank\" rel=\"noopener noreferrer\">https:\/\/www.pioneer-cbh.com &#8211; PIONEER BEACH HOTEL = KINGS HEAD DEVELOPMENT PLC &#8211; HE 11041 &#8211; THEAS APHRODITES AVENUE 8101, PAPHOS<\/a><a href=\"https:\/\/www.asimina-cbh.com\" target=\"_blank\" rel=\"noopener noreferrer\">https:\/\/www.asimina-cbh.com &#8211; ASIMINA SUITES HOTEL = PAPHOS STONE C. ESTATES PLC &#8211; HE 10098 &#8211; THEAS APHRODITES AVENUE 8101, PAPHOS<\/a><br \/>\n<a href=\"https:\/\/www.cbh-loyaltyclub.com\" target=\"_blank\" rel=\"noopener noreferrer\">https:\/\/www.cbh-loyaltyclub.com &#8211; CONSTANTINOU BROS HOTELS PUBLIC CO. LTD &#8211; HE 38303 \u2013 THEAS APHRODITES AVENUE 8101, PAPHOS<\/a> Les utilisateurs ont acc\u00e8s aux informations et au mat\u00e9riel sur nos sites Web pour un usage personnel uniquement. Vous n&rsquo;\u00eates pas autoris\u00e9 \u00e0 modifier, copier ou distribuer de quelque mani\u00e8re que ce soit les documents de Constantinou Bros Hotels et leur contenu, y compris le texte et les graphiques, sans l&rsquo;autorisation expresse de Constantinou Bros Hotels. <strong>Clause de non-responsabilit\u00e9<\/strong> Constantinou Bros Hotels s&rsquo;efforce d&rsquo;assurer l&rsquo;exactitude des informations contenues dans ses sites Web. Cependant, Constantinou Bros Hotels ne donne aucune garantie, expresse ou implicite, quant \u00e0 leur pr\u00e9cision, exactitude et exhaustivit\u00e9. Constantinou Bros Hotels n&rsquo;est pas responsable du contenu des sites Web externes li\u00e9s \u00e0 ses sites par un lien hypertexte. La mention de produits ou de services de tiers n&rsquo;est faite qu&rsquo;\u00e0 titre d&rsquo;information et ne constitue ni une approbation ni une recommandation. <strong>Droits d&rsquo;auteur<\/strong> Tout le contenu des sites Web de Constantinou Bros Hotels, comme les textes, les graphiques, les logos, les ic\u00f4nes, les images, les t\u00e9l\u00e9chargements num\u00e9riques, les compilations de donn\u00e9es et les logiciels, est la propri\u00e9t\u00e9 de Constantinou Bros Hotels, de ses conc\u00e9dants de licence ou de ses fournisseurs de contenu et est prot\u00e9g\u00e9 par les lois chypriotes et internationales en mati\u00e8re de droits d&rsquo;auteur. La compilation de tout le contenu de ces sites Web est la propri\u00e9t\u00e9 exclusive de Constantinou Bros Hotels et est prot\u00e9g\u00e9e par les lois chypriotes et internationales sur le droit d&rsquo;auteur. Tous les logiciels utilis\u00e9s sur ces sites Web sont la propri\u00e9t\u00e9 de Constantinou Bros Hotels ou de ses fournisseurs de logiciels et sont prot\u00e9g\u00e9s par les lois chypriotes et internationales sur les droits d&rsquo;auteur. <strong>Marques commerciales<\/strong> Les marques commerciales et toutes les autres marques qui apparaissent en relation avec les services et les produits d\u00e9crits sur ces sites Web appartiennent \u00e0 Constantinou Bros Hotels ou aux propri\u00e9taires respectifs de ces marques et sont prot\u00e9g\u00e9es par les lois chypriotes et internationales sur les marques commerciales.<br \/>\nL&rsquo;utilisation de l&rsquo;une de ces marques sans le consentement \u00e9crit de Constantinou Bros Hotels ou du propri\u00e9taire de la marque, selon le cas, est strictement interdite. <strong>Communications<\/strong> En ce qui concerne toutes les communications faites \u00e0 Constantinou Bros Hotels, y compris, mais sans s&rsquo;y limiter, les r\u00e9actions, les questions, les commentaires et les suggestions (\u00ab\u00a0communications\u00a0\u00bb) : (a) aucun droit de confidentialit\u00e9 ne s&rsquo;appliquera aux Communications et Constantinou Bros Hotels n&rsquo;aura aucune obligation de prot\u00e9ger les Communications de toute divulgation\u00a0; (b) Constantinou Bros Hotels sera libre de reproduire, utiliser, divulguer et distribuer les Communications \u00e0 des tiers\u00a0; et (c) Constantinou Bros Hotels sera libre d&rsquo;utiliser les id\u00e9es, concepts, savoir-faire ou techniques contenus dans les Communications \u00e0 quelque fin que ce soit, y compris, sans s&rsquo;y limiter, le d\u00e9veloppement, la production et la commercialisation de produits et services qui incorporent ces informations. Veuillez utiliser Internet E-Mail uniquement pour nous envoyer des notes non confidentielles. N&rsquo;incluez pas d&rsquo;informations personnelles ou priv\u00e9es confidentielles. Pour votre protection, nos r\u00e9ponses ne contiendront aucune information confidentielle. Veuillez ne pas utiliser Internet E-Mail pour nous envoyer des instructions de transaction. Les clients qui choisissent d&rsquo;envoyer aux h\u00f4tels Constantinou Bros des messages \u00e9lectroniques contenant des informations confidentielles, priv\u00e9es ou personnelles le font \u00e0 leurs propres risques. <strong>Communications marketing &#8211; e-NEWSLETTERS<\/strong> Nous pouvons parfois vous envoyer des informations sur nos produits et services, y compris des nouvelles sur nos h\u00f4tels, ou vous inviter \u00e0 des \u00e9v\u00e9nements par courrier \u00e9lectronique (e-newsletters).<br \/>\nVous pouvez \u00e0 tout moment d\u00e9cider de ne plus recevoir ce bulletin d&rsquo;information \u00e9lectronique en nous envoyant un courrier \u00e9lectronique \u00e0 l&rsquo;adresse <a href=\"mailto:newsletter@cbh-cyprus.com\">newsletter@cbh-cyprus.com<\/a>, en indiquant \u00ab\u00a0UNSUBSCRIBE\u00a0\u00bb dans l&rsquo;objet du message. <strong>Si vous avez des questions, veuillez nous contacter \u00e0 l&rsquo;<\/strong><strong>adresse suivante : Adresse : <\/strong> Theas Afroditis Ave.<br \/>\nP.O.Box 60182 CY 8101, Paphos, Cyprus Tel : <a href=\"tel:0035726965866\">00357 26 965866<\/a> Fax : 00357 26 964867 E-mail : <a href=\"mailto:info@cbh-cyprus.com\">info@cbh-cyprus.com<\/a> Cet accord d&rsquo;utilisation a \u00e9t\u00e9 modifi\u00e9 pour la derni\u00e8re fois le 25 octobre 2019 <strong>\u00a9CONSTANTINOU BROS HOTELS LTD 2019<\/strong><\/p>\n","protected":false},"excerpt":{"rendered":"<p>Copyright \u00a9Constantinou Bros Hotels Ltd 2019. Tous les droits sont r\u00e9serv\u00e9s Termes et conditions d&rsquo;utilisation des sites Web des h\u00f4tels Constantinou Bros\u00a0: https:\/\/www.cbh-cyprus.com &#8211; CONSTANTINOU BROS HOTELS PUBLIC CO. LTD &#8211; HE 38303 \u2013 THEAS APHRODITES AVENUE 8101, PAPHOS https:\/\/www.athena-cbh.com &#8211; ATHENA BEACH HOTEL = CONSTANTINOU BROS HOTELS PUBLIC CO. LTD &#8211; HE 38303 \u2013<\/p>\n","protected":false},"author":1,"featured_media":8424,"parent":0,"menu_order":0,"comment_status":"closed","ping_status":"closed","template":"","meta":{"_acf_changed":false,"footnotes":""},"class_list":["post-9079","page","type-page","status-publish","has-post-thumbnail","hentry"],"acf":[],"yoast_head":"<!-- This site is optimized with the Yoast SEO plugin v27.5 - https:\/\/yoast.com\/product\/yoast-seo-wordpress\/ -->\n<title>Accord de l&#039;utilisateur - \u0391thena Royal Beach Hotel<\/title>\n<meta name=\"description\" content=\"Vous trouverez ici l&#039;accord d&#039;utilisation mis en \u0153uvre \u00e0 l&#039;Athena Royal Beach de Paphos par Constantinou Bros.\" \/>\n<meta name=\"robots\" content=\"index, follow, max-snippet:-1, max-image-preview:large, max-video-preview:-1\" \/>\n<link rel=\"canonical\" href=\"https:\/\/www.athenaroyal-cbh.com\/fr\/user-agreement\/\" \/>\n<meta property=\"og:locale\" content=\"fr_FR\" \/>\n<meta property=\"og:type\" content=\"article\" \/>\n<meta property=\"og:title\" content=\"Accord de l&#039;utilisateur - \u0391thena Royal Beach Hotel\" \/>\n<meta property=\"og:description\" content=\"Vous trouverez ici l&#039;accord d&#039;utilisation mis en \u0153uvre \u00e0 l&#039;Athena Royal Beach de Paphos par Constantinou Bros.\" \/>\n<meta property=\"og:url\" content=\"https:\/\/www.athenaroyal-cbh.com\/fr\/user-agreement\/\" \/>\n<meta property=\"og:site_name\" content=\"\u0391thena Royal Beach Hotel\" \/>\n<meta property=\"article:modified_time\" content=\"2024-09-16T14:22:21+00:00\" \/>\n<meta property=\"og:image\" content=\"https:\/\/www.athenaroyal-cbh.com\/app\/uploads\/sites\/32\/2019\/05\/2-athena-royal-beach-hotel_resized.jpg\" \/>\n\t<meta property=\"og:image:width\" content=\"1920\" \/>\n\t<meta property=\"og:image:height\" content=\"1280\" \/>\n\t<meta property=\"og:image:type\" content=\"image\/jpeg\" \/>\n<meta name=\"twitter:card\" content=\"summary_large_image\" \/>\n<meta name=\"twitter:label1\" content=\"Dur\u00e9e de lecture estim\u00e9e\" \/>\n\t<meta name=\"twitter:data1\" content=\"4 minutes\" \/>\n<script type=\"application\/ld+json\" class=\"yoast-schema-graph\">{\"@context\":\"https:\\\/\\\/schema.org\",\"@graph\":[{\"@type\":\"WebPage\",\"@id\":\"https:\\\/\\\/www.athenaroyal-cbh.com\\\/fr\\\/user-agreement\\\/\",\"url\":\"https:\\\/\\\/www.athenaroyal-cbh.com\\\/fr\\\/user-agreement\\\/\",\"name\":\"Accord de l'utilisateur - \u0391thena Royal Beach Hotel\",\"isPartOf\":{\"@id\":\"https:\\\/\\\/www.athenaroyal-cbh.com\\\/fr\\\/#website\"},\"primaryImageOfPage\":{\"@id\":\"https:\\\/\\\/www.athenaroyal-cbh.com\\\/fr\\\/user-agreement\\\/#primaryimage\"},\"image\":{\"@id\":\"https:\\\/\\\/www.athenaroyal-cbh.com\\\/fr\\\/user-agreement\\\/#primaryimage\"},\"thumbnailUrl\":\"https:\\\/\\\/www.athenaroyal-cbh.com\\\/app\\\/uploads\\\/sites\\\/32\\\/2019\\\/05\\\/2-athena-royal-beach-hotel_resized.jpg\",\"datePublished\":\"2022-03-30T14:47:00+00:00\",\"dateModified\":\"2024-09-16T14:22:21+00:00\",\"description\":\"Vous trouverez ici l'accord d'utilisation mis en \u0153uvre \u00e0 l'Athena Royal Beach de Paphos par Constantinou Bros.\",\"breadcrumb\":{\"@id\":\"https:\\\/\\\/www.athenaroyal-cbh.com\\\/fr\\\/user-agreement\\\/#breadcrumb\"},\"inLanguage\":\"fr-FR\",\"potentialAction\":[{\"@type\":\"ReadAction\",\"target\":[\"https:\\\/\\\/www.athenaroyal-cbh.com\\\/fr\\\/user-agreement\\\/\"]}]},{\"@type\":\"ImageObject\",\"inLanguage\":\"fr-FR\",\"@id\":\"https:\\\/\\\/www.athenaroyal-cbh.com\\\/fr\\\/user-agreement\\\/#primaryimage\",\"url\":\"https:\\\/\\\/www.athenaroyal-cbh.com\\\/app\\\/uploads\\\/sites\\\/32\\\/2019\\\/05\\\/2-athena-royal-beach-hotel_resized.jpg\",\"contentUrl\":\"https:\\\/\\\/www.athenaroyal-cbh.com\\\/app\\\/uploads\\\/sites\\\/32\\\/2019\\\/05\\\/2-athena-royal-beach-hotel_resized.jpg\",\"width\":1920,\"height\":1280,\"caption\":\"Welcome to Athena Royal Beach Hotel\"},{\"@type\":\"BreadcrumbList\",\"@id\":\"https:\\\/\\\/www.athenaroyal-cbh.com\\\/fr\\\/user-agreement\\\/#breadcrumb\",\"itemListElement\":[{\"@type\":\"ListItem\",\"position\":1,\"name\":\"Home\",\"item\":\"https:\\\/\\\/www.athenaroyal-cbh.com\\\/fr\\\/\"},{\"@type\":\"ListItem\",\"position\":2,\"name\":\"Accord de l&rsquo;utilisateur\"}]},{\"@type\":\"WebSite\",\"@id\":\"https:\\\/\\\/www.athenaroyal-cbh.com\\\/fr\\\/#website\",\"url\":\"https:\\\/\\\/www.athenaroyal-cbh.com\\\/fr\\\/\",\"name\":\"\u0391thena Royal Beach Hotel\",\"description\":\"Constantinou Bros Athena Royal Hotel, 4 star hotel in Paphos Cyprus\",\"potentialAction\":[{\"@type\":\"SearchAction\",\"target\":{\"@type\":\"EntryPoint\",\"urlTemplate\":\"https:\\\/\\\/www.athenaroyal-cbh.com\\\/fr\\\/?s={search_term_string}\"},\"query-input\":{\"@type\":\"PropertyValueSpecification\",\"valueRequired\":true,\"valueName\":\"search_term_string\"}}],\"inLanguage\":\"fr-FR\"}]}<\/script>\n<!-- \/ Yoast SEO plugin. -->","yoast_head_json":{"title":"Accord de l'utilisateur - \u0391thena Royal Beach Hotel","description":"Vous trouverez ici l'accord d'utilisation mis en \u0153uvre \u00e0 l'Athena Royal Beach de Paphos par Constantinou Bros.","robots":{"index":"index","follow":"follow","max-snippet":"max-snippet:-1","max-image-preview":"max-image-preview:large","max-video-preview":"max-video-preview:-1"},"canonical":"https:\/\/www.athenaroyal-cbh.com\/fr\/user-agreement\/","og_locale":"fr_FR","og_type":"article","og_title":"Accord de l'utilisateur - \u0391thena Royal Beach Hotel","og_description":"Vous trouverez ici l'accord d'utilisation mis en \u0153uvre \u00e0 l'Athena Royal Beach de Paphos par Constantinou Bros.","og_url":"https:\/\/www.athenaroyal-cbh.com\/fr\/user-agreement\/","og_site_name":"\u0391thena Royal Beach Hotel","article_modified_time":"2024-09-16T14:22:21+00:00","og_image":[{"width":1920,"height":1280,"url":"https:\/\/www.athenaroyal-cbh.com\/app\/uploads\/sites\/32\/2019\/05\/2-athena-royal-beach-hotel_resized.jpg","type":"image\/jpeg"}],"twitter_card":"summary_large_image","twitter_misc":{"Dur\u00e9e de lecture estim\u00e9e":"4 minutes"},"schema":{"@context":"https:\/\/schema.org","@graph":[{"@type":"WebPage","@id":"https:\/\/www.athenaroyal-cbh.com\/fr\/user-agreement\/","url":"https:\/\/www.athenaroyal-cbh.com\/fr\/user-agreement\/","name":"Accord de l'utilisateur - \u0391thena Royal Beach Hotel","isPartOf":{"@id":"https:\/\/www.athenaroyal-cbh.com\/fr\/#website"},"primaryImageOfPage":{"@id":"https:\/\/www.athenaroyal-cbh.com\/fr\/user-agreement\/#primaryimage"},"image":{"@id":"https:\/\/www.athenaroyal-cbh.com\/fr\/user-agreement\/#primaryimage"},"thumbnailUrl":"https:\/\/www.athenaroyal-cbh.com\/app\/uploads\/sites\/32\/2019\/05\/2-athena-royal-beach-hotel_resized.jpg","datePublished":"2022-03-30T14:47:00+00:00","dateModified":"2024-09-16T14:22:21+00:00","description":"Vous trouverez ici l'accord d'utilisation mis en \u0153uvre \u00e0 l'Athena Royal Beach de Paphos par Constantinou Bros.","breadcrumb":{"@id":"https:\/\/www.athenaroyal-cbh.com\/fr\/user-agreement\/#breadcrumb"},"inLanguage":"fr-FR","potentialAction":[{"@type":"ReadAction","target":["https:\/\/www.athenaroyal-cbh.com\/fr\/user-agreement\/"]}]},{"@type":"ImageObject","inLanguage":"fr-FR","@id":"https:\/\/www.athenaroyal-cbh.com\/fr\/user-agreement\/#primaryimage","url":"https:\/\/www.athenaroyal-cbh.com\/app\/uploads\/sites\/32\/2019\/05\/2-athena-royal-beach-hotel_resized.jpg","contentUrl":"https:\/\/www.athenaroyal-cbh.com\/app\/uploads\/sites\/32\/2019\/05\/2-athena-royal-beach-hotel_resized.jpg","width":1920,"height":1280,"caption":"Welcome to Athena Royal Beach Hotel"},{"@type":"BreadcrumbList","@id":"https:\/\/www.athenaroyal-cbh.com\/fr\/user-agreement\/#breadcrumb","itemListElement":[{"@type":"ListItem","position":1,"name":"Home","item":"https:\/\/www.athenaroyal-cbh.com\/fr\/"},{"@type":"ListItem","position":2,"name":"Accord de l&rsquo;utilisateur"}]},{"@type":"WebSite","@id":"https:\/\/www.athenaroyal-cbh.com\/fr\/#website","url":"https:\/\/www.athenaroyal-cbh.com\/fr\/","name":"\u0391thena Royal Beach Hotel","description":"Constantinou Bros Athena Royal Hotel, 4 star hotel in Paphos Cyprus","potentialAction":[{"@type":"SearchAction","target":{"@type":"EntryPoint","urlTemplate":"https:\/\/www.athenaroyal-cbh.com\/fr\/?s={search_term_string}"},"query-input":{"@type":"PropertyValueSpecification","valueRequired":true,"valueName":"search_term_string"}}],"inLanguage":"fr-FR"}]}},"_links":{"self":[{"href":"https:\/\/www.athenaroyal-cbh.com\/fr\/wp-json\/wp\/v2\/pages\/9079","targetHints":{"allow":["GET"]}}],"collection":[{"href":"https:\/\/www.athenaroyal-cbh.com\/fr\/wp-json\/wp\/v2\/pages"}],"about":[{"href":"https:\/\/www.athenaroyal-cbh.com\/fr\/wp-json\/wp\/v2\/types\/page"}],"author":[{"embeddable":true,"href":"https:\/\/www.athenaroyal-cbh.com\/fr\/wp-json\/wp\/v2\/users\/1"}],"replies":[{"embeddable":true,"href":"https:\/\/www.athenaroyal-cbh.com\/fr\/wp-json\/wp\/v2\/comments?post=9079"}],"version-history":[{"count":4,"href":"https:\/\/www.athenaroyal-cbh.com\/fr\/wp-json\/wp\/v2\/pages\/9079\/revisions"}],"predecessor-version":[{"id":26061,"href":"https:\/\/www.athenaroyal-cbh.com\/fr\/wp-json\/wp\/v2\/pages\/9079\/revisions\/26061"}],"wp:featuredmedia":[{"embeddable":true,"href":"https:\/\/www.athenaroyal-cbh.com\/fr\/wp-json\/wp\/v2\/media\/8424"}],"wp:attachment":[{"href":"https:\/\/www.athenaroyal-cbh.com\/fr\/wp-json\/wp\/v2\/media?parent=9079"}],"curies":[{"name":"wp","href":"https:\/\/api.w.org\/{rel}","templated":true}]}}