{"id":9075,"date":"2022-03-30T17:46:59","date_gmt":"2022-03-30T14:46:59","guid":{"rendered":"https:\/\/www.athenaroyal-cbh.com\/the-hotel\/leisure-facilities\/"},"modified":"2024-09-16T17:23:28","modified_gmt":"2024-09-16T14:23:28","slug":"installations-hotelieres","status":"publish","type":"page","link":"https:\/\/www.athenaroyal-cbh.com\/fr\/the-hotel\/installations-hotelieres\/","title":{"rendered":"Am\u00e9nagements h\u00f4teliers"},"content":{"rendered":"<p>L&rsquo;h\u00f4tel propose un \u00e9ventail d&rsquo;activit\u00e9s pour le plaisir de tous. D\u00e9couvrez une grande vari\u00e9t\u00e9 d&rsquo;activit\u00e9s en journ\u00e9e et en soir\u00e9e \u00e0 certains moments de l&rsquo;ann\u00e9e, de la gym du matin \u00e0 l&rsquo;aquagym, des cours de danse, des spectacles en soir\u00e9e et des soir\u00e9es musicales issues de la riche tradition de l&rsquo;\u00eele.<\/p>\n<h3>Installations sportives et de loisirs<\/h3>\n<ul>\n<li>3 piscines ext\u00e9rieures d&rsquo;eau douce de forme libre<\/li>\n<li>1 piscine int\u00e9rieure chauff\u00e9e (Nov-Avril)<\/li>\n<li>3 jacuzzis ext\u00e9rieurs et 1 int\u00e9rieur<\/li>\n<li>1 court de tennis \u00e9clair\u00e9<\/li>\n<li>Jeu de palet<\/li>\n<li>Tennis de table<\/li>\n<li>Billard<\/li>\n<li>Local \u00e0 v\u00e9los spacieux\/salle \u00e0 v\u00e9los (partag\u00e9e entre un h\u00f4tel partenaire\/capacit\u00e9 de 140 v\u00e9los)<\/li>\n<li>18 patinoires vertes ext\u00e9rieures (3 verts peuvent \u00eatre utilis\u00e9s pour les Crown Bowls)<\/li>\n<li>6 patinoires green bowling indoor<\/li>\n<li>8 patinoires ext\u00e9rieures ou int\u00e9rieures avec tapis courts<\/li>\n<li>P\u00e9tanque<\/li>\n<li>Salle de cartes<\/li>\n<li>Salle de lecture<\/li>\n<li>Local de stockage pour clubs de golf<\/li>\n<li>Wi-Fi haut d\u00e9bit gratuit (gratuit)<\/li>\n<li>Connexion au coin Internet (gratuit)<\/li>\n<li>Coordonnatrice r\u00e9sidente des boules (oct.-avr.)<\/li>\n<li>Leaders de danse r\u00e9sidents (novembre-avril)<\/li>\n<\/ul>\n","protected":false},"excerpt":{"rendered":"<p>L&rsquo;h\u00f4tel propose un \u00e9ventail d&rsquo;activit\u00e9s pour le plaisir de tous. D\u00e9couvrez une grande vari\u00e9t\u00e9 d&rsquo;activit\u00e9s en journ\u00e9e et en soir\u00e9e \u00e0 certains moments de l&rsquo;ann\u00e9e, de la gym du matin \u00e0 l&rsquo;aquagym, des cours de danse, des spectacles en soir\u00e9e et des soir\u00e9es musicales issues de la riche tradition de l&rsquo;\u00eele. Installations sportives et de<\/p>\n","protected":false},"author":2,"featured_media":8185,"parent":9067,"menu_order":0,"comment_status":"closed","ping_status":"closed","template":"","meta":{"_acf_changed":false,"footnotes":""},"class_list":["post-9075","page","type-page","status-publish","has-post-thumbnail","hentry"],"acf":[],"yoast_head":"<!-- This site is optimized with the Yoast SEO plugin v27.5 - https:\/\/yoast.com\/product\/yoast-seo-wordpress\/ -->\n<title>Am\u00e9nagements h\u00f4teliers - \u0391thena Royal Beach Hotel<\/title>\n<meta name=\"description\" content=\"Vous trouverez ici toutes les informations concernant les installations de l&#039;h\u00f4tel Athena Royal Beach \u00e0 Paphos par Constantinou Bros.\" \/>\n<meta name=\"robots\" content=\"index, follow, max-snippet:-1, max-image-preview:large, max-video-preview:-1\" \/>\n<link rel=\"canonical\" href=\"https:\/\/www.athenaroyal-cbh.com\/fr\/the-hotel\/installations-hotelieres\/\" \/>\n<meta property=\"og:locale\" content=\"fr_FR\" \/>\n<meta property=\"og:type\" content=\"article\" \/>\n<meta property=\"og:title\" content=\"Am\u00e9nagements h\u00f4teliers - \u0391thena Royal Beach Hotel\" \/>\n<meta property=\"og:description\" content=\"Vous trouverez ici toutes les informations concernant les installations de l&#039;h\u00f4tel Athena Royal Beach \u00e0 Paphos par Constantinou Bros.\" \/>\n<meta property=\"og:url\" content=\"https:\/\/www.athenaroyal-cbh.com\/fr\/the-hotel\/installations-hotelieres\/\" \/>\n<meta property=\"og:site_name\" content=\"\u0391thena Royal Beach Hotel\" \/>\n<meta property=\"article:modified_time\" content=\"2024-09-16T14:23:28+00:00\" \/>\n<meta property=\"og:image\" content=\"https:\/\/www.athenaroyal-cbh.com\/app\/uploads\/sites\/32\/2020\/01\/9-ATHENA-ROYAL-BEACH-HOTEL-CABANAS-scaled.jpg\" \/>\n\t<meta property=\"og:image:width\" content=\"2560\" \/>\n\t<meta property=\"og:image:height\" content=\"1547\" \/>\n\t<meta property=\"og:image:type\" content=\"image\/jpeg\" \/>\n<meta name=\"twitter:card\" content=\"summary_large_image\" \/>\n<meta name=\"twitter:label1\" content=\"Dur\u00e9e de lecture estim\u00e9e\" \/>\n\t<meta name=\"twitter:data1\" content=\"1 minute\" \/>\n<script type=\"application\/ld+json\" class=\"yoast-schema-graph\">{\"@context\":\"https:\\\/\\\/schema.org\",\"@graph\":[{\"@type\":\"WebPage\",\"@id\":\"https:\\\/\\\/www.athenaroyal-cbh.com\\\/fr\\\/the-hotel\\\/installations-hotelieres\\\/\",\"url\":\"https:\\\/\\\/www.athenaroyal-cbh.com\\\/fr\\\/the-hotel\\\/installations-hotelieres\\\/\",\"name\":\"Am\u00e9nagements h\u00f4teliers - \u0391thena Royal Beach Hotel\",\"isPartOf\":{\"@id\":\"https:\\\/\\\/www.athenaroyal-cbh.com\\\/fr\\\/#website\"},\"primaryImageOfPage\":{\"@id\":\"https:\\\/\\\/www.athenaroyal-cbh.com\\\/fr\\\/the-hotel\\\/installations-hotelieres\\\/#primaryimage\"},\"image\":{\"@id\":\"https:\\\/\\\/www.athenaroyal-cbh.com\\\/fr\\\/the-hotel\\\/installations-hotelieres\\\/#primaryimage\"},\"thumbnailUrl\":\"https:\\\/\\\/www.athenaroyal-cbh.com\\\/app\\\/uploads\\\/sites\\\/32\\\/2020\\\/01\\\/9-ATHENA-ROYAL-BEACH-HOTEL-CABANAS-scaled.jpg\",\"datePublished\":\"2022-03-30T14:46:59+00:00\",\"dateModified\":\"2024-09-16T14:23:28+00:00\",\"description\":\"Vous trouverez ici toutes les informations concernant les installations de l'h\u00f4tel Athena Royal Beach \u00e0 Paphos par Constantinou Bros.\",\"breadcrumb\":{\"@id\":\"https:\\\/\\\/www.athenaroyal-cbh.com\\\/fr\\\/the-hotel\\\/installations-hotelieres\\\/#breadcrumb\"},\"inLanguage\":\"fr-FR\",\"potentialAction\":[{\"@type\":\"ReadAction\",\"target\":[\"https:\\\/\\\/www.athenaroyal-cbh.com\\\/fr\\\/the-hotel\\\/installations-hotelieres\\\/\"]}]},{\"@type\":\"ImageObject\",\"inLanguage\":\"fr-FR\",\"@id\":\"https:\\\/\\\/www.athenaroyal-cbh.com\\\/fr\\\/the-hotel\\\/installations-hotelieres\\\/#primaryimage\",\"url\":\"https:\\\/\\\/www.athenaroyal-cbh.com\\\/app\\\/uploads\\\/sites\\\/32\\\/2020\\\/01\\\/9-ATHENA-ROYAL-BEACH-HOTEL-CABANAS-scaled.jpg\",\"contentUrl\":\"https:\\\/\\\/www.athenaroyal-cbh.com\\\/app\\\/uploads\\\/sites\\\/32\\\/2020\\\/01\\\/9-ATHENA-ROYAL-BEACH-HOTEL-CABANAS-scaled.jpg\",\"width\":2560,\"height\":1547},{\"@type\":\"BreadcrumbList\",\"@id\":\"https:\\\/\\\/www.athenaroyal-cbh.com\\\/fr\\\/the-hotel\\\/installations-hotelieres\\\/#breadcrumb\",\"itemListElement\":[{\"@type\":\"ListItem\",\"position\":1,\"name\":\"Home\",\"item\":\"https:\\\/\\\/www.athenaroyal-cbh.com\\\/fr\\\/\"},{\"@type\":\"ListItem\",\"position\":2,\"name\":\"L&#8217;h\u00f4tel\",\"item\":\"https:\\\/\\\/www.athenaroyal-cbh.com\\\/fr\\\/the-hotel\\\/\"},{\"@type\":\"ListItem\",\"position\":3,\"name\":\"Am\u00e9nagements h\u00f4teliers\"}]},{\"@type\":\"WebSite\",\"@id\":\"https:\\\/\\\/www.athenaroyal-cbh.com\\\/fr\\\/#website\",\"url\":\"https:\\\/\\\/www.athenaroyal-cbh.com\\\/fr\\\/\",\"name\":\"\u0391thena Royal Beach Hotel\",\"description\":\"Constantinou Bros Athena Royal Hotel, 4 star hotel in Paphos Cyprus\",\"potentialAction\":[{\"@type\":\"SearchAction\",\"target\":{\"@type\":\"EntryPoint\",\"urlTemplate\":\"https:\\\/\\\/www.athenaroyal-cbh.com\\\/fr\\\/?s={search_term_string}\"},\"query-input\":{\"@type\":\"PropertyValueSpecification\",\"valueRequired\":true,\"valueName\":\"search_term_string\"}}],\"inLanguage\":\"fr-FR\"}]}<\/script>\n<!-- \/ Yoast SEO plugin. -->","yoast_head_json":{"title":"Am\u00e9nagements h\u00f4teliers - \u0391thena Royal Beach Hotel","description":"Vous trouverez ici toutes les informations concernant les installations de l'h\u00f4tel Athena Royal Beach \u00e0 Paphos par Constantinou Bros.","robots":{"index":"index","follow":"follow","max-snippet":"max-snippet:-1","max-image-preview":"max-image-preview:large","max-video-preview":"max-video-preview:-1"},"canonical":"https:\/\/www.athenaroyal-cbh.com\/fr\/the-hotel\/installations-hotelieres\/","og_locale":"fr_FR","og_type":"article","og_title":"Am\u00e9nagements h\u00f4teliers - \u0391thena Royal Beach Hotel","og_description":"Vous trouverez ici toutes les informations concernant les installations de l'h\u00f4tel Athena Royal Beach \u00e0 Paphos par Constantinou Bros.","og_url":"https:\/\/www.athenaroyal-cbh.com\/fr\/the-hotel\/installations-hotelieres\/","og_site_name":"\u0391thena Royal Beach Hotel","article_modified_time":"2024-09-16T14:23:28+00:00","og_image":[{"width":2560,"height":1547,"url":"https:\/\/www.athenaroyal-cbh.com\/app\/uploads\/sites\/32\/2020\/01\/9-ATHENA-ROYAL-BEACH-HOTEL-CABANAS-scaled.jpg","type":"image\/jpeg"}],"twitter_card":"summary_large_image","twitter_misc":{"Dur\u00e9e de lecture estim\u00e9e":"1 minute"},"schema":{"@context":"https:\/\/schema.org","@graph":[{"@type":"WebPage","@id":"https:\/\/www.athenaroyal-cbh.com\/fr\/the-hotel\/installations-hotelieres\/","url":"https:\/\/www.athenaroyal-cbh.com\/fr\/the-hotel\/installations-hotelieres\/","name":"Am\u00e9nagements h\u00f4teliers - \u0391thena Royal Beach Hotel","isPartOf":{"@id":"https:\/\/www.athenaroyal-cbh.com\/fr\/#website"},"primaryImageOfPage":{"@id":"https:\/\/www.athenaroyal-cbh.com\/fr\/the-hotel\/installations-hotelieres\/#primaryimage"},"image":{"@id":"https:\/\/www.athenaroyal-cbh.com\/fr\/the-hotel\/installations-hotelieres\/#primaryimage"},"thumbnailUrl":"https:\/\/www.athenaroyal-cbh.com\/app\/uploads\/sites\/32\/2020\/01\/9-ATHENA-ROYAL-BEACH-HOTEL-CABANAS-scaled.jpg","datePublished":"2022-03-30T14:46:59+00:00","dateModified":"2024-09-16T14:23:28+00:00","description":"Vous trouverez ici toutes les informations concernant les installations de l'h\u00f4tel Athena Royal Beach \u00e0 Paphos par Constantinou Bros.","breadcrumb":{"@id":"https:\/\/www.athenaroyal-cbh.com\/fr\/the-hotel\/installations-hotelieres\/#breadcrumb"},"inLanguage":"fr-FR","potentialAction":[{"@type":"ReadAction","target":["https:\/\/www.athenaroyal-cbh.com\/fr\/the-hotel\/installations-hotelieres\/"]}]},{"@type":"ImageObject","inLanguage":"fr-FR","@id":"https:\/\/www.athenaroyal-cbh.com\/fr\/the-hotel\/installations-hotelieres\/#primaryimage","url":"https:\/\/www.athenaroyal-cbh.com\/app\/uploads\/sites\/32\/2020\/01\/9-ATHENA-ROYAL-BEACH-HOTEL-CABANAS-scaled.jpg","contentUrl":"https:\/\/www.athenaroyal-cbh.com\/app\/uploads\/sites\/32\/2020\/01\/9-ATHENA-ROYAL-BEACH-HOTEL-CABANAS-scaled.jpg","width":2560,"height":1547},{"@type":"BreadcrumbList","@id":"https:\/\/www.athenaroyal-cbh.com\/fr\/the-hotel\/installations-hotelieres\/#breadcrumb","itemListElement":[{"@type":"ListItem","position":1,"name":"Home","item":"https:\/\/www.athenaroyal-cbh.com\/fr\/"},{"@type":"ListItem","position":2,"name":"L&#8217;h\u00f4tel","item":"https:\/\/www.athenaroyal-cbh.com\/fr\/the-hotel\/"},{"@type":"ListItem","position":3,"name":"Am\u00e9nagements h\u00f4teliers"}]},{"@type":"WebSite","@id":"https:\/\/www.athenaroyal-cbh.com\/fr\/#website","url":"https:\/\/www.athenaroyal-cbh.com\/fr\/","name":"\u0391thena Royal Beach Hotel","description":"Constantinou Bros Athena Royal Hotel, 4 star hotel in Paphos Cyprus","potentialAction":[{"@type":"SearchAction","target":{"@type":"EntryPoint","urlTemplate":"https:\/\/www.athenaroyal-cbh.com\/fr\/?s={search_term_string}"},"query-input":{"@type":"PropertyValueSpecification","valueRequired":true,"valueName":"search_term_string"}}],"inLanguage":"fr-FR"}]}},"_links":{"self":[{"href":"https:\/\/www.athenaroyal-cbh.com\/fr\/wp-json\/wp\/v2\/pages\/9075","targetHints":{"allow":["GET"]}}],"collection":[{"href":"https:\/\/www.athenaroyal-cbh.com\/fr\/wp-json\/wp\/v2\/pages"}],"about":[{"href":"https:\/\/www.athenaroyal-cbh.com\/fr\/wp-json\/wp\/v2\/types\/page"}],"author":[{"embeddable":true,"href":"https:\/\/www.athenaroyal-cbh.com\/fr\/wp-json\/wp\/v2\/users\/2"}],"replies":[{"embeddable":true,"href":"https:\/\/www.athenaroyal-cbh.com\/fr\/wp-json\/wp\/v2\/comments?post=9075"}],"version-history":[{"count":3,"href":"https:\/\/www.athenaroyal-cbh.com\/fr\/wp-json\/wp\/v2\/pages\/9075\/revisions"}],"predecessor-version":[{"id":26022,"href":"https:\/\/www.athenaroyal-cbh.com\/fr\/wp-json\/wp\/v2\/pages\/9075\/revisions\/26022"}],"up":[{"embeddable":true,"href":"https:\/\/www.athenaroyal-cbh.com\/fr\/wp-json\/wp\/v2\/pages\/9067"}],"wp:featuredmedia":[{"embeddable":true,"href":"https:\/\/www.athenaroyal-cbh.com\/fr\/wp-json\/wp\/v2\/media\/8185"}],"wp:attachment":[{"href":"https:\/\/www.athenaroyal-cbh.com\/fr\/wp-json\/wp\/v2\/media?parent=9075"}],"curies":[{"name":"wp","href":"https:\/\/api.w.org\/{rel}","templated":true}]}}