{"id":9073,"date":"2022-03-30T17:46:55","date_gmt":"2022-03-30T14:46:55","guid":{"rendered":"https:\/\/www.athenaroyal-cbh.com\/the-hotel\/special-features\/"},"modified":"2024-09-16T17:23:32","modified_gmt":"2024-09-16T14:23:32","slug":"special-features","status":"publish","type":"page","link":"https:\/\/www.athenaroyal-cbh.com\/fr\/the-hotel\/special-features\/","title":{"rendered":"Caract\u00e9ristiques sp\u00e9ciales"},"content":{"rendered":"<h3>Caract\u00e9ristiques sp\u00e9ciales<\/h3>\n<ul>\n<li>H\u00f4tel ax\u00e9 sur les adultes (plus de 16 ans)<\/li>\n<li>Interdiction de fumer dans tous les espaces int\u00e9rieurs<\/li>\n<li>Les scooters pour personnes \u00e0 mobilit\u00e9 r\u00e9duite ne sont pas autoris\u00e9s dans les locaux de l&rsquo;h\u00f4tel &#8211; un parking d\u00e9sign\u00e9 est disponible<\/li>\n<li>Les fauteuils roulants \u00e9lectriques ou manuels sont autoris\u00e9s dans les locaux de l&rsquo;h\u00f4tel<\/li>\n<li>Tous les d\u00e9partements de restauration et de boissons sans esp\u00e8ces (frais de chambre ou paiement par carte de cr\u00e9dit uniquement)<\/li>\n<li>Sup\u00e9rette\/boutique de souvenirs<\/li>\n<li>Parking gratuit<\/li>\n<li>Emplacement en bord de mer et jardins somptueux<\/li>\n<li>R\u00e9servations a\u00e9riennes<\/li>\n<li>Service de taxi 24h\/24<\/li>\n<li>m\u00e9decin de garde 24h\/24<\/li>\n<li>\u00c9change de devises<\/li>\n<li>Location de voitures et de v\u00e9los<\/li>\n<li>Blanchisserie et nettoyage \u00e0 sec disponibles<\/li>\n<li>5 salles de conf\u00e9rence<\/li>\n<li>Salle de danse<\/li>\n<li>Petit d\u00e9jeuner tardif<\/li>\n<li>Un choix de 2 restaurants proposant un petit-d\u00e9jeuner buffet enrichi ou un petit-d\u00e9jeuner buffet m\u00e9diterran\u00e9en pour tous les clients servis \u00e0 l&rsquo;int\u00e9rieur et \u00e0 l&rsquo;ext\u00e9rieur<\/li>\n<li>Diverses soir\u00e9es \u00e0 th\u00e8me<\/li>\n<li>Fruits et vin \u00e0 l&rsquo;arriv\u00e9e<\/li>\n<li>Cabane priv\u00e9e avec transats (gratuit pour les chambres sup\u00e9rieures de luxe vue mer, les suites junior vue mer et les suites ex\u00e9cutives \u00e0 une chambre vue mer)<\/li>\n<\/ul>\n<h3>Installations de plage et de piscine<\/h3>\n<ul>\n<li>Serviettes de plage \u2013 gratuites dans la chambre<\/li>\n<li>Douches et cabines \u00e0 langer au bord de la piscine<\/li>\n<li>Parasols et transats \u2013 gratuits<\/li>\n<li>toilettes<\/li>\n<\/ul>\n","protected":false},"excerpt":{"rendered":"<p>Caract\u00e9ristiques sp\u00e9ciales H\u00f4tel ax\u00e9 sur les adultes (plus de 16 ans) Interdiction de fumer dans tous les espaces int\u00e9rieurs Les scooters pour personnes \u00e0 mobilit\u00e9 r\u00e9duite ne sont pas autoris\u00e9s dans les locaux de l&rsquo;h\u00f4tel &#8211; un parking d\u00e9sign\u00e9 est disponible Les fauteuils roulants \u00e9lectriques ou manuels sont autoris\u00e9s dans les locaux de l&rsquo;h\u00f4tel Tous<\/p>\n","protected":false},"author":1,"featured_media":8436,"parent":9067,"menu_order":0,"comment_status":"closed","ping_status":"closed","template":"","meta":{"_acf_changed":false,"footnotes":""},"class_list":["post-9073","page","type-page","status-publish","has-post-thumbnail","hentry"],"acf":[],"yoast_head":"<!-- This site is optimized with the Yoast SEO plugin v27.4 - https:\/\/yoast.com\/product\/yoast-seo-wordpress\/ -->\n<title>Caract\u00e9ristiques sp\u00e9ciales - \u0391thena Royal Beach Hotel<\/title>\n<meta name=\"description\" content=\"Vous trouverez ici toute la gamme des services et des caract\u00e9ristiques sp\u00e9ciales propos\u00e9s \u00e0 l&#039;Athena Royal Beach de Paphos par Constantinou Bros.\" \/>\n<meta name=\"robots\" content=\"index, follow, max-snippet:-1, max-image-preview:large, max-video-preview:-1\" \/>\n<link rel=\"canonical\" href=\"https:\/\/www.athenaroyal-cbh.com\/fr\/the-hotel\/special-features\/\" \/>\n<meta property=\"og:locale\" content=\"fr_FR\" \/>\n<meta property=\"og:type\" content=\"article\" \/>\n<meta property=\"og:title\" content=\"Caract\u00e9ristiques sp\u00e9ciales - \u0391thena Royal Beach Hotel\" \/>\n<meta property=\"og:description\" content=\"Vous trouverez ici toute la gamme des services et des caract\u00e9ristiques sp\u00e9ciales propos\u00e9s \u00e0 l&#039;Athena Royal Beach de Paphos par Constantinou Bros.\" \/>\n<meta property=\"og:url\" content=\"https:\/\/www.athenaroyal-cbh.com\/fr\/the-hotel\/special-features\/\" \/>\n<meta property=\"og:site_name\" content=\"\u0391thena Royal Beach Hotel\" \/>\n<meta property=\"article:modified_time\" content=\"2024-09-16T14:23:32+00:00\" \/>\n<meta property=\"og:image\" content=\"https:\/\/www.athenaroyal-cbh.com\/app\/uploads\/sites\/32\/2019\/05\/34-athena-royal-beach-hotel-standard-room-land-view-ag43500_resized.jpg\" \/>\n\t<meta property=\"og:image:width\" content=\"1920\" \/>\n\t<meta property=\"og:image:height\" content=\"1277\" \/>\n\t<meta property=\"og:image:type\" content=\"image\/jpeg\" \/>\n<meta name=\"twitter:card\" content=\"summary_large_image\" \/>\n<meta name=\"twitter:label1\" content=\"Dur\u00e9e de lecture estim\u00e9e\" \/>\n\t<meta name=\"twitter:data1\" content=\"2 minutes\" \/>\n<script type=\"application\/ld+json\" class=\"yoast-schema-graph\">{\"@context\":\"https:\\\/\\\/schema.org\",\"@graph\":[{\"@type\":\"WebPage\",\"@id\":\"https:\\\/\\\/www.athenaroyal-cbh.com\\\/fr\\\/the-hotel\\\/special-features\\\/\",\"url\":\"https:\\\/\\\/www.athenaroyal-cbh.com\\\/fr\\\/the-hotel\\\/special-features\\\/\",\"name\":\"Caract\u00e9ristiques sp\u00e9ciales - \u0391thena Royal Beach Hotel\",\"isPartOf\":{\"@id\":\"https:\\\/\\\/www.athenaroyal-cbh.com\\\/fr\\\/#website\"},\"primaryImageOfPage\":{\"@id\":\"https:\\\/\\\/www.athenaroyal-cbh.com\\\/fr\\\/the-hotel\\\/special-features\\\/#primaryimage\"},\"image\":{\"@id\":\"https:\\\/\\\/www.athenaroyal-cbh.com\\\/fr\\\/the-hotel\\\/special-features\\\/#primaryimage\"},\"thumbnailUrl\":\"https:\\\/\\\/www.athenaroyal-cbh.com\\\/app\\\/uploads\\\/sites\\\/32\\\/2019\\\/05\\\/34-athena-royal-beach-hotel-standard-room-land-view-ag43500_resized.jpg\",\"datePublished\":\"2022-03-30T14:46:55+00:00\",\"dateModified\":\"2024-09-16T14:23:32+00:00\",\"description\":\"Vous trouverez ici toute la gamme des services et des caract\u00e9ristiques sp\u00e9ciales propos\u00e9s \u00e0 l'Athena Royal Beach de Paphos par Constantinou Bros.\",\"breadcrumb\":{\"@id\":\"https:\\\/\\\/www.athenaroyal-cbh.com\\\/fr\\\/the-hotel\\\/special-features\\\/#breadcrumb\"},\"inLanguage\":\"fr-FR\",\"potentialAction\":[{\"@type\":\"ReadAction\",\"target\":[\"https:\\\/\\\/www.athenaroyal-cbh.com\\\/fr\\\/the-hotel\\\/special-features\\\/\"]}]},{\"@type\":\"ImageObject\",\"inLanguage\":\"fr-FR\",\"@id\":\"https:\\\/\\\/www.athenaroyal-cbh.com\\\/fr\\\/the-hotel\\\/special-features\\\/#primaryimage\",\"url\":\"https:\\\/\\\/www.athenaroyal-cbh.com\\\/app\\\/uploads\\\/sites\\\/32\\\/2019\\\/05\\\/34-athena-royal-beach-hotel-standard-room-land-view-ag43500_resized.jpg\",\"contentUrl\":\"https:\\\/\\\/www.athenaroyal-cbh.com\\\/app\\\/uploads\\\/sites\\\/32\\\/2019\\\/05\\\/34-athena-royal-beach-hotel-standard-room-land-view-ag43500_resized.jpg\",\"width\":1920,\"height\":1277},{\"@type\":\"BreadcrumbList\",\"@id\":\"https:\\\/\\\/www.athenaroyal-cbh.com\\\/fr\\\/the-hotel\\\/special-features\\\/#breadcrumb\",\"itemListElement\":[{\"@type\":\"ListItem\",\"position\":1,\"name\":\"Home\",\"item\":\"https:\\\/\\\/www.athenaroyal-cbh.com\\\/fr\\\/\"},{\"@type\":\"ListItem\",\"position\":2,\"name\":\"L&#8217;h\u00f4tel\",\"item\":\"https:\\\/\\\/www.athenaroyal-cbh.com\\\/fr\\\/the-hotel\\\/\"},{\"@type\":\"ListItem\",\"position\":3,\"name\":\"Caract\u00e9ristiques sp\u00e9ciales\"}]},{\"@type\":\"WebSite\",\"@id\":\"https:\\\/\\\/www.athenaroyal-cbh.com\\\/fr\\\/#website\",\"url\":\"https:\\\/\\\/www.athenaroyal-cbh.com\\\/fr\\\/\",\"name\":\"\u0391thena Royal Beach Hotel\",\"description\":\"Constantinou Bros Athena Royal Hotel, 4 star hotel in Paphos Cyprus\",\"potentialAction\":[{\"@type\":\"SearchAction\",\"target\":{\"@type\":\"EntryPoint\",\"urlTemplate\":\"https:\\\/\\\/www.athenaroyal-cbh.com\\\/fr\\\/?s={search_term_string}\"},\"query-input\":{\"@type\":\"PropertyValueSpecification\",\"valueRequired\":true,\"valueName\":\"search_term_string\"}}],\"inLanguage\":\"fr-FR\"}]}<\/script>\n<!-- \/ Yoast SEO plugin. -->","yoast_head_json":{"title":"Caract\u00e9ristiques sp\u00e9ciales - \u0391thena Royal Beach Hotel","description":"Vous trouverez ici toute la gamme des services et des caract\u00e9ristiques sp\u00e9ciales propos\u00e9s \u00e0 l'Athena Royal Beach de Paphos par Constantinou Bros.","robots":{"index":"index","follow":"follow","max-snippet":"max-snippet:-1","max-image-preview":"max-image-preview:large","max-video-preview":"max-video-preview:-1"},"canonical":"https:\/\/www.athenaroyal-cbh.com\/fr\/the-hotel\/special-features\/","og_locale":"fr_FR","og_type":"article","og_title":"Caract\u00e9ristiques sp\u00e9ciales - \u0391thena Royal Beach Hotel","og_description":"Vous trouverez ici toute la gamme des services et des caract\u00e9ristiques sp\u00e9ciales propos\u00e9s \u00e0 l'Athena Royal Beach de Paphos par Constantinou Bros.","og_url":"https:\/\/www.athenaroyal-cbh.com\/fr\/the-hotel\/special-features\/","og_site_name":"\u0391thena Royal Beach Hotel","article_modified_time":"2024-09-16T14:23:32+00:00","og_image":[{"width":1920,"height":1277,"url":"https:\/\/www.athenaroyal-cbh.com\/app\/uploads\/sites\/32\/2019\/05\/34-athena-royal-beach-hotel-standard-room-land-view-ag43500_resized.jpg","type":"image\/jpeg"}],"twitter_card":"summary_large_image","twitter_misc":{"Dur\u00e9e de lecture estim\u00e9e":"2 minutes"},"schema":{"@context":"https:\/\/schema.org","@graph":[{"@type":"WebPage","@id":"https:\/\/www.athenaroyal-cbh.com\/fr\/the-hotel\/special-features\/","url":"https:\/\/www.athenaroyal-cbh.com\/fr\/the-hotel\/special-features\/","name":"Caract\u00e9ristiques sp\u00e9ciales - \u0391thena Royal Beach Hotel","isPartOf":{"@id":"https:\/\/www.athenaroyal-cbh.com\/fr\/#website"},"primaryImageOfPage":{"@id":"https:\/\/www.athenaroyal-cbh.com\/fr\/the-hotel\/special-features\/#primaryimage"},"image":{"@id":"https:\/\/www.athenaroyal-cbh.com\/fr\/the-hotel\/special-features\/#primaryimage"},"thumbnailUrl":"https:\/\/www.athenaroyal-cbh.com\/app\/uploads\/sites\/32\/2019\/05\/34-athena-royal-beach-hotel-standard-room-land-view-ag43500_resized.jpg","datePublished":"2022-03-30T14:46:55+00:00","dateModified":"2024-09-16T14:23:32+00:00","description":"Vous trouverez ici toute la gamme des services et des caract\u00e9ristiques sp\u00e9ciales propos\u00e9s \u00e0 l'Athena Royal Beach de Paphos par Constantinou Bros.","breadcrumb":{"@id":"https:\/\/www.athenaroyal-cbh.com\/fr\/the-hotel\/special-features\/#breadcrumb"},"inLanguage":"fr-FR","potentialAction":[{"@type":"ReadAction","target":["https:\/\/www.athenaroyal-cbh.com\/fr\/the-hotel\/special-features\/"]}]},{"@type":"ImageObject","inLanguage":"fr-FR","@id":"https:\/\/www.athenaroyal-cbh.com\/fr\/the-hotel\/special-features\/#primaryimage","url":"https:\/\/www.athenaroyal-cbh.com\/app\/uploads\/sites\/32\/2019\/05\/34-athena-royal-beach-hotel-standard-room-land-view-ag43500_resized.jpg","contentUrl":"https:\/\/www.athenaroyal-cbh.com\/app\/uploads\/sites\/32\/2019\/05\/34-athena-royal-beach-hotel-standard-room-land-view-ag43500_resized.jpg","width":1920,"height":1277},{"@type":"BreadcrumbList","@id":"https:\/\/www.athenaroyal-cbh.com\/fr\/the-hotel\/special-features\/#breadcrumb","itemListElement":[{"@type":"ListItem","position":1,"name":"Home","item":"https:\/\/www.athenaroyal-cbh.com\/fr\/"},{"@type":"ListItem","position":2,"name":"L&#8217;h\u00f4tel","item":"https:\/\/www.athenaroyal-cbh.com\/fr\/the-hotel\/"},{"@type":"ListItem","position":3,"name":"Caract\u00e9ristiques sp\u00e9ciales"}]},{"@type":"WebSite","@id":"https:\/\/www.athenaroyal-cbh.com\/fr\/#website","url":"https:\/\/www.athenaroyal-cbh.com\/fr\/","name":"\u0391thena Royal Beach Hotel","description":"Constantinou Bros Athena Royal Hotel, 4 star hotel in Paphos Cyprus","potentialAction":[{"@type":"SearchAction","target":{"@type":"EntryPoint","urlTemplate":"https:\/\/www.athenaroyal-cbh.com\/fr\/?s={search_term_string}"},"query-input":{"@type":"PropertyValueSpecification","valueRequired":true,"valueName":"search_term_string"}}],"inLanguage":"fr-FR"}]}},"_links":{"self":[{"href":"https:\/\/www.athenaroyal-cbh.com\/fr\/wp-json\/wp\/v2\/pages\/9073","targetHints":{"allow":["GET"]}}],"collection":[{"href":"https:\/\/www.athenaroyal-cbh.com\/fr\/wp-json\/wp\/v2\/pages"}],"about":[{"href":"https:\/\/www.athenaroyal-cbh.com\/fr\/wp-json\/wp\/v2\/types\/page"}],"author":[{"embeddable":true,"href":"https:\/\/www.athenaroyal-cbh.com\/fr\/wp-json\/wp\/v2\/users\/1"}],"replies":[{"embeddable":true,"href":"https:\/\/www.athenaroyal-cbh.com\/fr\/wp-json\/wp\/v2\/comments?post=9073"}],"version-history":[{"count":2,"href":"https:\/\/www.athenaroyal-cbh.com\/fr\/wp-json\/wp\/v2\/pages\/9073\/revisions"}],"predecessor-version":[{"id":22788,"href":"https:\/\/www.athenaroyal-cbh.com\/fr\/wp-json\/wp\/v2\/pages\/9073\/revisions\/22788"}],"up":[{"embeddable":true,"href":"https:\/\/www.athenaroyal-cbh.com\/fr\/wp-json\/wp\/v2\/pages\/9067"}],"wp:featuredmedia":[{"embeddable":true,"href":"https:\/\/www.athenaroyal-cbh.com\/fr\/wp-json\/wp\/v2\/media\/8436"}],"wp:attachment":[{"href":"https:\/\/www.athenaroyal-cbh.com\/fr\/wp-json\/wp\/v2\/media?parent=9073"}],"curies":[{"name":"wp","href":"https:\/\/api.w.org\/{rel}","templated":true}]}}