{"id":9072,"date":"2022-03-30T17:46:55","date_gmt":"2022-03-30T14:46:55","guid":{"rendered":"https:\/\/www.athenaroyal-cbh.com\/dining\/dining-options\/"},"modified":"2024-09-16T17:24:29","modified_gmt":"2024-09-16T14:24:29","slug":"dining-options","status":"publish","type":"page","link":"https:\/\/www.athenaroyal-cbh.com\/fr\/dining\/dining-options\/","title":{"rendered":"Options de restauration"},"content":{"rendered":"<h4><\/h4>\n<h4>Options demi-pension \/ pension compl\u00e8te<\/h4>\n<ul>\n<li>Un forfait repas flexible est disponible au minimum 4 jours par semaine pour les clients du Bed &amp; Breakfast.<\/li>\n<li>D\u00e9jeuner : Choix entre le restaurant Olive Tree et le restaurant Oasis.<\/li>\n<li>D\u00eener : Choix entre le restaurant Pygmalion (buffet international), le restaurant Aphrodite (table d&rsquo;h\u00f4te et \u00e0 la carte) ou le restaurant Olive Tree (m\u00e9diterran\u00e9en \u00e0 la carte).<\/li>\n<\/ul>\n<h4><\/h4>\n<p>&nbsp;<\/p>\n<h4 class=\"title\">Service de chambre<\/h4>\n<div class=\"content\">\n<ul>\n<li>Une d\u00e9licieuse s\u00e9lection d&rsquo;aliments et de boissons est propos\u00e9e sur le menu du service d&rsquo;\u00e9tage disponible 24 heures sur 24.<\/li>\n<\/ul>\n<\/div>\n<h4><\/h4>\n<p>&nbsp;<\/p>\n<h4>Paquet Premium (option Ultra All-Inclusive)<\/h4>\n<ul>\n<li>Profitez de notre formule Premium (option Ultra All-Inclusive) pour les chambres classiques, sup\u00e9rieures et les suites.<\/li>\n<li>L&rsquo;option Ultra All Inclusive comprend la pension compl\u00e8te (petit-d\u00e9jeuner, d\u00e9jeuner et d\u00eener) plus des collations, des glaces, de l&rsquo;eau, des boissons alcoolis\u00e9es et non alcoolis\u00e9es, des boissons chaudes et froides tout au long de la journ\u00e9e.<\/li>\n<\/ul>\n<p>Pour en savoir plus sur la formule Premium, veuillez cliquer ici.<\/p>\n<div class=\"content\">\n<p>&nbsp;<\/p>\n<\/div>\n","protected":false},"excerpt":{"rendered":"<p>Options demi-pension \/ pension compl\u00e8te Un forfait repas flexible est disponible au minimum 4 jours par semaine pour les clients du Bed &amp; Breakfast. D\u00e9jeuner : Choix entre le restaurant Olive Tree et le restaurant Oasis. D\u00eener : Choix entre le restaurant Pygmalion (buffet international), le restaurant Aphrodite (table d&rsquo;h\u00f4te et \u00e0 la carte) ou<\/p>\n","protected":false},"author":1,"featured_media":13279,"parent":9065,"menu_order":0,"comment_status":"closed","ping_status":"closed","template":"","meta":{"_acf_changed":false,"footnotes":""},"class_list":["post-9072","page","type-page","status-publish","has-post-thumbnail","hentry"],"acf":[],"yoast_head":"<!-- This site is optimized with the Yoast SEO plugin v27.4 - https:\/\/yoast.com\/product\/yoast-seo-wordpress\/ -->\n<title>Options de restauration de l&#039;h\u00f4tel Athena Royal Beach || Athena Royal Hotel<\/title>\n<meta name=\"description\" content=\"D\u00e9couvrez les trois options de restauration de l&#039;h\u00f4tel Athena Royal Beach, \u00e0 savoir la demi-pension et la pension compl\u00e8te, le service en chambre et la formule tout compris Premium.\" \/>\n<meta name=\"robots\" content=\"index, follow, max-snippet:-1, max-image-preview:large, max-video-preview:-1\" \/>\n<link rel=\"canonical\" href=\"https:\/\/www.athenaroyal-cbh.com\/fr\/dining\/dining-options\/\" \/>\n<meta property=\"og:locale\" content=\"fr_FR\" \/>\n<meta property=\"og:type\" content=\"article\" \/>\n<meta property=\"og:title\" content=\"Options de restauration de l&#039;h\u00f4tel Athena Royal Beach || Athena Royal Hotel\" \/>\n<meta property=\"og:description\" content=\"D\u00e9couvrez les trois options de restauration de l&#039;h\u00f4tel Athena Royal Beach, \u00e0 savoir la demi-pension et la pension compl\u00e8te, le service en chambre et la formule tout compris Premium.\" \/>\n<meta property=\"og:url\" content=\"https:\/\/www.athenaroyal-cbh.com\/fr\/dining\/dining-options\/\" \/>\n<meta property=\"og:site_name\" content=\"\u0391thena Royal Beach Hotel\" \/>\n<meta property=\"article:modified_time\" content=\"2024-09-16T14:24:29+00:00\" \/>\n<meta property=\"og:image\" content=\"https:\/\/www.athenaroyal-cbh.com\/app\/uploads\/sites\/32\/2019\/05\/athena-royal-beach-hotel-pygmalion-restaurnat-flambe_resized.jpg\" \/>\n\t<meta property=\"og:image:width\" content=\"1920\" \/>\n\t<meta property=\"og:image:height\" content=\"1517\" \/>\n\t<meta property=\"og:image:type\" content=\"image\/jpeg\" \/>\n<meta name=\"twitter:card\" content=\"summary_large_image\" \/>\n<meta name=\"twitter:label1\" content=\"Dur\u00e9e de lecture estim\u00e9e\" \/>\n\t<meta name=\"twitter:data1\" content=\"1 minute\" \/>\n<script type=\"application\/ld+json\" class=\"yoast-schema-graph\">{\"@context\":\"https:\\\/\\\/schema.org\",\"@graph\":[{\"@type\":\"WebPage\",\"@id\":\"https:\\\/\\\/www.athenaroyal-cbh.com\\\/fr\\\/dining\\\/dining-options\\\/\",\"url\":\"https:\\\/\\\/www.athenaroyal-cbh.com\\\/fr\\\/dining\\\/dining-options\\\/\",\"name\":\"Options de restauration de l'h\u00f4tel Athena Royal Beach || Athena Royal Hotel\",\"isPartOf\":{\"@id\":\"https:\\\/\\\/www.athenaroyal-cbh.com\\\/fr\\\/#website\"},\"primaryImageOfPage\":{\"@id\":\"https:\\\/\\\/www.athenaroyal-cbh.com\\\/fr\\\/dining\\\/dining-options\\\/#primaryimage\"},\"image\":{\"@id\":\"https:\\\/\\\/www.athenaroyal-cbh.com\\\/fr\\\/dining\\\/dining-options\\\/#primaryimage\"},\"thumbnailUrl\":\"https:\\\/\\\/www.athenaroyal-cbh.com\\\/app\\\/uploads\\\/sites\\\/32\\\/2022\\\/07\\\/17-ATHENA-ROYAL-BEACH-HOTEL-PYGMALION-RESTAURANT-e1658142915286.jpg\",\"datePublished\":\"2022-03-30T14:46:55+00:00\",\"dateModified\":\"2024-09-16T14:24:29+00:00\",\"description\":\"D\u00e9couvrez les trois options de restauration de l'h\u00f4tel Athena Royal Beach, \u00e0 savoir la demi-pension et la pension compl\u00e8te, le service en chambre et la formule tout compris Premium.\",\"breadcrumb\":{\"@id\":\"https:\\\/\\\/www.athenaroyal-cbh.com\\\/fr\\\/dining\\\/dining-options\\\/#breadcrumb\"},\"inLanguage\":\"fr-FR\",\"potentialAction\":[{\"@type\":\"ReadAction\",\"target\":[\"https:\\\/\\\/www.athenaroyal-cbh.com\\\/fr\\\/dining\\\/dining-options\\\/\"]}]},{\"@type\":\"ImageObject\",\"inLanguage\":\"fr-FR\",\"@id\":\"https:\\\/\\\/www.athenaroyal-cbh.com\\\/fr\\\/dining\\\/dining-options\\\/#primaryimage\",\"url\":\"https:\\\/\\\/www.athenaroyal-cbh.com\\\/app\\\/uploads\\\/sites\\\/32\\\/2022\\\/07\\\/17-ATHENA-ROYAL-BEACH-HOTEL-PYGMALION-RESTAURANT-e1658142915286.jpg\",\"contentUrl\":\"https:\\\/\\\/www.athenaroyal-cbh.com\\\/app\\\/uploads\\\/sites\\\/32\\\/2022\\\/07\\\/17-ATHENA-ROYAL-BEACH-HOTEL-PYGMALION-RESTAURANT-e1658142915286.jpg\",\"width\":7961,\"height\":5307,\"caption\":\"Pygmalion Restaurant\"},{\"@type\":\"BreadcrumbList\",\"@id\":\"https:\\\/\\\/www.athenaroyal-cbh.com\\\/fr\\\/dining\\\/dining-options\\\/#breadcrumb\",\"itemListElement\":[{\"@type\":\"ListItem\",\"position\":1,\"name\":\"Home\",\"item\":\"https:\\\/\\\/www.athenaroyal-cbh.com\\\/fr\\\/\"},{\"@type\":\"ListItem\",\"position\":2,\"name\":\"Salle \u00e0 manger\",\"item\":\"https:\\\/\\\/www.athenaroyal-cbh.com\\\/fr\\\/dining\\\/\"},{\"@type\":\"ListItem\",\"position\":3,\"name\":\"Options de restauration\"}]},{\"@type\":\"WebSite\",\"@id\":\"https:\\\/\\\/www.athenaroyal-cbh.com\\\/fr\\\/#website\",\"url\":\"https:\\\/\\\/www.athenaroyal-cbh.com\\\/fr\\\/\",\"name\":\"\u0391thena Royal Beach Hotel\",\"description\":\"Constantinou Bros Athena Royal Hotel, 4 star hotel in Paphos Cyprus\",\"potentialAction\":[{\"@type\":\"SearchAction\",\"target\":{\"@type\":\"EntryPoint\",\"urlTemplate\":\"https:\\\/\\\/www.athenaroyal-cbh.com\\\/fr\\\/?s={search_term_string}\"},\"query-input\":{\"@type\":\"PropertyValueSpecification\",\"valueRequired\":true,\"valueName\":\"search_term_string\"}}],\"inLanguage\":\"fr-FR\"}]}<\/script>\n<!-- \/ Yoast SEO plugin. -->","yoast_head_json":{"title":"Options de restauration de l'h\u00f4tel Athena Royal Beach || Athena Royal Hotel","description":"D\u00e9couvrez les trois options de restauration de l'h\u00f4tel Athena Royal Beach, \u00e0 savoir la demi-pension et la pension compl\u00e8te, le service en chambre et la formule tout compris Premium.","robots":{"index":"index","follow":"follow","max-snippet":"max-snippet:-1","max-image-preview":"max-image-preview:large","max-video-preview":"max-video-preview:-1"},"canonical":"https:\/\/www.athenaroyal-cbh.com\/fr\/dining\/dining-options\/","og_locale":"fr_FR","og_type":"article","og_title":"Options de restauration de l'h\u00f4tel Athena Royal Beach || Athena Royal Hotel","og_description":"D\u00e9couvrez les trois options de restauration de l'h\u00f4tel Athena Royal Beach, \u00e0 savoir la demi-pension et la pension compl\u00e8te, le service en chambre et la formule tout compris Premium.","og_url":"https:\/\/www.athenaroyal-cbh.com\/fr\/dining\/dining-options\/","og_site_name":"\u0391thena Royal Beach Hotel","article_modified_time":"2024-09-16T14:24:29+00:00","og_image":[{"width":1920,"height":1517,"url":"https:\/\/www.athenaroyal-cbh.com\/app\/uploads\/sites\/32\/2019\/05\/athena-royal-beach-hotel-pygmalion-restaurnat-flambe_resized.jpg","type":"image\/jpeg"}],"twitter_card":"summary_large_image","twitter_misc":{"Dur\u00e9e de lecture estim\u00e9e":"1 minute"},"schema":{"@context":"https:\/\/schema.org","@graph":[{"@type":"WebPage","@id":"https:\/\/www.athenaroyal-cbh.com\/fr\/dining\/dining-options\/","url":"https:\/\/www.athenaroyal-cbh.com\/fr\/dining\/dining-options\/","name":"Options de restauration de l'h\u00f4tel Athena Royal Beach || Athena Royal Hotel","isPartOf":{"@id":"https:\/\/www.athenaroyal-cbh.com\/fr\/#website"},"primaryImageOfPage":{"@id":"https:\/\/www.athenaroyal-cbh.com\/fr\/dining\/dining-options\/#primaryimage"},"image":{"@id":"https:\/\/www.athenaroyal-cbh.com\/fr\/dining\/dining-options\/#primaryimage"},"thumbnailUrl":"https:\/\/www.athenaroyal-cbh.com\/app\/uploads\/sites\/32\/2022\/07\/17-ATHENA-ROYAL-BEACH-HOTEL-PYGMALION-RESTAURANT-e1658142915286.jpg","datePublished":"2022-03-30T14:46:55+00:00","dateModified":"2024-09-16T14:24:29+00:00","description":"D\u00e9couvrez les trois options de restauration de l'h\u00f4tel Athena Royal Beach, \u00e0 savoir la demi-pension et la pension compl\u00e8te, le service en chambre et la formule tout compris Premium.","breadcrumb":{"@id":"https:\/\/www.athenaroyal-cbh.com\/fr\/dining\/dining-options\/#breadcrumb"},"inLanguage":"fr-FR","potentialAction":[{"@type":"ReadAction","target":["https:\/\/www.athenaroyal-cbh.com\/fr\/dining\/dining-options\/"]}]},{"@type":"ImageObject","inLanguage":"fr-FR","@id":"https:\/\/www.athenaroyal-cbh.com\/fr\/dining\/dining-options\/#primaryimage","url":"https:\/\/www.athenaroyal-cbh.com\/app\/uploads\/sites\/32\/2022\/07\/17-ATHENA-ROYAL-BEACH-HOTEL-PYGMALION-RESTAURANT-e1658142915286.jpg","contentUrl":"https:\/\/www.athenaroyal-cbh.com\/app\/uploads\/sites\/32\/2022\/07\/17-ATHENA-ROYAL-BEACH-HOTEL-PYGMALION-RESTAURANT-e1658142915286.jpg","width":7961,"height":5307,"caption":"Pygmalion Restaurant"},{"@type":"BreadcrumbList","@id":"https:\/\/www.athenaroyal-cbh.com\/fr\/dining\/dining-options\/#breadcrumb","itemListElement":[{"@type":"ListItem","position":1,"name":"Home","item":"https:\/\/www.athenaroyal-cbh.com\/fr\/"},{"@type":"ListItem","position":2,"name":"Salle \u00e0 manger","item":"https:\/\/www.athenaroyal-cbh.com\/fr\/dining\/"},{"@type":"ListItem","position":3,"name":"Options de restauration"}]},{"@type":"WebSite","@id":"https:\/\/www.athenaroyal-cbh.com\/fr\/#website","url":"https:\/\/www.athenaroyal-cbh.com\/fr\/","name":"\u0391thena Royal Beach Hotel","description":"Constantinou Bros Athena Royal Hotel, 4 star hotel in Paphos Cyprus","potentialAction":[{"@type":"SearchAction","target":{"@type":"EntryPoint","urlTemplate":"https:\/\/www.athenaroyal-cbh.com\/fr\/?s={search_term_string}"},"query-input":{"@type":"PropertyValueSpecification","valueRequired":true,"valueName":"search_term_string"}}],"inLanguage":"fr-FR"}]}},"_links":{"self":[{"href":"https:\/\/www.athenaroyal-cbh.com\/fr\/wp-json\/wp\/v2\/pages\/9072","targetHints":{"allow":["GET"]}}],"collection":[{"href":"https:\/\/www.athenaroyal-cbh.com\/fr\/wp-json\/wp\/v2\/pages"}],"about":[{"href":"https:\/\/www.athenaroyal-cbh.com\/fr\/wp-json\/wp\/v2\/types\/page"}],"author":[{"embeddable":true,"href":"https:\/\/www.athenaroyal-cbh.com\/fr\/wp-json\/wp\/v2\/users\/1"}],"replies":[{"embeddable":true,"href":"https:\/\/www.athenaroyal-cbh.com\/fr\/wp-json\/wp\/v2\/comments?post=9072"}],"version-history":[{"count":5,"href":"https:\/\/www.athenaroyal-cbh.com\/fr\/wp-json\/wp\/v2\/pages\/9072\/revisions"}],"predecessor-version":[{"id":25992,"href":"https:\/\/www.athenaroyal-cbh.com\/fr\/wp-json\/wp\/v2\/pages\/9072\/revisions\/25992"}],"up":[{"embeddable":true,"href":"https:\/\/www.athenaroyal-cbh.com\/fr\/wp-json\/wp\/v2\/pages\/9065"}],"wp:featuredmedia":[{"embeddable":true,"href":"https:\/\/www.athenaroyal-cbh.com\/fr\/wp-json\/wp\/v2\/media\/13279"}],"wp:attachment":[{"href":"https:\/\/www.athenaroyal-cbh.com\/fr\/wp-json\/wp\/v2\/media?parent=9072"}],"curies":[{"name":"wp","href":"https:\/\/api.w.org\/{rel}","templated":true}]}}