{"id":9071,"date":"2022-03-30T17:46:55","date_gmt":"2022-03-30T14:46:55","guid":{"rendered":"https:\/\/www.athenaroyal-cbh.com\/dining\/bars\/"},"modified":"2025-07-31T09:33:09","modified_gmt":"2025-07-31T06:33:09","slug":"bars","status":"publish","type":"page","link":"https:\/\/www.athenaroyal-cbh.com\/fr\/dining\/bars\/","title":{"rendered":"Barres"},"content":{"rendered":"<h1 class=\"entry-title title-size font-regular text-center mt-5\">Explorez tous les bars de l&rsquo;Athena Royal Beach hotel Paphos<\/h1>\n<p>&nbsp;<\/p>\n<p>Offrez-vous une boisson rafra\u00eechissante tout au long de la journ\u00e9e ou un cocktail en soir\u00e9e dans l&rsquo;atmosph\u00e8re relaxante des bars de l&rsquo;h\u00f4tel.<\/p>\n<p>&nbsp;<\/p>\n<h4>Bar \u00e0 cocktails Dionysos<\/h4>\n<p>Un bon point de rencontre dans le hall pour un ap\u00e9ritif ou un dernier verre avec des animations en soir\u00e9e.<\/p>\n<p>&nbsp;<\/p>\n<h4>Andrew&rsquo;s Rooftop Bar (\u00e9t\u00e9 &#8211; ouvert \u00e0 la discr\u00e9tion de la direction)<\/h4>\n<p>Andrew&rsquo;s Rooftop Bar, qui surplombe la mer M\u00e9diterran\u00e9e, offre des vues panoramiques et des couchers de soleil \u00e9poustouflants, ce qui en fait l&rsquo;endroit id\u00e9al pour se d\u00e9tendre en d\u00e9gustant nos cocktails pr\u00e9f\u00e9r\u00e9s tout en regardant le soleil se coucher.<\/p>\n<p>&nbsp;<\/p>\n<h4>Akakia Pool Bar (\u00c9t\u00e9)<\/h4>\n<p>Toutes ces \u00e9claboussures vous donneront soif, alors prenez une boisson rafra\u00eechissante au bord de la piscine.<\/p>\n<p>&nbsp;<\/p>\n<h4>Bar du jardin<\/h4>\n<p>L&rsquo;endroit id\u00e9al pour s&rsquo;asseoir et se d\u00e9tendre avec une boisson fra\u00eechement pr\u00e9par\u00e9e de votre choix.<\/p>\n","protected":false},"excerpt":{"rendered":"<p>Explorez tous les bars de l&rsquo;Athena Royal Beach hotel Paphos &nbsp; Offrez-vous une boisson rafra\u00eechissante tout au long de la journ\u00e9e ou un cocktail en soir\u00e9e dans l&rsquo;atmosph\u00e8re relaxante des bars de l&rsquo;h\u00f4tel. &nbsp; Bar \u00e0 cocktails Dionysos Un bon point de rencontre dans le hall pour un ap\u00e9ritif ou un dernier verre avec des<\/p>\n","protected":false},"author":1,"featured_media":8407,"parent":9065,"menu_order":0,"comment_status":"closed","ping_status":"closed","template":"","meta":{"_acf_changed":false,"footnotes":""},"class_list":["post-9071","page","type-page","status-publish","has-post-thumbnail","hentry"],"acf":[],"yoast_head":"<!-- This site is optimized with the Yoast SEO plugin v27.5 - https:\/\/yoast.com\/product\/yoast-seo-wordpress\/ -->\n<title>Athena Royal Beach hotel Paphos bars || Athena Royal Hotel<\/title>\n<meta name=\"description\" content=\"\u00c9tanchez votre soif avec de d\u00e9licieux rafra\u00eechissements, des cocktails et des vins dans les bars de l&#039;Athena Royal Beach Hotel Paphos, qui comprennent un bar dans le hall, un bar au bord de la piscine et un bar sur le toit.\" \/>\n<meta name=\"robots\" content=\"index, follow, max-snippet:-1, max-image-preview:large, max-video-preview:-1\" \/>\n<link rel=\"canonical\" href=\"https:\/\/www.athenaroyal-cbh.com\/fr\/dining\/bars\/\" \/>\n<meta property=\"og:locale\" content=\"fr_FR\" \/>\n<meta property=\"og:type\" content=\"article\" \/>\n<meta property=\"og:title\" content=\"Athena Royal Beach hotel Paphos bars || Athena Royal Hotel\" \/>\n<meta property=\"og:description\" content=\"\u00c9tanchez votre soif avec de d\u00e9licieux rafra\u00eechissements, des cocktails et des vins dans les bars de l&#039;Athena Royal Beach Hotel Paphos, qui comprennent un bar dans le hall, un bar au bord de la piscine et un bar sur le toit.\" \/>\n<meta property=\"og:url\" content=\"https:\/\/www.athenaroyal-cbh.com\/fr\/dining\/bars\/\" \/>\n<meta property=\"og:site_name\" content=\"\u0391thena Royal Beach Hotel\" \/>\n<meta property=\"article:modified_time\" content=\"2025-07-31T06:33:09+00:00\" \/>\n<meta property=\"og:image\" content=\"https:\/\/www.athenaroyal-cbh.com\/app\/uploads\/sites\/32\/2019\/09\/piano_bar.jpg\" \/>\n\t<meta property=\"og:image:width\" content=\"1053\" \/>\n\t<meta property=\"og:image:height\" content=\"700\" \/>\n\t<meta property=\"og:image:type\" content=\"image\/jpeg\" \/>\n<meta name=\"twitter:card\" content=\"summary_large_image\" \/>\n<meta name=\"twitter:label1\" content=\"Dur\u00e9e de lecture estim\u00e9e\" \/>\n\t<meta name=\"twitter:data1\" content=\"1 minute\" \/>\n<script type=\"application\/ld+json\" class=\"yoast-schema-graph\">{\"@context\":\"https:\\\/\\\/schema.org\",\"@graph\":[{\"@type\":\"WebPage\",\"@id\":\"https:\\\/\\\/www.athenaroyal-cbh.com\\\/fr\\\/dining\\\/bars\\\/\",\"url\":\"https:\\\/\\\/www.athenaroyal-cbh.com\\\/fr\\\/dining\\\/bars\\\/\",\"name\":\"Athena Royal Beach hotel Paphos bars || Athena Royal Hotel\",\"isPartOf\":{\"@id\":\"https:\\\/\\\/www.athenaroyal-cbh.com\\\/fr\\\/#website\"},\"primaryImageOfPage\":{\"@id\":\"https:\\\/\\\/www.athenaroyal-cbh.com\\\/fr\\\/dining\\\/bars\\\/#primaryimage\"},\"image\":{\"@id\":\"https:\\\/\\\/www.athenaroyal-cbh.com\\\/fr\\\/dining\\\/bars\\\/#primaryimage\"},\"thumbnailUrl\":\"https:\\\/\\\/www.athenaroyal-cbh.com\\\/app\\\/uploads\\\/sites\\\/32\\\/2019\\\/09\\\/piano_bar.jpg\",\"datePublished\":\"2022-03-30T14:46:55+00:00\",\"dateModified\":\"2025-07-31T06:33:09+00:00\",\"description\":\"\u00c9tanchez votre soif avec de d\u00e9licieux rafra\u00eechissements, des cocktails et des vins dans les bars de l'Athena Royal Beach Hotel Paphos, qui comprennent un bar dans le hall, un bar au bord de la piscine et un bar sur le toit.\",\"breadcrumb\":{\"@id\":\"https:\\\/\\\/www.athenaroyal-cbh.com\\\/fr\\\/dining\\\/bars\\\/#breadcrumb\"},\"inLanguage\":\"fr-FR\",\"potentialAction\":[{\"@type\":\"ReadAction\",\"target\":[\"https:\\\/\\\/www.athenaroyal-cbh.com\\\/fr\\\/dining\\\/bars\\\/\"]}]},{\"@type\":\"ImageObject\",\"inLanguage\":\"fr-FR\",\"@id\":\"https:\\\/\\\/www.athenaroyal-cbh.com\\\/fr\\\/dining\\\/bars\\\/#primaryimage\",\"url\":\"https:\\\/\\\/www.athenaroyal-cbh.com\\\/app\\\/uploads\\\/sites\\\/32\\\/2019\\\/09\\\/piano_bar.jpg\",\"contentUrl\":\"https:\\\/\\\/www.athenaroyal-cbh.com\\\/app\\\/uploads\\\/sites\\\/32\\\/2019\\\/09\\\/piano_bar.jpg\",\"width\":1053,\"height\":700},{\"@type\":\"BreadcrumbList\",\"@id\":\"https:\\\/\\\/www.athenaroyal-cbh.com\\\/fr\\\/dining\\\/bars\\\/#breadcrumb\",\"itemListElement\":[{\"@type\":\"ListItem\",\"position\":1,\"name\":\"Home\",\"item\":\"https:\\\/\\\/www.athenaroyal-cbh.com\\\/fr\\\/\"},{\"@type\":\"ListItem\",\"position\":2,\"name\":\"Salle \u00e0 manger\",\"item\":\"https:\\\/\\\/www.athenaroyal-cbh.com\\\/fr\\\/dining\\\/\"},{\"@type\":\"ListItem\",\"position\":3,\"name\":\"Barres\"}]},{\"@type\":\"WebSite\",\"@id\":\"https:\\\/\\\/www.athenaroyal-cbh.com\\\/fr\\\/#website\",\"url\":\"https:\\\/\\\/www.athenaroyal-cbh.com\\\/fr\\\/\",\"name\":\"\u0391thena Royal Beach Hotel\",\"description\":\"Constantinou Bros Athena Royal Hotel, 4 star hotel in Paphos Cyprus\",\"potentialAction\":[{\"@type\":\"SearchAction\",\"target\":{\"@type\":\"EntryPoint\",\"urlTemplate\":\"https:\\\/\\\/www.athenaroyal-cbh.com\\\/fr\\\/?s={search_term_string}\"},\"query-input\":{\"@type\":\"PropertyValueSpecification\",\"valueRequired\":true,\"valueName\":\"search_term_string\"}}],\"inLanguage\":\"fr-FR\"}]}<\/script>\n<!-- \/ Yoast SEO plugin. -->","yoast_head_json":{"title":"Athena Royal Beach hotel Paphos bars || Athena Royal Hotel","description":"\u00c9tanchez votre soif avec de d\u00e9licieux rafra\u00eechissements, des cocktails et des vins dans les bars de l'Athena Royal Beach Hotel Paphos, qui comprennent un bar dans le hall, un bar au bord de la piscine et un bar sur le toit.","robots":{"index":"index","follow":"follow","max-snippet":"max-snippet:-1","max-image-preview":"max-image-preview:large","max-video-preview":"max-video-preview:-1"},"canonical":"https:\/\/www.athenaroyal-cbh.com\/fr\/dining\/bars\/","og_locale":"fr_FR","og_type":"article","og_title":"Athena Royal Beach hotel Paphos bars || Athena Royal Hotel","og_description":"\u00c9tanchez votre soif avec de d\u00e9licieux rafra\u00eechissements, des cocktails et des vins dans les bars de l'Athena Royal Beach Hotel Paphos, qui comprennent un bar dans le hall, un bar au bord de la piscine et un bar sur le toit.","og_url":"https:\/\/www.athenaroyal-cbh.com\/fr\/dining\/bars\/","og_site_name":"\u0391thena Royal Beach Hotel","article_modified_time":"2025-07-31T06:33:09+00:00","og_image":[{"width":1053,"height":700,"url":"https:\/\/www.athenaroyal-cbh.com\/app\/uploads\/sites\/32\/2019\/09\/piano_bar.jpg","type":"image\/jpeg"}],"twitter_card":"summary_large_image","twitter_misc":{"Dur\u00e9e de lecture estim\u00e9e":"1 minute"},"schema":{"@context":"https:\/\/schema.org","@graph":[{"@type":"WebPage","@id":"https:\/\/www.athenaroyal-cbh.com\/fr\/dining\/bars\/","url":"https:\/\/www.athenaroyal-cbh.com\/fr\/dining\/bars\/","name":"Athena Royal Beach hotel Paphos bars || Athena Royal Hotel","isPartOf":{"@id":"https:\/\/www.athenaroyal-cbh.com\/fr\/#website"},"primaryImageOfPage":{"@id":"https:\/\/www.athenaroyal-cbh.com\/fr\/dining\/bars\/#primaryimage"},"image":{"@id":"https:\/\/www.athenaroyal-cbh.com\/fr\/dining\/bars\/#primaryimage"},"thumbnailUrl":"https:\/\/www.athenaroyal-cbh.com\/app\/uploads\/sites\/32\/2019\/09\/piano_bar.jpg","datePublished":"2022-03-30T14:46:55+00:00","dateModified":"2025-07-31T06:33:09+00:00","description":"\u00c9tanchez votre soif avec de d\u00e9licieux rafra\u00eechissements, des cocktails et des vins dans les bars de l'Athena Royal Beach Hotel Paphos, qui comprennent un bar dans le hall, un bar au bord de la piscine et un bar sur le toit.","breadcrumb":{"@id":"https:\/\/www.athenaroyal-cbh.com\/fr\/dining\/bars\/#breadcrumb"},"inLanguage":"fr-FR","potentialAction":[{"@type":"ReadAction","target":["https:\/\/www.athenaroyal-cbh.com\/fr\/dining\/bars\/"]}]},{"@type":"ImageObject","inLanguage":"fr-FR","@id":"https:\/\/www.athenaroyal-cbh.com\/fr\/dining\/bars\/#primaryimage","url":"https:\/\/www.athenaroyal-cbh.com\/app\/uploads\/sites\/32\/2019\/09\/piano_bar.jpg","contentUrl":"https:\/\/www.athenaroyal-cbh.com\/app\/uploads\/sites\/32\/2019\/09\/piano_bar.jpg","width":1053,"height":700},{"@type":"BreadcrumbList","@id":"https:\/\/www.athenaroyal-cbh.com\/fr\/dining\/bars\/#breadcrumb","itemListElement":[{"@type":"ListItem","position":1,"name":"Home","item":"https:\/\/www.athenaroyal-cbh.com\/fr\/"},{"@type":"ListItem","position":2,"name":"Salle \u00e0 manger","item":"https:\/\/www.athenaroyal-cbh.com\/fr\/dining\/"},{"@type":"ListItem","position":3,"name":"Barres"}]},{"@type":"WebSite","@id":"https:\/\/www.athenaroyal-cbh.com\/fr\/#website","url":"https:\/\/www.athenaroyal-cbh.com\/fr\/","name":"\u0391thena Royal Beach Hotel","description":"Constantinou Bros Athena Royal Hotel, 4 star hotel in Paphos Cyprus","potentialAction":[{"@type":"SearchAction","target":{"@type":"EntryPoint","urlTemplate":"https:\/\/www.athenaroyal-cbh.com\/fr\/?s={search_term_string}"},"query-input":{"@type":"PropertyValueSpecification","valueRequired":true,"valueName":"search_term_string"}}],"inLanguage":"fr-FR"}]}},"_links":{"self":[{"href":"https:\/\/www.athenaroyal-cbh.com\/fr\/wp-json\/wp\/v2\/pages\/9071","targetHints":{"allow":["GET"]}}],"collection":[{"href":"https:\/\/www.athenaroyal-cbh.com\/fr\/wp-json\/wp\/v2\/pages"}],"about":[{"href":"https:\/\/www.athenaroyal-cbh.com\/fr\/wp-json\/wp\/v2\/types\/page"}],"author":[{"embeddable":true,"href":"https:\/\/www.athenaroyal-cbh.com\/fr\/wp-json\/wp\/v2\/users\/1"}],"replies":[{"embeddable":true,"href":"https:\/\/www.athenaroyal-cbh.com\/fr\/wp-json\/wp\/v2\/comments?post=9071"}],"version-history":[{"count":6,"href":"https:\/\/www.athenaroyal-cbh.com\/fr\/wp-json\/wp\/v2\/pages\/9071\/revisions"}],"predecessor-version":[{"id":26619,"href":"https:\/\/www.athenaroyal-cbh.com\/fr\/wp-json\/wp\/v2\/pages\/9071\/revisions\/26619"}],"up":[{"embeddable":true,"href":"https:\/\/www.athenaroyal-cbh.com\/fr\/wp-json\/wp\/v2\/pages\/9065"}],"wp:featuredmedia":[{"embeddable":true,"href":"https:\/\/www.athenaroyal-cbh.com\/fr\/wp-json\/wp\/v2\/media\/8407"}],"wp:attachment":[{"href":"https:\/\/www.athenaroyal-cbh.com\/fr\/wp-json\/wp\/v2\/media?parent=9071"}],"curies":[{"name":"wp","href":"https:\/\/api.w.org\/{rel}","templated":true}]}}