{"id":9069,"date":"2022-03-30T17:46:51","date_gmt":"2022-03-30T14:46:51","guid":{"rendered":"https:\/\/www.athenaroyal-cbh.com\/elixir-spa\/"},"modified":"2025-03-10T15:56:21","modified_gmt":"2025-03-10T12:56:21","slug":"elixir-spa","status":"publish","type":"page","link":"https:\/\/www.athenaroyal-cbh.com\/fr\/elixir-spa\/","title":{"rendered":"Spa Elixir"},"content":{"rendered":"<p style=\"text-align: center;\"><img loading=\"lazy\" decoding=\"async\" class=\"wp-image-1115 aligncenter\" src=\"http:\/\/cbh-athenabeach.cms4.nelios.com\/wp-content\/uploads\/sites\/20\/2019\/08\/elixir-spa-300x300.jpg\" alt=\"\" width=\"250\" height=\"125\" srcset=\"https:\/\/www.athenaroyal-cbh.com\/app\/uploads\/sites\/32\/2019\/08\/elixir-spa-600x300.jpg 600w, https:\/\/www.athenaroyal-cbh.com\/app\/uploads\/sites\/32\/2019\/08\/elixir-spa-768x384.jpg 768w, https:\/\/www.athenaroyal-cbh.com\/app\/uploads\/sites\/32\/2019\/08\/elixir-spa.jpg 1181w\" sizes=\"auto, (max-width: 250px) 100vw, 250px\" \/><\/p>\n<p>&nbsp;<\/p>\n<p style=\"text-align: left;\">Vivez des moments de loisirs et de d\u00e9tente au bord de la mer ou p\u00e9n\u00e9trez dans l&rsquo;environnement paisible du spa Elixir, enti\u00e8rement \u00e9quip\u00e9.<\/p>\n<p style=\"text-align: left;\">Un sentiment d&rsquo;\u00e9quilibre et de tranquillit\u00e9, de relaxation et d&rsquo;inspiration, tout est r\u00e9uni \u00e0 l&rsquo;Elixir Spa.<\/p>\n<p style=\"text-align: left;\">Dans l&rsquo;environnement exquis de nos h\u00f4tels, nos clients ont la possibilit\u00e9 de choisir parmi une vaste gamme de soins thermaux.<\/p>\n<p style=\"text-align: left;\">Ressentez le bonheur et la s\u00e9r\u00e9nit\u00e9 dans un sanctuaire o\u00f9 vous pourrez vous d\u00e9tendre, vous relaxer, vous ressourcer et vous rajeunir.<\/p>\n<h4 style=\"text-align: left;\">Installations et commodit\u00e9s<\/h4>\n<ul style=\"text-align: left;\">\n<li>Massages relaxants et th\u00e9rapeutiques<\/li>\n<li>Traitements pour les couples<\/li>\n<li>Soins du corps<\/li>\n<li>Aromath\u00e9rapie<\/li>\n<li>Thalassoth\u00e9rapie<\/li>\n<li>Massages sportifs<\/li>\n<li>Soins Signature Elixir Spa<\/li>\n<li>Elixir Couples Suites<\/li>\n<li>Bain de vapeur (gratuit selon disponibilit\u00e9)<\/li>\n<li>2 Saunas (gratuits selon disponibilit\u00e9) (dont un pour les nudistes)<\/li>\n<li>Espace d\u00e9tente<\/li>\n<li>Forfaits pour les couples<\/li>\n<li>Forfaits de mariage<\/li>\n<li>Forfaits lune de miel<\/li>\n<li>Forfaits Spa<\/li>\n<li>Activit\u00e9s de bien-\u00eatre<\/li>\n<li>Soins de spa<\/li>\n<li>Salon de coiffure unisexe<\/li>\n<li>Centre de gymnastique avec \u00e9quipement de cardio et de musculation<\/li>\n<\/ul>\n<p style=\"text-align: left;\">\n","protected":false},"excerpt":{"rendered":"<p>&nbsp; Vivez des moments de loisirs et de d\u00e9tente au bord de la mer ou p\u00e9n\u00e9trez dans l&rsquo;environnement paisible du spa Elixir, enti\u00e8rement \u00e9quip\u00e9. Un sentiment d&rsquo;\u00e9quilibre et de tranquillit\u00e9, de relaxation et d&rsquo;inspiration, tout est r\u00e9uni \u00e0 l&rsquo;Elixir Spa. Dans l&rsquo;environnement exquis de nos h\u00f4tels, nos clients ont la possibilit\u00e9 de choisir parmi une<\/p>\n","protected":false},"author":1,"featured_media":8532,"parent":0,"menu_order":0,"comment_status":"closed","ping_status":"closed","template":"","meta":{"_acf_changed":false,"footnotes":""},"class_list":["post-9069","page","type-page","status-publish","has-post-thumbnail","hentry"],"acf":[],"yoast_head":"<!-- This site is optimized with the Yoast SEO plugin v27.3 - https:\/\/yoast.com\/product\/yoast-seo-wordpress\/ -->\n<title>Le bien-\u00eatre de luxe dans notre h\u00f4tel spa de Paphos || Athena Royal Hotel<\/title>\n<meta name=\"description\" content=\"Abandonnez-vous aux mains bienfaisantes de nos th\u00e9rapeutes et profitez d&#039;une s\u00e9rie de s\u00e9ances relaxantes et revitalisantes dans notre luxueux h\u00f4tel spa de Paphos.\" \/>\n<meta name=\"robots\" content=\"index, follow, max-snippet:-1, max-image-preview:large, max-video-preview:-1\" \/>\n<link rel=\"canonical\" href=\"https:\/\/www.athenaroyal-cbh.com\/fr\/elixir-spa\/\" \/>\n<meta property=\"og:locale\" content=\"fr_FR\" \/>\n<meta property=\"og:type\" content=\"article\" \/>\n<meta property=\"og:title\" content=\"Le bien-\u00eatre de luxe dans notre h\u00f4tel spa de Paphos || Athena Royal Hotel\" \/>\n<meta property=\"og:description\" content=\"Abandonnez-vous aux mains bienfaisantes de nos th\u00e9rapeutes et profitez d&#039;une s\u00e9rie de s\u00e9ances relaxantes et revitalisantes dans notre luxueux h\u00f4tel spa de Paphos.\" \/>\n<meta property=\"og:url\" content=\"https:\/\/www.athenaroyal-cbh.com\/fr\/elixir-spa\/\" \/>\n<meta property=\"og:site_name\" content=\"\u0391thena Royal Beach Hotel\" \/>\n<meta property=\"article:modified_time\" content=\"2025-03-10T12:56:21+00:00\" \/>\n<meta property=\"og:image\" content=\"https:\/\/www.athenaroyal-cbh.com\/app\/uploads\/sites\/32\/2020\/09\/43-ATHENA-ROYAL-BEACH-HOTEL-ELIXIR-SPA-1.jpg\" \/>\n\t<meta property=\"og:image:width\" content=\"1200\" \/>\n\t<meta property=\"og:image:height\" content=\"800\" \/>\n\t<meta property=\"og:image:type\" content=\"image\/jpeg\" \/>\n<meta name=\"twitter:card\" content=\"summary_large_image\" \/>\n<meta name=\"twitter:label1\" content=\"Dur\u00e9e de lecture estim\u00e9e\" \/>\n\t<meta name=\"twitter:data1\" content=\"1 minute\" \/>\n<script type=\"application\/ld+json\" class=\"yoast-schema-graph\">{\"@context\":\"https:\\\/\\\/schema.org\",\"@graph\":[{\"@type\":\"WebPage\",\"@id\":\"https:\\\/\\\/www.athenaroyal-cbh.com\\\/fr\\\/elixir-spa\\\/\",\"url\":\"https:\\\/\\\/www.athenaroyal-cbh.com\\\/fr\\\/elixir-spa\\\/\",\"name\":\"Le bien-\u00eatre de luxe dans notre h\u00f4tel spa de Paphos || Athena Royal Hotel\",\"isPartOf\":{\"@id\":\"https:\\\/\\\/www.athenaroyal-cbh.com\\\/fr\\\/#website\"},\"primaryImageOfPage\":{\"@id\":\"https:\\\/\\\/www.athenaroyal-cbh.com\\\/fr\\\/elixir-spa\\\/#primaryimage\"},\"image\":{\"@id\":\"https:\\\/\\\/www.athenaroyal-cbh.com\\\/fr\\\/elixir-spa\\\/#primaryimage\"},\"thumbnailUrl\":\"https:\\\/\\\/www.athenaroyal-cbh.com\\\/app\\\/uploads\\\/sites\\\/32\\\/2020\\\/09\\\/47-ATHENA-ROYAL-BEACH-HOTEL-INDOOR-HEATED-POOL-1.jpg\",\"datePublished\":\"2022-03-30T14:46:51+00:00\",\"dateModified\":\"2025-03-10T12:56:21+00:00\",\"description\":\"Abandonnez-vous aux mains bienfaisantes de nos th\u00e9rapeutes et profitez d'une s\u00e9rie de s\u00e9ances relaxantes et revitalisantes dans notre luxueux h\u00f4tel spa de Paphos.\",\"breadcrumb\":{\"@id\":\"https:\\\/\\\/www.athenaroyal-cbh.com\\\/fr\\\/elixir-spa\\\/#breadcrumb\"},\"inLanguage\":\"fr-FR\",\"potentialAction\":[{\"@type\":\"ReadAction\",\"target\":[\"https:\\\/\\\/www.athenaroyal-cbh.com\\\/fr\\\/elixir-spa\\\/\"]}]},{\"@type\":\"ImageObject\",\"inLanguage\":\"fr-FR\",\"@id\":\"https:\\\/\\\/www.athenaroyal-cbh.com\\\/fr\\\/elixir-spa\\\/#primaryimage\",\"url\":\"https:\\\/\\\/www.athenaroyal-cbh.com\\\/app\\\/uploads\\\/sites\\\/32\\\/2020\\\/09\\\/47-ATHENA-ROYAL-BEACH-HOTEL-INDOOR-HEATED-POOL-1.jpg\",\"contentUrl\":\"https:\\\/\\\/www.athenaroyal-cbh.com\\\/app\\\/uploads\\\/sites\\\/32\\\/2020\\\/09\\\/47-ATHENA-ROYAL-BEACH-HOTEL-INDOOR-HEATED-POOL-1.jpg\",\"width\":1200,\"height\":807,\"caption\":\"R 51\"},{\"@type\":\"BreadcrumbList\",\"@id\":\"https:\\\/\\\/www.athenaroyal-cbh.com\\\/fr\\\/elixir-spa\\\/#breadcrumb\",\"itemListElement\":[{\"@type\":\"ListItem\",\"position\":1,\"name\":\"Home\",\"item\":\"https:\\\/\\\/www.athenaroyal-cbh.com\\\/fr\\\/\"},{\"@type\":\"ListItem\",\"position\":2,\"name\":\"Spa Elixir\"}]},{\"@type\":\"WebSite\",\"@id\":\"https:\\\/\\\/www.athenaroyal-cbh.com\\\/fr\\\/#website\",\"url\":\"https:\\\/\\\/www.athenaroyal-cbh.com\\\/fr\\\/\",\"name\":\"\u0391thena Royal Beach Hotel\",\"description\":\"Constantinou Bros Athena Royal Hotel, 4 star hotel in Paphos Cyprus\",\"potentialAction\":[{\"@type\":\"SearchAction\",\"target\":{\"@type\":\"EntryPoint\",\"urlTemplate\":\"https:\\\/\\\/www.athenaroyal-cbh.com\\\/fr\\\/?s={search_term_string}\"},\"query-input\":{\"@type\":\"PropertyValueSpecification\",\"valueRequired\":true,\"valueName\":\"search_term_string\"}}],\"inLanguage\":\"fr-FR\"}]}<\/script>\n<!-- \/ Yoast SEO plugin. -->","yoast_head_json":{"title":"Le bien-\u00eatre de luxe dans notre h\u00f4tel spa de Paphos || Athena Royal Hotel","description":"Abandonnez-vous aux mains bienfaisantes de nos th\u00e9rapeutes et profitez d'une s\u00e9rie de s\u00e9ances relaxantes et revitalisantes dans notre luxueux h\u00f4tel spa de Paphos.","robots":{"index":"index","follow":"follow","max-snippet":"max-snippet:-1","max-image-preview":"max-image-preview:large","max-video-preview":"max-video-preview:-1"},"canonical":"https:\/\/www.athenaroyal-cbh.com\/fr\/elixir-spa\/","og_locale":"fr_FR","og_type":"article","og_title":"Le bien-\u00eatre de luxe dans notre h\u00f4tel spa de Paphos || Athena Royal Hotel","og_description":"Abandonnez-vous aux mains bienfaisantes de nos th\u00e9rapeutes et profitez d'une s\u00e9rie de s\u00e9ances relaxantes et revitalisantes dans notre luxueux h\u00f4tel spa de Paphos.","og_url":"https:\/\/www.athenaroyal-cbh.com\/fr\/elixir-spa\/","og_site_name":"\u0391thena Royal Beach Hotel","article_modified_time":"2025-03-10T12:56:21+00:00","og_image":[{"width":1200,"height":800,"url":"https:\/\/www.athenaroyal-cbh.com\/app\/uploads\/sites\/32\/2020\/09\/43-ATHENA-ROYAL-BEACH-HOTEL-ELIXIR-SPA-1.jpg","type":"image\/jpeg"}],"twitter_card":"summary_large_image","twitter_misc":{"Dur\u00e9e de lecture estim\u00e9e":"1 minute"},"schema":{"@context":"https:\/\/schema.org","@graph":[{"@type":"WebPage","@id":"https:\/\/www.athenaroyal-cbh.com\/fr\/elixir-spa\/","url":"https:\/\/www.athenaroyal-cbh.com\/fr\/elixir-spa\/","name":"Le bien-\u00eatre de luxe dans notre h\u00f4tel spa de Paphos || Athena Royal Hotel","isPartOf":{"@id":"https:\/\/www.athenaroyal-cbh.com\/fr\/#website"},"primaryImageOfPage":{"@id":"https:\/\/www.athenaroyal-cbh.com\/fr\/elixir-spa\/#primaryimage"},"image":{"@id":"https:\/\/www.athenaroyal-cbh.com\/fr\/elixir-spa\/#primaryimage"},"thumbnailUrl":"https:\/\/www.athenaroyal-cbh.com\/app\/uploads\/sites\/32\/2020\/09\/47-ATHENA-ROYAL-BEACH-HOTEL-INDOOR-HEATED-POOL-1.jpg","datePublished":"2022-03-30T14:46:51+00:00","dateModified":"2025-03-10T12:56:21+00:00","description":"Abandonnez-vous aux mains bienfaisantes de nos th\u00e9rapeutes et profitez d'une s\u00e9rie de s\u00e9ances relaxantes et revitalisantes dans notre luxueux h\u00f4tel spa de Paphos.","breadcrumb":{"@id":"https:\/\/www.athenaroyal-cbh.com\/fr\/elixir-spa\/#breadcrumb"},"inLanguage":"fr-FR","potentialAction":[{"@type":"ReadAction","target":["https:\/\/www.athenaroyal-cbh.com\/fr\/elixir-spa\/"]}]},{"@type":"ImageObject","inLanguage":"fr-FR","@id":"https:\/\/www.athenaroyal-cbh.com\/fr\/elixir-spa\/#primaryimage","url":"https:\/\/www.athenaroyal-cbh.com\/app\/uploads\/sites\/32\/2020\/09\/47-ATHENA-ROYAL-BEACH-HOTEL-INDOOR-HEATED-POOL-1.jpg","contentUrl":"https:\/\/www.athenaroyal-cbh.com\/app\/uploads\/sites\/32\/2020\/09\/47-ATHENA-ROYAL-BEACH-HOTEL-INDOOR-HEATED-POOL-1.jpg","width":1200,"height":807,"caption":"R 51"},{"@type":"BreadcrumbList","@id":"https:\/\/www.athenaroyal-cbh.com\/fr\/elixir-spa\/#breadcrumb","itemListElement":[{"@type":"ListItem","position":1,"name":"Home","item":"https:\/\/www.athenaroyal-cbh.com\/fr\/"},{"@type":"ListItem","position":2,"name":"Spa Elixir"}]},{"@type":"WebSite","@id":"https:\/\/www.athenaroyal-cbh.com\/fr\/#website","url":"https:\/\/www.athenaroyal-cbh.com\/fr\/","name":"\u0391thena Royal Beach Hotel","description":"Constantinou Bros Athena Royal Hotel, 4 star hotel in Paphos Cyprus","potentialAction":[{"@type":"SearchAction","target":{"@type":"EntryPoint","urlTemplate":"https:\/\/www.athenaroyal-cbh.com\/fr\/?s={search_term_string}"},"query-input":{"@type":"PropertyValueSpecification","valueRequired":true,"valueName":"search_term_string"}}],"inLanguage":"fr-FR"}]}},"_links":{"self":[{"href":"https:\/\/www.athenaroyal-cbh.com\/fr\/wp-json\/wp\/v2\/pages\/9069","targetHints":{"allow":["GET"]}}],"collection":[{"href":"https:\/\/www.athenaroyal-cbh.com\/fr\/wp-json\/wp\/v2\/pages"}],"about":[{"href":"https:\/\/www.athenaroyal-cbh.com\/fr\/wp-json\/wp\/v2\/types\/page"}],"author":[{"embeddable":true,"href":"https:\/\/www.athenaroyal-cbh.com\/fr\/wp-json\/wp\/v2\/users\/1"}],"replies":[{"embeddable":true,"href":"https:\/\/www.athenaroyal-cbh.com\/fr\/wp-json\/wp\/v2\/comments?post=9069"}],"version-history":[{"count":6,"href":"https:\/\/www.athenaroyal-cbh.com\/fr\/wp-json\/wp\/v2\/pages\/9069\/revisions"}],"predecessor-version":[{"id":26507,"href":"https:\/\/www.athenaroyal-cbh.com\/fr\/wp-json\/wp\/v2\/pages\/9069\/revisions\/26507"}],"wp:featuredmedia":[{"embeddable":true,"href":"https:\/\/www.athenaroyal-cbh.com\/fr\/wp-json\/wp\/v2\/media\/8532"}],"wp:attachment":[{"href":"https:\/\/www.athenaroyal-cbh.com\/fr\/wp-json\/wp\/v2\/media?parent=9069"}],"curies":[{"name":"wp","href":"https:\/\/api.w.org\/{rel}","templated":true}]}}