{"id":9068,"date":"2022-03-30T17:46:51","date_gmt":"2022-03-30T14:46:51","guid":{"rendered":"https:\/\/www.athenaroyal-cbh.com\/location\/"},"modified":"2024-09-16T17:23:36","modified_gmt":"2024-09-16T14:23:36","slug":"location","status":"publish","type":"page","link":"https:\/\/www.athenaroyal-cbh.com\/fr\/the-hotel\/location\/","title":{"rendered":"Emplacement"},"content":{"rendered":"<p>L&rsquo;Athena Royal Beach Hotel est situ\u00e9 dans un bel emplacement en bord de mer \u00e0 Kato Paphos. Les lieux d&rsquo;int\u00e9r\u00eat arch\u00e9ologique, les restaurants, les bars et les magasins sont situ\u00e9s \u00e0 une courte distance pratique. A quelques m\u00e8tres de l&rsquo;entr\u00e9e de l&rsquo;h\u00f4tel se trouve un arr\u00eat de bus et des taxis sont toujours disponibles.<\/p>\n<h4><strong>Distance:<\/strong><\/h4>\n<ul>\n<li>A 50m des bars et restaurants<\/li>\n<li>A 1,5 km du centre de la station<\/li>\n<li>\u00c0 2,5 km du vieux port de Paphos<\/li>\n<li>15 km de l&rsquo;a\u00e9roport international de Paphos<\/li>\n<li>140 km de l&rsquo;a\u00e9roport international de Larnaca<\/li>\n<\/ul>\n<h4><\/h4>\n<h4>Directions routi\u00e8res<\/h4>\n<h5>Itin\u00e9raire de l&rsquo;a\u00e9roport de Paphos \u00e0 l&rsquo;h\u00f4tel Athena Royal Beach (environ 20 minutes) :<\/h5>\n<ul>\n<li>Roulez dans la boucle de l&rsquo;a\u00e9roport sur 400 m jusqu&rsquo;\u00e0 la jonction de l&rsquo;a\u00e9roport (rond-point)<\/li>\n<li>Prendre la premi\u00e8re sortie du rond-point (tourner \u00e0 gauche) et continuer tout droit sur 3,9 Km jusqu&rsquo;au bout de la route, \u00e0 un carrefour en T<\/li>\n<li>Tourner \u00e0 gauche et rouler pendant 2,0 km<\/li>\n<li>Tourner \u00e0 droite sur la route menant au village d&rsquo;Ayia Barbara et rouler pendant 1,5 Km<\/li>\n<li>Juste avant le pont sup\u00e9rieur de l&rsquo;autoroute Limassol-Paphos A6, tourner \u00e0 gauche sur la voie d&rsquo;acc\u00e8s \u00e0 l&rsquo;autoroute<\/li>\n<li>Entrer sur l&rsquo;autoroute A6 et continuer tout droit sur 6,9 Km jusqu&rsquo;\u00e0 la fin de l&rsquo;autoroute \u00e0 la jonction Paphos A6 (rond-point)<\/li>\n<li>Prendre la premi\u00e8re sortie au rond-point \u00e0 gauche sur l&rsquo;avenue Dimokratias<\/li>\n<li>Continuer tout droit sur 1,8 Km jusqu&rsquo;\u00e0 la jonction Paphiakos (rond-point)<\/li>\n<li>Prendre la 2e sortie du rond-point (route en face) sur l&rsquo;avenue Evropis<\/li>\n<li>Continuer tout droit sur 2,2 Km jusqu&rsquo;\u00e0 la jonction Kato Paphos (rond-point)<\/li>\n<li>Prendre la 2e sortie du rond-point (route oppos\u00e9e) sur l&rsquo;avenue Danaes<\/li>\n<li>Continuez tout droit sur 600m jusqu&rsquo;au bout de l&rsquo;avenue \u00e0 un carrefour en T avec l&rsquo;avenue Poseidonos<\/li>\n<li>Tourner \u00e0 gauche sur l&rsquo;avenue Poseidonos et continuer sur 350 m. Vous verrez Athena Royal Beach Hotel sur votre droite.<\/li>\n<\/ul>\n<h5>Itin\u00e9raire de l&rsquo;a\u00e9roport de Larnaca \u00e0 l&rsquo;h\u00f4tel Athena Royal Beach (environ 1,5 heure) :<\/h5>\n<ul>\n<li>Roulez dans la boucle de l&rsquo;a\u00e9roport sur 650 m jusqu&rsquo;\u00e0 la jonction de l&rsquo;a\u00e9roport (rond-point)<\/li>\n<li>Prendre la premi\u00e8re sortie du rond-point (tourner \u00e0 gauche) en entrant sur l&rsquo;autoroute A3<\/li>\n<li>Continuez tout droit sur 5 Km et prenez la sortie juste avant l&#8217;embranchement Kalo Chorio (rond-point sur le pont)<\/li>\n<li>En restant sur la voie la plus \u00e0 gauche de la route de sortie, entrez sur l&rsquo;autoroute A5<\/li>\n<li>Continuer tout droit sur 18,4 Km jusqu&rsquo;\u00e0 ce que l&rsquo;autoroute A5 rejoigne l&rsquo;autoroute A1.<\/li>\n<li>Entrez sur l&rsquo;autoroute A1 et parcourez 29 km jusqu&rsquo;\u00e0 Limassol<\/li>\n<li>Continuez tout droit pendant que l&rsquo;autoroute A1 traverse Limassol et change de nom en A6<\/li>\n<li>Roulez pendant 65 km jusqu&rsquo;\u00e0 ce que l&rsquo;autoroute se termine et que vous atteigniez la jonction Paphos A6 (rond-point)<\/li>\n<li>Prendre la premi\u00e8re sortie au rond-point \u00e0 gauche sur l&rsquo;avenue Dimokratias<\/li>\n<li>Continuer tout droit sur 1,8 Km jusqu&rsquo;\u00e0 la jonction Paphiakos (rond-point)<\/li>\n<li>Prendre la 2e sortie du rond-point (route en face) sur l&rsquo;avenue Evropis<\/li>\n<li>Continuer tout droit sur 2,2 Km jusqu&rsquo;\u00e0 la jonction Kato Paphos (rond-point)<\/li>\n<li>Prendre la 2e sortie du rond-point (route oppos\u00e9e) sur l&rsquo;avenue Danaes<\/li>\n<li>Continuez tout droit sur 600m jusqu&rsquo;au bout de l&rsquo;avenue \u00e0 un carrefour en T avec l&rsquo;avenue Poseidonos<\/li>\n<li>Tourner \u00e0 gauche sur l&rsquo;avenue Poseidonos et continuer sur 350 m. Vous verrez Athena Royal Beach Hotel sur votre droite.<\/li>\n<\/ul>\n","protected":false},"excerpt":{"rendered":"<p>L&rsquo;Athena Royal Beach Hotel est situ\u00e9 dans un bel emplacement en bord de mer \u00e0 Kato Paphos. Les lieux d&rsquo;int\u00e9r\u00eat arch\u00e9ologique, les restaurants, les bars et les magasins sont situ\u00e9s \u00e0 une courte distance pratique. A quelques m\u00e8tres de l&rsquo;entr\u00e9e de l&rsquo;h\u00f4tel se trouve un arr\u00eat de bus et des taxis sont toujours disponibles. Distance:<\/p>\n","protected":false},"author":1,"featured_media":8434,"parent":9067,"menu_order":0,"comment_status":"closed","ping_status":"closed","template":"page-templates\/location.php","meta":{"_acf_changed":false,"footnotes":""},"class_list":["post-9068","page","type-page","status-publish","has-post-thumbnail","hentry"],"acf":[],"yoast_head":"<!-- This site is optimized with the Yoast SEO plugin v27.5 - https:\/\/yoast.com\/product\/yoast-seo-wordpress\/ -->\n<title>Luxueux h\u00f4tel de plage \u00e0 Paphos (Chypre) || Athena Royal Hotel<\/title>\n<meta name=\"description\" content=\"Profitez de l&#039;emplacement exceptionnel de notre luxueux h\u00f4tel de plage de Paphos, l&#039;Athena Royal Hotel by Constantinou Bros, situ\u00e9 \u00e0 Kato Paphos, le long du littoral.\" \/>\n<meta name=\"robots\" content=\"index, follow, max-snippet:-1, max-image-preview:large, max-video-preview:-1\" \/>\n<link rel=\"canonical\" href=\"https:\/\/www.athenaroyal-cbh.com\/fr\/the-hotel\/location\/\" \/>\n<meta property=\"og:locale\" content=\"fr_FR\" \/>\n<meta property=\"og:type\" content=\"article\" \/>\n<meta property=\"og:title\" content=\"Luxueux h\u00f4tel de plage \u00e0 Paphos (Chypre) || Athena Royal Hotel\" \/>\n<meta property=\"og:description\" content=\"Profitez de l&#039;emplacement exceptionnel de notre luxueux h\u00f4tel de plage de Paphos, l&#039;Athena Royal Hotel by Constantinou Bros, situ\u00e9 \u00e0 Kato Paphos, le long du littoral.\" \/>\n<meta property=\"og:url\" content=\"https:\/\/www.athenaroyal-cbh.com\/fr\/the-hotel\/location\/\" \/>\n<meta property=\"og:site_name\" content=\"\u0391thena Royal Beach Hotel\" \/>\n<meta property=\"article:modified_time\" content=\"2024-09-16T14:23:36+00:00\" \/>\n<meta property=\"og:image\" content=\"https:\/\/www.athenaroyal-cbh.com\/app\/uploads\/sites\/32\/2019\/05\/athena-royal-beach-hotel-cabanas0_resized.jpg\" \/>\n\t<meta property=\"og:image:width\" content=\"1920\" \/>\n\t<meta property=\"og:image:height\" content=\"1277\" \/>\n\t<meta property=\"og:image:type\" content=\"image\/jpeg\" \/>\n<meta name=\"twitter:card\" content=\"summary_large_image\" \/>\n<meta name=\"twitter:label1\" content=\"Dur\u00e9e de lecture estim\u00e9e\" \/>\n\t<meta name=\"twitter:data1\" content=\"3 minutes\" \/>\n<script type=\"application\/ld+json\" class=\"yoast-schema-graph\">{\"@context\":\"https:\\\/\\\/schema.org\",\"@graph\":[{\"@type\":\"WebPage\",\"@id\":\"https:\\\/\\\/www.athenaroyal-cbh.com\\\/fr\\\/the-hotel\\\/location\\\/\",\"url\":\"https:\\\/\\\/www.athenaroyal-cbh.com\\\/fr\\\/the-hotel\\\/location\\\/\",\"name\":\"Luxueux h\u00f4tel de plage \u00e0 Paphos (Chypre) || Athena Royal Hotel\",\"isPartOf\":{\"@id\":\"https:\\\/\\\/www.athenaroyal-cbh.com\\\/fr\\\/#website\"},\"primaryImageOfPage\":{\"@id\":\"https:\\\/\\\/www.athenaroyal-cbh.com\\\/fr\\\/the-hotel\\\/location\\\/#primaryimage\"},\"image\":{\"@id\":\"https:\\\/\\\/www.athenaroyal-cbh.com\\\/fr\\\/the-hotel\\\/location\\\/#primaryimage\"},\"thumbnailUrl\":\"https:\\\/\\\/www.athenaroyal-cbh.com\\\/app\\\/uploads\\\/sites\\\/32\\\/2019\\\/05\\\/athena-royal-beach-hotel-cabanas0_resized.jpg\",\"datePublished\":\"2022-03-30T14:46:51+00:00\",\"dateModified\":\"2024-09-16T14:23:36+00:00\",\"description\":\"Profitez de l'emplacement exceptionnel de notre luxueux h\u00f4tel de plage de Paphos, l'Athena Royal Hotel by Constantinou Bros, situ\u00e9 \u00e0 Kato Paphos, le long du littoral.\",\"breadcrumb\":{\"@id\":\"https:\\\/\\\/www.athenaroyal-cbh.com\\\/fr\\\/the-hotel\\\/location\\\/#breadcrumb\"},\"inLanguage\":\"fr-FR\",\"potentialAction\":[{\"@type\":\"ReadAction\",\"target\":[\"https:\\\/\\\/www.athenaroyal-cbh.com\\\/fr\\\/the-hotel\\\/location\\\/\"]}]},{\"@type\":\"ImageObject\",\"inLanguage\":\"fr-FR\",\"@id\":\"https:\\\/\\\/www.athenaroyal-cbh.com\\\/fr\\\/the-hotel\\\/location\\\/#primaryimage\",\"url\":\"https:\\\/\\\/www.athenaroyal-cbh.com\\\/app\\\/uploads\\\/sites\\\/32\\\/2019\\\/05\\\/athena-royal-beach-hotel-cabanas0_resized.jpg\",\"contentUrl\":\"https:\\\/\\\/www.athenaroyal-cbh.com\\\/app\\\/uploads\\\/sites\\\/32\\\/2019\\\/05\\\/athena-royal-beach-hotel-cabanas0_resized.jpg\",\"width\":1920,\"height\":1277},{\"@type\":\"BreadcrumbList\",\"@id\":\"https:\\\/\\\/www.athenaroyal-cbh.com\\\/fr\\\/the-hotel\\\/location\\\/#breadcrumb\",\"itemListElement\":[{\"@type\":\"ListItem\",\"position\":1,\"name\":\"Home\",\"item\":\"https:\\\/\\\/www.athenaroyal-cbh.com\\\/fr\\\/\"},{\"@type\":\"ListItem\",\"position\":2,\"name\":\"L&#8217;h\u00f4tel\",\"item\":\"https:\\\/\\\/www.athenaroyal-cbh.com\\\/fr\\\/the-hotel\\\/\"},{\"@type\":\"ListItem\",\"position\":3,\"name\":\"Emplacement\"}]},{\"@type\":\"WebSite\",\"@id\":\"https:\\\/\\\/www.athenaroyal-cbh.com\\\/fr\\\/#website\",\"url\":\"https:\\\/\\\/www.athenaroyal-cbh.com\\\/fr\\\/\",\"name\":\"\u0391thena Royal Beach Hotel\",\"description\":\"Constantinou Bros Athena Royal Hotel, 4 star hotel in Paphos Cyprus\",\"potentialAction\":[{\"@type\":\"SearchAction\",\"target\":{\"@type\":\"EntryPoint\",\"urlTemplate\":\"https:\\\/\\\/www.athenaroyal-cbh.com\\\/fr\\\/?s={search_term_string}\"},\"query-input\":{\"@type\":\"PropertyValueSpecification\",\"valueRequired\":true,\"valueName\":\"search_term_string\"}}],\"inLanguage\":\"fr-FR\"}]}<\/script>\n<!-- \/ Yoast SEO plugin. -->","yoast_head_json":{"title":"Luxueux h\u00f4tel de plage \u00e0 Paphos (Chypre) || Athena Royal Hotel","description":"Profitez de l'emplacement exceptionnel de notre luxueux h\u00f4tel de plage de Paphos, l'Athena Royal Hotel by Constantinou Bros, situ\u00e9 \u00e0 Kato Paphos, le long du littoral.","robots":{"index":"index","follow":"follow","max-snippet":"max-snippet:-1","max-image-preview":"max-image-preview:large","max-video-preview":"max-video-preview:-1"},"canonical":"https:\/\/www.athenaroyal-cbh.com\/fr\/the-hotel\/location\/","og_locale":"fr_FR","og_type":"article","og_title":"Luxueux h\u00f4tel de plage \u00e0 Paphos (Chypre) || Athena Royal Hotel","og_description":"Profitez de l'emplacement exceptionnel de notre luxueux h\u00f4tel de plage de Paphos, l'Athena Royal Hotel by Constantinou Bros, situ\u00e9 \u00e0 Kato Paphos, le long du littoral.","og_url":"https:\/\/www.athenaroyal-cbh.com\/fr\/the-hotel\/location\/","og_site_name":"\u0391thena Royal Beach Hotel","article_modified_time":"2024-09-16T14:23:36+00:00","og_image":[{"width":1920,"height":1277,"url":"https:\/\/www.athenaroyal-cbh.com\/app\/uploads\/sites\/32\/2019\/05\/athena-royal-beach-hotel-cabanas0_resized.jpg","type":"image\/jpeg"}],"twitter_card":"summary_large_image","twitter_misc":{"Dur\u00e9e de lecture estim\u00e9e":"3 minutes"},"schema":{"@context":"https:\/\/schema.org","@graph":[{"@type":"WebPage","@id":"https:\/\/www.athenaroyal-cbh.com\/fr\/the-hotel\/location\/","url":"https:\/\/www.athenaroyal-cbh.com\/fr\/the-hotel\/location\/","name":"Luxueux h\u00f4tel de plage \u00e0 Paphos (Chypre) || Athena Royal Hotel","isPartOf":{"@id":"https:\/\/www.athenaroyal-cbh.com\/fr\/#website"},"primaryImageOfPage":{"@id":"https:\/\/www.athenaroyal-cbh.com\/fr\/the-hotel\/location\/#primaryimage"},"image":{"@id":"https:\/\/www.athenaroyal-cbh.com\/fr\/the-hotel\/location\/#primaryimage"},"thumbnailUrl":"https:\/\/www.athenaroyal-cbh.com\/app\/uploads\/sites\/32\/2019\/05\/athena-royal-beach-hotel-cabanas0_resized.jpg","datePublished":"2022-03-30T14:46:51+00:00","dateModified":"2024-09-16T14:23:36+00:00","description":"Profitez de l'emplacement exceptionnel de notre luxueux h\u00f4tel de plage de Paphos, l'Athena Royal Hotel by Constantinou Bros, situ\u00e9 \u00e0 Kato Paphos, le long du littoral.","breadcrumb":{"@id":"https:\/\/www.athenaroyal-cbh.com\/fr\/the-hotel\/location\/#breadcrumb"},"inLanguage":"fr-FR","potentialAction":[{"@type":"ReadAction","target":["https:\/\/www.athenaroyal-cbh.com\/fr\/the-hotel\/location\/"]}]},{"@type":"ImageObject","inLanguage":"fr-FR","@id":"https:\/\/www.athenaroyal-cbh.com\/fr\/the-hotel\/location\/#primaryimage","url":"https:\/\/www.athenaroyal-cbh.com\/app\/uploads\/sites\/32\/2019\/05\/athena-royal-beach-hotel-cabanas0_resized.jpg","contentUrl":"https:\/\/www.athenaroyal-cbh.com\/app\/uploads\/sites\/32\/2019\/05\/athena-royal-beach-hotel-cabanas0_resized.jpg","width":1920,"height":1277},{"@type":"BreadcrumbList","@id":"https:\/\/www.athenaroyal-cbh.com\/fr\/the-hotel\/location\/#breadcrumb","itemListElement":[{"@type":"ListItem","position":1,"name":"Home","item":"https:\/\/www.athenaroyal-cbh.com\/fr\/"},{"@type":"ListItem","position":2,"name":"L&#8217;h\u00f4tel","item":"https:\/\/www.athenaroyal-cbh.com\/fr\/the-hotel\/"},{"@type":"ListItem","position":3,"name":"Emplacement"}]},{"@type":"WebSite","@id":"https:\/\/www.athenaroyal-cbh.com\/fr\/#website","url":"https:\/\/www.athenaroyal-cbh.com\/fr\/","name":"\u0391thena Royal Beach Hotel","description":"Constantinou Bros Athena Royal Hotel, 4 star hotel in Paphos Cyprus","potentialAction":[{"@type":"SearchAction","target":{"@type":"EntryPoint","urlTemplate":"https:\/\/www.athenaroyal-cbh.com\/fr\/?s={search_term_string}"},"query-input":{"@type":"PropertyValueSpecification","valueRequired":true,"valueName":"search_term_string"}}],"inLanguage":"fr-FR"}]}},"_links":{"self":[{"href":"https:\/\/www.athenaroyal-cbh.com\/fr\/wp-json\/wp\/v2\/pages\/9068","targetHints":{"allow":["GET"]}}],"collection":[{"href":"https:\/\/www.athenaroyal-cbh.com\/fr\/wp-json\/wp\/v2\/pages"}],"about":[{"href":"https:\/\/www.athenaroyal-cbh.com\/fr\/wp-json\/wp\/v2\/types\/page"}],"author":[{"embeddable":true,"href":"https:\/\/www.athenaroyal-cbh.com\/fr\/wp-json\/wp\/v2\/users\/1"}],"replies":[{"embeddable":true,"href":"https:\/\/www.athenaroyal-cbh.com\/fr\/wp-json\/wp\/v2\/comments?post=9068"}],"version-history":[{"count":4,"href":"https:\/\/www.athenaroyal-cbh.com\/fr\/wp-json\/wp\/v2\/pages\/9068\/revisions"}],"predecessor-version":[{"id":26027,"href":"https:\/\/www.athenaroyal-cbh.com\/fr\/wp-json\/wp\/v2\/pages\/9068\/revisions\/26027"}],"up":[{"embeddable":true,"href":"https:\/\/www.athenaroyal-cbh.com\/fr\/wp-json\/wp\/v2\/pages\/9067"}],"wp:featuredmedia":[{"embeddable":true,"href":"https:\/\/www.athenaroyal-cbh.com\/fr\/wp-json\/wp\/v2\/media\/8434"}],"wp:attachment":[{"href":"https:\/\/www.athenaroyal-cbh.com\/fr\/wp-json\/wp\/v2\/media?parent=9068"}],"curies":[{"name":"wp","href":"https:\/\/api.w.org\/{rel}","templated":true}]}}