{"id":9067,"date":"2022-03-30T17:46:50","date_gmt":"2022-03-30T14:46:50","guid":{"rendered":"https:\/\/www.athenaroyal-cbh.com\/the-hotel\/"},"modified":"2025-05-09T10:20:42","modified_gmt":"2025-05-09T07:20:42","slug":"the-hotel","status":"publish","type":"page","link":"https:\/\/www.athenaroyal-cbh.com\/fr\/the-hotel\/","title":{"rendered":"L&rsquo;h\u00f4tel"},"content":{"rendered":"<p>Le Constantinou Bros Athena Royal Beach Hotel est un h\u00f4tel quatre \u00e9toiles en bord de mer, destin\u00e9 aux adultes, situ\u00e9 \u00e0 Kato Paphos. Les lieux d&rsquo;int\u00e9r\u00eat arch\u00e9ologique, les restaurants, les bars et les magasins sont situ\u00e9s \u00e0 une courte distance pratique. A quelques m\u00e8tres de l&rsquo;entr\u00e9e de l&rsquo;h\u00f4tel se trouve un arr\u00eat de bus et des taxis sont toujours disponibles. Le stationnement dans le parking de l&rsquo;h\u00f4tel est gratuit pour les clients. La station est situ\u00e9e \u00e0 15 km de l&rsquo;a\u00e9roport de Paphos et \u00e0 140 km de celui de Larnaca.<\/p>\n<p>Quatre excellents terrains de golf se trouvent \u00e0 une courte distance en voiture. Toutes les chambres offrent de grands balcons avec des vues majestueuses sur la mer ou sur les vastes jardins de l&rsquo;h\u00f4tel. Les \u00e9quipements des chambres comprennent la climatisation et le chauffage, une t\u00e9l\u00e9vision par satellite LCD \u00e0 \u00e9cran plat et une radio, des peignoirs et des chaussons, des coffres-forts, un r\u00e9frig\u00e9rateur, un s\u00e8che-cheveux, un fer \u00e0 repasser, une machine \u00e0 expresso ainsi qu&rsquo;un n\u00e9cessaire \u00e0 th\u00e9 et \u00e0 caf\u00e9.<\/p>\n<p>Les installations de loisirs de cet h\u00f4tel comprennent 3 piscines d&rsquo;eau douce, des jacuzzis int\u00e9rieurs et ext\u00e9rieurs, un court de tennis \u00e9clair\u00e9 et un terrain de p\u00e9tanque de 24 pistes. Profitez d&rsquo;un repas raffin\u00e9 lors des soir\u00e9es \u00e0 th\u00e8me vari\u00e9es de l&rsquo;h\u00f4tel et m\u00eame d&rsquo;un d\u00eener romantique aux chandelles ! Le spa de l&rsquo;h\u00f4tel comprend une piscine chauff\u00e9e, des saunas, un bain de vapeur, une salle de fitness bien \u00e9quip\u00e9e et un salon de coiffure. Un bon choix de massages professionnels ainsi que des soins du corps sont disponibles.<\/p>\n<p>Andrew&rsquo;s Rooftop Bar, situ\u00e9 au 5\u00e8me \u00e9tage, offre aux clients un espace serein pour se d\u00e9tendre avec des cocktails rafra\u00eechissants. Andrew&rsquo;s offre un espace serein pour se d\u00e9tendre avec des cocktails rafra\u00eechissants. Profitez d&rsquo;une vue panoramique \u00e0 couper le souffle sur la mer M\u00e9diterran\u00e9e tout en vous relaxant au son d&rsquo;une musique lounge apaisante. Que vous regardiez le coucher de soleil ou que vous profitiez simplement de la brise du soir, c&rsquo;est l&rsquo;endroit id\u00e9al pour terminer la journ\u00e9e.<\/p>\n","protected":false},"excerpt":{"rendered":"<p>Le Constantinou Bros Athena Royal Beach Hotel est un h\u00f4tel quatre \u00e9toiles en bord de mer, destin\u00e9 aux adultes, situ\u00e9 \u00e0 Kato Paphos. Les lieux d&rsquo;int\u00e9r\u00eat arch\u00e9ologique, les restaurants, les bars et les magasins sont situ\u00e9s \u00e0 une courte distance pratique. A quelques m\u00e8tres de l&rsquo;entr\u00e9e de l&rsquo;h\u00f4tel se trouve un arr\u00eat de bus et<\/p>\n","protected":false},"author":1,"featured_media":8424,"parent":0,"menu_order":0,"comment_status":"closed","ping_status":"closed","template":"page-templates\/simple-list.php","meta":{"_acf_changed":false,"footnotes":""},"class_list":["post-9067","page","type-page","status-publish","has-post-thumbnail","hentry"],"acf":[],"yoast_head":"<!-- This site is optimized with the Yoast SEO plugin v27.4 - https:\/\/yoast.com\/product\/yoast-seo-wordpress\/ -->\n<title>H\u00f4tel de luxe r\u00e9serv\u00e9 aux adultes \u00e0 Paphos, Chypre | Athena Royal Beach<\/title>\n<meta name=\"description\" content=\"Athena Royal by Constantinou Bros Hotels est un havre de paix en bord de mer et un h\u00f4tel de luxe r\u00e9serv\u00e9 aux adultes \u00e0 Paphos, \u00e0 Chypre, pour des vacances des plus romantiques et des plus tranquilles.\" \/>\n<meta name=\"robots\" content=\"index, follow, max-snippet:-1, max-image-preview:large, max-video-preview:-1\" \/>\n<link rel=\"canonical\" href=\"https:\/\/www.athenaroyal-cbh.com\/fr\/the-hotel\/\" \/>\n<meta property=\"og:locale\" content=\"fr_FR\" \/>\n<meta property=\"og:type\" content=\"article\" \/>\n<meta property=\"og:title\" content=\"H\u00f4tel de luxe r\u00e9serv\u00e9 aux adultes \u00e0 Paphos, Chypre | Athena Royal Beach\" \/>\n<meta property=\"og:description\" content=\"Athena Royal by Constantinou Bros Hotels est un havre de paix en bord de mer et un h\u00f4tel de luxe r\u00e9serv\u00e9 aux adultes \u00e0 Paphos, \u00e0 Chypre, pour des vacances des plus romantiques et des plus tranquilles.\" \/>\n<meta property=\"og:url\" content=\"https:\/\/www.athenaroyal-cbh.com\/fr\/the-hotel\/\" \/>\n<meta property=\"og:site_name\" content=\"\u0391thena Royal Beach Hotel\" \/>\n<meta property=\"article:modified_time\" content=\"2025-05-09T07:20:42+00:00\" \/>\n<meta property=\"og:image\" content=\"https:\/\/www.athenaroyal-cbh.com\/app\/uploads\/sites\/32\/2019\/05\/2-athena-royal-beach-hotel_resized.jpg\" \/>\n\t<meta property=\"og:image:width\" content=\"1920\" \/>\n\t<meta property=\"og:image:height\" content=\"1280\" \/>\n\t<meta property=\"og:image:type\" content=\"image\/jpeg\" \/>\n<meta name=\"twitter:card\" content=\"summary_large_image\" \/>\n<meta name=\"twitter:label1\" content=\"Dur\u00e9e de lecture estim\u00e9e\" \/>\n\t<meta name=\"twitter:data1\" content=\"2 minutes\" \/>\n<script type=\"application\/ld+json\" class=\"yoast-schema-graph\">{\"@context\":\"https:\\\/\\\/schema.org\",\"@graph\":[{\"@type\":\"WebPage\",\"@id\":\"https:\\\/\\\/www.athenaroyal-cbh.com\\\/fr\\\/the-hotel\\\/\",\"url\":\"https:\\\/\\\/www.athenaroyal-cbh.com\\\/fr\\\/the-hotel\\\/\",\"name\":\"H\u00f4tel de luxe r\u00e9serv\u00e9 aux adultes \u00e0 Paphos, Chypre | Athena Royal Beach\",\"isPartOf\":{\"@id\":\"https:\\\/\\\/www.athenaroyal-cbh.com\\\/fr\\\/#website\"},\"primaryImageOfPage\":{\"@id\":\"https:\\\/\\\/www.athenaroyal-cbh.com\\\/fr\\\/the-hotel\\\/#primaryimage\"},\"image\":{\"@id\":\"https:\\\/\\\/www.athenaroyal-cbh.com\\\/fr\\\/the-hotel\\\/#primaryimage\"},\"thumbnailUrl\":\"https:\\\/\\\/www.athenaroyal-cbh.com\\\/app\\\/uploads\\\/sites\\\/32\\\/2019\\\/05\\\/2-athena-royal-beach-hotel_resized.jpg\",\"datePublished\":\"2022-03-30T14:46:50+00:00\",\"dateModified\":\"2025-05-09T07:20:42+00:00\",\"description\":\"Athena Royal by Constantinou Bros Hotels est un havre de paix en bord de mer et un h\u00f4tel de luxe r\u00e9serv\u00e9 aux adultes \u00e0 Paphos, \u00e0 Chypre, pour des vacances des plus romantiques et des plus tranquilles.\",\"breadcrumb\":{\"@id\":\"https:\\\/\\\/www.athenaroyal-cbh.com\\\/fr\\\/the-hotel\\\/#breadcrumb\"},\"inLanguage\":\"fr-FR\",\"potentialAction\":[{\"@type\":\"ReadAction\",\"target\":[\"https:\\\/\\\/www.athenaroyal-cbh.com\\\/fr\\\/the-hotel\\\/\"]}]},{\"@type\":\"ImageObject\",\"inLanguage\":\"fr-FR\",\"@id\":\"https:\\\/\\\/www.athenaroyal-cbh.com\\\/fr\\\/the-hotel\\\/#primaryimage\",\"url\":\"https:\\\/\\\/www.athenaroyal-cbh.com\\\/app\\\/uploads\\\/sites\\\/32\\\/2019\\\/05\\\/2-athena-royal-beach-hotel_resized.jpg\",\"contentUrl\":\"https:\\\/\\\/www.athenaroyal-cbh.com\\\/app\\\/uploads\\\/sites\\\/32\\\/2019\\\/05\\\/2-athena-royal-beach-hotel_resized.jpg\",\"width\":1920,\"height\":1280,\"caption\":\"Welcome to Athena Royal Beach Hotel\"},{\"@type\":\"BreadcrumbList\",\"@id\":\"https:\\\/\\\/www.athenaroyal-cbh.com\\\/fr\\\/the-hotel\\\/#breadcrumb\",\"itemListElement\":[{\"@type\":\"ListItem\",\"position\":1,\"name\":\"Home\",\"item\":\"https:\\\/\\\/www.athenaroyal-cbh.com\\\/fr\\\/\"},{\"@type\":\"ListItem\",\"position\":2,\"name\":\"L&#8217;h\u00f4tel\"}]},{\"@type\":\"WebSite\",\"@id\":\"https:\\\/\\\/www.athenaroyal-cbh.com\\\/fr\\\/#website\",\"url\":\"https:\\\/\\\/www.athenaroyal-cbh.com\\\/fr\\\/\",\"name\":\"\u0391thena Royal Beach Hotel\",\"description\":\"Constantinou Bros Athena Royal Hotel, 4 star hotel in Paphos Cyprus\",\"potentialAction\":[{\"@type\":\"SearchAction\",\"target\":{\"@type\":\"EntryPoint\",\"urlTemplate\":\"https:\\\/\\\/www.athenaroyal-cbh.com\\\/fr\\\/?s={search_term_string}\"},\"query-input\":{\"@type\":\"PropertyValueSpecification\",\"valueRequired\":true,\"valueName\":\"search_term_string\"}}],\"inLanguage\":\"fr-FR\"}]}<\/script>\n<!-- \/ Yoast SEO plugin. -->","yoast_head_json":{"title":"H\u00f4tel de luxe r\u00e9serv\u00e9 aux adultes \u00e0 Paphos, Chypre | Athena Royal Beach","description":"Athena Royal by Constantinou Bros Hotels est un havre de paix en bord de mer et un h\u00f4tel de luxe r\u00e9serv\u00e9 aux adultes \u00e0 Paphos, \u00e0 Chypre, pour des vacances des plus romantiques et des plus tranquilles.","robots":{"index":"index","follow":"follow","max-snippet":"max-snippet:-1","max-image-preview":"max-image-preview:large","max-video-preview":"max-video-preview:-1"},"canonical":"https:\/\/www.athenaroyal-cbh.com\/fr\/the-hotel\/","og_locale":"fr_FR","og_type":"article","og_title":"H\u00f4tel de luxe r\u00e9serv\u00e9 aux adultes \u00e0 Paphos, Chypre | Athena Royal Beach","og_description":"Athena Royal by Constantinou Bros Hotels est un havre de paix en bord de mer et un h\u00f4tel de luxe r\u00e9serv\u00e9 aux adultes \u00e0 Paphos, \u00e0 Chypre, pour des vacances des plus romantiques et des plus tranquilles.","og_url":"https:\/\/www.athenaroyal-cbh.com\/fr\/the-hotel\/","og_site_name":"\u0391thena Royal Beach Hotel","article_modified_time":"2025-05-09T07:20:42+00:00","og_image":[{"width":1920,"height":1280,"url":"https:\/\/www.athenaroyal-cbh.com\/app\/uploads\/sites\/32\/2019\/05\/2-athena-royal-beach-hotel_resized.jpg","type":"image\/jpeg"}],"twitter_card":"summary_large_image","twitter_misc":{"Dur\u00e9e de lecture estim\u00e9e":"2 minutes"},"schema":{"@context":"https:\/\/schema.org","@graph":[{"@type":"WebPage","@id":"https:\/\/www.athenaroyal-cbh.com\/fr\/the-hotel\/","url":"https:\/\/www.athenaroyal-cbh.com\/fr\/the-hotel\/","name":"H\u00f4tel de luxe r\u00e9serv\u00e9 aux adultes \u00e0 Paphos, Chypre | Athena Royal Beach","isPartOf":{"@id":"https:\/\/www.athenaroyal-cbh.com\/fr\/#website"},"primaryImageOfPage":{"@id":"https:\/\/www.athenaroyal-cbh.com\/fr\/the-hotel\/#primaryimage"},"image":{"@id":"https:\/\/www.athenaroyal-cbh.com\/fr\/the-hotel\/#primaryimage"},"thumbnailUrl":"https:\/\/www.athenaroyal-cbh.com\/app\/uploads\/sites\/32\/2019\/05\/2-athena-royal-beach-hotel_resized.jpg","datePublished":"2022-03-30T14:46:50+00:00","dateModified":"2025-05-09T07:20:42+00:00","description":"Athena Royal by Constantinou Bros Hotels est un havre de paix en bord de mer et un h\u00f4tel de luxe r\u00e9serv\u00e9 aux adultes \u00e0 Paphos, \u00e0 Chypre, pour des vacances des plus romantiques et des plus tranquilles.","breadcrumb":{"@id":"https:\/\/www.athenaroyal-cbh.com\/fr\/the-hotel\/#breadcrumb"},"inLanguage":"fr-FR","potentialAction":[{"@type":"ReadAction","target":["https:\/\/www.athenaroyal-cbh.com\/fr\/the-hotel\/"]}]},{"@type":"ImageObject","inLanguage":"fr-FR","@id":"https:\/\/www.athenaroyal-cbh.com\/fr\/the-hotel\/#primaryimage","url":"https:\/\/www.athenaroyal-cbh.com\/app\/uploads\/sites\/32\/2019\/05\/2-athena-royal-beach-hotel_resized.jpg","contentUrl":"https:\/\/www.athenaroyal-cbh.com\/app\/uploads\/sites\/32\/2019\/05\/2-athena-royal-beach-hotel_resized.jpg","width":1920,"height":1280,"caption":"Welcome to Athena Royal Beach Hotel"},{"@type":"BreadcrumbList","@id":"https:\/\/www.athenaroyal-cbh.com\/fr\/the-hotel\/#breadcrumb","itemListElement":[{"@type":"ListItem","position":1,"name":"Home","item":"https:\/\/www.athenaroyal-cbh.com\/fr\/"},{"@type":"ListItem","position":2,"name":"L&#8217;h\u00f4tel"}]},{"@type":"WebSite","@id":"https:\/\/www.athenaroyal-cbh.com\/fr\/#website","url":"https:\/\/www.athenaroyal-cbh.com\/fr\/","name":"\u0391thena Royal Beach Hotel","description":"Constantinou Bros Athena Royal Hotel, 4 star hotel in Paphos Cyprus","potentialAction":[{"@type":"SearchAction","target":{"@type":"EntryPoint","urlTemplate":"https:\/\/www.athenaroyal-cbh.com\/fr\/?s={search_term_string}"},"query-input":{"@type":"PropertyValueSpecification","valueRequired":true,"valueName":"search_term_string"}}],"inLanguage":"fr-FR"}]}},"_links":{"self":[{"href":"https:\/\/www.athenaroyal-cbh.com\/fr\/wp-json\/wp\/v2\/pages\/9067","targetHints":{"allow":["GET"]}}],"collection":[{"href":"https:\/\/www.athenaroyal-cbh.com\/fr\/wp-json\/wp\/v2\/pages"}],"about":[{"href":"https:\/\/www.athenaroyal-cbh.com\/fr\/wp-json\/wp\/v2\/types\/page"}],"author":[{"embeddable":true,"href":"https:\/\/www.athenaroyal-cbh.com\/fr\/wp-json\/wp\/v2\/users\/1"}],"replies":[{"embeddable":true,"href":"https:\/\/www.athenaroyal-cbh.com\/fr\/wp-json\/wp\/v2\/comments?post=9067"}],"version-history":[{"count":4,"href":"https:\/\/www.athenaroyal-cbh.com\/fr\/wp-json\/wp\/v2\/pages\/9067\/revisions"}],"predecessor-version":[{"id":26577,"href":"https:\/\/www.athenaroyal-cbh.com\/fr\/wp-json\/wp\/v2\/pages\/9067\/revisions\/26577"}],"wp:featuredmedia":[{"embeddable":true,"href":"https:\/\/www.athenaroyal-cbh.com\/fr\/wp-json\/wp\/v2\/media\/8424"}],"wp:attachment":[{"href":"https:\/\/www.athenaroyal-cbh.com\/fr\/wp-json\/wp\/v2\/media?parent=9067"}],"curies":[{"name":"wp","href":"https:\/\/api.w.org\/{rel}","templated":true}]}}