{"id":9066,"date":"2022-03-30T17:46:50","date_gmt":"2022-03-30T14:46:50","guid":{"rendered":"https:\/\/www.athenaroyal-cbh.com\/restaurants\/"},"modified":"2024-09-16T17:24:24","modified_gmt":"2024-09-16T14:24:24","slug":"restaurants","status":"publish","type":"page","link":"https:\/\/www.athenaroyal-cbh.com\/fr\/dining\/restaurants\/","title":{"rendered":"Restaurants"},"content":{"rendered":"<h1 class=\"entry-title title-size font-regular text-center mt-5\">D\u00e9couvrez tous les restaurants de l&rsquo;h\u00f4tel Athena Royal Beach \u00e0 Paphos.<\/h1>\n<p>&nbsp;<\/p>\n<h4>Choisissez parmi cinq restaurants et laissez-nous vous g\u00e2ter avec un m\u00e9lange de saveurs qui ravira vos sens.<\/h4>\n<h4>Restaurant Oasis<\/h4>\n<p>Profitez d&rsquo;un petit d\u00e9jeuner buffet enrichi servi \u00e0 l&rsquo;int\u00e9rieur et \u00e0 l&rsquo;ext\u00e9rieur. Vous pouvez prendre un d\u00e9jeuner l\u00e9ger au restaurant Oasis parmi la d\u00e9licieuse s\u00e9lection de salades, de collations et de desserts ou de repas l\u00e9gers.<\/p>\n<h4>Restaurant Pygmalion<\/h4>\n<p>Ouvert pour\u00a0: petit-d\u00e9jeuner pour la classe Elite (chambres sup\u00e9rieures et suites). Si vous s\u00e9journez dans l&rsquo;une de nos chambres sup\u00e9rieures et suites, vous pourrez profiter d&rsquo;un petit-d\u00e9jeuner tardif jusqu&rsquo;\u00e0 11 heures. Chaque soir, nous vous proposons un d\u00e9licieux d\u00eener buffet servi \u00e0 l&rsquo;int\u00e9rieur ou \u00e0 l&rsquo;ext\u00e9rieur. La cuisine de d\u00e9monstration est un point culminant populaire ici. Gardez un \u0153il sur notre programme d&rsquo;\u00e9v\u00e9nements car vous ne voulez pas manquer nos soir\u00e9es \u00e0 th\u00e8me sp\u00e9ciales \u00e0 la piscine Oasis (mai-octobre).<\/p>\n<h4>Restaurant Aphrodite<\/h4>\n<p>Pour un merveilleux changement, pourquoi ne pas r\u00e9server une table au restaurant \u00e0 la carte Aphrodite pour ce d\u00eener sp\u00e9cial suppl\u00e9mentaire. Ce sera une soir\u00e9e \u00e9l\u00e9gante de vos vacances que vous ch\u00e9rirez longtemps apr\u00e8s la disparition du bronzage. Les clients en demi-pension peuvent \u00e9galement profiter d&rsquo;un d\u00eener de menu Table d&rsquo;h\u00f4te \u00e0 quatre plats sans suppl\u00e9ment.<\/p>\n<h4>Restaurant de l&rsquo;Olivier<\/h4>\n<p>Situ\u00e9 \u00e0 c\u00f4t\u00e9 de la piscine principale et surplombant la mer, le restaurant Olive Tree est l&rsquo;endroit id\u00e9al pour d\u00e9jeuner tranquillement en choisissant parmi un assortiment de d\u00e9licieux plats l\u00e9gers, salades fra\u00eeches, collations et desserts tout en sirotant votre boisson pr\u00e9f\u00e9r\u00e9e. Pour le d\u00eener, vous pourrez \u00e9galement d\u00e9guster nos d\u00e9licieuses sp\u00e9cialit\u00e9s italiennes.<\/p>\n<h4>Restaurant \u00c9velina<\/h4>\n<p>Profitez d&rsquo;un petit-d\u00e9jeuner buffet m\u00e9diterran\u00e9en enrichi et d&rsquo;un petit-d\u00e9jeuner chypriote.<\/p>\n<div class=\"title\">\n<p><strong>*Code vestimentaire<\/strong><\/p>\n<ul>\n<li>Les clients sont pri\u00e9s de s&rsquo;habiller convenablement dans tous les restaurants et bars le soir (les shorts, les t-shirts sans manches, les maillots de bain et les tongs ne sont pas autoris\u00e9s).<\/li>\n<li>Les messieurs sont pri\u00e9s de porter des pantalons longs dans le restaurant \u00e0 la carte Aphrodite le soir.<\/li>\n<li>Les v\u00eatements d\u00e9contract\u00e9s sont acceptables dans tous les espaces publics. N\u00e9anmoins, les v\u00eatements mouill\u00e9s ou les maillots de bain torse nu ne sont pas autoris\u00e9s dans les espaces publics int\u00e9rieurs, en particulier le hall, les bars ou les restaurants.<\/li>\n<\/ul>\n<\/div>\n","protected":false},"excerpt":{"rendered":"<p>D\u00e9couvrez tous les restaurants de l&rsquo;h\u00f4tel Athena Royal Beach \u00e0 Paphos. &nbsp; Choisissez parmi cinq restaurants et laissez-nous vous g\u00e2ter avec un m\u00e9lange de saveurs qui ravira vos sens. Restaurant Oasis Profitez d&rsquo;un petit d\u00e9jeuner buffet enrichi servi \u00e0 l&rsquo;int\u00e9rieur et \u00e0 l&rsquo;ext\u00e9rieur. Vous pouvez prendre un d\u00e9jeuner l\u00e9ger au restaurant Oasis parmi la d\u00e9licieuse<\/p>\n","protected":false},"author":1,"featured_media":13284,"parent":9065,"menu_order":0,"comment_status":"closed","ping_status":"closed","template":"","meta":{"_acf_changed":false,"footnotes":""},"class_list":["post-9066","page","type-page","status-publish","has-post-thumbnail","hentry"],"acf":[],"yoast_head":"<!-- This site is optimized with the Yoast SEO plugin v27.4 - https:\/\/yoast.com\/product\/yoast-seo-wordpress\/ -->\n<title>Athena Royal Beach hotel Paphos restaurants || Athena Royal<\/title>\n<meta name=\"description\" content=\"D\u00e9lectez vos sens dans les restaurants de l&#039;h\u00f4tel Athena Royal Beach Paphos, qui allient un service courtois \u00e0 des saveurs all\u00e9chantes pour tous les palais.\" \/>\n<meta name=\"robots\" content=\"index, follow, max-snippet:-1, max-image-preview:large, max-video-preview:-1\" \/>\n<link rel=\"canonical\" href=\"https:\/\/www.athenaroyal-cbh.com\/fr\/dining\/restaurants\/\" \/>\n<meta property=\"og:locale\" content=\"fr_FR\" \/>\n<meta property=\"og:type\" content=\"article\" \/>\n<meta property=\"og:title\" content=\"Athena Royal Beach hotel Paphos restaurants || Athena Royal\" \/>\n<meta property=\"og:description\" content=\"D\u00e9lectez vos sens dans les restaurants de l&#039;h\u00f4tel Athena Royal Beach Paphos, qui allient un service courtois \u00e0 des saveurs all\u00e9chantes pour tous les palais.\" \/>\n<meta property=\"og:url\" content=\"https:\/\/www.athenaroyal-cbh.com\/fr\/dining\/restaurants\/\" \/>\n<meta property=\"og:site_name\" content=\"\u0391thena Royal Beach Hotel\" \/>\n<meta property=\"article:modified_time\" content=\"2024-09-16T14:24:24+00:00\" \/>\n<meta property=\"og:image\" content=\"https:\/\/www.athenaroyal-cbh.com\/app\/uploads\/sites\/32\/2022\/07\/19.1-ATHENA-ROYAL-BEACH-HOTEL-OLIVE-TREE-MEDITERRANEAN-A-LA-CARTE-RESTAURANT.jpg\" \/>\n\t<meta property=\"og:image:width\" content=\"8256\" \/>\n\t<meta property=\"og:image:height\" content=\"5504\" \/>\n\t<meta property=\"og:image:type\" content=\"image\/jpeg\" \/>\n<meta name=\"twitter:card\" content=\"summary_large_image\" \/>\n<meta name=\"twitter:label1\" content=\"Dur\u00e9e de lecture estim\u00e9e\" \/>\n\t<meta name=\"twitter:data1\" content=\"2 minutes\" \/>\n<script type=\"application\/ld+json\" class=\"yoast-schema-graph\">{\"@context\":\"https:\\\/\\\/schema.org\",\"@graph\":[{\"@type\":\"WebPage\",\"@id\":\"https:\\\/\\\/www.athenaroyal-cbh.com\\\/fr\\\/dining\\\/restaurants\\\/\",\"url\":\"https:\\\/\\\/www.athenaroyal-cbh.com\\\/fr\\\/dining\\\/restaurants\\\/\",\"name\":\"Athena Royal Beach hotel Paphos restaurants || Athena Royal\",\"isPartOf\":{\"@id\":\"https:\\\/\\\/www.athenaroyal-cbh.com\\\/fr\\\/#website\"},\"primaryImageOfPage\":{\"@id\":\"https:\\\/\\\/www.athenaroyal-cbh.com\\\/fr\\\/dining\\\/restaurants\\\/#primaryimage\"},\"image\":{\"@id\":\"https:\\\/\\\/www.athenaroyal-cbh.com\\\/fr\\\/dining\\\/restaurants\\\/#primaryimage\"},\"thumbnailUrl\":\"https:\\\/\\\/www.athenaroyal-cbh.com\\\/app\\\/uploads\\\/sites\\\/32\\\/2022\\\/07\\\/19.1-ATHENA-ROYAL-BEACH-HOTEL-OLIVE-TREE-MEDITERRANEAN-A-LA-CARTE-RESTAURANT.jpg\",\"datePublished\":\"2022-03-30T14:46:50+00:00\",\"dateModified\":\"2024-09-16T14:24:24+00:00\",\"description\":\"D\u00e9lectez vos sens dans les restaurants de l'h\u00f4tel Athena Royal Beach Paphos, qui allient un service courtois \u00e0 des saveurs all\u00e9chantes pour tous les palais.\",\"breadcrumb\":{\"@id\":\"https:\\\/\\\/www.athenaroyal-cbh.com\\\/fr\\\/dining\\\/restaurants\\\/#breadcrumb\"},\"inLanguage\":\"fr-FR\",\"potentialAction\":[{\"@type\":\"ReadAction\",\"target\":[\"https:\\\/\\\/www.athenaroyal-cbh.com\\\/fr\\\/dining\\\/restaurants\\\/\"]}]},{\"@type\":\"ImageObject\",\"inLanguage\":\"fr-FR\",\"@id\":\"https:\\\/\\\/www.athenaroyal-cbh.com\\\/fr\\\/dining\\\/restaurants\\\/#primaryimage\",\"url\":\"https:\\\/\\\/www.athenaroyal-cbh.com\\\/app\\\/uploads\\\/sites\\\/32\\\/2022\\\/07\\\/19.1-ATHENA-ROYAL-BEACH-HOTEL-OLIVE-TREE-MEDITERRANEAN-A-LA-CARTE-RESTAURANT.jpg\",\"contentUrl\":\"https:\\\/\\\/www.athenaroyal-cbh.com\\\/app\\\/uploads\\\/sites\\\/32\\\/2022\\\/07\\\/19.1-ATHENA-ROYAL-BEACH-HOTEL-OLIVE-TREE-MEDITERRANEAN-A-LA-CARTE-RESTAURANT.jpg\",\"width\":8256,\"height\":5504},{\"@type\":\"BreadcrumbList\",\"@id\":\"https:\\\/\\\/www.athenaroyal-cbh.com\\\/fr\\\/dining\\\/restaurants\\\/#breadcrumb\",\"itemListElement\":[{\"@type\":\"ListItem\",\"position\":1,\"name\":\"Home\",\"item\":\"https:\\\/\\\/www.athenaroyal-cbh.com\\\/fr\\\/\"},{\"@type\":\"ListItem\",\"position\":2,\"name\":\"Salle \u00e0 manger\",\"item\":\"https:\\\/\\\/www.athenaroyal-cbh.com\\\/fr\\\/dining\\\/\"},{\"@type\":\"ListItem\",\"position\":3,\"name\":\"Restaurants\"}]},{\"@type\":\"WebSite\",\"@id\":\"https:\\\/\\\/www.athenaroyal-cbh.com\\\/fr\\\/#website\",\"url\":\"https:\\\/\\\/www.athenaroyal-cbh.com\\\/fr\\\/\",\"name\":\"\u0391thena Royal Beach Hotel\",\"description\":\"Constantinou Bros Athena Royal Hotel, 4 star hotel in Paphos Cyprus\",\"potentialAction\":[{\"@type\":\"SearchAction\",\"target\":{\"@type\":\"EntryPoint\",\"urlTemplate\":\"https:\\\/\\\/www.athenaroyal-cbh.com\\\/fr\\\/?s={search_term_string}\"},\"query-input\":{\"@type\":\"PropertyValueSpecification\",\"valueRequired\":true,\"valueName\":\"search_term_string\"}}],\"inLanguage\":\"fr-FR\"}]}<\/script>\n<!-- \/ Yoast SEO plugin. -->","yoast_head_json":{"title":"Athena Royal Beach hotel Paphos restaurants || Athena Royal","description":"D\u00e9lectez vos sens dans les restaurants de l'h\u00f4tel Athena Royal Beach Paphos, qui allient un service courtois \u00e0 des saveurs all\u00e9chantes pour tous les palais.","robots":{"index":"index","follow":"follow","max-snippet":"max-snippet:-1","max-image-preview":"max-image-preview:large","max-video-preview":"max-video-preview:-1"},"canonical":"https:\/\/www.athenaroyal-cbh.com\/fr\/dining\/restaurants\/","og_locale":"fr_FR","og_type":"article","og_title":"Athena Royal Beach hotel Paphos restaurants || Athena Royal","og_description":"D\u00e9lectez vos sens dans les restaurants de l'h\u00f4tel Athena Royal Beach Paphos, qui allient un service courtois \u00e0 des saveurs all\u00e9chantes pour tous les palais.","og_url":"https:\/\/www.athenaroyal-cbh.com\/fr\/dining\/restaurants\/","og_site_name":"\u0391thena Royal Beach Hotel","article_modified_time":"2024-09-16T14:24:24+00:00","og_image":[{"width":8256,"height":5504,"url":"https:\/\/www.athenaroyal-cbh.com\/app\/uploads\/sites\/32\/2022\/07\/19.1-ATHENA-ROYAL-BEACH-HOTEL-OLIVE-TREE-MEDITERRANEAN-A-LA-CARTE-RESTAURANT.jpg","type":"image\/jpeg"}],"twitter_card":"summary_large_image","twitter_misc":{"Dur\u00e9e de lecture estim\u00e9e":"2 minutes"},"schema":{"@context":"https:\/\/schema.org","@graph":[{"@type":"WebPage","@id":"https:\/\/www.athenaroyal-cbh.com\/fr\/dining\/restaurants\/","url":"https:\/\/www.athenaroyal-cbh.com\/fr\/dining\/restaurants\/","name":"Athena Royal Beach hotel Paphos restaurants || Athena Royal","isPartOf":{"@id":"https:\/\/www.athenaroyal-cbh.com\/fr\/#website"},"primaryImageOfPage":{"@id":"https:\/\/www.athenaroyal-cbh.com\/fr\/dining\/restaurants\/#primaryimage"},"image":{"@id":"https:\/\/www.athenaroyal-cbh.com\/fr\/dining\/restaurants\/#primaryimage"},"thumbnailUrl":"https:\/\/www.athenaroyal-cbh.com\/app\/uploads\/sites\/32\/2022\/07\/19.1-ATHENA-ROYAL-BEACH-HOTEL-OLIVE-TREE-MEDITERRANEAN-A-LA-CARTE-RESTAURANT.jpg","datePublished":"2022-03-30T14:46:50+00:00","dateModified":"2024-09-16T14:24:24+00:00","description":"D\u00e9lectez vos sens dans les restaurants de l'h\u00f4tel Athena Royal Beach Paphos, qui allient un service courtois \u00e0 des saveurs all\u00e9chantes pour tous les palais.","breadcrumb":{"@id":"https:\/\/www.athenaroyal-cbh.com\/fr\/dining\/restaurants\/#breadcrumb"},"inLanguage":"fr-FR","potentialAction":[{"@type":"ReadAction","target":["https:\/\/www.athenaroyal-cbh.com\/fr\/dining\/restaurants\/"]}]},{"@type":"ImageObject","inLanguage":"fr-FR","@id":"https:\/\/www.athenaroyal-cbh.com\/fr\/dining\/restaurants\/#primaryimage","url":"https:\/\/www.athenaroyal-cbh.com\/app\/uploads\/sites\/32\/2022\/07\/19.1-ATHENA-ROYAL-BEACH-HOTEL-OLIVE-TREE-MEDITERRANEAN-A-LA-CARTE-RESTAURANT.jpg","contentUrl":"https:\/\/www.athenaroyal-cbh.com\/app\/uploads\/sites\/32\/2022\/07\/19.1-ATHENA-ROYAL-BEACH-HOTEL-OLIVE-TREE-MEDITERRANEAN-A-LA-CARTE-RESTAURANT.jpg","width":8256,"height":5504},{"@type":"BreadcrumbList","@id":"https:\/\/www.athenaroyal-cbh.com\/fr\/dining\/restaurants\/#breadcrumb","itemListElement":[{"@type":"ListItem","position":1,"name":"Home","item":"https:\/\/www.athenaroyal-cbh.com\/fr\/"},{"@type":"ListItem","position":2,"name":"Salle \u00e0 manger","item":"https:\/\/www.athenaroyal-cbh.com\/fr\/dining\/"},{"@type":"ListItem","position":3,"name":"Restaurants"}]},{"@type":"WebSite","@id":"https:\/\/www.athenaroyal-cbh.com\/fr\/#website","url":"https:\/\/www.athenaroyal-cbh.com\/fr\/","name":"\u0391thena Royal Beach Hotel","description":"Constantinou Bros Athena Royal Hotel, 4 star hotel in Paphos Cyprus","potentialAction":[{"@type":"SearchAction","target":{"@type":"EntryPoint","urlTemplate":"https:\/\/www.athenaroyal-cbh.com\/fr\/?s={search_term_string}"},"query-input":{"@type":"PropertyValueSpecification","valueRequired":true,"valueName":"search_term_string"}}],"inLanguage":"fr-FR"}]}},"_links":{"self":[{"href":"https:\/\/www.athenaroyal-cbh.com\/fr\/wp-json\/wp\/v2\/pages\/9066","targetHints":{"allow":["GET"]}}],"collection":[{"href":"https:\/\/www.athenaroyal-cbh.com\/fr\/wp-json\/wp\/v2\/pages"}],"about":[{"href":"https:\/\/www.athenaroyal-cbh.com\/fr\/wp-json\/wp\/v2\/types\/page"}],"author":[{"embeddable":true,"href":"https:\/\/www.athenaroyal-cbh.com\/fr\/wp-json\/wp\/v2\/users\/1"}],"replies":[{"embeddable":true,"href":"https:\/\/www.athenaroyal-cbh.com\/fr\/wp-json\/wp\/v2\/comments?post=9066"}],"version-history":[{"count":4,"href":"https:\/\/www.athenaroyal-cbh.com\/fr\/wp-json\/wp\/v2\/pages\/9066\/revisions"}],"predecessor-version":[{"id":25997,"href":"https:\/\/www.athenaroyal-cbh.com\/fr\/wp-json\/wp\/v2\/pages\/9066\/revisions\/25997"}],"up":[{"embeddable":true,"href":"https:\/\/www.athenaroyal-cbh.com\/fr\/wp-json\/wp\/v2\/pages\/9065"}],"wp:featuredmedia":[{"embeddable":true,"href":"https:\/\/www.athenaroyal-cbh.com\/fr\/wp-json\/wp\/v2\/media\/13284"}],"wp:attachment":[{"href":"https:\/\/www.athenaroyal-cbh.com\/fr\/wp-json\/wp\/v2\/media?parent=9066"}],"curies":[{"name":"wp","href":"https:\/\/api.w.org\/{rel}","templated":true}]}}