{"id":9064,"date":"2022-03-30T17:46:47","date_gmt":"2022-03-30T14:46:47","guid":{"rendered":"https:\/\/www.athenaroyal-cbh.com\/home\/"},"modified":"2025-09-24T09:53:34","modified_gmt":"2025-09-24T06:53:34","slug":"bienvenue-a-lhotelathena-royal-beach","status":"publish","type":"page","link":"https:\/\/www.athenaroyal-cbh.com\/fr\/","title":{"rendered":"Une destination luxueuse au bord de l&rsquo;eau"},"content":{"rendered":"<p>B\u00e9n\u00e9ficiez d&rsquo;une qualit\u00e9 de service in\u00e9gal\u00e9e. Le Constantinou Bros Athena Royal Beach Hotel comprend 208 chambres magnifiquement d\u00e9cor\u00e9es, con\u00e7ues pour r\u00e9pondre \u00e0 vos besoins personnels et offrant une vue majestueuse sur la mer ou sur nos jardins priv\u00e9s color\u00e9s.<\/p>\n<p style=\"text-align: center;\"><a href=\"https:\/\/www.athenaroyal-cbh.com\/fr\/the-hotel\/\">Lire la suite<\/a><\/p>\n","protected":false},"excerpt":{"rendered":"<p>B\u00e9n\u00e9ficiez d&rsquo;une qualit\u00e9 de service in\u00e9gal\u00e9e. Le Constantinou Bros Athena Royal Beach Hotel comprend 208 chambres magnifiquement d\u00e9cor\u00e9es, con\u00e7ues pour r\u00e9pondre \u00e0 vos besoins personnels et offrant une vue majestueuse sur la mer ou sur nos jardins priv\u00e9s color\u00e9s. Lire la suite<\/p>\n","protected":false},"author":2,"featured_media":8434,"parent":0,"menu_order":0,"comment_status":"closed","ping_status":"closed","template":"","meta":{"_acf_changed":false,"footnotes":""},"class_list":["post-9064","page","type-page","status-publish","has-post-thumbnail","hentry"],"acf":[],"yoast_head":"<!-- This site is optimized with the Yoast SEO plugin v27.5 - https:\/\/yoast.com\/product\/yoast-seo-wordpress\/ -->\n<title>H\u00f4tel de luxe en bord de mer \u00e0 Paphos | Athena Royal Beach Hotel<\/title>\n<meta name=\"description\" content=\"L&#039;Athena Royal Beach Hotel de Constantinou Bros Hotels est un h\u00f4tel de luxe de Paphos \u00e0 Chypre, un havre de paix en bord de mer pour les adultes seulement, pour des vacances inoubliables.\" \/>\n<meta name=\"robots\" content=\"index, follow, max-snippet:-1, max-image-preview:large, max-video-preview:-1\" \/>\n<link rel=\"canonical\" href=\"https:\/\/www.athenaroyal-cbh.com\/fr\/\" \/>\n<meta property=\"og:locale\" content=\"fr_FR\" \/>\n<meta property=\"og:type\" content=\"article\" \/>\n<meta property=\"og:title\" content=\"H\u00f4tel de luxe en bord de mer \u00e0 Paphos | Athena Royal Beach Hotel\" \/>\n<meta property=\"og:description\" content=\"L&#039;Athena Royal Beach Hotel de Constantinou Bros Hotels est un h\u00f4tel de luxe de Paphos \u00e0 Chypre, un havre de paix en bord de mer pour les adultes seulement, pour des vacances inoubliables.\" \/>\n<meta property=\"og:url\" content=\"https:\/\/www.athenaroyal-cbh.com\/fr\/\" \/>\n<meta property=\"og:site_name\" content=\"\u0391thena Royal Beach Hotel\" \/>\n<meta property=\"article:modified_time\" content=\"2025-09-24T06:53:34+00:00\" \/>\n<meta property=\"og:image\" content=\"https:\/\/www.athenaroyal-cbh.com\/app\/uploads\/sites\/32\/2019\/05\/athena-royal-beach-hotel-cabanas0_resized.jpg\" \/>\n\t<meta property=\"og:image:width\" content=\"1920\" \/>\n\t<meta property=\"og:image:height\" content=\"1277\" \/>\n\t<meta property=\"og:image:type\" content=\"image\/jpeg\" \/>\n<meta name=\"twitter:card\" content=\"summary_large_image\" \/>\n<meta name=\"twitter:label1\" content=\"Dur\u00e9e de lecture estim\u00e9e\" \/>\n\t<meta name=\"twitter:data1\" content=\"1 minute\" \/>\n<script type=\"application\/ld+json\" class=\"yoast-schema-graph\">{\"@context\":\"https:\\\/\\\/schema.org\",\"@graph\":[{\"@type\":\"WebPage\",\"@id\":\"https:\\\/\\\/www.athenaroyal-cbh.com\\\/fr\\\/\",\"url\":\"https:\\\/\\\/www.athenaroyal-cbh.com\\\/fr\\\/\",\"name\":\"H\u00f4tel de luxe en bord de mer \u00e0 Paphos | Athena Royal Beach Hotel\",\"isPartOf\":{\"@id\":\"https:\\\/\\\/www.athenaroyal-cbh.com\\\/fr\\\/#website\"},\"primaryImageOfPage\":{\"@id\":\"https:\\\/\\\/www.athenaroyal-cbh.com\\\/fr\\\/#primaryimage\"},\"image\":{\"@id\":\"https:\\\/\\\/www.athenaroyal-cbh.com\\\/fr\\\/#primaryimage\"},\"thumbnailUrl\":\"https:\\\/\\\/www.athenaroyal-cbh.com\\\/app\\\/uploads\\\/sites\\\/32\\\/2019\\\/05\\\/athena-royal-beach-hotel-cabanas0_resized.jpg\",\"datePublished\":\"2022-03-30T14:46:47+00:00\",\"dateModified\":\"2025-09-24T06:53:34+00:00\",\"description\":\"L'Athena Royal Beach Hotel de Constantinou Bros Hotels est un h\u00f4tel de luxe de Paphos \u00e0 Chypre, un havre de paix en bord de mer pour les adultes seulement, pour des vacances inoubliables.\",\"breadcrumb\":{\"@id\":\"https:\\\/\\\/www.athenaroyal-cbh.com\\\/fr\\\/#breadcrumb\"},\"inLanguage\":\"fr-FR\",\"potentialAction\":[{\"@type\":\"ReadAction\",\"target\":[\"https:\\\/\\\/www.athenaroyal-cbh.com\\\/fr\\\/\"]}]},{\"@type\":\"ImageObject\",\"inLanguage\":\"fr-FR\",\"@id\":\"https:\\\/\\\/www.athenaroyal-cbh.com\\\/fr\\\/#primaryimage\",\"url\":\"https:\\\/\\\/www.athenaroyal-cbh.com\\\/app\\\/uploads\\\/sites\\\/32\\\/2019\\\/05\\\/athena-royal-beach-hotel-cabanas0_resized.jpg\",\"contentUrl\":\"https:\\\/\\\/www.athenaroyal-cbh.com\\\/app\\\/uploads\\\/sites\\\/32\\\/2019\\\/05\\\/athena-royal-beach-hotel-cabanas0_resized.jpg\",\"width\":1920,\"height\":1277},{\"@type\":\"BreadcrumbList\",\"@id\":\"https:\\\/\\\/www.athenaroyal-cbh.com\\\/fr\\\/#breadcrumb\",\"itemListElement\":[{\"@type\":\"ListItem\",\"position\":1,\"name\":\"Home\",\"item\":\"https:\\\/\\\/www.athenaroyal-cbh.com\\\/fr\\\/\"},{\"@type\":\"ListItem\",\"position\":2,\"name\":\"Une destination luxueuse au bord de l&rsquo;eau\"}]},{\"@type\":\"WebSite\",\"@id\":\"https:\\\/\\\/www.athenaroyal-cbh.com\\\/fr\\\/#website\",\"url\":\"https:\\\/\\\/www.athenaroyal-cbh.com\\\/fr\\\/\",\"name\":\"\u0391thena Royal Beach Hotel\",\"description\":\"Constantinou Bros Athena Royal Hotel, 4 star hotel in Paphos Cyprus\",\"potentialAction\":[{\"@type\":\"SearchAction\",\"target\":{\"@type\":\"EntryPoint\",\"urlTemplate\":\"https:\\\/\\\/www.athenaroyal-cbh.com\\\/fr\\\/?s={search_term_string}\"},\"query-input\":{\"@type\":\"PropertyValueSpecification\",\"valueRequired\":true,\"valueName\":\"search_term_string\"}}],\"inLanguage\":\"fr-FR\"}]}<\/script>\n<!-- \/ Yoast SEO plugin. -->","yoast_head_json":{"title":"H\u00f4tel de luxe en bord de mer \u00e0 Paphos | Athena Royal Beach Hotel","description":"L'Athena Royal Beach Hotel de Constantinou Bros Hotels est un h\u00f4tel de luxe de Paphos \u00e0 Chypre, un havre de paix en bord de mer pour les adultes seulement, pour des vacances inoubliables.","robots":{"index":"index","follow":"follow","max-snippet":"max-snippet:-1","max-image-preview":"max-image-preview:large","max-video-preview":"max-video-preview:-1"},"canonical":"https:\/\/www.athenaroyal-cbh.com\/fr\/","og_locale":"fr_FR","og_type":"article","og_title":"H\u00f4tel de luxe en bord de mer \u00e0 Paphos | Athena Royal Beach Hotel","og_description":"L'Athena Royal Beach Hotel de Constantinou Bros Hotels est un h\u00f4tel de luxe de Paphos \u00e0 Chypre, un havre de paix en bord de mer pour les adultes seulement, pour des vacances inoubliables.","og_url":"https:\/\/www.athenaroyal-cbh.com\/fr\/","og_site_name":"\u0391thena Royal Beach Hotel","article_modified_time":"2025-09-24T06:53:34+00:00","og_image":[{"width":1920,"height":1277,"url":"https:\/\/www.athenaroyal-cbh.com\/app\/uploads\/sites\/32\/2019\/05\/athena-royal-beach-hotel-cabanas0_resized.jpg","type":"image\/jpeg"}],"twitter_card":"summary_large_image","twitter_misc":{"Dur\u00e9e de lecture estim\u00e9e":"1 minute"},"schema":{"@context":"https:\/\/schema.org","@graph":[{"@type":"WebPage","@id":"https:\/\/www.athenaroyal-cbh.com\/fr\/","url":"https:\/\/www.athenaroyal-cbh.com\/fr\/","name":"H\u00f4tel de luxe en bord de mer \u00e0 Paphos | Athena Royal Beach Hotel","isPartOf":{"@id":"https:\/\/www.athenaroyal-cbh.com\/fr\/#website"},"primaryImageOfPage":{"@id":"https:\/\/www.athenaroyal-cbh.com\/fr\/#primaryimage"},"image":{"@id":"https:\/\/www.athenaroyal-cbh.com\/fr\/#primaryimage"},"thumbnailUrl":"https:\/\/www.athenaroyal-cbh.com\/app\/uploads\/sites\/32\/2019\/05\/athena-royal-beach-hotel-cabanas0_resized.jpg","datePublished":"2022-03-30T14:46:47+00:00","dateModified":"2025-09-24T06:53:34+00:00","description":"L'Athena Royal Beach Hotel de Constantinou Bros Hotels est un h\u00f4tel de luxe de Paphos \u00e0 Chypre, un havre de paix en bord de mer pour les adultes seulement, pour des vacances inoubliables.","breadcrumb":{"@id":"https:\/\/www.athenaroyal-cbh.com\/fr\/#breadcrumb"},"inLanguage":"fr-FR","potentialAction":[{"@type":"ReadAction","target":["https:\/\/www.athenaroyal-cbh.com\/fr\/"]}]},{"@type":"ImageObject","inLanguage":"fr-FR","@id":"https:\/\/www.athenaroyal-cbh.com\/fr\/#primaryimage","url":"https:\/\/www.athenaroyal-cbh.com\/app\/uploads\/sites\/32\/2019\/05\/athena-royal-beach-hotel-cabanas0_resized.jpg","contentUrl":"https:\/\/www.athenaroyal-cbh.com\/app\/uploads\/sites\/32\/2019\/05\/athena-royal-beach-hotel-cabanas0_resized.jpg","width":1920,"height":1277},{"@type":"BreadcrumbList","@id":"https:\/\/www.athenaroyal-cbh.com\/fr\/#breadcrumb","itemListElement":[{"@type":"ListItem","position":1,"name":"Home","item":"https:\/\/www.athenaroyal-cbh.com\/fr\/"},{"@type":"ListItem","position":2,"name":"Une destination luxueuse au bord de l&rsquo;eau"}]},{"@type":"WebSite","@id":"https:\/\/www.athenaroyal-cbh.com\/fr\/#website","url":"https:\/\/www.athenaroyal-cbh.com\/fr\/","name":"\u0391thena Royal Beach Hotel","description":"Constantinou Bros Athena Royal Hotel, 4 star hotel in Paphos Cyprus","potentialAction":[{"@type":"SearchAction","target":{"@type":"EntryPoint","urlTemplate":"https:\/\/www.athenaroyal-cbh.com\/fr\/?s={search_term_string}"},"query-input":{"@type":"PropertyValueSpecification","valueRequired":true,"valueName":"search_term_string"}}],"inLanguage":"fr-FR"}]}},"_links":{"self":[{"href":"https:\/\/www.athenaroyal-cbh.com\/fr\/wp-json\/wp\/v2\/pages\/9064","targetHints":{"allow":["GET"]}}],"collection":[{"href":"https:\/\/www.athenaroyal-cbh.com\/fr\/wp-json\/wp\/v2\/pages"}],"about":[{"href":"https:\/\/www.athenaroyal-cbh.com\/fr\/wp-json\/wp\/v2\/types\/page"}],"author":[{"embeddable":true,"href":"https:\/\/www.athenaroyal-cbh.com\/fr\/wp-json\/wp\/v2\/users\/2"}],"replies":[{"embeddable":true,"href":"https:\/\/www.athenaroyal-cbh.com\/fr\/wp-json\/wp\/v2\/comments?post=9064"}],"version-history":[{"count":20,"href":"https:\/\/www.athenaroyal-cbh.com\/fr\/wp-json\/wp\/v2\/pages\/9064\/revisions"}],"predecessor-version":[{"id":26772,"href":"https:\/\/www.athenaroyal-cbh.com\/fr\/wp-json\/wp\/v2\/pages\/9064\/revisions\/26772"}],"wp:featuredmedia":[{"embeddable":true,"href":"https:\/\/www.athenaroyal-cbh.com\/fr\/wp-json\/wp\/v2\/media\/8434"}],"wp:attachment":[{"href":"https:\/\/www.athenaroyal-cbh.com\/fr\/wp-json\/wp\/v2\/media?parent=9064"}],"curies":[{"name":"wp","href":"https:\/\/api.w.org\/{rel}","templated":true}]}}