{"id":9060,"date":"2022-03-30T17:46:46","date_gmt":"2022-03-30T14:46:46","guid":{"rendered":"https:\/\/www.athenaroyal-cbh.com\/special-offers\/"},"modified":"2026-03-17T16:55:35","modified_gmt":"2026-03-17T13:55:35","slug":"special-offers","status":"publish","type":"page","link":"https:\/\/www.athenaroyal-cbh.com\/fr\/special-offers\/","title":{"rendered":"Offres sp\u00e9ciales"},"content":{"rendered":"<h4>Profitez de nos offres sp\u00e9ciales<\/h4>\n","protected":false},"excerpt":{"rendered":"<p>Profitez de nos offres sp\u00e9ciales<\/p>\n","protected":false},"author":2,"featured_media":8461,"parent":0,"menu_order":0,"comment_status":"closed","ping_status":"closed","template":"page-templates\/simple-list.php","meta":{"_acf_changed":false,"footnotes":""},"class_list":["post-9060","page","type-page","status-publish","has-post-thumbnail","hentry"],"acf":[],"yoast_head":"<!-- This site is optimized with the Yoast SEO plugin v27.3 - https:\/\/yoast.com\/product\/yoast-seo-wordpress\/ -->\n<title>H\u00f4tels de luxe Paphos Chypre offres sp\u00e9ciales || Athena Royal Hotel<\/title>\n<meta name=\"description\" content=\"N&#039;h\u00e9sitez pas \u00e0 consulter la liste actuelle des h\u00f4tels de luxe Constantinou Bros \u00e0 Paphos (Chypre) et les offres sp\u00e9ciales pour trouver celle qui vous convient pour votre prochain s\u00e9jour \u00e0 l&#039;Athena Royal.\" \/>\n<meta name=\"robots\" content=\"index, follow, max-snippet:-1, max-image-preview:large, max-video-preview:-1\" \/>\n<link rel=\"canonical\" href=\"https:\/\/www.athenaroyal-cbh.com\/fr\/special-offers\/\" \/>\n<meta property=\"og:locale\" content=\"fr_FR\" \/>\n<meta property=\"og:type\" content=\"article\" \/>\n<meta property=\"og:title\" content=\"H\u00f4tels de luxe Paphos Chypre offres sp\u00e9ciales || Athena Royal Hotel\" \/>\n<meta property=\"og:description\" content=\"N&#039;h\u00e9sitez pas \u00e0 consulter la liste actuelle des h\u00f4tels de luxe Constantinou Bros \u00e0 Paphos (Chypre) et les offres sp\u00e9ciales pour trouver celle qui vous convient pour votre prochain s\u00e9jour \u00e0 l&#039;Athena Royal.\" \/>\n<meta property=\"og:url\" content=\"https:\/\/www.athenaroyal-cbh.com\/fr\/special-offers\/\" \/>\n<meta property=\"og:site_name\" content=\"\u0391thena Royal Beach Hotel\" \/>\n<meta property=\"article:modified_time\" content=\"2026-03-17T13:55:35+00:00\" \/>\n<meta property=\"og:image\" content=\"https:\/\/www.athenaroyal-cbh.com\/app\/uploads\/sites\/32\/2019\/05\/35-ATHENA-ROYAL-BEACH-HOTEL-JUNIOR-SUITE-SV.jpg\" \/>\n\t<meta property=\"og:image:width\" content=\"1200\" \/>\n\t<meta property=\"og:image:height\" content=\"800\" \/>\n\t<meta property=\"og:image:type\" content=\"image\/jpeg\" \/>\n<meta name=\"twitter:card\" content=\"summary_large_image\" \/>\n<meta name=\"twitter:label1\" content=\"Dur\u00e9e de lecture estim\u00e9e\" \/>\n\t<meta name=\"twitter:data1\" content=\"1 minute\" \/>\n<script type=\"application\/ld+json\" class=\"yoast-schema-graph\">{\"@context\":\"https:\\\/\\\/schema.org\",\"@graph\":[{\"@type\":\"WebPage\",\"@id\":\"https:\\\/\\\/www.athenaroyal-cbh.com\\\/fr\\\/special-offers\\\/\",\"url\":\"https:\\\/\\\/www.athenaroyal-cbh.com\\\/fr\\\/special-offers\\\/\",\"name\":\"H\u00f4tels de luxe Paphos Chypre offres sp\u00e9ciales || Athena Royal Hotel\",\"isPartOf\":{\"@id\":\"https:\\\/\\\/www.athenaroyal-cbh.com\\\/fr\\\/#website\"},\"primaryImageOfPage\":{\"@id\":\"https:\\\/\\\/www.athenaroyal-cbh.com\\\/fr\\\/special-offers\\\/#primaryimage\"},\"image\":{\"@id\":\"https:\\\/\\\/www.athenaroyal-cbh.com\\\/fr\\\/special-offers\\\/#primaryimage\"},\"thumbnailUrl\":\"https:\\\/\\\/www.athenaroyal-cbh.com\\\/app\\\/uploads\\\/sites\\\/32\\\/2019\\\/05\\\/35-ATHENA-ROYAL-BEACH-HOTEL-JUNIOR-SUITE-SV.jpg\",\"datePublished\":\"2022-03-30T14:46:46+00:00\",\"dateModified\":\"2026-03-17T13:55:35+00:00\",\"description\":\"N'h\u00e9sitez pas \u00e0 consulter la liste actuelle des h\u00f4tels de luxe Constantinou Bros \u00e0 Paphos (Chypre) et les offres sp\u00e9ciales pour trouver celle qui vous convient pour votre prochain s\u00e9jour \u00e0 l'Athena Royal.\",\"breadcrumb\":{\"@id\":\"https:\\\/\\\/www.athenaroyal-cbh.com\\\/fr\\\/special-offers\\\/#breadcrumb\"},\"inLanguage\":\"fr-FR\",\"potentialAction\":[{\"@type\":\"ReadAction\",\"target\":[\"https:\\\/\\\/www.athenaroyal-cbh.com\\\/fr\\\/special-offers\\\/\"]}]},{\"@type\":\"ImageObject\",\"inLanguage\":\"fr-FR\",\"@id\":\"https:\\\/\\\/www.athenaroyal-cbh.com\\\/fr\\\/special-offers\\\/#primaryimage\",\"url\":\"https:\\\/\\\/www.athenaroyal-cbh.com\\\/app\\\/uploads\\\/sites\\\/32\\\/2019\\\/05\\\/35-ATHENA-ROYAL-BEACH-HOTEL-JUNIOR-SUITE-SV.jpg\",\"contentUrl\":\"https:\\\/\\\/www.athenaroyal-cbh.com\\\/app\\\/uploads\\\/sites\\\/32\\\/2019\\\/05\\\/35-ATHENA-ROYAL-BEACH-HOTEL-JUNIOR-SUITE-SV.jpg\",\"width\":1200,\"height\":800},{\"@type\":\"BreadcrumbList\",\"@id\":\"https:\\\/\\\/www.athenaroyal-cbh.com\\\/fr\\\/special-offers\\\/#breadcrumb\",\"itemListElement\":[{\"@type\":\"ListItem\",\"position\":1,\"name\":\"Home\",\"item\":\"https:\\\/\\\/www.athenaroyal-cbh.com\\\/fr\\\/\"},{\"@type\":\"ListItem\",\"position\":2,\"name\":\"Offres sp\u00e9ciales\"}]},{\"@type\":\"WebSite\",\"@id\":\"https:\\\/\\\/www.athenaroyal-cbh.com\\\/fr\\\/#website\",\"url\":\"https:\\\/\\\/www.athenaroyal-cbh.com\\\/fr\\\/\",\"name\":\"\u0391thena Royal Beach Hotel\",\"description\":\"Constantinou Bros Athena Royal Hotel, 4 star hotel in Paphos Cyprus\",\"potentialAction\":[{\"@type\":\"SearchAction\",\"target\":{\"@type\":\"EntryPoint\",\"urlTemplate\":\"https:\\\/\\\/www.athenaroyal-cbh.com\\\/fr\\\/?s={search_term_string}\"},\"query-input\":{\"@type\":\"PropertyValueSpecification\",\"valueRequired\":true,\"valueName\":\"search_term_string\"}}],\"inLanguage\":\"fr-FR\"}]}<\/script>\n<!-- \/ Yoast SEO plugin. -->","yoast_head_json":{"title":"H\u00f4tels de luxe Paphos Chypre offres sp\u00e9ciales || Athena Royal Hotel","description":"N'h\u00e9sitez pas \u00e0 consulter la liste actuelle des h\u00f4tels de luxe Constantinou Bros \u00e0 Paphos (Chypre) et les offres sp\u00e9ciales pour trouver celle qui vous convient pour votre prochain s\u00e9jour \u00e0 l'Athena Royal.","robots":{"index":"index","follow":"follow","max-snippet":"max-snippet:-1","max-image-preview":"max-image-preview:large","max-video-preview":"max-video-preview:-1"},"canonical":"https:\/\/www.athenaroyal-cbh.com\/fr\/special-offers\/","og_locale":"fr_FR","og_type":"article","og_title":"H\u00f4tels de luxe Paphos Chypre offres sp\u00e9ciales || Athena Royal Hotel","og_description":"N'h\u00e9sitez pas \u00e0 consulter la liste actuelle des h\u00f4tels de luxe Constantinou Bros \u00e0 Paphos (Chypre) et les offres sp\u00e9ciales pour trouver celle qui vous convient pour votre prochain s\u00e9jour \u00e0 l'Athena Royal.","og_url":"https:\/\/www.athenaroyal-cbh.com\/fr\/special-offers\/","og_site_name":"\u0391thena Royal Beach Hotel","article_modified_time":"2026-03-17T13:55:35+00:00","og_image":[{"width":1200,"height":800,"url":"https:\/\/www.athenaroyal-cbh.com\/app\/uploads\/sites\/32\/2019\/05\/35-ATHENA-ROYAL-BEACH-HOTEL-JUNIOR-SUITE-SV.jpg","type":"image\/jpeg"}],"twitter_card":"summary_large_image","twitter_misc":{"Dur\u00e9e de lecture estim\u00e9e":"1 minute"},"schema":{"@context":"https:\/\/schema.org","@graph":[{"@type":"WebPage","@id":"https:\/\/www.athenaroyal-cbh.com\/fr\/special-offers\/","url":"https:\/\/www.athenaroyal-cbh.com\/fr\/special-offers\/","name":"H\u00f4tels de luxe Paphos Chypre offres sp\u00e9ciales || Athena Royal Hotel","isPartOf":{"@id":"https:\/\/www.athenaroyal-cbh.com\/fr\/#website"},"primaryImageOfPage":{"@id":"https:\/\/www.athenaroyal-cbh.com\/fr\/special-offers\/#primaryimage"},"image":{"@id":"https:\/\/www.athenaroyal-cbh.com\/fr\/special-offers\/#primaryimage"},"thumbnailUrl":"https:\/\/www.athenaroyal-cbh.com\/app\/uploads\/sites\/32\/2019\/05\/35-ATHENA-ROYAL-BEACH-HOTEL-JUNIOR-SUITE-SV.jpg","datePublished":"2022-03-30T14:46:46+00:00","dateModified":"2026-03-17T13:55:35+00:00","description":"N'h\u00e9sitez pas \u00e0 consulter la liste actuelle des h\u00f4tels de luxe Constantinou Bros \u00e0 Paphos (Chypre) et les offres sp\u00e9ciales pour trouver celle qui vous convient pour votre prochain s\u00e9jour \u00e0 l'Athena Royal.","breadcrumb":{"@id":"https:\/\/www.athenaroyal-cbh.com\/fr\/special-offers\/#breadcrumb"},"inLanguage":"fr-FR","potentialAction":[{"@type":"ReadAction","target":["https:\/\/www.athenaroyal-cbh.com\/fr\/special-offers\/"]}]},{"@type":"ImageObject","inLanguage":"fr-FR","@id":"https:\/\/www.athenaroyal-cbh.com\/fr\/special-offers\/#primaryimage","url":"https:\/\/www.athenaroyal-cbh.com\/app\/uploads\/sites\/32\/2019\/05\/35-ATHENA-ROYAL-BEACH-HOTEL-JUNIOR-SUITE-SV.jpg","contentUrl":"https:\/\/www.athenaroyal-cbh.com\/app\/uploads\/sites\/32\/2019\/05\/35-ATHENA-ROYAL-BEACH-HOTEL-JUNIOR-SUITE-SV.jpg","width":1200,"height":800},{"@type":"BreadcrumbList","@id":"https:\/\/www.athenaroyal-cbh.com\/fr\/special-offers\/#breadcrumb","itemListElement":[{"@type":"ListItem","position":1,"name":"Home","item":"https:\/\/www.athenaroyal-cbh.com\/fr\/"},{"@type":"ListItem","position":2,"name":"Offres sp\u00e9ciales"}]},{"@type":"WebSite","@id":"https:\/\/www.athenaroyal-cbh.com\/fr\/#website","url":"https:\/\/www.athenaroyal-cbh.com\/fr\/","name":"\u0391thena Royal Beach Hotel","description":"Constantinou Bros Athena Royal Hotel, 4 star hotel in Paphos Cyprus","potentialAction":[{"@type":"SearchAction","target":{"@type":"EntryPoint","urlTemplate":"https:\/\/www.athenaroyal-cbh.com\/fr\/?s={search_term_string}"},"query-input":{"@type":"PropertyValueSpecification","valueRequired":true,"valueName":"search_term_string"}}],"inLanguage":"fr-FR"}]}},"_links":{"self":[{"href":"https:\/\/www.athenaroyal-cbh.com\/fr\/wp-json\/wp\/v2\/pages\/9060","targetHints":{"allow":["GET"]}}],"collection":[{"href":"https:\/\/www.athenaroyal-cbh.com\/fr\/wp-json\/wp\/v2\/pages"}],"about":[{"href":"https:\/\/www.athenaroyal-cbh.com\/fr\/wp-json\/wp\/v2\/types\/page"}],"author":[{"embeddable":true,"href":"https:\/\/www.athenaroyal-cbh.com\/fr\/wp-json\/wp\/v2\/users\/2"}],"replies":[{"embeddable":true,"href":"https:\/\/www.athenaroyal-cbh.com\/fr\/wp-json\/wp\/v2\/comments?post=9060"}],"version-history":[{"count":20,"href":"https:\/\/www.athenaroyal-cbh.com\/fr\/wp-json\/wp\/v2\/pages\/9060\/revisions"}],"predecessor-version":[{"id":26794,"href":"https:\/\/www.athenaroyal-cbh.com\/fr\/wp-json\/wp\/v2\/pages\/9060\/revisions\/26794"}],"wp:featuredmedia":[{"embeddable":true,"href":"https:\/\/www.athenaroyal-cbh.com\/fr\/wp-json\/wp\/v2\/media\/8461"}],"wp:attachment":[{"href":"https:\/\/www.athenaroyal-cbh.com\/fr\/wp-json\/wp\/v2\/media?parent=9060"}],"curies":[{"name":"wp","href":"https:\/\/api.w.org\/{rel}","templated":true}]}}