{"id":18488,"date":"2022-11-28T13:58:10","date_gmt":"2022-11-28T10:58:10","guid":{"rendered":"https:\/\/www.athenaroyal-cbh.com\/meetings-events\/"},"modified":"2025-03-10T15:53:11","modified_gmt":"2025-03-10T12:53:11","slug":"reunions-evenements","status":"publish","type":"page","link":"https:\/\/www.athenaroyal-cbh.com\/fr\/reunions-evenements\/","title":{"rendered":"R\u00e9unions"},"content":{"rendered":"<p>Les h\u00f4tels Constantinou Bros disposent des excellentes installations n\u00e9cessaires pour r\u00e9pondre aux normes les plus \u00e9lev\u00e9es pour votre conf\u00e9rence, r\u00e9union ou \u00e9v\u00e9nement sp\u00e9cial.<br \/>\nNos h\u00f4tels sont tous situ\u00e9s dans un cadre naturel magnifique, offrent des salles de conf\u00e9rence m\u00e9ticuleusement am\u00e9nag\u00e9es avec un personnel d\u00e9vou\u00e9 pour vous assister et fournissent un \u00e9quipement audio et sonore de haute qualit\u00e9 ainsi que des services pour assurer le succ\u00e8s de votre \u00e9v\u00e9nement.<br \/>\nEn outre, le climat exceptionnel de Chypre, la grande vari\u00e9t\u00e9 de loisirs propos\u00e9s dans nos h\u00f4tels en journ\u00e9e et en soir\u00e9e, ainsi que la gastronomie, sont autant d&rsquo;atouts qui vous permettront de transformer vos r\u00e9unions d&rsquo;affaires en vacances m\u00e9morables.<br \/>\nPour de plus amples informations, veuillez contacter <a href=\"mailto:reservations@cbh-cyprus.com\">reservations@cbh-cyprus.com<\/a> ou visiter les h\u00f4tels individuels sur ce site. <em><strong>D\u00e9couvrez les installations de r\u00e9unions et d&rsquo;\u00e9v\u00e9nements de l&rsquo;Athena Royal Beach Hotel ci-dessous&#8230;<\/strong><\/em><\/p>\n<div class=\"tab-content\">\n<div id=\"athena-beach-hotel\" class=\"tab-pane rl_tabs-pane nn_tabs-pane active blue\" role=\"tabpanel\" aria-labelledby=\"tab-athena-beach-hotel\" aria-hidden=\"false\">\n<h4><strong>ATHENA ROYAL BEACH HOTEL<\/strong><\/h4>\n<p>Les salles de r\u00e9ception ont \u00e9t\u00e9 m\u00e9ticuleusement cr\u00e9\u00e9es pour capturer la beaut\u00e9 naturelle de la r\u00e9gion et la combiner avec notre service impeccable pour accueillir les groupes et les conventions les plus s\u00e9lectifs.<br \/>\nLes salles peuvent \u00eatre utilis\u00e9es comme salles de bridge et salles de danse.<br \/>\nToutes les salles de r\u00e9ception sont d\u00e9pourvues de piliers.<\/p>\n<p class=\"article_underlined\"><strong>Installations de conf\u00e9rence<\/strong><\/p>\n<ul>\n<li>Projecteur LCD et grand \u00e9cran<\/li>\n<li>Podium<\/li>\n<li>Microphones<\/li>\n<li>T\u00e9l\u00e9vision grand \u00e9cran<\/li>\n<li>Tableaux \u00e0 feuilles mobiles<\/li>\n<li>Lecteurs de DVD<\/li>\n<li>Double lecteur CD et mixeur<\/li>\n<\/ul>\n<p class=\"article_underlined\"><strong> Salles de r\u00e9union et de r\u00e9ception<\/strong><\/p>\n<table class=\"meetings\">\n<thead>\n<tr>\n<th>Chambre<\/th>\n<th><sup>m2<\/sup><\/th>\n<th>Style th\u00e9\u00e2tre<\/th>\n<th>Salle de classe<\/th>\n<th>R\u00e9ception cocktail<\/th>\n<th>Forme en U<\/th>\n<th>Salle de conf\u00e9rence<\/th>\n<th>Banquet de gala<\/th>\n<\/tr>\n<\/thead>\n<tbody>\n<tr>\n<td>Salle Royale<\/td>\n<td>493<\/td>\n<td>400<\/td>\n<td>310<\/td>\n<td>450<\/td>\n<td>90<\/td>\n<td>78<\/td>\n<td><\/td>\n<\/tr>\n<tr>\n<td>Salle Artemis<\/td>\n<td>572<\/td>\n<td>480<\/td>\n<td>350<\/td>\n<td>600<\/td>\n<td>100<\/td>\n<td>90<\/td>\n<td>300<\/td>\n<\/tr>\n<tr>\n<td>Eliada<\/td>\n<td>35<\/td>\n<td>30<\/td>\n<td>16<\/td>\n<td>20<\/td>\n<td>18<\/td>\n<td>10<\/td>\n<td>25<\/td>\n<\/tr>\n<tr>\n<td>L&rsquo;\u00e8re<\/td>\n<td>35<\/td>\n<td>30<\/td>\n<td>16<\/td>\n<td>20<\/td>\n<td>18<\/td>\n<td>10<\/td>\n<td>25<\/td>\n<\/tr>\n<tr>\n<td>Ekali<\/td>\n<td>35<\/td>\n<td>30<\/td>\n<td>16<\/td>\n<td>20<\/td>\n<td>18<\/td>\n<td>10<\/td>\n<td>25<\/td>\n<\/tr>\n<\/tbody>\n<\/table>\n<p>Pour de plus amples informations sur les r\u00e9unions et les \u00e9v\u00e9nements, veuillez contacter : <a href=\"mailto:reservations@athenaroyal-cbh.com\">reservations@athenaroyal-cbh.com<\/a><\/p>\n<h4><\/h4>\n<\/div>\n<\/div>\n","protected":false},"excerpt":{"rendered":"<p>Les h\u00f4tels Constantinou Bros disposent des excellentes installations n\u00e9cessaires pour r\u00e9pondre aux normes les plus \u00e9lev\u00e9es pour votre conf\u00e9rence, r\u00e9union ou \u00e9v\u00e9nement sp\u00e9cial. Nos h\u00f4tels sont tous situ\u00e9s dans un cadre naturel magnifique, offrent des salles de conf\u00e9rence m\u00e9ticuleusement am\u00e9nag\u00e9es avec un personnel d\u00e9vou\u00e9 pour vous assister et fournissent un \u00e9quipement audio et sonore de<\/p>\n","protected":false},"author":100,"featured_media":18453,"parent":0,"menu_order":0,"comment_status":"closed","ping_status":"closed","template":"","meta":{"_acf_changed":false,"footnotes":""},"class_list":["post-18488","page","type-page","status-publish","has-post-thumbnail","hentry"],"acf":[],"yoast_head":"<!-- This site is optimized with the Yoast SEO plugin v27.4 - https:\/\/yoast.com\/product\/yoast-seo-wordpress\/ -->\n<title>R\u00e9unions - \u0391thena Royal Beach Hotel<\/title>\n<meta name=\"description\" content=\"Pour les r\u00e9unions et les \u00e9v\u00e9nements, l&#039;Athena Royal Beach Hotel propose diverses salles de r\u00e9ception avec vue sur la beaut\u00e9 naturelle environnante, associ\u00e9es \u00e0 un service impeccable.\" \/>\n<meta name=\"robots\" content=\"index, follow, max-snippet:-1, max-image-preview:large, max-video-preview:-1\" \/>\n<link rel=\"canonical\" href=\"https:\/\/www.athenaroyal-cbh.com\/fr\/reunions-evenements\/\" \/>\n<meta property=\"og:locale\" content=\"fr_FR\" \/>\n<meta property=\"og:type\" content=\"article\" \/>\n<meta property=\"og:title\" content=\"R\u00e9unions - \u0391thena Royal Beach Hotel\" \/>\n<meta property=\"og:description\" content=\"Pour les r\u00e9unions et les \u00e9v\u00e9nements, l&#039;Athena Royal Beach Hotel propose diverses salles de r\u00e9ception avec vue sur la beaut\u00e9 naturelle environnante, associ\u00e9es \u00e0 un service impeccable.\" \/>\n<meta property=\"og:url\" content=\"https:\/\/www.athenaroyal-cbh.com\/fr\/reunions-evenements\/\" \/>\n<meta property=\"og:site_name\" content=\"\u0391thena Royal Beach Hotel\" \/>\n<meta property=\"article:modified_time\" content=\"2025-03-10T12:53:11+00:00\" \/>\n<meta property=\"og:image\" content=\"https:\/\/www.athenaroyal-cbh.com\/app\/uploads\/sites\/32\/2022\/11\/56-ATHENA-ROYAL-BEACH-HOTEL-ROYAL-HALL-THEATER-STYLE-scaled.jpg\" \/>\n\t<meta property=\"og:image:width\" content=\"2560\" \/>\n\t<meta property=\"og:image:height\" content=\"1702\" \/>\n\t<meta property=\"og:image:type\" content=\"image\/jpeg\" \/>\n<meta name=\"twitter:card\" content=\"summary_large_image\" \/>\n<meta name=\"twitter:label1\" content=\"Dur\u00e9e de lecture estim\u00e9e\" \/>\n\t<meta name=\"twitter:data1\" content=\"2 minutes\" \/>\n<script type=\"application\/ld+json\" class=\"yoast-schema-graph\">{\"@context\":\"https:\\\/\\\/schema.org\",\"@graph\":[{\"@type\":\"WebPage\",\"@id\":\"https:\\\/\\\/www.athenaroyal-cbh.com\\\/fr\\\/reunions-evenements\\\/\",\"url\":\"https:\\\/\\\/www.athenaroyal-cbh.com\\\/fr\\\/reunions-evenements\\\/\",\"name\":\"R\u00e9unions - \u0391thena Royal Beach Hotel\",\"isPartOf\":{\"@id\":\"https:\\\/\\\/www.athenaroyal-cbh.com\\\/fr\\\/#website\"},\"primaryImageOfPage\":{\"@id\":\"https:\\\/\\\/www.athenaroyal-cbh.com\\\/fr\\\/reunions-evenements\\\/#primaryimage\"},\"image\":{\"@id\":\"https:\\\/\\\/www.athenaroyal-cbh.com\\\/fr\\\/reunions-evenements\\\/#primaryimage\"},\"thumbnailUrl\":\"https:\\\/\\\/www.athenaroyal-cbh.com\\\/app\\\/uploads\\\/sites\\\/32\\\/2022\\\/11\\\/56-ATHENA-ROYAL-BEACH-HOTEL-ROYAL-HALL-THEATER-STYLE-scaled.jpg\",\"datePublished\":\"2022-11-28T10:58:10+00:00\",\"dateModified\":\"2025-03-10T12:53:11+00:00\",\"description\":\"Pour les r\u00e9unions et les \u00e9v\u00e9nements, l'Athena Royal Beach Hotel propose diverses salles de r\u00e9ception avec vue sur la beaut\u00e9 naturelle environnante, associ\u00e9es \u00e0 un service impeccable.\",\"breadcrumb\":{\"@id\":\"https:\\\/\\\/www.athenaroyal-cbh.com\\\/fr\\\/reunions-evenements\\\/#breadcrumb\"},\"inLanguage\":\"fr-FR\",\"potentialAction\":[{\"@type\":\"ReadAction\",\"target\":[\"https:\\\/\\\/www.athenaroyal-cbh.com\\\/fr\\\/reunions-evenements\\\/\"]}]},{\"@type\":\"ImageObject\",\"inLanguage\":\"fr-FR\",\"@id\":\"https:\\\/\\\/www.athenaroyal-cbh.com\\\/fr\\\/reunions-evenements\\\/#primaryimage\",\"url\":\"https:\\\/\\\/www.athenaroyal-cbh.com\\\/app\\\/uploads\\\/sites\\\/32\\\/2022\\\/11\\\/56-ATHENA-ROYAL-BEACH-HOTEL-ROYAL-HALL-THEATER-STYLE-scaled.jpg\",\"contentUrl\":\"https:\\\/\\\/www.athenaroyal-cbh.com\\\/app\\\/uploads\\\/sites\\\/32\\\/2022\\\/11\\\/56-ATHENA-ROYAL-BEACH-HOTEL-ROYAL-HALL-THEATER-STYLE-scaled.jpg\",\"width\":2560,\"height\":1702},{\"@type\":\"BreadcrumbList\",\"@id\":\"https:\\\/\\\/www.athenaroyal-cbh.com\\\/fr\\\/reunions-evenements\\\/#breadcrumb\",\"itemListElement\":[{\"@type\":\"ListItem\",\"position\":1,\"name\":\"Home\",\"item\":\"https:\\\/\\\/www.athenaroyal-cbh.com\\\/fr\\\/\"},{\"@type\":\"ListItem\",\"position\":2,\"name\":\"R\u00e9unions\"}]},{\"@type\":\"WebSite\",\"@id\":\"https:\\\/\\\/www.athenaroyal-cbh.com\\\/fr\\\/#website\",\"url\":\"https:\\\/\\\/www.athenaroyal-cbh.com\\\/fr\\\/\",\"name\":\"\u0391thena Royal Beach Hotel\",\"description\":\"Constantinou Bros Athena Royal Hotel, 4 star hotel in Paphos Cyprus\",\"potentialAction\":[{\"@type\":\"SearchAction\",\"target\":{\"@type\":\"EntryPoint\",\"urlTemplate\":\"https:\\\/\\\/www.athenaroyal-cbh.com\\\/fr\\\/?s={search_term_string}\"},\"query-input\":{\"@type\":\"PropertyValueSpecification\",\"valueRequired\":true,\"valueName\":\"search_term_string\"}}],\"inLanguage\":\"fr-FR\"}]}<\/script>\n<!-- \/ Yoast SEO plugin. -->","yoast_head_json":{"title":"R\u00e9unions - \u0391thena Royal Beach Hotel","description":"Pour les r\u00e9unions et les \u00e9v\u00e9nements, l'Athena Royal Beach Hotel propose diverses salles de r\u00e9ception avec vue sur la beaut\u00e9 naturelle environnante, associ\u00e9es \u00e0 un service impeccable.","robots":{"index":"index","follow":"follow","max-snippet":"max-snippet:-1","max-image-preview":"max-image-preview:large","max-video-preview":"max-video-preview:-1"},"canonical":"https:\/\/www.athenaroyal-cbh.com\/fr\/reunions-evenements\/","og_locale":"fr_FR","og_type":"article","og_title":"R\u00e9unions - \u0391thena Royal Beach Hotel","og_description":"Pour les r\u00e9unions et les \u00e9v\u00e9nements, l'Athena Royal Beach Hotel propose diverses salles de r\u00e9ception avec vue sur la beaut\u00e9 naturelle environnante, associ\u00e9es \u00e0 un service impeccable.","og_url":"https:\/\/www.athenaroyal-cbh.com\/fr\/reunions-evenements\/","og_site_name":"\u0391thena Royal Beach Hotel","article_modified_time":"2025-03-10T12:53:11+00:00","og_image":[{"width":2560,"height":1702,"url":"https:\/\/www.athenaroyal-cbh.com\/app\/uploads\/sites\/32\/2022\/11\/56-ATHENA-ROYAL-BEACH-HOTEL-ROYAL-HALL-THEATER-STYLE-scaled.jpg","type":"image\/jpeg"}],"twitter_card":"summary_large_image","twitter_misc":{"Dur\u00e9e de lecture estim\u00e9e":"2 minutes"},"schema":{"@context":"https:\/\/schema.org","@graph":[{"@type":"WebPage","@id":"https:\/\/www.athenaroyal-cbh.com\/fr\/reunions-evenements\/","url":"https:\/\/www.athenaroyal-cbh.com\/fr\/reunions-evenements\/","name":"R\u00e9unions - \u0391thena Royal Beach Hotel","isPartOf":{"@id":"https:\/\/www.athenaroyal-cbh.com\/fr\/#website"},"primaryImageOfPage":{"@id":"https:\/\/www.athenaroyal-cbh.com\/fr\/reunions-evenements\/#primaryimage"},"image":{"@id":"https:\/\/www.athenaroyal-cbh.com\/fr\/reunions-evenements\/#primaryimage"},"thumbnailUrl":"https:\/\/www.athenaroyal-cbh.com\/app\/uploads\/sites\/32\/2022\/11\/56-ATHENA-ROYAL-BEACH-HOTEL-ROYAL-HALL-THEATER-STYLE-scaled.jpg","datePublished":"2022-11-28T10:58:10+00:00","dateModified":"2025-03-10T12:53:11+00:00","description":"Pour les r\u00e9unions et les \u00e9v\u00e9nements, l'Athena Royal Beach Hotel propose diverses salles de r\u00e9ception avec vue sur la beaut\u00e9 naturelle environnante, associ\u00e9es \u00e0 un service impeccable.","breadcrumb":{"@id":"https:\/\/www.athenaroyal-cbh.com\/fr\/reunions-evenements\/#breadcrumb"},"inLanguage":"fr-FR","potentialAction":[{"@type":"ReadAction","target":["https:\/\/www.athenaroyal-cbh.com\/fr\/reunions-evenements\/"]}]},{"@type":"ImageObject","inLanguage":"fr-FR","@id":"https:\/\/www.athenaroyal-cbh.com\/fr\/reunions-evenements\/#primaryimage","url":"https:\/\/www.athenaroyal-cbh.com\/app\/uploads\/sites\/32\/2022\/11\/56-ATHENA-ROYAL-BEACH-HOTEL-ROYAL-HALL-THEATER-STYLE-scaled.jpg","contentUrl":"https:\/\/www.athenaroyal-cbh.com\/app\/uploads\/sites\/32\/2022\/11\/56-ATHENA-ROYAL-BEACH-HOTEL-ROYAL-HALL-THEATER-STYLE-scaled.jpg","width":2560,"height":1702},{"@type":"BreadcrumbList","@id":"https:\/\/www.athenaroyal-cbh.com\/fr\/reunions-evenements\/#breadcrumb","itemListElement":[{"@type":"ListItem","position":1,"name":"Home","item":"https:\/\/www.athenaroyal-cbh.com\/fr\/"},{"@type":"ListItem","position":2,"name":"R\u00e9unions"}]},{"@type":"WebSite","@id":"https:\/\/www.athenaroyal-cbh.com\/fr\/#website","url":"https:\/\/www.athenaroyal-cbh.com\/fr\/","name":"\u0391thena Royal Beach Hotel","description":"Constantinou Bros Athena Royal Hotel, 4 star hotel in Paphos Cyprus","potentialAction":[{"@type":"SearchAction","target":{"@type":"EntryPoint","urlTemplate":"https:\/\/www.athenaroyal-cbh.com\/fr\/?s={search_term_string}"},"query-input":{"@type":"PropertyValueSpecification","valueRequired":true,"valueName":"search_term_string"}}],"inLanguage":"fr-FR"}]}},"_links":{"self":[{"href":"https:\/\/www.athenaroyal-cbh.com\/fr\/wp-json\/wp\/v2\/pages\/18488","targetHints":{"allow":["GET"]}}],"collection":[{"href":"https:\/\/www.athenaroyal-cbh.com\/fr\/wp-json\/wp\/v2\/pages"}],"about":[{"href":"https:\/\/www.athenaroyal-cbh.com\/fr\/wp-json\/wp\/v2\/types\/page"}],"author":[{"embeddable":true,"href":"https:\/\/www.athenaroyal-cbh.com\/fr\/wp-json\/wp\/v2\/users\/100"}],"replies":[{"embeddable":true,"href":"https:\/\/www.athenaroyal-cbh.com\/fr\/wp-json\/wp\/v2\/comments?post=18488"}],"version-history":[{"count":8,"href":"https:\/\/www.athenaroyal-cbh.com\/fr\/wp-json\/wp\/v2\/pages\/18488\/revisions"}],"predecessor-version":[{"id":26500,"href":"https:\/\/www.athenaroyal-cbh.com\/fr\/wp-json\/wp\/v2\/pages\/18488\/revisions\/26500"}],"wp:featuredmedia":[{"embeddable":true,"href":"https:\/\/www.athenaroyal-cbh.com\/fr\/wp-json\/wp\/v2\/media\/18453"}],"wp:attachment":[{"href":"https:\/\/www.athenaroyal-cbh.com\/fr\/wp-json\/wp\/v2\/media?parent=18488"}],"curies":[{"name":"wp","href":"https:\/\/api.w.org\/{rel}","templated":true}]}}