{"id":12022,"date":"2022-07-04T15:56:03","date_gmt":"2022-07-04T12:56:03","guid":{"rendered":"https:\/\/www.athenaroyal-cbh.com\/adults-only-holidays\/"},"modified":"2024-09-26T12:12:00","modified_gmt":"2024-09-26T09:12:00","slug":"vacances-pour-adultes-seulement","status":"publish","type":"page","link":"https:\/\/www.athenaroyal-cbh.com\/fr\/vacances-pour-adultes-seulement\/","title":{"rendered":"Vacances pour adultes seulement"},"content":{"rendered":"<p>Les h\u00f4tels Constantinou Bros proposent des vacances pour adultes uniquement dans un environnement relaxant et sans enfants, avec des journ\u00e9es paisibles au bord de la piscine et un programme de divertissement et de loisir ax\u00e9 sur la cr\u00e9ation de vacances parfaites pour adultes uniquement.<\/p>\n<p>Les h\u00f4tels Constantinou Bros sont r\u00e9put\u00e9s pour avoir d\u00e9velopp\u00e9 le concept de vacances r\u00e9serv\u00e9es aux adultes \u00e0 Paphos et proposent une gamme d&rsquo;h\u00f4tels adapt\u00e9s \u00e0 votre budget et \u00e0 vos exigences en mati\u00e8re de vacances.<\/p>\n<p>L&rsquo;Athena Royal Beach Hotel est un h\u00f4tel sup\u00e9rieur, moderne et \u00e9l\u00e9gant, situ\u00e9 en bord de mer, dans un cadre luxueux. Il propose un large \u00e9ventail d&rsquo;installations de loisirs, dont trois piscines d&rsquo;eau douce et jacuzzis, une piscine couverte chauff\u00e9e, un court de tennis et des terrains de boules int\u00e9rieurs et ext\u00e9rieurs.<br \/>\nL&rsquo;h\u00f4tel est con\u00e7u exclusivement pour les adultes et offre un environnement vraiment relaxant et tranquille.<\/p>\n","protected":false},"excerpt":{"rendered":"<p>Les h\u00f4tels Constantinou Bros proposent des vacances pour adultes uniquement dans un environnement relaxant et sans enfants, avec des journ\u00e9es paisibles au bord de la piscine et un programme de divertissement et de loisir ax\u00e9 sur la cr\u00e9ation de vacances parfaites pour adultes uniquement. Les h\u00f4tels Constantinou Bros sont r\u00e9put\u00e9s pour avoir d\u00e9velopp\u00e9 le concept<\/p>\n","protected":false},"author":100,"featured_media":11985,"parent":0,"menu_order":0,"comment_status":"closed","ping_status":"closed","template":"","meta":{"_acf_changed":false,"footnotes":""},"class_list":["post-12022","page","type-page","status-publish","has-post-thumbnail","hentry"],"acf":[],"yoast_head":"<!-- This site is optimized with the Yoast SEO plugin v27.5 - https:\/\/yoast.com\/product\/yoast-seo-wordpress\/ -->\n<title>Vacances pour adultes seulement - \u0391thena Royal Beach Hotel<\/title>\n<meta name=\"description\" content=\"L&#039;Athena Royal Beach Hotel by Constantinou Bros Hotels est un \u00e9tablissement v\u00e9ritablement relaxant et tranquille, con\u00e7u exclusivement pour les adultes.\" \/>\n<meta name=\"robots\" content=\"index, follow, max-snippet:-1, max-image-preview:large, max-video-preview:-1\" \/>\n<link rel=\"canonical\" href=\"https:\/\/www.athenaroyal-cbh.com\/fr\/vacances-pour-adultes-seulement\/\" \/>\n<meta property=\"og:locale\" content=\"fr_FR\" \/>\n<meta property=\"og:type\" content=\"article\" \/>\n<meta property=\"og:title\" content=\"Vacances pour adultes seulement - \u0391thena Royal Beach Hotel\" \/>\n<meta property=\"og:description\" content=\"L&#039;Athena Royal Beach Hotel by Constantinou Bros Hotels est un \u00e9tablissement v\u00e9ritablement relaxant et tranquille, con\u00e7u exclusivement pour les adultes.\" \/>\n<meta property=\"og:url\" content=\"https:\/\/www.athenaroyal-cbh.com\/fr\/vacances-pour-adultes-seulement\/\" \/>\n<meta property=\"og:site_name\" content=\"\u0391thena Royal Beach Hotel\" \/>\n<meta property=\"article:modified_time\" content=\"2024-09-26T09:12:00+00:00\" \/>\n<meta property=\"og:image\" content=\"https:\/\/www.athenaroyal-cbh.com\/app\/uploads\/sites\/32\/2022\/07\/13-ATHENA-ROYAL-BEACH-HOTEL-SUNSET-e1658143051129.jpg\" \/>\n\t<meta property=\"og:image:width\" content=\"7718\" \/>\n\t<meta property=\"og:image:height\" content=\"5145\" \/>\n\t<meta property=\"og:image:type\" content=\"image\/jpeg\" \/>\n<meta name=\"twitter:card\" content=\"summary_large_image\" \/>\n<meta name=\"twitter:label1\" content=\"Dur\u00e9e de lecture estim\u00e9e\" \/>\n\t<meta name=\"twitter:data1\" content=\"1 minute\" \/>\n<script type=\"application\/ld+json\" class=\"yoast-schema-graph\">{\"@context\":\"https:\\\/\\\/schema.org\",\"@graph\":[{\"@type\":\"WebPage\",\"@id\":\"https:\\\/\\\/www.athenaroyal-cbh.com\\\/fr\\\/vacances-pour-adultes-seulement\\\/\",\"url\":\"https:\\\/\\\/www.athenaroyal-cbh.com\\\/fr\\\/vacances-pour-adultes-seulement\\\/\",\"name\":\"Vacances pour adultes seulement - \u0391thena Royal Beach Hotel\",\"isPartOf\":{\"@id\":\"https:\\\/\\\/www.athenaroyal-cbh.com\\\/fr\\\/#website\"},\"primaryImageOfPage\":{\"@id\":\"https:\\\/\\\/www.athenaroyal-cbh.com\\\/fr\\\/vacances-pour-adultes-seulement\\\/#primaryimage\"},\"image\":{\"@id\":\"https:\\\/\\\/www.athenaroyal-cbh.com\\\/fr\\\/vacances-pour-adultes-seulement\\\/#primaryimage\"},\"thumbnailUrl\":\"https:\\\/\\\/www.athenaroyal-cbh.com\\\/app\\\/uploads\\\/sites\\\/32\\\/2022\\\/07\\\/13-ATHENA-ROYAL-BEACH-HOTEL-SUNSET-e1658143051129.jpg\",\"datePublished\":\"2022-07-04T12:56:03+00:00\",\"dateModified\":\"2024-09-26T09:12:00+00:00\",\"description\":\"L'Athena Royal Beach Hotel by Constantinou Bros Hotels est un \u00e9tablissement v\u00e9ritablement relaxant et tranquille, con\u00e7u exclusivement pour les adultes.\",\"breadcrumb\":{\"@id\":\"https:\\\/\\\/www.athenaroyal-cbh.com\\\/fr\\\/vacances-pour-adultes-seulement\\\/#breadcrumb\"},\"inLanguage\":\"fr-FR\",\"potentialAction\":[{\"@type\":\"ReadAction\",\"target\":[\"https:\\\/\\\/www.athenaroyal-cbh.com\\\/fr\\\/vacances-pour-adultes-seulement\\\/\"]}]},{\"@type\":\"ImageObject\",\"inLanguage\":\"fr-FR\",\"@id\":\"https:\\\/\\\/www.athenaroyal-cbh.com\\\/fr\\\/vacances-pour-adultes-seulement\\\/#primaryimage\",\"url\":\"https:\\\/\\\/www.athenaroyal-cbh.com\\\/app\\\/uploads\\\/sites\\\/32\\\/2022\\\/07\\\/13-ATHENA-ROYAL-BEACH-HOTEL-SUNSET-e1658143051129.jpg\",\"contentUrl\":\"https:\\\/\\\/www.athenaroyal-cbh.com\\\/app\\\/uploads\\\/sites\\\/32\\\/2022\\\/07\\\/13-ATHENA-ROYAL-BEACH-HOTEL-SUNSET-e1658143051129.jpg\",\"width\":7718,\"height\":5145},{\"@type\":\"BreadcrumbList\",\"@id\":\"https:\\\/\\\/www.athenaroyal-cbh.com\\\/fr\\\/vacances-pour-adultes-seulement\\\/#breadcrumb\",\"itemListElement\":[{\"@type\":\"ListItem\",\"position\":1,\"name\":\"Home\",\"item\":\"https:\\\/\\\/www.athenaroyal-cbh.com\\\/fr\\\/\"},{\"@type\":\"ListItem\",\"position\":2,\"name\":\"Vacances pour adultes seulement\"}]},{\"@type\":\"WebSite\",\"@id\":\"https:\\\/\\\/www.athenaroyal-cbh.com\\\/fr\\\/#website\",\"url\":\"https:\\\/\\\/www.athenaroyal-cbh.com\\\/fr\\\/\",\"name\":\"\u0391thena Royal Beach Hotel\",\"description\":\"Constantinou Bros Athena Royal Hotel, 4 star hotel in Paphos Cyprus\",\"potentialAction\":[{\"@type\":\"SearchAction\",\"target\":{\"@type\":\"EntryPoint\",\"urlTemplate\":\"https:\\\/\\\/www.athenaroyal-cbh.com\\\/fr\\\/?s={search_term_string}\"},\"query-input\":{\"@type\":\"PropertyValueSpecification\",\"valueRequired\":true,\"valueName\":\"search_term_string\"}}],\"inLanguage\":\"fr-FR\"}]}<\/script>\n<!-- \/ Yoast SEO plugin. -->","yoast_head_json":{"title":"Vacances pour adultes seulement - \u0391thena Royal Beach Hotel","description":"L'Athena Royal Beach Hotel by Constantinou Bros Hotels est un \u00e9tablissement v\u00e9ritablement relaxant et tranquille, con\u00e7u exclusivement pour les adultes.","robots":{"index":"index","follow":"follow","max-snippet":"max-snippet:-1","max-image-preview":"max-image-preview:large","max-video-preview":"max-video-preview:-1"},"canonical":"https:\/\/www.athenaroyal-cbh.com\/fr\/vacances-pour-adultes-seulement\/","og_locale":"fr_FR","og_type":"article","og_title":"Vacances pour adultes seulement - \u0391thena Royal Beach Hotel","og_description":"L'Athena Royal Beach Hotel by Constantinou Bros Hotels est un \u00e9tablissement v\u00e9ritablement relaxant et tranquille, con\u00e7u exclusivement pour les adultes.","og_url":"https:\/\/www.athenaroyal-cbh.com\/fr\/vacances-pour-adultes-seulement\/","og_site_name":"\u0391thena Royal Beach Hotel","article_modified_time":"2024-09-26T09:12:00+00:00","og_image":[{"width":7718,"height":5145,"url":"https:\/\/www.athenaroyal-cbh.com\/app\/uploads\/sites\/32\/2022\/07\/13-ATHENA-ROYAL-BEACH-HOTEL-SUNSET-e1658143051129.jpg","type":"image\/jpeg"}],"twitter_card":"summary_large_image","twitter_misc":{"Dur\u00e9e de lecture estim\u00e9e":"1 minute"},"schema":{"@context":"https:\/\/schema.org","@graph":[{"@type":"WebPage","@id":"https:\/\/www.athenaroyal-cbh.com\/fr\/vacances-pour-adultes-seulement\/","url":"https:\/\/www.athenaroyal-cbh.com\/fr\/vacances-pour-adultes-seulement\/","name":"Vacances pour adultes seulement - \u0391thena Royal Beach Hotel","isPartOf":{"@id":"https:\/\/www.athenaroyal-cbh.com\/fr\/#website"},"primaryImageOfPage":{"@id":"https:\/\/www.athenaroyal-cbh.com\/fr\/vacances-pour-adultes-seulement\/#primaryimage"},"image":{"@id":"https:\/\/www.athenaroyal-cbh.com\/fr\/vacances-pour-adultes-seulement\/#primaryimage"},"thumbnailUrl":"https:\/\/www.athenaroyal-cbh.com\/app\/uploads\/sites\/32\/2022\/07\/13-ATHENA-ROYAL-BEACH-HOTEL-SUNSET-e1658143051129.jpg","datePublished":"2022-07-04T12:56:03+00:00","dateModified":"2024-09-26T09:12:00+00:00","description":"L'Athena Royal Beach Hotel by Constantinou Bros Hotels est un \u00e9tablissement v\u00e9ritablement relaxant et tranquille, con\u00e7u exclusivement pour les adultes.","breadcrumb":{"@id":"https:\/\/www.athenaroyal-cbh.com\/fr\/vacances-pour-adultes-seulement\/#breadcrumb"},"inLanguage":"fr-FR","potentialAction":[{"@type":"ReadAction","target":["https:\/\/www.athenaroyal-cbh.com\/fr\/vacances-pour-adultes-seulement\/"]}]},{"@type":"ImageObject","inLanguage":"fr-FR","@id":"https:\/\/www.athenaroyal-cbh.com\/fr\/vacances-pour-adultes-seulement\/#primaryimage","url":"https:\/\/www.athenaroyal-cbh.com\/app\/uploads\/sites\/32\/2022\/07\/13-ATHENA-ROYAL-BEACH-HOTEL-SUNSET-e1658143051129.jpg","contentUrl":"https:\/\/www.athenaroyal-cbh.com\/app\/uploads\/sites\/32\/2022\/07\/13-ATHENA-ROYAL-BEACH-HOTEL-SUNSET-e1658143051129.jpg","width":7718,"height":5145},{"@type":"BreadcrumbList","@id":"https:\/\/www.athenaroyal-cbh.com\/fr\/vacances-pour-adultes-seulement\/#breadcrumb","itemListElement":[{"@type":"ListItem","position":1,"name":"Home","item":"https:\/\/www.athenaroyal-cbh.com\/fr\/"},{"@type":"ListItem","position":2,"name":"Vacances pour adultes seulement"}]},{"@type":"WebSite","@id":"https:\/\/www.athenaroyal-cbh.com\/fr\/#website","url":"https:\/\/www.athenaroyal-cbh.com\/fr\/","name":"\u0391thena Royal Beach Hotel","description":"Constantinou Bros Athena Royal Hotel, 4 star hotel in Paphos Cyprus","potentialAction":[{"@type":"SearchAction","target":{"@type":"EntryPoint","urlTemplate":"https:\/\/www.athenaroyal-cbh.com\/fr\/?s={search_term_string}"},"query-input":{"@type":"PropertyValueSpecification","valueRequired":true,"valueName":"search_term_string"}}],"inLanguage":"fr-FR"}]}},"_links":{"self":[{"href":"https:\/\/www.athenaroyal-cbh.com\/fr\/wp-json\/wp\/v2\/pages\/12022","targetHints":{"allow":["GET"]}}],"collection":[{"href":"https:\/\/www.athenaroyal-cbh.com\/fr\/wp-json\/wp\/v2\/pages"}],"about":[{"href":"https:\/\/www.athenaroyal-cbh.com\/fr\/wp-json\/wp\/v2\/types\/page"}],"author":[{"embeddable":true,"href":"https:\/\/www.athenaroyal-cbh.com\/fr\/wp-json\/wp\/v2\/users\/100"}],"replies":[{"embeddable":true,"href":"https:\/\/www.athenaroyal-cbh.com\/fr\/wp-json\/wp\/v2\/comments?post=12022"}],"version-history":[{"count":10,"href":"https:\/\/www.athenaroyal-cbh.com\/fr\/wp-json\/wp\/v2\/pages\/12022\/revisions"}],"predecessor-version":[{"id":26264,"href":"https:\/\/www.athenaroyal-cbh.com\/fr\/wp-json\/wp\/v2\/pages\/12022\/revisions\/26264"}],"wp:featuredmedia":[{"embeddable":true,"href":"https:\/\/www.athenaroyal-cbh.com\/fr\/wp-json\/wp\/v2\/media\/11985"}],"wp:attachment":[{"href":"https:\/\/www.athenaroyal-cbh.com\/fr\/wp-json\/wp\/v2\/media?parent=12022"}],"curies":[{"name":"wp","href":"https:\/\/api.w.org\/{rel}","templated":true}]}}