{"id":5409,"date":"2020-12-14T10:12:32","date_gmt":"2020-12-14T07:12:32","guid":{"rendered":"https:\/\/www.athenaroyal-cbh.com\/christmas-festivities-programme\/"},"modified":"2024-09-16T17:32:24","modified_gmt":"2024-09-16T14:32:24","slug":"weihnachtsfeiern-programm","status":"publish","type":"page","link":"https:\/\/www.athenaroyal-cbh.com\/de\/weihnachtsfeiern-programm\/","title":{"rendered":"Weihnachten &amp; Neujahrsfestivit\u00e4ten"},"content":{"rendered":"<section id=\"christmasContent\">\n<div class=\"container\">\n<div class=\"row my-2\">\n<div class=\"col-12\">Es ist die sch\u00f6nste Zeit des Jahres im Athena Royal Beach Hotel!<br \/>\nWir sind stolz auf unsere traditionelle Herangehensweise an diese wahrhaft magische Jahreszeit und bem\u00fchen uns, allen unseren lieben G\u00e4sten ein einzigartiges und unvergessliches Erlebnis zu bieten.<br \/>\nGanz gleich, ob Sie sich w\u00e4hrend Ihres Urlaubs erholen und entspannen oder Zeit mit Freunden verbringen m\u00f6chten, wir sind sicher, dass Sie unsere kreativen Festtagsmen\u00fcs und die fabelhafte Weihnachtsstimmung genie\u00dfen werden!<br \/>\nLassen Sie uns gemeinsam das neue Jahr begr\u00fc\u00dfen und das Jahr 2021 mit einem freudigen Neuanfang beginnen.<\/div>\n<\/div>\n<div class=\"row my-2\">\n<div class=\"col-12 col-md-2 my-auto p-3\"><img decoding=\"async\" class=\"img-fluid w-75 mx-auto d-block\" src=\"https:\/\/www.athenaroyal-cbh.com\/wp-content\/uploads\/sites\/32\/2020\/12\/Red-and-Cream-Vintage-Christmas-Rounded-Sticker-600x600.jpg\" alt=\"\" \/><\/div>\n<div class=\"col-12 col-md-9 my-auto p-3\">\n<ul class=\"text-left\">\n<li><strong><span style=\"color: #9c8951;\">Leckereien am Nachmittag<\/span><\/strong> Gl\u00fchwein und eine Auswahl an frisch gebackenen Festtagskuchen und Keksen, die in der Lobby Lounge serviert werden<\/li>\n<li><strong><span style=\"color: #9c8951;\">Weihnachtslieder<\/span><\/strong> vor dem Abendessen in der Lobby Lounge<\/li>\n<li><strong><span style=\"color: #9c8951;\">Heiligabend Gala-Dinner-Buffet mit Live-Musik<\/span><\/strong><\/li>\n<\/ul>\n<p>Reservieren Sie Ihren Tisch \u00fcber unseren Ma\u00eetre D&#8217;H\u00f4tel<\/p>\n<\/div>\n<\/div>\n<div class=\"row my-2\">\n<div class=\"col-12 col-md-2 my-auto p-3\"><img decoding=\"async\" class=\"img-fluid w-75 mx-auto d-block\" src=\"https:\/\/www.athenaroyal-cbh.com\/wp-content\/uploads\/sites\/32\/2020\/12\/Red-and-Cream-Vintage-Christmas-600x600.jpg\" alt=\"\" \/><\/div>\n<div class=\"col-12 col-md-9 my-auto p-3\">\n<ul class=\"text-left\">\n<li><strong><span style=\"color: #9c8951;\">Der Weihnachtsmann kommt zu Besuch und bringt Geschenke f\u00fcr alle<\/span><\/strong> Hei\u00dfe Schokolade, Zimtschnecken und kandierte Waln\u00fcsse werden serviert, w\u00e4hrend wir mit unseren Musikern Weihnachtslieder singen.<\/li>\n<li><strong><span style=\"color: #9c8951;\">Weihnachtsessen<\/span><\/strong><\/li>\n<\/ul>\n<\/div>\n<\/div>\n<div class=\"row my-2\">\n<div class=\"col-12 col-md-2 my-auto p-3\"><img decoding=\"async\" class=\"img-fluid w-75 mx-auto d-block\" src=\"https:\/\/www.athenaroyal-cbh.com\/wp-content\/uploads\/sites\/32\/2020\/12\/Red-and-Cream-Vintage-Christmas-Rounded-Sticker-1-600x600.jpg\" alt=\"\" \/><\/div>\n<div class=\"col-12 col-md-9 my-auto p-3\">\n<ul class=\"text-left\">\n<li><strong><span style=\"color: #9c8951;\">Leckereien am Nachmittag<\/span><\/strong><\/li>\n<\/ul>\n<p>Gl\u00fchwein und frisch gebackene Festtagskuchen<\/p>\n<ul class=\"text-left\">\n<li><strong><span style=\"color: #9c8951;\">Silvester Gala Dinner Buffet mit Live-Musik<\/span><\/strong><\/li>\n<\/ul>\n<p>Reservieren Sie Ihren Tisch \u00fcber unseren Ma\u00eetre D&#8217;H\u00f4tel<\/p>\n<\/div>\n<\/div>\n<div class=\"row my-2\">\n<div class=\"col-12\">\n<p style=\"text-align: center;\">F\u00fcr das Weihnachts- und Neujahrsprogramm klicken Sie bitte auf den untenstehenden Link<\/p>\n<\/div>\n<\/div>\n<\/div>\n<\/section>\n","protected":false},"excerpt":{"rendered":"<p>Es ist die sch\u00f6nste Zeit des Jahres im Athena Royal Beach Hotel! Wir sind stolz auf unsere traditionelle Herangehensweise an diese wahrhaft magische Jahreszeit und bem\u00fchen uns, allen unseren lieben G\u00e4sten ein einzigartiges und unvergessliches Erlebnis zu bieten. Ganz gleich, ob Sie sich w\u00e4hrend Ihres Urlaubs erholen und entspannen oder Zeit mit Freunden verbringen m\u00f6chten,<\/p>\n","protected":false},"author":1,"featured_media":5183,"parent":0,"menu_order":0,"comment_status":"closed","ping_status":"closed","template":"","meta":{"_acf_changed":false,"footnotes":""},"class_list":["post-5409","page","type-page","status-publish","has-post-thumbnail","hentry"],"acf":[],"yoast_head":"<!-- This site is optimized with the Yoast SEO plugin v27.5 - https:\/\/yoast.com\/product\/yoast-seo-wordpress\/ -->\n<title>Weihnachten &amp; Neujahrsfestivit\u00e4ten - \u0391thena Royal Beach Hotel<\/title>\n<meta name=\"robots\" content=\"index, follow, max-snippet:-1, max-image-preview:large, max-video-preview:-1\" \/>\n<link rel=\"canonical\" href=\"https:\/\/www.athenaroyal-cbh.com\/de\/weihnachtsfeiern-programm\/\" \/>\n<meta property=\"og:locale\" content=\"de_DE\" \/>\n<meta property=\"og:type\" content=\"article\" \/>\n<meta property=\"og:title\" content=\"Weihnachten &amp; Neujahrsfestivit\u00e4ten - \u0391thena Royal Beach Hotel\" \/>\n<meta property=\"og:description\" content=\"Es ist die sch\u00f6nste Zeit des Jahres im Athena Royal Beach Hotel! Wir sind stolz auf unsere traditionelle Herangehensweise an diese wahrhaft magische Jahreszeit und bem\u00fchen uns, allen unseren lieben G\u00e4sten ein einzigartiges und unvergessliches Erlebnis zu bieten. Ganz gleich, ob Sie sich w\u00e4hrend Ihres Urlaubs erholen und entspannen oder Zeit mit Freunden verbringen m\u00f6chten,\" \/>\n<meta property=\"og:url\" content=\"https:\/\/www.athenaroyal-cbh.com\/de\/weihnachtsfeiern-programm\/\" \/>\n<meta property=\"og:site_name\" content=\"\u0391thena Royal Beach Hotel\" \/>\n<meta property=\"article:modified_time\" content=\"2024-09-16T14:32:24+00:00\" \/>\n<meta property=\"og:image\" content=\"https:\/\/www.athenaroyal-cbh.com\/app\/uploads\/sites\/32\/2020\/12\/Untitled-design-11.jpg\" \/>\n\t<meta property=\"og:image:width\" content=\"2000\" \/>\n\t<meta property=\"og:image:height\" content=\"1600\" \/>\n\t<meta property=\"og:image:type\" content=\"image\/jpeg\" \/>\n<meta name=\"twitter:card\" content=\"summary_large_image\" \/>\n<meta name=\"twitter:label1\" content=\"Gesch\u00e4tzte Lesezeit\" \/>\n\t<meta name=\"twitter:data1\" content=\"2\u00a0Minuten\" \/>\n<script type=\"application\/ld+json\" class=\"yoast-schema-graph\">{\"@context\":\"https:\\\/\\\/schema.org\",\"@graph\":[{\"@type\":\"WebPage\",\"@id\":\"https:\\\/\\\/www.athenaroyal-cbh.com\\\/de\\\/weihnachtsfeiern-programm\\\/\",\"url\":\"https:\\\/\\\/www.athenaroyal-cbh.com\\\/de\\\/weihnachtsfeiern-programm\\\/\",\"name\":\"Weihnachten &amp; Neujahrsfestivit\u00e4ten - \u0391thena Royal Beach Hotel\",\"isPartOf\":{\"@id\":\"https:\\\/\\\/www.athenaroyal-cbh.com\\\/de\\\/#website\"},\"primaryImageOfPage\":{\"@id\":\"https:\\\/\\\/www.athenaroyal-cbh.com\\\/de\\\/weihnachtsfeiern-programm\\\/#primaryimage\"},\"image\":{\"@id\":\"https:\\\/\\\/www.athenaroyal-cbh.com\\\/de\\\/weihnachtsfeiern-programm\\\/#primaryimage\"},\"thumbnailUrl\":\"https:\\\/\\\/www.athenaroyal-cbh.com\\\/app\\\/uploads\\\/sites\\\/32\\\/2020\\\/12\\\/Untitled-design-11.jpg\",\"datePublished\":\"2020-12-14T07:12:32+00:00\",\"dateModified\":\"2024-09-16T14:32:24+00:00\",\"breadcrumb\":{\"@id\":\"https:\\\/\\\/www.athenaroyal-cbh.com\\\/de\\\/weihnachtsfeiern-programm\\\/#breadcrumb\"},\"inLanguage\":\"de\",\"potentialAction\":[{\"@type\":\"ReadAction\",\"target\":[\"https:\\\/\\\/www.athenaroyal-cbh.com\\\/de\\\/weihnachtsfeiern-programm\\\/\"]}]},{\"@type\":\"ImageObject\",\"inLanguage\":\"de\",\"@id\":\"https:\\\/\\\/www.athenaroyal-cbh.com\\\/de\\\/weihnachtsfeiern-programm\\\/#primaryimage\",\"url\":\"https:\\\/\\\/www.athenaroyal-cbh.com\\\/app\\\/uploads\\\/sites\\\/32\\\/2020\\\/12\\\/Untitled-design-11.jpg\",\"contentUrl\":\"https:\\\/\\\/www.athenaroyal-cbh.com\\\/app\\\/uploads\\\/sites\\\/32\\\/2020\\\/12\\\/Untitled-design-11.jpg\",\"width\":2000,\"height\":1600},{\"@type\":\"BreadcrumbList\",\"@id\":\"https:\\\/\\\/www.athenaroyal-cbh.com\\\/de\\\/weihnachtsfeiern-programm\\\/#breadcrumb\",\"itemListElement\":[{\"@type\":\"ListItem\",\"position\":1,\"name\":\"Home\",\"item\":\"https:\\\/\\\/www.athenaroyal-cbh.com\\\/de\\\/\"},{\"@type\":\"ListItem\",\"position\":2,\"name\":\"Weihnachten &amp; Neujahrsfestivit\u00e4ten\"}]},{\"@type\":\"WebSite\",\"@id\":\"https:\\\/\\\/www.athenaroyal-cbh.com\\\/de\\\/#website\",\"url\":\"https:\\\/\\\/www.athenaroyal-cbh.com\\\/de\\\/\",\"name\":\"\u0391thena Royal Beach Hotel\",\"description\":\"Constantinou Bros Athena Royal Hotel, 4 star hotel in Paphos Cyprus\",\"potentialAction\":[{\"@type\":\"SearchAction\",\"target\":{\"@type\":\"EntryPoint\",\"urlTemplate\":\"https:\\\/\\\/www.athenaroyal-cbh.com\\\/de\\\/?s={search_term_string}\"},\"query-input\":{\"@type\":\"PropertyValueSpecification\",\"valueRequired\":true,\"valueName\":\"search_term_string\"}}],\"inLanguage\":\"de\"}]}<\/script>\n<!-- \/ Yoast SEO plugin. -->","yoast_head_json":{"title":"Weihnachten &amp; Neujahrsfestivit\u00e4ten - \u0391thena Royal Beach Hotel","robots":{"index":"index","follow":"follow","max-snippet":"max-snippet:-1","max-image-preview":"max-image-preview:large","max-video-preview":"max-video-preview:-1"},"canonical":"https:\/\/www.athenaroyal-cbh.com\/de\/weihnachtsfeiern-programm\/","og_locale":"de_DE","og_type":"article","og_title":"Weihnachten &amp; Neujahrsfestivit\u00e4ten - \u0391thena Royal Beach Hotel","og_description":"Es ist die sch\u00f6nste Zeit des Jahres im Athena Royal Beach Hotel! Wir sind stolz auf unsere traditionelle Herangehensweise an diese wahrhaft magische Jahreszeit und bem\u00fchen uns, allen unseren lieben G\u00e4sten ein einzigartiges und unvergessliches Erlebnis zu bieten. Ganz gleich, ob Sie sich w\u00e4hrend Ihres Urlaubs erholen und entspannen oder Zeit mit Freunden verbringen m\u00f6chten,","og_url":"https:\/\/www.athenaroyal-cbh.com\/de\/weihnachtsfeiern-programm\/","og_site_name":"\u0391thena Royal Beach Hotel","article_modified_time":"2024-09-16T14:32:24+00:00","og_image":[{"width":2000,"height":1600,"url":"https:\/\/www.athenaroyal-cbh.com\/app\/uploads\/sites\/32\/2020\/12\/Untitled-design-11.jpg","type":"image\/jpeg"}],"twitter_card":"summary_large_image","twitter_misc":{"Gesch\u00e4tzte Lesezeit":"2\u00a0Minuten"},"schema":{"@context":"https:\/\/schema.org","@graph":[{"@type":"WebPage","@id":"https:\/\/www.athenaroyal-cbh.com\/de\/weihnachtsfeiern-programm\/","url":"https:\/\/www.athenaroyal-cbh.com\/de\/weihnachtsfeiern-programm\/","name":"Weihnachten &amp; Neujahrsfestivit\u00e4ten - \u0391thena Royal Beach Hotel","isPartOf":{"@id":"https:\/\/www.athenaroyal-cbh.com\/de\/#website"},"primaryImageOfPage":{"@id":"https:\/\/www.athenaroyal-cbh.com\/de\/weihnachtsfeiern-programm\/#primaryimage"},"image":{"@id":"https:\/\/www.athenaroyal-cbh.com\/de\/weihnachtsfeiern-programm\/#primaryimage"},"thumbnailUrl":"https:\/\/www.athenaroyal-cbh.com\/app\/uploads\/sites\/32\/2020\/12\/Untitled-design-11.jpg","datePublished":"2020-12-14T07:12:32+00:00","dateModified":"2024-09-16T14:32:24+00:00","breadcrumb":{"@id":"https:\/\/www.athenaroyal-cbh.com\/de\/weihnachtsfeiern-programm\/#breadcrumb"},"inLanguage":"de","potentialAction":[{"@type":"ReadAction","target":["https:\/\/www.athenaroyal-cbh.com\/de\/weihnachtsfeiern-programm\/"]}]},{"@type":"ImageObject","inLanguage":"de","@id":"https:\/\/www.athenaroyal-cbh.com\/de\/weihnachtsfeiern-programm\/#primaryimage","url":"https:\/\/www.athenaroyal-cbh.com\/app\/uploads\/sites\/32\/2020\/12\/Untitled-design-11.jpg","contentUrl":"https:\/\/www.athenaroyal-cbh.com\/app\/uploads\/sites\/32\/2020\/12\/Untitled-design-11.jpg","width":2000,"height":1600},{"@type":"BreadcrumbList","@id":"https:\/\/www.athenaroyal-cbh.com\/de\/weihnachtsfeiern-programm\/#breadcrumb","itemListElement":[{"@type":"ListItem","position":1,"name":"Home","item":"https:\/\/www.athenaroyal-cbh.com\/de\/"},{"@type":"ListItem","position":2,"name":"Weihnachten &amp; Neujahrsfestivit\u00e4ten"}]},{"@type":"WebSite","@id":"https:\/\/www.athenaroyal-cbh.com\/de\/#website","url":"https:\/\/www.athenaroyal-cbh.com\/de\/","name":"\u0391thena Royal Beach Hotel","description":"Constantinou Bros Athena Royal Hotel, 4 star hotel in Paphos Cyprus","potentialAction":[{"@type":"SearchAction","target":{"@type":"EntryPoint","urlTemplate":"https:\/\/www.athenaroyal-cbh.com\/de\/?s={search_term_string}"},"query-input":{"@type":"PropertyValueSpecification","valueRequired":true,"valueName":"search_term_string"}}],"inLanguage":"de"}]}},"_links":{"self":[{"href":"https:\/\/www.athenaroyal-cbh.com\/de\/wp-json\/wp\/v2\/pages\/5409","targetHints":{"allow":["GET"]}}],"collection":[{"href":"https:\/\/www.athenaroyal-cbh.com\/de\/wp-json\/wp\/v2\/pages"}],"about":[{"href":"https:\/\/www.athenaroyal-cbh.com\/de\/wp-json\/wp\/v2\/types\/page"}],"author":[{"embeddable":true,"href":"https:\/\/www.athenaroyal-cbh.com\/de\/wp-json\/wp\/v2\/users\/1"}],"replies":[{"embeddable":true,"href":"https:\/\/www.athenaroyal-cbh.com\/de\/wp-json\/wp\/v2\/comments?post=5409"}],"version-history":[{"count":10,"href":"https:\/\/www.athenaroyal-cbh.com\/de\/wp-json\/wp\/v2\/pages\/5409\/revisions"}],"predecessor-version":[{"id":26084,"href":"https:\/\/www.athenaroyal-cbh.com\/de\/wp-json\/wp\/v2\/pages\/5409\/revisions\/26084"}],"wp:featuredmedia":[{"embeddable":true,"href":"https:\/\/www.athenaroyal-cbh.com\/de\/wp-json\/wp\/v2\/media\/5183"}],"wp:attachment":[{"href":"https:\/\/www.athenaroyal-cbh.com\/de\/wp-json\/wp\/v2\/media?parent=5409"}],"curies":[{"name":"wp","href":"https:\/\/api.w.org\/{rel}","templated":true}]}}