{"id":2648,"date":"2019-11-29T16:24:48","date_gmt":"2019-11-29T13:24:48","guid":{"rendered":"https:\/\/athenaroyal-cbh.cms4.nelios.com\/elite-class\/"},"modified":"2026-04-03T15:51:49","modified_gmt":"2026-04-03T12:51:49","slug":"eliteklasse","status":"publish","type":"page","link":"https:\/\/www.athenaroyal-cbh.com\/de\/eliteklasse\/","title":{"rendered":"Privilegien der Eliteklasse"},"content":{"rendered":"<p style=\"text-align: center;\"><img loading=\"lazy\" decoding=\"async\" class=\"alignnone wp-image-2644 size-full\" src=\"https:\/\/www.athenaroyal-cbh.com\/app\/uploads\/sites\/32\/2019\/11\/elite-class-logo.png\" alt=\"\" width=\"304\" height=\"137\" \/><\/p>\n<p>&nbsp;<\/p>\n<h2>Eine Welt voller Privilegien<\/h2>\n<p>Entdecken Sie eine unvergleichliche Serviceklasse, ein 5-Sterne-Erlebnis, das Ihnen zur Verf\u00fcgung steht, wenn Sie eine Unterkunft in den Kategorien Superior, Superior Deluxe und Suite buchen. Von einem exklusiven Check-in \u00fcber spezielle Speiseoptionen bis hin zu vielen weiteren Annehmlichkeiten bietet die Elite Class einen unvergleichlichen Aufenthalt, der Ihre Erwartungen \u00fcbertrifft.<\/p>\n<h3>Zus\u00e4tzliche Vorteile<\/h3>\n<p>G\u00e4ste, die ein Superior-Zimmer, ein Superior-Deluxe-Zimmer oder eine Suite buchen, erhalten die folgenden exklusiven Vorteile:<\/p>\n<ul>\n<li>Zimmer in bester Lage<\/li>\n<li>Exklusiver VIP-Check-in mit Begr\u00fc\u00dfungsgetr\u00e4nk und kalten Handt\u00fcchern<\/li>\n<li>Kostenfreier sp\u00e4ter Check-out bis 18:00 Uhr (je nach Verf\u00fcgbarkeit)<\/li>\n<li>Exklusiver Fr\u00fchst\u00fccksraum bis 11:00 Uhr<\/li>\n<li>Service abschalten<\/li>\n<li>Private Cabana mit Sonnenliegen (bei ausgew\u00e4hlten Zimmertypen)<\/li>\n<li>Ein Men\u00fc im \u00c0-la-carte-Restaurant f\u00fcr Ihr Abendessen &#8211; wenn Ihre Unterkunft ein Abendessen beinhaltet (je nach Verf\u00fcgbarkeit)<\/li>\n<li>Das erweiterte Premium-Paket (Ultra all-inclusive) beinhaltet eine unbegrenzte Auswahl an Speisen im \u00c0-la-carte-Restaurant (Reservierung erforderlich und abh\u00e4ngig von der Verf\u00fcgbarkeit) und eine bei Ankunft gef\u00fcllte Minibar mit t\u00e4glichem Nachschub an Kaffee\/Tee\/Espresso und Softdrinks. Jeden Nachmittag steht eine Flasche Wasser auf dem Zimmer bereit und einen Tag vor der Abreise wird eine Flasche Champagner angeboten.<\/li>\n<li>10% Rabatt auf ausgew\u00e4hlte Golfpl\u00e4tze (vorausgesetzt, die Buchung erfolgte \u00fcber uns)<\/li>\n<li>Die kostenlose Nutzung der Green Bowls-Anlage (je nach Verf\u00fcgbarkeit und nach vorheriger Reservierung) ist f\u00fcr Einzelg\u00e4ste m\u00f6glich, die nicht Teil einer organisierten Gruppe mit einem im Voraus festgelegten Programm sind.<\/li>\n<\/ul>\n","protected":false},"excerpt":{"rendered":"<p>&nbsp; Eine Welt voller Privilegien Entdecken Sie eine unvergleichliche Serviceklasse, ein 5-Sterne-Erlebnis, das Ihnen zur Verf\u00fcgung steht, wenn Sie eine Unterkunft in den Kategorien Superior, Superior Deluxe und Suite buchen. Von einem exklusiven Check-in \u00fcber spezielle Speiseoptionen bis hin zu vielen weiteren Annehmlichkeiten bietet die Elite Class einen unvergleichlichen Aufenthalt, der Ihre Erwartungen \u00fcbertrifft. Zus\u00e4tzliche<\/p>\n","protected":false},"author":1,"featured_media":1953,"parent":0,"menu_order":0,"comment_status":"closed","ping_status":"closed","template":"","meta":{"_acf_changed":false,"footnotes":""},"class_list":["post-2648","page","type-page","status-publish","has-post-thumbnail","hentry"],"acf":[],"yoast_head":"<!-- This site is optimized with the Yoast SEO plugin v27.4 - https:\/\/yoast.com\/product\/yoast-seo-wordpress\/ -->\n<title>Zur Pr\u00e4mie: all inclusive Hotel in Paphos || Athena Royal Hotel<\/title>\n<meta name=\"description\" content=\"Holen Sie sich das Upgraded Premium Package im Athena Royal by Constantinou Bros Hotels und genie\u00dfen Sie alle unbegrenzten Vorteile unseres All-Inclusive-Hotels in Paphos.\" \/>\n<meta name=\"robots\" content=\"index, follow, max-snippet:-1, max-image-preview:large, max-video-preview:-1\" \/>\n<link rel=\"canonical\" href=\"https:\/\/www.athenaroyal-cbh.com\/de\/eliteklasse\/\" \/>\n<meta property=\"og:locale\" content=\"de_DE\" \/>\n<meta property=\"og:type\" content=\"article\" \/>\n<meta property=\"og:title\" content=\"Zur Pr\u00e4mie: all inclusive Hotel in Paphos || Athena Royal Hotel\" \/>\n<meta property=\"og:description\" content=\"Holen Sie sich das Upgraded Premium Package im Athena Royal by Constantinou Bros Hotels und genie\u00dfen Sie alle unbegrenzten Vorteile unseres All-Inclusive-Hotels in Paphos.\" \/>\n<meta property=\"og:url\" content=\"https:\/\/www.athenaroyal-cbh.com\/de\/eliteklasse\/\" \/>\n<meta property=\"og:site_name\" content=\"\u0391thena Royal Beach Hotel\" \/>\n<meta property=\"article:modified_time\" content=\"2026-04-03T12:51:49+00:00\" \/>\n<meta property=\"og:image\" content=\"https:\/\/www.athenaroyal-cbh.com\/app\/uploads\/sites\/32\/2019\/05\/4-athena-royal-beach-hotel-pool-and-sea-view_resized.jpg\" \/>\n\t<meta property=\"og:image:width\" content=\"1920\" \/>\n\t<meta property=\"og:image:height\" content=\"1181\" \/>\n\t<meta property=\"og:image:type\" content=\"image\/jpeg\" \/>\n<meta name=\"twitter:card\" content=\"summary_large_image\" \/>\n<meta name=\"twitter:label1\" content=\"Gesch\u00e4tzte Lesezeit\" \/>\n\t<meta name=\"twitter:data1\" content=\"2\u00a0Minuten\" \/>\n<script type=\"application\/ld+json\" class=\"yoast-schema-graph\">{\"@context\":\"https:\\\/\\\/schema.org\",\"@graph\":[{\"@type\":\"WebPage\",\"@id\":\"https:\\\/\\\/www.athenaroyal-cbh.com\\\/de\\\/eliteklasse\\\/\",\"url\":\"https:\\\/\\\/www.athenaroyal-cbh.com\\\/de\\\/eliteklasse\\\/\",\"name\":\"Zur Pr\u00e4mie: all inclusive Hotel in Paphos || Athena Royal Hotel\",\"isPartOf\":{\"@id\":\"https:\\\/\\\/www.athenaroyal-cbh.com\\\/de\\\/#website\"},\"primaryImageOfPage\":{\"@id\":\"https:\\\/\\\/www.athenaroyal-cbh.com\\\/de\\\/eliteklasse\\\/#primaryimage\"},\"image\":{\"@id\":\"https:\\\/\\\/www.athenaroyal-cbh.com\\\/de\\\/eliteklasse\\\/#primaryimage\"},\"thumbnailUrl\":\"https:\\\/\\\/www.athenaroyal-cbh.com\\\/app\\\/uploads\\\/sites\\\/32\\\/2019\\\/05\\\/4-athena-royal-beach-hotel-pool-and-sea-view_resized.jpg\",\"datePublished\":\"2019-11-29T13:24:48+00:00\",\"dateModified\":\"2026-04-03T12:51:49+00:00\",\"description\":\"Holen Sie sich das Upgraded Premium Package im Athena Royal by Constantinou Bros Hotels und genie\u00dfen Sie alle unbegrenzten Vorteile unseres All-Inclusive-Hotels in Paphos.\",\"breadcrumb\":{\"@id\":\"https:\\\/\\\/www.athenaroyal-cbh.com\\\/de\\\/eliteklasse\\\/#breadcrumb\"},\"inLanguage\":\"de\",\"potentialAction\":[{\"@type\":\"ReadAction\",\"target\":[\"https:\\\/\\\/www.athenaroyal-cbh.com\\\/de\\\/eliteklasse\\\/\"]}]},{\"@type\":\"ImageObject\",\"inLanguage\":\"de\",\"@id\":\"https:\\\/\\\/www.athenaroyal-cbh.com\\\/de\\\/eliteklasse\\\/#primaryimage\",\"url\":\"https:\\\/\\\/www.athenaroyal-cbh.com\\\/app\\\/uploads\\\/sites\\\/32\\\/2019\\\/05\\\/4-athena-royal-beach-hotel-pool-and-sea-view_resized.jpg\",\"contentUrl\":\"https:\\\/\\\/www.athenaroyal-cbh.com\\\/app\\\/uploads\\\/sites\\\/32\\\/2019\\\/05\\\/4-athena-royal-beach-hotel-pool-and-sea-view_resized.jpg\",\"width\":1920,\"height\":1181,\"caption\":\"Luxuri\u00f6se Umgebung\"},{\"@type\":\"BreadcrumbList\",\"@id\":\"https:\\\/\\\/www.athenaroyal-cbh.com\\\/de\\\/eliteklasse\\\/#breadcrumb\",\"itemListElement\":[{\"@type\":\"ListItem\",\"position\":1,\"name\":\"Home\",\"item\":\"https:\\\/\\\/www.athenaroyal-cbh.com\\\/de\\\/\"},{\"@type\":\"ListItem\",\"position\":2,\"name\":\"Privilegien der Eliteklasse\"}]},{\"@type\":\"WebSite\",\"@id\":\"https:\\\/\\\/www.athenaroyal-cbh.com\\\/de\\\/#website\",\"url\":\"https:\\\/\\\/www.athenaroyal-cbh.com\\\/de\\\/\",\"name\":\"\u0391thena Royal Beach Hotel\",\"description\":\"Constantinou Bros Athena Royal Hotel, 4 star hotel in Paphos Cyprus\",\"potentialAction\":[{\"@type\":\"SearchAction\",\"target\":{\"@type\":\"EntryPoint\",\"urlTemplate\":\"https:\\\/\\\/www.athenaroyal-cbh.com\\\/de\\\/?s={search_term_string}\"},\"query-input\":{\"@type\":\"PropertyValueSpecification\",\"valueRequired\":true,\"valueName\":\"search_term_string\"}}],\"inLanguage\":\"de\"}]}<\/script>\n<!-- \/ Yoast SEO plugin. -->","yoast_head_json":{"title":"Zur Pr\u00e4mie: all inclusive Hotel in Paphos || Athena Royal Hotel","description":"Holen Sie sich das Upgraded Premium Package im Athena Royal by Constantinou Bros Hotels und genie\u00dfen Sie alle unbegrenzten Vorteile unseres All-Inclusive-Hotels in Paphos.","robots":{"index":"index","follow":"follow","max-snippet":"max-snippet:-1","max-image-preview":"max-image-preview:large","max-video-preview":"max-video-preview:-1"},"canonical":"https:\/\/www.athenaroyal-cbh.com\/de\/eliteklasse\/","og_locale":"de_DE","og_type":"article","og_title":"Zur Pr\u00e4mie: all inclusive Hotel in Paphos || Athena Royal Hotel","og_description":"Holen Sie sich das Upgraded Premium Package im Athena Royal by Constantinou Bros Hotels und genie\u00dfen Sie alle unbegrenzten Vorteile unseres All-Inclusive-Hotels in Paphos.","og_url":"https:\/\/www.athenaroyal-cbh.com\/de\/eliteklasse\/","og_site_name":"\u0391thena Royal Beach Hotel","article_modified_time":"2026-04-03T12:51:49+00:00","og_image":[{"width":1920,"height":1181,"url":"https:\/\/www.athenaroyal-cbh.com\/app\/uploads\/sites\/32\/2019\/05\/4-athena-royal-beach-hotel-pool-and-sea-view_resized.jpg","type":"image\/jpeg"}],"twitter_card":"summary_large_image","twitter_misc":{"Gesch\u00e4tzte Lesezeit":"2\u00a0Minuten"},"schema":{"@context":"https:\/\/schema.org","@graph":[{"@type":"WebPage","@id":"https:\/\/www.athenaroyal-cbh.com\/de\/eliteklasse\/","url":"https:\/\/www.athenaroyal-cbh.com\/de\/eliteklasse\/","name":"Zur Pr\u00e4mie: all inclusive Hotel in Paphos || Athena Royal Hotel","isPartOf":{"@id":"https:\/\/www.athenaroyal-cbh.com\/de\/#website"},"primaryImageOfPage":{"@id":"https:\/\/www.athenaroyal-cbh.com\/de\/eliteklasse\/#primaryimage"},"image":{"@id":"https:\/\/www.athenaroyal-cbh.com\/de\/eliteklasse\/#primaryimage"},"thumbnailUrl":"https:\/\/www.athenaroyal-cbh.com\/app\/uploads\/sites\/32\/2019\/05\/4-athena-royal-beach-hotel-pool-and-sea-view_resized.jpg","datePublished":"2019-11-29T13:24:48+00:00","dateModified":"2026-04-03T12:51:49+00:00","description":"Holen Sie sich das Upgraded Premium Package im Athena Royal by Constantinou Bros Hotels und genie\u00dfen Sie alle unbegrenzten Vorteile unseres All-Inclusive-Hotels in Paphos.","breadcrumb":{"@id":"https:\/\/www.athenaroyal-cbh.com\/de\/eliteklasse\/#breadcrumb"},"inLanguage":"de","potentialAction":[{"@type":"ReadAction","target":["https:\/\/www.athenaroyal-cbh.com\/de\/eliteklasse\/"]}]},{"@type":"ImageObject","inLanguage":"de","@id":"https:\/\/www.athenaroyal-cbh.com\/de\/eliteklasse\/#primaryimage","url":"https:\/\/www.athenaroyal-cbh.com\/app\/uploads\/sites\/32\/2019\/05\/4-athena-royal-beach-hotel-pool-and-sea-view_resized.jpg","contentUrl":"https:\/\/www.athenaroyal-cbh.com\/app\/uploads\/sites\/32\/2019\/05\/4-athena-royal-beach-hotel-pool-and-sea-view_resized.jpg","width":1920,"height":1181,"caption":"Luxuri\u00f6se Umgebung"},{"@type":"BreadcrumbList","@id":"https:\/\/www.athenaroyal-cbh.com\/de\/eliteklasse\/#breadcrumb","itemListElement":[{"@type":"ListItem","position":1,"name":"Home","item":"https:\/\/www.athenaroyal-cbh.com\/de\/"},{"@type":"ListItem","position":2,"name":"Privilegien der Eliteklasse"}]},{"@type":"WebSite","@id":"https:\/\/www.athenaroyal-cbh.com\/de\/#website","url":"https:\/\/www.athenaroyal-cbh.com\/de\/","name":"\u0391thena Royal Beach Hotel","description":"Constantinou Bros Athena Royal Hotel, 4 star hotel in Paphos Cyprus","potentialAction":[{"@type":"SearchAction","target":{"@type":"EntryPoint","urlTemplate":"https:\/\/www.athenaroyal-cbh.com\/de\/?s={search_term_string}"},"query-input":{"@type":"PropertyValueSpecification","valueRequired":true,"valueName":"search_term_string"}}],"inLanguage":"de"}]}},"_links":{"self":[{"href":"https:\/\/www.athenaroyal-cbh.com\/de\/wp-json\/wp\/v2\/pages\/2648","targetHints":{"allow":["GET"]}}],"collection":[{"href":"https:\/\/www.athenaroyal-cbh.com\/de\/wp-json\/wp\/v2\/pages"}],"about":[{"href":"https:\/\/www.athenaroyal-cbh.com\/de\/wp-json\/wp\/v2\/types\/page"}],"author":[{"embeddable":true,"href":"https:\/\/www.athenaroyal-cbh.com\/de\/wp-json\/wp\/v2\/users\/1"}],"replies":[{"embeddable":true,"href":"https:\/\/www.athenaroyal-cbh.com\/de\/wp-json\/wp\/v2\/comments?post=2648"}],"version-history":[{"count":12,"href":"https:\/\/www.athenaroyal-cbh.com\/de\/wp-json\/wp\/v2\/pages\/2648\/revisions"}],"predecessor-version":[{"id":27459,"href":"https:\/\/www.athenaroyal-cbh.com\/de\/wp-json\/wp\/v2\/pages\/2648\/revisions\/27459"}],"wp:featuredmedia":[{"embeddable":true,"href":"https:\/\/www.athenaroyal-cbh.com\/de\/wp-json\/wp\/v2\/media\/1953"}],"wp:attachment":[{"href":"https:\/\/www.athenaroyal-cbh.com\/de\/wp-json\/wp\/v2\/media?parent=2648"}],"curies":[{"name":"wp","href":"https:\/\/api.w.org\/{rel}","templated":true}]}}