{"id":2314,"date":"2019-05-16T13:08:40","date_gmt":"2019-05-16T10:08:40","guid":{"rendered":"http:\/\/athenaroyal-cbh.cms4.nelios.com\/home\/"},"modified":"2025-05-16T12:53:54","modified_gmt":"2025-05-16T09:53:54","slug":"willkommen-im-athena-royal-beach-hotel","status":"publish","type":"page","link":"https:\/\/www.athenaroyal-cbh.com\/de\/","title":{"rendered":"Ein luxuri\u00f6ses Reiseziel am Wasser"},"content":{"rendered":"<p>Genie\u00dfen Sie einen un\u00fcbertroffenen erstklassigen Service.<br \/>\nDas Constantinou Bros Athena Royal Beach Hotel besteht aus 208 wundersch\u00f6n eingerichteten G\u00e4stezimmern, die auf Ihre pers\u00f6nlichen Bed\u00fcrfnisse abgestimmt sind und einen majest\u00e4tischen Blick auf das Meer oder unsere farbenfrohen Privatg\u00e4rten bieten.<\/p>\n<p style=\"text-align: center;\"><a href=\"https:\/\/www.athenaroyal-cbh.com\/de\/das-hotel\/\">Mehr lesen<\/a><\/p>\n","protected":false},"excerpt":{"rendered":"<p>Genie\u00dfen Sie einen un\u00fcbertroffenen erstklassigen Service. Das Constantinou Bros Athena Royal Beach Hotel besteht aus 208 wundersch\u00f6n eingerichteten G\u00e4stezimmern, die auf Ihre pers\u00f6nlichen Bed\u00fcrfnisse abgestimmt sind und einen majest\u00e4tischen Blick auf das Meer oder unsere farbenfrohen Privatg\u00e4rten bieten. Mehr lesen<\/p>\n","protected":false},"author":2,"featured_media":1909,"parent":0,"menu_order":0,"comment_status":"closed","ping_status":"closed","template":"","meta":{"_acf_changed":false,"footnotes":""},"class_list":["post-2314","page","type-page","status-publish","has-post-thumbnail","hentry"],"acf":[],"yoast_head":"<!-- This site is optimized with the Yoast SEO plugin v27.5 - https:\/\/yoast.com\/product\/yoast-seo-wordpress\/ -->\n<title>Luxushotel am Strand von Paphos | Athena Royal Beach Hotel<\/title>\n<meta name=\"description\" content=\"Das Athena Royal Beach Hotel von Constantinou Bros Hotels ist eine Oase am Strand nur f\u00fcr Erwachsene und ein Luxushotel in Paphos auf Zypern f\u00fcr einen unvergesslichen Urlaub.\" \/>\n<meta name=\"robots\" content=\"index, follow, max-snippet:-1, max-image-preview:large, max-video-preview:-1\" \/>\n<link rel=\"canonical\" href=\"https:\/\/www.athenaroyal-cbh.com\/de\/\" \/>\n<meta property=\"og:locale\" content=\"de_DE\" \/>\n<meta property=\"og:type\" content=\"article\" \/>\n<meta property=\"og:title\" content=\"Luxushotel am Strand von Paphos | Athena Royal Beach Hotel\" \/>\n<meta property=\"og:description\" content=\"Das Athena Royal Beach Hotel von Constantinou Bros Hotels ist eine Oase am Strand nur f\u00fcr Erwachsene und ein Luxushotel in Paphos auf Zypern f\u00fcr einen unvergesslichen Urlaub.\" \/>\n<meta property=\"og:url\" content=\"https:\/\/www.athenaroyal-cbh.com\/de\/\" \/>\n<meta property=\"og:site_name\" content=\"\u0391thena Royal Beach Hotel\" \/>\n<meta property=\"article:modified_time\" content=\"2025-05-16T09:53:54+00:00\" \/>\n<meta property=\"og:image\" content=\"https:\/\/www.athenaroyal-cbh.com\/app\/uploads\/sites\/32\/2019\/05\/athena-royal-beach-hotel-cabanas0_resized.jpg\" \/>\n\t<meta property=\"og:image:width\" content=\"1920\" \/>\n\t<meta property=\"og:image:height\" content=\"1277\" \/>\n\t<meta property=\"og:image:type\" content=\"image\/jpeg\" \/>\n<meta name=\"twitter:card\" content=\"summary_large_image\" \/>\n<meta name=\"twitter:label1\" content=\"Gesch\u00e4tzte Lesezeit\" \/>\n\t<meta name=\"twitter:data1\" content=\"1\u00a0Minute\" \/>\n<script type=\"application\/ld+json\" class=\"yoast-schema-graph\">{\"@context\":\"https:\\\/\\\/schema.org\",\"@graph\":[{\"@type\":\"WebPage\",\"@id\":\"https:\\\/\\\/www.athenaroyal-cbh.com\\\/de\\\/\",\"url\":\"https:\\\/\\\/www.athenaroyal-cbh.com\\\/de\\\/\",\"name\":\"Luxushotel am Strand von Paphos | Athena Royal Beach Hotel\",\"isPartOf\":{\"@id\":\"https:\\\/\\\/www.athenaroyal-cbh.com\\\/de\\\/#website\"},\"primaryImageOfPage\":{\"@id\":\"https:\\\/\\\/www.athenaroyal-cbh.com\\\/de\\\/#primaryimage\"},\"image\":{\"@id\":\"https:\\\/\\\/www.athenaroyal-cbh.com\\\/de\\\/#primaryimage\"},\"thumbnailUrl\":\"https:\\\/\\\/www.athenaroyal-cbh.com\\\/app\\\/uploads\\\/sites\\\/32\\\/2019\\\/05\\\/athena-royal-beach-hotel-cabanas0_resized.jpg\",\"datePublished\":\"2019-05-16T10:08:40+00:00\",\"dateModified\":\"2025-05-16T09:53:54+00:00\",\"description\":\"Das Athena Royal Beach Hotel von Constantinou Bros Hotels ist eine Oase am Strand nur f\u00fcr Erwachsene und ein Luxushotel in Paphos auf Zypern f\u00fcr einen unvergesslichen Urlaub.\",\"breadcrumb\":{\"@id\":\"https:\\\/\\\/www.athenaroyal-cbh.com\\\/de\\\/#breadcrumb\"},\"inLanguage\":\"de\",\"potentialAction\":[{\"@type\":\"ReadAction\",\"target\":[\"https:\\\/\\\/www.athenaroyal-cbh.com\\\/de\\\/\"]}]},{\"@type\":\"ImageObject\",\"inLanguage\":\"de\",\"@id\":\"https:\\\/\\\/www.athenaroyal-cbh.com\\\/de\\\/#primaryimage\",\"url\":\"https:\\\/\\\/www.athenaroyal-cbh.com\\\/app\\\/uploads\\\/sites\\\/32\\\/2019\\\/05\\\/athena-royal-beach-hotel-cabanas0_resized.jpg\",\"contentUrl\":\"https:\\\/\\\/www.athenaroyal-cbh.com\\\/app\\\/uploads\\\/sites\\\/32\\\/2019\\\/05\\\/athena-royal-beach-hotel-cabanas0_resized.jpg\",\"width\":1920,\"height\":1277},{\"@type\":\"BreadcrumbList\",\"@id\":\"https:\\\/\\\/www.athenaroyal-cbh.com\\\/de\\\/#breadcrumb\",\"itemListElement\":[{\"@type\":\"ListItem\",\"position\":1,\"name\":\"Home\",\"item\":\"https:\\\/\\\/www.athenaroyal-cbh.com\\\/de\\\/\"},{\"@type\":\"ListItem\",\"position\":2,\"name\":\"Ein luxuri\u00f6ses Reiseziel am Wasser\"}]},{\"@type\":\"WebSite\",\"@id\":\"https:\\\/\\\/www.athenaroyal-cbh.com\\\/de\\\/#website\",\"url\":\"https:\\\/\\\/www.athenaroyal-cbh.com\\\/de\\\/\",\"name\":\"\u0391thena Royal Beach Hotel\",\"description\":\"Constantinou Bros Athena Royal Hotel, 4 star hotel in Paphos Cyprus\",\"potentialAction\":[{\"@type\":\"SearchAction\",\"target\":{\"@type\":\"EntryPoint\",\"urlTemplate\":\"https:\\\/\\\/www.athenaroyal-cbh.com\\\/de\\\/?s={search_term_string}\"},\"query-input\":{\"@type\":\"PropertyValueSpecification\",\"valueRequired\":true,\"valueName\":\"search_term_string\"}}],\"inLanguage\":\"de\"}]}<\/script>\n<!-- \/ Yoast SEO plugin. -->","yoast_head_json":{"title":"Luxushotel am Strand von Paphos | Athena Royal Beach Hotel","description":"Das Athena Royal Beach Hotel von Constantinou Bros Hotels ist eine Oase am Strand nur f\u00fcr Erwachsene und ein Luxushotel in Paphos auf Zypern f\u00fcr einen unvergesslichen Urlaub.","robots":{"index":"index","follow":"follow","max-snippet":"max-snippet:-1","max-image-preview":"max-image-preview:large","max-video-preview":"max-video-preview:-1"},"canonical":"https:\/\/www.athenaroyal-cbh.com\/de\/","og_locale":"de_DE","og_type":"article","og_title":"Luxushotel am Strand von Paphos | Athena Royal Beach Hotel","og_description":"Das Athena Royal Beach Hotel von Constantinou Bros Hotels ist eine Oase am Strand nur f\u00fcr Erwachsene und ein Luxushotel in Paphos auf Zypern f\u00fcr einen unvergesslichen Urlaub.","og_url":"https:\/\/www.athenaroyal-cbh.com\/de\/","og_site_name":"\u0391thena Royal Beach Hotel","article_modified_time":"2025-05-16T09:53:54+00:00","og_image":[{"width":1920,"height":1277,"url":"https:\/\/www.athenaroyal-cbh.com\/app\/uploads\/sites\/32\/2019\/05\/athena-royal-beach-hotel-cabanas0_resized.jpg","type":"image\/jpeg"}],"twitter_card":"summary_large_image","twitter_misc":{"Gesch\u00e4tzte Lesezeit":"1\u00a0Minute"},"schema":{"@context":"https:\/\/schema.org","@graph":[{"@type":"WebPage","@id":"https:\/\/www.athenaroyal-cbh.com\/de\/","url":"https:\/\/www.athenaroyal-cbh.com\/de\/","name":"Luxushotel am Strand von Paphos | Athena Royal Beach Hotel","isPartOf":{"@id":"https:\/\/www.athenaroyal-cbh.com\/de\/#website"},"primaryImageOfPage":{"@id":"https:\/\/www.athenaroyal-cbh.com\/de\/#primaryimage"},"image":{"@id":"https:\/\/www.athenaroyal-cbh.com\/de\/#primaryimage"},"thumbnailUrl":"https:\/\/www.athenaroyal-cbh.com\/app\/uploads\/sites\/32\/2019\/05\/athena-royal-beach-hotel-cabanas0_resized.jpg","datePublished":"2019-05-16T10:08:40+00:00","dateModified":"2025-05-16T09:53:54+00:00","description":"Das Athena Royal Beach Hotel von Constantinou Bros Hotels ist eine Oase am Strand nur f\u00fcr Erwachsene und ein Luxushotel in Paphos auf Zypern f\u00fcr einen unvergesslichen Urlaub.","breadcrumb":{"@id":"https:\/\/www.athenaroyal-cbh.com\/de\/#breadcrumb"},"inLanguage":"de","potentialAction":[{"@type":"ReadAction","target":["https:\/\/www.athenaroyal-cbh.com\/de\/"]}]},{"@type":"ImageObject","inLanguage":"de","@id":"https:\/\/www.athenaroyal-cbh.com\/de\/#primaryimage","url":"https:\/\/www.athenaroyal-cbh.com\/app\/uploads\/sites\/32\/2019\/05\/athena-royal-beach-hotel-cabanas0_resized.jpg","contentUrl":"https:\/\/www.athenaroyal-cbh.com\/app\/uploads\/sites\/32\/2019\/05\/athena-royal-beach-hotel-cabanas0_resized.jpg","width":1920,"height":1277},{"@type":"BreadcrumbList","@id":"https:\/\/www.athenaroyal-cbh.com\/de\/#breadcrumb","itemListElement":[{"@type":"ListItem","position":1,"name":"Home","item":"https:\/\/www.athenaroyal-cbh.com\/de\/"},{"@type":"ListItem","position":2,"name":"Ein luxuri\u00f6ses Reiseziel am Wasser"}]},{"@type":"WebSite","@id":"https:\/\/www.athenaroyal-cbh.com\/de\/#website","url":"https:\/\/www.athenaroyal-cbh.com\/de\/","name":"\u0391thena Royal Beach Hotel","description":"Constantinou Bros Athena Royal Hotel, 4 star hotel in Paphos Cyprus","potentialAction":[{"@type":"SearchAction","target":{"@type":"EntryPoint","urlTemplate":"https:\/\/www.athenaroyal-cbh.com\/de\/?s={search_term_string}"},"query-input":{"@type":"PropertyValueSpecification","valueRequired":true,"valueName":"search_term_string"}}],"inLanguage":"de"}]}},"_links":{"self":[{"href":"https:\/\/www.athenaroyal-cbh.com\/de\/wp-json\/wp\/v2\/pages\/2314","targetHints":{"allow":["GET"]}}],"collection":[{"href":"https:\/\/www.athenaroyal-cbh.com\/de\/wp-json\/wp\/v2\/pages"}],"about":[{"href":"https:\/\/www.athenaroyal-cbh.com\/de\/wp-json\/wp\/v2\/types\/page"}],"author":[{"embeddable":true,"href":"https:\/\/www.athenaroyal-cbh.com\/de\/wp-json\/wp\/v2\/users\/2"}],"replies":[{"embeddable":true,"href":"https:\/\/www.athenaroyal-cbh.com\/de\/wp-json\/wp\/v2\/comments?post=2314"}],"version-history":[{"count":18,"href":"https:\/\/www.athenaroyal-cbh.com\/de\/wp-json\/wp\/v2\/pages\/2314\/revisions"}],"predecessor-version":[{"id":26592,"href":"https:\/\/www.athenaroyal-cbh.com\/de\/wp-json\/wp\/v2\/pages\/2314\/revisions\/26592"}],"wp:featuredmedia":[{"embeddable":true,"href":"https:\/\/www.athenaroyal-cbh.com\/de\/wp-json\/wp\/v2\/media\/1909"}],"wp:attachment":[{"href":"https:\/\/www.athenaroyal-cbh.com\/de\/wp-json\/wp\/v2\/media?parent=2314"}],"curies":[{"name":"wp","href":"https:\/\/api.w.org\/{rel}","templated":true}]}}