{"id":2295,"date":"2019-05-16T13:08:41","date_gmt":"2019-05-16T10:08:41","guid":{"rendered":"http:\/\/athenaroyal-cbh.cms4.nelios.com\/the-hotel\/location\/"},"modified":"2024-09-16T17:30:09","modified_gmt":"2024-09-16T14:30:09","slug":"standort","status":"publish","type":"page","link":"https:\/\/www.athenaroyal-cbh.com\/de\/das-hotel\/standort\/","title":{"rendered":"Standort"},"content":{"rendered":"<p>Das Athena Royal Beach Hotel befindet sich in einer wundersch\u00f6nen Strandlage in Kato Paphos.<br \/>\nArch\u00e4ologische St\u00e4tten, Restaurants, Bars und Gesch\u00e4fte befinden sich in unmittelbarer N\u00e4he.<br \/>\nNur wenige Meter vom Hoteleingang entfernt befindet sich eine Bushaltestelle und Taxis sind immer verf\u00fcgbar.<\/p>\n<h4><strong>Entfernung:<\/strong><\/h4>\n<ul>\n<li>50 m von Bars und Restaurants entfernt<\/li>\n<li>1,5 km vom Ortszentrum entfernt<\/li>\n<li>2,5 km vom alten Hafen von Paphos entfernt<\/li>\n<li>15 km vom internationalen Flughafen Paphos<\/li>\n<li>140 km vom internationalen Flughafen Larnaca entfernt<\/li>\n<\/ul>\n<h4><\/h4>\n<h4>Wegbeschreibung<\/h4>\n<h5>Wegbeschreibung vom Flughafen Paphos zum Athena Royal Beach Hotel (ca. 20 Minuten):<\/h5>\n<ul>\n<li>Fahren Sie auf der Flughafenumgehungsstra\u00dfe 400 m bis zur Flughafenkreuzung (Kreisverkehr).<\/li>\n<li>Nehmen Sie die erste Ausfahrt aus dem Kreisverkehr (links abbiegen) und fahren Sie 3,9 km geradeaus bis zum Ende der Stra\u00dfe an einer T-Kreuzung.<\/li>\n<li>Biegen Sie links ab und fahren Sie 2,0 km.<\/li>\n<li>Biegen Sie rechts auf die Stra\u00dfe ab, die zum Dorf Ayia Barbara f\u00fchrt, und fahren Sie 1,5 km.<\/li>\n<li>Kurz vor der \u00dcberf\u00fchrung der Autobahn A6 Limassol-Paphos biegen Sie links auf die Autobahnauffahrt ab.<\/li>\n<li>Fahren Sie auf die Autobahn A6 und fahren Sie 6,9 km geradeaus bis zum Ende der Autobahn an der Anschlussstelle Paphos A6 (Kreisverkehr).<\/li>\n<li>Nehmen Sie die erste Ausfahrt im Kreisverkehr nach links auf die Dimokratias Avenue<\/li>\n<li>Fahren Sie 1,8 km geradeaus, bis Sie die Paphiakos-Kreuzung (Kreisverkehr) erreichen.<\/li>\n<li>Nehmen Sie die 2. Ausfahrt aus dem Kreisverkehr (gegen\u00fcberliegende Stra\u00dfe) auf die Evropis Avenue<\/li>\n<li>Fahren Sie 2,2 km geradeaus, bis Sie die Kreuzung Kato Paphos (Kreisverkehr) erreichen.<\/li>\n<li>Nehmen Sie die 2. Ausfahrt aus dem Kreisverkehr (gegen\u00fcberliegende Stra\u00dfe) auf die Danaes Avenue<\/li>\n<li>Fahren Sie 600 m geradeaus bis zum Ende der Allee an einer T-Kreuzung mit der Poseidonos Avenue<\/li>\n<li>Biegen Sie links ab auf die Poseidonos Avenue und fahren Sie 350 m.<br \/>\nSie sehen das Athena Royal Beach Hotel auf Ihrer rechten Seite.<\/li>\n<\/ul>\n<h5>Wegbeschreibung vom Flughafen Larnaca zum Athena Royal Beach Hotel (ca. 1,5 Stunden):<\/h5>\n<ul>\n<li>Fahren Sie auf der Flughafenumgehungsstra\u00dfe 650 m bis zur Flughafenkreuzung (Kreisverkehr).<\/li>\n<li>Nehmen Sie die erste Ausfahrt aus dem Kreisverkehr (links abbiegen) und fahren Sie auf die Autobahn A3.<\/li>\n<li>Fahren Sie 5 km geradeaus und nehmen Sie die Ausfahrt kurz vor der Kreuzung Kalo Chorio (Kreisverkehr mit \u00dcberf\u00fchrung).<\/li>\n<li>Halten Sie sich auf der \u00e4u\u00dfersten linken Spur der Ausfahrt und fahren Sie auf die Autobahn A5.<\/li>\n<li>Fahren Sie 18,4 km geradeaus, bis die Autobahn A5 in die Autobahn A1 m\u00fcndet.<\/li>\n<li>Fahren Sie auf die Autobahn A1 und fahren Sie 29 km bis nach Limassol.<\/li>\n<li>Fahren Sie geradeaus, w\u00e4hrend die Autobahn A1 Limassol durchquert und in A6 umbenannt wird.<\/li>\n<li>Fahren Sie 65 km, bis die Autobahn endet und Sie die Anschlussstelle Paphos A6 (Kreisverkehr) erreichen.<\/li>\n<li>Nehmen Sie die erste Ausfahrt im Kreisverkehr nach links auf die Dimokratias Avenue<\/li>\n<li>Fahren Sie 1,8 km geradeaus, bis Sie die Paphiakos-Kreuzung (Kreisverkehr) erreichen.<\/li>\n<li>Nehmen Sie die 2. Ausfahrt aus dem Kreisverkehr (gegen\u00fcberliegende Stra\u00dfe) auf die Evropis Avenue<\/li>\n<li>Fahren Sie 2,2 km geradeaus, bis Sie die Kreuzung Kato Paphos (Kreisverkehr) erreichen.<\/li>\n<li>Nehmen Sie die 2. Ausfahrt aus dem Kreisverkehr (gegen\u00fcberliegende Stra\u00dfe) auf die Danaes Avenue<\/li>\n<li>Fahren Sie 600 m geradeaus bis zum Ende der Allee an einer T-Kreuzung mit der Poseidonos Avenue<\/li>\n<li>Biegen Sie links ab auf die Poseidonos Avenue und fahren Sie 350 m.<br \/>\nSie sehen das Athena Royal Beach Hotel auf Ihrer rechten Seite.<\/li>\n<\/ul>\n","protected":false},"excerpt":{"rendered":"<p>Das Athena Royal Beach Hotel befindet sich in einer wundersch\u00f6nen Strandlage in Kato Paphos. Arch\u00e4ologische St\u00e4tten, Restaurants, Bars und Gesch\u00e4fte befinden sich in unmittelbarer N\u00e4he. Nur wenige Meter vom Hoteleingang entfernt befindet sich eine Bushaltestelle und Taxis sind immer verf\u00fcgbar. Entfernung: 50 m von Bars und Restaurants entfernt 1,5 km vom Ortszentrum entfernt 2,5 km<\/p>\n","protected":false},"author":1,"featured_media":1909,"parent":2261,"menu_order":0,"comment_status":"closed","ping_status":"closed","template":"page-templates\/location.php","meta":{"_acf_changed":false,"footnotes":""},"class_list":["post-2295","page","type-page","status-publish","has-post-thumbnail","hentry"],"acf":[],"yoast_head":"<!-- This site is optimized with the Yoast SEO plugin v27.4 - https:\/\/yoast.com\/product\/yoast-seo-wordpress\/ -->\n<title>Luxuri\u00f6ses Paphos Strandhotel auf Zypern || Athena Royal Hotel<\/title>\n<meta name=\"description\" content=\"Genie\u00dfen Sie die fantastische Lage unseres luxuri\u00f6sen Strandhotels in Paphos, dem Athena Royal Hotel by Constantinou Bros, in Kato Paphos, direkt an der K\u00fcste.\" \/>\n<meta name=\"robots\" content=\"index, follow, max-snippet:-1, max-image-preview:large, max-video-preview:-1\" \/>\n<link rel=\"canonical\" href=\"https:\/\/www.athenaroyal-cbh.com\/de\/das-hotel\/standort\/\" \/>\n<meta property=\"og:locale\" content=\"de_DE\" \/>\n<meta property=\"og:type\" content=\"article\" \/>\n<meta property=\"og:title\" content=\"Luxuri\u00f6ses Paphos Strandhotel auf Zypern || Athena Royal Hotel\" \/>\n<meta property=\"og:description\" content=\"Genie\u00dfen Sie die fantastische Lage unseres luxuri\u00f6sen Strandhotels in Paphos, dem Athena Royal Hotel by Constantinou Bros, in Kato Paphos, direkt an der K\u00fcste.\" \/>\n<meta property=\"og:url\" content=\"https:\/\/www.athenaroyal-cbh.com\/de\/das-hotel\/standort\/\" \/>\n<meta property=\"og:site_name\" content=\"\u0391thena Royal Beach Hotel\" \/>\n<meta property=\"article:modified_time\" content=\"2024-09-16T14:30:09+00:00\" \/>\n<meta property=\"og:image\" content=\"https:\/\/www.athenaroyal-cbh.com\/app\/uploads\/sites\/32\/2019\/05\/athena-royal-beach-hotel-cabanas0_resized.jpg\" \/>\n\t<meta property=\"og:image:width\" content=\"1920\" \/>\n\t<meta property=\"og:image:height\" content=\"1277\" \/>\n\t<meta property=\"og:image:type\" content=\"image\/jpeg\" \/>\n<meta name=\"twitter:card\" content=\"summary_large_image\" \/>\n<meta name=\"twitter:label1\" content=\"Gesch\u00e4tzte Lesezeit\" \/>\n\t<meta name=\"twitter:data1\" content=\"3\u00a0Minuten\" \/>\n<script type=\"application\/ld+json\" class=\"yoast-schema-graph\">{\"@context\":\"https:\\\/\\\/schema.org\",\"@graph\":[{\"@type\":\"WebPage\",\"@id\":\"https:\\\/\\\/www.athenaroyal-cbh.com\\\/de\\\/das-hotel\\\/standort\\\/\",\"url\":\"https:\\\/\\\/www.athenaroyal-cbh.com\\\/de\\\/das-hotel\\\/standort\\\/\",\"name\":\"Luxuri\u00f6ses Paphos Strandhotel auf Zypern || Athena Royal Hotel\",\"isPartOf\":{\"@id\":\"https:\\\/\\\/www.athenaroyal-cbh.com\\\/de\\\/#website\"},\"primaryImageOfPage\":{\"@id\":\"https:\\\/\\\/www.athenaroyal-cbh.com\\\/de\\\/das-hotel\\\/standort\\\/#primaryimage\"},\"image\":{\"@id\":\"https:\\\/\\\/www.athenaroyal-cbh.com\\\/de\\\/das-hotel\\\/standort\\\/#primaryimage\"},\"thumbnailUrl\":\"https:\\\/\\\/www.athenaroyal-cbh.com\\\/app\\\/uploads\\\/sites\\\/32\\\/2019\\\/05\\\/athena-royal-beach-hotel-cabanas0_resized.jpg\",\"datePublished\":\"2019-05-16T10:08:41+00:00\",\"dateModified\":\"2024-09-16T14:30:09+00:00\",\"description\":\"Genie\u00dfen Sie die fantastische Lage unseres luxuri\u00f6sen Strandhotels in Paphos, dem Athena Royal Hotel by Constantinou Bros, in Kato Paphos, direkt an der K\u00fcste.\",\"breadcrumb\":{\"@id\":\"https:\\\/\\\/www.athenaroyal-cbh.com\\\/de\\\/das-hotel\\\/standort\\\/#breadcrumb\"},\"inLanguage\":\"de\",\"potentialAction\":[{\"@type\":\"ReadAction\",\"target\":[\"https:\\\/\\\/www.athenaroyal-cbh.com\\\/de\\\/das-hotel\\\/standort\\\/\"]}]},{\"@type\":\"ImageObject\",\"inLanguage\":\"de\",\"@id\":\"https:\\\/\\\/www.athenaroyal-cbh.com\\\/de\\\/das-hotel\\\/standort\\\/#primaryimage\",\"url\":\"https:\\\/\\\/www.athenaroyal-cbh.com\\\/app\\\/uploads\\\/sites\\\/32\\\/2019\\\/05\\\/athena-royal-beach-hotel-cabanas0_resized.jpg\",\"contentUrl\":\"https:\\\/\\\/www.athenaroyal-cbh.com\\\/app\\\/uploads\\\/sites\\\/32\\\/2019\\\/05\\\/athena-royal-beach-hotel-cabanas0_resized.jpg\",\"width\":1920,\"height\":1277},{\"@type\":\"BreadcrumbList\",\"@id\":\"https:\\\/\\\/www.athenaroyal-cbh.com\\\/de\\\/das-hotel\\\/standort\\\/#breadcrumb\",\"itemListElement\":[{\"@type\":\"ListItem\",\"position\":1,\"name\":\"Home\",\"item\":\"https:\\\/\\\/www.athenaroyal-cbh.com\\\/de\\\/\"},{\"@type\":\"ListItem\",\"position\":2,\"name\":\"Das Hotel\",\"item\":\"https:\\\/\\\/www.athenaroyal-cbh.com\\\/de\\\/das-hotel\\\/\"},{\"@type\":\"ListItem\",\"position\":3,\"name\":\"Standort\"}]},{\"@type\":\"WebSite\",\"@id\":\"https:\\\/\\\/www.athenaroyal-cbh.com\\\/de\\\/#website\",\"url\":\"https:\\\/\\\/www.athenaroyal-cbh.com\\\/de\\\/\",\"name\":\"\u0391thena Royal Beach Hotel\",\"description\":\"Constantinou Bros Athena Royal Hotel, 4 star hotel in Paphos Cyprus\",\"potentialAction\":[{\"@type\":\"SearchAction\",\"target\":{\"@type\":\"EntryPoint\",\"urlTemplate\":\"https:\\\/\\\/www.athenaroyal-cbh.com\\\/de\\\/?s={search_term_string}\"},\"query-input\":{\"@type\":\"PropertyValueSpecification\",\"valueRequired\":true,\"valueName\":\"search_term_string\"}}],\"inLanguage\":\"de\"}]}<\/script>\n<!-- \/ Yoast SEO plugin. -->","yoast_head_json":{"title":"Luxuri\u00f6ses Paphos Strandhotel auf Zypern || Athena Royal Hotel","description":"Genie\u00dfen Sie die fantastische Lage unseres luxuri\u00f6sen Strandhotels in Paphos, dem Athena Royal Hotel by Constantinou Bros, in Kato Paphos, direkt an der K\u00fcste.","robots":{"index":"index","follow":"follow","max-snippet":"max-snippet:-1","max-image-preview":"max-image-preview:large","max-video-preview":"max-video-preview:-1"},"canonical":"https:\/\/www.athenaroyal-cbh.com\/de\/das-hotel\/standort\/","og_locale":"de_DE","og_type":"article","og_title":"Luxuri\u00f6ses Paphos Strandhotel auf Zypern || Athena Royal Hotel","og_description":"Genie\u00dfen Sie die fantastische Lage unseres luxuri\u00f6sen Strandhotels in Paphos, dem Athena Royal Hotel by Constantinou Bros, in Kato Paphos, direkt an der K\u00fcste.","og_url":"https:\/\/www.athenaroyal-cbh.com\/de\/das-hotel\/standort\/","og_site_name":"\u0391thena Royal Beach Hotel","article_modified_time":"2024-09-16T14:30:09+00:00","og_image":[{"width":1920,"height":1277,"url":"https:\/\/www.athenaroyal-cbh.com\/app\/uploads\/sites\/32\/2019\/05\/athena-royal-beach-hotel-cabanas0_resized.jpg","type":"image\/jpeg"}],"twitter_card":"summary_large_image","twitter_misc":{"Gesch\u00e4tzte Lesezeit":"3\u00a0Minuten"},"schema":{"@context":"https:\/\/schema.org","@graph":[{"@type":"WebPage","@id":"https:\/\/www.athenaroyal-cbh.com\/de\/das-hotel\/standort\/","url":"https:\/\/www.athenaroyal-cbh.com\/de\/das-hotel\/standort\/","name":"Luxuri\u00f6ses Paphos Strandhotel auf Zypern || Athena Royal Hotel","isPartOf":{"@id":"https:\/\/www.athenaroyal-cbh.com\/de\/#website"},"primaryImageOfPage":{"@id":"https:\/\/www.athenaroyal-cbh.com\/de\/das-hotel\/standort\/#primaryimage"},"image":{"@id":"https:\/\/www.athenaroyal-cbh.com\/de\/das-hotel\/standort\/#primaryimage"},"thumbnailUrl":"https:\/\/www.athenaroyal-cbh.com\/app\/uploads\/sites\/32\/2019\/05\/athena-royal-beach-hotel-cabanas0_resized.jpg","datePublished":"2019-05-16T10:08:41+00:00","dateModified":"2024-09-16T14:30:09+00:00","description":"Genie\u00dfen Sie die fantastische Lage unseres luxuri\u00f6sen Strandhotels in Paphos, dem Athena Royal Hotel by Constantinou Bros, in Kato Paphos, direkt an der K\u00fcste.","breadcrumb":{"@id":"https:\/\/www.athenaroyal-cbh.com\/de\/das-hotel\/standort\/#breadcrumb"},"inLanguage":"de","potentialAction":[{"@type":"ReadAction","target":["https:\/\/www.athenaroyal-cbh.com\/de\/das-hotel\/standort\/"]}]},{"@type":"ImageObject","inLanguage":"de","@id":"https:\/\/www.athenaroyal-cbh.com\/de\/das-hotel\/standort\/#primaryimage","url":"https:\/\/www.athenaroyal-cbh.com\/app\/uploads\/sites\/32\/2019\/05\/athena-royal-beach-hotel-cabanas0_resized.jpg","contentUrl":"https:\/\/www.athenaroyal-cbh.com\/app\/uploads\/sites\/32\/2019\/05\/athena-royal-beach-hotel-cabanas0_resized.jpg","width":1920,"height":1277},{"@type":"BreadcrumbList","@id":"https:\/\/www.athenaroyal-cbh.com\/de\/das-hotel\/standort\/#breadcrumb","itemListElement":[{"@type":"ListItem","position":1,"name":"Home","item":"https:\/\/www.athenaroyal-cbh.com\/de\/"},{"@type":"ListItem","position":2,"name":"Das Hotel","item":"https:\/\/www.athenaroyal-cbh.com\/de\/das-hotel\/"},{"@type":"ListItem","position":3,"name":"Standort"}]},{"@type":"WebSite","@id":"https:\/\/www.athenaroyal-cbh.com\/de\/#website","url":"https:\/\/www.athenaroyal-cbh.com\/de\/","name":"\u0391thena Royal Beach Hotel","description":"Constantinou Bros Athena Royal Hotel, 4 star hotel in Paphos Cyprus","potentialAction":[{"@type":"SearchAction","target":{"@type":"EntryPoint","urlTemplate":"https:\/\/www.athenaroyal-cbh.com\/de\/?s={search_term_string}"},"query-input":{"@type":"PropertyValueSpecification","valueRequired":true,"valueName":"search_term_string"}}],"inLanguage":"de"}]}},"_links":{"self":[{"href":"https:\/\/www.athenaroyal-cbh.com\/de\/wp-json\/wp\/v2\/pages\/2295","targetHints":{"allow":["GET"]}}],"collection":[{"href":"https:\/\/www.athenaroyal-cbh.com\/de\/wp-json\/wp\/v2\/pages"}],"about":[{"href":"https:\/\/www.athenaroyal-cbh.com\/de\/wp-json\/wp\/v2\/types\/page"}],"author":[{"embeddable":true,"href":"https:\/\/www.athenaroyal-cbh.com\/de\/wp-json\/wp\/v2\/users\/1"}],"replies":[{"embeddable":true,"href":"https:\/\/www.athenaroyal-cbh.com\/de\/wp-json\/wp\/v2\/comments?post=2295"}],"version-history":[{"count":10,"href":"https:\/\/www.athenaroyal-cbh.com\/de\/wp-json\/wp\/v2\/pages\/2295\/revisions"}],"predecessor-version":[{"id":26028,"href":"https:\/\/www.athenaroyal-cbh.com\/de\/wp-json\/wp\/v2\/pages\/2295\/revisions\/26028"}],"up":[{"embeddable":true,"href":"https:\/\/www.athenaroyal-cbh.com\/de\/wp-json\/wp\/v2\/pages\/2261"}],"wp:featuredmedia":[{"embeddable":true,"href":"https:\/\/www.athenaroyal-cbh.com\/de\/wp-json\/wp\/v2\/media\/1909"}],"wp:attachment":[{"href":"https:\/\/www.athenaroyal-cbh.com\/de\/wp-json\/wp\/v2\/media?parent=2295"}],"curies":[{"name":"wp","href":"https:\/\/api.w.org\/{rel}","templated":true}]}}