{"id":2286,"date":"2019-08-18T13:58:42","date_gmt":"2019-08-18T10:58:42","guid":{"rendered":"http:\/\/athenaroyal-cbh.cms4.nelios.com\/the-hotel\/leisure-facilities\/"},"modified":"2024-09-16T17:30:01","modified_gmt":"2024-09-16T14:30:01","slug":"hotel-einrichtungen","status":"publish","type":"page","link":"https:\/\/www.athenaroyal-cbh.com\/de\/das-hotel\/hotel-einrichtungen\/","title":{"rendered":"Hotel Einrichtungen"},"content":{"rendered":"<p>Das Hotel bietet eine Reihe von Aktivit\u00e4ten f\u00fcr jeden Geschmack.<br \/>\nErleben Sie eine Vielzahl von Tages- und Abendaktivit\u00e4ten zu ausgew\u00e4hlten Zeiten des Jahres, von Morgengymnastik, Wassergymnastik, Tanzkursen, Abendshows und musikalischen N\u00e4chten aus der reichen Tradition der Insel.<\/p>\n<h3>Sport &amp; Freizeiteinrichtungen<\/h3>\n<ul>\n<li>3 S\u00fc\u00dfwasser-Au\u00dfenpools in freier Form<\/li>\n<li>1 beheizter Innenpool (Nov-April)<\/li>\n<li>3 Au\u00dfenwhirlpools und 1 Innenwhirlpool<\/li>\n<li>1 Tennisplatz mit Flutlicht<\/li>\n<li>Shuffleboard<\/li>\n<li>Tischtennis<\/li>\n<li>Billard<\/li>\n<li>Ger\u00e4umiger Fahrradkeller\/Fahrradraum (gemeinsam mit Schwesterhotel\/Kapazit\u00e4t 140 Fahrr\u00e4der)<\/li>\n<li>18 Bahnen f\u00fcr Bowling im Freien (3 Bahnen k\u00f6nnen f\u00fcr Crown Bowls genutzt werden)<\/li>\n<li>6 Bahnen Bowling im Gr\u00fcnen<\/li>\n<li>8 Bahnen im Freien oder in der Halle mit kurzen Matten<\/li>\n<li>Boccia<\/li>\n<li>Kartenzimmer<\/li>\n<li>Lesesaal<\/li>\n<li>Abstellraum f\u00fcr Golfschl\u00e4ger<\/li>\n<li>Kostenloses High-Speed-Wi-Fi (kostenlos)<\/li>\n<li>Internet Corner Verbindung (kostenlos)<\/li>\n<li>Einwohner-Koordinator f\u00fcr Bowling (Oktober-April)<\/li>\n<li>Residente Tanzleiter (Nov-Apr)<\/li>\n<\/ul>\n","protected":false},"excerpt":{"rendered":"<p>Das Hotel bietet eine Reihe von Aktivit\u00e4ten f\u00fcr jeden Geschmack. Erleben Sie eine Vielzahl von Tages- und Abendaktivit\u00e4ten zu ausgew\u00e4hlten Zeiten des Jahres, von Morgengymnastik, Wassergymnastik, Tanzkursen, Abendshows und musikalischen N\u00e4chten aus der reichen Tradition der Insel. Sport &amp; Freizeiteinrichtungen 3 S\u00fc\u00dfwasser-Au\u00dfenpools in freier Form 1 beheizter Innenpool (Nov-April) 3 Au\u00dfenwhirlpools und 1 Innenwhirlpool 1<\/p>\n","protected":false},"author":2,"featured_media":2990,"parent":2261,"menu_order":0,"comment_status":"closed","ping_status":"closed","template":"","meta":{"_acf_changed":false,"footnotes":""},"class_list":["post-2286","page","type-page","status-publish","has-post-thumbnail","hentry"],"acf":[],"yoast_head":"<!-- This site is optimized with the Yoast SEO plugin v27.5 - https:\/\/yoast.com\/product\/yoast-seo-wordpress\/ -->\n<title>Hotel Einrichtungen - \u0391thena Royal Beach Hotel<\/title>\n<meta name=\"description\" content=\"Hier finden Sie alle Informationen zu den Hoteleinrichtungen des Athena Royal Beach in Paphos by Constantinou Bros.\" \/>\n<meta name=\"robots\" content=\"index, follow, max-snippet:-1, max-image-preview:large, max-video-preview:-1\" \/>\n<link rel=\"canonical\" href=\"https:\/\/www.athenaroyal-cbh.com\/de\/das-hotel\/hotel-einrichtungen\/\" \/>\n<meta property=\"og:locale\" content=\"de_DE\" \/>\n<meta property=\"og:type\" content=\"article\" \/>\n<meta property=\"og:title\" content=\"Hotel Einrichtungen - \u0391thena Royal Beach Hotel\" \/>\n<meta property=\"og:description\" content=\"Hier finden Sie alle Informationen zu den Hoteleinrichtungen des Athena Royal Beach in Paphos by Constantinou Bros.\" \/>\n<meta property=\"og:url\" content=\"https:\/\/www.athenaroyal-cbh.com\/de\/das-hotel\/hotel-einrichtungen\/\" \/>\n<meta property=\"og:site_name\" content=\"\u0391thena Royal Beach Hotel\" \/>\n<meta property=\"article:modified_time\" content=\"2024-09-16T14:30:01+00:00\" \/>\n<meta property=\"og:image\" content=\"https:\/\/www.athenaroyal-cbh.com\/app\/uploads\/sites\/32\/2020\/01\/9-ATHENA-ROYAL-BEACH-HOTEL-CABANAS.jpg\" \/>\n\t<meta property=\"og:image:width\" content=\"2560\" \/>\n\t<meta property=\"og:image:height\" content=\"1547\" \/>\n\t<meta property=\"og:image:type\" content=\"image\/jpeg\" \/>\n<meta name=\"twitter:card\" content=\"summary_large_image\" \/>\n<meta name=\"twitter:label1\" content=\"Gesch\u00e4tzte Lesezeit\" \/>\n\t<meta name=\"twitter:data1\" content=\"1\u00a0Minute\" \/>\n<script type=\"application\/ld+json\" class=\"yoast-schema-graph\">{\"@context\":\"https:\\\/\\\/schema.org\",\"@graph\":[{\"@type\":\"WebPage\",\"@id\":\"https:\\\/\\\/www.athenaroyal-cbh.com\\\/de\\\/das-hotel\\\/hotel-einrichtungen\\\/\",\"url\":\"https:\\\/\\\/www.athenaroyal-cbh.com\\\/de\\\/das-hotel\\\/hotel-einrichtungen\\\/\",\"name\":\"Hotel Einrichtungen - \u0391thena Royal Beach Hotel\",\"isPartOf\":{\"@id\":\"https:\\\/\\\/www.athenaroyal-cbh.com\\\/de\\\/#website\"},\"primaryImageOfPage\":{\"@id\":\"https:\\\/\\\/www.athenaroyal-cbh.com\\\/de\\\/das-hotel\\\/hotel-einrichtungen\\\/#primaryimage\"},\"image\":{\"@id\":\"https:\\\/\\\/www.athenaroyal-cbh.com\\\/de\\\/das-hotel\\\/hotel-einrichtungen\\\/#primaryimage\"},\"thumbnailUrl\":\"https:\\\/\\\/www.athenaroyal-cbh.com\\\/app\\\/uploads\\\/sites\\\/32\\\/2020\\\/01\\\/9-ATHENA-ROYAL-BEACH-HOTEL-CABANAS.jpg\",\"datePublished\":\"2019-08-18T10:58:42+00:00\",\"dateModified\":\"2024-09-16T14:30:01+00:00\",\"description\":\"Hier finden Sie alle Informationen zu den Hoteleinrichtungen des Athena Royal Beach in Paphos by Constantinou Bros.\",\"breadcrumb\":{\"@id\":\"https:\\\/\\\/www.athenaroyal-cbh.com\\\/de\\\/das-hotel\\\/hotel-einrichtungen\\\/#breadcrumb\"},\"inLanguage\":\"de\",\"potentialAction\":[{\"@type\":\"ReadAction\",\"target\":[\"https:\\\/\\\/www.athenaroyal-cbh.com\\\/de\\\/das-hotel\\\/hotel-einrichtungen\\\/\"]}]},{\"@type\":\"ImageObject\",\"inLanguage\":\"de\",\"@id\":\"https:\\\/\\\/www.athenaroyal-cbh.com\\\/de\\\/das-hotel\\\/hotel-einrichtungen\\\/#primaryimage\",\"url\":\"https:\\\/\\\/www.athenaroyal-cbh.com\\\/app\\\/uploads\\\/sites\\\/32\\\/2020\\\/01\\\/9-ATHENA-ROYAL-BEACH-HOTEL-CABANAS.jpg\",\"contentUrl\":\"https:\\\/\\\/www.athenaroyal-cbh.com\\\/app\\\/uploads\\\/sites\\\/32\\\/2020\\\/01\\\/9-ATHENA-ROYAL-BEACH-HOTEL-CABANAS.jpg\",\"width\":2560,\"height\":1547},{\"@type\":\"BreadcrumbList\",\"@id\":\"https:\\\/\\\/www.athenaroyal-cbh.com\\\/de\\\/das-hotel\\\/hotel-einrichtungen\\\/#breadcrumb\",\"itemListElement\":[{\"@type\":\"ListItem\",\"position\":1,\"name\":\"Home\",\"item\":\"https:\\\/\\\/www.athenaroyal-cbh.com\\\/de\\\/\"},{\"@type\":\"ListItem\",\"position\":2,\"name\":\"Das Hotel\",\"item\":\"https:\\\/\\\/www.athenaroyal-cbh.com\\\/de\\\/das-hotel\\\/\"},{\"@type\":\"ListItem\",\"position\":3,\"name\":\"Hotel Einrichtungen\"}]},{\"@type\":\"WebSite\",\"@id\":\"https:\\\/\\\/www.athenaroyal-cbh.com\\\/de\\\/#website\",\"url\":\"https:\\\/\\\/www.athenaroyal-cbh.com\\\/de\\\/\",\"name\":\"\u0391thena Royal Beach Hotel\",\"description\":\"Constantinou Bros Athena Royal Hotel, 4 star hotel in Paphos Cyprus\",\"potentialAction\":[{\"@type\":\"SearchAction\",\"target\":{\"@type\":\"EntryPoint\",\"urlTemplate\":\"https:\\\/\\\/www.athenaroyal-cbh.com\\\/de\\\/?s={search_term_string}\"},\"query-input\":{\"@type\":\"PropertyValueSpecification\",\"valueRequired\":true,\"valueName\":\"search_term_string\"}}],\"inLanguage\":\"de\"}]}<\/script>\n<!-- \/ Yoast SEO plugin. -->","yoast_head_json":{"title":"Hotel Einrichtungen - \u0391thena Royal Beach Hotel","description":"Hier finden Sie alle Informationen zu den Hoteleinrichtungen des Athena Royal Beach in Paphos by Constantinou Bros.","robots":{"index":"index","follow":"follow","max-snippet":"max-snippet:-1","max-image-preview":"max-image-preview:large","max-video-preview":"max-video-preview:-1"},"canonical":"https:\/\/www.athenaroyal-cbh.com\/de\/das-hotel\/hotel-einrichtungen\/","og_locale":"de_DE","og_type":"article","og_title":"Hotel Einrichtungen - \u0391thena Royal Beach Hotel","og_description":"Hier finden Sie alle Informationen zu den Hoteleinrichtungen des Athena Royal Beach in Paphos by Constantinou Bros.","og_url":"https:\/\/www.athenaroyal-cbh.com\/de\/das-hotel\/hotel-einrichtungen\/","og_site_name":"\u0391thena Royal Beach Hotel","article_modified_time":"2024-09-16T14:30:01+00:00","og_image":[{"width":2560,"height":1547,"url":"https:\/\/www.athenaroyal-cbh.com\/app\/uploads\/sites\/32\/2020\/01\/9-ATHENA-ROYAL-BEACH-HOTEL-CABANAS.jpg","type":"image\/jpeg"}],"twitter_card":"summary_large_image","twitter_misc":{"Gesch\u00e4tzte Lesezeit":"1\u00a0Minute"},"schema":{"@context":"https:\/\/schema.org","@graph":[{"@type":"WebPage","@id":"https:\/\/www.athenaroyal-cbh.com\/de\/das-hotel\/hotel-einrichtungen\/","url":"https:\/\/www.athenaroyal-cbh.com\/de\/das-hotel\/hotel-einrichtungen\/","name":"Hotel Einrichtungen - \u0391thena Royal Beach Hotel","isPartOf":{"@id":"https:\/\/www.athenaroyal-cbh.com\/de\/#website"},"primaryImageOfPage":{"@id":"https:\/\/www.athenaroyal-cbh.com\/de\/das-hotel\/hotel-einrichtungen\/#primaryimage"},"image":{"@id":"https:\/\/www.athenaroyal-cbh.com\/de\/das-hotel\/hotel-einrichtungen\/#primaryimage"},"thumbnailUrl":"https:\/\/www.athenaroyal-cbh.com\/app\/uploads\/sites\/32\/2020\/01\/9-ATHENA-ROYAL-BEACH-HOTEL-CABANAS.jpg","datePublished":"2019-08-18T10:58:42+00:00","dateModified":"2024-09-16T14:30:01+00:00","description":"Hier finden Sie alle Informationen zu den Hoteleinrichtungen des Athena Royal Beach in Paphos by Constantinou Bros.","breadcrumb":{"@id":"https:\/\/www.athenaroyal-cbh.com\/de\/das-hotel\/hotel-einrichtungen\/#breadcrumb"},"inLanguage":"de","potentialAction":[{"@type":"ReadAction","target":["https:\/\/www.athenaroyal-cbh.com\/de\/das-hotel\/hotel-einrichtungen\/"]}]},{"@type":"ImageObject","inLanguage":"de","@id":"https:\/\/www.athenaroyal-cbh.com\/de\/das-hotel\/hotel-einrichtungen\/#primaryimage","url":"https:\/\/www.athenaroyal-cbh.com\/app\/uploads\/sites\/32\/2020\/01\/9-ATHENA-ROYAL-BEACH-HOTEL-CABANAS.jpg","contentUrl":"https:\/\/www.athenaroyal-cbh.com\/app\/uploads\/sites\/32\/2020\/01\/9-ATHENA-ROYAL-BEACH-HOTEL-CABANAS.jpg","width":2560,"height":1547},{"@type":"BreadcrumbList","@id":"https:\/\/www.athenaroyal-cbh.com\/de\/das-hotel\/hotel-einrichtungen\/#breadcrumb","itemListElement":[{"@type":"ListItem","position":1,"name":"Home","item":"https:\/\/www.athenaroyal-cbh.com\/de\/"},{"@type":"ListItem","position":2,"name":"Das Hotel","item":"https:\/\/www.athenaroyal-cbh.com\/de\/das-hotel\/"},{"@type":"ListItem","position":3,"name":"Hotel Einrichtungen"}]},{"@type":"WebSite","@id":"https:\/\/www.athenaroyal-cbh.com\/de\/#website","url":"https:\/\/www.athenaroyal-cbh.com\/de\/","name":"\u0391thena Royal Beach Hotel","description":"Constantinou Bros Athena Royal Hotel, 4 star hotel in Paphos Cyprus","potentialAction":[{"@type":"SearchAction","target":{"@type":"EntryPoint","urlTemplate":"https:\/\/www.athenaroyal-cbh.com\/de\/?s={search_term_string}"},"query-input":{"@type":"PropertyValueSpecification","valueRequired":true,"valueName":"search_term_string"}}],"inLanguage":"de"}]}},"_links":{"self":[{"href":"https:\/\/www.athenaroyal-cbh.com\/de\/wp-json\/wp\/v2\/pages\/2286","targetHints":{"allow":["GET"]}}],"collection":[{"href":"https:\/\/www.athenaroyal-cbh.com\/de\/wp-json\/wp\/v2\/pages"}],"about":[{"href":"https:\/\/www.athenaroyal-cbh.com\/de\/wp-json\/wp\/v2\/types\/page"}],"author":[{"embeddable":true,"href":"https:\/\/www.athenaroyal-cbh.com\/de\/wp-json\/wp\/v2\/users\/2"}],"replies":[{"embeddable":true,"href":"https:\/\/www.athenaroyal-cbh.com\/de\/wp-json\/wp\/v2\/comments?post=2286"}],"version-history":[{"count":8,"href":"https:\/\/www.athenaroyal-cbh.com\/de\/wp-json\/wp\/v2\/pages\/2286\/revisions"}],"predecessor-version":[{"id":26023,"href":"https:\/\/www.athenaroyal-cbh.com\/de\/wp-json\/wp\/v2\/pages\/2286\/revisions\/26023"}],"up":[{"embeddable":true,"href":"https:\/\/www.athenaroyal-cbh.com\/de\/wp-json\/wp\/v2\/pages\/2261"}],"wp:featuredmedia":[{"embeddable":true,"href":"https:\/\/www.athenaroyal-cbh.com\/de\/wp-json\/wp\/v2\/media\/2990"}],"wp:attachment":[{"href":"https:\/\/www.athenaroyal-cbh.com\/de\/wp-json\/wp\/v2\/media?parent=2286"}],"curies":[{"name":"wp","href":"https:\/\/api.w.org\/{rel}","templated":true}]}}