{"id":2277,"date":"2019-08-15T16:37:04","date_gmt":"2019-08-15T13:37:04","guid":{"rendered":"http:\/\/athenaroyal-cbh.cms4.nelios.com\/the-hotel\/hotel-rules-regulations\/"},"modified":"2024-09-16T17:30:05","modified_gmt":"2024-09-16T14:30:05","slug":"hotel-rules-regulations","status":"publish","type":"page","link":"https:\/\/www.athenaroyal-cbh.com\/de\/das-hotel\/hotel-rules-regulations\/","title":{"rendered":"Hotelregeln und Bestimmungen"},"content":{"rendered":"<ul>\n<li>Nichtraucher in allen Innenbereichen.<\/li>\n<li>Mobile Scooter sind innerhalb der Hotelanlage nicht erlaubt. Parkplatz im Freien zur Verf\u00fcgung.<\/li>\n<li>Elektronische oder manuelle Rollst\u00fchle sind innerhalb der Hotelanlage erlaubt.<\/li>\n<\/ul>\n<p>&nbsp;<\/p>\n<h3>Check-in \/ Check-out<\/h3>\n<ul>\n<li>Check-in, 14:00 Uhr<\/li>\n<li>Check-out, 12:00 Uhr<\/li>\n<li>Fr\u00fches Check-in und sp\u00e4tes Check-Out nach Verf\u00fcgbarkeit<\/li>\n<\/ul>\n","protected":false},"excerpt":{"rendered":"<p>Nichtraucher in allen Innenbereichen. Mobile Scooter sind innerhalb der Hotelanlage nicht erlaubt. Parkplatz im Freien zur Verf\u00fcgung. Elektronische oder manuelle Rollst\u00fchle sind innerhalb der Hotelanlage erlaubt. &nbsp; Check-in \/ Check-out Check-in, 14:00 Uhr Check-out, 12:00 Uhr Fr\u00fches Check-in und sp\u00e4tes Check-Out nach Verf\u00fcgbarkeit<\/p>\n","protected":false},"author":12,"featured_media":1983,"parent":2261,"menu_order":0,"comment_status":"closed","ping_status":"closed","template":"","meta":{"_acf_changed":false,"footnotes":""},"class_list":["post-2277","page","type-page","status-publish","has-post-thumbnail","hentry"],"acf":[],"yoast_head":"<!-- This site is optimized with the Yoast SEO plugin v27.5 - https:\/\/yoast.com\/product\/yoast-seo-wordpress\/ -->\n<title>Hotelregeln und Bestimmungen - \u0391thena Royal Beach Hotel<\/title>\n<meta name=\"robots\" content=\"index, follow, max-snippet:-1, max-image-preview:large, max-video-preview:-1\" \/>\n<link rel=\"canonical\" href=\"https:\/\/www.athenaroyal-cbh.com\/de\/das-hotel\/hotel-rules-regulations\/\" \/>\n<meta property=\"og:locale\" content=\"de_DE\" \/>\n<meta property=\"og:type\" content=\"article\" \/>\n<meta property=\"og:title\" content=\"Hotelregeln und Bestimmungen - \u0391thena Royal Beach Hotel\" \/>\n<meta property=\"og:description\" content=\"Nichtraucher in allen Innenbereichen. Mobile Scooter sind innerhalb der Hotelanlage nicht erlaubt. Parkplatz im Freien zur Verf\u00fcgung. Elektronische oder manuelle Rollst\u00fchle sind innerhalb der Hotelanlage erlaubt. &nbsp; Check-in \/ Check-out Check-in, 14:00 Uhr Check-out, 12:00 Uhr Fr\u00fches Check-in und sp\u00e4tes Check-Out nach Verf\u00fcgbarkeit\" \/>\n<meta property=\"og:url\" content=\"https:\/\/www.athenaroyal-cbh.com\/de\/das-hotel\/hotel-rules-regulations\/\" \/>\n<meta property=\"og:site_name\" content=\"\u0391thena Royal Beach Hotel\" \/>\n<meta property=\"article:modified_time\" content=\"2024-09-16T14:30:05+00:00\" \/>\n<meta property=\"og:image\" content=\"https:\/\/www.athenaroyal-cbh.com\/app\/uploads\/sites\/32\/2019\/09\/piano_bar.jpg\" \/>\n\t<meta property=\"og:image:width\" content=\"1053\" \/>\n\t<meta property=\"og:image:height\" content=\"700\" \/>\n\t<meta property=\"og:image:type\" content=\"image\/jpeg\" \/>\n<meta name=\"twitter:card\" content=\"summary_large_image\" \/>\n<meta name=\"twitter:label1\" content=\"Gesch\u00e4tzte Lesezeit\" \/>\n\t<meta name=\"twitter:data1\" content=\"1\u00a0Minute\" \/>\n<script type=\"application\/ld+json\" class=\"yoast-schema-graph\">{\"@context\":\"https:\\\/\\\/schema.org\",\"@graph\":[{\"@type\":\"WebPage\",\"@id\":\"https:\\\/\\\/www.athenaroyal-cbh.com\\\/de\\\/das-hotel\\\/hotel-rules-regulations\\\/\",\"url\":\"https:\\\/\\\/www.athenaroyal-cbh.com\\\/de\\\/das-hotel\\\/hotel-rules-regulations\\\/\",\"name\":\"Hotelregeln und Bestimmungen - \u0391thena Royal Beach Hotel\",\"isPartOf\":{\"@id\":\"https:\\\/\\\/www.athenaroyal-cbh.com\\\/de\\\/#website\"},\"primaryImageOfPage\":{\"@id\":\"https:\\\/\\\/www.athenaroyal-cbh.com\\\/de\\\/das-hotel\\\/hotel-rules-regulations\\\/#primaryimage\"},\"image\":{\"@id\":\"https:\\\/\\\/www.athenaroyal-cbh.com\\\/de\\\/das-hotel\\\/hotel-rules-regulations\\\/#primaryimage\"},\"thumbnailUrl\":\"https:\\\/\\\/www.athenaroyal-cbh.com\\\/app\\\/uploads\\\/sites\\\/32\\\/2019\\\/09\\\/piano_bar.jpg\",\"datePublished\":\"2019-08-15T13:37:04+00:00\",\"dateModified\":\"2024-09-16T14:30:05+00:00\",\"breadcrumb\":{\"@id\":\"https:\\\/\\\/www.athenaroyal-cbh.com\\\/de\\\/das-hotel\\\/hotel-rules-regulations\\\/#breadcrumb\"},\"inLanguage\":\"de\",\"potentialAction\":[{\"@type\":\"ReadAction\",\"target\":[\"https:\\\/\\\/www.athenaroyal-cbh.com\\\/de\\\/das-hotel\\\/hotel-rules-regulations\\\/\"]}]},{\"@type\":\"ImageObject\",\"inLanguage\":\"de\",\"@id\":\"https:\\\/\\\/www.athenaroyal-cbh.com\\\/de\\\/das-hotel\\\/hotel-rules-regulations\\\/#primaryimage\",\"url\":\"https:\\\/\\\/www.athenaroyal-cbh.com\\\/app\\\/uploads\\\/sites\\\/32\\\/2019\\\/09\\\/piano_bar.jpg\",\"contentUrl\":\"https:\\\/\\\/www.athenaroyal-cbh.com\\\/app\\\/uploads\\\/sites\\\/32\\\/2019\\\/09\\\/piano_bar.jpg\",\"width\":1053,\"height\":700},{\"@type\":\"BreadcrumbList\",\"@id\":\"https:\\\/\\\/www.athenaroyal-cbh.com\\\/de\\\/das-hotel\\\/hotel-rules-regulations\\\/#breadcrumb\",\"itemListElement\":[{\"@type\":\"ListItem\",\"position\":1,\"name\":\"Home\",\"item\":\"https:\\\/\\\/www.athenaroyal-cbh.com\\\/de\\\/\"},{\"@type\":\"ListItem\",\"position\":2,\"name\":\"Das Hotel\",\"item\":\"https:\\\/\\\/www.athenaroyal-cbh.com\\\/de\\\/das-hotel\\\/\"},{\"@type\":\"ListItem\",\"position\":3,\"name\":\"Hotelregeln und Bestimmungen\"}]},{\"@type\":\"WebSite\",\"@id\":\"https:\\\/\\\/www.athenaroyal-cbh.com\\\/de\\\/#website\",\"url\":\"https:\\\/\\\/www.athenaroyal-cbh.com\\\/de\\\/\",\"name\":\"\u0391thena Royal Beach Hotel\",\"description\":\"Constantinou Bros Athena Royal Hotel, 4 star hotel in Paphos Cyprus\",\"potentialAction\":[{\"@type\":\"SearchAction\",\"target\":{\"@type\":\"EntryPoint\",\"urlTemplate\":\"https:\\\/\\\/www.athenaroyal-cbh.com\\\/de\\\/?s={search_term_string}\"},\"query-input\":{\"@type\":\"PropertyValueSpecification\",\"valueRequired\":true,\"valueName\":\"search_term_string\"}}],\"inLanguage\":\"de\"}]}<\/script>\n<!-- \/ Yoast SEO plugin. -->","yoast_head_json":{"title":"Hotelregeln und Bestimmungen - \u0391thena Royal Beach Hotel","robots":{"index":"index","follow":"follow","max-snippet":"max-snippet:-1","max-image-preview":"max-image-preview:large","max-video-preview":"max-video-preview:-1"},"canonical":"https:\/\/www.athenaroyal-cbh.com\/de\/das-hotel\/hotel-rules-regulations\/","og_locale":"de_DE","og_type":"article","og_title":"Hotelregeln und Bestimmungen - \u0391thena Royal Beach Hotel","og_description":"Nichtraucher in allen Innenbereichen. Mobile Scooter sind innerhalb der Hotelanlage nicht erlaubt. Parkplatz im Freien zur Verf\u00fcgung. Elektronische oder manuelle Rollst\u00fchle sind innerhalb der Hotelanlage erlaubt. &nbsp; Check-in \/ Check-out Check-in, 14:00 Uhr Check-out, 12:00 Uhr Fr\u00fches Check-in und sp\u00e4tes Check-Out nach Verf\u00fcgbarkeit","og_url":"https:\/\/www.athenaroyal-cbh.com\/de\/das-hotel\/hotel-rules-regulations\/","og_site_name":"\u0391thena Royal Beach Hotel","article_modified_time":"2024-09-16T14:30:05+00:00","og_image":[{"width":1053,"height":700,"url":"https:\/\/www.athenaroyal-cbh.com\/app\/uploads\/sites\/32\/2019\/09\/piano_bar.jpg","type":"image\/jpeg"}],"twitter_card":"summary_large_image","twitter_misc":{"Gesch\u00e4tzte Lesezeit":"1\u00a0Minute"},"schema":{"@context":"https:\/\/schema.org","@graph":[{"@type":"WebPage","@id":"https:\/\/www.athenaroyal-cbh.com\/de\/das-hotel\/hotel-rules-regulations\/","url":"https:\/\/www.athenaroyal-cbh.com\/de\/das-hotel\/hotel-rules-regulations\/","name":"Hotelregeln und Bestimmungen - \u0391thena Royal Beach Hotel","isPartOf":{"@id":"https:\/\/www.athenaroyal-cbh.com\/de\/#website"},"primaryImageOfPage":{"@id":"https:\/\/www.athenaroyal-cbh.com\/de\/das-hotel\/hotel-rules-regulations\/#primaryimage"},"image":{"@id":"https:\/\/www.athenaroyal-cbh.com\/de\/das-hotel\/hotel-rules-regulations\/#primaryimage"},"thumbnailUrl":"https:\/\/www.athenaroyal-cbh.com\/app\/uploads\/sites\/32\/2019\/09\/piano_bar.jpg","datePublished":"2019-08-15T13:37:04+00:00","dateModified":"2024-09-16T14:30:05+00:00","breadcrumb":{"@id":"https:\/\/www.athenaroyal-cbh.com\/de\/das-hotel\/hotel-rules-regulations\/#breadcrumb"},"inLanguage":"de","potentialAction":[{"@type":"ReadAction","target":["https:\/\/www.athenaroyal-cbh.com\/de\/das-hotel\/hotel-rules-regulations\/"]}]},{"@type":"ImageObject","inLanguage":"de","@id":"https:\/\/www.athenaroyal-cbh.com\/de\/das-hotel\/hotel-rules-regulations\/#primaryimage","url":"https:\/\/www.athenaroyal-cbh.com\/app\/uploads\/sites\/32\/2019\/09\/piano_bar.jpg","contentUrl":"https:\/\/www.athenaroyal-cbh.com\/app\/uploads\/sites\/32\/2019\/09\/piano_bar.jpg","width":1053,"height":700},{"@type":"BreadcrumbList","@id":"https:\/\/www.athenaroyal-cbh.com\/de\/das-hotel\/hotel-rules-regulations\/#breadcrumb","itemListElement":[{"@type":"ListItem","position":1,"name":"Home","item":"https:\/\/www.athenaroyal-cbh.com\/de\/"},{"@type":"ListItem","position":2,"name":"Das Hotel","item":"https:\/\/www.athenaroyal-cbh.com\/de\/das-hotel\/"},{"@type":"ListItem","position":3,"name":"Hotelregeln und Bestimmungen"}]},{"@type":"WebSite","@id":"https:\/\/www.athenaroyal-cbh.com\/de\/#website","url":"https:\/\/www.athenaroyal-cbh.com\/de\/","name":"\u0391thena Royal Beach Hotel","description":"Constantinou Bros Athena Royal Hotel, 4 star hotel in Paphos Cyprus","potentialAction":[{"@type":"SearchAction","target":{"@type":"EntryPoint","urlTemplate":"https:\/\/www.athenaroyal-cbh.com\/de\/?s={search_term_string}"},"query-input":{"@type":"PropertyValueSpecification","valueRequired":true,"valueName":"search_term_string"}}],"inLanguage":"de"}]}},"_links":{"self":[{"href":"https:\/\/www.athenaroyal-cbh.com\/de\/wp-json\/wp\/v2\/pages\/2277","targetHints":{"allow":["GET"]}}],"collection":[{"href":"https:\/\/www.athenaroyal-cbh.com\/de\/wp-json\/wp\/v2\/pages"}],"about":[{"href":"https:\/\/www.athenaroyal-cbh.com\/de\/wp-json\/wp\/v2\/types\/page"}],"author":[{"embeddable":true,"href":"https:\/\/www.athenaroyal-cbh.com\/de\/wp-json\/wp\/v2\/users\/12"}],"replies":[{"embeddable":true,"href":"https:\/\/www.athenaroyal-cbh.com\/de\/wp-json\/wp\/v2\/comments?post=2277"}],"version-history":[{"count":9,"href":"https:\/\/www.athenaroyal-cbh.com\/de\/wp-json\/wp\/v2\/pages\/2277\/revisions"}],"predecessor-version":[{"id":22787,"href":"https:\/\/www.athenaroyal-cbh.com\/de\/wp-json\/wp\/v2\/pages\/2277\/revisions\/22787"}],"up":[{"embeddable":true,"href":"https:\/\/www.athenaroyal-cbh.com\/de\/wp-json\/wp\/v2\/pages\/2261"}],"wp:featuredmedia":[{"embeddable":true,"href":"https:\/\/www.athenaroyal-cbh.com\/de\/wp-json\/wp\/v2\/media\/1983"}],"wp:attachment":[{"href":"https:\/\/www.athenaroyal-cbh.com\/de\/wp-json\/wp\/v2\/media?parent=2277"}],"curies":[{"name":"wp","href":"https:\/\/api.w.org\/{rel}","templated":true}]}}