{"id":2213,"date":"2019-07-22T11:33:20","date_gmt":"2019-07-22T08:33:20","guid":{"rendered":"http:\/\/athenaroyal-cbh.cms4.nelios.com\/news\/logicom-cyprus-marathon-half-marathon\/"},"modified":"2024-09-16T17:31:48","modified_gmt":"2024-09-16T14:31:48","slug":"logicom-zypern-marathon-halbmarathon","status":"publish","type":"page","link":"https:\/\/www.athenaroyal-cbh.com\/de\/nachrichten\/logicom-zypern-marathon-halbmarathon\/","title":{"rendered":"Logicom Zypern Marathon \/ Halbmarathon"},"content":{"rendered":"<p>Kombinieren Sie atemberaubende und historische Landschaften mit der traditionellen mediterranen Gastfreundschaft!<br \/>\nDer Logicom Zypern-Marathon beginnt am Geburtshaus der Aphrodite (G\u00f6ttin der Liebe und Sch\u00f6nheit) und folgt einer K\u00fcstenroute entlang des Mittelmeers.<br \/>\nDie malerische Ziellinie (und Startlinie der anderen L\u00e4ufe) ist der mittelalterliche Festungsplatz von Pafos direkt neben dem wundersch\u00f6nen Hafen von Pafos.<br \/>\nLaufen Sie beim Logicom Cyprus Marathon mit und verlieben Sie sich in den Laufsport! <a href=\"https:\/\/registration.mylaps.com\/cyprus-marathon\">Registrieren Sie sich hier!<\/a><\/p>\n","protected":false},"excerpt":{"rendered":"<p>Kombinieren Sie atemberaubende und historische Landschaften mit der traditionellen mediterranen Gastfreundschaft! Der Logicom Zypern-Marathon beginnt am Geburtshaus der Aphrodite (G\u00f6ttin der Liebe und Sch\u00f6nheit) und folgt einer K\u00fcstenroute entlang des Mittelmeers. Die malerische Ziellinie (und Startlinie der anderen L\u00e4ufe) ist der mittelalterliche Festungsplatz von Pafos direkt neben dem wundersch\u00f6nen Hafen von Pafos. Laufen Sie beim<\/p>\n","protected":false},"author":1,"featured_media":1825,"parent":2194,"menu_order":0,"comment_status":"closed","ping_status":"closed","template":"","meta":{"_acf_changed":false,"footnotes":""},"class_list":["post-2213","page","type-page","status-publish","has-post-thumbnail","hentry"],"acf":[],"yoast_head":"<!-- This site is optimized with the Yoast SEO plugin v27.4 - https:\/\/yoast.com\/product\/yoast-seo-wordpress\/ -->\n<title>Logicom Zypern Marathon \/ Halbmarathon - \u0391thena Royal Beach Hotel<\/title>\n<meta name=\"robots\" content=\"index, follow, max-snippet:-1, max-image-preview:large, max-video-preview:-1\" \/>\n<link rel=\"canonical\" href=\"https:\/\/www.athenaroyal-cbh.com\/de\/nachrichten\/logicom-zypern-marathon-halbmarathon\/\" \/>\n<meta property=\"og:locale\" content=\"de_DE\" \/>\n<meta property=\"og:type\" content=\"article\" \/>\n<meta property=\"og:title\" content=\"Logicom Zypern Marathon \/ Halbmarathon - \u0391thena Royal Beach Hotel\" \/>\n<meta property=\"og:description\" content=\"Kombinieren Sie atemberaubende und historische Landschaften mit der traditionellen mediterranen Gastfreundschaft! Der Logicom Zypern-Marathon beginnt am Geburtshaus der Aphrodite (G\u00f6ttin der Liebe und Sch\u00f6nheit) und folgt einer K\u00fcstenroute entlang des Mittelmeers. Die malerische Ziellinie (und Startlinie der anderen L\u00e4ufe) ist der mittelalterliche Festungsplatz von Pafos direkt neben dem wundersch\u00f6nen Hafen von Pafos. Laufen Sie beim\" \/>\n<meta property=\"og:url\" content=\"https:\/\/www.athenaroyal-cbh.com\/de\/nachrichten\/logicom-zypern-marathon-halbmarathon\/\" \/>\n<meta property=\"og:site_name\" content=\"\u0391thena Royal Beach Hotel\" \/>\n<meta property=\"article:modified_time\" content=\"2024-09-16T14:31:48+00:00\" \/>\n<meta property=\"og:image\" content=\"https:\/\/www.athenaroyal-cbh.com\/app\/uploads\/sites\/32\/2019\/07\/logicom_resized.jpg\" \/>\n\t<meta property=\"og:image:width\" content=\"1920\" \/>\n\t<meta property=\"og:image:height\" content=\"1280\" \/>\n\t<meta property=\"og:image:type\" content=\"image\/jpeg\" \/>\n<meta name=\"twitter:card\" content=\"summary_large_image\" \/>\n<meta name=\"twitter:label1\" content=\"Gesch\u00e4tzte Lesezeit\" \/>\n\t<meta name=\"twitter:data1\" content=\"1\u00a0Minute\" \/>\n<script type=\"application\/ld+json\" class=\"yoast-schema-graph\">{\"@context\":\"https:\\\/\\\/schema.org\",\"@graph\":[{\"@type\":\"WebPage\",\"@id\":\"https:\\\/\\\/www.athenaroyal-cbh.com\\\/de\\\/nachrichten\\\/logicom-zypern-marathon-halbmarathon\\\/\",\"url\":\"https:\\\/\\\/www.athenaroyal-cbh.com\\\/de\\\/nachrichten\\\/logicom-zypern-marathon-halbmarathon\\\/\",\"name\":\"Logicom Zypern Marathon \\\/ Halbmarathon - \u0391thena Royal Beach Hotel\",\"isPartOf\":{\"@id\":\"https:\\\/\\\/www.athenaroyal-cbh.com\\\/de\\\/#website\"},\"primaryImageOfPage\":{\"@id\":\"https:\\\/\\\/www.athenaroyal-cbh.com\\\/de\\\/nachrichten\\\/logicom-zypern-marathon-halbmarathon\\\/#primaryimage\"},\"image\":{\"@id\":\"https:\\\/\\\/www.athenaroyal-cbh.com\\\/de\\\/nachrichten\\\/logicom-zypern-marathon-halbmarathon\\\/#primaryimage\"},\"thumbnailUrl\":\"https:\\\/\\\/www.athenaroyal-cbh.com\\\/app\\\/uploads\\\/sites\\\/32\\\/2019\\\/07\\\/logicom_resized.jpg\",\"datePublished\":\"2019-07-22T08:33:20+00:00\",\"dateModified\":\"2024-09-16T14:31:48+00:00\",\"breadcrumb\":{\"@id\":\"https:\\\/\\\/www.athenaroyal-cbh.com\\\/de\\\/nachrichten\\\/logicom-zypern-marathon-halbmarathon\\\/#breadcrumb\"},\"inLanguage\":\"de\",\"potentialAction\":[{\"@type\":\"ReadAction\",\"target\":[\"https:\\\/\\\/www.athenaroyal-cbh.com\\\/de\\\/nachrichten\\\/logicom-zypern-marathon-halbmarathon\\\/\"]}]},{\"@type\":\"ImageObject\",\"inLanguage\":\"de\",\"@id\":\"https:\\\/\\\/www.athenaroyal-cbh.com\\\/de\\\/nachrichten\\\/logicom-zypern-marathon-halbmarathon\\\/#primaryimage\",\"url\":\"https:\\\/\\\/www.athenaroyal-cbh.com\\\/app\\\/uploads\\\/sites\\\/32\\\/2019\\\/07\\\/logicom_resized.jpg\",\"contentUrl\":\"https:\\\/\\\/www.athenaroyal-cbh.com\\\/app\\\/uploads\\\/sites\\\/32\\\/2019\\\/07\\\/logicom_resized.jpg\",\"width\":1920,\"height\":1280},{\"@type\":\"BreadcrumbList\",\"@id\":\"https:\\\/\\\/www.athenaroyal-cbh.com\\\/de\\\/nachrichten\\\/logicom-zypern-marathon-halbmarathon\\\/#breadcrumb\",\"itemListElement\":[{\"@type\":\"ListItem\",\"position\":1,\"name\":\"Home\",\"item\":\"https:\\\/\\\/www.athenaroyal-cbh.com\\\/de\\\/\"},{\"@type\":\"ListItem\",\"position\":2,\"name\":\"Nachrichten\",\"item\":\"https:\\\/\\\/www.athenaroyal-cbh.com\\\/de\\\/nachrichten\\\/\"},{\"@type\":\"ListItem\",\"position\":3,\"name\":\"Logicom Zypern Marathon \\\/ Halbmarathon\"}]},{\"@type\":\"WebSite\",\"@id\":\"https:\\\/\\\/www.athenaroyal-cbh.com\\\/de\\\/#website\",\"url\":\"https:\\\/\\\/www.athenaroyal-cbh.com\\\/de\\\/\",\"name\":\"\u0391thena Royal Beach Hotel\",\"description\":\"Constantinou Bros Athena Royal Hotel, 4 star hotel in Paphos Cyprus\",\"potentialAction\":[{\"@type\":\"SearchAction\",\"target\":{\"@type\":\"EntryPoint\",\"urlTemplate\":\"https:\\\/\\\/www.athenaroyal-cbh.com\\\/de\\\/?s={search_term_string}\"},\"query-input\":{\"@type\":\"PropertyValueSpecification\",\"valueRequired\":true,\"valueName\":\"search_term_string\"}}],\"inLanguage\":\"de\"}]}<\/script>\n<!-- \/ Yoast SEO plugin. -->","yoast_head_json":{"title":"Logicom Zypern Marathon \/ Halbmarathon - \u0391thena Royal Beach Hotel","robots":{"index":"index","follow":"follow","max-snippet":"max-snippet:-1","max-image-preview":"max-image-preview:large","max-video-preview":"max-video-preview:-1"},"canonical":"https:\/\/www.athenaroyal-cbh.com\/de\/nachrichten\/logicom-zypern-marathon-halbmarathon\/","og_locale":"de_DE","og_type":"article","og_title":"Logicom Zypern Marathon \/ Halbmarathon - \u0391thena Royal Beach Hotel","og_description":"Kombinieren Sie atemberaubende und historische Landschaften mit der traditionellen mediterranen Gastfreundschaft! Der Logicom Zypern-Marathon beginnt am Geburtshaus der Aphrodite (G\u00f6ttin der Liebe und Sch\u00f6nheit) und folgt einer K\u00fcstenroute entlang des Mittelmeers. Die malerische Ziellinie (und Startlinie der anderen L\u00e4ufe) ist der mittelalterliche Festungsplatz von Pafos direkt neben dem wundersch\u00f6nen Hafen von Pafos. Laufen Sie beim","og_url":"https:\/\/www.athenaroyal-cbh.com\/de\/nachrichten\/logicom-zypern-marathon-halbmarathon\/","og_site_name":"\u0391thena Royal Beach Hotel","article_modified_time":"2024-09-16T14:31:48+00:00","og_image":[{"width":1920,"height":1280,"url":"https:\/\/www.athenaroyal-cbh.com\/app\/uploads\/sites\/32\/2019\/07\/logicom_resized.jpg","type":"image\/jpeg"}],"twitter_card":"summary_large_image","twitter_misc":{"Gesch\u00e4tzte Lesezeit":"1\u00a0Minute"},"schema":{"@context":"https:\/\/schema.org","@graph":[{"@type":"WebPage","@id":"https:\/\/www.athenaroyal-cbh.com\/de\/nachrichten\/logicom-zypern-marathon-halbmarathon\/","url":"https:\/\/www.athenaroyal-cbh.com\/de\/nachrichten\/logicom-zypern-marathon-halbmarathon\/","name":"Logicom Zypern Marathon \/ Halbmarathon - \u0391thena Royal Beach Hotel","isPartOf":{"@id":"https:\/\/www.athenaroyal-cbh.com\/de\/#website"},"primaryImageOfPage":{"@id":"https:\/\/www.athenaroyal-cbh.com\/de\/nachrichten\/logicom-zypern-marathon-halbmarathon\/#primaryimage"},"image":{"@id":"https:\/\/www.athenaroyal-cbh.com\/de\/nachrichten\/logicom-zypern-marathon-halbmarathon\/#primaryimage"},"thumbnailUrl":"https:\/\/www.athenaroyal-cbh.com\/app\/uploads\/sites\/32\/2019\/07\/logicom_resized.jpg","datePublished":"2019-07-22T08:33:20+00:00","dateModified":"2024-09-16T14:31:48+00:00","breadcrumb":{"@id":"https:\/\/www.athenaroyal-cbh.com\/de\/nachrichten\/logicom-zypern-marathon-halbmarathon\/#breadcrumb"},"inLanguage":"de","potentialAction":[{"@type":"ReadAction","target":["https:\/\/www.athenaroyal-cbh.com\/de\/nachrichten\/logicom-zypern-marathon-halbmarathon\/"]}]},{"@type":"ImageObject","inLanguage":"de","@id":"https:\/\/www.athenaroyal-cbh.com\/de\/nachrichten\/logicom-zypern-marathon-halbmarathon\/#primaryimage","url":"https:\/\/www.athenaroyal-cbh.com\/app\/uploads\/sites\/32\/2019\/07\/logicom_resized.jpg","contentUrl":"https:\/\/www.athenaroyal-cbh.com\/app\/uploads\/sites\/32\/2019\/07\/logicom_resized.jpg","width":1920,"height":1280},{"@type":"BreadcrumbList","@id":"https:\/\/www.athenaroyal-cbh.com\/de\/nachrichten\/logicom-zypern-marathon-halbmarathon\/#breadcrumb","itemListElement":[{"@type":"ListItem","position":1,"name":"Home","item":"https:\/\/www.athenaroyal-cbh.com\/de\/"},{"@type":"ListItem","position":2,"name":"Nachrichten","item":"https:\/\/www.athenaroyal-cbh.com\/de\/nachrichten\/"},{"@type":"ListItem","position":3,"name":"Logicom Zypern Marathon \/ Halbmarathon"}]},{"@type":"WebSite","@id":"https:\/\/www.athenaroyal-cbh.com\/de\/#website","url":"https:\/\/www.athenaroyal-cbh.com\/de\/","name":"\u0391thena Royal Beach Hotel","description":"Constantinou Bros Athena Royal Hotel, 4 star hotel in Paphos Cyprus","potentialAction":[{"@type":"SearchAction","target":{"@type":"EntryPoint","urlTemplate":"https:\/\/www.athenaroyal-cbh.com\/de\/?s={search_term_string}"},"query-input":{"@type":"PropertyValueSpecification","valueRequired":true,"valueName":"search_term_string"}}],"inLanguage":"de"}]}},"_links":{"self":[{"href":"https:\/\/www.athenaroyal-cbh.com\/de\/wp-json\/wp\/v2\/pages\/2213","targetHints":{"allow":["GET"]}}],"collection":[{"href":"https:\/\/www.athenaroyal-cbh.com\/de\/wp-json\/wp\/v2\/pages"}],"about":[{"href":"https:\/\/www.athenaroyal-cbh.com\/de\/wp-json\/wp\/v2\/types\/page"}],"author":[{"embeddable":true,"href":"https:\/\/www.athenaroyal-cbh.com\/de\/wp-json\/wp\/v2\/users\/1"}],"replies":[{"embeddable":true,"href":"https:\/\/www.athenaroyal-cbh.com\/de\/wp-json\/wp\/v2\/comments?post=2213"}],"version-history":[{"count":4,"href":"https:\/\/www.athenaroyal-cbh.com\/de\/wp-json\/wp\/v2\/pages\/2213\/revisions"}],"predecessor-version":[{"id":26016,"href":"https:\/\/www.athenaroyal-cbh.com\/de\/wp-json\/wp\/v2\/pages\/2213\/revisions\/26016"}],"up":[{"embeddable":true,"href":"https:\/\/www.athenaroyal-cbh.com\/de\/wp-json\/wp\/v2\/pages\/2194"}],"wp:featuredmedia":[{"embeddable":true,"href":"https:\/\/www.athenaroyal-cbh.com\/de\/wp-json\/wp\/v2\/media\/1825"}],"wp:attachment":[{"href":"https:\/\/www.athenaroyal-cbh.com\/de\/wp-json\/wp\/v2\/media?parent=2213"}],"curies":[{"name":"wp","href":"https:\/\/api.w.org\/{rel}","templated":true}]}}