{"id":2151,"date":"2019-05-16T13:08:41","date_gmt":"2019-05-16T10:08:41","guid":{"rendered":"http:\/\/athenaroyal-cbh.cms4.nelios.com\/elixir-spa\/"},"modified":"2025-03-10T15:56:39","modified_gmt":"2025-03-10T12:56:39","slug":"elixier-spa","status":"publish","type":"page","link":"https:\/\/www.athenaroyal-cbh.com\/de\/elixier-spa\/","title":{"rendered":"Elixier Spa"},"content":{"rendered":"<p style=\"text-align: center;\"><img loading=\"lazy\" decoding=\"async\" class=\"wp-image-1115 aligncenter\" src=\"http:\/\/cbh-athenabeach.cms4.nelios.com\/wp-content\/uploads\/sites\/20\/2019\/08\/elixir-spa-300x300.jpg\" alt=\"\" width=\"250\" height=\"125\" srcset=\"https:\/\/www.athenaroyal-cbh.com\/app\/uploads\/sites\/32\/2019\/08\/elixir-spa-600x300.jpg 600w, https:\/\/www.athenaroyal-cbh.com\/app\/uploads\/sites\/32\/2019\/08\/elixir-spa-768x384.jpg 768w, https:\/\/www.athenaroyal-cbh.com\/app\/uploads\/sites\/32\/2019\/08\/elixir-spa.jpg 1181w\" sizes=\"auto, (max-width: 250px) 100vw, 250px\" \/><\/p>\n<p>&nbsp;<\/p>\n<p style=\"text-align: left;\">Erleben Sie Momente der Mu\u00dfe und Entspannung am Meer oder tauchen Sie ein in die ruhige Umgebung des voll ausgestatteten Elixir Spa.<\/p>\n<p style=\"text-align: left;\">Ein Gef\u00fchl von Ausgeglichenheit und Ruhe, Entspannung und Inspiration &#8211; all das finden Sie im Elixir Spa.<\/p>\n<p style=\"text-align: left;\">In der exquisiten Umgebung unserer Hotels haben unsere G\u00e4ste die M\u00f6glichkeit, aus einem umfangreichen Angebot an Spa-Favoriten zu w\u00e4hlen.<\/p>\n<p style=\"text-align: left;\">Sp\u00fcren Sie pure Gl\u00fcckseligkeit und Gelassenheit in einem Refugium, in dem Sie sich entspannen, abschalten, auftanken und verj\u00fcngen k\u00f6nnen.<\/p>\n<h4 style=\"text-align: left;\">Einrichtungen &amp; Annehmlichkeiten<\/h4>\n<ul style=\"text-align: left;\">\n<li>Entspannende und therapeutische Massagen<\/li>\n<li>Behandlungen f\u00fcr Paare<\/li>\n<li>K\u00f6rperbehandlungen<\/li>\n<li>Aromatherapie<\/li>\n<li>Thalassotherapie<\/li>\n<li>Sport-Massagen<\/li>\n<li>Elixir Spa Signatur-Behandlungen<\/li>\n<li>Elixier Paare Suiten<\/li>\n<li>Dampfbad (kostenlos nach Verf\u00fcgbarkeit)<\/li>\n<li>2 Saunen (kostenlos nach Verf\u00fcgbarkeit) (eine davon f\u00fcr FKK-Anh\u00e4nger)<\/li>\n<li>Entspannungsbereich<\/li>\n<li>Pakete f\u00fcr Paare<\/li>\n<li>Hochzeits-Pakete<\/li>\n<li>Flitterwochen Pakete<\/li>\n<li>Spa-Pakete<\/li>\n<li>Wellness Aktivit\u00e4ten<\/li>\n<li>Spa-Behandlungen<\/li>\n<li>Unisex Friseursalon<\/li>\n<li>Fitnesscenter mit Cardio- und Krafttrainingsger\u00e4ten<\/li>\n<\/ul>\n<p style=\"text-align: left;\">\n","protected":false},"excerpt":{"rendered":"<p>&nbsp; Erleben Sie Momente der Mu\u00dfe und Entspannung am Meer oder tauchen Sie ein in die ruhige Umgebung des voll ausgestatteten Elixir Spa. Ein Gef\u00fchl von Ausgeglichenheit und Ruhe, Entspannung und Inspiration &#8211; all das finden Sie im Elixir Spa. In der exquisiten Umgebung unserer Hotels haben unsere G\u00e4ste die M\u00f6glichkeit, aus einem umfangreichen Angebot<\/p>\n","protected":false},"author":1,"featured_media":4489,"parent":0,"menu_order":0,"comment_status":"closed","ping_status":"closed","template":"","meta":{"_acf_changed":false,"footnotes":""},"class_list":["post-2151","page","type-page","status-publish","has-post-thumbnail","hentry"],"acf":[],"yoast_head":"<!-- This site is optimized with the Yoast SEO plugin v27.5 - https:\/\/yoast.com\/product\/yoast-seo-wordpress\/ -->\n<title>Luxus-Wellness in unserem Spa-Hotel in Paphos || Athena Royal Hotel<\/title>\n<meta name=\"description\" content=\"Geben Sie sich den heilenden H\u00e4nden unserer Therapeuten hin und begr\u00fc\u00dfen Sie Wellness durch eine Reihe von entspannenden und revitalisierenden Behandlungen in unserem luxuri\u00f6sen Paphos Spa Hotel.\" \/>\n<meta name=\"robots\" content=\"index, follow, max-snippet:-1, max-image-preview:large, max-video-preview:-1\" \/>\n<link rel=\"canonical\" href=\"https:\/\/www.athenaroyal-cbh.com\/de\/elixier-spa\/\" \/>\n<meta property=\"og:locale\" content=\"de_DE\" \/>\n<meta property=\"og:type\" content=\"article\" \/>\n<meta property=\"og:title\" content=\"Luxus-Wellness in unserem Spa-Hotel in Paphos || Athena Royal Hotel\" \/>\n<meta property=\"og:description\" content=\"Geben Sie sich den heilenden H\u00e4nden unserer Therapeuten hin und begr\u00fc\u00dfen Sie Wellness durch eine Reihe von entspannenden und revitalisierenden Behandlungen in unserem luxuri\u00f6sen Paphos Spa Hotel.\" \/>\n<meta property=\"og:url\" content=\"https:\/\/www.athenaroyal-cbh.com\/de\/elixier-spa\/\" \/>\n<meta property=\"og:site_name\" content=\"\u0391thena Royal Beach Hotel\" \/>\n<meta property=\"article:modified_time\" content=\"2025-03-10T12:56:39+00:00\" \/>\n<meta property=\"og:image\" content=\"https:\/\/www.athenaroyal-cbh.com\/app\/uploads\/sites\/32\/2020\/09\/43-ATHENA-ROYAL-BEACH-HOTEL-ELIXIR-SPA-1.jpg\" \/>\n\t<meta property=\"og:image:width\" content=\"1200\" \/>\n\t<meta property=\"og:image:height\" content=\"800\" \/>\n\t<meta property=\"og:image:type\" content=\"image\/jpeg\" \/>\n<meta name=\"twitter:card\" content=\"summary_large_image\" \/>\n<meta name=\"twitter:label1\" content=\"Gesch\u00e4tzte Lesezeit\" \/>\n\t<meta name=\"twitter:data1\" content=\"1\u00a0Minute\" \/>\n<script type=\"application\/ld+json\" class=\"yoast-schema-graph\">{\"@context\":\"https:\\\/\\\/schema.org\",\"@graph\":[{\"@type\":\"WebPage\",\"@id\":\"https:\\\/\\\/www.athenaroyal-cbh.com\\\/de\\\/elixier-spa\\\/\",\"url\":\"https:\\\/\\\/www.athenaroyal-cbh.com\\\/de\\\/elixier-spa\\\/\",\"name\":\"Luxus-Wellness in unserem Spa-Hotel in Paphos || Athena Royal Hotel\",\"isPartOf\":{\"@id\":\"https:\\\/\\\/www.athenaroyal-cbh.com\\\/de\\\/#website\"},\"primaryImageOfPage\":{\"@id\":\"https:\\\/\\\/www.athenaroyal-cbh.com\\\/de\\\/elixier-spa\\\/#primaryimage\"},\"image\":{\"@id\":\"https:\\\/\\\/www.athenaroyal-cbh.com\\\/de\\\/elixier-spa\\\/#primaryimage\"},\"thumbnailUrl\":\"https:\\\/\\\/www.athenaroyal-cbh.com\\\/app\\\/uploads\\\/sites\\\/32\\\/2020\\\/09\\\/47-ATHENA-ROYAL-BEACH-HOTEL-INDOOR-HEATED-POOL-1.jpg\",\"datePublished\":\"2019-05-16T10:08:41+00:00\",\"dateModified\":\"2025-03-10T12:56:39+00:00\",\"description\":\"Geben Sie sich den heilenden H\u00e4nden unserer Therapeuten hin und begr\u00fc\u00dfen Sie Wellness durch eine Reihe von entspannenden und revitalisierenden Behandlungen in unserem luxuri\u00f6sen Paphos Spa Hotel.\",\"breadcrumb\":{\"@id\":\"https:\\\/\\\/www.athenaroyal-cbh.com\\\/de\\\/elixier-spa\\\/#breadcrumb\"},\"inLanguage\":\"de\",\"potentialAction\":[{\"@type\":\"ReadAction\",\"target\":[\"https:\\\/\\\/www.athenaroyal-cbh.com\\\/de\\\/elixier-spa\\\/\"]}]},{\"@type\":\"ImageObject\",\"inLanguage\":\"de\",\"@id\":\"https:\\\/\\\/www.athenaroyal-cbh.com\\\/de\\\/elixier-spa\\\/#primaryimage\",\"url\":\"https:\\\/\\\/www.athenaroyal-cbh.com\\\/app\\\/uploads\\\/sites\\\/32\\\/2020\\\/09\\\/47-ATHENA-ROYAL-BEACH-HOTEL-INDOOR-HEATED-POOL-1.jpg\",\"contentUrl\":\"https:\\\/\\\/www.athenaroyal-cbh.com\\\/app\\\/uploads\\\/sites\\\/32\\\/2020\\\/09\\\/47-ATHENA-ROYAL-BEACH-HOTEL-INDOOR-HEATED-POOL-1.jpg\",\"width\":1200,\"height\":807,\"caption\":\"R 51\"},{\"@type\":\"BreadcrumbList\",\"@id\":\"https:\\\/\\\/www.athenaroyal-cbh.com\\\/de\\\/elixier-spa\\\/#breadcrumb\",\"itemListElement\":[{\"@type\":\"ListItem\",\"position\":1,\"name\":\"Home\",\"item\":\"https:\\\/\\\/www.athenaroyal-cbh.com\\\/de\\\/\"},{\"@type\":\"ListItem\",\"position\":2,\"name\":\"Elixier Spa\"}]},{\"@type\":\"WebSite\",\"@id\":\"https:\\\/\\\/www.athenaroyal-cbh.com\\\/de\\\/#website\",\"url\":\"https:\\\/\\\/www.athenaroyal-cbh.com\\\/de\\\/\",\"name\":\"\u0391thena Royal Beach Hotel\",\"description\":\"Constantinou Bros Athena Royal Hotel, 4 star hotel in Paphos Cyprus\",\"potentialAction\":[{\"@type\":\"SearchAction\",\"target\":{\"@type\":\"EntryPoint\",\"urlTemplate\":\"https:\\\/\\\/www.athenaroyal-cbh.com\\\/de\\\/?s={search_term_string}\"},\"query-input\":{\"@type\":\"PropertyValueSpecification\",\"valueRequired\":true,\"valueName\":\"search_term_string\"}}],\"inLanguage\":\"de\"}]}<\/script>\n<!-- \/ Yoast SEO plugin. -->","yoast_head_json":{"title":"Luxus-Wellness in unserem Spa-Hotel in Paphos || Athena Royal Hotel","description":"Geben Sie sich den heilenden H\u00e4nden unserer Therapeuten hin und begr\u00fc\u00dfen Sie Wellness durch eine Reihe von entspannenden und revitalisierenden Behandlungen in unserem luxuri\u00f6sen Paphos Spa Hotel.","robots":{"index":"index","follow":"follow","max-snippet":"max-snippet:-1","max-image-preview":"max-image-preview:large","max-video-preview":"max-video-preview:-1"},"canonical":"https:\/\/www.athenaroyal-cbh.com\/de\/elixier-spa\/","og_locale":"de_DE","og_type":"article","og_title":"Luxus-Wellness in unserem Spa-Hotel in Paphos || Athena Royal Hotel","og_description":"Geben Sie sich den heilenden H\u00e4nden unserer Therapeuten hin und begr\u00fc\u00dfen Sie Wellness durch eine Reihe von entspannenden und revitalisierenden Behandlungen in unserem luxuri\u00f6sen Paphos Spa Hotel.","og_url":"https:\/\/www.athenaroyal-cbh.com\/de\/elixier-spa\/","og_site_name":"\u0391thena Royal Beach Hotel","article_modified_time":"2025-03-10T12:56:39+00:00","og_image":[{"width":1200,"height":800,"url":"https:\/\/www.athenaroyal-cbh.com\/app\/uploads\/sites\/32\/2020\/09\/43-ATHENA-ROYAL-BEACH-HOTEL-ELIXIR-SPA-1.jpg","type":"image\/jpeg"}],"twitter_card":"summary_large_image","twitter_misc":{"Gesch\u00e4tzte Lesezeit":"1\u00a0Minute"},"schema":{"@context":"https:\/\/schema.org","@graph":[{"@type":"WebPage","@id":"https:\/\/www.athenaroyal-cbh.com\/de\/elixier-spa\/","url":"https:\/\/www.athenaroyal-cbh.com\/de\/elixier-spa\/","name":"Luxus-Wellness in unserem Spa-Hotel in Paphos || Athena Royal Hotel","isPartOf":{"@id":"https:\/\/www.athenaroyal-cbh.com\/de\/#website"},"primaryImageOfPage":{"@id":"https:\/\/www.athenaroyal-cbh.com\/de\/elixier-spa\/#primaryimage"},"image":{"@id":"https:\/\/www.athenaroyal-cbh.com\/de\/elixier-spa\/#primaryimage"},"thumbnailUrl":"https:\/\/www.athenaroyal-cbh.com\/app\/uploads\/sites\/32\/2020\/09\/47-ATHENA-ROYAL-BEACH-HOTEL-INDOOR-HEATED-POOL-1.jpg","datePublished":"2019-05-16T10:08:41+00:00","dateModified":"2025-03-10T12:56:39+00:00","description":"Geben Sie sich den heilenden H\u00e4nden unserer Therapeuten hin und begr\u00fc\u00dfen Sie Wellness durch eine Reihe von entspannenden und revitalisierenden Behandlungen in unserem luxuri\u00f6sen Paphos Spa Hotel.","breadcrumb":{"@id":"https:\/\/www.athenaroyal-cbh.com\/de\/elixier-spa\/#breadcrumb"},"inLanguage":"de","potentialAction":[{"@type":"ReadAction","target":["https:\/\/www.athenaroyal-cbh.com\/de\/elixier-spa\/"]}]},{"@type":"ImageObject","inLanguage":"de","@id":"https:\/\/www.athenaroyal-cbh.com\/de\/elixier-spa\/#primaryimage","url":"https:\/\/www.athenaroyal-cbh.com\/app\/uploads\/sites\/32\/2020\/09\/47-ATHENA-ROYAL-BEACH-HOTEL-INDOOR-HEATED-POOL-1.jpg","contentUrl":"https:\/\/www.athenaroyal-cbh.com\/app\/uploads\/sites\/32\/2020\/09\/47-ATHENA-ROYAL-BEACH-HOTEL-INDOOR-HEATED-POOL-1.jpg","width":1200,"height":807,"caption":"R 51"},{"@type":"BreadcrumbList","@id":"https:\/\/www.athenaroyal-cbh.com\/de\/elixier-spa\/#breadcrumb","itemListElement":[{"@type":"ListItem","position":1,"name":"Home","item":"https:\/\/www.athenaroyal-cbh.com\/de\/"},{"@type":"ListItem","position":2,"name":"Elixier Spa"}]},{"@type":"WebSite","@id":"https:\/\/www.athenaroyal-cbh.com\/de\/#website","url":"https:\/\/www.athenaroyal-cbh.com\/de\/","name":"\u0391thena Royal Beach Hotel","description":"Constantinou Bros Athena Royal Hotel, 4 star hotel in Paphos Cyprus","potentialAction":[{"@type":"SearchAction","target":{"@type":"EntryPoint","urlTemplate":"https:\/\/www.athenaroyal-cbh.com\/de\/?s={search_term_string}"},"query-input":{"@type":"PropertyValueSpecification","valueRequired":true,"valueName":"search_term_string"}}],"inLanguage":"de"}]}},"_links":{"self":[{"href":"https:\/\/www.athenaroyal-cbh.com\/de\/wp-json\/wp\/v2\/pages\/2151","targetHints":{"allow":["GET"]}}],"collection":[{"href":"https:\/\/www.athenaroyal-cbh.com\/de\/wp-json\/wp\/v2\/pages"}],"about":[{"href":"https:\/\/www.athenaroyal-cbh.com\/de\/wp-json\/wp\/v2\/types\/page"}],"author":[{"embeddable":true,"href":"https:\/\/www.athenaroyal-cbh.com\/de\/wp-json\/wp\/v2\/users\/1"}],"replies":[{"embeddable":true,"href":"https:\/\/www.athenaroyal-cbh.com\/de\/wp-json\/wp\/v2\/comments?post=2151"}],"version-history":[{"count":11,"href":"https:\/\/www.athenaroyal-cbh.com\/de\/wp-json\/wp\/v2\/pages\/2151\/revisions"}],"predecessor-version":[{"id":26508,"href":"https:\/\/www.athenaroyal-cbh.com\/de\/wp-json\/wp\/v2\/pages\/2151\/revisions\/26508"}],"wp:featuredmedia":[{"embeddable":true,"href":"https:\/\/www.athenaroyal-cbh.com\/de\/wp-json\/wp\/v2\/media\/4489"}],"wp:attachment":[{"href":"https:\/\/www.athenaroyal-cbh.com\/de\/wp-json\/wp\/v2\/media?parent=2151"}],"curies":[{"name":"wp","href":"https:\/\/api.w.org\/{rel}","templated":true}]}}