{"id":2142,"date":"2019-07-18T13:08:40","date_gmt":"2019-07-18T10:08:40","guid":{"rendered":"http:\/\/athenaroyal-cbh.cms4.nelios.com\/dining\/restaurants\/"},"modified":"2024-09-16T17:30:31","modified_gmt":"2024-09-16T14:30:31","slug":"restaurants","status":"publish","type":"page","link":"https:\/\/www.athenaroyal-cbh.com\/de\/essen\/restaurants\/","title":{"rendered":"Restaurants"},"content":{"rendered":"<h1 class=\"entry-title title-size font-regular text-center mt-5\">Entdecken Sie alle Restaurants des Athena Royal Beach Hotel Paphos<\/h1>\n<p>&nbsp;<\/p>\n<h4>W\u00e4hlen Sie aus f\u00fcnf Restaurants und lassen Sie sich von uns mit einer Mischung aus Aromen verw\u00f6hnen, die Ihre Sinne erfreuen werden.<\/h4>\n<h4>Oase Restaurant<\/h4>\n<p>Genie\u00dfen Sie ein reichhaltiges Fr\u00fchst\u00fccksbuffet, das im Innen- und Au\u00dfenbereich serviert wird.<br \/>\nIm Oasis Restaurant k\u00f6nnen Sie ein leichtes Mittagessen aus der k\u00f6stlichen Auswahl an Salaten, Snacks und Desserts oder leichten Mahlzeiten genie\u00dfen.<\/p>\n<h4>Restaurant Pygmalion<\/h4>\n<p>Ge\u00f6ffnet f\u00fcr: Fr\u00fchst\u00fcck f\u00fcr die Eliteklasse (Superior Zimmer &amp; Suiten).<br \/>\nWenn Sie in einem unserer Superior Zimmer und Suiten wohnen, k\u00f6nnen Sie ein sp\u00e4tes Fr\u00fchst\u00fcck bis 11 Uhr genie\u00dfen. Jeden Abend bieten wir ein k\u00f6stliches Abendessen in Buffetform an, das entweder drinnen oder im Freien serviert wird.<br \/>\nDas Showkochen ist ein beliebtes Highlight.<br \/>\nAchten Sie auf unser Veranstaltungsprogramm, denn Sie sollten unsere speziellen Themenabende im Oasis-Poolbereich nicht verpassen (Mai bis Oktober).<\/p>\n<h4>Restaurant Aphrodite<\/h4>\n<p>F\u00fcr eine wunderbare Abwechslung reservieren Sie doch einen Tisch im Aphrodite A la carte Restaurant f\u00fcr ein ganz besonderes Abendessen.<br \/>\nEs wird ein eleganter Abend Ihres Urlaubs, an den Sie sich noch lange erinnern werden, wenn die Sonnenbr\u00e4une verblasst ist.<br \/>\nAuch G\u00e4ste mit Halbpension k\u00f6nnen hier ohne Aufpreis ein vierg\u00e4ngiges Table d&#8217;h\u00f4te-Men\u00fc genie\u00dfen.<\/p>\n<h4>Olive Tree Restaurant<\/h4>\n<p>Das Olive Tree Restaurant befindet sich neben dem Hauptpool und bietet einen herrlichen Blick auf das Meer. Es ist der ideale Ort, um in aller Ruhe zu Mittag zu essen und dabei aus einer k\u00f6stlichen Auswahl an leichten Gerichten, frischen Salaten, Snacks und Desserts zu w\u00e4hlen, w\u00e4hrend Sie an Ihrem Lieblingsgetr\u00e4nk nippen.<br \/>\nZum Abendessen k\u00f6nnen Sie auch unsere k\u00f6stlichen italienischen Delikatessen probieren.<\/p>\n<h4>Evelina Restaurant<\/h4>\n<p>Genie\u00dfen Sie ein reichhaltiges mediterranes Fr\u00fchst\u00fccksbuffet und ein zypriotisches Fr\u00fchst\u00fcck.<\/p>\n<div class=\"title\">\n<p><strong>*Dress Code<\/strong><\/p>\n<ul>\n<li>Die G\u00e4ste werden gebeten, sich abends in allen Restaurants und Bars angemessen zu kleiden (kurze Hosen, \u00e4rmellose T-Shirts, Badekleidung und Flip Flops sind nicht erlaubt).<\/li>\n<li>Die Herren werden gebeten, abends im Aphrodite a la carte Restaurant lange Hosen zu tragen.<\/li>\n<li>Legere Kleidung ist in allen \u00f6ffentlichen Bereichen erlaubt.<br \/>\nOben ohne, nasse Kleidung oder Badeanz\u00fcge sind jedoch in den \u00f6ffentlichen Innenbereichen, insbesondere in der Lobby, den Bars und Restaurants, nicht gestattet.<\/li>\n<\/ul>\n<\/div>\n","protected":false},"excerpt":{"rendered":"<p>Entdecken Sie alle Restaurants des Athena Royal Beach Hotel Paphos &nbsp; W\u00e4hlen Sie aus f\u00fcnf Restaurants und lassen Sie sich von uns mit einer Mischung aus Aromen verw\u00f6hnen, die Ihre Sinne erfreuen werden. Oase Restaurant Genie\u00dfen Sie ein reichhaltiges Fr\u00fchst\u00fccksbuffet, das im Innen- und Au\u00dfenbereich serviert wird. Im Oasis Restaurant k\u00f6nnen Sie ein leichtes Mittagessen<\/p>\n","protected":false},"author":1,"featured_media":13285,"parent":2111,"menu_order":0,"comment_status":"closed","ping_status":"closed","template":"","meta":{"_acf_changed":false,"footnotes":""},"class_list":["post-2142","page","type-page","status-publish","has-post-thumbnail","hentry"],"acf":[],"yoast_head":"<!-- This site is optimized with the Yoast SEO plugin v27.3 - https:\/\/yoast.com\/product\/yoast-seo-wordpress\/ -->\n<title>Athena Royal Beach Hotel Paphos Restaurants || Athena Royal<\/title>\n<meta name=\"description\" content=\"Erfreuen Sie Ihre Sinne in unseren Restaurants im Athena Royal Beach Hotel Paphos, die einen zuvorkommenden Service mit den verlockendsten Geschmackserlebnissen f\u00fcr jeden Gaumen verbinden.\" \/>\n<meta name=\"robots\" content=\"index, follow, max-snippet:-1, max-image-preview:large, max-video-preview:-1\" \/>\n<link rel=\"canonical\" href=\"https:\/\/www.athenaroyal-cbh.com\/de\/essen\/restaurants\/\" \/>\n<meta property=\"og:locale\" content=\"de_DE\" \/>\n<meta property=\"og:type\" content=\"article\" \/>\n<meta property=\"og:title\" content=\"Athena Royal Beach Hotel Paphos Restaurants || Athena Royal\" \/>\n<meta property=\"og:description\" content=\"Erfreuen Sie Ihre Sinne in unseren Restaurants im Athena Royal Beach Hotel Paphos, die einen zuvorkommenden Service mit den verlockendsten Geschmackserlebnissen f\u00fcr jeden Gaumen verbinden.\" \/>\n<meta property=\"og:url\" content=\"https:\/\/www.athenaroyal-cbh.com\/de\/essen\/restaurants\/\" \/>\n<meta property=\"og:site_name\" content=\"\u0391thena Royal Beach Hotel\" \/>\n<meta property=\"article:modified_time\" content=\"2024-09-16T14:30:31+00:00\" \/>\n<meta property=\"og:image\" content=\"https:\/\/www.athenaroyal-cbh.com\/app\/uploads\/sites\/32\/2022\/07\/19.1-ATHENA-ROYAL-BEACH-HOTEL-OLIVE-TREE-MEDITERRANEAN-A-LA-CARTE-RESTAURANT.jpg\" \/>\n\t<meta property=\"og:image:width\" content=\"8256\" \/>\n\t<meta property=\"og:image:height\" content=\"5504\" \/>\n\t<meta property=\"og:image:type\" content=\"image\/jpeg\" \/>\n<meta name=\"twitter:card\" content=\"summary_large_image\" \/>\n<meta name=\"twitter:label1\" content=\"Gesch\u00e4tzte Lesezeit\" \/>\n\t<meta name=\"twitter:data1\" content=\"2\u00a0Minuten\" \/>\n<script type=\"application\/ld+json\" class=\"yoast-schema-graph\">{\"@context\":\"https:\\\/\\\/schema.org\",\"@graph\":[{\"@type\":\"WebPage\",\"@id\":\"https:\\\/\\\/www.athenaroyal-cbh.com\\\/de\\\/essen\\\/restaurants\\\/\",\"url\":\"https:\\\/\\\/www.athenaroyal-cbh.com\\\/de\\\/essen\\\/restaurants\\\/\",\"name\":\"Athena Royal Beach Hotel Paphos Restaurants || Athena Royal\",\"isPartOf\":{\"@id\":\"https:\\\/\\\/www.athenaroyal-cbh.com\\\/de\\\/#website\"},\"primaryImageOfPage\":{\"@id\":\"https:\\\/\\\/www.athenaroyal-cbh.com\\\/de\\\/essen\\\/restaurants\\\/#primaryimage\"},\"image\":{\"@id\":\"https:\\\/\\\/www.athenaroyal-cbh.com\\\/de\\\/essen\\\/restaurants\\\/#primaryimage\"},\"thumbnailUrl\":\"https:\\\/\\\/www.athenaroyal-cbh.com\\\/app\\\/uploads\\\/sites\\\/32\\\/2022\\\/07\\\/19.1-ATHENA-ROYAL-BEACH-HOTEL-OLIVE-TREE-MEDITERRANEAN-A-LA-CARTE-RESTAURANT.jpg\",\"datePublished\":\"2019-07-18T10:08:40+00:00\",\"dateModified\":\"2024-09-16T14:30:31+00:00\",\"description\":\"Erfreuen Sie Ihre Sinne in unseren Restaurants im Athena Royal Beach Hotel Paphos, die einen zuvorkommenden Service mit den verlockendsten Geschmackserlebnissen f\u00fcr jeden Gaumen verbinden.\",\"breadcrumb\":{\"@id\":\"https:\\\/\\\/www.athenaroyal-cbh.com\\\/de\\\/essen\\\/restaurants\\\/#breadcrumb\"},\"inLanguage\":\"de\",\"potentialAction\":[{\"@type\":\"ReadAction\",\"target\":[\"https:\\\/\\\/www.athenaroyal-cbh.com\\\/de\\\/essen\\\/restaurants\\\/\"]}]},{\"@type\":\"ImageObject\",\"inLanguage\":\"de\",\"@id\":\"https:\\\/\\\/www.athenaroyal-cbh.com\\\/de\\\/essen\\\/restaurants\\\/#primaryimage\",\"url\":\"https:\\\/\\\/www.athenaroyal-cbh.com\\\/app\\\/uploads\\\/sites\\\/32\\\/2022\\\/07\\\/19.1-ATHENA-ROYAL-BEACH-HOTEL-OLIVE-TREE-MEDITERRANEAN-A-LA-CARTE-RESTAURANT.jpg\",\"contentUrl\":\"https:\\\/\\\/www.athenaroyal-cbh.com\\\/app\\\/uploads\\\/sites\\\/32\\\/2022\\\/07\\\/19.1-ATHENA-ROYAL-BEACH-HOTEL-OLIVE-TREE-MEDITERRANEAN-A-LA-CARTE-RESTAURANT.jpg\",\"width\":8256,\"height\":5504},{\"@type\":\"BreadcrumbList\",\"@id\":\"https:\\\/\\\/www.athenaroyal-cbh.com\\\/de\\\/essen\\\/restaurants\\\/#breadcrumb\",\"itemListElement\":[{\"@type\":\"ListItem\",\"position\":1,\"name\":\"Home\",\"item\":\"https:\\\/\\\/www.athenaroyal-cbh.com\\\/de\\\/\"},{\"@type\":\"ListItem\",\"position\":2,\"name\":\"Dining\",\"item\":\"https:\\\/\\\/www.athenaroyal-cbh.com\\\/de\\\/essen\\\/\"},{\"@type\":\"ListItem\",\"position\":3,\"name\":\"Restaurants\"}]},{\"@type\":\"WebSite\",\"@id\":\"https:\\\/\\\/www.athenaroyal-cbh.com\\\/de\\\/#website\",\"url\":\"https:\\\/\\\/www.athenaroyal-cbh.com\\\/de\\\/\",\"name\":\"\u0391thena Royal Beach Hotel\",\"description\":\"Constantinou Bros Athena Royal Hotel, 4 star hotel in Paphos Cyprus\",\"potentialAction\":[{\"@type\":\"SearchAction\",\"target\":{\"@type\":\"EntryPoint\",\"urlTemplate\":\"https:\\\/\\\/www.athenaroyal-cbh.com\\\/de\\\/?s={search_term_string}\"},\"query-input\":{\"@type\":\"PropertyValueSpecification\",\"valueRequired\":true,\"valueName\":\"search_term_string\"}}],\"inLanguage\":\"de\"}]}<\/script>\n<!-- \/ Yoast SEO plugin. -->","yoast_head_json":{"title":"Athena Royal Beach Hotel Paphos Restaurants || Athena Royal","description":"Erfreuen Sie Ihre Sinne in unseren Restaurants im Athena Royal Beach Hotel Paphos, die einen zuvorkommenden Service mit den verlockendsten Geschmackserlebnissen f\u00fcr jeden Gaumen verbinden.","robots":{"index":"index","follow":"follow","max-snippet":"max-snippet:-1","max-image-preview":"max-image-preview:large","max-video-preview":"max-video-preview:-1"},"canonical":"https:\/\/www.athenaroyal-cbh.com\/de\/essen\/restaurants\/","og_locale":"de_DE","og_type":"article","og_title":"Athena Royal Beach Hotel Paphos Restaurants || Athena Royal","og_description":"Erfreuen Sie Ihre Sinne in unseren Restaurants im Athena Royal Beach Hotel Paphos, die einen zuvorkommenden Service mit den verlockendsten Geschmackserlebnissen f\u00fcr jeden Gaumen verbinden.","og_url":"https:\/\/www.athenaroyal-cbh.com\/de\/essen\/restaurants\/","og_site_name":"\u0391thena Royal Beach Hotel","article_modified_time":"2024-09-16T14:30:31+00:00","og_image":[{"width":8256,"height":5504,"url":"https:\/\/www.athenaroyal-cbh.com\/app\/uploads\/sites\/32\/2022\/07\/19.1-ATHENA-ROYAL-BEACH-HOTEL-OLIVE-TREE-MEDITERRANEAN-A-LA-CARTE-RESTAURANT.jpg","type":"image\/jpeg"}],"twitter_card":"summary_large_image","twitter_misc":{"Gesch\u00e4tzte Lesezeit":"2\u00a0Minuten"},"schema":{"@context":"https:\/\/schema.org","@graph":[{"@type":"WebPage","@id":"https:\/\/www.athenaroyal-cbh.com\/de\/essen\/restaurants\/","url":"https:\/\/www.athenaroyal-cbh.com\/de\/essen\/restaurants\/","name":"Athena Royal Beach Hotel Paphos Restaurants || Athena Royal","isPartOf":{"@id":"https:\/\/www.athenaroyal-cbh.com\/de\/#website"},"primaryImageOfPage":{"@id":"https:\/\/www.athenaroyal-cbh.com\/de\/essen\/restaurants\/#primaryimage"},"image":{"@id":"https:\/\/www.athenaroyal-cbh.com\/de\/essen\/restaurants\/#primaryimage"},"thumbnailUrl":"https:\/\/www.athenaroyal-cbh.com\/app\/uploads\/sites\/32\/2022\/07\/19.1-ATHENA-ROYAL-BEACH-HOTEL-OLIVE-TREE-MEDITERRANEAN-A-LA-CARTE-RESTAURANT.jpg","datePublished":"2019-07-18T10:08:40+00:00","dateModified":"2024-09-16T14:30:31+00:00","description":"Erfreuen Sie Ihre Sinne in unseren Restaurants im Athena Royal Beach Hotel Paphos, die einen zuvorkommenden Service mit den verlockendsten Geschmackserlebnissen f\u00fcr jeden Gaumen verbinden.","breadcrumb":{"@id":"https:\/\/www.athenaroyal-cbh.com\/de\/essen\/restaurants\/#breadcrumb"},"inLanguage":"de","potentialAction":[{"@type":"ReadAction","target":["https:\/\/www.athenaroyal-cbh.com\/de\/essen\/restaurants\/"]}]},{"@type":"ImageObject","inLanguage":"de","@id":"https:\/\/www.athenaroyal-cbh.com\/de\/essen\/restaurants\/#primaryimage","url":"https:\/\/www.athenaroyal-cbh.com\/app\/uploads\/sites\/32\/2022\/07\/19.1-ATHENA-ROYAL-BEACH-HOTEL-OLIVE-TREE-MEDITERRANEAN-A-LA-CARTE-RESTAURANT.jpg","contentUrl":"https:\/\/www.athenaroyal-cbh.com\/app\/uploads\/sites\/32\/2022\/07\/19.1-ATHENA-ROYAL-BEACH-HOTEL-OLIVE-TREE-MEDITERRANEAN-A-LA-CARTE-RESTAURANT.jpg","width":8256,"height":5504},{"@type":"BreadcrumbList","@id":"https:\/\/www.athenaroyal-cbh.com\/de\/essen\/restaurants\/#breadcrumb","itemListElement":[{"@type":"ListItem","position":1,"name":"Home","item":"https:\/\/www.athenaroyal-cbh.com\/de\/"},{"@type":"ListItem","position":2,"name":"Dining","item":"https:\/\/www.athenaroyal-cbh.com\/de\/essen\/"},{"@type":"ListItem","position":3,"name":"Restaurants"}]},{"@type":"WebSite","@id":"https:\/\/www.athenaroyal-cbh.com\/de\/#website","url":"https:\/\/www.athenaroyal-cbh.com\/de\/","name":"\u0391thena Royal Beach Hotel","description":"Constantinou Bros Athena Royal Hotel, 4 star hotel in Paphos Cyprus","potentialAction":[{"@type":"SearchAction","target":{"@type":"EntryPoint","urlTemplate":"https:\/\/www.athenaroyal-cbh.com\/de\/?s={search_term_string}"},"query-input":{"@type":"PropertyValueSpecification","valueRequired":true,"valueName":"search_term_string"}}],"inLanguage":"de"}]}},"_links":{"self":[{"href":"https:\/\/www.athenaroyal-cbh.com\/de\/wp-json\/wp\/v2\/pages\/2142","targetHints":{"allow":["GET"]}}],"collection":[{"href":"https:\/\/www.athenaroyal-cbh.com\/de\/wp-json\/wp\/v2\/pages"}],"about":[{"href":"https:\/\/www.athenaroyal-cbh.com\/de\/wp-json\/wp\/v2\/types\/page"}],"author":[{"embeddable":true,"href":"https:\/\/www.athenaroyal-cbh.com\/de\/wp-json\/wp\/v2\/users\/1"}],"replies":[{"embeddable":true,"href":"https:\/\/www.athenaroyal-cbh.com\/de\/wp-json\/wp\/v2\/comments?post=2142"}],"version-history":[{"count":8,"href":"https:\/\/www.athenaroyal-cbh.com\/de\/wp-json\/wp\/v2\/pages\/2142\/revisions"}],"predecessor-version":[{"id":25998,"href":"https:\/\/www.athenaroyal-cbh.com\/de\/wp-json\/wp\/v2\/pages\/2142\/revisions\/25998"}],"up":[{"embeddable":true,"href":"https:\/\/www.athenaroyal-cbh.com\/de\/wp-json\/wp\/v2\/pages\/2111"}],"wp:featuredmedia":[{"embeddable":true,"href":"https:\/\/www.athenaroyal-cbh.com\/de\/wp-json\/wp\/v2\/media\/13285"}],"wp:attachment":[{"href":"https:\/\/www.athenaroyal-cbh.com\/de\/wp-json\/wp\/v2\/media?parent=2142"}],"curies":[{"name":"wp","href":"https:\/\/api.w.org\/{rel}","templated":true}]}}