{"id":2131,"date":"2019-04-17T15:23:14","date_gmt":"2019-04-17T12:23:14","guid":{"rendered":"http:\/\/athenaroyal-cbh.cms4.nelios.com\/dining\/dining-options\/"},"modified":"2024-09-16T17:30:28","modified_gmt":"2024-09-16T14:30:28","slug":"speisemoglichkeiten","status":"publish","type":"page","link":"https:\/\/www.athenaroyal-cbh.com\/de\/essen\/speisemoglichkeiten\/","title":{"rendered":"Optionen zum Essen"},"content":{"rendered":"<h4><\/h4>\n<h4>Halbpension \/ Vollpension Optionen<\/h4>\n<ul>\n<li>F\u00fcr Bed &amp; Breakfast-G\u00e4ste ist ein flexibles Speisepaket f\u00fcr mindestens 4 Tage pro Woche erh\u00e4ltlich.<\/li>\n<li>Mittagessen: Wahl zwischen Olive Tree Restaurant und Oasis Restaurant<\/li>\n<li>Abendessen: Sie haben die Wahl zwischen dem Pygmalion Restaurant (Internationales Buffet), dem Aphrodite Restaurant (Table d&#8217;h\u00f4te &amp; a la Carte) oder dem Olive Tree Restaurant (Mediterranes a la Carte).<\/li>\n<\/ul>\n<h4><\/h4>\n<p>&nbsp;<\/p>\n<h4 class=\"title\">Zimmerservice<\/h4>\n<div class=\"content\">\n<ul>\n<li>Der Zimmerservice bietet eine k\u00f6stliche Auswahl an Speisen und Getr\u00e4nken, die 24 Stunden am Tag verf\u00fcgbar sind.<\/li>\n<\/ul>\n<\/div>\n<h4><\/h4>\n<p>&nbsp;<\/p>\n<h4>Premium-Paket (Ultra All-Inclusive-Option)<\/h4>\n<ul>\n<li>Profitieren Sie von unserem Premium-Paket (Ultra All-Inclusive-Option) f\u00fcr Classic-Zimmer, Superior-Zimmer und Suiten.<\/li>\n<li>Die Option Ultra All Inclusive beinhaltet Vollpension (Fr\u00fchst\u00fcck, Mittag- und Abendessen) sowie Snacks, Eis, Wasser, alkoholische und alkoholfreie Getr\u00e4nke, hei\u00dfe und kalte Getr\u00e4nke w\u00e4hrend des ganzen Tages.<\/li>\n<\/ul>\n<p>Um mehr \u00fcber das Premium-Paket zu erfahren, <a href=\"http:\/\/www.athenaroyal-cbh.com\/app\/uploads\/sites\/32\/2023\/12\/ATHENA-ROYAL-BEACH-HOTEL-PREMIUM-PACKAGE-EN.pdf\" target=\"_blank\" rel=\"noopener\">klicken Sie<\/a> bitte <a href=\"http:\/\/www.athenaroyal-cbh.com\/app\/uploads\/sites\/32\/2023\/12\/ATHENA-ROYAL-BEACH-HOTEL-PREMIUM-PACKAGE-EN.pdf\" target=\"_blank\" rel=\"noopener\">hier<\/a>.<\/p>\n<div class=\"content\">\n<p>&nbsp;<\/p>\n<\/div>\n","protected":false},"excerpt":{"rendered":"<p>Halbpension \/ Vollpension Optionen F\u00fcr Bed &amp; Breakfast-G\u00e4ste ist ein flexibles Speisepaket f\u00fcr mindestens 4 Tage pro Woche erh\u00e4ltlich. Mittagessen: Wahl zwischen Olive Tree Restaurant und Oasis Restaurant Abendessen: Sie haben die Wahl zwischen dem Pygmalion Restaurant (Internationales Buffet), dem Aphrodite Restaurant (Table d&#8217;h\u00f4te &amp; a la Carte) oder dem Olive Tree Restaurant (Mediterranes a<\/p>\n","protected":false},"author":1,"featured_media":13280,"parent":2111,"menu_order":0,"comment_status":"closed","ping_status":"closed","template":"","meta":{"_acf_changed":false,"footnotes":""},"class_list":["post-2131","page","type-page","status-publish","has-post-thumbnail","hentry"],"acf":[],"yoast_head":"<!-- This site is optimized with the Yoast SEO plugin v27.4 - https:\/\/yoast.com\/product\/yoast-seo-wordpress\/ -->\n<title>Athena Royal Beach Hotel Speisem\u00f6glichkeiten || Athena Royal Hotel<\/title>\n<meta name=\"description\" content=\"Informieren Sie sich \u00fcber alle drei Verpflegungsoptionen des Athena Royal Beach Hotels, einschlie\u00dflich Halb- und Vollpension, Zimmerservice und das Premium-Paket.\" \/>\n<meta name=\"robots\" content=\"index, follow, max-snippet:-1, max-image-preview:large, max-video-preview:-1\" \/>\n<link rel=\"canonical\" href=\"https:\/\/www.athenaroyal-cbh.com\/de\/essen\/speisemoglichkeiten\/\" \/>\n<meta property=\"og:locale\" content=\"de_DE\" \/>\n<meta property=\"og:type\" content=\"article\" \/>\n<meta property=\"og:title\" content=\"Athena Royal Beach Hotel Speisem\u00f6glichkeiten || Athena Royal Hotel\" \/>\n<meta property=\"og:description\" content=\"Informieren Sie sich \u00fcber alle drei Verpflegungsoptionen des Athena Royal Beach Hotels, einschlie\u00dflich Halb- und Vollpension, Zimmerservice und das Premium-Paket.\" \/>\n<meta property=\"og:url\" content=\"https:\/\/www.athenaroyal-cbh.com\/de\/essen\/speisemoglichkeiten\/\" \/>\n<meta property=\"og:site_name\" content=\"\u0391thena Royal Beach Hotel\" \/>\n<meta property=\"article:modified_time\" content=\"2024-09-16T14:30:28+00:00\" \/>\n<meta property=\"og:image\" content=\"https:\/\/www.athenaroyal-cbh.com\/app\/uploads\/sites\/32\/2019\/05\/athena-royal-beach-hotel-pygmalion-restaurnat-flambe_resized.jpg\" \/>\n\t<meta property=\"og:image:width\" content=\"1920\" \/>\n\t<meta property=\"og:image:height\" content=\"1517\" \/>\n\t<meta property=\"og:image:type\" content=\"image\/jpeg\" \/>\n<meta name=\"twitter:card\" content=\"summary_large_image\" \/>\n<meta name=\"twitter:label1\" content=\"Gesch\u00e4tzte Lesezeit\" \/>\n\t<meta name=\"twitter:data1\" content=\"1\u00a0Minute\" \/>\n<script type=\"application\/ld+json\" class=\"yoast-schema-graph\">{\"@context\":\"https:\\\/\\\/schema.org\",\"@graph\":[{\"@type\":\"WebPage\",\"@id\":\"https:\\\/\\\/www.athenaroyal-cbh.com\\\/de\\\/essen\\\/speisemoglichkeiten\\\/\",\"url\":\"https:\\\/\\\/www.athenaroyal-cbh.com\\\/de\\\/essen\\\/speisemoglichkeiten\\\/\",\"name\":\"Athena Royal Beach Hotel Speisem\u00f6glichkeiten || Athena Royal Hotel\",\"isPartOf\":{\"@id\":\"https:\\\/\\\/www.athenaroyal-cbh.com\\\/de\\\/#website\"},\"primaryImageOfPage\":{\"@id\":\"https:\\\/\\\/www.athenaroyal-cbh.com\\\/de\\\/essen\\\/speisemoglichkeiten\\\/#primaryimage\"},\"image\":{\"@id\":\"https:\\\/\\\/www.athenaroyal-cbh.com\\\/de\\\/essen\\\/speisemoglichkeiten\\\/#primaryimage\"},\"thumbnailUrl\":\"https:\\\/\\\/www.athenaroyal-cbh.com\\\/app\\\/uploads\\\/sites\\\/32\\\/2022\\\/07\\\/17-ATHENA-ROYAL-BEACH-HOTEL-PYGMALION-RESTAURANT-e1658142915286.jpg\",\"datePublished\":\"2019-04-17T12:23:14+00:00\",\"dateModified\":\"2024-09-16T14:30:28+00:00\",\"description\":\"Informieren Sie sich \u00fcber alle drei Verpflegungsoptionen des Athena Royal Beach Hotels, einschlie\u00dflich Halb- und Vollpension, Zimmerservice und das Premium-Paket.\",\"breadcrumb\":{\"@id\":\"https:\\\/\\\/www.athenaroyal-cbh.com\\\/de\\\/essen\\\/speisemoglichkeiten\\\/#breadcrumb\"},\"inLanguage\":\"de\",\"potentialAction\":[{\"@type\":\"ReadAction\",\"target\":[\"https:\\\/\\\/www.athenaroyal-cbh.com\\\/de\\\/essen\\\/speisemoglichkeiten\\\/\"]}]},{\"@type\":\"ImageObject\",\"inLanguage\":\"de\",\"@id\":\"https:\\\/\\\/www.athenaroyal-cbh.com\\\/de\\\/essen\\\/speisemoglichkeiten\\\/#primaryimage\",\"url\":\"https:\\\/\\\/www.athenaroyal-cbh.com\\\/app\\\/uploads\\\/sites\\\/32\\\/2022\\\/07\\\/17-ATHENA-ROYAL-BEACH-HOTEL-PYGMALION-RESTAURANT-e1658142915286.jpg\",\"contentUrl\":\"https:\\\/\\\/www.athenaroyal-cbh.com\\\/app\\\/uploads\\\/sites\\\/32\\\/2022\\\/07\\\/17-ATHENA-ROYAL-BEACH-HOTEL-PYGMALION-RESTAURANT-e1658142915286.jpg\",\"width\":7961,\"height\":5307},{\"@type\":\"BreadcrumbList\",\"@id\":\"https:\\\/\\\/www.athenaroyal-cbh.com\\\/de\\\/essen\\\/speisemoglichkeiten\\\/#breadcrumb\",\"itemListElement\":[{\"@type\":\"ListItem\",\"position\":1,\"name\":\"Home\",\"item\":\"https:\\\/\\\/www.athenaroyal-cbh.com\\\/de\\\/\"},{\"@type\":\"ListItem\",\"position\":2,\"name\":\"Dining\",\"item\":\"https:\\\/\\\/www.athenaroyal-cbh.com\\\/de\\\/essen\\\/\"},{\"@type\":\"ListItem\",\"position\":3,\"name\":\"Optionen zum Essen\"}]},{\"@type\":\"WebSite\",\"@id\":\"https:\\\/\\\/www.athenaroyal-cbh.com\\\/de\\\/#website\",\"url\":\"https:\\\/\\\/www.athenaroyal-cbh.com\\\/de\\\/\",\"name\":\"\u0391thena Royal Beach Hotel\",\"description\":\"Constantinou Bros Athena Royal Hotel, 4 star hotel in Paphos Cyprus\",\"potentialAction\":[{\"@type\":\"SearchAction\",\"target\":{\"@type\":\"EntryPoint\",\"urlTemplate\":\"https:\\\/\\\/www.athenaroyal-cbh.com\\\/de\\\/?s={search_term_string}\"},\"query-input\":{\"@type\":\"PropertyValueSpecification\",\"valueRequired\":true,\"valueName\":\"search_term_string\"}}],\"inLanguage\":\"de\"}]}<\/script>\n<!-- \/ Yoast SEO plugin. -->","yoast_head_json":{"title":"Athena Royal Beach Hotel Speisem\u00f6glichkeiten || Athena Royal Hotel","description":"Informieren Sie sich \u00fcber alle drei Verpflegungsoptionen des Athena Royal Beach Hotels, einschlie\u00dflich Halb- und Vollpension, Zimmerservice und das Premium-Paket.","robots":{"index":"index","follow":"follow","max-snippet":"max-snippet:-1","max-image-preview":"max-image-preview:large","max-video-preview":"max-video-preview:-1"},"canonical":"https:\/\/www.athenaroyal-cbh.com\/de\/essen\/speisemoglichkeiten\/","og_locale":"de_DE","og_type":"article","og_title":"Athena Royal Beach Hotel Speisem\u00f6glichkeiten || Athena Royal Hotel","og_description":"Informieren Sie sich \u00fcber alle drei Verpflegungsoptionen des Athena Royal Beach Hotels, einschlie\u00dflich Halb- und Vollpension, Zimmerservice und das Premium-Paket.","og_url":"https:\/\/www.athenaroyal-cbh.com\/de\/essen\/speisemoglichkeiten\/","og_site_name":"\u0391thena Royal Beach Hotel","article_modified_time":"2024-09-16T14:30:28+00:00","og_image":[{"width":1920,"height":1517,"url":"https:\/\/www.athenaroyal-cbh.com\/app\/uploads\/sites\/32\/2019\/05\/athena-royal-beach-hotel-pygmalion-restaurnat-flambe_resized.jpg","type":"image\/jpeg"}],"twitter_card":"summary_large_image","twitter_misc":{"Gesch\u00e4tzte Lesezeit":"1\u00a0Minute"},"schema":{"@context":"https:\/\/schema.org","@graph":[{"@type":"WebPage","@id":"https:\/\/www.athenaroyal-cbh.com\/de\/essen\/speisemoglichkeiten\/","url":"https:\/\/www.athenaroyal-cbh.com\/de\/essen\/speisemoglichkeiten\/","name":"Athena Royal Beach Hotel Speisem\u00f6glichkeiten || Athena Royal Hotel","isPartOf":{"@id":"https:\/\/www.athenaroyal-cbh.com\/de\/#website"},"primaryImageOfPage":{"@id":"https:\/\/www.athenaroyal-cbh.com\/de\/essen\/speisemoglichkeiten\/#primaryimage"},"image":{"@id":"https:\/\/www.athenaroyal-cbh.com\/de\/essen\/speisemoglichkeiten\/#primaryimage"},"thumbnailUrl":"https:\/\/www.athenaroyal-cbh.com\/app\/uploads\/sites\/32\/2022\/07\/17-ATHENA-ROYAL-BEACH-HOTEL-PYGMALION-RESTAURANT-e1658142915286.jpg","datePublished":"2019-04-17T12:23:14+00:00","dateModified":"2024-09-16T14:30:28+00:00","description":"Informieren Sie sich \u00fcber alle drei Verpflegungsoptionen des Athena Royal Beach Hotels, einschlie\u00dflich Halb- und Vollpension, Zimmerservice und das Premium-Paket.","breadcrumb":{"@id":"https:\/\/www.athenaroyal-cbh.com\/de\/essen\/speisemoglichkeiten\/#breadcrumb"},"inLanguage":"de","potentialAction":[{"@type":"ReadAction","target":["https:\/\/www.athenaroyal-cbh.com\/de\/essen\/speisemoglichkeiten\/"]}]},{"@type":"ImageObject","inLanguage":"de","@id":"https:\/\/www.athenaroyal-cbh.com\/de\/essen\/speisemoglichkeiten\/#primaryimage","url":"https:\/\/www.athenaroyal-cbh.com\/app\/uploads\/sites\/32\/2022\/07\/17-ATHENA-ROYAL-BEACH-HOTEL-PYGMALION-RESTAURANT-e1658142915286.jpg","contentUrl":"https:\/\/www.athenaroyal-cbh.com\/app\/uploads\/sites\/32\/2022\/07\/17-ATHENA-ROYAL-BEACH-HOTEL-PYGMALION-RESTAURANT-e1658142915286.jpg","width":7961,"height":5307},{"@type":"BreadcrumbList","@id":"https:\/\/www.athenaroyal-cbh.com\/de\/essen\/speisemoglichkeiten\/#breadcrumb","itemListElement":[{"@type":"ListItem","position":1,"name":"Home","item":"https:\/\/www.athenaroyal-cbh.com\/de\/"},{"@type":"ListItem","position":2,"name":"Dining","item":"https:\/\/www.athenaroyal-cbh.com\/de\/essen\/"},{"@type":"ListItem","position":3,"name":"Optionen zum Essen"}]},{"@type":"WebSite","@id":"https:\/\/www.athenaroyal-cbh.com\/de\/#website","url":"https:\/\/www.athenaroyal-cbh.com\/de\/","name":"\u0391thena Royal Beach Hotel","description":"Constantinou Bros Athena Royal Hotel, 4 star hotel in Paphos Cyprus","potentialAction":[{"@type":"SearchAction","target":{"@type":"EntryPoint","urlTemplate":"https:\/\/www.athenaroyal-cbh.com\/de\/?s={search_term_string}"},"query-input":{"@type":"PropertyValueSpecification","valueRequired":true,"valueName":"search_term_string"}}],"inLanguage":"de"}]}},"_links":{"self":[{"href":"https:\/\/www.athenaroyal-cbh.com\/de\/wp-json\/wp\/v2\/pages\/2131","targetHints":{"allow":["GET"]}}],"collection":[{"href":"https:\/\/www.athenaroyal-cbh.com\/de\/wp-json\/wp\/v2\/pages"}],"about":[{"href":"https:\/\/www.athenaroyal-cbh.com\/de\/wp-json\/wp\/v2\/types\/page"}],"author":[{"embeddable":true,"href":"https:\/\/www.athenaroyal-cbh.com\/de\/wp-json\/wp\/v2\/users\/1"}],"replies":[{"embeddable":true,"href":"https:\/\/www.athenaroyal-cbh.com\/de\/wp-json\/wp\/v2\/comments?post=2131"}],"version-history":[{"count":12,"href":"https:\/\/www.athenaroyal-cbh.com\/de\/wp-json\/wp\/v2\/pages\/2131\/revisions"}],"predecessor-version":[{"id":25993,"href":"https:\/\/www.athenaroyal-cbh.com\/de\/wp-json\/wp\/v2\/pages\/2131\/revisions\/25993"}],"up":[{"embeddable":true,"href":"https:\/\/www.athenaroyal-cbh.com\/de\/wp-json\/wp\/v2\/pages\/2111"}],"wp:featuredmedia":[{"embeddable":true,"href":"https:\/\/www.athenaroyal-cbh.com\/de\/wp-json\/wp\/v2\/media\/13280"}],"wp:attachment":[{"href":"https:\/\/www.athenaroyal-cbh.com\/de\/wp-json\/wp\/v2\/media?parent=2131"}],"curies":[{"name":"wp","href":"https:\/\/api.w.org\/{rel}","templated":true}]}}