{"id":2119,"date":"2019-07-17T15:06:38","date_gmt":"2019-07-17T12:06:38","guid":{"rendered":"http:\/\/athenaroyal-cbh.cms4.nelios.com\/dining\/bars\/"},"modified":"2025-07-31T09:33:10","modified_gmt":"2025-07-31T06:33:10","slug":"bars","status":"publish","type":"page","link":"https:\/\/www.athenaroyal-cbh.com\/de\/essen\/bars\/","title":{"rendered":"Bars"},"content":{"rendered":"<h1 class=\"entry-title title-size font-regular text-center mt-5\">Entdecken Sie alle Bars des Athena Royal Beach Hotel Paphos<\/h1>\n<p>&nbsp;<\/p>\n<p>G\u00f6nnen Sie sich tags\u00fcber einen erfrischenden Drink oder abends einen Cocktail in der entspannten Atmosph\u00e4re der Hotelbars.<\/p>\n<p>&nbsp;<\/p>\n<h4>Dionysos Cocktail Bar<\/h4>\n<p>Ein guter Treffpunkt in der Lobby f\u00fcr ein Getr\u00e4nk vor dem Abendessen oder einen Absacker mit Live-Unterhaltung am Abend.<\/p>\n<p>&nbsp;<\/p>\n<h4>St. Andrew&#8217;s Rooftop Bar (Sommer &#8211; ge\u00f6ffnet nach Ermessen des Managements)<\/h4>\n<p>Mit Blick auf das Mittelmeer bietet die St. Andrew&#8217;s Rooftop Bar einen atemberaubenden Panoramablick und Sonnenunterg\u00e4nge. Der perfekte Ort, um sich mit unseren charakteristischen Cocktails zur\u00fcckzulehnen und den Sonnenuntergang zu beobachten.<\/p>\n<p>&nbsp;<\/p>\n<h4>Akakia Pool Bar (Sommer)<\/h4>\n<p>Das viele Planschen macht Sie durstig, also nehmen Sie ein erfrischendes Getr\u00e4nk am Pool.<\/p>\n<p>&nbsp;<\/p>\n<h4>Garten Bar<\/h4>\n<p>Der perfekte Ort, um sich zur\u00fcckzulehnen und bei einem frisch zubereiteten Getr\u00e4nk Ihrer Wahl zu entspannen.<\/p>\n","protected":false},"excerpt":{"rendered":"<p>Entdecken Sie alle Bars des Athena Royal Beach Hotel Paphos &nbsp; G\u00f6nnen Sie sich tags\u00fcber einen erfrischenden Drink oder abends einen Cocktail in der entspannten Atmosph\u00e4re der Hotelbars. &nbsp; Dionysos Cocktail Bar Ein guter Treffpunkt in der Lobby f\u00fcr ein Getr\u00e4nk vor dem Abendessen oder einen Absacker mit Live-Unterhaltung am Abend. &nbsp; St. Andrew&#8217;s Rooftop<\/p>\n","protected":false},"author":1,"featured_media":1983,"parent":2111,"menu_order":0,"comment_status":"closed","ping_status":"closed","template":"","meta":{"_acf_changed":false,"footnotes":""},"class_list":["post-2119","page","type-page","status-publish","has-post-thumbnail","hentry"],"acf":[],"yoast_head":"<!-- This site is optimized with the Yoast SEO plugin v27.5 - https:\/\/yoast.com\/product\/yoast-seo-wordpress\/ -->\n<title>Athena Royal Beach Hotel Paphos Bars || Athena Royal Hotel<\/title>\n<meta name=\"description\" content=\"L\u00f6schen Sie Ihren Durst mit k\u00f6stlichen Erfrischungen, Cocktails und Weinen in unseren Athena Royal Beach Hotel Paphos Bars, zu denen eine Lobby-, eine Pool- und eine Rooftop-Bar geh\u00f6ren.\" \/>\n<meta name=\"robots\" content=\"index, follow, max-snippet:-1, max-image-preview:large, max-video-preview:-1\" \/>\n<link rel=\"canonical\" href=\"https:\/\/www.athenaroyal-cbh.com\/de\/essen\/bars\/\" \/>\n<meta property=\"og:locale\" content=\"de_DE\" \/>\n<meta property=\"og:type\" content=\"article\" \/>\n<meta property=\"og:title\" content=\"Athena Royal Beach Hotel Paphos Bars || Athena Royal Hotel\" \/>\n<meta property=\"og:description\" content=\"L\u00f6schen Sie Ihren Durst mit k\u00f6stlichen Erfrischungen, Cocktails und Weinen in unseren Athena Royal Beach Hotel Paphos Bars, zu denen eine Lobby-, eine Pool- und eine Rooftop-Bar geh\u00f6ren.\" \/>\n<meta property=\"og:url\" content=\"https:\/\/www.athenaroyal-cbh.com\/de\/essen\/bars\/\" \/>\n<meta property=\"og:site_name\" content=\"\u0391thena Royal Beach Hotel\" \/>\n<meta property=\"article:modified_time\" content=\"2025-07-31T06:33:10+00:00\" \/>\n<meta property=\"og:image\" content=\"https:\/\/www.athenaroyal-cbh.com\/app\/uploads\/sites\/32\/2019\/09\/piano_bar.jpg\" \/>\n\t<meta property=\"og:image:width\" content=\"1053\" \/>\n\t<meta property=\"og:image:height\" content=\"700\" \/>\n\t<meta property=\"og:image:type\" content=\"image\/jpeg\" \/>\n<meta name=\"twitter:card\" content=\"summary_large_image\" \/>\n<meta name=\"twitter:label1\" content=\"Gesch\u00e4tzte Lesezeit\" \/>\n\t<meta name=\"twitter:data1\" content=\"1\u00a0Minute\" \/>\n<script type=\"application\/ld+json\" class=\"yoast-schema-graph\">{\"@context\":\"https:\\\/\\\/schema.org\",\"@graph\":[{\"@type\":\"WebPage\",\"@id\":\"https:\\\/\\\/www.athenaroyal-cbh.com\\\/de\\\/essen\\\/bars\\\/\",\"url\":\"https:\\\/\\\/www.athenaroyal-cbh.com\\\/de\\\/essen\\\/bars\\\/\",\"name\":\"Athena Royal Beach Hotel Paphos Bars || Athena Royal Hotel\",\"isPartOf\":{\"@id\":\"https:\\\/\\\/www.athenaroyal-cbh.com\\\/de\\\/#website\"},\"primaryImageOfPage\":{\"@id\":\"https:\\\/\\\/www.athenaroyal-cbh.com\\\/de\\\/essen\\\/bars\\\/#primaryimage\"},\"image\":{\"@id\":\"https:\\\/\\\/www.athenaroyal-cbh.com\\\/de\\\/essen\\\/bars\\\/#primaryimage\"},\"thumbnailUrl\":\"https:\\\/\\\/www.athenaroyal-cbh.com\\\/app\\\/uploads\\\/sites\\\/32\\\/2019\\\/09\\\/piano_bar.jpg\",\"datePublished\":\"2019-07-17T12:06:38+00:00\",\"dateModified\":\"2025-07-31T06:33:10+00:00\",\"description\":\"L\u00f6schen Sie Ihren Durst mit k\u00f6stlichen Erfrischungen, Cocktails und Weinen in unseren Athena Royal Beach Hotel Paphos Bars, zu denen eine Lobby-, eine Pool- und eine Rooftop-Bar geh\u00f6ren.\",\"breadcrumb\":{\"@id\":\"https:\\\/\\\/www.athenaroyal-cbh.com\\\/de\\\/essen\\\/bars\\\/#breadcrumb\"},\"inLanguage\":\"de\",\"potentialAction\":[{\"@type\":\"ReadAction\",\"target\":[\"https:\\\/\\\/www.athenaroyal-cbh.com\\\/de\\\/essen\\\/bars\\\/\"]}]},{\"@type\":\"ImageObject\",\"inLanguage\":\"de\",\"@id\":\"https:\\\/\\\/www.athenaroyal-cbh.com\\\/de\\\/essen\\\/bars\\\/#primaryimage\",\"url\":\"https:\\\/\\\/www.athenaroyal-cbh.com\\\/app\\\/uploads\\\/sites\\\/32\\\/2019\\\/09\\\/piano_bar.jpg\",\"contentUrl\":\"https:\\\/\\\/www.athenaroyal-cbh.com\\\/app\\\/uploads\\\/sites\\\/32\\\/2019\\\/09\\\/piano_bar.jpg\",\"width\":1053,\"height\":700},{\"@type\":\"BreadcrumbList\",\"@id\":\"https:\\\/\\\/www.athenaroyal-cbh.com\\\/de\\\/essen\\\/bars\\\/#breadcrumb\",\"itemListElement\":[{\"@type\":\"ListItem\",\"position\":1,\"name\":\"Home\",\"item\":\"https:\\\/\\\/www.athenaroyal-cbh.com\\\/de\\\/\"},{\"@type\":\"ListItem\",\"position\":2,\"name\":\"Dining\",\"item\":\"https:\\\/\\\/www.athenaroyal-cbh.com\\\/de\\\/essen\\\/\"},{\"@type\":\"ListItem\",\"position\":3,\"name\":\"Bars\"}]},{\"@type\":\"WebSite\",\"@id\":\"https:\\\/\\\/www.athenaroyal-cbh.com\\\/de\\\/#website\",\"url\":\"https:\\\/\\\/www.athenaroyal-cbh.com\\\/de\\\/\",\"name\":\"\u0391thena Royal Beach Hotel\",\"description\":\"Constantinou Bros Athena Royal Hotel, 4 star hotel in Paphos Cyprus\",\"potentialAction\":[{\"@type\":\"SearchAction\",\"target\":{\"@type\":\"EntryPoint\",\"urlTemplate\":\"https:\\\/\\\/www.athenaroyal-cbh.com\\\/de\\\/?s={search_term_string}\"},\"query-input\":{\"@type\":\"PropertyValueSpecification\",\"valueRequired\":true,\"valueName\":\"search_term_string\"}}],\"inLanguage\":\"de\"}]}<\/script>\n<!-- \/ Yoast SEO plugin. -->","yoast_head_json":{"title":"Athena Royal Beach Hotel Paphos Bars || Athena Royal Hotel","description":"L\u00f6schen Sie Ihren Durst mit k\u00f6stlichen Erfrischungen, Cocktails und Weinen in unseren Athena Royal Beach Hotel Paphos Bars, zu denen eine Lobby-, eine Pool- und eine Rooftop-Bar geh\u00f6ren.","robots":{"index":"index","follow":"follow","max-snippet":"max-snippet:-1","max-image-preview":"max-image-preview:large","max-video-preview":"max-video-preview:-1"},"canonical":"https:\/\/www.athenaroyal-cbh.com\/de\/essen\/bars\/","og_locale":"de_DE","og_type":"article","og_title":"Athena Royal Beach Hotel Paphos Bars || Athena Royal Hotel","og_description":"L\u00f6schen Sie Ihren Durst mit k\u00f6stlichen Erfrischungen, Cocktails und Weinen in unseren Athena Royal Beach Hotel Paphos Bars, zu denen eine Lobby-, eine Pool- und eine Rooftop-Bar geh\u00f6ren.","og_url":"https:\/\/www.athenaroyal-cbh.com\/de\/essen\/bars\/","og_site_name":"\u0391thena Royal Beach Hotel","article_modified_time":"2025-07-31T06:33:10+00:00","og_image":[{"width":1053,"height":700,"url":"https:\/\/www.athenaroyal-cbh.com\/app\/uploads\/sites\/32\/2019\/09\/piano_bar.jpg","type":"image\/jpeg"}],"twitter_card":"summary_large_image","twitter_misc":{"Gesch\u00e4tzte Lesezeit":"1\u00a0Minute"},"schema":{"@context":"https:\/\/schema.org","@graph":[{"@type":"WebPage","@id":"https:\/\/www.athenaroyal-cbh.com\/de\/essen\/bars\/","url":"https:\/\/www.athenaroyal-cbh.com\/de\/essen\/bars\/","name":"Athena Royal Beach Hotel Paphos Bars || Athena Royal Hotel","isPartOf":{"@id":"https:\/\/www.athenaroyal-cbh.com\/de\/#website"},"primaryImageOfPage":{"@id":"https:\/\/www.athenaroyal-cbh.com\/de\/essen\/bars\/#primaryimage"},"image":{"@id":"https:\/\/www.athenaroyal-cbh.com\/de\/essen\/bars\/#primaryimage"},"thumbnailUrl":"https:\/\/www.athenaroyal-cbh.com\/app\/uploads\/sites\/32\/2019\/09\/piano_bar.jpg","datePublished":"2019-07-17T12:06:38+00:00","dateModified":"2025-07-31T06:33:10+00:00","description":"L\u00f6schen Sie Ihren Durst mit k\u00f6stlichen Erfrischungen, Cocktails und Weinen in unseren Athena Royal Beach Hotel Paphos Bars, zu denen eine Lobby-, eine Pool- und eine Rooftop-Bar geh\u00f6ren.","breadcrumb":{"@id":"https:\/\/www.athenaroyal-cbh.com\/de\/essen\/bars\/#breadcrumb"},"inLanguage":"de","potentialAction":[{"@type":"ReadAction","target":["https:\/\/www.athenaroyal-cbh.com\/de\/essen\/bars\/"]}]},{"@type":"ImageObject","inLanguage":"de","@id":"https:\/\/www.athenaroyal-cbh.com\/de\/essen\/bars\/#primaryimage","url":"https:\/\/www.athenaroyal-cbh.com\/app\/uploads\/sites\/32\/2019\/09\/piano_bar.jpg","contentUrl":"https:\/\/www.athenaroyal-cbh.com\/app\/uploads\/sites\/32\/2019\/09\/piano_bar.jpg","width":1053,"height":700},{"@type":"BreadcrumbList","@id":"https:\/\/www.athenaroyal-cbh.com\/de\/essen\/bars\/#breadcrumb","itemListElement":[{"@type":"ListItem","position":1,"name":"Home","item":"https:\/\/www.athenaroyal-cbh.com\/de\/"},{"@type":"ListItem","position":2,"name":"Dining","item":"https:\/\/www.athenaroyal-cbh.com\/de\/essen\/"},{"@type":"ListItem","position":3,"name":"Bars"}]},{"@type":"WebSite","@id":"https:\/\/www.athenaroyal-cbh.com\/de\/#website","url":"https:\/\/www.athenaroyal-cbh.com\/de\/","name":"\u0391thena Royal Beach Hotel","description":"Constantinou Bros Athena Royal Hotel, 4 star hotel in Paphos Cyprus","potentialAction":[{"@type":"SearchAction","target":{"@type":"EntryPoint","urlTemplate":"https:\/\/www.athenaroyal-cbh.com\/de\/?s={search_term_string}"},"query-input":{"@type":"PropertyValueSpecification","valueRequired":true,"valueName":"search_term_string"}}],"inLanguage":"de"}]}},"_links":{"self":[{"href":"https:\/\/www.athenaroyal-cbh.com\/de\/wp-json\/wp\/v2\/pages\/2119","targetHints":{"allow":["GET"]}}],"collection":[{"href":"https:\/\/www.athenaroyal-cbh.com\/de\/wp-json\/wp\/v2\/pages"}],"about":[{"href":"https:\/\/www.athenaroyal-cbh.com\/de\/wp-json\/wp\/v2\/types\/page"}],"author":[{"embeddable":true,"href":"https:\/\/www.athenaroyal-cbh.com\/de\/wp-json\/wp\/v2\/users\/1"}],"replies":[{"embeddable":true,"href":"https:\/\/www.athenaroyal-cbh.com\/de\/wp-json\/wp\/v2\/comments?post=2119"}],"version-history":[{"count":10,"href":"https:\/\/www.athenaroyal-cbh.com\/de\/wp-json\/wp\/v2\/pages\/2119\/revisions"}],"predecessor-version":[{"id":26621,"href":"https:\/\/www.athenaroyal-cbh.com\/de\/wp-json\/wp\/v2\/pages\/2119\/revisions\/26621"}],"up":[{"embeddable":true,"href":"https:\/\/www.athenaroyal-cbh.com\/de\/wp-json\/wp\/v2\/pages\/2111"}],"wp:featuredmedia":[{"embeddable":true,"href":"https:\/\/www.athenaroyal-cbh.com\/de\/wp-json\/wp\/v2\/media\/1983"}],"wp:attachment":[{"href":"https:\/\/www.athenaroyal-cbh.com\/de\/wp-json\/wp\/v2\/media?parent=2119"}],"curies":[{"name":"wp","href":"https:\/\/api.w.org\/{rel}","templated":true}]}}