{"id":2095,"date":"2019-11-01T14:42:02","date_gmt":"2019-11-01T11:42:02","guid":{"rendered":"http:\/\/athenaroyal-cbh.cms4.nelios.com\/awards\/"},"modified":"2026-04-23T11:49:37","modified_gmt":"2026-04-23T08:49:37","slug":"auszeichnungen","status":"publish","type":"page","link":"https:\/\/www.athenaroyal-cbh.com\/de\/auszeichnungen\/","title":{"rendered":"Auszeichnungen"},"content":{"rendered":"<p>Jede Branche hat ihre Kriterien, die Ma\u00dfst\u00e4be, an denen man den Erfolg misst. Die Hotelbranche verwendet ein Pr\u00e4miensystem, das auf Punkten basiert, die von den Hotels anhand von Frageb\u00f6gen gesammelt werden, die die Reiseveranstalter von ihren Kunden am Ende des Urlaubs ausf\u00fcllen lassen.<\/p>\n<p>Das Athena Royal Beach Hotel ist stolz auf seine beeindruckende Bilanz an Auszeichnungen seit seiner Er\u00f6ffnung.<\/p>\n","protected":false},"excerpt":{"rendered":"<p>Jede Branche hat ihre Kriterien, die Ma\u00dfst\u00e4be, an denen man den Erfolg misst. Die Hotelbranche verwendet ein Pr\u00e4miensystem, das auf Punkten basiert, die von den Hotels anhand von Frageb\u00f6gen gesammelt werden, die die Reiseveranstalter von ihren Kunden am Ende des Urlaubs ausf\u00fcllen lassen. Das Athena Royal Beach Hotel ist stolz auf seine beeindruckende Bilanz an<\/p>\n","protected":false},"author":1,"featured_media":1903,"parent":0,"menu_order":0,"comment_status":"closed","ping_status":"closed","template":"page-templates\/accordion.php","meta":{"_acf_changed":false,"footnotes":""},"class_list":["post-2095","page","type-page","status-publish","has-post-thumbnail","hentry"],"acf":[],"yoast_head":"<!-- This site is optimized with the Yoast SEO plugin v27.5 - https:\/\/yoast.com\/product\/yoast-seo-wordpress\/ -->\n<title>Liste der Auszeichnungen des Athena Royal Beach Hotels || Athena Royal Hotel<\/title>\n<meta name=\"description\" content=\"Hier finden Sie eine Liste aller Preise, Auszeichnungen, Anerkennungen und Zertifizierungen des Athena Royal Beach Hotels von 2005 bis heute.\" \/>\n<meta name=\"robots\" content=\"index, follow, max-snippet:-1, max-image-preview:large, max-video-preview:-1\" \/>\n<link rel=\"canonical\" href=\"https:\/\/www.athenaroyal-cbh.com\/de\/auszeichnungen\/\" \/>\n<meta property=\"og:locale\" content=\"de_DE\" \/>\n<meta property=\"og:type\" content=\"article\" \/>\n<meta property=\"og:title\" content=\"Liste der Auszeichnungen des Athena Royal Beach Hotels || Athena Royal Hotel\" \/>\n<meta property=\"og:description\" content=\"Hier finden Sie eine Liste aller Preise, Auszeichnungen, Anerkennungen und Zertifizierungen des Athena Royal Beach Hotels von 2005 bis heute.\" \/>\n<meta property=\"og:url\" content=\"https:\/\/www.athenaroyal-cbh.com\/de\/auszeichnungen\/\" \/>\n<meta property=\"og:site_name\" content=\"\u0391thena Royal Beach Hotel\" \/>\n<meta property=\"article:modified_time\" content=\"2026-04-23T08:49:37+00:00\" \/>\n<meta property=\"og:image\" content=\"https:\/\/www.athenaroyal-cbh.com\/app\/uploads\/sites\/32\/2019\/05\/athena-royal-beach-hotel-exterior-view_resized-1.jpg\" \/>\n\t<meta property=\"og:image:width\" content=\"1920\" \/>\n\t<meta property=\"og:image:height\" content=\"1277\" \/>\n\t<meta property=\"og:image:type\" content=\"image\/jpeg\" \/>\n<meta name=\"twitter:card\" content=\"summary_large_image\" \/>\n<meta name=\"twitter:label1\" content=\"Gesch\u00e4tzte Lesezeit\" \/>\n\t<meta name=\"twitter:data1\" content=\"1\u00a0Minute\" \/>\n<script type=\"application\/ld+json\" class=\"yoast-schema-graph\">{\"@context\":\"https:\\\/\\\/schema.org\",\"@graph\":[{\"@type\":\"WebPage\",\"@id\":\"https:\\\/\\\/www.athenaroyal-cbh.com\\\/de\\\/auszeichnungen\\\/\",\"url\":\"https:\\\/\\\/www.athenaroyal-cbh.com\\\/de\\\/auszeichnungen\\\/\",\"name\":\"Liste der Auszeichnungen des Athena Royal Beach Hotels || Athena Royal Hotel\",\"isPartOf\":{\"@id\":\"https:\\\/\\\/www.athenaroyal-cbh.com\\\/de\\\/#website\"},\"primaryImageOfPage\":{\"@id\":\"https:\\\/\\\/www.athenaroyal-cbh.com\\\/de\\\/auszeichnungen\\\/#primaryimage\"},\"image\":{\"@id\":\"https:\\\/\\\/www.athenaroyal-cbh.com\\\/de\\\/auszeichnungen\\\/#primaryimage\"},\"thumbnailUrl\":\"https:\\\/\\\/www.athenaroyal-cbh.com\\\/app\\\/uploads\\\/sites\\\/32\\\/2019\\\/05\\\/athena-royal-beach-hotel-exterior-view_resized-1.jpg\",\"datePublished\":\"2019-11-01T11:42:02+00:00\",\"dateModified\":\"2026-04-23T08:49:37+00:00\",\"description\":\"Hier finden Sie eine Liste aller Preise, Auszeichnungen, Anerkennungen und Zertifizierungen des Athena Royal Beach Hotels von 2005 bis heute.\",\"breadcrumb\":{\"@id\":\"https:\\\/\\\/www.athenaroyal-cbh.com\\\/de\\\/auszeichnungen\\\/#breadcrumb\"},\"inLanguage\":\"de\",\"potentialAction\":[{\"@type\":\"ReadAction\",\"target\":[\"https:\\\/\\\/www.athenaroyal-cbh.com\\\/de\\\/auszeichnungen\\\/\"]}]},{\"@type\":\"ImageObject\",\"inLanguage\":\"de\",\"@id\":\"https:\\\/\\\/www.athenaroyal-cbh.com\\\/de\\\/auszeichnungen\\\/#primaryimage\",\"url\":\"https:\\\/\\\/www.athenaroyal-cbh.com\\\/app\\\/uploads\\\/sites\\\/32\\\/2019\\\/05\\\/athena-royal-beach-hotel-exterior-view_resized-1.jpg\",\"contentUrl\":\"https:\\\/\\\/www.athenaroyal-cbh.com\\\/app\\\/uploads\\\/sites\\\/32\\\/2019\\\/05\\\/athena-royal-beach-hotel-exterior-view_resized-1.jpg\",\"width\":1920,\"height\":1277,\"caption\":\"Willkommen im Athena Royal Beach Hotel\"},{\"@type\":\"BreadcrumbList\",\"@id\":\"https:\\\/\\\/www.athenaroyal-cbh.com\\\/de\\\/auszeichnungen\\\/#breadcrumb\",\"itemListElement\":[{\"@type\":\"ListItem\",\"position\":1,\"name\":\"Home\",\"item\":\"https:\\\/\\\/www.athenaroyal-cbh.com\\\/de\\\/\"},{\"@type\":\"ListItem\",\"position\":2,\"name\":\"Auszeichnungen\"}]},{\"@type\":\"WebSite\",\"@id\":\"https:\\\/\\\/www.athenaroyal-cbh.com\\\/de\\\/#website\",\"url\":\"https:\\\/\\\/www.athenaroyal-cbh.com\\\/de\\\/\",\"name\":\"\u0391thena Royal Beach Hotel\",\"description\":\"Constantinou Bros Athena Royal Hotel, 4 star hotel in Paphos Cyprus\",\"potentialAction\":[{\"@type\":\"SearchAction\",\"target\":{\"@type\":\"EntryPoint\",\"urlTemplate\":\"https:\\\/\\\/www.athenaroyal-cbh.com\\\/de\\\/?s={search_term_string}\"},\"query-input\":{\"@type\":\"PropertyValueSpecification\",\"valueRequired\":true,\"valueName\":\"search_term_string\"}}],\"inLanguage\":\"de\"}]}<\/script>\n<!-- \/ Yoast SEO plugin. -->","yoast_head_json":{"title":"Liste der Auszeichnungen des Athena Royal Beach Hotels || Athena Royal Hotel","description":"Hier finden Sie eine Liste aller Preise, Auszeichnungen, Anerkennungen und Zertifizierungen des Athena Royal Beach Hotels von 2005 bis heute.","robots":{"index":"index","follow":"follow","max-snippet":"max-snippet:-1","max-image-preview":"max-image-preview:large","max-video-preview":"max-video-preview:-1"},"canonical":"https:\/\/www.athenaroyal-cbh.com\/de\/auszeichnungen\/","og_locale":"de_DE","og_type":"article","og_title":"Liste der Auszeichnungen des Athena Royal Beach Hotels || Athena Royal Hotel","og_description":"Hier finden Sie eine Liste aller Preise, Auszeichnungen, Anerkennungen und Zertifizierungen des Athena Royal Beach Hotels von 2005 bis heute.","og_url":"https:\/\/www.athenaroyal-cbh.com\/de\/auszeichnungen\/","og_site_name":"\u0391thena Royal Beach Hotel","article_modified_time":"2026-04-23T08:49:37+00:00","og_image":[{"width":1920,"height":1277,"url":"https:\/\/www.athenaroyal-cbh.com\/app\/uploads\/sites\/32\/2019\/05\/athena-royal-beach-hotel-exterior-view_resized-1.jpg","type":"image\/jpeg"}],"twitter_card":"summary_large_image","twitter_misc":{"Gesch\u00e4tzte Lesezeit":"1\u00a0Minute"},"schema":{"@context":"https:\/\/schema.org","@graph":[{"@type":"WebPage","@id":"https:\/\/www.athenaroyal-cbh.com\/de\/auszeichnungen\/","url":"https:\/\/www.athenaroyal-cbh.com\/de\/auszeichnungen\/","name":"Liste der Auszeichnungen des Athena Royal Beach Hotels || Athena Royal Hotel","isPartOf":{"@id":"https:\/\/www.athenaroyal-cbh.com\/de\/#website"},"primaryImageOfPage":{"@id":"https:\/\/www.athenaroyal-cbh.com\/de\/auszeichnungen\/#primaryimage"},"image":{"@id":"https:\/\/www.athenaroyal-cbh.com\/de\/auszeichnungen\/#primaryimage"},"thumbnailUrl":"https:\/\/www.athenaroyal-cbh.com\/app\/uploads\/sites\/32\/2019\/05\/athena-royal-beach-hotel-exterior-view_resized-1.jpg","datePublished":"2019-11-01T11:42:02+00:00","dateModified":"2026-04-23T08:49:37+00:00","description":"Hier finden Sie eine Liste aller Preise, Auszeichnungen, Anerkennungen und Zertifizierungen des Athena Royal Beach Hotels von 2005 bis heute.","breadcrumb":{"@id":"https:\/\/www.athenaroyal-cbh.com\/de\/auszeichnungen\/#breadcrumb"},"inLanguage":"de","potentialAction":[{"@type":"ReadAction","target":["https:\/\/www.athenaroyal-cbh.com\/de\/auszeichnungen\/"]}]},{"@type":"ImageObject","inLanguage":"de","@id":"https:\/\/www.athenaroyal-cbh.com\/de\/auszeichnungen\/#primaryimage","url":"https:\/\/www.athenaroyal-cbh.com\/app\/uploads\/sites\/32\/2019\/05\/athena-royal-beach-hotel-exterior-view_resized-1.jpg","contentUrl":"https:\/\/www.athenaroyal-cbh.com\/app\/uploads\/sites\/32\/2019\/05\/athena-royal-beach-hotel-exterior-view_resized-1.jpg","width":1920,"height":1277,"caption":"Willkommen im Athena Royal Beach Hotel"},{"@type":"BreadcrumbList","@id":"https:\/\/www.athenaroyal-cbh.com\/de\/auszeichnungen\/#breadcrumb","itemListElement":[{"@type":"ListItem","position":1,"name":"Home","item":"https:\/\/www.athenaroyal-cbh.com\/de\/"},{"@type":"ListItem","position":2,"name":"Auszeichnungen"}]},{"@type":"WebSite","@id":"https:\/\/www.athenaroyal-cbh.com\/de\/#website","url":"https:\/\/www.athenaroyal-cbh.com\/de\/","name":"\u0391thena Royal Beach Hotel","description":"Constantinou Bros Athena Royal Hotel, 4 star hotel in Paphos Cyprus","potentialAction":[{"@type":"SearchAction","target":{"@type":"EntryPoint","urlTemplate":"https:\/\/www.athenaroyal-cbh.com\/de\/?s={search_term_string}"},"query-input":{"@type":"PropertyValueSpecification","valueRequired":true,"valueName":"search_term_string"}}],"inLanguage":"de"}]}},"_links":{"self":[{"href":"https:\/\/www.athenaroyal-cbh.com\/de\/wp-json\/wp\/v2\/pages\/2095","targetHints":{"allow":["GET"]}}],"collection":[{"href":"https:\/\/www.athenaroyal-cbh.com\/de\/wp-json\/wp\/v2\/pages"}],"about":[{"href":"https:\/\/www.athenaroyal-cbh.com\/de\/wp-json\/wp\/v2\/types\/page"}],"author":[{"embeddable":true,"href":"https:\/\/www.athenaroyal-cbh.com\/de\/wp-json\/wp\/v2\/users\/1"}],"replies":[{"embeddable":true,"href":"https:\/\/www.athenaroyal-cbh.com\/de\/wp-json\/wp\/v2\/comments?post=2095"}],"version-history":[{"count":19,"href":"https:\/\/www.athenaroyal-cbh.com\/de\/wp-json\/wp\/v2\/pages\/2095\/revisions"}],"predecessor-version":[{"id":27491,"href":"https:\/\/www.athenaroyal-cbh.com\/de\/wp-json\/wp\/v2\/pages\/2095\/revisions\/27491"}],"wp:featuredmedia":[{"embeddable":true,"href":"https:\/\/www.athenaroyal-cbh.com\/de\/wp-json\/wp\/v2\/media\/1903"}],"wp:attachment":[{"href":"https:\/\/www.athenaroyal-cbh.com\/de\/wp-json\/wp\/v2\/media?parent=2095"}],"curies":[{"name":"wp","href":"https:\/\/api.w.org\/{rel}","templated":true}]}}