{"id":12023,"date":"2022-07-04T15:56:03","date_gmt":"2022-07-04T12:56:03","guid":{"rendered":"https:\/\/www.athenaroyal-cbh.com\/adults-only-holidays\/"},"modified":"2024-09-26T12:13:25","modified_gmt":"2024-09-26T09:13:25","slug":"nur-erwachsene-urlaub","status":"publish","type":"page","link":"https:\/\/www.athenaroyal-cbh.com\/de\/nur-erwachsene-urlaub\/","title":{"rendered":"Urlaub nur f\u00fcr Erwachsene"},"content":{"rendered":"<p>Constantinou Bros Hotels bietet Urlaub nur f\u00fcr Erwachsene in einer entspannenden, kinderfreien Umgebung, mit ruhigen Tagen am Pool und einem Unterhaltungs- und Freizeitprogramm, das darauf ausgerichtet ist, Ihren perfekten Urlaub nur f\u00fcr Erwachsene zu gestalten.<\/p>\n<p>Constantinou Bros Hotels ist bekannt f\u00fcr die Entwicklung des Konzepts des Urlaubs nur f\u00fcr Erwachsene in Paphos und bietet eine Reihe von Hotels, die Ihrem Budget und Ihren Urlaubsanforderungen entsprechen.<\/p>\n<p>Das Athena Royal Beach Hotel ist ein stilvolles, modernes Superior-Hotel direkt am Strand, das in einer luxuri\u00f6sen Anlage liegt und eine Vielzahl von Freizeiteinrichtungen bietet, darunter drei S\u00fc\u00dfwasser-Freib\u00e4der und Whirlpools, ein beheiztes Hallenbad, einen Tennisplatz sowie Au\u00dfen- und Innenbocciabahnen.<br \/>\nDas Hotel ist ausschlie\u00dflich f\u00fcr Erwachsene konzipiert und bietet eine wirklich entspannende und ruhige Umgebung.<\/p>\n","protected":false},"excerpt":{"rendered":"<p>Constantinou Bros Hotels bietet Urlaub nur f\u00fcr Erwachsene in einer entspannenden, kinderfreien Umgebung, mit ruhigen Tagen am Pool und einem Unterhaltungs- und Freizeitprogramm, das darauf ausgerichtet ist, Ihren perfekten Urlaub nur f\u00fcr Erwachsene zu gestalten. Constantinou Bros Hotels ist bekannt f\u00fcr die Entwicklung des Konzepts des Urlaubs nur f\u00fcr Erwachsene in Paphos und bietet eine<\/p>\n","protected":false},"author":100,"featured_media":11986,"parent":0,"menu_order":0,"comment_status":"closed","ping_status":"closed","template":"","meta":{"_acf_changed":false,"footnotes":""},"class_list":["post-12023","page","type-page","status-publish","has-post-thumbnail","hentry"],"acf":[],"yoast_head":"<!-- This site is optimized with the Yoast SEO plugin v27.5 - https:\/\/yoast.com\/product\/yoast-seo-wordpress\/ -->\n<title>Urlaub nur f\u00fcr Erwachsene - \u0391thena Royal Beach Hotel<\/title>\n<meta name=\"description\" content=\"Das Athena Royal Beach Hotel von Constantinou Bros Hotels ist ein wirklich entspannendes und ruhiges Hotel, das ausschlie\u00dflich f\u00fcr Erwachsene konzipiert wurde.\" \/>\n<meta name=\"robots\" content=\"index, follow, max-snippet:-1, max-image-preview:large, max-video-preview:-1\" \/>\n<link rel=\"canonical\" href=\"https:\/\/www.athenaroyal-cbh.com\/de\/nur-erwachsene-urlaub\/\" \/>\n<meta property=\"og:locale\" content=\"de_DE\" \/>\n<meta property=\"og:type\" content=\"article\" \/>\n<meta property=\"og:title\" content=\"Urlaub nur f\u00fcr Erwachsene - \u0391thena Royal Beach Hotel\" \/>\n<meta property=\"og:description\" content=\"Das Athena Royal Beach Hotel von Constantinou Bros Hotels ist ein wirklich entspannendes und ruhiges Hotel, das ausschlie\u00dflich f\u00fcr Erwachsene konzipiert wurde.\" \/>\n<meta property=\"og:url\" content=\"https:\/\/www.athenaroyal-cbh.com\/de\/nur-erwachsene-urlaub\/\" \/>\n<meta property=\"og:site_name\" content=\"\u0391thena Royal Beach Hotel\" \/>\n<meta property=\"article:modified_time\" content=\"2024-09-26T09:13:25+00:00\" \/>\n<meta property=\"og:image\" content=\"https:\/\/www.athenaroyal-cbh.com\/app\/uploads\/sites\/32\/2022\/07\/13-ATHENA-ROYAL-BEACH-HOTEL-SUNSET-e1658143051129.jpg\" \/>\n\t<meta property=\"og:image:width\" content=\"7718\" \/>\n\t<meta property=\"og:image:height\" content=\"5145\" \/>\n\t<meta property=\"og:image:type\" content=\"image\/jpeg\" \/>\n<meta name=\"twitter:card\" content=\"summary_large_image\" \/>\n<meta name=\"twitter:label1\" content=\"Gesch\u00e4tzte Lesezeit\" \/>\n\t<meta name=\"twitter:data1\" content=\"1\u00a0Minute\" \/>\n<script type=\"application\/ld+json\" class=\"yoast-schema-graph\">{\"@context\":\"https:\\\/\\\/schema.org\",\"@graph\":[{\"@type\":\"WebPage\",\"@id\":\"https:\\\/\\\/www.athenaroyal-cbh.com\\\/de\\\/nur-erwachsene-urlaub\\\/\",\"url\":\"https:\\\/\\\/www.athenaroyal-cbh.com\\\/de\\\/nur-erwachsene-urlaub\\\/\",\"name\":\"Urlaub nur f\u00fcr Erwachsene - \u0391thena Royal Beach Hotel\",\"isPartOf\":{\"@id\":\"https:\\\/\\\/www.athenaroyal-cbh.com\\\/de\\\/#website\"},\"primaryImageOfPage\":{\"@id\":\"https:\\\/\\\/www.athenaroyal-cbh.com\\\/de\\\/nur-erwachsene-urlaub\\\/#primaryimage\"},\"image\":{\"@id\":\"https:\\\/\\\/www.athenaroyal-cbh.com\\\/de\\\/nur-erwachsene-urlaub\\\/#primaryimage\"},\"thumbnailUrl\":\"https:\\\/\\\/www.athenaroyal-cbh.com\\\/app\\\/uploads\\\/sites\\\/32\\\/2022\\\/07\\\/13-ATHENA-ROYAL-BEACH-HOTEL-SUNSET-e1658143051129.jpg\",\"datePublished\":\"2022-07-04T12:56:03+00:00\",\"dateModified\":\"2024-09-26T09:13:25+00:00\",\"description\":\"Das Athena Royal Beach Hotel von Constantinou Bros Hotels ist ein wirklich entspannendes und ruhiges Hotel, das ausschlie\u00dflich f\u00fcr Erwachsene konzipiert wurde.\",\"breadcrumb\":{\"@id\":\"https:\\\/\\\/www.athenaroyal-cbh.com\\\/de\\\/nur-erwachsene-urlaub\\\/#breadcrumb\"},\"inLanguage\":\"de\",\"potentialAction\":[{\"@type\":\"ReadAction\",\"target\":[\"https:\\\/\\\/www.athenaroyal-cbh.com\\\/de\\\/nur-erwachsene-urlaub\\\/\"]}]},{\"@type\":\"ImageObject\",\"inLanguage\":\"de\",\"@id\":\"https:\\\/\\\/www.athenaroyal-cbh.com\\\/de\\\/nur-erwachsene-urlaub\\\/#primaryimage\",\"url\":\"https:\\\/\\\/www.athenaroyal-cbh.com\\\/app\\\/uploads\\\/sites\\\/32\\\/2022\\\/07\\\/13-ATHENA-ROYAL-BEACH-HOTEL-SUNSET-e1658143051129.jpg\",\"contentUrl\":\"https:\\\/\\\/www.athenaroyal-cbh.com\\\/app\\\/uploads\\\/sites\\\/32\\\/2022\\\/07\\\/13-ATHENA-ROYAL-BEACH-HOTEL-SUNSET-e1658143051129.jpg\",\"width\":7718,\"height\":5145},{\"@type\":\"BreadcrumbList\",\"@id\":\"https:\\\/\\\/www.athenaroyal-cbh.com\\\/de\\\/nur-erwachsene-urlaub\\\/#breadcrumb\",\"itemListElement\":[{\"@type\":\"ListItem\",\"position\":1,\"name\":\"Home\",\"item\":\"https:\\\/\\\/www.athenaroyal-cbh.com\\\/de\\\/\"},{\"@type\":\"ListItem\",\"position\":2,\"name\":\"Urlaub nur f\u00fcr Erwachsene\"}]},{\"@type\":\"WebSite\",\"@id\":\"https:\\\/\\\/www.athenaroyal-cbh.com\\\/de\\\/#website\",\"url\":\"https:\\\/\\\/www.athenaroyal-cbh.com\\\/de\\\/\",\"name\":\"\u0391thena Royal Beach Hotel\",\"description\":\"Constantinou Bros Athena Royal Hotel, 4 star hotel in Paphos Cyprus\",\"potentialAction\":[{\"@type\":\"SearchAction\",\"target\":{\"@type\":\"EntryPoint\",\"urlTemplate\":\"https:\\\/\\\/www.athenaroyal-cbh.com\\\/de\\\/?s={search_term_string}\"},\"query-input\":{\"@type\":\"PropertyValueSpecification\",\"valueRequired\":true,\"valueName\":\"search_term_string\"}}],\"inLanguage\":\"de\"}]}<\/script>\n<!-- \/ Yoast SEO plugin. -->","yoast_head_json":{"title":"Urlaub nur f\u00fcr Erwachsene - \u0391thena Royal Beach Hotel","description":"Das Athena Royal Beach Hotel von Constantinou Bros Hotels ist ein wirklich entspannendes und ruhiges Hotel, das ausschlie\u00dflich f\u00fcr Erwachsene konzipiert wurde.","robots":{"index":"index","follow":"follow","max-snippet":"max-snippet:-1","max-image-preview":"max-image-preview:large","max-video-preview":"max-video-preview:-1"},"canonical":"https:\/\/www.athenaroyal-cbh.com\/de\/nur-erwachsene-urlaub\/","og_locale":"de_DE","og_type":"article","og_title":"Urlaub nur f\u00fcr Erwachsene - \u0391thena Royal Beach Hotel","og_description":"Das Athena Royal Beach Hotel von Constantinou Bros Hotels ist ein wirklich entspannendes und ruhiges Hotel, das ausschlie\u00dflich f\u00fcr Erwachsene konzipiert wurde.","og_url":"https:\/\/www.athenaroyal-cbh.com\/de\/nur-erwachsene-urlaub\/","og_site_name":"\u0391thena Royal Beach Hotel","article_modified_time":"2024-09-26T09:13:25+00:00","og_image":[{"width":7718,"height":5145,"url":"https:\/\/www.athenaroyal-cbh.com\/app\/uploads\/sites\/32\/2022\/07\/13-ATHENA-ROYAL-BEACH-HOTEL-SUNSET-e1658143051129.jpg","type":"image\/jpeg"}],"twitter_card":"summary_large_image","twitter_misc":{"Gesch\u00e4tzte Lesezeit":"1\u00a0Minute"},"schema":{"@context":"https:\/\/schema.org","@graph":[{"@type":"WebPage","@id":"https:\/\/www.athenaroyal-cbh.com\/de\/nur-erwachsene-urlaub\/","url":"https:\/\/www.athenaroyal-cbh.com\/de\/nur-erwachsene-urlaub\/","name":"Urlaub nur f\u00fcr Erwachsene - \u0391thena Royal Beach Hotel","isPartOf":{"@id":"https:\/\/www.athenaroyal-cbh.com\/de\/#website"},"primaryImageOfPage":{"@id":"https:\/\/www.athenaroyal-cbh.com\/de\/nur-erwachsene-urlaub\/#primaryimage"},"image":{"@id":"https:\/\/www.athenaroyal-cbh.com\/de\/nur-erwachsene-urlaub\/#primaryimage"},"thumbnailUrl":"https:\/\/www.athenaroyal-cbh.com\/app\/uploads\/sites\/32\/2022\/07\/13-ATHENA-ROYAL-BEACH-HOTEL-SUNSET-e1658143051129.jpg","datePublished":"2022-07-04T12:56:03+00:00","dateModified":"2024-09-26T09:13:25+00:00","description":"Das Athena Royal Beach Hotel von Constantinou Bros Hotels ist ein wirklich entspannendes und ruhiges Hotel, das ausschlie\u00dflich f\u00fcr Erwachsene konzipiert wurde.","breadcrumb":{"@id":"https:\/\/www.athenaroyal-cbh.com\/de\/nur-erwachsene-urlaub\/#breadcrumb"},"inLanguage":"de","potentialAction":[{"@type":"ReadAction","target":["https:\/\/www.athenaroyal-cbh.com\/de\/nur-erwachsene-urlaub\/"]}]},{"@type":"ImageObject","inLanguage":"de","@id":"https:\/\/www.athenaroyal-cbh.com\/de\/nur-erwachsene-urlaub\/#primaryimage","url":"https:\/\/www.athenaroyal-cbh.com\/app\/uploads\/sites\/32\/2022\/07\/13-ATHENA-ROYAL-BEACH-HOTEL-SUNSET-e1658143051129.jpg","contentUrl":"https:\/\/www.athenaroyal-cbh.com\/app\/uploads\/sites\/32\/2022\/07\/13-ATHENA-ROYAL-BEACH-HOTEL-SUNSET-e1658143051129.jpg","width":7718,"height":5145},{"@type":"BreadcrumbList","@id":"https:\/\/www.athenaroyal-cbh.com\/de\/nur-erwachsene-urlaub\/#breadcrumb","itemListElement":[{"@type":"ListItem","position":1,"name":"Home","item":"https:\/\/www.athenaroyal-cbh.com\/de\/"},{"@type":"ListItem","position":2,"name":"Urlaub nur f\u00fcr Erwachsene"}]},{"@type":"WebSite","@id":"https:\/\/www.athenaroyal-cbh.com\/de\/#website","url":"https:\/\/www.athenaroyal-cbh.com\/de\/","name":"\u0391thena Royal Beach Hotel","description":"Constantinou Bros Athena Royal Hotel, 4 star hotel in Paphos Cyprus","potentialAction":[{"@type":"SearchAction","target":{"@type":"EntryPoint","urlTemplate":"https:\/\/www.athenaroyal-cbh.com\/de\/?s={search_term_string}"},"query-input":{"@type":"PropertyValueSpecification","valueRequired":true,"valueName":"search_term_string"}}],"inLanguage":"de"}]}},"_links":{"self":[{"href":"https:\/\/www.athenaroyal-cbh.com\/de\/wp-json\/wp\/v2\/pages\/12023","targetHints":{"allow":["GET"]}}],"collection":[{"href":"https:\/\/www.athenaroyal-cbh.com\/de\/wp-json\/wp\/v2\/pages"}],"about":[{"href":"https:\/\/www.athenaroyal-cbh.com\/de\/wp-json\/wp\/v2\/types\/page"}],"author":[{"embeddable":true,"href":"https:\/\/www.athenaroyal-cbh.com\/de\/wp-json\/wp\/v2\/users\/100"}],"replies":[{"embeddable":true,"href":"https:\/\/www.athenaroyal-cbh.com\/de\/wp-json\/wp\/v2\/comments?post=12023"}],"version-history":[{"count":10,"href":"https:\/\/www.athenaroyal-cbh.com\/de\/wp-json\/wp\/v2\/pages\/12023\/revisions"}],"predecessor-version":[{"id":23827,"href":"https:\/\/www.athenaroyal-cbh.com\/de\/wp-json\/wp\/v2\/pages\/12023\/revisions\/23827"}],"wp:featuredmedia":[{"embeddable":true,"href":"https:\/\/www.athenaroyal-cbh.com\/de\/wp-json\/wp\/v2\/media\/11986"}],"wp:attachment":[{"href":"https:\/\/www.athenaroyal-cbh.com\/de\/wp-json\/wp\/v2\/media?parent=12023"}],"curies":[{"name":"wp","href":"https:\/\/api.w.org\/{rel}","templated":true}]}}